{"id":72305,"date":"2019-12-17T15:12:53","date_gmt":"2019-12-17T14:12:53","guid":{"rendered":"https:\/\/zenkit.com\/suite\/soluciones\/team-wiki\/"},"modified":"2025-11-03T08:13:15","modified_gmt":"2025-11-03T07:13:15","slug":"team-wiki","status":"publish","type":"page","link":"https:\/\/zenkit.com\/es\/soluciones\/team-wiki\/","title":{"rendered":"Publish a Team Wiki"},"content":{"rendered":"\n<div class=\"wp-block-group has-global-padding is-layout-constrained wp-block-group-is-layout-constrained\">\n<div class=\"wp-block-group width--950 has-global-padding is-layout-constrained wp-block-group-is-layout-constrained\">\n<div style=\"height:45px;--tablet-height:45px;--mobile-height:16px\" class=\"wp-block-lookeen-blocks-responsive-spacer\"><\/div>\n\n\n\n<div class=\"wp-block-group has-global-padding is-layout-constrained wp-block-group-is-layout-constrained\">\n<h1 class=\"wp-block-heading has-text-align-center\" style=\"margin-bottom:8px\">Wiki View<\/h1>\n<\/div>\n\n\n\n<div class=\"wp-block-group has-global-padding is-layout-constrained wp-block-group-is-layout-constrained\">\n<p class=\"has-text-align-center subheading\">Un wiki colaborativo y rico en funciones para equipos y organizaciones<\/p>\n<\/div>\n\n\n\n<div style=\"height:48px;--tablet-height:36px;--mobile-height:24px\" class=\"wp-block-lookeen-blocks-responsive-spacer\"><\/div>\n\n\n\n<div class=\"wp-block-group has-global-padding is-layout-constrained wp-block-group-is-layout-constrained\">\n<p class=\"has-text-align-center\">La vista wiki de Zenkit le permite crear y publicar de forma r\u00e1pida e intuitiva p\u00e1ginas wiki hermosas y ricas en contenido. Use Zenkit como un sistema de administraci\u00f3n de contenido para crear un wiki de equipo interno o para publicar su propio sitio wiki p\u00fablico.<\/p>\n<\/div>\n<\/div>\n\n\n\n<div style=\"height:88px;--tablet-height:72px;--mobile-height:40px\" class=\"wp-block-lookeen-blocks-responsive-spacer\"><\/div>\n<\/div>\n\n\n\n<div class=\"wp-block-group three-column-grid has-global-padding is-layout-constrained wp-block-group-is-layout-constrained\">\n<div class=\"wp-block-group is-style-da-box-shadow has-global-padding is-layout-constrained wp-container-core-group-is-layout-81115059 wp-block-group-is-layout-constrained\" style=\"border-radius:20px;padding-top:25px;padding-right:25px;padding-bottom:25px;padding-left:25px\">\n<figure class=\"wp-block-image aligncenter size-full is-resized\"><img loading=\"lazy\" decoding=\"async\" width=\"150\" height=\"150\" src=\"https:\/\/zenkit.com\/wp-content\/uploads\/2019\/12\/everything-in-one-place-2.png\" alt=\"Todo en un mismo lugar\" class=\"wp-image-35095\" style=\"width:150px\"\/><\/figure>\n\n\n\n<h3 class=\"wp-block-heading has-text-align-center\">Todo en un mismo lugar<\/h3>\n\n\n\n<p class=\"has-text-align-center\">\u00a1Cree, edite y publique su wiki desde la misma herramienta que usa para administrar todo lo dem\u00e1s! Organice su wiki, proyectos, procesos, documentos, equipo y m\u00e1s con una sola aplicaci\u00f3n.<\/p>\n<\/div>\n\n\n\n<div class=\"wp-block-group is-style-da-box-shadow has-global-padding is-layout-constrained wp-container-core-group-is-layout-81115059 wp-block-group-is-layout-constrained\" style=\"border-radius:20px;padding-top:25px;padding-right:25px;padding-bottom:25px;padding-left:25px\">\n<figure class=\"wp-block-image aligncenter size-full is-resized\"><img loading=\"lazy\" decoding=\"async\" width=\"150\" height=\"150\" src=\"https:\/\/zenkit.com\/wp-content\/uploads\/2019\/12\/create-beautiful-wikis-2.png\" alt=\"Cree hermosos wikis\" class=\"wp-image-35145\" style=\"width:150px\"\/><\/figure>\n\n\n\n<h3 class=\"wp-block-heading has-text-align-center\">Cree hermosos wikis<\/h3>\n\n\n\n<p class=\"has-text-align-center\">Agregue im\u00e1genes, incrustaciones, fragmentos de c\u00f3digo, proyectos, elementos y m\u00e1s. Use HTML o Markdown para una publicaci\u00f3n r\u00e1pida y precisa.<\/p>\n<\/div>\n\n\n\n<div class=\"wp-block-group is-style-da-box-shadow has-global-padding is-layout-constrained wp-container-core-group-is-layout-81115059 wp-block-group-is-layout-constrained\" style=\"border-radius:20px;padding-top:25px;padding-right:25px;padding-bottom:25px;padding-left:25px\">\n<figure class=\"wp-block-image aligncenter size-full is-resized\"><img loading=\"lazy\" decoding=\"async\" width=\"150\" height=\"150\" src=\"https:\/\/zenkit.com\/wp-content\/uploads\/2019\/12\/collaborate-with-your-team-2-1.png\" alt=\"Colabore con su equipo\" class=\"wp-image-35155\" style=\"width:150px\"\/><\/figure>\n\n\n\n<h3 class=\"wp-block-heading has-text-align-center\">Colabore con su equipo<\/h3>\n\n\n\n<p class=\"has-text-align-center\">Invite a los miembros de su equipo a colaborar con usted en tiempo real. Establezca derechos de acceso para controlar exactamente cu\u00e1nto puede modificar alguien el contenido.<\/p>\n<\/div>\n\n\n\n<div class=\"wp-block-group is-style-da-box-shadow has-global-padding is-layout-constrained wp-container-core-group-is-layout-81115059 wp-block-group-is-layout-constrained\" style=\"border-radius:20px;padding-top:25px;padding-right:25px;padding-bottom:25px;padding-left:25px\">\n<figure class=\"wp-block-image aligncenter size-full is-resized\"><img loading=\"lazy\" decoding=\"async\" width=\"150\" height=\"150\" src=\"https:\/\/zenkit.com\/wp-content\/uploads\/2019\/12\/find-anything-in-moments-2.png\" alt=\"Encuentre cualquier cosa en momentos\" class=\"wp-image-35105\" style=\"width:150px\"\/><\/figure>\n\n\n\n<h3 class=\"wp-block-heading has-text-align-center\">Encuentre cualquier cosa en momentos<\/h3>\n\n\n\n<p class=\"has-text-align-center\">Utilice los potentes filtros de Zenkit para permitir a los lectores encontrar cualquier art\u00edculo wiki en momentos. \u00a1Filtrar por etiqueta, tema, fecha de publicaci\u00f3n, autor y m\u00e1s!<\/p>\n<\/div>\n\n\n\n<div class=\"wp-block-group is-style-da-box-shadow has-global-padding is-layout-constrained wp-container-core-group-is-layout-81115059 wp-block-group-is-layout-constrained\" style=\"border-radius:20px;padding-top:25px;padding-right:25px;padding-bottom:25px;padding-left:25px\">\n<figure class=\"wp-block-image aligncenter size-full is-resized\"><img loading=\"lazy\" decoding=\"async\" width=\"150\" height=\"150\" src=\"https:\/\/zenkit.com\/wp-content\/uploads\/2019\/12\/work-in-any-view-2.png\" alt=\"Trabaje con cualquier view\" class=\"wp-image-35115\" style=\"width:150px\"\/><\/figure>\n\n\n\n<h3 class=\"wp-block-heading has-text-align-center\">Trabaje con cualquier view<\/h3>\n\n\n\n<p class=\"has-text-align-center\">Use un mapa mental para obtener una visi\u00f3n general de su wiki, cambie f\u00e1cilmente c\u00f3mo est\u00e1 estructurado el wiki, realice un seguimiento del progreso del art\u00edculo en kanban, establezca fechas de publicaci\u00f3n en el calendario y m\u00e1s.<\/p>\n<\/div>\n\n\n\n<div class=\"wp-block-group is-style-da-box-shadow has-global-padding is-layout-constrained wp-container-core-group-is-layout-81115059 wp-block-group-is-layout-constrained\" style=\"border-radius:20px;padding-top:25px;padding-right:25px;padding-bottom:25px;padding-left:25px\">\n<figure class=\"wp-block-image aligncenter size-full is-resized\"><img loading=\"lazy\" decoding=\"async\" width=\"150\" height=\"150\" src=\"https:\/\/zenkit.com\/wp-content\/uploads\/2019\/12\/an-easy-to-use-diy-solution-2.png\" alt=\"Una soluci\u00f3n de bricolaje f\u00e1cil de usar\" class=\"wp-image-35125\" style=\"width:150px\"\/><\/figure>\n\n\n\n<h3 class=\"wp-block-heading has-text-align-center\">Una soluci\u00f3n de bricolaje f\u00e1cil de usar<\/h3>\n\n\n\n<p class=\"has-text-align-center\">No se necesita experiencia en codificaci\u00f3n ni permisos especiales. Utilice una estructura integrada y modificable basada en etiquetas, jerarqu\u00edas y campos de miembros existentes.<\/p>\n<\/div>\n<\/div>\n\n\n\n<div style=\"height:88px;--tablet-height:72px;--mobile-height:40px\" class=\"wp-block-lookeen-blocks-responsive-spacer\"><\/div>\n\n\n\n<div class=\"wp-block-group has-global-padding is-layout-constrained wp-block-group-is-layout-constrained\">\n<h2 class=\"wp-block-heading has-text-align-center\"><strong>\u00bfPor qu\u00e9 crear un Wiki interno?<\/strong><\/h2>\n\n\n\n<p class=\"has-text-align-center\">Los wikis internos (o wikis de equipo) pueden ser una forma extremadamente \u00fatil de recopilar, colaborar, retener y distribuir el conocimiento de la empresa. Comparta documentaci\u00f3n interna para cualquier cosa, desde pol\u00edticas y procesos de la empresa hasta proyectos, productos, listas de verificaci\u00f3n y m\u00e1s. Ya sea que lo use como un tabl\u00f3n de anuncios o como una base de conocimiento general, los wikis pueden ayudar a todos, desde los nuevos empleados hasta los veteranos, a comprender mejor y comprometerse con una organizaci\u00f3n. As\u00ed es como los wikis pueden ayudar:<\/p>\n\n\n\n<div style=\"height:48px;--tablet-height:36px;--mobile-height:24px\" class=\"wp-block-lookeen-blocks-responsive-spacer\"><\/div>\n\n\n\n<div class=\"wp-block-group three-column-grid has-global-padding is-layout-constrained wp-block-group-is-layout-constrained\">\n<div class=\"wp-block-group is-style-da-box-shadow has-global-padding is-layout-constrained wp-container-core-group-is-layout-edcd9cee wp-block-group-is-layout-constrained\" style=\"border-radius:20px;padding-top:30px;padding-right:30px;padding-bottom:30px;padding-left:30px\">\n<h3 class=\"wp-block-heading has-text-align-center\">Incorporar nuevos miembros del equipo<\/h3>\n<\/div>\n\n\n\n<div class=\"wp-block-group is-style-da-box-shadow has-global-padding is-layout-constrained wp-container-core-group-is-layout-edcd9cee wp-block-group-is-layout-constrained\" style=\"border-radius:20px;padding-top:30px;padding-right:30px;padding-bottom:30px;padding-left:30px\">\n<h3 class=\"wp-block-heading has-text-align-center\">Recopile y retenga el conocimiento de los empleados a largo plazo<\/h3>\n<\/div>\n\n\n\n<div class=\"wp-block-group is-style-da-box-shadow has-global-padding is-layout-constrained wp-container-core-group-is-layout-edcd9cee wp-block-group-is-layout-constrained\" style=\"border-radius:20px;padding-top:30px;padding-right:30px;padding-bottom:30px;padding-left:30px\">\n<h3 class=\"wp-block-heading has-text-align-center\">Distribuir pol\u00edticas de la empresa<\/h3>\n<\/div>\n\n\n\n<div class=\"wp-block-group is-style-da-box-shadow has-global-padding is-layout-constrained wp-container-core-group-is-layout-edcd9cee wp-block-group-is-layout-constrained\" style=\"border-radius:20px;padding-top:30px;padding-right:30px;padding-bottom:30px;padding-left:30px\">\n<h3 class=\"wp-block-heading has-text-align-center\">Mejorar las comunicaciones internas<\/h3>\n<\/div>\n\n\n\n<div class=\"wp-block-group is-style-da-box-shadow has-global-padding is-layout-constrained wp-container-core-group-is-layout-edcd9cee wp-block-group-is-layout-constrained\" style=\"border-radius:20px;padding-top:30px;padding-right:30px;padding-bottom:30px;padding-left:30px\">\n<h3 class=\"wp-block-heading has-text-align-center\">Compartir pautas de marca y material de dise\u00f1o.<\/h3>\n<\/div>\n\n\n\n<div class=\"wp-block-group is-style-da-box-shadow has-global-padding is-layout-constrained wp-container-core-group-is-layout-edcd9cee wp-block-group-is-layout-constrained\" style=\"border-radius:20px;padding-top:30px;padding-right:30px;padding-bottom:30px;padding-left:30px\">\n<h3 class=\"wp-block-heading has-text-align-center\">Publique gu\u00edas pr\u00e1cticas y documentos de capacitaci\u00f3n<\/h3>\n<\/div>\n\n\n\n<div class=\"wp-block-group is-style-da-box-shadow has-global-padding is-layout-constrained wp-container-core-group-is-layout-edcd9cee wp-block-group-is-layout-constrained\" style=\"border-radius:20px;padding-top:30px;padding-right:30px;padding-bottom:30px;padding-left:30px\">\n<h3 class=\"wp-block-heading has-text-align-center\">Crear un tabl\u00f3n de anuncios de la empresa<\/h3>\n<\/div>\n\n\n\n<div class=\"wp-block-group is-style-da-box-shadow has-global-padding is-layout-constrained wp-container-core-group-is-layout-edcd9cee wp-block-group-is-layout-constrained\" style=\"border-radius:20px;padding-top:30px;padding-right:30px;padding-bottom:30px;padding-left:30px\">\n<h3 class=\"wp-block-heading has-text-align-center\">\u00a1Y m\u00e1s!<\/h3>\n<\/div>\n<\/div>\n\n\n\n<div style=\"height:88px;--tablet-height:72px;--mobile-height:40px\" class=\"wp-block-lookeen-blocks-responsive-spacer\"><\/div>\n<\/div>\n\n\n\n<div class=\"wp-block-group has-da-blue-light-background-color has-background has-global-padding is-layout-constrained wp-container-core-group-is-layout-7cc94c3e wp-block-group-is-layout-constrained\">\n<div style=\"height:88px;--tablet-height:72px;--mobile-height:40px\" class=\"wp-block-lookeen-blocks-responsive-spacer\"><\/div>\n\n\n\n<div class=\"wp-block-group has-global-padding is-layout-constrained wp-block-group-is-layout-constrained\">\n<h2 class=\"wp-block-heading has-text-align-center\" style=\"margin-bottom:8px;font-style:normal;font-weight:700\">\u00a1Comience ahora!<\/h2>\n\n\n\n<p class=\"has-text-align-center has-da-grey-2-color has-text-color has-link-color wp-elements-b26b2674594ebcf2263b50c79c547f1f\">Reg\u00edstrese para obtener una cuenta gratuita de Zenkit para crear su wiki ahora.<\/p>\n<\/div>\n\n\n\n<div style=\"height:48px;--tablet-height:36px;--mobile-height:24px\" class=\"wp-block-lookeen-blocks-responsive-spacer\"><\/div>\n\n\n\n<div class=\"wp-block-buttons is-content-justification-center is-layout-flex wp-container-core-buttons-is-layout-f78c5dac wp-block-buttons-is-layout-flex\" style=\"margin-top:0px;margin-bottom:0px\">\n<div class=\"wp-block-button\"><a class=\"wp-block-button__link wp-element-button\" href=\"https:\/\/app.zenkit.com\/register\/\" target=\"_blank\" rel=\"noreferrer noopener\">Create my wiki<\/a><\/div>\n<\/div>\n\n\n\n<div style=\"height:88px;--tablet-height:72px;--mobile-height:40px\" class=\"wp-block-lookeen-blocks-responsive-spacer\"><\/div>\n<\/div>\n\n\n\n<div class=\"wp-block-group has-global-padding is-layout-constrained wp-container-core-group-is-layout-7cc94c3e wp-block-group-is-layout-constrained\">\n<div style=\"height:88px;--tablet-height:72px;--mobile-height:40px\" class=\"wp-block-lookeen-blocks-responsive-spacer\"><\/div>\n\n\n\n<div class=\"wp-block-group has-global-padding is-layout-constrained wp-block-group-is-layout-constrained\">\n<p class=\"has-text-align-center\">No importa c\u00f3mo planee usarlo, Zenkit proporciona el punto de partida perfecto para cualquier tipo de wiki que elija.<\/p>\n\n\n\n<p class=\"has-text-align-center has-da-grey-2-color has-text-color has-link-color wp-elements-25fc26848e0d07add39d636f7159b1d4\"><a href=\"https:\/\/zenkit.com\/documentation#\/lists\/HJQBQ1Hw\/sections\/ByG-c9G0\/entries\/1z7lfd1Q1?_k=cfohg6\">Para saber m\u00e1s de la Wiki View de Zenkit<\/a><\/p>\n<\/div>\n\n\n\n<div style=\"height:48px;--tablet-height:36px;--mobile-height:24px\" class=\"wp-block-lookeen-blocks-responsive-spacer\"><\/div>\n\n\n\n<div class=\"wp-block-group is-style-da-box-shadow has-global-padding is-layout-constrained wp-container-core-group-is-layout-2d0b482a wp-block-group-is-layout-constrained has-background\" style=\"border-radius:20px;padding-top:40px;padding-right:25px;padding-bottom:40px;padding-left:25px;background-image:url(&#039;https:\/\/zenkit.com\/wp-content\/uploads\/2025\/09\/bg-suite-left.svg&#039;);background-size:cover;\">\n<h2 class=\"wp-block-heading has-text-align-center\">Utilice Zenkit Donde Trabaje<\/h2>\n\n\n\n<p class=\"has-text-align-center\">Utilice Zenkit en su buscador o descargue nuestra aplicaci\u00f3n para ordenador y tel\u00e9fonos m\u00f3viles.<\/p>\n\n\n\n<figure class=\"wp-block-image aligncenter size-full\"><img loading=\"lazy\" decoding=\"async\" width=\"636\" height=\"110\" src=\"https:\/\/zenkit.com\/wp-content\/uploads\/2021\/01\/app-downloads-1.png\" alt=\"\" class=\"wp-image-55591\" srcset=\"https:\/\/zenkit.com\/wp-content\/uploads\/2021\/01\/app-downloads-1.png 636w, https:\/\/zenkit.com\/wp-content\/uploads\/2021\/01\/app-downloads-1-300x52.png 300w\" sizes=\"auto, (max-width: 636px) 100vw, 636px\" \/><\/figure>\n\n\n\n<div style=\"height:48px;--tablet-height:36px;--mobile-height:24px\" class=\"wp-block-lookeen-blocks-responsive-spacer\"><\/div>\n\n\n\n<p class=\"has-text-align-center\"><a href=\"https:\/\/zenkit.com\/es\/plataformas\/\" data-type=\"page\" data-id=\"132077\">Obtenga las Aplicaciones de Zenkit<\/a><\/p>\n<\/div>\n<\/div>\n\n\n\n<div class=\"wp-block-group has-global-padding is-layout-constrained wp-container-core-group-is-layout-7cc94c3e wp-block-group-is-layout-constrained\">\n<div style=\"height:88px;--tablet-height:72px;--mobile-height:40px\" class=\"wp-block-lookeen-blocks-responsive-spacer\"><\/div>\n<\/div>\n\n\n\n<div style=\"height:110px;--tablet-height:60px;--mobile-height:48px\" class=\"wp-block-lookeen-blocks-responsive-spacer\"><\/div>\n","protected":false},"excerpt":{"rendered":"<p>Wiki View Un wiki colaborativo y rico en funciones para equipos y organizaciones La vista wiki de Zenkit le permite crear y publicar de forma r\u00e1pida e intuitiva p\u00e1ginas wiki hermosas y ricas en contenido. Use Zenkit como un sistema de administraci\u00f3n de contenido para crear un wiki de equipo interno o para publicar su [&hellip;]<\/p>\n","protected":false},"author":30,"featured_media":0,"parent":125974,"menu_order":2,"comment_status":"closed","ping_status":"closed","template":"","meta":{"yasr_overall_rating":0,"yasr_post_is_review":"","yasr_auto_insert_disabled":"","yasr_review_type":"","footnotes":""},"class_list":["post-72305","page","type-page","status-publish","hentry"],"yoast_head":"<!-- This site is optimized with the Yoast SEO plugin v27.4 - https:\/\/yoast.com\/product\/yoast-seo-wordpress\/ -->\n<title>Publish a Team Wiki | Zenkit<\/title>\n<meta name=\"description\" content=\"Use Zenkit&#039;s wiki view to create a beautiful, flexible wiki in minutes. Quickly create and publish a team wiki, public page, and more!\" \/>\n<meta name=\"robots\" content=\"index, follow, max-snippet:-1, max-image-preview:large, max-video-preview:-1\" \/>\n<link rel=\"canonical\" href=\"https:\/\/zenkit.com\/es\/soluciones\/team-wiki\/\" \/>\n<meta property=\"og:locale\" content=\"es_ES\" \/>\n<meta property=\"og:type\" content=\"article\" \/>\n<meta property=\"og:title\" content=\"Publish a Team Wiki | Zenkit\" \/>\n<meta property=\"og:description\" content=\"Use Zenkit&#039;s wiki view to create a beautiful, flexible wiki in minutes. Quickly create and publish a team wiki, public page, and more!\" \/>\n<meta property=\"og:url\" content=\"https:\/\/zenkit.com\/es\/soluciones\/team-wiki\/\" \/>\n<meta property=\"og:site_name\" content=\"Zenkit\" \/>\n<meta property=\"article:publisher\" content=\"https:\/\/www.facebook.com\/ZenkitHQ\" \/>\n<meta property=\"article:modified_time\" content=\"2025-11-03T07:13:15+00:00\" \/>\n<meta property=\"og:image\" content=\"https:\/\/zenkit.com\/wp-content\/uploads\/2019\/12\/everything-in-one-place-2.png\" \/>\n<meta name=\"twitter:card\" content=\"summary_large_image\" \/>\n<meta name=\"twitter:site\" content=\"@ZenkitHQ\" \/>\n<script type=\"application\/ld+json\" class=\"yoast-schema-graph\">{\"@context\":\"https:\\\/\\\/schema.org\",\"@graph\":[{\"@type\":\"WebPage\",\"@id\":\"https:\\\/\\\/zenkit.com\\\/es\\\/soluciones\\\/team-wiki\\\/\",\"url\":\"https:\\\/\\\/zenkit.com\\\/es\\\/soluciones\\\/team-wiki\\\/\",\"name\":\"Publish a Team Wiki | Zenkit\",\"isPartOf\":{\"@id\":\"https:\\\/\\\/zenkit.com\\\/es\\\/#website\"},\"primaryImageOfPage\":{\"@id\":\"https:\\\/\\\/zenkit.com\\\/es\\\/soluciones\\\/team-wiki\\\/#primaryimage\"},\"image\":{\"@id\":\"https:\\\/\\\/zenkit.com\\\/es\\\/soluciones\\\/team-wiki\\\/#primaryimage\"},\"thumbnailUrl\":\"https:\\\/\\\/zenkit.com\\\/wp-content\\\/uploads\\\/2019\\\/12\\\/everything-in-one-place-2.png\",\"datePublished\":\"2019-12-17T14:12:53+00:00\",\"dateModified\":\"2025-11-03T07:13:15+00:00\",\"description\":\"Use Zenkit's wiki view to create a beautiful, flexible wiki in minutes. Quickly create and publish a team wiki, public page, and more!\",\"breadcrumb\":{\"@id\":\"https:\\\/\\\/zenkit.com\\\/es\\\/soluciones\\\/team-wiki\\\/#breadcrumb\"},\"inLanguage\":\"es\",\"potentialAction\":[{\"@type\":\"ReadAction\",\"target\":[\"https:\\\/\\\/zenkit.com\\\/es\\\/soluciones\\\/team-wiki\\\/\"]}]},{\"@type\":\"ImageObject\",\"inLanguage\":\"es\",\"@id\":\"https:\\\/\\\/zenkit.com\\\/es\\\/soluciones\\\/team-wiki\\\/#primaryimage\",\"url\":\"https:\\\/\\\/zenkit.com\\\/wp-content\\\/uploads\\\/2019\\\/12\\\/everything-in-one-place-2.png\",\"contentUrl\":\"https:\\\/\\\/zenkit.com\\\/wp-content\\\/uploads\\\/2019\\\/12\\\/everything-in-one-place-2.png\"},{\"@type\":\"BreadcrumbList\",\"@id\":\"https:\\\/\\\/zenkit.com\\\/es\\\/soluciones\\\/team-wiki\\\/#breadcrumb\",\"itemListElement\":[{\"@type\":\"ListItem\",\"position\":1,\"name\":\"Home\",\"item\":\"https:\\\/\\\/zenkit.com\\\/es\\\/\"},{\"@type\":\"ListItem\",\"position\":2,\"name\":\"soluciones\",\"item\":\"https:\\\/\\\/zenkit.com\\\/es\\\/soluciones\\\/\"},{\"@type\":\"ListItem\",\"position\":3,\"name\":\"Publish a Team Wiki\"}]},{\"@type\":\"WebSite\",\"@id\":\"https:\\\/\\\/zenkit.com\\\/es\\\/#website\",\"url\":\"https:\\\/\\\/zenkit.com\\\/es\\\/\",\"name\":\"Zenkit\",\"description\":\"Zenkit Tagline\",\"potentialAction\":[{\"@type\":\"SearchAction\",\"target\":{\"@type\":\"EntryPoint\",\"urlTemplate\":\"https:\\\/\\\/zenkit.com\\\/es\\\/?s={search_term_string}\"},\"query-input\":{\"@type\":\"PropertyValueSpecification\",\"valueRequired\":true,\"valueName\":\"search_term_string\"}}],\"inLanguage\":\"es\"},false]}<\/script>\n<!-- \/ Yoast SEO plugin. -->","yoast_head_json":{"title":"Publish a Team Wiki | Zenkit","description":"Use Zenkit's wiki view to create a beautiful, flexible wiki in minutes. Quickly create and publish a team wiki, public page, and more!","robots":{"index":"index","follow":"follow","max-snippet":"max-snippet:-1","max-image-preview":"max-image-preview:large","max-video-preview":"max-video-preview:-1"},"canonical":"https:\/\/zenkit.com\/es\/soluciones\/team-wiki\/","og_locale":"es_ES","og_type":"article","og_title":"Publish a Team Wiki | Zenkit","og_description":"Use Zenkit's wiki view to create a beautiful, flexible wiki in minutes. Quickly create and publish a team wiki, public page, and more!","og_url":"https:\/\/zenkit.com\/es\/soluciones\/team-wiki\/","og_site_name":"Zenkit","article_publisher":"https:\/\/www.facebook.com\/ZenkitHQ","article_modified_time":"2025-11-03T07:13:15+00:00","og_image":[{"url":"https:\/\/zenkit.com\/wp-content\/uploads\/2019\/12\/everything-in-one-place-2.png","type":"","width":"","height":""}],"twitter_card":"summary_large_image","twitter_site":"@ZenkitHQ","schema":{"@context":"https:\/\/schema.org","@graph":[{"@type":"WebPage","@id":"https:\/\/zenkit.com\/es\/soluciones\/team-wiki\/","url":"https:\/\/zenkit.com\/es\/soluciones\/team-wiki\/","name":"Publish a Team Wiki | Zenkit","isPartOf":{"@id":"https:\/\/zenkit.com\/es\/#website"},"primaryImageOfPage":{"@id":"https:\/\/zenkit.com\/es\/soluciones\/team-wiki\/#primaryimage"},"image":{"@id":"https:\/\/zenkit.com\/es\/soluciones\/team-wiki\/#primaryimage"},"thumbnailUrl":"https:\/\/zenkit.com\/wp-content\/uploads\/2019\/12\/everything-in-one-place-2.png","datePublished":"2019-12-17T14:12:53+00:00","dateModified":"2025-11-03T07:13:15+00:00","description":"Use Zenkit's wiki view to create a beautiful, flexible wiki in minutes. Quickly create and publish a team wiki, public page, and more!","breadcrumb":{"@id":"https:\/\/zenkit.com\/es\/soluciones\/team-wiki\/#breadcrumb"},"inLanguage":"es","potentialAction":[{"@type":"ReadAction","target":["https:\/\/zenkit.com\/es\/soluciones\/team-wiki\/"]}]},{"@type":"ImageObject","inLanguage":"es","@id":"https:\/\/zenkit.com\/es\/soluciones\/team-wiki\/#primaryimage","url":"https:\/\/zenkit.com\/wp-content\/uploads\/2019\/12\/everything-in-one-place-2.png","contentUrl":"https:\/\/zenkit.com\/wp-content\/uploads\/2019\/12\/everything-in-one-place-2.png"},{"@type":"BreadcrumbList","@id":"https:\/\/zenkit.com\/es\/soluciones\/team-wiki\/#breadcrumb","itemListElement":[{"@type":"ListItem","position":1,"name":"Home","item":"https:\/\/zenkit.com\/es\/"},{"@type":"ListItem","position":2,"name":"soluciones","item":"https:\/\/zenkit.com\/es\/soluciones\/"},{"@type":"ListItem","position":3,"name":"Publish a Team Wiki"}]},{"@type":"WebSite","@id":"https:\/\/zenkit.com\/es\/#website","url":"https:\/\/zenkit.com\/es\/","name":"Zenkit","description":"Zenkit Tagline","potentialAction":[{"@type":"SearchAction","target":{"@type":"EntryPoint","urlTemplate":"https:\/\/zenkit.com\/es\/?s={search_term_string}"},"query-input":{"@type":"PropertyValueSpecification","valueRequired":true,"valueName":"search_term_string"}}],"inLanguage":"es"},false]}},"yasr_visitor_votes":{"stars_attributes":{"read_only":false,"span_bottom":false},"number_of_votes":0,"sum_votes":0},"_links":{"self":[{"href":"https:\/\/zenkit.com\/es\/wp-json\/wp\/v2\/pages\/72305","targetHints":{"allow":["GET"]}}],"collection":[{"href":"https:\/\/zenkit.com\/es\/wp-json\/wp\/v2\/pages"}],"about":[{"href":"https:\/\/zenkit.com\/es\/wp-json\/wp\/v2\/types\/page"}],"author":[{"embeddable":true,"href":"https:\/\/zenkit.com\/es\/wp-json\/wp\/v2\/users\/30"}],"replies":[{"embeddable":true,"href":"https:\/\/zenkit.com\/es\/wp-json\/wp\/v2\/comments?post=72305"}],"version-history":[{"count":2,"href":"https:\/\/zenkit.com\/es\/wp-json\/wp\/v2\/pages\/72305\/revisions"}],"predecessor-version":[{"id":138593,"href":"https:\/\/zenkit.com\/es\/wp-json\/wp\/v2\/pages\/72305\/revisions\/138593"}],"up":[{"embeddable":true,"href":"https:\/\/zenkit.com\/es\/wp-json\/wp\/v2\/pages\/125974"}],"wp:attachment":[{"href":"https:\/\/zenkit.com\/es\/wp-json\/wp\/v2\/media?parent=72305"}],"curies":[{"name":"wp","href":"https:\/\/api.w.org\/{rel}","templated":true}]}}