{"id":72311,"date":"2019-09-05T17:32:16","date_gmt":"2019-09-05T15:32:16","guid":{"rendered":"https:\/\/zenkit.com\/suite\/soluciones\/zenkit-for-education\/"},"modified":"2025-09-13T13:39:21","modified_gmt":"2025-09-13T11:39:21","slug":"zenkit-for-education","status":"publish","type":"page","link":"https:\/\/zenkit.com\/es\/zenkit-for-education\/","title":{"rendered":"Zenkit for Education"},"content":{"rendered":"\n<div class=\"wp-block-group page__header has-global-padding is-layout-constrained wp-block-group-is-layout-constrained\">\n<div class=\"wp-block-group width--950 has-global-padding is-layout-constrained wp-block-group-is-layout-constrained\">\n<div style=\"height:45px;--tablet-height:45px;--mobile-height:16px\" class=\"wp-block-lookeen-blocks-responsive-spacer\"><\/div>\n\n\n\n<div class=\"wp-block-group has-global-padding is-layout-constrained wp-block-group-is-layout-constrained\">\n<h1 class=\"wp-block-heading has-text-align-center\" style=\"margin-bottom:8px\">Zenkit para la Educaci\u00f3n<\/h1>\n<\/div>\n\n\n\n<div class=\"wp-block-group has-global-padding is-layout-constrained wp-block-group-is-layout-constrained\">\n<p class=\"has-text-align-center subheading\">La soluci\u00f3n de gesti\u00f3n de proyectos perfecta para universidades y escuelas<\/p>\n<\/div>\n\n\n\n<div style=\"height:48px;--tablet-height:36px;--mobile-height:24px\" class=\"wp-block-lookeen-blocks-responsive-spacer\"><\/div>\n\n\n\n<div class=\"wp-block-group has-global-padding is-layout-constrained wp-container-core-group-is-layout-2e8fcd29 wp-block-group-is-layout-constrained\" style=\"margin-bottom:8px\">\n<figure class=\"wp-block-image aligncenter size-full\"><img loading=\"lazy\" decoding=\"async\" width=\"500\" height=\"360\" src=\"https:\/\/zenkit.com\/wp-content\/uploads\/2025\/05\/Zenkit_Web_Growth360.webp\" alt=\"La soluci\u00f3n de gesti\u00f3n de proyectos perfecta para universidades y escuelas\" class=\"wp-image-112474\" srcset=\"https:\/\/zenkit.com\/wp-content\/uploads\/2025\/05\/Zenkit_Web_Growth360.webp 500w, https:\/\/zenkit.com\/wp-content\/uploads\/2025\/05\/Zenkit_Web_Growth360-300x216.webp 300w\" sizes=\"auto, (max-width: 500px) 100vw, 500px\" \/><\/figure>\n<\/div>\n<\/div>\n\n\n\n<div style=\"height:88px;--tablet-height:72px;--mobile-height:40px\" class=\"wp-block-lookeen-blocks-responsive-spacer\"><\/div>\n<\/div>\n\n\n\n<div class=\"wp-block-group page__header has-global-padding is-layout-constrained wp-block-group-is-layout-constrained\">\n<h2 class=\"wp-block-heading has-text-align-center\">Planifique su plan de estudios, haga un seguimiento de los estudiantes, programe cursos, administre eventos y m\u00e1s con Zenkit.<\/h2>\n\n\n\n<p class=\"has-text-align-center\">Utilice Zenkit como una plataforma para el aprendizaje en clases de cualquier tama\u00f1o: fomente el aprendizaje basado en proyectos, el trabajo colaborativo entre los estudiantes y el seguimiento visual de tareas. Zenkit es perfecto para las actividades en clase, as\u00ed como para el trabajo detr\u00e1s de escena, como la planificaci\u00f3n del plan de estudios y el plan de estudios, la organizaci\u00f3n de actividades y viajes extracurriculares y el seguimiento del progreso de los estudiantes.<\/p>\n\n\n\n<div style=\"height:48px;--tablet-height:36px;--mobile-height:24px\" class=\"wp-block-lookeen-blocks-responsive-spacer\"><\/div>\n\n\n\n<div class=\"wp-block-group solutions__grid has-global-padding is-layout-constrained wp-block-group-is-layout-constrained\">\n<div class=\"wp-block-group solutions__box pd-m-25-20 has-global-padding is-layout-constrained wp-container-core-group-is-layout-edcd9cee wp-block-group-is-layout-constrained\" style=\"border-radius:20px;padding-top:30px;padding-right:30px;padding-bottom:30px;padding-left:30px\">\n<h3 class=\"wp-block-heading has-text-align-center\">Una herramienta para todo lo que necesite<\/h3>\n\n\n\n<p class=\"has-text-align-center has-da-grey-1-color has-text-color has-link-color wp-elements-f7aad9b4f362c235b8af507c32e8c99f\">Explore ejemplos de c\u00f3mo las universidades y otros institutos de educaci\u00f3n terciaria est\u00e1n utilizando Zenkit para ejecutar todo, desde la administraci\u00f3n de estudiantes y ex alumnos hasta la programaci\u00f3n de cursos y m\u00e1s.<\/p>\n\n\n\n<p><a href=\"https:\/\/app.zenkit.com\/register?lang=es\" target=\"_blank\" rel=\"noreferrer noopener\">Registrate gratis<\/a><\/p>\n<\/div>\n\n\n\n<div class=\"wp-block-group solutions__box pd-m-25-20 has-global-padding is-layout-constrained wp-container-core-group-is-layout-afdaabe8 wp-block-group-is-layout-constrained\" style=\"border-radius:20px;padding-top:30px;padding-right:29px;padding-bottom:30px;padding-left:29px\">\n<h3 class=\"wp-block-heading has-text-align-center\">F\u00fcr Sch\u00fcler und Lehrer<\/h3>\n\n\n\n<p class=\"has-text-align-center has-da-grey-1-color has-text-color has-link-color wp-elements-3d0af31b5d292facb6d5e01d783b4775\">Werfen Sie einen Blick auf unsere Vorlagen und erfahren Sie, wie Lehrer und Schulleitungen Zenkit-Collections nutzen. Sammeln Sie so Inspiration f\u00fcr Ihre eigenen Projekte!<\/p>\n\n\n\n<p><a href=\"https:\/\/app.zenkit.com\/register?lang=es\" target=\"_blank\" rel=\"noreferrer noopener\">Registrate gratis<\/a><\/p>\n<\/div>\n<\/div>\n<\/div>\n\n\n\n<div class=\"wp-block-group has-global-padding is-layout-constrained wp-block-group-is-layout-constrained\">\n<div style=\"height:88px;--tablet-height:72px;--mobile-height:36px\" class=\"wp-block-lookeen-blocks-responsive-spacer\"><\/div>\n\n\n\n<div class=\"wp-block-columns is-layout-flex wp-container-core-columns-is-layout-28f84493 wp-block-columns-is-layout-flex\">\n<div class=\"wp-block-column is-layout-flow wp-block-column-is-layout-flow\">\n<iframe style=\"width: 100%; min-height: 500px; background: transparent; border: 0; border-radius: 20px;\" src=\"https:\/\/public.zenkit.com\/collections\/c0JPocq5T\/views\/_pN6DHif0E?hide=workspaceLists\" allowfullscreen=\"allowfullscreen\"><a href=\"https:\/\/public.zenkit.com\/collections\/c0JPocq5T\/views\/_pN6DHif0E?hide=workspaceLists\" target=\"_blank\">Your browser doesn&#8217;t support iframes. Click here to open the content in a new tab.<\/a><\/iframe>\n<\/div>\n\n\n\n<div class=\"wp-block-column is-layout-flow wp-block-column-is-layout-flow\">\n<iframe style=\"width: 100%; min-height: 500px; background: transparent; border: 0; border-radius: 20px;\" src=\"https:\/\/public.zenkit.com\/collections\/JRxqOoHB3\/views\/72nkJp90qM?hide=workspaceLists\" allowfullscreen=\"allowfullscreen\"><a href=\"https:\/\/public.zenkit.com\/collections\/JRxqOoHB3\/views\/72nkJp90qM?hide=workspaceLists\" target=\"_blank\">Your browser doesn&#8217;t support iframes. Click here to open the content in a new tab.<\/a><\/iframe>\n<\/div>\n<\/div>\n<\/div>\n\n\n\n<div class=\"wp-block-group has-global-padding is-layout-constrained wp-block-group-is-layout-constrained\">\n<div style=\"height:88px;--tablet-height:72px;--mobile-height:36px\" class=\"wp-block-lookeen-blocks-responsive-spacer\"><\/div>\n\n\n\n<div class=\"wp-block-group has-global-padding is-layout-constrained wp-container-core-group-is-layout-bea02a06 wp-block-group-is-layout-constrained\">\n<h2 class=\"wp-block-heading has-text-align-center\">Organizaci\u00f3n para Estudiantes<\/h2>\n\n\n\n<p class=\"has-text-align-center is-style-default\">Use Zenkit para organizar todo, desde su clase o programa de evaluaci\u00f3n y proyectos grupales hasta su disertaci\u00f3n final.<\/p>\n<\/div>\n\n\n\n<div style=\"height:48px;--tablet-height:36px;--mobile-height:24px\" class=\"wp-block-lookeen-blocks-responsive-spacer\"><\/div>\n\n\n\n<div class=\"wp-block-group solutions__grid has-global-padding is-layout-constrained wp-block-group-is-layout-constrained\">\n<div class=\"wp-block-group solutions__box pd-m-25-20 has-global-padding is-layout-constrained wp-container-core-group-is-layout-edcd9cee wp-block-group-is-layout-constrained\" style=\"border-radius:20px;padding-top:30px;padding-right:30px;padding-bottom:30px;padding-left:30px\">\n<h3 class=\"wp-block-heading has-text-align-center\">Plan de Estudi\u00f3<\/h3>\n\n\n\n<p class=\"has-da-grey-1-color has-text-color has-link-color wp-elements-ac04f7b3576a5f52d1c62a129bb450eb\"><a href=\"https:\/\/app.zenkit.com\/register?lang=es\" target=\"_blank\" rel=\"noreferrer noopener\">Registrate gratis<\/a><\/p>\n<\/div>\n\n\n\n<div class=\"wp-block-group solutions__box pd-m-25-20 has-global-padding is-layout-constrained wp-container-core-group-is-layout-edcd9cee wp-block-group-is-layout-constrained\" style=\"border-radius:20px;padding-top:30px;padding-right:30px;padding-bottom:30px;padding-left:30px\">\n<h3 class=\"wp-block-heading has-text-align-center\">Plan de Tesis<\/h3>\n\n\n\n<p class=\"has-da-grey-1-color has-text-color has-link-color wp-elements-ac04f7b3576a5f52d1c62a129bb450eb\"><a href=\"https:\/\/app.zenkit.com\/register?lang=es\" target=\"_blank\" rel=\"noreferrer noopener\">Registrate gratis<\/a><\/p>\n<\/div>\n\n\n\n<div class=\"wp-block-group solutions__box pd-m-25-20 has-global-padding is-layout-constrained wp-container-core-group-is-layout-edcd9cee wp-block-group-is-layout-constrained\" style=\"border-radius:20px;padding-top:30px;padding-right:30px;padding-bottom:30px;padding-left:30px\">\n<h3 class=\"wp-block-heading has-text-align-center\">Flashcards<\/h3>\n\n\n\n<p class=\"has-da-grey-1-color has-text-color has-link-color wp-elements-ac04f7b3576a5f52d1c62a129bb450eb\"><a href=\"https:\/\/app.zenkit.com\/register?lang=es\" target=\"_blank\" rel=\"noreferrer noopener\">Registrate gratis<\/a><\/p>\n<\/div>\n\n\n\n<div class=\"wp-block-group solutions__box pd-m-25-20 has-global-padding is-layout-constrained wp-container-core-group-is-layout-edcd9cee wp-block-group-is-layout-constrained\" style=\"border-radius:20px;padding-top:30px;padding-right:30px;padding-bottom:30px;padding-left:30px\">\n<h3 class=\"wp-block-heading has-text-align-center\">Administrador de Proyectos de Equipo<\/h3>\n<\/div>\n\n\n\n<div class=\"wp-block-group solutions__box pd-m-25-20 has-global-padding is-layout-constrained wp-container-core-group-is-layout-edcd9cee wp-block-group-is-layout-constrained\" style=\"border-radius:20px;padding-top:30px;padding-right:30px;padding-bottom:30px;padding-left:30px\">\n<h3 class=\"wp-block-heading has-text-align-center\">Organizaci\u00f3n de Estudiante<\/h3>\n<\/div>\n<\/div>\n\n\n\n<div style=\"height:88px;--tablet-height:72px;--mobile-height:36px\" class=\"wp-block-lookeen-blocks-responsive-spacer\"><\/div>\n<\/div>\n\n\n\n<div class=\"wp-block-group has-da-blue-light-background-color has-background has-global-padding is-layout-constrained wp-container-core-group-is-layout-bea02a06 wp-block-group-is-layout-constrained\">\n<div style=\"height:88px;--tablet-height:72px;--mobile-height:36px\" class=\"wp-block-lookeen-blocks-responsive-spacer\"><\/div>\n\n\n\n<h2 class=\"wp-block-heading has-text-align-center\">\u00bfColaborar con un grupo m\u00e1s grande de personas?<\/h2>\n\n\n\n<p class=\"has-text-align-center is-style-default\">Ofrecemos 50% de descuento en Zenkit Plus para instituciones educativas y estudiantes que califiquen.<\/p>\n\n\n\n<div class=\"wp-block-buttons is-content-justification-center is-layout-flex wp-container-core-buttons-is-layout-a89b3969 wp-block-buttons-is-layout-flex\">\n<div class=\"wp-block-button\"><a class=\"wp-block-button__link wp-element-button\" href=\"https:\/\/zenkit.com\/es\/contact\/\">Contact Us<\/a><\/div>\n<\/div>\n\n\n\n<div style=\"height:88px;--tablet-height:72px;--mobile-height:36px\" class=\"wp-block-lookeen-blocks-responsive-spacer\"><\/div>\n<\/div>\n\n\n\n<div class=\"wp-block-group has-global-padding is-layout-constrained wp-block-group-is-layout-constrained\">\n<div style=\"height:88px;--tablet-height:72px;--mobile-height:36px\" class=\"wp-block-lookeen-blocks-responsive-spacer\"><\/div>\n\n\n\n<div class=\"wp-block-group has-global-padding is-layout-constrained wp-block-group-is-layout-constrained\">\n<div class=\"wp-block-group has-global-padding is-layout-constrained wp-container-core-group-is-layout-4383d167 wp-block-group-is-layout-constrained\">\n<figure class=\"wp-block-gallery has-nested-images columns-default is-cropped logo__gallery wp-block-gallery-1 is-layout-flex wp-block-gallery-is-layout-flex\">\n<figure class=\"wp-block-image size-full\"><img decoding=\"async\" data-id=\"109683\" src=\"https:\/\/zenkit.com\/wp-content\/uploads\/2025\/01\/ibm.svg\" alt=\"\" class=\"wp-image-109683\"\/><\/figure>\n\n\n\n<figure class=\"wp-block-image size-full\"><img decoding=\"async\" data-id=\"109693\" src=\"https:\/\/zenkit.com\/wp-content\/uploads\/2025\/01\/microsoft.svg\" alt=\"\" class=\"wp-image-109693\"\/><\/figure>\n\n\n\n<figure class=\"wp-block-image size-full\"><img decoding=\"async\" data-id=\"109703\" src=\"https:\/\/zenkit.com\/wp-content\/uploads\/2025\/01\/fedex.svg\" alt=\"\" class=\"wp-image-109703\"\/><\/figure>\n\n\n\n<figure class=\"wp-block-image size-full\"><img decoding=\"async\" data-id=\"109713\" src=\"https:\/\/zenkit.com\/wp-content\/uploads\/2025\/01\/mozilla.svg\" alt=\"\" class=\"wp-image-109713\"\/><\/figure>\n\n\n\n<figure class=\"wp-block-image size-full\"><img decoding=\"async\" data-id=\"109723\" src=\"https:\/\/zenkit.com\/wp-content\/uploads\/2025\/01\/walmart.svg\" alt=\"\" class=\"wp-image-109723\"\/><\/figure>\n\n\n\n<figure class=\"wp-block-image size-full\"><img decoding=\"async\" data-id=\"109733\" src=\"https:\/\/zenkit.com\/wp-content\/uploads\/2025\/01\/american.svg\" alt=\"\" class=\"wp-image-109733\"\/><\/figure>\n\n\n\n<figure class=\"wp-block-image size-full\"><img decoding=\"async\" data-id=\"109743\" src=\"https:\/\/zenkit.com\/wp-content\/uploads\/2025\/01\/intel.svg\" alt=\"\" class=\"wp-image-109743\"\/><\/figure>\n\n\n\n<figure class=\"wp-block-image size-full\"><img decoding=\"async\" data-id=\"109753\" src=\"https:\/\/zenkit.com\/wp-content\/uploads\/2025\/01\/airbus-1.svg\" alt=\"\" class=\"wp-image-109753\"\/><\/figure>\n\n\n\n<figure class=\"wp-block-image size-full\"><img decoding=\"async\" data-id=\"109764\" src=\"https:\/\/zenkit.com\/wp-content\/uploads\/2025\/01\/siemens.svg\" alt=\"\" class=\"wp-image-109764\"\/><\/figure>\n\n\n\n<figure class=\"wp-block-image size-full\"><img loading=\"lazy\" decoding=\"async\" width=\"226\" height=\"150\" data-id=\"109848\" src=\"https:\/\/zenkit.com\/wp-content\/uploads\/2025\/01\/sap-2.png\" alt=\"\" class=\"wp-image-109848\"\/><\/figure>\n\n\n\n<figure class=\"wp-block-image size-full\"><img decoding=\"async\" data-id=\"109784\" src=\"https:\/\/zenkit.com\/wp-content\/uploads\/2025\/01\/pwc.svg\" alt=\"\" class=\"wp-image-109784\"\/><\/figure>\n\n\n\n<figure class=\"wp-block-image size-full\"><img decoding=\"async\" data-id=\"109794\" src=\"https:\/\/zenkit.com\/wp-content\/uploads\/2025\/01\/roche.svg\" alt=\"\" class=\"wp-image-109794\"\/><\/figure>\n\n\n\n<figure class=\"wp-block-image size-full\"><img decoding=\"async\" data-id=\"109804\" src=\"https:\/\/zenkit.com\/wp-content\/uploads\/2025\/01\/vmware.svg\" alt=\"\" class=\"wp-image-109804\"\/><\/figure>\n\n\n\n<figure class=\"wp-block-image size-full\"><img decoding=\"async\" data-id=\"109814\" src=\"https:\/\/zenkit.com\/wp-content\/uploads\/2025\/01\/stanford.svg\" alt=\"\" class=\"wp-image-109814\"\/><\/figure>\n<\/figure>\n<\/div>\n<\/div>\n\n\n\n<div style=\"height:88px;--tablet-height:72px;--mobile-height:36px\" class=\"wp-block-lookeen-blocks-responsive-spacer\"><\/div>\n<\/div>\n\n\n\n<div class=\"wp-block-group has-global-padding is-layout-constrained wp-block-group-is-layout-constrained\">\n<div class=\"wp-block-group has-global-padding is-layout-constrained wp-container-core-group-is-layout-5ea9e190 wp-block-group-is-layout-constrained\">\n<p class=\"has-text-align-center subheading\" style=\"margin-bottom:0px;font-style:normal;font-weight:700\">\u201cNunca me he encontrado con una herramienta que se adapte tan perfectamente a la forma en que quiero organizar y conceptualizar mis datos. En pocas palabras, cuando uso Zenkit, siento que me estoy deshaciendo de las cadenas de todos los dem\u00e1s sistemas que he usado. Ha clavado un concepto clave en mi visi\u00f3n de la interacci\u00f3n entre humanos e informaci\u00f3n.\u201d<\/p>\n\n\n\n<p class=\"has-text-align-center\" style=\"margin-bottom:0px;font-style:normal;font-weight:500\"><strong><strong>Amy Fox,\u00a0Cient\u00edfica cognitiva en UC San Diego<\/strong><\/strong><\/p>\n\n\n\n<p class=\"has-text-align-center\"><a href=\"https:\/\/www.amyraefox.com\/\" target=\"_blank\" rel=\"noreferrer noopener\">www.amyraefox.com<\/a><\/p>\n\n\n\n<div style=\"height:36px;--tablet-height:36px;--mobile-height:24px\" class=\"wp-block-lookeen-blocks-responsive-spacer\"><\/div>\n\n\n\n<figure class=\"wp-block-image aligncenter size-full is-resized has-custom-border\"><img loading=\"lazy\" decoding=\"async\" width=\"149\" height=\"150\" src=\"https:\/\/zenkit.com\/wp-content\/uploads\/2025\/05\/amy-fox.webp\" alt=\"Amy Fox, \u00a0Kognitionswissenschaftlerin bei der UC San Diego\" class=\"wp-image-112577\" style=\"border-radius:100%;object-fit:cover;width:90px;height:90px\"\/><\/figure>\n<\/div>\n<\/div>\n\n\n\n<div style=\"height:110px;--tablet-height:60px;--mobile-height:48px\" class=\"wp-block-lookeen-blocks-responsive-spacer\"><\/div>\n","protected":false},"excerpt":{"rendered":"<p>Zenkit para la Educaci\u00f3n La soluci\u00f3n de gesti\u00f3n de proyectos perfecta para universidades y escuelas Planifique su plan de estudios, haga un seguimiento de los estudiantes, programe cursos, administre eventos y m\u00e1s con Zenkit. Utilice Zenkit como una plataforma para el aprendizaje en clases de cualquier tama\u00f1o: fomente el aprendizaje basado en proyectos, el trabajo [&hellip;]<\/p>\n","protected":false},"author":30,"featured_media":0,"parent":0,"menu_order":4,"comment_status":"closed","ping_status":"closed","template":"","meta":{"yasr_overall_rating":0,"yasr_post_is_review":"","yasr_auto_insert_disabled":"","yasr_review_type":"","footnotes":""},"class_list":["post-72311","page","type-page","status-publish","hentry"],"yoast_head":"<!-- This site is optimized with the Yoast SEO plugin v27.3 - https:\/\/yoast.com\/product\/yoast-seo-wordpress\/ -->\n<title>Zenkit for Education | Zenkit<\/title>\n<meta name=\"description\" content=\"Whether you&#039;re looking for the perfect lesson planner, a way to organize your thesis, or a tool to collaborate with classmates, Zenkit has you covered!\" \/>\n<meta name=\"robots\" content=\"index, follow, max-snippet:-1, max-image-preview:large, max-video-preview:-1\" \/>\n<link rel=\"canonical\" href=\"https:\/\/zenkit.com\/es\/zenkit-for-education\/\" \/>\n<meta property=\"og:locale\" content=\"es_ES\" \/>\n<meta property=\"og:type\" content=\"article\" \/>\n<meta property=\"og:title\" content=\"Zenkit for Education | Zenkit\" \/>\n<meta property=\"og:description\" content=\"Whether you&#039;re looking for the perfect lesson planner, a way to organize your thesis, or a tool to collaborate with classmates, Zenkit has you covered!\" \/>\n<meta property=\"og:url\" content=\"https:\/\/zenkit.com\/es\/zenkit-for-education\/\" \/>\n<meta property=\"og:site_name\" content=\"Zenkit\" \/>\n<meta property=\"article:publisher\" content=\"https:\/\/www.facebook.com\/ZenkitHQ\" \/>\n<meta property=\"article:modified_time\" content=\"2025-09-13T11:39:21+00:00\" \/>\n<meta property=\"og:image\" content=\"https:\/\/zenkit.com\/wp-content\/uploads\/2025\/05\/Zenkit_Web_Growth360.webp\" \/>\n<meta name=\"twitter:card\" content=\"summary_large_image\" \/>\n<meta name=\"twitter:site\" content=\"@ZenkitHQ\" \/>\n<meta name=\"twitter:label1\" content=\"Tiempo de lectura\" \/>\n\t<meta name=\"twitter:data1\" content=\"2 minutos\" \/>\n<script type=\"application\/ld+json\" class=\"yoast-schema-graph\">{\"@context\":\"https:\\\/\\\/schema.org\",\"@graph\":[{\"@type\":\"WebPage\",\"@id\":\"https:\\\/\\\/zenkit.com\\\/es\\\/zenkit-for-education\\\/\",\"url\":\"https:\\\/\\\/zenkit.com\\\/es\\\/zenkit-for-education\\\/\",\"name\":\"Zenkit for Education | Zenkit\",\"isPartOf\":{\"@id\":\"https:\\\/\\\/zenkit.com\\\/es\\\/#website\"},\"primaryImageOfPage\":{\"@id\":\"https:\\\/\\\/zenkit.com\\\/es\\\/zenkit-for-education\\\/#primaryimage\"},\"image\":{\"@id\":\"https:\\\/\\\/zenkit.com\\\/es\\\/zenkit-for-education\\\/#primaryimage\"},\"thumbnailUrl\":\"https:\\\/\\\/zenkit.com\\\/wp-content\\\/uploads\\\/2025\\\/05\\\/Zenkit_Web_Growth360.webp\",\"datePublished\":\"2019-09-05T15:32:16+00:00\",\"dateModified\":\"2025-09-13T11:39:21+00:00\",\"description\":\"Whether you're looking for the perfect lesson planner, a way to organize your thesis, or a tool to collaborate with classmates, Zenkit has you covered!\",\"breadcrumb\":{\"@id\":\"https:\\\/\\\/zenkit.com\\\/es\\\/zenkit-for-education\\\/#breadcrumb\"},\"inLanguage\":\"es\",\"potentialAction\":[{\"@type\":\"ReadAction\",\"target\":[\"https:\\\/\\\/zenkit.com\\\/es\\\/zenkit-for-education\\\/\"]}]},{\"@type\":\"ImageObject\",\"inLanguage\":\"es\",\"@id\":\"https:\\\/\\\/zenkit.com\\\/es\\\/zenkit-for-education\\\/#primaryimage\",\"url\":\"https:\\\/\\\/zenkit.com\\\/wp-content\\\/uploads\\\/2025\\\/05\\\/Zenkit_Web_Growth360.webp\",\"contentUrl\":\"https:\\\/\\\/zenkit.com\\\/wp-content\\\/uploads\\\/2025\\\/05\\\/Zenkit_Web_Growth360.webp\"},{\"@type\":\"BreadcrumbList\",\"@id\":\"https:\\\/\\\/zenkit.com\\\/es\\\/zenkit-for-education\\\/#breadcrumb\",\"itemListElement\":[{\"@type\":\"ListItem\",\"position\":1,\"name\":\"Home\",\"item\":\"https:\\\/\\\/zenkit.com\\\/es\\\/\"},{\"@type\":\"ListItem\",\"position\":2,\"name\":\"Zenkit for Education\"}]},{\"@type\":\"WebSite\",\"@id\":\"https:\\\/\\\/zenkit.com\\\/es\\\/#website\",\"url\":\"https:\\\/\\\/zenkit.com\\\/es\\\/\",\"name\":\"Zenkit\",\"description\":\"Zenkit Tagline\",\"potentialAction\":[{\"@type\":\"SearchAction\",\"target\":{\"@type\":\"EntryPoint\",\"urlTemplate\":\"https:\\\/\\\/zenkit.com\\\/es\\\/?s={search_term_string}\"},\"query-input\":{\"@type\":\"PropertyValueSpecification\",\"valueRequired\":true,\"valueName\":\"search_term_string\"}}],\"inLanguage\":\"es\"},false]}<\/script>\n<!-- \/ Yoast SEO plugin. -->","yoast_head_json":{"title":"Zenkit for Education | Zenkit","description":"Whether you're looking for the perfect lesson planner, a way to organize your thesis, or a tool to collaborate with classmates, Zenkit has you covered!","robots":{"index":"index","follow":"follow","max-snippet":"max-snippet:-1","max-image-preview":"max-image-preview:large","max-video-preview":"max-video-preview:-1"},"canonical":"https:\/\/zenkit.com\/es\/zenkit-for-education\/","og_locale":"es_ES","og_type":"article","og_title":"Zenkit for Education | Zenkit","og_description":"Whether you're looking for the perfect lesson planner, a way to organize your thesis, or a tool to collaborate with classmates, Zenkit has you covered!","og_url":"https:\/\/zenkit.com\/es\/zenkit-for-education\/","og_site_name":"Zenkit","article_publisher":"https:\/\/www.facebook.com\/ZenkitHQ","article_modified_time":"2025-09-13T11:39:21+00:00","og_image":[{"url":"https:\/\/zenkit.com\/wp-content\/uploads\/2025\/05\/Zenkit_Web_Growth360.webp","type":"","width":"","height":""}],"twitter_card":"summary_large_image","twitter_site":"@ZenkitHQ","twitter_misc":{"Tiempo de lectura":"2 minutos"},"schema":{"@context":"https:\/\/schema.org","@graph":[{"@type":"WebPage","@id":"https:\/\/zenkit.com\/es\/zenkit-for-education\/","url":"https:\/\/zenkit.com\/es\/zenkit-for-education\/","name":"Zenkit for Education | Zenkit","isPartOf":{"@id":"https:\/\/zenkit.com\/es\/#website"},"primaryImageOfPage":{"@id":"https:\/\/zenkit.com\/es\/zenkit-for-education\/#primaryimage"},"image":{"@id":"https:\/\/zenkit.com\/es\/zenkit-for-education\/#primaryimage"},"thumbnailUrl":"https:\/\/zenkit.com\/wp-content\/uploads\/2025\/05\/Zenkit_Web_Growth360.webp","datePublished":"2019-09-05T15:32:16+00:00","dateModified":"2025-09-13T11:39:21+00:00","description":"Whether you're looking for the perfect lesson planner, a way to organize your thesis, or a tool to collaborate with classmates, Zenkit has you covered!","breadcrumb":{"@id":"https:\/\/zenkit.com\/es\/zenkit-for-education\/#breadcrumb"},"inLanguage":"es","potentialAction":[{"@type":"ReadAction","target":["https:\/\/zenkit.com\/es\/zenkit-for-education\/"]}]},{"@type":"ImageObject","inLanguage":"es","@id":"https:\/\/zenkit.com\/es\/zenkit-for-education\/#primaryimage","url":"https:\/\/zenkit.com\/wp-content\/uploads\/2025\/05\/Zenkit_Web_Growth360.webp","contentUrl":"https:\/\/zenkit.com\/wp-content\/uploads\/2025\/05\/Zenkit_Web_Growth360.webp"},{"@type":"BreadcrumbList","@id":"https:\/\/zenkit.com\/es\/zenkit-for-education\/#breadcrumb","itemListElement":[{"@type":"ListItem","position":1,"name":"Home","item":"https:\/\/zenkit.com\/es\/"},{"@type":"ListItem","position":2,"name":"Zenkit for Education"}]},{"@type":"WebSite","@id":"https:\/\/zenkit.com\/es\/#website","url":"https:\/\/zenkit.com\/es\/","name":"Zenkit","description":"Zenkit Tagline","potentialAction":[{"@type":"SearchAction","target":{"@type":"EntryPoint","urlTemplate":"https:\/\/zenkit.com\/es\/?s={search_term_string}"},"query-input":{"@type":"PropertyValueSpecification","valueRequired":true,"valueName":"search_term_string"}}],"inLanguage":"es"},false]}},"yasr_visitor_votes":{"stars_attributes":{"read_only":false,"span_bottom":false},"number_of_votes":0,"sum_votes":0},"_links":{"self":[{"href":"https:\/\/zenkit.com\/es\/wp-json\/wp\/v2\/pages\/72311","targetHints":{"allow":["GET"]}}],"collection":[{"href":"https:\/\/zenkit.com\/es\/wp-json\/wp\/v2\/pages"}],"about":[{"href":"https:\/\/zenkit.com\/es\/wp-json\/wp\/v2\/types\/page"}],"author":[{"embeddable":true,"href":"https:\/\/zenkit.com\/es\/wp-json\/wp\/v2\/users\/30"}],"replies":[{"embeddable":true,"href":"https:\/\/zenkit.com\/es\/wp-json\/wp\/v2\/comments?post=72311"}],"version-history":[{"count":6,"href":"https:\/\/zenkit.com\/es\/wp-json\/wp\/v2\/pages\/72311\/revisions"}],"predecessor-version":[{"id":131535,"href":"https:\/\/zenkit.com\/es\/wp-json\/wp\/v2\/pages\/72311\/revisions\/131535"}],"wp:attachment":[{"href":"https:\/\/zenkit.com\/es\/wp-json\/wp\/v2\/media?parent=72311"}],"curies":[{"name":"wp","href":"https:\/\/api.w.org\/{rel}","templated":true}]}}