{"id":72795,"date":"2021-06-14T13:45:38","date_gmt":"2021-06-14T11:45:38","guid":{"rendered":"https:\/\/zenkit.com\/forms\/"},"modified":"2025-09-24T04:20:55","modified_gmt":"2025-09-24T02:20:55","slug":"forms","status":"publish","type":"page","link":"https:\/\/zenkit.com\/es\/forms\/","title":{"rendered":"Zenforms"},"content":{"rendered":"\n<div class=\"wp-block-group has-global-padding is-layout-constrained wp-block-group-is-layout-constrained\">\n<div class=\"wp-block-group width--950 has-global-padding is-layout-constrained wp-block-group-is-layout-constrained\">\n<div style=\"height:45px;--tablet-height:45px;--mobile-height:16px\" class=\"wp-block-lookeen-blocks-responsive-spacer\"><\/div>\n\n\n\n<div class=\"wp-block-group has-global-padding is-layout-constrained wp-block-group-is-layout-constrained\">\n<h1 class=\"wp-block-heading has-text-align-center\" style=\"margin-bottom:8px\">Formularios f\u00e1ciles y potentes<\/h1>\n<\/div>\n\n\n\n<div class=\"wp-block-group has-global-padding is-layout-constrained wp-block-group-is-layout-constrained\">\n<p class=\"has-text-align-center subheading\">Formas din\u00e1micas que impulsan un cambio real<\/p>\n<\/div>\n\n\n\n<div style=\"height:48px;--tablet-height:36px;--mobile-height:24px\" class=\"wp-block-lookeen-blocks-responsive-spacer\"><\/div>\n\n\n\n\n\n\t\t            <div class=\"bannerSlideshow\">\n\t            <div class=\"bannerImage ipadFront\" id=\"bannerImage\">\n                    <div class=\"ipad box\">\n                        <div class=\"buttons\">\n                            <span class=\"onOff\"><\/span>\n                            <span class=\"volume loud\"><\/span>\n                            <span class=\"volume soft\"><\/span>\n                        <\/div>\n                        <div class=\"inner\">\n                            <video autoplay muted loop playsinline>\n                                <source src=\"https:\/\/zenkit.com\/wp-content\/uploads\/2025\/05\/ipad-forms-min.mp4\" type=\"video\/mp4\">\n                            <\/video>\n                        <\/div>\n                        <div class=\"shadow\"><\/div>\n                    <\/div>\n\n                    <div class=\"iphone box\">\n                        <div class=\"buttons\">\n                            <span class=\"onOff\"><\/span>\n                            <span class=\"volume loud\"><\/span>\n                            <span class=\"volume soft\"><\/span>\n                        <\/div>\n                        <div class=\"inner\">\n                            <video autoplay muted loop playsinline>\n                                <source src=\"https:\/\/zenkit.com\/wp-content\/uploads\/2022\/03\/iphone-forms-min.mp4\" type=\"video\/mp4\">\n                            <\/video>\n                        <\/div>\n                        <div class=\"shadow\"><\/div>\n                    <\/div>\n                <\/div>\n                                     <img decoding=\"async\" src=\"https:\/\/zenkit.com\/wp-content\/uploads\/2022\/03\/mobile-forms.png\" alt=\"Mobile Display\" class=\"mobile\" \/>\n                            <\/div>\n\t\t\n\t\t\n\n\n       \n\n\n\n\n<div style=\"height:88px;--tablet-height:72px;--mobile-height:36px\" class=\"wp-block-lookeen-blocks-responsive-spacer\"><\/div>\n<\/div>\n<\/div>\n\n\n\n<div class=\"wp-block-group hide__desktop play__store-cta has-global-padding is-layout-constrained wp-block-group-is-layout-constrained\">\n<div style=\"height:88px;--tablet-height:72px;--mobile-height:36px\" class=\"wp-block-lookeen-blocks-responsive-spacer\"><\/div>\n\n\n\n<div class=\"wp-block-group is-content-justification-center is-nowrap is-layout-flex wp-container-core-group-is-layout-3be9d861 wp-block-group-is-layout-flex\">\n<figure class=\"wp-block-image size-full is-resized\"><a href=\"https:\/\/apps.apple.com\/app\/zenforms\/id1608879940\" target=\"_blank\" rel=\" noreferrer noopener\"><img decoding=\"async\" src=\"https:\/\/zenkit.com\/wp-content\/uploads\/2020\/10\/apple-store-badge.svg\" alt=\"\" class=\"wp-image-51606\" style=\"width:300px\"\/><\/a><\/figure>\n\n\n\n<figure class=\"wp-block-image size-full is-resized\"><a href=\"https:\/\/play.google.com\/store\/apps\/details?id=com.zenkit.forms\" target=\"_blank\" rel=\" noreferrer noopener\"><img decoding=\"async\" src=\"https:\/\/zenkit.com\/wp-content\/uploads\/2020\/10\/google-play-badge.svg\" alt=\"\" class=\"wp-image-51616\" style=\"width:300px\"\/><\/a><\/figure>\n<\/div>\n<\/div>\n\n\n\n<div class=\"wp-block-group has-global-padding is-layout-constrained wp-container-core-group-is-layout-bea02a06 wp-block-group-is-layout-constrained\">\n<div style=\"height:88px;--tablet-height:72px;--mobile-height:36px\" class=\"wp-block-lookeen-blocks-responsive-spacer\"><\/div>\n\n\n\n<div class=\"wp-block-columns is-style-da-column-order-reverse is-layout-flex wp-container-core-columns-is-layout-30613988 wp-block-columns-is-layout-flex\" style=\"margin-top:0px;margin-bottom:0px\">\n<div class=\"wp-block-column is-vertically-aligned-center is-layout-flow wp-block-column-is-layout-flow\">\n<h2 class=\"wp-block-heading has-text-align-center\">Dale una voz a tus usuarios<\/h2>\n\n\n\n<p class=\"has-text-align-center\">Zenforms es un generador de formularios simple pero poderoso para obtener la informaci\u00f3n que desee: interact\u00fae con su comunidad, recopile datos interesantes para el pr\u00f3ximo lanzamiento de productos, obtenga comentarios valiosos de los clientes o recopile direcciones de correo electr\u00f3nico para el bolet\u00edn de la empresa.<\/p>\n<\/div>\n\n\n\n<div class=\"wp-block-column is-vertically-aligned-center is-layout-flow wp-block-column-is-layout-flow\" style=\"padding-top:0px;padding-right:20px;padding-bottom:0px;padding-left:20px\">\n<figure class=\"wp-block-image size-large\"><img loading=\"lazy\" decoding=\"async\" width=\"1024\" height=\"809\" src=\"https:\/\/zenkit.com\/wp-content\/uploads\/2025\/06\/Give-Users-a-Voice-1024x809.webp\" alt=\"Dale una voz a tus usuarios\" class=\"wp-image-115545\" srcset=\"https:\/\/zenkit.com\/wp-content\/uploads\/2025\/06\/Give-Users-a-Voice-1024x809.webp 1024w, https:\/\/zenkit.com\/wp-content\/uploads\/2025\/06\/Give-Users-a-Voice-300x237.webp 300w, https:\/\/zenkit.com\/wp-content\/uploads\/2025\/06\/Give-Users-a-Voice-768x606.webp 768w, https:\/\/zenkit.com\/wp-content\/uploads\/2025\/06\/Give-Users-a-Voice.webp 1184w\" sizes=\"auto, (max-width: 1024px) 100vw, 1024px\" \/><\/figure>\n<\/div>\n<\/div>\n\n\n\n<div style=\"height:48px;--tablet-height:36px;--mobile-height:24px\" class=\"wp-block-lookeen-blocks-responsive-spacer\"><\/div>\n\n\n\n<div class=\"wp-block-columns is-style-default is-layout-flex wp-container-core-columns-is-layout-30613988 wp-block-columns-is-layout-flex\" style=\"margin-top:0px;margin-bottom:0px\">\n<div class=\"wp-block-column is-vertically-aligned-center is-layout-flow wp-block-column-is-layout-flow\" style=\"padding-top:0px;padding-right:20px;padding-bottom:0px;padding-left:20px\">\n<figure class=\"wp-block-image size-large\"><img loading=\"lazy\" decoding=\"async\" width=\"1024\" height=\"947\" src=\"https:\/\/zenkit.com\/wp-content\/uploads\/2025\/06\/Better-Data.-Better-Decisions-1024x947.webp\" alt=\"Mejores datos. Mejores decisiones.\" class=\"wp-image-115555\" srcset=\"https:\/\/zenkit.com\/wp-content\/uploads\/2025\/06\/Better-Data.-Better-Decisions-1024x947.webp 1024w, https:\/\/zenkit.com\/wp-content\/uploads\/2025\/06\/Better-Data.-Better-Decisions-300x277.webp 300w, https:\/\/zenkit.com\/wp-content\/uploads\/2025\/06\/Better-Data.-Better-Decisions-768x710.webp 768w, https:\/\/zenkit.com\/wp-content\/uploads\/2025\/06\/Better-Data.-Better-Decisions.webp 1074w\" sizes=\"auto, (max-width: 1024px) 100vw, 1024px\" \/><\/figure>\n<\/div>\n\n\n\n<div class=\"wp-block-column is-vertically-aligned-center is-layout-flow wp-block-column-is-layout-flow\">\n<h2 class=\"wp-block-heading has-text-align-center\">Mejores datos. Mejores decisiones.<\/h2>\n\n\n\n<p class=\"has-text-align-center\">Obtenga una mejor visi\u00f3n de sus proyectos en curso y las opiniones de todos los involucrados.<\/p>\n\n\n\n<p class=\"has-text-align-center\">\u00a1Mejore la calidad de su servicio con valiosos comentarios sobre funciones, lanzamientos y otras sugerencias \u00fatiles!<\/p>\n<\/div>\n<\/div>\n\n\n\n<div style=\"height:48px;--tablet-height:36px;--mobile-height:24px\" class=\"wp-block-lookeen-blocks-responsive-spacer\"><\/div>\n\n\n\n<div class=\"wp-block-columns is-style-da-column-order-reverse is-layout-flex wp-container-core-columns-is-layout-30613988 wp-block-columns-is-layout-flex\" style=\"margin-top:0px;margin-bottom:0px\">\n<div class=\"wp-block-column is-vertically-aligned-center is-layout-flow wp-block-column-is-layout-flow\">\n<h2 class=\"wp-block-heading has-text-align-center\">Multi-Niveles Formas<\/h2>\n\n\n\n<p class=\"has-text-align-center\">Recopile a\u00fan m\u00e1s informaci\u00f3n con subformularios. Los subformularios le permiten hacer preguntas m\u00e1s detalladas sobre un escenario complejo y mejorar la recopilaci\u00f3n de datos, como una reserva con una lista de personas o una factura con una lista de productos.<\/p>\n<\/div>\n\n\n\n<div class=\"wp-block-column is-vertically-aligned-center is-layout-flow wp-block-column-is-layout-flow\" style=\"padding-top:0px;padding-right:20px;padding-bottom:0px;padding-left:20px\">\n<figure class=\"wp-block-image size-large\"><img loading=\"lazy\" decoding=\"async\" width=\"1024\" height=\"809\" src=\"https:\/\/zenkit.com\/wp-content\/uploads\/2025\/06\/Multi-level-Forms-1024x809.webp\" alt=\"Multi-Niveles Formas\" class=\"wp-image-115565\" srcset=\"https:\/\/zenkit.com\/wp-content\/uploads\/2025\/06\/Multi-level-Forms-1024x809.webp 1024w, https:\/\/zenkit.com\/wp-content\/uploads\/2025\/06\/Multi-level-Forms-300x237.webp 300w, https:\/\/zenkit.com\/wp-content\/uploads\/2025\/06\/Multi-level-Forms-768x606.webp 768w, https:\/\/zenkit.com\/wp-content\/uploads\/2025\/06\/Multi-level-Forms.webp 1184w\" sizes=\"auto, (max-width: 1024px) 100vw, 1024px\" \/><\/figure>\n<\/div>\n<\/div>\n\n\n\n<div style=\"height:48px;--tablet-height:36px;--mobile-height:24px\" class=\"wp-block-lookeen-blocks-responsive-spacer\"><\/div>\n\n\n\n<div class=\"wp-block-columns is-style-default is-layout-flex wp-container-core-columns-is-layout-30613988 wp-block-columns-is-layout-flex\" style=\"margin-top:0px;margin-bottom:0px\">\n<div class=\"wp-block-column is-vertically-aligned-center is-layout-flow wp-block-column-is-layout-flow\" style=\"padding-top:0px;padding-right:20px;padding-bottom:0px;padding-left:20px\">\n<figure class=\"wp-block-image size-large\"><img loading=\"lazy\" decoding=\"async\" width=\"1024\" height=\"809\" src=\"https:\/\/zenkit.com\/wp-content\/uploads\/2025\/06\/Full-Page-or-Embedded-Forms-1024x809.webp\" alt=\"P\u00e1gina completa o incrustado\" class=\"wp-image-115575\" srcset=\"https:\/\/zenkit.com\/wp-content\/uploads\/2025\/06\/Full-Page-or-Embedded-Forms-1024x809.webp 1024w, https:\/\/zenkit.com\/wp-content\/uploads\/2025\/06\/Full-Page-or-Embedded-Forms-300x237.webp 300w, https:\/\/zenkit.com\/wp-content\/uploads\/2025\/06\/Full-Page-or-Embedded-Forms-768x606.webp 768w, https:\/\/zenkit.com\/wp-content\/uploads\/2025\/06\/Full-Page-or-Embedded-Forms.webp 1184w\" sizes=\"auto, (max-width: 1024px) 100vw, 1024px\" \/><\/figure>\n<\/div>\n\n\n\n<div class=\"wp-block-column is-vertically-aligned-center is-layout-flow wp-block-column-is-layout-flow\">\n<h2 class=\"wp-block-heading has-text-align-center\">P\u00e1gina completa o incrustado<\/h2>\n\n\n\n<p class=\"has-text-align-center\">Puede crear formularios independientes con un solo clic sin necesidad de tener su propio sitio web. O bien, puede usar un \u00abiframe\u00bb para incrustar un formulario en su sitio web existente.<\/p>\n<\/div>\n<\/div>\n\n\n\n<div style=\"height:48px;--tablet-height:36px;--mobile-height:24px\" class=\"wp-block-lookeen-blocks-responsive-spacer\"><\/div>\n\n\n\n<div class=\"wp-block-columns is-style-da-column-order-reverse is-layout-flex wp-container-core-columns-is-layout-30613988 wp-block-columns-is-layout-flex\" style=\"margin-top:0px;margin-bottom:0px\">\n<div class=\"wp-block-column is-vertically-aligned-center is-layout-flow wp-block-column-is-layout-flow\">\n<h2 class=\"wp-block-heading has-text-align-center\">Lista para m\u00f3viles<\/h2>\n\n\n\n<p class=\"has-text-align-center\">Ya sea que est\u00e9 en movimiento o en su escritorio, Zenforms le permite crear, editar y publicar formularios sin importar su ubicaci\u00f3n o tama\u00f1o de pantalla.<\/p>\n\n\n\n<p class=\"has-text-align-center\">Zenforms tambi\u00e9n proporciona soporte para aplicaciones nativas y fuera de l\u00ednea.<\/p>\n<\/div>\n\n\n\n<div class=\"wp-block-column is-vertically-aligned-center is-layout-flow wp-block-column-is-layout-flow\" style=\"padding-top:0px;padding-right:20px;padding-bottom:0px;padding-left:20px\">\n<figure class=\"wp-block-image size-large\"><img loading=\"lazy\" decoding=\"async\" width=\"1024\" height=\"809\" src=\"https:\/\/zenkit.com\/wp-content\/uploads\/2025\/06\/Mobile-Ready-1024x809.webp\" alt=\"Lista para m\u00f3viles\" class=\"wp-image-115585\" srcset=\"https:\/\/zenkit.com\/wp-content\/uploads\/2025\/06\/Mobile-Ready-1024x809.webp 1024w, https:\/\/zenkit.com\/wp-content\/uploads\/2025\/06\/Mobile-Ready-300x237.webp 300w, https:\/\/zenkit.com\/wp-content\/uploads\/2025\/06\/Mobile-Ready-768x606.webp 768w, https:\/\/zenkit.com\/wp-content\/uploads\/2025\/06\/Mobile-Ready.webp 1184w\" sizes=\"auto, (max-width: 1024px) 100vw, 1024px\" \/><\/figure>\n<\/div>\n<\/div>\n\n\n\n<div style=\"height:48px;--tablet-height:36px;--mobile-height:24px\" class=\"wp-block-lookeen-blocks-responsive-spacer\"><\/div>\n\n\n\n<div class=\"wp-block-columns is-style-default is-layout-flex wp-container-core-columns-is-layout-30613988 wp-block-columns-is-layout-flex\" style=\"margin-top:0px;margin-bottom:0px\">\n<div class=\"wp-block-column is-vertically-aligned-center is-layout-flow wp-block-column-is-layout-flow\" style=\"padding-top:0px;padding-right:20px;padding-bottom:0px;padding-left:20px\">\n<figure class=\"wp-block-image size-large\"><img loading=\"lazy\" decoding=\"async\" width=\"1024\" height=\"809\" src=\"https:\/\/zenkit.com\/wp-content\/uploads\/2025\/06\/Connect-to-the-Suite-1024x809.webp\" alt=\"Conecte la Zenkit Suite\" class=\"wp-image-115595\" srcset=\"https:\/\/zenkit.com\/wp-content\/uploads\/2025\/06\/Connect-to-the-Suite-1024x809.webp 1024w, https:\/\/zenkit.com\/wp-content\/uploads\/2025\/06\/Connect-to-the-Suite-300x237.webp 300w, https:\/\/zenkit.com\/wp-content\/uploads\/2025\/06\/Connect-to-the-Suite-768x606.webp 768w, https:\/\/zenkit.com\/wp-content\/uploads\/2025\/06\/Connect-to-the-Suite.webp 1184w\" sizes=\"auto, (max-width: 1024px) 100vw, 1024px\" \/><\/figure>\n<\/div>\n\n\n\n<div class=\"wp-block-column is-vertically-aligned-center is-layout-flow wp-block-column-is-layout-flow\">\n<h2 class=\"wp-block-heading has-text-align-center\">Conecte la Zenkit Suite<\/h2>\n\n\n\n<p class=\"has-text-align-center\">Zenforms es parte de Zenkit Suite. Eso significa que puede usar los resultados de su formulario en otros productos como Base.<\/p>\n\n\n\n<p class=\"has-text-align-center\">Tambi\u00e9n se pueden crear formularios para cualquier colecci\u00f3n existente en el universo Zenkit.<\/p>\n<\/div>\n<\/div>\n\n\n\n<div style=\"height:48px;--tablet-height:36px;--mobile-height:24px\" class=\"wp-block-lookeen-blocks-responsive-spacer\"><\/div>\n\n\n\n<div class=\"wp-block-columns is-style-da-column-order-reverse is-layout-flex wp-container-core-columns-is-layout-30613988 wp-block-columns-is-layout-flex\" style=\"margin-top:0px;margin-bottom:0px\">\n<div class=\"wp-block-column is-vertically-aligned-center is-layout-flow wp-block-column-is-layout-flow\">\n<h2 class=\"wp-block-heading has-text-align-center\">Listo para la empresa<\/h2>\n\n\n\n<p class=\"has-text-align-center\">La plataforma Zenkit es una infraestructura de nivel empresarial que incluye administraci\u00f3n de acceso (roles, grupos), aprovisionamiento (SCIM), administraci\u00f3n de identidad (SAML, 2FA), auditor\u00edas y m\u00e1s.<\/p>\n<\/div>\n\n\n\n<div class=\"wp-block-column is-vertically-aligned-center is-layout-flow wp-block-column-is-layout-flow\" style=\"padding-top:0px;padding-right:20px;padding-bottom:0px;padding-left:20px\">\n<figure class=\"wp-block-image size-large\"><img loading=\"lazy\" decoding=\"async\" width=\"1024\" height=\"809\" src=\"https:\/\/zenkit.com\/wp-content\/uploads\/2025\/06\/Enterprise-Ready-1024x809.webp\" alt=\"Listo para la empresa\" class=\"wp-image-115605\" srcset=\"https:\/\/zenkit.com\/wp-content\/uploads\/2025\/06\/Enterprise-Ready-1024x809.webp 1024w, https:\/\/zenkit.com\/wp-content\/uploads\/2025\/06\/Enterprise-Ready-300x237.webp 300w, https:\/\/zenkit.com\/wp-content\/uploads\/2025\/06\/Enterprise-Ready-768x606.webp 768w, https:\/\/zenkit.com\/wp-content\/uploads\/2025\/06\/Enterprise-Ready.webp 1184w\" sizes=\"auto, (max-width: 1024px) 100vw, 1024px\" \/><\/figure>\n<\/div>\n<\/div>\n\n\n\n<div style=\"height:48px;--tablet-height:36px;--mobile-height:24px\" class=\"wp-block-lookeen-blocks-responsive-spacer\"><\/div>\n\n\n\n<div class=\"wp-block-columns is-style-default is-layout-flex wp-container-core-columns-is-layout-30613988 wp-block-columns-is-layout-flex\" style=\"margin-top:0px;margin-bottom:0px\">\n<div class=\"wp-block-column is-vertically-aligned-center is-layout-flow wp-block-column-is-layout-flow\" style=\"padding-top:0px;padding-right:20px;padding-bottom:0px;padding-left:20px\">\n<figure class=\"wp-block-image size-large\"><img loading=\"lazy\" decoding=\"async\" width=\"1024\" height=\"809\" src=\"https:\/\/zenkit.com\/wp-content\/uploads\/2025\/06\/GDPR-Compliant-1024x809.webp\" alt=\"Conforme al GDPR\" class=\"wp-image-115615\" srcset=\"https:\/\/zenkit.com\/wp-content\/uploads\/2025\/06\/GDPR-Compliant-1024x809.webp 1024w, https:\/\/zenkit.com\/wp-content\/uploads\/2025\/06\/GDPR-Compliant-300x237.webp 300w, https:\/\/zenkit.com\/wp-content\/uploads\/2025\/06\/GDPR-Compliant-768x606.webp 768w, https:\/\/zenkit.com\/wp-content\/uploads\/2025\/06\/GDPR-Compliant.webp 1184w\" sizes=\"auto, (max-width: 1024px) 100vw, 1024px\" \/><\/figure>\n<\/div>\n\n\n\n<div class=\"wp-block-column is-vertically-aligned-center is-layout-flow wp-block-column-is-layout-flow\">\n<h2 class=\"wp-block-heading has-text-align-center\">Cumple con el RGPD.<\/h2>\n\n\n\n<p class=\"has-text-align-center\">Zenforms est\u00e1 comprometida con la normativa inherente al RGPD.<\/p>\n\n\n\n<p class=\"has-text-align-center\">Todos los datos se procesan de acuerdo con los principios del Art\u00edculo 5.1-2, lo que garantiza la transparencia con todo el uso de datos.<\/p>\n<\/div>\n<\/div>\n<\/div>\n\n\n\n<div style=\"height:110px;--tablet-height:60px;--mobile-height:48px\" class=\"wp-block-lookeen-blocks-responsive-spacer\"><\/div>\n","protected":false},"excerpt":{"rendered":"<p>Formularios f\u00e1ciles y potentes Formas din\u00e1micas que impulsan un cambio real Dale una voz a tus usuarios Zenforms es un generador de formularios simple pero poderoso para obtener la informaci\u00f3n que desee: interact\u00fae con su comunidad, recopile datos interesantes para el pr\u00f3ximo lanzamiento de productos, obtenga comentarios valiosos de los clientes o recopile direcciones de [&hellip;]<\/p>\n","protected":false},"author":30,"featured_media":0,"parent":0,"menu_order":29,"comment_status":"closed","ping_status":"closed","template":"wp-custom-template-es-page-zenforms","meta":{"yasr_overall_rating":0,"yasr_post_is_review":"","yasr_auto_insert_disabled":"","yasr_review_type":"","footnotes":""},"class_list":["post-72795","page","type-page","status-publish","hentry"],"yoast_head":"<!-- This site is optimized with the Yoast SEO plugin v27.3 - https:\/\/yoast.com\/product\/yoast-seo-wordpress\/ -->\n<title>Zenforms | Zenkit<\/title>\n<meta name=\"description\" content=\"Create easy and powerful forms in minutes\" \/>\n<meta name=\"robots\" content=\"index, follow, max-snippet:-1, max-image-preview:large, max-video-preview:-1\" \/>\n<link rel=\"canonical\" href=\"https:\/\/zenkit.com\/es\/forms\/\" \/>\n<meta property=\"og:locale\" content=\"es_ES\" \/>\n<meta property=\"og:type\" content=\"article\" \/>\n<meta property=\"og:title\" content=\"Zenforms | Zenkit\" \/>\n<meta property=\"og:description\" content=\"Create easy and powerful forms in minutes\" \/>\n<meta property=\"og:url\" content=\"https:\/\/zenkit.com\/es\/forms\/\" \/>\n<meta property=\"og:site_name\" content=\"Zenkit\" \/>\n<meta property=\"article:publisher\" content=\"https:\/\/www.facebook.com\/ZenkitHQ\" \/>\n<meta property=\"article:modified_time\" content=\"2025-09-24T02:20:55+00:00\" \/>\n<meta property=\"og:image\" content=\"https:\/\/zenkit.com\/wp-content\/uploads\/2022\/03\/social.jpg\" \/>\n\t<meta property=\"og:image:width\" content=\"1200\" \/>\n\t<meta property=\"og:image:height\" content=\"630\" \/>\n\t<meta property=\"og:image:type\" content=\"image\/jpeg\" \/>\n<meta name=\"twitter:card\" content=\"summary_large_image\" \/>\n<meta name=\"twitter:description\" content=\"Create easy and powerful forms in minutes\" \/>\n<meta name=\"twitter:image\" content=\"https:\/\/zenkit.com\/wp-content\/uploads\/2022\/03\/social.jpg\" \/>\n<meta name=\"twitter:site\" content=\"@ZenkitHQ\" \/>\n<meta name=\"twitter:label1\" content=\"Tiempo de lectura\" \/>\n\t<meta name=\"twitter:data1\" content=\"45 minutos\" \/>\n<script type=\"application\/ld+json\" class=\"yoast-schema-graph\">{\"@context\":\"https:\\\/\\\/schema.org\",\"@graph\":[{\"@type\":\"WebPage\",\"@id\":\"https:\\\/\\\/zenkit.com\\\/es\\\/forms\\\/\",\"url\":\"https:\\\/\\\/zenkit.com\\\/es\\\/forms\\\/\",\"name\":\"Zenforms | Zenkit\",\"isPartOf\":{\"@id\":\"https:\\\/\\\/zenkit.com\\\/es\\\/#website\"},\"primaryImageOfPage\":{\"@id\":\"https:\\\/\\\/zenkit.com\\\/es\\\/forms\\\/#primaryimage\"},\"image\":{\"@id\":\"https:\\\/\\\/zenkit.com\\\/es\\\/forms\\\/#primaryimage\"},\"thumbnailUrl\":\"https:\\\/\\\/zenkit.com\\\/wp-content\\\/uploads\\\/2020\\\/10\\\/apple-store-badge.svg\",\"datePublished\":\"2021-06-14T11:45:38+00:00\",\"dateModified\":\"2025-09-24T02:20:55+00:00\",\"description\":\"Create easy and powerful forms in minutes\",\"breadcrumb\":{\"@id\":\"https:\\\/\\\/zenkit.com\\\/es\\\/forms\\\/#breadcrumb\"},\"inLanguage\":\"es\",\"potentialAction\":[{\"@type\":\"ReadAction\",\"target\":[\"https:\\\/\\\/zenkit.com\\\/es\\\/forms\\\/\"]}]},{\"@type\":\"ImageObject\",\"inLanguage\":\"es\",\"@id\":\"https:\\\/\\\/zenkit.com\\\/es\\\/forms\\\/#primaryimage\",\"url\":\"https:\\\/\\\/zenkit.com\\\/wp-content\\\/uploads\\\/2020\\\/10\\\/apple-store-badge.svg\",\"contentUrl\":\"https:\\\/\\\/zenkit.com\\\/wp-content\\\/uploads\\\/2020\\\/10\\\/apple-store-badge.svg\"},{\"@type\":\"BreadcrumbList\",\"@id\":\"https:\\\/\\\/zenkit.com\\\/es\\\/forms\\\/#breadcrumb\",\"itemListElement\":[{\"@type\":\"ListItem\",\"position\":1,\"name\":\"Home\",\"item\":\"https:\\\/\\\/zenkit.com\\\/es\\\/\"},{\"@type\":\"ListItem\",\"position\":2,\"name\":\"Zenforms\"}]},{\"@type\":\"WebSite\",\"@id\":\"https:\\\/\\\/zenkit.com\\\/es\\\/#website\",\"url\":\"https:\\\/\\\/zenkit.com\\\/es\\\/\",\"name\":\"Zenkit\",\"description\":\"Zenkit Tagline\",\"potentialAction\":[{\"@type\":\"SearchAction\",\"target\":{\"@type\":\"EntryPoint\",\"urlTemplate\":\"https:\\\/\\\/zenkit.com\\\/es\\\/?s={search_term_string}\"},\"query-input\":{\"@type\":\"PropertyValueSpecification\",\"valueRequired\":true,\"valueName\":\"search_term_string\"}}],\"inLanguage\":\"es\"},false]}<\/script>\n<!-- \/ Yoast SEO plugin. -->","yoast_head_json":{"title":"Zenforms | Zenkit","description":"Create easy and powerful forms in minutes","robots":{"index":"index","follow":"follow","max-snippet":"max-snippet:-1","max-image-preview":"max-image-preview:large","max-video-preview":"max-video-preview:-1"},"canonical":"https:\/\/zenkit.com\/es\/forms\/","og_locale":"es_ES","og_type":"article","og_title":"Zenforms | Zenkit","og_description":"Create easy and powerful forms in minutes","og_url":"https:\/\/zenkit.com\/es\/forms\/","og_site_name":"Zenkit","article_publisher":"https:\/\/www.facebook.com\/ZenkitHQ","article_modified_time":"2025-09-24T02:20:55+00:00","og_image":[{"width":1200,"height":630,"url":"https:\/\/zenkit.com\/wp-content\/uploads\/2022\/03\/social.jpg","type":"image\/jpeg"}],"twitter_card":"summary_large_image","twitter_description":"Create easy and powerful forms in minutes","twitter_image":"https:\/\/zenkit.com\/wp-content\/uploads\/2022\/03\/social.jpg","twitter_site":"@ZenkitHQ","twitter_misc":{"Tiempo de lectura":"45 minutos"},"schema":{"@context":"https:\/\/schema.org","@graph":[{"@type":"WebPage","@id":"https:\/\/zenkit.com\/es\/forms\/","url":"https:\/\/zenkit.com\/es\/forms\/","name":"Zenforms | Zenkit","isPartOf":{"@id":"https:\/\/zenkit.com\/es\/#website"},"primaryImageOfPage":{"@id":"https:\/\/zenkit.com\/es\/forms\/#primaryimage"},"image":{"@id":"https:\/\/zenkit.com\/es\/forms\/#primaryimage"},"thumbnailUrl":"https:\/\/zenkit.com\/wp-content\/uploads\/2020\/10\/apple-store-badge.svg","datePublished":"2021-06-14T11:45:38+00:00","dateModified":"2025-09-24T02:20:55+00:00","description":"Create easy and powerful forms in minutes","breadcrumb":{"@id":"https:\/\/zenkit.com\/es\/forms\/#breadcrumb"},"inLanguage":"es","potentialAction":[{"@type":"ReadAction","target":["https:\/\/zenkit.com\/es\/forms\/"]}]},{"@type":"ImageObject","inLanguage":"es","@id":"https:\/\/zenkit.com\/es\/forms\/#primaryimage","url":"https:\/\/zenkit.com\/wp-content\/uploads\/2020\/10\/apple-store-badge.svg","contentUrl":"https:\/\/zenkit.com\/wp-content\/uploads\/2020\/10\/apple-store-badge.svg"},{"@type":"BreadcrumbList","@id":"https:\/\/zenkit.com\/es\/forms\/#breadcrumb","itemListElement":[{"@type":"ListItem","position":1,"name":"Home","item":"https:\/\/zenkit.com\/es\/"},{"@type":"ListItem","position":2,"name":"Zenforms"}]},{"@type":"WebSite","@id":"https:\/\/zenkit.com\/es\/#website","url":"https:\/\/zenkit.com\/es\/","name":"Zenkit","description":"Zenkit Tagline","potentialAction":[{"@type":"SearchAction","target":{"@type":"EntryPoint","urlTemplate":"https:\/\/zenkit.com\/es\/?s={search_term_string}"},"query-input":{"@type":"PropertyValueSpecification","valueRequired":true,"valueName":"search_term_string"}}],"inLanguage":"es"},false]}},"yasr_visitor_votes":{"stars_attributes":{"read_only":false,"span_bottom":false},"number_of_votes":0,"sum_votes":0},"_links":{"self":[{"href":"https:\/\/zenkit.com\/es\/wp-json\/wp\/v2\/pages\/72795","targetHints":{"allow":["GET"]}}],"collection":[{"href":"https:\/\/zenkit.com\/es\/wp-json\/wp\/v2\/pages"}],"about":[{"href":"https:\/\/zenkit.com\/es\/wp-json\/wp\/v2\/types\/page"}],"author":[{"embeddable":true,"href":"https:\/\/zenkit.com\/es\/wp-json\/wp\/v2\/users\/30"}],"replies":[{"embeddable":true,"href":"https:\/\/zenkit.com\/es\/wp-json\/wp\/v2\/comments?post=72795"}],"version-history":[{"count":6,"href":"https:\/\/zenkit.com\/es\/wp-json\/wp\/v2\/pages\/72795\/revisions"}],"predecessor-version":[{"id":167141,"href":"https:\/\/zenkit.com\/es\/wp-json\/wp\/v2\/pages\/72795\/revisions\/167141"}],"wp:attachment":[{"href":"https:\/\/zenkit.com\/es\/wp-json\/wp\/v2\/media?parent=72795"}],"curies":[{"name":"wp","href":"https:\/\/api.w.org\/{rel}","templated":true}]}}