{"id":73064,"date":"2021-08-19T16:13:57","date_gmt":"2021-08-19T14:13:57","guid":{"rendered":"https:\/\/zenkit.com\/kit-de-prensa\/hypernotes-press-release\/"},"modified":"2025-08-29T18:16:59","modified_gmt":"2025-08-29T16:16:59","slug":"hypernotes-press-release","status":"publish","type":"page","link":"https:\/\/zenkit.com\/es\/kit-de-prensa\/hypernotes-press-release\/","title":{"rendered":"Hypernotes Press Release"},"content":{"rendered":"\n<div class=\"wp-block-group has-global-padding is-layout-constrained wp-block-group-is-layout-constrained\">\n<div class=\"wp-block-group width--950 has-global-padding is-layout-constrained wp-block-group-is-layout-constrained\">\n<div style=\"height:45px;--tablet-height:45px;--mobile-height:16px\" class=\"wp-block-lookeen-blocks-responsive-spacer\"><\/div>\n\n\n\n<div class=\"wp-block-group has-global-padding is-layout-constrained wp-block-group-is-layout-constrained\">\n<h1 class=\"wp-block-heading has-text-align-center\" style=\"margin-bottom:8px\">Hypernotes aborda la necesidad de una gesti\u00f3n intuitiva del conocimiento en equipos distribuidos<\/h1>\n<\/div>\n\n\n\n<div class=\"wp-block-group has-global-padding is-layout-constrained wp-block-group-is-layout-constrained\">\n<p class=\"has-text-align-center subheading\">El paquete de productividad Zenkit da la bienvenida a Hypernotes, dise\u00f1ado para mejorar la gesti\u00f3n colaborativa del conocimiento y el intercambio de ideas<\/p>\n<\/div>\n\n\n\n<div style=\"height:48px;--tablet-height:36px;--mobile-height:24px\" class=\"wp-block-lookeen-blocks-responsive-spacer\"><\/div>\n\n\n\n<div class=\"wp-block-group has-global-padding is-layout-constrained wp-block-group-is-layout-constrained\">\n<p class=\"has-text-align-center press__headline has-text-color has-link-color wp-elements-c8e32764562cfb5cc003ddab816ba97a\" style=\"color:#939393;font-size:24px;font-style:normal;font-weight:700;line-height:1.5\"><strong><strong>March 11th, 2021 \u2013 Karlsruhe, Germany<\/strong><\/strong><\/p>\n<\/div>\n<\/div>\n\n\n\n<div style=\"height:88px;--tablet-height:72px;--mobile-height:40px\" class=\"wp-block-lookeen-blocks-responsive-spacer\"><\/div>\n<\/div>\n\n\n\n<div class=\"wp-block-group has-global-padding is-layout-constrained wp-block-group-is-layout-constrained\">\n<div class=\"wp-block-columns is-layout-flex wp-container-core-columns-is-layout-b8d659ec wp-block-columns-is-layout-flex\">\n<div class=\"wp-block-column is-layout-flow wp-block-column-is-layout-flow\">\n<p class=\"has-da-grey-2-color has-text-color has-link-color wp-elements-64f74e6cbdb4ce57da739aa012a7be6f\">El equipo de Zenkit se enorgullece en anunciar el lanzamiento de Hypernotes, la cuarta aplicaci\u00f3n que se une a la suite de productividad de Zenkit. Hypernotes es una aplicaci\u00f3n de gesti\u00f3n del conocimiento del equipo que permite la toma de notas colaborativa, la elaboraci\u00f3n de esquemas y la vinculaci\u00f3n intuitiva de ideas. Hypernotes estar\u00e1 disponible en todas las tiendas de aplicaciones, a trav\u00e9s de la web y como una aplicaci\u00f3n de escritorio.\u00a0<\/p>\n\n\n\n<p>La necesidad de compartir conocimientos de manera efectiva y a largo plazo siempre ha sido clara, y estudios recientes ponen precio a su impacto en los resultados de una empresa. Seg\u00fan el\u00a0<a href=\"https:\/\/www.panopto.com\/resource\/valuing-workplace-knowledge\/\">Informe de Productividad y Conocimiento del Lugar de Trabajo de Panopto<\/a>\u00a0de 2018, \u00abla empresa grande promedio de EE. UU. pierde $ 47 millones en productividad cada a\u00f1o como resultado directo del intercambio de conocimiento ineficiente\u00bb. \u201cEl 42 por ciento del conocimiento institucional es exclusivo del individuo\u201d, lo que significa que la rotaci\u00f3n de empleados o la falta de disponibilidad temporal da como resultado directamente una p\u00e9rdida del 42 por ciento de la capacidad para realizar su trabajo en particular.<\/p>\n<\/div>\n\n\n\n<div class=\"wp-block-column is-layout-flow wp-block-column-is-layout-flow\">\n<p class=\"has-da-grey-1-color has-text-color has-link-color wp-elements-c8df5566f3e0e7466a9281b1c68069b2\">A medida que m\u00e1s equipos avanzan hacia un modelo de trabajo distribuido, se vuelve a\u00fan m\u00e1s importante reunir todo el conocimiento de la empresa en un solo lugar. Dice el CEO de Zenkit, Martin Welker, \u201cLa adici\u00f3n de Hypernotes a la suite Zenkit tiene como objetivo satisfacer la necesidad de poder agrupar de manera efectiva el conocimiento de todos los miembros de la empresa en un valioso recurso compartido. Hypernotes ayuda a las personas a documentar y organizar de manera intuitiva sus ideas, investigaciones y conocimientos, establecer conexiones con conceptos relacionados y, en \u00faltima instancia, permite a los equipos alcanzar sus objetivos de manera m\u00e1s r\u00e1pida y consistente.<\/p>\n\n\n\n<p class=\"has-da-grey-1-color has-text-color has-link-color wp-elements-581bd05cbcec65a5504f1afb9d3e41fe\">\u201cNuestro objetivo es que Hypernotes aumente la proporci\u00f3n de \u201clectura:escritura\u201d en la documentaci\u00f3n organizacional, para garantizar que las personas realmente lean lo que se ha escrito. Esto se logra a trav\u00e9s de esquemas y referencias efectivas que permiten a los usuarios navegar r\u00e1pidamente a la informaci\u00f3n importante. Queremos que Hypernotes ayude a preparar su organizaci\u00f3n para el futuro\u201d.<\/p>\n<\/div>\n<\/div>\n\n\n\n<div style=\"height:88px;--tablet-height:72px;--mobile-height:40px\" class=\"wp-block-lookeen-blocks-responsive-spacer\"><\/div>\n<\/div>\n\n\n\n<div class=\"wp-block-group has-global-padding is-layout-constrained wp-block-group-is-layout-constrained\">\n<div style=\"height:45px;--tablet-height:45px;--mobile-height:16px\" class=\"wp-block-lookeen-blocks-responsive-spacer\"><\/div>\n\n\n\n<h2 class=\"wp-block-heading has-text-align-center\" style=\"margin-bottom:0px\">Hypernotes logra este elevado objetivo con una serie de caracter\u00edsticas que se han convertido en el est\u00e1ndar de oro para la gesti\u00f3n del conocimiento personal y organizacional en los \u00faltimos a\u00f1os:<\/h2>\n\n\n\n<div style=\"height:48px;--tablet-height:36px;--mobile-height:24px\" class=\"wp-block-lookeen-blocks-responsive-spacer\"><\/div>\n\n\n\n<div class=\"wp-block-group has-global-padding is-layout-constrained wp-block-group-is-layout-constrained\">\n<div class=\"wp-block-columns is-layout-flex wp-container-core-columns-is-layout-28f84493 wp-block-columns-is-layout-flex\">\n<div class=\"wp-block-column is-layout-flow wp-block-column-is-layout-flow\">\n<ul class=\"wp-block-list list__with-checkmark-blue-and-underline\">\n<li>Enlace bidireccional entre notas relacionadas,<\/li>\n\n\n\n<li>Esbozar grandes temas en subtemas m\u00e1s peque\u00f1os,<\/li>\n\n\n\n<li>Sugerencias automatizadas para vincular notas relacionadas pero a\u00fan no conectadas,<\/li>\n\n\n\n<li>Incrustaci\u00f3n de bloques de texto para reducir el contenido duplicado,<\/li>\n<\/ul>\n<\/div>\n\n\n\n<div class=\"wp-block-column is-layout-flow wp-block-column-is-layout-flow\">\n<ul class=\"wp-block-list list__with-checkmark-blue-and-underline\">\n<li>Gr\u00e1ficos de conocimiento para un mejor descubrimiento,<\/li>\n\n\n\n<li>Aplicaciones m\u00f3viles en todas las plataformas y acceso sin conexi\u00f3n,<\/li>\n\n\n\n<li>Amplia colaboraci\u00f3n a nivel de tareas, notas y cuadernos.<\/li>\n<\/ul>\n<\/div>\n<\/div>\n<\/div>\n\n\n\n<div style=\"height:88px;--tablet-height:72px;--mobile-height:40px\" class=\"wp-block-lookeen-blocks-responsive-spacer\"><\/div>\n<\/div>\n\n\n\n<div class=\"wp-block-group has-global-padding is-layout-constrained wp-block-group-is-layout-constrained\">\n<h2 class=\"wp-block-heading has-text-align-center\" style=\"margin-bottom:0px\">Adem\u00e1s, Hypernotes ofrece de manera \u00fanica:<\/h2>\n\n\n\n<div style=\"height:48px;--tablet-height:36px;--mobile-height:24px\" class=\"wp-block-lookeen-blocks-responsive-spacer\"><\/div>\n\n\n\n<div class=\"wp-block-group has-global-padding is-layout-constrained wp-block-group-is-layout-constrained\">\n<div class=\"wp-block-columns is-layout-flex wp-container-core-columns-is-layout-28f84493 wp-block-columns-is-layout-flex\">\n<div class=\"wp-block-column is-layout-flow wp-block-column-is-layout-flow\">\n<ul class=\"wp-block-list list__with-checkmark-blue-and-underline\">\n<li>Herramientas de productividad dedicadas integradas a trav\u00e9s de Zenkit Suite,<\/li>\n\n\n\n<li>Conformidad con el RGPD y servidores basados en la UE,<\/li>\n<\/ul>\n<\/div>\n\n\n\n<div class=\"wp-block-column is-layout-flow wp-block-column-is-layout-flow\">\n<ul class=\"wp-block-list list__with-checkmark-blue-and-underline\">\n<li>Administrador de nivel empresarial y gesti\u00f3n de usuarios,<\/li>\n\n\n\n<li>Seguimiento de actividad en niveles de tareas, notas y cuadernos.<\/li>\n<\/ul>\n<\/div>\n<\/div>\n<\/div>\n<\/div>\n\n\n\n<div style=\"height:88px;--tablet-height:72px;--mobile-height:40px\" class=\"wp-block-lookeen-blocks-responsive-spacer\"><\/div>\n\n\n\n<div class=\"wp-block-group has-global-padding is-layout-constrained wp-container-core-group-is-layout-7cc94c3e wp-block-group-is-layout-constrained\">\n<div class=\"wp-block-group has-global-padding is-layout-constrained wp-block-group-is-layout-constrained\">\n<p class=\"has-text-align-center has-da-grey-2-color has-text-color has-link-color wp-elements-3c13fb80b9b54d7cca91d1c65d845416\">Aunque la gesti\u00f3n del conocimiento de la empresa es el caso de uso principal, hay muchas otras \u00e1reas en las que una herramienta de este tipo ser\u00eda \u00fatil, como en proyectos de investigaci\u00f3n individuales o en equipo, redacci\u00f3n de libros, redacci\u00f3n de diarios, toma de notas Zettelkasten, documentaci\u00f3n de productos y m\u00e1s.<\/p>\n\n\n\n<p class=\"has-text-align-center\">Para obtener m\u00e1s informaci\u00f3n sobre Hypernotes, visite\u00a0<a href=\"https:\/\/zenkit.com\/es\/hypernotes\/\">https:\/\/zenkit.com\/hypernotes<\/a>. Para usar la aplicaci\u00f3n Hypernotes, visite: el\u00a0<a href=\"https:\/\/hypernotes.zenkit.com\/\">sitio web<\/a>\u00a0o desc\u00e1rguela a iOS, Android, Mac, Windows o Linux despu\u00e9s del lanzamiento.<\/p>\n<\/div>\n\n\n\n<div style=\"height:88px;--tablet-height:72px;--mobile-height:40px\" class=\"wp-block-lookeen-blocks-responsive-spacer\"><\/div>\n\n\n\n<h3 class=\"wp-block-heading has-text-align-center\" style=\"margin-bottom:8px;font-style:normal;font-weight:700\">Acerca de Zenkit:<\/h3>\n\n\n\n<p class=\"has-text-align-center has-da-grey-2-color has-text-color has-link-color wp-elements-584c141e8bd89fe7a9540d9df97b6b51\">Zenkit es una startup formada bajo Axonic GmbH, una empresa alemana fundada en 2003. La plataforma de gesti\u00f3n y colaboraci\u00f3n de proyectos SaaS se lanz\u00f3 en octubre de 2016. Hypernotes, el cuarto producto de Zenkit Suite, fue desarrollado y lanzado por Zenkit.<\/p>\n<\/div>\n\n\n\n<div style=\"height:110px;--tablet-height:60px;--mobile-height:48px\" class=\"wp-block-lookeen-blocks-responsive-spacer\"><\/div>\n","protected":false},"excerpt":{"rendered":"<p>Hypernotes aborda la necesidad de una gesti\u00f3n intuitiva del conocimiento en equipos distribuidos El paquete de productividad Zenkit da la bienvenida a Hypernotes, dise\u00f1ado para mejorar la gesti\u00f3n colaborativa del conocimiento y el intercambio de ideas March 11th, 2021 \u2013 Karlsruhe, Germany El equipo de Zenkit se enorgullece en anunciar el lanzamiento de Hypernotes, la [&hellip;]<\/p>\n","protected":false},"author":30,"featured_media":0,"parent":61702,"menu_order":4,"comment_status":"closed","ping_status":"closed","template":"","meta":{"yasr_overall_rating":0,"yasr_post_is_review":"","yasr_auto_insert_disabled":"","yasr_review_type":"","footnotes":""},"class_list":["post-73064","page","type-page","status-publish","hentry"],"yoast_head":"<!-- This site is optimized with the Yoast SEO plugin v27.4 - https:\/\/yoast.com\/product\/yoast-seo-wordpress\/ -->\n<title>Hypernotes Press Release | Zenkit<\/title>\n<meta name=\"description\" content=\"Hypernotes, the team knowledge management app that enables collaborative note-taking, outlining, and the intuitive linking of ideas was released on March 11th, 2021.\" \/>\n<meta name=\"robots\" content=\"index, follow, max-snippet:-1, max-image-preview:large, max-video-preview:-1\" \/>\n<link rel=\"canonical\" href=\"https:\/\/zenkit.com\/es\/kit-de-prensa\/hypernotes-press-release\/\" \/>\n<meta property=\"og:locale\" content=\"es_ES\" \/>\n<meta property=\"og:type\" content=\"article\" \/>\n<meta property=\"og:title\" content=\"Hypernotes Press Release | Zenkit\" \/>\n<meta property=\"og:description\" content=\"Hypernotes, the team knowledge management app that enables collaborative note-taking, outlining, and the intuitive linking of ideas was released on March 11th, 2021.\" \/>\n<meta property=\"og:url\" content=\"https:\/\/zenkit.com\/es\/kit-de-prensa\/hypernotes-press-release\/\" \/>\n<meta property=\"og:site_name\" content=\"Zenkit\" \/>\n<meta property=\"article:publisher\" content=\"https:\/\/www.facebook.com\/ZenkitHQ\" \/>\n<meta property=\"article:modified_time\" content=\"2025-08-29T16:16:59+00:00\" \/>\n<meta name=\"twitter:card\" content=\"summary_large_image\" \/>\n<meta name=\"twitter:site\" content=\"@ZenkitHQ\" \/>\n<meta name=\"twitter:label1\" content=\"Tiempo de lectura\" \/>\n\t<meta name=\"twitter:data1\" content=\"4 minutos\" \/>\n<script type=\"application\/ld+json\" class=\"yoast-schema-graph\">{\"@context\":\"https:\\\/\\\/schema.org\",\"@graph\":[{\"@type\":\"WebPage\",\"@id\":\"https:\\\/\\\/zenkit.com\\\/es\\\/kit-de-prensa\\\/hypernotes-press-release\\\/\",\"url\":\"https:\\\/\\\/zenkit.com\\\/es\\\/kit-de-prensa\\\/hypernotes-press-release\\\/\",\"name\":\"Hypernotes Press Release | Zenkit\",\"isPartOf\":{\"@id\":\"https:\\\/\\\/zenkit.com\\\/es\\\/#website\"},\"datePublished\":\"2021-08-19T14:13:57+00:00\",\"dateModified\":\"2025-08-29T16:16:59+00:00\",\"description\":\"Hypernotes, the team knowledge management app that enables collaborative note-taking, outlining, and the intuitive linking of ideas was released on March 11th, 2021.\",\"breadcrumb\":{\"@id\":\"https:\\\/\\\/zenkit.com\\\/es\\\/kit-de-prensa\\\/hypernotes-press-release\\\/#breadcrumb\"},\"inLanguage\":\"es\",\"potentialAction\":[{\"@type\":\"ReadAction\",\"target\":[\"https:\\\/\\\/zenkit.com\\\/es\\\/kit-de-prensa\\\/hypernotes-press-release\\\/\"]}]},{\"@type\":\"BreadcrumbList\",\"@id\":\"https:\\\/\\\/zenkit.com\\\/es\\\/kit-de-prensa\\\/hypernotes-press-release\\\/#breadcrumb\",\"itemListElement\":[{\"@type\":\"ListItem\",\"position\":1,\"name\":\"Home\",\"item\":\"https:\\\/\\\/zenkit.com\\\/es\\\/\"},{\"@type\":\"ListItem\",\"position\":2,\"name\":\"Kit de Prensa\",\"item\":\"https:\\\/\\\/zenkit.com\\\/es\\\/kit-de-prensa\\\/\"},{\"@type\":\"ListItem\",\"position\":3,\"name\":\"Hypernotes Press Release\"}]},{\"@type\":\"WebSite\",\"@id\":\"https:\\\/\\\/zenkit.com\\\/es\\\/#website\",\"url\":\"https:\\\/\\\/zenkit.com\\\/es\\\/\",\"name\":\"Zenkit\",\"description\":\"Zenkit Tagline\",\"potentialAction\":[{\"@type\":\"SearchAction\",\"target\":{\"@type\":\"EntryPoint\",\"urlTemplate\":\"https:\\\/\\\/zenkit.com\\\/es\\\/?s={search_term_string}\"},\"query-input\":{\"@type\":\"PropertyValueSpecification\",\"valueRequired\":true,\"valueName\":\"search_term_string\"}}],\"inLanguage\":\"es\"},false]}<\/script>\n<!-- \/ Yoast SEO plugin. -->","yoast_head_json":{"title":"Hypernotes Press Release | Zenkit","description":"Hypernotes, the team knowledge management app that enables collaborative note-taking, outlining, and the intuitive linking of ideas was released on March 11th, 2021.","robots":{"index":"index","follow":"follow","max-snippet":"max-snippet:-1","max-image-preview":"max-image-preview:large","max-video-preview":"max-video-preview:-1"},"canonical":"https:\/\/zenkit.com\/es\/kit-de-prensa\/hypernotes-press-release\/","og_locale":"es_ES","og_type":"article","og_title":"Hypernotes Press Release | Zenkit","og_description":"Hypernotes, the team knowledge management app that enables collaborative note-taking, outlining, and the intuitive linking of ideas was released on March 11th, 2021.","og_url":"https:\/\/zenkit.com\/es\/kit-de-prensa\/hypernotes-press-release\/","og_site_name":"Zenkit","article_publisher":"https:\/\/www.facebook.com\/ZenkitHQ","article_modified_time":"2025-08-29T16:16:59+00:00","twitter_card":"summary_large_image","twitter_site":"@ZenkitHQ","twitter_misc":{"Tiempo de lectura":"4 minutos"},"schema":{"@context":"https:\/\/schema.org","@graph":[{"@type":"WebPage","@id":"https:\/\/zenkit.com\/es\/kit-de-prensa\/hypernotes-press-release\/","url":"https:\/\/zenkit.com\/es\/kit-de-prensa\/hypernotes-press-release\/","name":"Hypernotes Press Release | Zenkit","isPartOf":{"@id":"https:\/\/zenkit.com\/es\/#website"},"datePublished":"2021-08-19T14:13:57+00:00","dateModified":"2025-08-29T16:16:59+00:00","description":"Hypernotes, the team knowledge management app that enables collaborative note-taking, outlining, and the intuitive linking of ideas was released on March 11th, 2021.","breadcrumb":{"@id":"https:\/\/zenkit.com\/es\/kit-de-prensa\/hypernotes-press-release\/#breadcrumb"},"inLanguage":"es","potentialAction":[{"@type":"ReadAction","target":["https:\/\/zenkit.com\/es\/kit-de-prensa\/hypernotes-press-release\/"]}]},{"@type":"BreadcrumbList","@id":"https:\/\/zenkit.com\/es\/kit-de-prensa\/hypernotes-press-release\/#breadcrumb","itemListElement":[{"@type":"ListItem","position":1,"name":"Home","item":"https:\/\/zenkit.com\/es\/"},{"@type":"ListItem","position":2,"name":"Kit de Prensa","item":"https:\/\/zenkit.com\/es\/kit-de-prensa\/"},{"@type":"ListItem","position":3,"name":"Hypernotes Press Release"}]},{"@type":"WebSite","@id":"https:\/\/zenkit.com\/es\/#website","url":"https:\/\/zenkit.com\/es\/","name":"Zenkit","description":"Zenkit Tagline","potentialAction":[{"@type":"SearchAction","target":{"@type":"EntryPoint","urlTemplate":"https:\/\/zenkit.com\/es\/?s={search_term_string}"},"query-input":{"@type":"PropertyValueSpecification","valueRequired":true,"valueName":"search_term_string"}}],"inLanguage":"es"},false]}},"yasr_visitor_votes":{"stars_attributes":{"read_only":false,"span_bottom":false},"number_of_votes":0,"sum_votes":0},"_links":{"self":[{"href":"https:\/\/zenkit.com\/es\/wp-json\/wp\/v2\/pages\/73064","targetHints":{"allow":["GET"]}}],"collection":[{"href":"https:\/\/zenkit.com\/es\/wp-json\/wp\/v2\/pages"}],"about":[{"href":"https:\/\/zenkit.com\/es\/wp-json\/wp\/v2\/types\/page"}],"author":[{"embeddable":true,"href":"https:\/\/zenkit.com\/es\/wp-json\/wp\/v2\/users\/30"}],"replies":[{"embeddable":true,"href":"https:\/\/zenkit.com\/es\/wp-json\/wp\/v2\/comments?post=73064"}],"version-history":[{"count":4,"href":"https:\/\/zenkit.com\/es\/wp-json\/wp\/v2\/pages\/73064\/revisions"}],"predecessor-version":[{"id":131882,"href":"https:\/\/zenkit.com\/es\/wp-json\/wp\/v2\/pages\/73064\/revisions\/131882"}],"up":[{"embeddable":true,"href":"https:\/\/zenkit.com\/es\/wp-json\/wp\/v2\/pages\/61702"}],"wp:attachment":[{"href":"https:\/\/zenkit.com\/es\/wp-json\/wp\/v2\/media?parent=73064"}],"curies":[{"name":"wp","href":"https:\/\/api.w.org\/{rel}","templated":true}]}}