{"id":73067,"date":"2021-04-30T10:10:23","date_gmt":"2021-04-30T08:10:23","guid":{"rendered":"https:\/\/zenkit.com\/kit-de-prensa\/zenchat-press-release\/"},"modified":"2025-09-14T11:12:11","modified_gmt":"2025-09-14T09:12:11","slug":"zenchat-press-release","status":"publish","type":"page","link":"https:\/\/zenkit.com\/es\/kit-de-prensa\/zenchat-press-release\/","title":{"rendered":"Zenchat Press Release"},"content":{"rendered":"\n<div class=\"wp-block-group has-global-padding is-layout-constrained wp-block-group-is-layout-constrained\">\n<div class=\"wp-block-group width--950 has-global-padding is-layout-constrained wp-block-group-is-layout-constrained\">\n<div style=\"height:45px;--tablet-height:45px;--mobile-height:16px\" class=\"wp-block-lookeen-blocks-responsive-spacer\"><\/div>\n\n\n\n<div class=\"wp-block-group has-global-padding is-layout-constrained wp-block-group-is-layout-constrained\">\n<h1 class=\"wp-block-heading has-text-align-center\" style=\"margin-bottom:8px\">Zenchat combina a la perfecci\u00f3n el chat en equipo y la gesti\u00f3n de tareas<\/h1>\n<\/div>\n\n\n\n<div class=\"wp-block-group has-global-padding is-layout-constrained wp-block-group-is-layout-constrained\">\n<p class=\"has-text-align-center subheading\">El equipo de Zenkit lanza una aplicaci\u00f3n de chat con funciones de gesti\u00f3n de tareas integradas para permitir una colaboraci\u00f3n hol\u00edstica en los equipos<\/p>\n<\/div>\n\n\n\n<div style=\"height:48px;--tablet-height:36px;--mobile-height:24px\" class=\"wp-block-lookeen-blocks-responsive-spacer\"><\/div>\n\n\n\n<div class=\"wp-block-group has-global-padding is-layout-constrained wp-block-group-is-layout-constrained\">\n<p class=\"has-text-align-center press__headline has-text-color has-link-color wp-elements-ef5ca1ae857dfa8e80799cf4b02518ca\" style=\"color:#939393;font-size:24px;font-style:normal;font-weight:700;line-height:1.5\">5 de Noviembre, 2020 \u2013 Karlsruhe, Alemania<\/p>\n<\/div>\n<\/div>\n\n\n\n<div style=\"height:88px;--tablet-height:72px;--mobile-height:40px\" class=\"wp-block-lookeen-blocks-responsive-spacer\"><\/div>\n<\/div>\n\n\n\n<div class=\"wp-block-group has-global-padding is-layout-constrained wp-block-group-is-layout-constrained\">\n<div class=\"wp-block-columns is-layout-flex wp-container-core-columns-is-layout-b8d659ec wp-block-columns-is-layout-flex\">\n<div class=\"wp-block-column is-layout-flow wp-block-column-is-layout-flow\">\n<p class=\"has-da-grey-2-color has-text-color has-link-color wp-elements-716f0da0942af0b4383bebe24c16fdc6\">El equipo detr\u00e1s de la galardonada soluci\u00f3n de gesti\u00f3n de proyectos Zenkit lanza Zenchat, una aplicaci\u00f3n de colaboraci\u00f3n que combina a la perfecci\u00f3n la gesti\u00f3n de chat y tareas para una experiencia de comunicaci\u00f3n m\u00e1s completa. Zenchat estar\u00e1 disponible en todas las tiendas de aplicaciones y como versi\u00f3n de escritorio.<\/p>\n\n\n\n<p class=\"has-da-grey-2-color has-text-color has-link-color wp-elements-1a1daad4f24e16a76cdc58ca252e68fe\">El uso de aplicaciones de chat como una parte normal o incluso necesaria del trabajo ha ido en aumento en los \u00faltimos a\u00f1os, y el n\u00famero cada vez mayor de personas que trabajan desde casa debido a COVID solo ha provocado que su uso se dispare en 2020.<\/p>\n<\/div>\n\n\n\n<div class=\"wp-block-column is-layout-flow wp-block-column-is-layout-flow\">\n<p class=\"has-da-grey-1-color has-text-color has-link-color wp-elements-e03e9acf1a633758147373d2fc326d89\">Seg\u00fan un&nbsp;<a href=\"https:\/\/www.statista.com\/statistics\/1170480\/percentage-increase-in-enterprise-devices-with-collaboration-apps\/\">informe&nbsp;<\/a>de Statista de septiembre de 2020, \u201cHubo un aumento de m\u00e1s del 100 % en la cantidad de dispositivos empresariales instalados con aplicaciones de colaboraci\u00f3n a fines de marzo de 2020 en comparaci\u00f3n con el nivel anterior a la COVID, y un aumento del 176 % a mediados de mayo. 2020.\u201d<\/p>\n\n\n\n<p class=\"has-da-grey-1-color has-text-color has-link-color wp-elements-20148e8fbefabf6f4401614e54864b71\">Adem\u00e1s, se espera que el mercado global de colaboraci\u00f3n en l\u00ednea crezca a $ 59,86 mil millones para 2023, seg\u00fan una CAGR prevista del 11,6% de 2018 a 2023\u201d, seg\u00fan&nbsp;<a href=\"https:\/\/www.marketsandmarkets.com\/PressReleases\/enterprise-collaboration.asp\">Markets &amp; Markets<\/a>.<\/p>\n\n\n\n<div class=\"wp-block-group has-background has-global-padding is-layout-constrained wp-container-core-group-is-layout-8412c99a wp-block-group-is-layout-constrained\" style=\"border-radius:20px;background-color:#efefef;margin-bottom:24px;padding-top:20px;padding-right:20px;padding-bottom:20px;padding-left:20px\">\n<p class=\"has-da-grey-1-color has-text-color has-link-color wp-elements-aa96449139c25e49af7d39c704436b16\" style=\"font-size:14px\">\u201cA la gente le encanta chatear. Es la naturaleza humana. Pero las aplicaciones de chat no brindan la estructura necesaria para una productividad sostenible como lo hacen las listas y los tableros Kanban\u201d, dice el CEO de Zenkit, Martin Welker.<\/p>\n<\/div>\n<\/div>\n<\/div>\n<\/div>\n\n\n\n<div style=\"height:45px;--tablet-height:45px;--mobile-height:16px\" class=\"wp-block-lookeen-blocks-responsive-spacer\"><\/div>\n\n\n\n<figure class=\"wp-block-image aligncenter size-large is-resized border-radius--20 overflow__hidden  box__shadow\"><img loading=\"lazy\" decoding=\"async\" width=\"1024\" height=\"538\" src=\"https:\/\/zenkit.com\/wp-content\/uploads\/2021\/01\/zenchat-social-1024x538.jpg\" alt=\"zenchat social\" class=\"wp-image-55187\" style=\"width:491px;height:auto\" srcset=\"https:\/\/zenkit.com\/wp-content\/uploads\/2021\/01\/zenchat-social-1024x538.jpg 1024w, https:\/\/zenkit.com\/wp-content\/uploads\/2021\/01\/zenchat-social-300x158.jpg 300w, https:\/\/zenkit.com\/wp-content\/uploads\/2021\/01\/zenchat-social-768x403.jpg 768w, https:\/\/zenkit.com\/wp-content\/uploads\/2021\/01\/zenchat-social.jpg 1200w\" sizes=\"auto, (max-width: 1024px) 100vw, 1024px\" \/><\/figure>\n\n\n\n<div style=\"height:88px;--tablet-height:72px;--mobile-height:40px\" class=\"wp-block-lookeen-blocks-responsive-spacer\"><\/div>\n\n\n\n<div class=\"wp-block-group has-global-padding is-layout-constrained wp-block-group-is-layout-constrained\">\n<h2 class=\"wp-block-heading has-text-align-center\" style=\"margin-bottom:0px\">\u201cCon Zenchat nuestro objetivo es resolver ese problema reuni\u00e9ndonos con las personas donde est\u00e1n\u201d.<\/h2>\n\n\n\n<div style=\"height:48px;--tablet-height:36px;--mobile-height:24px\" class=\"wp-block-lookeen-blocks-responsive-spacer\"><\/div>\n\n\n\n<div class=\"wp-block-group has-global-padding is-layout-constrained wp-block-group-is-layout-constrained\">\n<div class=\"wp-block-columns is-layout-flex wp-container-core-columns-is-layout-28f84493 wp-block-columns-is-layout-flex\">\n<div class=\"wp-block-column is-layout-flow wp-block-column-is-layout-flow\">\n<ul class=\"wp-block-list list__with-checkmark-blue-and-underline\">\n<li>Zenchat es la primera aplicaci\u00f3n de chat que integra a la perfecci\u00f3n la gesti\u00f3n de tareas en sus mensajes.<\/li>\n\n\n\n<li>Convierta r\u00e1pidamente cualquier mensaje en una tarea y asigne o edite dentro de su chat. Nunca vuelvas a cambiar de aplicaci\u00f3n para la gesti\u00f3n de tareas rutinarias.<\/li>\n\n\n\n<li>Adquiera el h\u00e1bito de chatear directamente sobre las tareas para que la informaci\u00f3n valiosa permanezca donde pertenece.<\/li>\n\n\n\n<li>Opcionalmente, vea chats relacionados con todas las tareas en un proyecto, o elija enfocarse solo en sus tareas.<\/li>\n<\/ul>\n<\/div>\n\n\n\n<div class=\"wp-block-column is-layout-flow wp-block-column-is-layout-flow\">\n<ul class=\"wp-block-list list__with-checkmark-blue-and-underline\">\n<li>\u00a1Opcionalmente, con\u00e9ctese al Universo Zenkit para ver sus tareas en vistas avanzadas como Kanban, Gantt, aplicaciones de listas de tareas y viceversa!<\/li>\n\n\n\n<li>Al igual que otros productos de Zenkit, Zenchat est\u00e1 preparado para empresas: SSO, aprovisionamiento de SCIM, herramientas de administraci\u00f3n, gesti\u00f3n de identidad y m\u00e1s.<\/li>\n\n\n\n<li>Zenchat es una aplicaci\u00f3n gratuita con un plan de pago opcional.<\/li>\n<\/ul>\n<\/div>\n<\/div>\n<\/div>\n\n\n\n<div style=\"height:88px;--tablet-height:72px;--mobile-height:40px\" class=\"wp-block-lookeen-blocks-responsive-spacer\"><\/div>\n\n\n\n<div class=\"wp-block-group has-global-padding is-layout-constrained wp-container-core-group-is-layout-7cc94c3e wp-block-group-is-layout-constrained\">\n<div class=\"wp-block-group has-global-padding is-layout-constrained wp-block-group-is-layout-constrained\">\n<p class=\"has-text-align-center has-da-grey-2-color has-text-color has-link-color wp-elements-1f9bf8baeb0cb6578be3767537ffc00f\">\u201cAs\u00ed que tenemos una trampa 22: las personas no quieren abandonar su chat, pero tienen que hacerlo para realizar un seguimiento de su trabajo. Cuando usa una aplicaci\u00f3n externa para administrar tareas, pierde todos los valiosos comentarios y comentarios relacionados con esa tarea porque, seamos realistas, siempre preferir\u00eda tener una conversaci\u00f3n r\u00e1pida sobre algo que usar la funci\u00f3n de comentarios en una aplicaci\u00f3n de tareas\u201d.<\/p>\n\n\n\n<p class=\"has-text-align-center\"><strong>Para obtener m\u00e1s informaci\u00f3n sobre Zenchat, visite<\/strong><br><a href=\"https:\/\/zenkit.com\/es\/chat\/\">https:\/\/zenkit.com\/chat\/<\/a><\/p>\n\n\n\n<p class=\"has-text-align-center\"><strong>Para usar la aplicaci\u00f3n de Zenkit, visite<\/strong><br><a href=\"https:\/\/zenkit.com\/es\/chat\/plataformas\/\">https:\/\/zenkit.com\/chat\/platforms\/<\/a><\/p>\n<\/div>\n\n\n\n<div style=\"height:88px;--tablet-height:72px;--mobile-height:40px\" class=\"wp-block-lookeen-blocks-responsive-spacer\"><\/div>\n\n\n\n<h3 class=\"wp-block-heading has-text-align-center\" style=\"margin-bottom:8px;font-style:normal;font-weight:700\">About Zenkit<\/h3>\n\n\n\n<p class=\"has-text-align-center has-da-grey-2-color has-text-color has-link-color wp-elements-68de7a1678a8c10ff38dc41fca8fcb46\">Zenkit is a startup formed under Axonic GmbH, a German company founded in 2003. The SaaS project management and collaboration platform was launched in October of 2016. Zenchat, the third product in the Zenkit Suite, was developed and released by Zenkit.<\/p>\n<\/div>\n<\/div>\n\n\n\n<div style=\"height:110px;--tablet-height:60px;--mobile-height:48px\" class=\"wp-block-lookeen-blocks-responsive-spacer\"><\/div>\n","protected":false},"excerpt":{"rendered":"<p>Zenchat combina a la perfecci\u00f3n el chat en equipo y la gesti\u00f3n de tareas El equipo de Zenkit lanza una aplicaci\u00f3n de chat con funciones de gesti\u00f3n de tareas integradas para permitir una colaboraci\u00f3n hol\u00edstica en los equipos 5 de Noviembre, 2020 \u2013 Karlsruhe, Alemania El equipo detr\u00e1s de la galardonada soluci\u00f3n de gesti\u00f3n de [&hellip;]<\/p>\n","protected":false},"author":30,"featured_media":0,"parent":61702,"menu_order":5,"comment_status":"closed","ping_status":"closed","template":"","meta":{"yasr_overall_rating":0,"yasr_post_is_review":"","yasr_auto_insert_disabled":"","yasr_review_type":"","footnotes":""},"class_list":["post-73067","page","type-page","status-publish","hentry"],"yoast_head":"<!-- This site is optimized with the Yoast SEO plugin v27.4 - https:\/\/yoast.com\/product\/yoast-seo-wordpress\/ -->\n<title>Zenchat Press Release | Zenkit<\/title>\n<meta name=\"robots\" content=\"index, follow, max-snippet:-1, max-image-preview:large, max-video-preview:-1\" \/>\n<link rel=\"canonical\" href=\"https:\/\/zenkit.com\/es\/kit-de-prensa\/zenchat-press-release\/\" \/>\n<meta property=\"og:locale\" content=\"es_ES\" \/>\n<meta property=\"og:type\" content=\"article\" \/>\n<meta property=\"og:title\" content=\"Zenchat Press Release | Zenkit\" \/>\n<meta property=\"og:description\" content=\"Zenchat combina a la perfecci\u00f3n el chat en equipo y la gesti\u00f3n de tareas El equipo de Zenkit lanza una aplicaci\u00f3n de chat con funciones de gesti\u00f3n de tareas integradas para permitir una colaboraci\u00f3n hol\u00edstica en los equipos 5 de Noviembre, 2020 \u2013 Karlsruhe, Alemania El equipo detr\u00e1s de la galardonada soluci\u00f3n de gesti\u00f3n de [&hellip;]\" \/>\n<meta property=\"og:url\" content=\"https:\/\/zenkit.com\/es\/kit-de-prensa\/zenchat-press-release\/\" \/>\n<meta property=\"og:site_name\" content=\"Zenkit\" \/>\n<meta property=\"article:publisher\" content=\"https:\/\/www.facebook.com\/ZenkitHQ\" \/>\n<meta property=\"article:modified_time\" content=\"2025-09-14T09:12:11+00:00\" \/>\n<meta property=\"og:image\" content=\"https:\/\/zenkit.com\/wp-content\/uploads\/2021\/01\/zenchat-social-1024x538.jpg\" \/>\n<meta name=\"twitter:card\" content=\"summary_large_image\" \/>\n<meta name=\"twitter:site\" content=\"@ZenkitHQ\" \/>\n<meta name=\"twitter:label1\" content=\"Tiempo de lectura\" \/>\n\t<meta name=\"twitter:data1\" content=\"3 minutos\" \/>\n<script type=\"application\/ld+json\" class=\"yoast-schema-graph\">{\"@context\":\"https:\\\/\\\/schema.org\",\"@graph\":[{\"@type\":\"WebPage\",\"@id\":\"https:\\\/\\\/zenkit.com\\\/es\\\/kit-de-prensa\\\/zenchat-press-release\\\/\",\"url\":\"https:\\\/\\\/zenkit.com\\\/es\\\/kit-de-prensa\\\/zenchat-press-release\\\/\",\"name\":\"Zenchat Press Release | Zenkit\",\"isPartOf\":{\"@id\":\"https:\\\/\\\/zenkit.com\\\/es\\\/#website\"},\"primaryImageOfPage\":{\"@id\":\"https:\\\/\\\/zenkit.com\\\/es\\\/kit-de-prensa\\\/zenchat-press-release\\\/#primaryimage\"},\"image\":{\"@id\":\"https:\\\/\\\/zenkit.com\\\/es\\\/kit-de-prensa\\\/zenchat-press-release\\\/#primaryimage\"},\"thumbnailUrl\":\"https:\\\/\\\/zenkit.com\\\/wp-content\\\/uploads\\\/2021\\\/01\\\/zenchat-social-1024x538.jpg\",\"datePublished\":\"2021-04-30T08:10:23+00:00\",\"dateModified\":\"2025-09-14T09:12:11+00:00\",\"breadcrumb\":{\"@id\":\"https:\\\/\\\/zenkit.com\\\/es\\\/kit-de-prensa\\\/zenchat-press-release\\\/#breadcrumb\"},\"inLanguage\":\"es\",\"potentialAction\":[{\"@type\":\"ReadAction\",\"target\":[\"https:\\\/\\\/zenkit.com\\\/es\\\/kit-de-prensa\\\/zenchat-press-release\\\/\"]}]},{\"@type\":\"ImageObject\",\"inLanguage\":\"es\",\"@id\":\"https:\\\/\\\/zenkit.com\\\/es\\\/kit-de-prensa\\\/zenchat-press-release\\\/#primaryimage\",\"url\":\"https:\\\/\\\/zenkit.com\\\/wp-content\\\/uploads\\\/2021\\\/01\\\/zenchat-social-1024x538.jpg\",\"contentUrl\":\"https:\\\/\\\/zenkit.com\\\/wp-content\\\/uploads\\\/2021\\\/01\\\/zenchat-social-1024x538.jpg\"},{\"@type\":\"BreadcrumbList\",\"@id\":\"https:\\\/\\\/zenkit.com\\\/es\\\/kit-de-prensa\\\/zenchat-press-release\\\/#breadcrumb\",\"itemListElement\":[{\"@type\":\"ListItem\",\"position\":1,\"name\":\"Home\",\"item\":\"https:\\\/\\\/zenkit.com\\\/es\\\/\"},{\"@type\":\"ListItem\",\"position\":2,\"name\":\"Kit de Prensa\",\"item\":\"https:\\\/\\\/zenkit.com\\\/es\\\/kit-de-prensa\\\/\"},{\"@type\":\"ListItem\",\"position\":3,\"name\":\"Zenchat Press Release\"}]},{\"@type\":\"WebSite\",\"@id\":\"https:\\\/\\\/zenkit.com\\\/es\\\/#website\",\"url\":\"https:\\\/\\\/zenkit.com\\\/es\\\/\",\"name\":\"Zenkit\",\"description\":\"Zenkit Tagline\",\"potentialAction\":[{\"@type\":\"SearchAction\",\"target\":{\"@type\":\"EntryPoint\",\"urlTemplate\":\"https:\\\/\\\/zenkit.com\\\/es\\\/?s={search_term_string}\"},\"query-input\":{\"@type\":\"PropertyValueSpecification\",\"valueRequired\":true,\"valueName\":\"search_term_string\"}}],\"inLanguage\":\"es\"},false]}<\/script>\n<!-- \/ Yoast SEO plugin. -->","yoast_head_json":{"title":"Zenchat Press Release | Zenkit","robots":{"index":"index","follow":"follow","max-snippet":"max-snippet:-1","max-image-preview":"max-image-preview:large","max-video-preview":"max-video-preview:-1"},"canonical":"https:\/\/zenkit.com\/es\/kit-de-prensa\/zenchat-press-release\/","og_locale":"es_ES","og_type":"article","og_title":"Zenchat Press Release | Zenkit","og_description":"Zenchat combina a la perfecci\u00f3n el chat en equipo y la gesti\u00f3n de tareas El equipo de Zenkit lanza una aplicaci\u00f3n de chat con funciones de gesti\u00f3n de tareas integradas para permitir una colaboraci\u00f3n hol\u00edstica en los equipos 5 de Noviembre, 2020 \u2013 Karlsruhe, Alemania El equipo detr\u00e1s de la galardonada soluci\u00f3n de gesti\u00f3n de [&hellip;]","og_url":"https:\/\/zenkit.com\/es\/kit-de-prensa\/zenchat-press-release\/","og_site_name":"Zenkit","article_publisher":"https:\/\/www.facebook.com\/ZenkitHQ","article_modified_time":"2025-09-14T09:12:11+00:00","og_image":[{"url":"https:\/\/zenkit.com\/wp-content\/uploads\/2021\/01\/zenchat-social-1024x538.jpg","type":"","width":"","height":""}],"twitter_card":"summary_large_image","twitter_site":"@ZenkitHQ","twitter_misc":{"Tiempo de lectura":"3 minutos"},"schema":{"@context":"https:\/\/schema.org","@graph":[{"@type":"WebPage","@id":"https:\/\/zenkit.com\/es\/kit-de-prensa\/zenchat-press-release\/","url":"https:\/\/zenkit.com\/es\/kit-de-prensa\/zenchat-press-release\/","name":"Zenchat Press Release | Zenkit","isPartOf":{"@id":"https:\/\/zenkit.com\/es\/#website"},"primaryImageOfPage":{"@id":"https:\/\/zenkit.com\/es\/kit-de-prensa\/zenchat-press-release\/#primaryimage"},"image":{"@id":"https:\/\/zenkit.com\/es\/kit-de-prensa\/zenchat-press-release\/#primaryimage"},"thumbnailUrl":"https:\/\/zenkit.com\/wp-content\/uploads\/2021\/01\/zenchat-social-1024x538.jpg","datePublished":"2021-04-30T08:10:23+00:00","dateModified":"2025-09-14T09:12:11+00:00","breadcrumb":{"@id":"https:\/\/zenkit.com\/es\/kit-de-prensa\/zenchat-press-release\/#breadcrumb"},"inLanguage":"es","potentialAction":[{"@type":"ReadAction","target":["https:\/\/zenkit.com\/es\/kit-de-prensa\/zenchat-press-release\/"]}]},{"@type":"ImageObject","inLanguage":"es","@id":"https:\/\/zenkit.com\/es\/kit-de-prensa\/zenchat-press-release\/#primaryimage","url":"https:\/\/zenkit.com\/wp-content\/uploads\/2021\/01\/zenchat-social-1024x538.jpg","contentUrl":"https:\/\/zenkit.com\/wp-content\/uploads\/2021\/01\/zenchat-social-1024x538.jpg"},{"@type":"BreadcrumbList","@id":"https:\/\/zenkit.com\/es\/kit-de-prensa\/zenchat-press-release\/#breadcrumb","itemListElement":[{"@type":"ListItem","position":1,"name":"Home","item":"https:\/\/zenkit.com\/es\/"},{"@type":"ListItem","position":2,"name":"Kit de Prensa","item":"https:\/\/zenkit.com\/es\/kit-de-prensa\/"},{"@type":"ListItem","position":3,"name":"Zenchat Press Release"}]},{"@type":"WebSite","@id":"https:\/\/zenkit.com\/es\/#website","url":"https:\/\/zenkit.com\/es\/","name":"Zenkit","description":"Zenkit Tagline","potentialAction":[{"@type":"SearchAction","target":{"@type":"EntryPoint","urlTemplate":"https:\/\/zenkit.com\/es\/?s={search_term_string}"},"query-input":{"@type":"PropertyValueSpecification","valueRequired":true,"valueName":"search_term_string"}}],"inLanguage":"es"},false]}},"yasr_visitor_votes":{"stars_attributes":{"read_only":false,"span_bottom":false},"number_of_votes":0,"sum_votes":0},"_links":{"self":[{"href":"https:\/\/zenkit.com\/es\/wp-json\/wp\/v2\/pages\/73067","targetHints":{"allow":["GET"]}}],"collection":[{"href":"https:\/\/zenkit.com\/es\/wp-json\/wp\/v2\/pages"}],"about":[{"href":"https:\/\/zenkit.com\/es\/wp-json\/wp\/v2\/types\/page"}],"author":[{"embeddable":true,"href":"https:\/\/zenkit.com\/es\/wp-json\/wp\/v2\/users\/30"}],"replies":[{"embeddable":true,"href":"https:\/\/zenkit.com\/es\/wp-json\/wp\/v2\/comments?post=73067"}],"version-history":[{"count":5,"href":"https:\/\/zenkit.com\/es\/wp-json\/wp\/v2\/pages\/73067\/revisions"}],"predecessor-version":[{"id":151074,"href":"https:\/\/zenkit.com\/es\/wp-json\/wp\/v2\/pages\/73067\/revisions\/151074"}],"up":[{"embeddable":true,"href":"https:\/\/zenkit.com\/es\/wp-json\/wp\/v2\/pages\/61702"}],"wp:attachment":[{"href":"https:\/\/zenkit.com\/es\/wp-json\/wp\/v2\/media?parent=73067"}],"curies":[{"name":"wp","href":"https:\/\/api.w.org\/{rel}","templated":true}]}}