{"id":73069,"date":"2020-05-06T14:00:27","date_gmt":"2020-05-06T12:00:27","guid":{"rendered":"https:\/\/zenkit.com\/kit-de-prensa\/zenkit-to-do-press-release\/"},"modified":"2025-09-02T09:06:40","modified_gmt":"2025-09-02T07:06:40","slug":"zenkit-to-do-press-release","status":"publish","type":"page","link":"https:\/\/zenkit.com\/es\/kit-de-prensa\/zenkit-to-do-press-release\/","title":{"rendered":"Zenkit To Do Press Release"},"content":{"rendered":"\n<div class=\"wp-block-group has-global-padding is-layout-constrained wp-block-group-is-layout-constrained\">\n<div class=\"wp-block-group width--950 has-global-padding is-layout-constrained wp-block-group-is-layout-constrained\">\n<div style=\"height:45px;--tablet-height:45px;--mobile-height:16px\" class=\"wp-block-lookeen-blocks-responsive-spacer\"><\/div>\n\n\n\n<div class=\"wp-block-group has-global-padding is-layout-constrained wp-block-group-is-layout-constrained\">\n<h1 class=\"wp-block-heading has-text-align-center\" style=\"margin-bottom:8px\">El cierre de Wunderlist inspira a otro equipo alem\u00e1n a construir una alternativa viable<\/h1>\n<\/div>\n\n\n\n<div class=\"wp-block-group has-global-padding is-layout-constrained wp-block-group-is-layout-constrained\">\n<p class=\"has-text-align-center subheading\">Zenkit To Do llena el vac\u00edo dejado por Wunderlist al cerrar el 6 de mayo de este a\u00f1o<\/p>\n<\/div>\n\n\n\n<div style=\"height:48px;--tablet-height:36px;--mobile-height:24px\" class=\"wp-block-lookeen-blocks-responsive-spacer\"><\/div>\n\n\n\n<div class=\"wp-block-group has-global-padding is-layout-constrained wp-block-group-is-layout-constrained\">\n<p class=\"has-text-align-center press__headline has-text-color has-link-color wp-elements-0f68891733662bb40bde9fd33d076f93\" style=\"color:#939393;font-size:24px;font-style:normal;font-weight:700;line-height:1.5\"><strong>6 de Abril, 2020 \u2013 Karlsruhe, Alemania<\/strong><\/p>\n<\/div>\n<\/div>\n\n\n\n<div style=\"height:88px;--tablet-height:72px;--mobile-height:40px\" class=\"wp-block-lookeen-blocks-responsive-spacer\"><\/div>\n<\/div>\n\n\n\n<div class=\"wp-block-group has-global-padding is-layout-constrained wp-block-group-is-layout-constrained\">\n<div class=\"wp-block-columns is-layout-flex wp-container-core-columns-is-layout-b8d659ec wp-block-columns-is-layout-flex\">\n<div class=\"wp-block-column is-layout-flow wp-block-column-is-layout-flow\">\n<p class=\"has-da-grey-2-color has-text-color has-link-color wp-elements-699a41196409605c521ed0d8d0d3f54c\">El cierre inminente de Wunderlist ha dejado a muchos usuarios preocupados por qu\u00e9 hacer con sus datos e insatisfechos con muchas de las alternativas. Zenkit To Do se cre\u00f3 con la intenci\u00f3n de brindar a los usuarios de Wunderlist un nuevo hogar.<\/p>\n\n\n\n<p class=\"has-da-grey-2-color has-text-color has-link-color wp-elements-71fcc80df9cd44981e6859dc4a52643d\">Zenkit To Do fue desarrollado por el equipo detr\u00e1s de Zenkit, una soluci\u00f3n todo en uno para colaboraci\u00f3n y gesti\u00f3n de proyectos. Si bien Zenkit es mejor conocido por su flexibilidad y capacidad para adaptarse a cualquier flujo de trabajo, este nivel de complejidad es redundante para muchos usuarios que buscan una herramienta simple de administraci\u00f3n de tareas. Por eso se cre\u00f3 Zenkit To Do.<\/p>\n\n\n\n<div class=\"wp-block-group has-background has-global-padding is-layout-constrained wp-container-core-group-is-layout-8412c99a wp-block-group-is-layout-constrained\" style=\"border-radius:20px;background-color:#efefef;margin-bottom:24px;padding-top:20px;padding-right:20px;padding-bottom:20px;padding-left:20px\">\n<p class=\"has-da-grey-1-color has-text-color has-link-color wp-elements-66656f3fa875deabee76a18cc842ffa9\" style=\"font-size:14px\">\u201cConstruimos deliberadamente Zenkit To Do para que se viera y se sintiera similar a Wunderlist\u201d, explic\u00f3 el CEO de Zenkit, Martin Welker.<\/p>\n<\/div>\n<\/div>\n\n\n\n<div class=\"wp-block-column is-layout-flow wp-block-column-is-layout-flow\">\n<p class=\"has-da-grey-1-color has-text-color has-link-color wp-elements-6895622c4d5f40a29a13fd892e4a3e11\">\u201cLa partida de Wunderlist es una gran p\u00e9rdida para millones de usuarios que han construido sus vidas a su alrededor. Muchos han expresado su decepci\u00f3n por las alternativas actuales, ninguna de las cuales es exactamente igual. Queremos llenar ese vac\u00edo. Sab\u00edamos que ten\u00edamos la infraestructura para manejar un cambio tan r\u00e1pido y ya lo hab\u00edamos planeado para 2020, as\u00ed que pensamos\u2026 \u00bfPor qu\u00e9 no ahora?<\/p>\n\n\n\n<p class=\"has-da-grey-1-color has-text-color has-link-color wp-elements-b19f45a05da827b4dd88c75288490b3f\">Zenkit To Do tiene todas las mismas caracter\u00edsticas que hicieron de Wunderlist una aplicaci\u00f3n tan querida. Con una funci\u00f3n de \u00abimportaci\u00f3n con un clic\u00bb, los usuarios podr\u00e1n transferir sus listas, junto con las fechas de vencimiento y las tareas destacadas, directamente a Zenkit To Do.<\/p>\n<\/div>\n<\/div>\n<\/div>\n\n\n\n<div style=\"height:45px;--tablet-height:45px;--mobile-height:16px\" class=\"wp-block-lookeen-blocks-responsive-spacer\"><\/div>\n\n\n\n<figure class=\"wp-block-image aligncenter size-large is-resized border-radius--20 overflow__hidden  box__shadow\"><img loading=\"lazy\" decoding=\"async\" width=\"1024\" height=\"538\" src=\"https:\/\/zenkit.com\/wp-content\/uploads\/2021\/01\/todo-social-1024x538.jpg\" alt=\"\" class=\"wp-image-55208\" style=\"width:491px;height:auto\" srcset=\"https:\/\/zenkit.com\/wp-content\/uploads\/2021\/01\/todo-social-1024x538.jpg 1024w, https:\/\/zenkit.com\/wp-content\/uploads\/2021\/01\/todo-social-300x158.jpg 300w, https:\/\/zenkit.com\/wp-content\/uploads\/2021\/01\/todo-social-768x403.jpg 768w, https:\/\/zenkit.com\/wp-content\/uploads\/2021\/01\/todo-social.jpg 1200w\" sizes=\"auto, (max-width: 1024px) 100vw, 1024px\" \/><\/figure>\n\n\n\n<div style=\"height:88px;--tablet-height:72px;--mobile-height:40px\" class=\"wp-block-lookeen-blocks-responsive-spacer\"><\/div>\n\n\n\n<div class=\"wp-block-group has-global-padding is-layout-constrained wp-block-group-is-layout-constrained\">\n<h2 class=\"wp-block-heading has-text-align-center\" style=\"margin-bottom:0px\"><strong>La New App ofrece:<\/strong><\/h2>\n\n\n\n<div style=\"height:48px;--tablet-height:36px;--mobile-height:24px\" class=\"wp-block-lookeen-blocks-responsive-spacer\"><\/div>\n\n\n\n<div class=\"wp-block-group has-global-padding is-layout-constrained wp-block-group-is-layout-constrained\">\n<div class=\"wp-block-columns is-layout-flex wp-container-core-columns-is-layout-28f84493 wp-block-columns-is-layout-flex\">\n<div class=\"wp-block-column is-layout-flow wp-block-column-is-layout-flow\">\n<ul class=\"wp-block-list list__with-checkmark-blue-and-underline\">\n<li>Bandeja de entrada<\/li>\n\n\n\n<li>Listas inteligentes: destacados, hoy, esta semana, asignados a m\u00ed<\/li>\n\n\n\n<li>Compartir lista<\/li>\n\n\n\n<li>Archivos adjuntos<\/li>\n\n\n\n<li>Comentarios<\/li>\n\n\n\n<li>Recordatorios<\/li>\n\n\n\n<li>Carpetas<\/li>\n<\/ul>\n<\/div>\n\n\n\n<div class=\"wp-block-column is-layout-flow wp-block-column-is-layout-flow\">\n<ul class=\"wp-block-list list__with-checkmark-blue-and-underline\">\n<li>Subtareas<\/li>\n\n\n\n<li>Soporte fuera de l\u00ednea<\/li>\n\n\n\n<li>Modo oscuro<\/li>\n\n\n\n<li>Usuario @menciones<\/li>\n\n\n\n<li>Listo para empresas: grupos, roles, SAML, SCIM, auditor\u00eda<\/li>\n\n\n\n<li>Perfecta integraci\u00f3n con Zenkit Kanban y Gantt<\/li>\n<\/ul>\n<\/div>\n<\/div>\n<\/div>\n\n\n\n<div style=\"height:88px;--tablet-height:72px;--mobile-height:40px\" class=\"wp-block-lookeen-blocks-responsive-spacer\"><\/div>\n\n\n\n<div class=\"wp-block-group has-global-padding is-layout-constrained wp-container-core-group-is-layout-7cc94c3e wp-block-group-is-layout-constrained\">\n<div class=\"wp-block-group has-global-padding is-layout-constrained wp-block-group-is-layout-constrained\">\n<p class=\"has-text-align-center has-da-grey-2-color has-text-color has-link-color wp-elements-045ff986b8135f5e50b0993ded5070ee\">Se informa que el mercado de software de productividad crecer\u00e1 a una tasa compuesta anual del 16,5 % hasta alcanzar los 96 360 millones de d\u00f3lares para 2025. Esto destaca la creciente demanda de soluciones que ayuden a administrar y monitorear los procesos de trabajo. En un mercado inundado de soluciones, todav\u00eda hay mucho crecimiento y oportunidades para nuevas herramientas, especialmente en un momento en que cada vez m\u00e1s personas trabajan desde casa.<\/p>\n<\/div>\n\n\n\n<div style=\"height:88px;--tablet-height:72px;--mobile-height:40px\" class=\"wp-block-lookeen-blocks-responsive-spacer\"><\/div>\n\n\n\n<h3 class=\"wp-block-heading has-text-align-center\" style=\"margin-bottom:8px;font-style:normal;font-weight:700\"><strong>Acerca de Zenkit<\/strong>:<\/h3>\n\n\n\n<p class=\"has-text-align-center has-da-grey-2-color has-text-color has-link-color wp-elements-2fbad4ef1587f8ffd97b75376b472220\">Zenkit es una startup formada bajo Axonic GmbH, una empresa alemana fundada en 2003. La plataforma de gesti\u00f3n y colaboraci\u00f3n de proyectos SaaS se lanz\u00f3 en octubre de 2016. Zenkit To Do, una alternativa de Wunderlist, fue desarrollada y lanzada por Zenkit.<\/p>\n<\/div>\n<\/div>\n\n\n\n<div style=\"height:110px;--tablet-height:60px;--mobile-height:48px\" class=\"wp-block-lookeen-blocks-responsive-spacer\"><\/div>\n","protected":false},"excerpt":{"rendered":"<p>El cierre de Wunderlist inspira a otro equipo alem\u00e1n a construir una alternativa viable Zenkit To Do llena el vac\u00edo dejado por Wunderlist al cerrar el 6 de mayo de este a\u00f1o 6 de Abril, 2020 \u2013 Karlsruhe, Alemania El cierre inminente de Wunderlist ha dejado a muchos usuarios preocupados por qu\u00e9 hacer con sus [&hellip;]<\/p>\n","protected":false},"author":30,"featured_media":0,"parent":61702,"menu_order":6,"comment_status":"closed","ping_status":"closed","template":"","meta":{"yasr_overall_rating":0,"yasr_post_is_review":"","yasr_auto_insert_disabled":"","yasr_review_type":"","footnotes":""},"class_list":["post-73069","page","type-page","status-publish","hentry"],"yoast_head":"<!-- This site is optimized with the Yoast SEO plugin v27.3 - https:\/\/yoast.com\/product\/yoast-seo-wordpress\/ -->\n<title>Zenkit To Do Press Release | Zenkit<\/title>\n<meta name=\"description\" content=\"Wunderlist shutdown inspires another German team to build viable alternative. Zenkit To Do fills the gap left by Wunderlist as it closes on May 6th 2020.\" \/>\n<meta name=\"robots\" content=\"index, follow, max-snippet:-1, max-image-preview:large, max-video-preview:-1\" \/>\n<link rel=\"canonical\" href=\"https:\/\/zenkit.com\/es\/kit-de-prensa\/zenkit-to-do-press-release\/\" \/>\n<meta property=\"og:locale\" content=\"es_ES\" \/>\n<meta property=\"og:type\" content=\"article\" \/>\n<meta property=\"og:title\" content=\"Zenkit To Do Press Release | Zenkit\" \/>\n<meta property=\"og:description\" content=\"Wunderlist shutdown inspires another German team to build viable alternative. Zenkit To Do fills the gap left by Wunderlist as it closes on May 6th 2020.\" \/>\n<meta property=\"og:url\" content=\"https:\/\/zenkit.com\/es\/kit-de-prensa\/zenkit-to-do-press-release\/\" \/>\n<meta property=\"og:site_name\" content=\"Zenkit\" \/>\n<meta property=\"article:publisher\" content=\"https:\/\/www.facebook.com\/ZenkitHQ\" \/>\n<meta property=\"article:modified_time\" content=\"2025-09-02T07:06:40+00:00\" \/>\n<meta property=\"og:image\" content=\"https:\/\/zenkit.com\/wp-content\/uploads\/2021\/01\/todo-social-1024x538.jpg\" \/>\n<meta name=\"twitter:card\" content=\"summary_large_image\" \/>\n<meta name=\"twitter:site\" content=\"@ZenkitHQ\" \/>\n<meta name=\"twitter:label1\" content=\"Tiempo de lectura\" \/>\n\t<meta name=\"twitter:data1\" content=\"2 minutos\" \/>\n<script type=\"application\/ld+json\" class=\"yoast-schema-graph\">{\"@context\":\"https:\\\/\\\/schema.org\",\"@graph\":[{\"@type\":\"WebPage\",\"@id\":\"https:\\\/\\\/zenkit.com\\\/es\\\/kit-de-prensa\\\/zenkit-to-do-press-release\\\/\",\"url\":\"https:\\\/\\\/zenkit.com\\\/es\\\/kit-de-prensa\\\/zenkit-to-do-press-release\\\/\",\"name\":\"Zenkit To Do Press Release | Zenkit\",\"isPartOf\":{\"@id\":\"https:\\\/\\\/zenkit.com\\\/es\\\/#website\"},\"primaryImageOfPage\":{\"@id\":\"https:\\\/\\\/zenkit.com\\\/es\\\/kit-de-prensa\\\/zenkit-to-do-press-release\\\/#primaryimage\"},\"image\":{\"@id\":\"https:\\\/\\\/zenkit.com\\\/es\\\/kit-de-prensa\\\/zenkit-to-do-press-release\\\/#primaryimage\"},\"thumbnailUrl\":\"https:\\\/\\\/zenkit.com\\\/wp-content\\\/uploads\\\/2021\\\/01\\\/todo-social-1024x538.jpg\",\"datePublished\":\"2020-05-06T12:00:27+00:00\",\"dateModified\":\"2025-09-02T07:06:40+00:00\",\"description\":\"Wunderlist shutdown inspires another German team to build viable alternative. Zenkit To Do fills the gap left by Wunderlist as it closes on May 6th 2020.\",\"breadcrumb\":{\"@id\":\"https:\\\/\\\/zenkit.com\\\/es\\\/kit-de-prensa\\\/zenkit-to-do-press-release\\\/#breadcrumb\"},\"inLanguage\":\"es\",\"potentialAction\":[{\"@type\":\"ReadAction\",\"target\":[\"https:\\\/\\\/zenkit.com\\\/es\\\/kit-de-prensa\\\/zenkit-to-do-press-release\\\/\"]}]},{\"@type\":\"ImageObject\",\"inLanguage\":\"es\",\"@id\":\"https:\\\/\\\/zenkit.com\\\/es\\\/kit-de-prensa\\\/zenkit-to-do-press-release\\\/#primaryimage\",\"url\":\"https:\\\/\\\/zenkit.com\\\/wp-content\\\/uploads\\\/2021\\\/01\\\/todo-social-1024x538.jpg\",\"contentUrl\":\"https:\\\/\\\/zenkit.com\\\/wp-content\\\/uploads\\\/2021\\\/01\\\/todo-social-1024x538.jpg\"},{\"@type\":\"BreadcrumbList\",\"@id\":\"https:\\\/\\\/zenkit.com\\\/es\\\/kit-de-prensa\\\/zenkit-to-do-press-release\\\/#breadcrumb\",\"itemListElement\":[{\"@type\":\"ListItem\",\"position\":1,\"name\":\"Home\",\"item\":\"https:\\\/\\\/zenkit.com\\\/es\\\/\"},{\"@type\":\"ListItem\",\"position\":2,\"name\":\"Kit de Prensa\",\"item\":\"https:\\\/\\\/zenkit.com\\\/es\\\/kit-de-prensa\\\/\"},{\"@type\":\"ListItem\",\"position\":3,\"name\":\"Zenkit To Do Press Release\"}]},{\"@type\":\"WebSite\",\"@id\":\"https:\\\/\\\/zenkit.com\\\/es\\\/#website\",\"url\":\"https:\\\/\\\/zenkit.com\\\/es\\\/\",\"name\":\"Zenkit\",\"description\":\"Zenkit Tagline\",\"potentialAction\":[{\"@type\":\"SearchAction\",\"target\":{\"@type\":\"EntryPoint\",\"urlTemplate\":\"https:\\\/\\\/zenkit.com\\\/es\\\/?s={search_term_string}\"},\"query-input\":{\"@type\":\"PropertyValueSpecification\",\"valueRequired\":true,\"valueName\":\"search_term_string\"}}],\"inLanguage\":\"es\"},false]}<\/script>\n<!-- \/ Yoast SEO plugin. -->","yoast_head_json":{"title":"Zenkit To Do Press Release | Zenkit","description":"Wunderlist shutdown inspires another German team to build viable alternative. Zenkit To Do fills the gap left by Wunderlist as it closes on May 6th 2020.","robots":{"index":"index","follow":"follow","max-snippet":"max-snippet:-1","max-image-preview":"max-image-preview:large","max-video-preview":"max-video-preview:-1"},"canonical":"https:\/\/zenkit.com\/es\/kit-de-prensa\/zenkit-to-do-press-release\/","og_locale":"es_ES","og_type":"article","og_title":"Zenkit To Do Press Release | Zenkit","og_description":"Wunderlist shutdown inspires another German team to build viable alternative. Zenkit To Do fills the gap left by Wunderlist as it closes on May 6th 2020.","og_url":"https:\/\/zenkit.com\/es\/kit-de-prensa\/zenkit-to-do-press-release\/","og_site_name":"Zenkit","article_publisher":"https:\/\/www.facebook.com\/ZenkitHQ","article_modified_time":"2025-09-02T07:06:40+00:00","og_image":[{"url":"https:\/\/zenkit.com\/wp-content\/uploads\/2021\/01\/todo-social-1024x538.jpg","type":"","width":"","height":""}],"twitter_card":"summary_large_image","twitter_site":"@ZenkitHQ","twitter_misc":{"Tiempo de lectura":"2 minutos"},"schema":{"@context":"https:\/\/schema.org","@graph":[{"@type":"WebPage","@id":"https:\/\/zenkit.com\/es\/kit-de-prensa\/zenkit-to-do-press-release\/","url":"https:\/\/zenkit.com\/es\/kit-de-prensa\/zenkit-to-do-press-release\/","name":"Zenkit To Do Press Release | Zenkit","isPartOf":{"@id":"https:\/\/zenkit.com\/es\/#website"},"primaryImageOfPage":{"@id":"https:\/\/zenkit.com\/es\/kit-de-prensa\/zenkit-to-do-press-release\/#primaryimage"},"image":{"@id":"https:\/\/zenkit.com\/es\/kit-de-prensa\/zenkit-to-do-press-release\/#primaryimage"},"thumbnailUrl":"https:\/\/zenkit.com\/wp-content\/uploads\/2021\/01\/todo-social-1024x538.jpg","datePublished":"2020-05-06T12:00:27+00:00","dateModified":"2025-09-02T07:06:40+00:00","description":"Wunderlist shutdown inspires another German team to build viable alternative. Zenkit To Do fills the gap left by Wunderlist as it closes on May 6th 2020.","breadcrumb":{"@id":"https:\/\/zenkit.com\/es\/kit-de-prensa\/zenkit-to-do-press-release\/#breadcrumb"},"inLanguage":"es","potentialAction":[{"@type":"ReadAction","target":["https:\/\/zenkit.com\/es\/kit-de-prensa\/zenkit-to-do-press-release\/"]}]},{"@type":"ImageObject","inLanguage":"es","@id":"https:\/\/zenkit.com\/es\/kit-de-prensa\/zenkit-to-do-press-release\/#primaryimage","url":"https:\/\/zenkit.com\/wp-content\/uploads\/2021\/01\/todo-social-1024x538.jpg","contentUrl":"https:\/\/zenkit.com\/wp-content\/uploads\/2021\/01\/todo-social-1024x538.jpg"},{"@type":"BreadcrumbList","@id":"https:\/\/zenkit.com\/es\/kit-de-prensa\/zenkit-to-do-press-release\/#breadcrumb","itemListElement":[{"@type":"ListItem","position":1,"name":"Home","item":"https:\/\/zenkit.com\/es\/"},{"@type":"ListItem","position":2,"name":"Kit de Prensa","item":"https:\/\/zenkit.com\/es\/kit-de-prensa\/"},{"@type":"ListItem","position":3,"name":"Zenkit To Do Press Release"}]},{"@type":"WebSite","@id":"https:\/\/zenkit.com\/es\/#website","url":"https:\/\/zenkit.com\/es\/","name":"Zenkit","description":"Zenkit Tagline","potentialAction":[{"@type":"SearchAction","target":{"@type":"EntryPoint","urlTemplate":"https:\/\/zenkit.com\/es\/?s={search_term_string}"},"query-input":{"@type":"PropertyValueSpecification","valueRequired":true,"valueName":"search_term_string"}}],"inLanguage":"es"},false]}},"yasr_visitor_votes":{"stars_attributes":{"read_only":false,"span_bottom":false},"number_of_votes":0,"sum_votes":0},"_links":{"self":[{"href":"https:\/\/zenkit.com\/es\/wp-json\/wp\/v2\/pages\/73069","targetHints":{"allow":["GET"]}}],"collection":[{"href":"https:\/\/zenkit.com\/es\/wp-json\/wp\/v2\/pages"}],"about":[{"href":"https:\/\/zenkit.com\/es\/wp-json\/wp\/v2\/types\/page"}],"author":[{"embeddable":true,"href":"https:\/\/zenkit.com\/es\/wp-json\/wp\/v2\/users\/30"}],"replies":[{"embeddable":true,"href":"https:\/\/zenkit.com\/es\/wp-json\/wp\/v2\/comments?post=73069"}],"version-history":[{"count":2,"href":"https:\/\/zenkit.com\/es\/wp-json\/wp\/v2\/pages\/73069\/revisions"}],"predecessor-version":[{"id":133277,"href":"https:\/\/zenkit.com\/es\/wp-json\/wp\/v2\/pages\/73069\/revisions\/133277"}],"up":[{"embeddable":true,"href":"https:\/\/zenkit.com\/es\/wp-json\/wp\/v2\/pages\/61702"}],"wp:attachment":[{"href":"https:\/\/zenkit.com\/es\/wp-json\/wp\/v2\/media?parent=73069"}],"curies":[{"name":"wp","href":"https:\/\/api.w.org\/{rel}","templated":true}]}}