{"id":73071,"date":"2019-12-18T09:42:39","date_gmt":"2019-12-18T08:42:39","guid":{"rendered":"https:\/\/zenkit.com\/kit-de-prensa\/zenkit-launches-new-wiki-view\/"},"modified":"2025-11-23T16:01:30","modified_gmt":"2025-11-23T15:01:30","slug":"zenkit-launches-new-wiki-view","status":"publish","type":"page","link":"https:\/\/zenkit.com\/es\/kit-de-prensa\/zenkit-launches-new-wiki-view\/","title":{"rendered":"Zenkit Launches New Wiki View"},"content":{"rendered":"\n<div class=\"wp-block-group has-global-padding is-layout-constrained wp-block-group-is-layout-constrained\">\n<div class=\"wp-block-group width--950 has-global-padding is-layout-constrained wp-block-group-is-layout-constrained\">\n<div style=\"height:45px;--tablet-height:45px;--mobile-height:16px\" class=\"wp-block-lookeen-blocks-responsive-spacer\"><\/div>\n\n\n\n<div class=\"wp-block-group has-global-padding is-layout-constrained wp-block-group-is-layout-constrained\">\n<h1 class=\"wp-block-heading has-text-align-center\" style=\"margin-bottom:8px\">Zenkit lanza una nueva vista Wiki y fortalece su posici\u00f3n como una soluci\u00f3n integral para todas sus necesidades en el lugar de trabajo<\/h1>\n<\/div>\n\n\n\n<div class=\"wp-block-group has-global-padding is-layout-constrained wp-block-group-is-layout-constrained\">\n<p class=\"has-text-align-center subheading\">Presentamos la nueva vista wiki, una plataforma de administraci\u00f3n de contenido y de intercambio de conocimientos que puede mejorar la colaboraci\u00f3n y conectar a las personas con una gran cantidad de datos valiosos.<\/p>\n<\/div>\n\n\n\n<div style=\"height:48px;--tablet-height:36px;--mobile-height:24px\" class=\"wp-block-lookeen-blocks-responsive-spacer\"><\/div>\n\n\n\n<div class=\"wp-block-group has-global-padding is-layout-constrained wp-block-group-is-layout-constrained\">\n<p class=\"has-text-align-center press__headline has-text-color has-link-color wp-elements-c44b539c54d766fb375a97265aef1d7f\" style=\"color:#939393;font-size:24px;font-style:normal;font-weight:700;line-height:1.5\"><strong>Jueves, 17 de Diciembre, 2019 \u2013 Karlsruhe, Alemania<\/strong><\/p>\n<\/div>\n<\/div>\n\n\n\n<div style=\"height:88px;--tablet-height:72px;--mobile-height:40px\" class=\"wp-block-lookeen-blocks-responsive-spacer\"><\/div>\n<\/div>\n\n\n\n<div class=\"wp-block-group has-global-padding is-layout-constrained wp-block-group-is-layout-constrained\">\n<div class=\"wp-block-columns is-layout-flex wp-container-core-columns-is-layout-b8d659ec wp-block-columns-is-layout-flex\">\n<div class=\"wp-block-column is-layout-flow wp-block-column-is-layout-flow\">\n<p class=\"has-da-grey-2-color has-text-color has-link-color wp-elements-9099f9d3907271b7d11ce32c68b55f55\">Hoy, el equipo de Zenkit anuncia el lanzamiento de su vista wiki. Esta nueva funci\u00f3n ofrece a los usuarios un espacio para compartir y administrar conocimientos, as\u00ed como una nueva forma de organizar y ver sus datos.<\/p>\n\n\n\n<p class=\"has-da-grey-2-color has-text-color has-link-color wp-elements-305c50c339a4f82602b4045ab8ab4197\">Los datos corporativos son cada vez m\u00e1s dif\u00edciles de administrar. La Corporaci\u00f3n Internacional de Datos (IDC)&nbsp;<a href=\"https:\/\/www.thoughtfarmer.com\/blog\/knowledge-management-what-it-is-and-why-it-matters\/\">predice&nbsp;<\/a>que para 2020, entre el 80 y el 90 por ciento de los datos en las empresas no estar\u00e1n estructurados debido a que los datos se mueven constantemente entre las redes sociales y los correos electr\u00f3nicos. Como plataforma de base de conocimientos, la vista wiki invita a varios usuarios a crear, co-editar y colaborar en el contenido.<\/p>\n\n\n\n<p class=\"has-da-grey-2-color has-text-color has-link-color wp-elements-f566f2535020434d9123bfed1af96221\">Al usar la vista wiki, los equipos y grupos de personas con ideas afines pueden transmitir informaci\u00f3n entre s\u00ed, desde anunciar noticias hasta intercambiar experiencias. Esto puede ayudar a estimular el crecimiento y la innovaci\u00f3n, as\u00ed como permitir una mejor toma de decisiones.<\/p>\n<\/div>\n\n\n\n<div class=\"wp-block-column is-layout-flow wp-block-column-is-layout-flow\">\n<p class=\"has-da-grey-1-color has-text-color has-link-color wp-elements-f6162ad206dff0bd6a008297e8cdc465\">Tres a\u00f1os despu\u00e9s de su lanzamiento, el equipo de Karlsruhe, Alemania, contin\u00faa con su misi\u00f3n de posicionar a Zenkit como una poderosa soluci\u00f3n todo en uno para la gesti\u00f3n de proyectos y las necesidades de productividad.<\/p>\n\n\n\n<div class=\"wp-block-group has-background has-global-padding is-layout-constrained wp-container-core-group-is-layout-8412c99a wp-block-group-is-layout-constrained\" style=\"border-radius:20px;background-color:#efefef;margin-bottom:24px;padding-top:20px;padding-right:20px;padding-bottom:20px;padding-left:20px\">\n<p class=\"has-da-grey-1-color has-text-color has-link-color wp-elements-2b32d677a8720221aa560ca80af2e9d2\" style=\"font-size:14px\">\u201cEstamos realmente interesados en permitir que nuestros usuarios publiquen su contenido de m\u00faltiples maneras\u201d, explic\u00f3 Martin Welker, director ejecutivo de Zenkit. \u201cCon el lanzamiento de la vista de wiki, estamos permitiendo que las personas usen Zenkit como un sistema de administraci\u00f3n de contenido para un wiki completo y rico en funciones. Esta funci\u00f3n ha tardado mucho en llegar. \u00a1Nuestra propia base de conocimiento, por ejemplo, ha sido una versi\u00f3n alfa de este sistema durante los \u00faltimos dos a\u00f1os!\u201d<\/p>\n<\/div>\n<\/div>\n<\/div>\n<\/div>\n\n\n\n<div style=\"height:45px;--tablet-height:45px;--mobile-height:16px\" class=\"wp-block-lookeen-blocks-responsive-spacer\"><\/div>\n\n\n\n<figure class=\"wp-block-image aligncenter size-full is-resized border-radius--20 overflow__hidden  box__shadow\"><img loading=\"lazy\" decoding=\"async\" width=\"1024\" height=\"538\" src=\"https:\/\/zenkit.com\/wp-content\/uploads\/2025\/05\/base-1024x538-1.webp\" alt=\"\" class=\"wp-image-115467\" style=\"width:491px;height:auto\" srcset=\"https:\/\/zenkit.com\/wp-content\/uploads\/2025\/05\/base-1024x538-1.webp 1024w, https:\/\/zenkit.com\/wp-content\/uploads\/2025\/05\/base-1024x538-1-300x158.webp 300w, https:\/\/zenkit.com\/wp-content\/uploads\/2025\/05\/base-1024x538-1-768x404.webp 768w\" sizes=\"auto, (max-width: 1024px) 100vw, 1024px\" \/><\/figure>\n\n\n\n<div style=\"height:88px;--tablet-height:72px;--mobile-height:40px\" class=\"wp-block-lookeen-blocks-responsive-spacer\"><\/div>\n\n\n\n<div class=\"wp-block-group has-global-padding is-layout-constrained wp-block-group-is-layout-constrained\">\n<h2 class=\"wp-block-heading has-text-align-center\" style=\"margin-bottom:0px\"><strong>Qu\u00e9 esperamos:<\/strong><\/h2>\n\n\n\n<div style=\"height:48px;--tablet-height:36px;--mobile-height:24px\" class=\"wp-block-lookeen-blocks-responsive-spacer\"><\/div>\n\n\n\n<div class=\"wp-block-group has-global-padding is-layout-constrained wp-block-group-is-layout-constrained\">\n<div class=\"wp-block-columns is-layout-flex wp-container-core-columns-is-layout-28f84493 wp-block-columns-is-layout-flex\">\n<div class=\"wp-block-column is-layout-flow wp-block-column-is-layout-flow\">\n<ul class=\"wp-block-list list__with-checkmark-blue-and-underline\">\n<li><strong>Simplicidad<\/strong>:&nbsp;cree f\u00e1cilmente un wiki a partir de sus datos existentes de Zenkit, o cree uno nuevo desde cero. Colabore en todas las p\u00e1ginas wiki con su equipo de Zenkit.<\/li>\n\n\n\n<li><strong>Flexibilidad<\/strong>: Agrupa la vista wiki por diferentes tipos de campos para crear un estilo de navegaci\u00f3n que se adapte a ti. Cambie entre una agrupaci\u00f3n alfab\u00e9tica por un campo de texto, una agrupaci\u00f3n jer\u00e1rquica por subelementos o una agrupaci\u00f3n por etiquetas.<\/li>\n\n\n\n<li><strong>Conectividad<\/strong>: agregue enlaces enriquecidos a cualquier elemento, archivo o colecci\u00f3n a la que tenga acceso. Zenkit mostrar\u00e1 una hermosa vista previa personalizada para estos enlaces.<\/li>\n<\/ul>\n<\/div>\n\n\n\n<div class=\"wp-block-column is-layout-flow wp-block-column-is-layout-flow\">\n<ul class=\"wp-block-list list__with-checkmark-blue-and-underline\">\n<li><strong>Adaptabilidad<\/strong>: elija entre texto sin formato, rebajas y HTML.\u00a0<\/li>\n\n\n\n<li><strong>Personalizaci\u00f3n<\/strong>: modifique la p\u00e1gina de destino para adaptarla a sus necesidades. Agregue im\u00e1genes o archivos e incruste videos, redes sociales y m\u00e1s.<\/li>\n\n\n\n<li><strong>Potencia<\/strong>: use las potentes funciones de filtro de Zenkit para identificar r\u00e1pidamente los art\u00edculos que necesita y encontrar exactamente lo que est\u00e1 buscando.<\/li>\n<\/ul>\n<\/div>\n<\/div>\n<\/div>\n\n\n\n<div class=\"wp-block-group has-global-padding is-layout-constrained wp-container-core-group-is-layout-7cc94c3e wp-block-group-is-layout-constrained\">\n<div style=\"height:88px;--tablet-height:72px;--mobile-height:40px\" class=\"wp-block-lookeen-blocks-responsive-spacer\"><\/div>\n\n\n\n<h3 class=\"wp-block-heading has-text-align-center\" style=\"margin-bottom:8px;font-style:normal;font-weight:700\"><strong>Acerca de Zenkit:<\/strong><\/h3>\n\n\n\n<p class=\"has-text-align-center has-da-grey-2-color has-text-color has-link-color wp-elements-f729b7051696d8619aa74af2bdd8c868\">Zenkit es una startup formada bajo Axonic GmbH. La plataforma de creaci\u00f3n de bases de datos y gesti\u00f3n de proyectos SaaS se lanz\u00f3 en octubre de 2016.<\/p>\n<\/div>\n<\/div>\n\n\n\n<div style=\"height:110px;--tablet-height:60px;--mobile-height:48px\" class=\"wp-block-lookeen-blocks-responsive-spacer\"><\/div>\n","protected":false},"excerpt":{"rendered":"<p>Zenkit lanza una nueva vista Wiki y fortalece su posici\u00f3n como una soluci\u00f3n integral para todas sus necesidades en el lugar de trabajo Presentamos la nueva vista wiki, una plataforma de administraci\u00f3n de contenido y de intercambio de conocimientos que puede mejorar la colaboraci\u00f3n y conectar a las personas con una gran cantidad de datos [&hellip;]<\/p>\n","protected":false},"author":30,"featured_media":0,"parent":61702,"menu_order":7,"comment_status":"closed","ping_status":"closed","template":"","meta":{"yasr_overall_rating":0,"yasr_post_is_review":"","yasr_auto_insert_disabled":"","yasr_review_type":"","footnotes":""},"class_list":["post-73071","page","type-page","status-publish","hentry"],"yoast_head":"<!-- This site is optimized with the Yoast SEO plugin v27.5 - https:\/\/yoast.com\/product\/yoast-seo-wordpress\/ -->\n<title>Zenkit Launches New Wiki View | Zenkit<\/title>\n<meta name=\"description\" content=\"Zenkit releases new wiki view! A knowledge sharing and content management platform that can enhance collaboration and connect individuals to a wealth of valuable data.\" \/>\n<meta name=\"robots\" content=\"index, follow, max-snippet:-1, max-image-preview:large, max-video-preview:-1\" \/>\n<link rel=\"canonical\" href=\"https:\/\/zenkit.com\/es\/kit-de-prensa\/zenkit-launches-new-wiki-view\/\" \/>\n<meta property=\"og:locale\" content=\"es_ES\" \/>\n<meta property=\"og:type\" content=\"article\" \/>\n<meta property=\"og:title\" content=\"Zenkit Launches New Wiki View | Zenkit\" \/>\n<meta property=\"og:description\" content=\"Zenkit releases new wiki view! A knowledge sharing and content management platform that can enhance collaboration and connect individuals to a wealth of valuable data.\" \/>\n<meta property=\"og:url\" content=\"https:\/\/zenkit.com\/es\/kit-de-prensa\/zenkit-launches-new-wiki-view\/\" \/>\n<meta property=\"og:site_name\" content=\"Zenkit\" \/>\n<meta property=\"article:publisher\" content=\"https:\/\/www.facebook.com\/ZenkitHQ\" \/>\n<meta property=\"article:modified_time\" content=\"2025-11-23T15:01:30+00:00\" \/>\n<meta property=\"og:image\" content=\"https:\/\/zenkit.com\/wp-content\/uploads\/2025\/05\/base-1024x538-1.webp\" \/>\n\t<meta property=\"og:image:width\" content=\"1024\" \/>\n\t<meta property=\"og:image:height\" content=\"538\" \/>\n\t<meta property=\"og:image:type\" content=\"image\/webp\" \/>\n<meta name=\"twitter:card\" content=\"summary_large_image\" \/>\n<meta name=\"twitter:site\" content=\"@ZenkitHQ\" \/>\n<meta name=\"twitter:label1\" content=\"Tiempo de lectura\" \/>\n\t<meta name=\"twitter:data1\" content=\"23 minutos\" \/>\n<script type=\"application\/ld+json\" class=\"yoast-schema-graph\">{\"@context\":\"https:\\\/\\\/schema.org\",\"@graph\":[{\"@type\":\"WebPage\",\"@id\":\"https:\\\/\\\/zenkit.com\\\/es\\\/kit-de-prensa\\\/zenkit-launches-new-wiki-view\\\/\",\"url\":\"https:\\\/\\\/zenkit.com\\\/es\\\/kit-de-prensa\\\/zenkit-launches-new-wiki-view\\\/\",\"name\":\"Zenkit Launches New Wiki View | Zenkit\",\"isPartOf\":{\"@id\":\"https:\\\/\\\/zenkit.com\\\/es\\\/#website\"},\"primaryImageOfPage\":{\"@id\":\"https:\\\/\\\/zenkit.com\\\/es\\\/kit-de-prensa\\\/zenkit-launches-new-wiki-view\\\/#primaryimage\"},\"image\":{\"@id\":\"https:\\\/\\\/zenkit.com\\\/es\\\/kit-de-prensa\\\/zenkit-launches-new-wiki-view\\\/#primaryimage\"},\"thumbnailUrl\":\"https:\\\/\\\/zenkit.com\\\/wp-content\\\/uploads\\\/2025\\\/05\\\/base-1024x538-1.webp\",\"datePublished\":\"2019-12-18T08:42:39+00:00\",\"dateModified\":\"2025-11-23T15:01:30+00:00\",\"description\":\"Zenkit releases new wiki view! A knowledge sharing and content management platform that can enhance collaboration and connect individuals to a wealth of valuable data.\",\"breadcrumb\":{\"@id\":\"https:\\\/\\\/zenkit.com\\\/es\\\/kit-de-prensa\\\/zenkit-launches-new-wiki-view\\\/#breadcrumb\"},\"inLanguage\":\"es\",\"potentialAction\":[{\"@type\":\"ReadAction\",\"target\":[\"https:\\\/\\\/zenkit.com\\\/es\\\/kit-de-prensa\\\/zenkit-launches-new-wiki-view\\\/\"]}]},{\"@type\":\"ImageObject\",\"inLanguage\":\"es\",\"@id\":\"https:\\\/\\\/zenkit.com\\\/es\\\/kit-de-prensa\\\/zenkit-launches-new-wiki-view\\\/#primaryimage\",\"url\":\"https:\\\/\\\/zenkit.com\\\/wp-content\\\/uploads\\\/2025\\\/05\\\/base-1024x538-1.webp\",\"contentUrl\":\"https:\\\/\\\/zenkit.com\\\/wp-content\\\/uploads\\\/2025\\\/05\\\/base-1024x538-1.webp\"},{\"@type\":\"BreadcrumbList\",\"@id\":\"https:\\\/\\\/zenkit.com\\\/es\\\/kit-de-prensa\\\/zenkit-launches-new-wiki-view\\\/#breadcrumb\",\"itemListElement\":[{\"@type\":\"ListItem\",\"position\":1,\"name\":\"Home\",\"item\":\"https:\\\/\\\/zenkit.com\\\/es\\\/\"},{\"@type\":\"ListItem\",\"position\":2,\"name\":\"Kit de Prensa\",\"item\":\"https:\\\/\\\/zenkit.com\\\/es\\\/kit-de-prensa\\\/\"},{\"@type\":\"ListItem\",\"position\":3,\"name\":\"Zenkit Launches New Wiki View\"}]},{\"@type\":\"WebSite\",\"@id\":\"https:\\\/\\\/zenkit.com\\\/es\\\/#website\",\"url\":\"https:\\\/\\\/zenkit.com\\\/es\\\/\",\"name\":\"Zenkit\",\"description\":\"Zenkit Tagline\",\"potentialAction\":[{\"@type\":\"SearchAction\",\"target\":{\"@type\":\"EntryPoint\",\"urlTemplate\":\"https:\\\/\\\/zenkit.com\\\/es\\\/?s={search_term_string}\"},\"query-input\":{\"@type\":\"PropertyValueSpecification\",\"valueRequired\":true,\"valueName\":\"search_term_string\"}}],\"inLanguage\":\"es\"},false]}<\/script>\n<!-- \/ Yoast SEO plugin. -->","yoast_head_json":{"title":"Zenkit Launches New Wiki View | Zenkit","description":"Zenkit releases new wiki view! A knowledge sharing and content management platform that can enhance collaboration and connect individuals to a wealth of valuable data.","robots":{"index":"index","follow":"follow","max-snippet":"max-snippet:-1","max-image-preview":"max-image-preview:large","max-video-preview":"max-video-preview:-1"},"canonical":"https:\/\/zenkit.com\/es\/kit-de-prensa\/zenkit-launches-new-wiki-view\/","og_locale":"es_ES","og_type":"article","og_title":"Zenkit Launches New Wiki View | Zenkit","og_description":"Zenkit releases new wiki view! A knowledge sharing and content management platform that can enhance collaboration and connect individuals to a wealth of valuable data.","og_url":"https:\/\/zenkit.com\/es\/kit-de-prensa\/zenkit-launches-new-wiki-view\/","og_site_name":"Zenkit","article_publisher":"https:\/\/www.facebook.com\/ZenkitHQ","article_modified_time":"2025-11-23T15:01:30+00:00","og_image":[{"width":1024,"height":538,"url":"https:\/\/zenkit.com\/wp-content\/uploads\/2025\/05\/base-1024x538-1.webp","type":"image\/webp"}],"twitter_card":"summary_large_image","twitter_site":"@ZenkitHQ","twitter_misc":{"Tiempo de lectura":"23 minutos"},"schema":{"@context":"https:\/\/schema.org","@graph":[{"@type":"WebPage","@id":"https:\/\/zenkit.com\/es\/kit-de-prensa\/zenkit-launches-new-wiki-view\/","url":"https:\/\/zenkit.com\/es\/kit-de-prensa\/zenkit-launches-new-wiki-view\/","name":"Zenkit Launches New Wiki View | Zenkit","isPartOf":{"@id":"https:\/\/zenkit.com\/es\/#website"},"primaryImageOfPage":{"@id":"https:\/\/zenkit.com\/es\/kit-de-prensa\/zenkit-launches-new-wiki-view\/#primaryimage"},"image":{"@id":"https:\/\/zenkit.com\/es\/kit-de-prensa\/zenkit-launches-new-wiki-view\/#primaryimage"},"thumbnailUrl":"https:\/\/zenkit.com\/wp-content\/uploads\/2025\/05\/base-1024x538-1.webp","datePublished":"2019-12-18T08:42:39+00:00","dateModified":"2025-11-23T15:01:30+00:00","description":"Zenkit releases new wiki view! A knowledge sharing and content management platform that can enhance collaboration and connect individuals to a wealth of valuable data.","breadcrumb":{"@id":"https:\/\/zenkit.com\/es\/kit-de-prensa\/zenkit-launches-new-wiki-view\/#breadcrumb"},"inLanguage":"es","potentialAction":[{"@type":"ReadAction","target":["https:\/\/zenkit.com\/es\/kit-de-prensa\/zenkit-launches-new-wiki-view\/"]}]},{"@type":"ImageObject","inLanguage":"es","@id":"https:\/\/zenkit.com\/es\/kit-de-prensa\/zenkit-launches-new-wiki-view\/#primaryimage","url":"https:\/\/zenkit.com\/wp-content\/uploads\/2025\/05\/base-1024x538-1.webp","contentUrl":"https:\/\/zenkit.com\/wp-content\/uploads\/2025\/05\/base-1024x538-1.webp"},{"@type":"BreadcrumbList","@id":"https:\/\/zenkit.com\/es\/kit-de-prensa\/zenkit-launches-new-wiki-view\/#breadcrumb","itemListElement":[{"@type":"ListItem","position":1,"name":"Home","item":"https:\/\/zenkit.com\/es\/"},{"@type":"ListItem","position":2,"name":"Kit de Prensa","item":"https:\/\/zenkit.com\/es\/kit-de-prensa\/"},{"@type":"ListItem","position":3,"name":"Zenkit Launches New Wiki View"}]},{"@type":"WebSite","@id":"https:\/\/zenkit.com\/es\/#website","url":"https:\/\/zenkit.com\/es\/","name":"Zenkit","description":"Zenkit Tagline","potentialAction":[{"@type":"SearchAction","target":{"@type":"EntryPoint","urlTemplate":"https:\/\/zenkit.com\/es\/?s={search_term_string}"},"query-input":{"@type":"PropertyValueSpecification","valueRequired":true,"valueName":"search_term_string"}}],"inLanguage":"es"},false]}},"yasr_visitor_votes":{"stars_attributes":{"read_only":false,"span_bottom":false},"number_of_votes":0,"sum_votes":0},"_links":{"self":[{"href":"https:\/\/zenkit.com\/es\/wp-json\/wp\/v2\/pages\/73071","targetHints":{"allow":["GET"]}}],"collection":[{"href":"https:\/\/zenkit.com\/es\/wp-json\/wp\/v2\/pages"}],"about":[{"href":"https:\/\/zenkit.com\/es\/wp-json\/wp\/v2\/types\/page"}],"author":[{"embeddable":true,"href":"https:\/\/zenkit.com\/es\/wp-json\/wp\/v2\/users\/30"}],"replies":[{"embeddable":true,"href":"https:\/\/zenkit.com\/es\/wp-json\/wp\/v2\/comments?post=73071"}],"version-history":[{"count":3,"href":"https:\/\/zenkit.com\/es\/wp-json\/wp\/v2\/pages\/73071\/revisions"}],"predecessor-version":[{"id":174700,"href":"https:\/\/zenkit.com\/es\/wp-json\/wp\/v2\/pages\/73071\/revisions\/174700"}],"up":[{"embeddable":true,"href":"https:\/\/zenkit.com\/es\/wp-json\/wp\/v2\/pages\/61702"}],"wp:attachment":[{"href":"https:\/\/zenkit.com\/es\/wp-json\/wp\/v2\/media?parent=73071"}],"curies":[{"name":"wp","href":"https:\/\/api.w.org\/{rel}","templated":true}]}}