{"id":73073,"date":"2019-11-18T10:21:30","date_gmt":"2019-11-18T09:21:30","guid":{"rendered":"https:\/\/zenkit.com\/kit-de-prensa\/reinventing-the-kanban-board\/"},"modified":"2025-09-03T04:37:05","modified_gmt":"2025-09-03T02:37:05","slug":"reinventing-the-kanban-board","status":"publish","type":"page","link":"https:\/\/zenkit.com\/es\/kit-de-prensa\/reinventing-the-kanban-board\/","title":{"rendered":"Reinventing the Kanban board"},"content":{"rendered":"\n<div class=\"wp-block-group has-global-padding is-layout-constrained wp-block-group-is-layout-constrained\">\n<div class=\"wp-block-group width--950 has-global-padding is-layout-constrained wp-block-group-is-layout-constrained\">\n<div style=\"height:45px;--tablet-height:45px;--mobile-height:16px\" class=\"wp-block-lookeen-blocks-responsive-spacer\"><\/div>\n\n\n\n<div class=\"wp-block-group has-global-padding is-layout-constrained wp-block-group-is-layout-constrained\">\n<h1 class=\"wp-block-heading has-text-align-center\" style=\"margin-bottom:8px\">Reinventando el tablero Kanban<\/h1>\n<\/div>\n\n\n\n<div class=\"wp-block-group has-global-padding is-layout-constrained wp-block-group-is-layout-constrained\">\n<p class=\"has-text-align-center subheading\">Zenkit presenta subtareas, vista de jerarqu\u00eda y filtros m\u00e1s potentes para devolver la claridad y el enfoque a los tableros Kanban abarrotados y ocupados.<\/p>\n<\/div>\n\n\n\n<div style=\"height:48px;--tablet-height:36px;--mobile-height:24px\" class=\"wp-block-lookeen-blocks-responsive-spacer\"><\/div>\n\n\n\n<div class=\"wp-block-group has-global-padding is-layout-constrained wp-block-group-is-layout-constrained\">\n<p class=\"has-text-align-center press__headline has-text-color has-link-color wp-elements-dd390b7fa68b53c5ea7a9193accbb198\" style=\"color:#939393;font-size:24px;font-style:normal;font-weight:700;line-height:1.5\"><strong>Friday, October 4th, 2019 \u2013 Karlsruhe, Germany<\/strong><\/p>\n<\/div>\n<\/div>\n\n\n\n<div style=\"height:88px;--tablet-height:72px;--mobile-height:40px\" class=\"wp-block-lookeen-blocks-responsive-spacer\"><\/div>\n<\/div>\n\n\n\n<div class=\"wp-block-group has-global-padding is-layout-constrained wp-block-group-is-layout-constrained\">\n<div class=\"wp-block-columns is-layout-flex wp-container-core-columns-is-layout-b8d659ec wp-block-columns-is-layout-flex\">\n<div class=\"wp-block-column is-layout-flow wp-block-column-is-layout-flow\">\n<p class=\"has-da-grey-2-color has-text-color has-link-color wp-elements-ee1d276bc1c9bf2ac7005d6f0707c0d5\">Hoy, el equipo de Zenkit anuncia el lanzamiento de su nueva funci\u00f3n de subtareas, junto con una vista de jerarqu\u00eda y filtros potentes. Las nuevas caracter\u00edsticas introducen una estructura jer\u00e1rquica que le permite agregar formularios a un tablero Kanban ocupado.<\/p>\n\n\n\n<p>Los equipos de todo el mundo adoran los tableros Kanban por su visualizaci\u00f3n intuitiva y eficaz de los proyectos. Sin embargo, el equipo de Zenkit ha cuestionado durante mucho tiempo la forma en que se utilizan. En particular, cuando se usan con el tiempo para grandes proyectos con grandes equipos, los tableros Kanban pueden volverse abarrotados y abrumadores. La ausencia de estructura, la adici\u00f3n de listas ambiguas y la dificultad para desglosar las tareas en subtareas pueden hacer que los proyectos carezcan de claridad.<\/p>\n\n\n\n<p class=\"has-da-grey-2-color has-text-color has-link-color wp-elements-7f75eb23d7777ca9b77d46545e544071\">La adici\u00f3n de estructura a trav\u00e9s de la introducci\u00f3n de subtareas y vistas jer\u00e1rquicas ofrece la soluci\u00f3n.<\/p>\n<\/div>\n\n\n\n<div class=\"wp-block-column is-layout-flow wp-block-column-is-layout-flow\">\n<p class=\"has-da-grey-1-color has-text-color has-link-color wp-elements-4bc46e897069e94035b2822cc847237c\">La estructura en jerarqu\u00eda puede ayudar a desglosar las tareas claramente en su tablero Kanban. Tambi\u00e9n le permitir\u00e1 determinar de forma intuitiva qu\u00e9 tareas pertenecen a cada lugar y proporciona una visi\u00f3n general m\u00e1s clara y enfocada de su proceso de flujo de trabajo.<\/p>\n\n\n\n<div class=\"wp-block-group has-background has-global-padding is-layout-constrained wp-container-core-group-is-layout-8412c99a wp-block-group-is-layout-constrained\" style=\"border-radius:20px;background-color:#efefef;margin-bottom:24px;padding-top:20px;padding-right:20px;padding-bottom:20px;padding-left:20px\">\n<p class=\"has-da-grey-1-color has-text-color has-link-color wp-elements-befa632b605383af4df18c1a355206db\" style=\"font-size:14px\"><em>\u201cSiempre hemos sido grandes admiradores de los tableros Kanban, pero nos dimos cuenta de que su falta de estructura puede causar hacinamiento y confusi\u00f3n\u201d, expres\u00f3 Martin Welker, director ejecutivo de Zenkit. \u201cPor accidente, mientras trabaj\u00e1bamos en nuestras nuevas funciones de subtareas, encontramos la soluci\u00f3n a este problema: filtros jer\u00e1rquicos. Son una forma intuitiva de encontrar r\u00e1pidamente tareas relacionadas u obtener una descripci\u00f3n general de las tareas clave. Estamos seguros de que estas nuevas caracter\u00edsticas cambiar\u00e1n la forma en que usa los tableros Kanban para siempre\u201d.\u00a0<\/em><\/p>\n<\/div>\n<\/div>\n<\/div>\n<\/div>\n\n\n\n<div style=\"height:45px;--tablet-height:45px;--mobile-height:16px\" class=\"wp-block-lookeen-blocks-responsive-spacer\"><\/div>\n\n\n\n<figure class=\"wp-block-image aligncenter size-full is-resized border-radius--20 overflow__hidden  box__shadow\"><img loading=\"lazy\" decoding=\"async\" width=\"1024\" height=\"538\" src=\"https:\/\/zenkit.com\/wp-content\/uploads\/2025\/05\/base-1024x538-1.webp\" alt=\"\" class=\"wp-image-115467\" style=\"width:491px;height:auto\" srcset=\"https:\/\/zenkit.com\/wp-content\/uploads\/2025\/05\/base-1024x538-1.webp 1024w, https:\/\/zenkit.com\/wp-content\/uploads\/2025\/05\/base-1024x538-1-300x158.webp 300w, https:\/\/zenkit.com\/wp-content\/uploads\/2025\/05\/base-1024x538-1-768x404.webp 768w\" sizes=\"auto, (max-width: 1024px) 100vw, 1024px\" \/><\/figure>\n\n\n\n<div style=\"height:88px;--tablet-height:72px;--mobile-height:40px\" class=\"wp-block-lookeen-blocks-responsive-spacer\"><\/div>\n\n\n\n<div class=\"wp-block-group has-global-padding is-layout-constrained wp-block-group-is-layout-constrained\">\n<h2 class=\"wp-block-heading has-text-align-center\" style=\"margin-bottom:0px\"><strong>Qu\u00e9 esperart<\/strong>:<\/h2>\n\n\n\n<div style=\"height:48px;--tablet-height:36px;--mobile-height:24px\" class=\"wp-block-lookeen-blocks-responsive-spacer\"><\/div>\n\n\n\n<div class=\"wp-block-group has-global-padding is-layout-constrained wp-block-group-is-layout-constrained\">\n<div class=\"wp-block-columns is-layout-flex wp-container-core-columns-is-layout-28f84493 wp-block-columns-is-layout-flex\">\n<div class=\"wp-block-column is-layout-flow wp-block-column-is-layout-flow\">\n<ul class=\"wp-block-list list__with-checkmark-blue-and-underline\">\n<li>Filtro de rango jer\u00e1rquico que le permite ver solo las tareas de nivel superior para que no tenga que hacer una colecci\u00f3n o vista separada para ver el panorama general.<\/li>\n\n\n\n<li>Filtro de subtareas que le permite ver todos los subelementos de un elemento en particular con un solo clic. Las tareas no relacionadas de otros elementos desaparecen de su tablero y ve una descripci\u00f3n completa de un subproyecto como si fuera su propio tablero Kanban. Esto puede mostrarle inmediatamente d\u00f3nde est\u00e1n los cuellos de botella.<\/li>\n\n\n\n<li>Nuevo mapa mental que se conecta directamente con la vista de jerarqu\u00eda, ofreciendo una forma m\u00e1s expresiva de trabajar con los mismos datos.<\/li>\n<\/ul>\n<\/div>\n\n\n\n<div class=\"wp-block-column is-layout-flow wp-block-column-is-layout-flow\">\n<ul class=\"wp-block-list list__with-checkmark-blue-and-underline\">\n<li>F\u00f3rmulas recursivas que te permiten agregar el valor de las subtareas.<\/li>\n\n\n\n<li>La capacidad de marcar autom\u00e1ticamente todas las subtareas como completadas marcando la tarea principal como completada.<\/li>\n<\/ul>\n<\/div>\n<\/div>\n<\/div>\n\n\n\n<div style=\"height:88px;--tablet-height:72px;--mobile-height:40px\" class=\"wp-block-lookeen-blocks-responsive-spacer\"><\/div>\n\n\n\n<div class=\"wp-block-group has-global-padding is-layout-constrained wp-container-core-group-is-layout-7cc94c3e wp-block-group-is-layout-constrained\">\n<div class=\"wp-block-group has-global-padding is-layout-constrained wp-block-group-is-layout-constrained\">\n<p class=\"has-text-align-center has-da-grey-2-color has-text-color has-link-color wp-elements-33c663fdc391f917d1940cacb2be9cda\">Adem\u00e1s de estas nuevas funciones, Zenkit ahora est\u00e1 listo para la empresa con la introducci\u00f3n de la funci\u00f3n Organizaciones, que permite a las grandes organizaciones administrar usuarios a trav\u00e9s de sus proveedores de identidad existentes con soporte para SSO basado en SAML y aprovisionamiento a trav\u00e9s de SCIM.\u00a0<\/p>\n<\/div>\n\n\n\n<div style=\"height:88px;--tablet-height:72px;--mobile-height:40px\" class=\"wp-block-lookeen-blocks-responsive-spacer\"><\/div>\n\n\n\n<h3 class=\"wp-block-heading has-text-align-center\" style=\"margin-bottom:8px;font-style:normal;font-weight:700\"><strong>Acerca de Zenkit:<\/strong><\/h3>\n\n\n\n<p class=\"has-text-align-center has-da-grey-2-color has-text-color has-link-color wp-elements-f729b7051696d8619aa74af2bdd8c868\">Zenkit es una startup formada bajo Axonic GmbH. La plataforma de creaci\u00f3n de bases de datos y gesti\u00f3n de proyectos SaaS se lanz\u00f3 en octubre de 2016.<\/p>\n<\/div>\n<\/div>\n\n\n\n<div style=\"height:110px;--tablet-height:60px;--mobile-height:48px\" class=\"wp-block-lookeen-blocks-responsive-spacer\"><\/div>\n","protected":false},"excerpt":{"rendered":"<p>Reinventando el tablero Kanban Zenkit presenta subtareas, vista de jerarqu\u00eda y filtros m\u00e1s potentes para devolver la claridad y el enfoque a los tableros Kanban abarrotados y ocupados. Friday, October 4th, 2019 \u2013 Karlsruhe, Germany Hoy, el equipo de Zenkit anuncia el lanzamiento de su nueva funci\u00f3n de subtareas, junto con una vista de jerarqu\u00eda [&hellip;]<\/p>\n","protected":false},"author":30,"featured_media":0,"parent":61702,"menu_order":8,"comment_status":"closed","ping_status":"closed","template":"","meta":{"yasr_overall_rating":0,"yasr_post_is_review":"","yasr_auto_insert_disabled":"","yasr_review_type":"","footnotes":""},"class_list":["post-73073","page","type-page","status-publish","hentry"],"yoast_head":"<!-- This site is optimized with the Yoast SEO plugin v27.3 - https:\/\/yoast.com\/product\/yoast-seo-wordpress\/ -->\n<title>Reinventing the Kanban board | Zenkit<\/title>\n<meta name=\"description\" content=\"Zenkit introduces subtasks, hierarchy view, and more powerful filters to bring clarity and focus back to crowded and busy Kanban boards.\" \/>\n<meta name=\"robots\" content=\"index, follow, max-snippet:-1, max-image-preview:large, max-video-preview:-1\" \/>\n<link rel=\"canonical\" href=\"https:\/\/zenkit.com\/es\/kit-de-prensa\/reinventing-the-kanban-board\/\" \/>\n<meta property=\"og:locale\" content=\"es_ES\" \/>\n<meta property=\"og:type\" content=\"article\" \/>\n<meta property=\"og:title\" content=\"Reinventing the Kanban board | Zenkit\" \/>\n<meta property=\"og:description\" content=\"Zenkit introduces subtasks, hierarchy view, and more powerful filters to bring clarity and focus back to crowded and busy Kanban boards.\" \/>\n<meta property=\"og:url\" content=\"https:\/\/zenkit.com\/es\/kit-de-prensa\/reinventing-the-kanban-board\/\" \/>\n<meta property=\"og:site_name\" content=\"Zenkit\" \/>\n<meta property=\"article:publisher\" content=\"https:\/\/www.facebook.com\/ZenkitHQ\" \/>\n<meta property=\"article:modified_time\" content=\"2025-09-03T02:37:05+00:00\" \/>\n<meta property=\"og:image\" content=\"https:\/\/zenkit.com\/wp-content\/uploads\/2025\/05\/base-1024x538-1.webp\" \/>\n<meta name=\"twitter:card\" content=\"summary_large_image\" \/>\n<meta name=\"twitter:site\" content=\"@ZenkitHQ\" \/>\n<meta name=\"twitter:label1\" content=\"Tiempo de lectura\" \/>\n\t<meta name=\"twitter:data1\" content=\"3 minutos\" \/>\n<script type=\"application\/ld+json\" class=\"yoast-schema-graph\">{\"@context\":\"https:\\\/\\\/schema.org\",\"@graph\":[{\"@type\":\"WebPage\",\"@id\":\"https:\\\/\\\/zenkit.com\\\/es\\\/kit-de-prensa\\\/reinventing-the-kanban-board\\\/\",\"url\":\"https:\\\/\\\/zenkit.com\\\/es\\\/kit-de-prensa\\\/reinventing-the-kanban-board\\\/\",\"name\":\"Reinventing the Kanban board | Zenkit\",\"isPartOf\":{\"@id\":\"https:\\\/\\\/zenkit.com\\\/es\\\/#website\"},\"primaryImageOfPage\":{\"@id\":\"https:\\\/\\\/zenkit.com\\\/es\\\/kit-de-prensa\\\/reinventing-the-kanban-board\\\/#primaryimage\"},\"image\":{\"@id\":\"https:\\\/\\\/zenkit.com\\\/es\\\/kit-de-prensa\\\/reinventing-the-kanban-board\\\/#primaryimage\"},\"thumbnailUrl\":\"https:\\\/\\\/zenkit.com\\\/wp-content\\\/uploads\\\/2025\\\/05\\\/base-1024x538-1.webp\",\"datePublished\":\"2019-11-18T09:21:30+00:00\",\"dateModified\":\"2025-09-03T02:37:05+00:00\",\"description\":\"Zenkit introduces subtasks, hierarchy view, and more powerful filters to bring clarity and focus back to crowded and busy Kanban boards.\",\"breadcrumb\":{\"@id\":\"https:\\\/\\\/zenkit.com\\\/es\\\/kit-de-prensa\\\/reinventing-the-kanban-board\\\/#breadcrumb\"},\"inLanguage\":\"es\",\"potentialAction\":[{\"@type\":\"ReadAction\",\"target\":[\"https:\\\/\\\/zenkit.com\\\/es\\\/kit-de-prensa\\\/reinventing-the-kanban-board\\\/\"]}]},{\"@type\":\"ImageObject\",\"inLanguage\":\"es\",\"@id\":\"https:\\\/\\\/zenkit.com\\\/es\\\/kit-de-prensa\\\/reinventing-the-kanban-board\\\/#primaryimage\",\"url\":\"https:\\\/\\\/zenkit.com\\\/wp-content\\\/uploads\\\/2025\\\/05\\\/base-1024x538-1.webp\",\"contentUrl\":\"https:\\\/\\\/zenkit.com\\\/wp-content\\\/uploads\\\/2025\\\/05\\\/base-1024x538-1.webp\"},{\"@type\":\"BreadcrumbList\",\"@id\":\"https:\\\/\\\/zenkit.com\\\/es\\\/kit-de-prensa\\\/reinventing-the-kanban-board\\\/#breadcrumb\",\"itemListElement\":[{\"@type\":\"ListItem\",\"position\":1,\"name\":\"Home\",\"item\":\"https:\\\/\\\/zenkit.com\\\/es\\\/\"},{\"@type\":\"ListItem\",\"position\":2,\"name\":\"Kit de Prensa\",\"item\":\"https:\\\/\\\/zenkit.com\\\/es\\\/kit-de-prensa\\\/\"},{\"@type\":\"ListItem\",\"position\":3,\"name\":\"Reinventing the Kanban board\"}]},{\"@type\":\"WebSite\",\"@id\":\"https:\\\/\\\/zenkit.com\\\/es\\\/#website\",\"url\":\"https:\\\/\\\/zenkit.com\\\/es\\\/\",\"name\":\"Zenkit\",\"description\":\"Zenkit Tagline\",\"potentialAction\":[{\"@type\":\"SearchAction\",\"target\":{\"@type\":\"EntryPoint\",\"urlTemplate\":\"https:\\\/\\\/zenkit.com\\\/es\\\/?s={search_term_string}\"},\"query-input\":{\"@type\":\"PropertyValueSpecification\",\"valueRequired\":true,\"valueName\":\"search_term_string\"}}],\"inLanguage\":\"es\"},false]}<\/script>\n<!-- \/ Yoast SEO plugin. -->","yoast_head_json":{"title":"Reinventing the Kanban board | Zenkit","description":"Zenkit introduces subtasks, hierarchy view, and more powerful filters to bring clarity and focus back to crowded and busy Kanban boards.","robots":{"index":"index","follow":"follow","max-snippet":"max-snippet:-1","max-image-preview":"max-image-preview:large","max-video-preview":"max-video-preview:-1"},"canonical":"https:\/\/zenkit.com\/es\/kit-de-prensa\/reinventing-the-kanban-board\/","og_locale":"es_ES","og_type":"article","og_title":"Reinventing the Kanban board | Zenkit","og_description":"Zenkit introduces subtasks, hierarchy view, and more powerful filters to bring clarity and focus back to crowded and busy Kanban boards.","og_url":"https:\/\/zenkit.com\/es\/kit-de-prensa\/reinventing-the-kanban-board\/","og_site_name":"Zenkit","article_publisher":"https:\/\/www.facebook.com\/ZenkitHQ","article_modified_time":"2025-09-03T02:37:05+00:00","og_image":[{"url":"https:\/\/zenkit.com\/wp-content\/uploads\/2025\/05\/base-1024x538-1.webp","type":"","width":"","height":""}],"twitter_card":"summary_large_image","twitter_site":"@ZenkitHQ","twitter_misc":{"Tiempo de lectura":"3 minutos"},"schema":{"@context":"https:\/\/schema.org","@graph":[{"@type":"WebPage","@id":"https:\/\/zenkit.com\/es\/kit-de-prensa\/reinventing-the-kanban-board\/","url":"https:\/\/zenkit.com\/es\/kit-de-prensa\/reinventing-the-kanban-board\/","name":"Reinventing the Kanban board | Zenkit","isPartOf":{"@id":"https:\/\/zenkit.com\/es\/#website"},"primaryImageOfPage":{"@id":"https:\/\/zenkit.com\/es\/kit-de-prensa\/reinventing-the-kanban-board\/#primaryimage"},"image":{"@id":"https:\/\/zenkit.com\/es\/kit-de-prensa\/reinventing-the-kanban-board\/#primaryimage"},"thumbnailUrl":"https:\/\/zenkit.com\/wp-content\/uploads\/2025\/05\/base-1024x538-1.webp","datePublished":"2019-11-18T09:21:30+00:00","dateModified":"2025-09-03T02:37:05+00:00","description":"Zenkit introduces subtasks, hierarchy view, and more powerful filters to bring clarity and focus back to crowded and busy Kanban boards.","breadcrumb":{"@id":"https:\/\/zenkit.com\/es\/kit-de-prensa\/reinventing-the-kanban-board\/#breadcrumb"},"inLanguage":"es","potentialAction":[{"@type":"ReadAction","target":["https:\/\/zenkit.com\/es\/kit-de-prensa\/reinventing-the-kanban-board\/"]}]},{"@type":"ImageObject","inLanguage":"es","@id":"https:\/\/zenkit.com\/es\/kit-de-prensa\/reinventing-the-kanban-board\/#primaryimage","url":"https:\/\/zenkit.com\/wp-content\/uploads\/2025\/05\/base-1024x538-1.webp","contentUrl":"https:\/\/zenkit.com\/wp-content\/uploads\/2025\/05\/base-1024x538-1.webp"},{"@type":"BreadcrumbList","@id":"https:\/\/zenkit.com\/es\/kit-de-prensa\/reinventing-the-kanban-board\/#breadcrumb","itemListElement":[{"@type":"ListItem","position":1,"name":"Home","item":"https:\/\/zenkit.com\/es\/"},{"@type":"ListItem","position":2,"name":"Kit de Prensa","item":"https:\/\/zenkit.com\/es\/kit-de-prensa\/"},{"@type":"ListItem","position":3,"name":"Reinventing the Kanban board"}]},{"@type":"WebSite","@id":"https:\/\/zenkit.com\/es\/#website","url":"https:\/\/zenkit.com\/es\/","name":"Zenkit","description":"Zenkit Tagline","potentialAction":[{"@type":"SearchAction","target":{"@type":"EntryPoint","urlTemplate":"https:\/\/zenkit.com\/es\/?s={search_term_string}"},"query-input":{"@type":"PropertyValueSpecification","valueRequired":true,"valueName":"search_term_string"}}],"inLanguage":"es"},false]}},"yasr_visitor_votes":{"stars_attributes":{"read_only":false,"span_bottom":false},"number_of_votes":0,"sum_votes":0},"_links":{"self":[{"href":"https:\/\/zenkit.com\/es\/wp-json\/wp\/v2\/pages\/73073","targetHints":{"allow":["GET"]}}],"collection":[{"href":"https:\/\/zenkit.com\/es\/wp-json\/wp\/v2\/pages"}],"about":[{"href":"https:\/\/zenkit.com\/es\/wp-json\/wp\/v2\/types\/page"}],"author":[{"embeddable":true,"href":"https:\/\/zenkit.com\/es\/wp-json\/wp\/v2\/users\/30"}],"replies":[{"embeddable":true,"href":"https:\/\/zenkit.com\/es\/wp-json\/wp\/v2\/comments?post=73073"}],"version-history":[{"count":1,"href":"https:\/\/zenkit.com\/es\/wp-json\/wp\/v2\/pages\/73073\/revisions"}],"predecessor-version":[{"id":133497,"href":"https:\/\/zenkit.com\/es\/wp-json\/wp\/v2\/pages\/73073\/revisions\/133497"}],"up":[{"embeddable":true,"href":"https:\/\/zenkit.com\/es\/wp-json\/wp\/v2\/pages\/61702"}],"wp:attachment":[{"href":"https:\/\/zenkit.com\/es\/wp-json\/wp\/v2\/media?parent=73073"}],"curies":[{"name":"wp","href":"https:\/\/api.w.org\/{rel}","templated":true}]}}