{"id":73075,"date":"2019-11-18T10:04:14","date_gmt":"2019-11-18T09:04:14","guid":{"rendered":"https:\/\/zenkit.com\/kit-de-prensa\/zenkit-3-0-press-release\/"},"modified":"2025-09-03T04:39:50","modified_gmt":"2025-09-03T02:39:50","slug":"zenkit-3-0-press-release","status":"publish","type":"page","link":"https:\/\/zenkit.com\/es\/kit-de-prensa\/zenkit-3-0-press-release\/","title":{"rendered":"Zenkit 3.0 Press Release"},"content":{"rendered":"\n<div class=\"wp-block-group has-global-padding is-layout-constrained wp-block-group-is-layout-constrained\">\n<div class=\"wp-block-group width--950 has-global-padding is-layout-constrained wp-block-group-is-layout-constrained\">\n<div style=\"height:45px;--tablet-height:45px;--mobile-height:16px\" class=\"wp-block-lookeen-blocks-responsive-spacer\"><\/div>\n\n\n\n<div class=\"wp-block-group has-global-padding is-layout-constrained wp-block-group-is-layout-constrained\">\n<h1 class=\"wp-block-heading has-text-align-center\" style=\"margin-bottom:8px\">Zenkit lanza la versi\u00f3n 3.0 con un redise\u00f1o completo, API p\u00fablica y nuevas aplicaciones web progresivas<\/h1>\n<\/div>\n\n\n\n<div class=\"wp-block-group has-global-padding is-layout-constrained wp-block-group-is-layout-constrained\">\n<p class=\"has-text-align-center subheading\">Las nuevas caracter\u00edsticas incluyen formas para que los usuarios publiquen sus proyectos de Zenkit y se integren con m\u00e1s aplicaciones, lo que facilita compartir su trabajo con el mundo.<\/p>\n<\/div>\n\n\n\n<div style=\"height:48px;--tablet-height:36px;--mobile-height:24px\" class=\"wp-block-lookeen-blocks-responsive-spacer\"><\/div>\n\n\n\n<div class=\"wp-block-group has-global-padding is-layout-constrained wp-block-group-is-layout-constrained\">\n<p class=\"has-text-align-center press__headline has-text-color has-link-color wp-elements-37fa90859b2ea895ddeb52decd259007\" style=\"color:#939393;font-size:24px;font-style:normal;font-weight:700;line-height:1.5\"><strong>Jueves, 23 de Marzo, 2019 \u2013 Karlsruhe, Alemania<\/strong><\/p>\n<\/div>\n<\/div>\n\n\n\n<div style=\"height:88px;--tablet-height:72px;--mobile-height:40px\" class=\"wp-block-lookeen-blocks-responsive-spacer\"><\/div>\n<\/div>\n\n\n\n<div class=\"wp-block-group has-global-padding is-layout-constrained wp-block-group-is-layout-constrained\">\n<div class=\"wp-block-columns is-layout-flex wp-container-core-columns-is-layout-b8d659ec wp-block-columns-is-layout-flex\">\n<div class=\"wp-block-column is-layout-flow wp-block-column-is-layout-flow\">\n<p class=\"has-da-grey-2-color has-text-color has-link-color wp-elements-67849c6fd0982baa5ab2ccc914542496\">Hoy, el equipo de Zenkit anuncia la finalizaci\u00f3n de Zenkit 3.0. El lanzamiento presenta aplicaciones m\u00f3viles progresivas completamente nuevas, un dise\u00f1o elegante e incluso m\u00e1s formas para que los usuarios se conecten con otras herramientas y compartan su trabajo con el mundo.<\/p>\n<\/div>\n\n\n\n<div class=\"wp-block-column is-layout-flow wp-block-column-is-layout-flow\">\n<p class=\"has-da-grey-1-color has-text-color has-link-color wp-elements-2f88e121dcc8b1a44661e8eeebea2a99\">El paquete Zenkit 3.0 incluye nuevas formas para que los usuarios compartan su trabajo en l\u00ednea en forma de colecciones publicadas optimizadas para motores de b\u00fasqueda. Con esta nueva funci\u00f3n, los usuarios pueden, por ejemplo, compartir f\u00e1cilmente actualizaciones de proyectos con clientes a trav\u00e9s de un enlace, publicar su hoja de ruta en l\u00ednea o incrustar calendarios para publicitar eventos. Las colecciones publicadas est\u00e1n optimizadas para que cualquiera pueda encontrarlas con una simple b\u00fasqueda en la web y, adem\u00e1s, los usuarios pueden escribir sus propias metadescripciones.<\/p>\n\n\n\n<p class=\"has-da-grey-1-color has-text-color has-link-color wp-elements-29bcedc85cade6162cc3e615c39207f9\">Las aplicaciones m\u00f3viles de Zenkit se basan en la creencia del equipo de que las aplicaciones web progresivas (PWA) son el futuro de los dispositivos m\u00f3viles. No hab\u00eda un marco o biblioteca que fuera capaz de hacer lo que se necesitaba, por lo que el equipo cre\u00f3 el marco de dise\u00f1o de Zenkit desde cero.<\/p>\n<\/div>\n<\/div>\n<\/div>\n\n\n\n<div style=\"height:45px;--tablet-height:45px;--mobile-height:16px\" class=\"wp-block-lookeen-blocks-responsive-spacer\"><\/div>\n\n\n\n<div class=\"wp-block-group has-global-padding is-layout-constrained wp-block-group-is-layout-constrained\">\n<figure class=\"wp-block-image aligncenter size-full is-resized border-radius--20 overflow__hidden  box__shadow\"><img loading=\"lazy\" decoding=\"async\" width=\"1024\" height=\"538\" src=\"https:\/\/zenkit.com\/wp-content\/uploads\/2025\/05\/base-1024x538-1.webp\" alt=\"\" class=\"wp-image-115467\" style=\"width:491px;height:auto\" srcset=\"https:\/\/zenkit.com\/wp-content\/uploads\/2025\/05\/base-1024x538-1.webp 1024w, https:\/\/zenkit.com\/wp-content\/uploads\/2025\/05\/base-1024x538-1-300x158.webp 300w, https:\/\/zenkit.com\/wp-content\/uploads\/2025\/05\/base-1024x538-1-768x404.webp 768w\" sizes=\"auto, (max-width: 1024px) 100vw, 1024px\" \/><\/figure>\n<\/div>\n\n\n\n<div style=\"height:88px;--tablet-height:72px;--mobile-height:40px\" class=\"wp-block-lookeen-blocks-responsive-spacer\"><\/div>\n\n\n\n<div class=\"wp-block-group has-global-padding is-layout-constrained wp-block-group-is-layout-constrained\">\n<h2 class=\"wp-block-heading has-text-align-center\" style=\"margin-bottom:0px\"><strong>Las caracter\u00edsticas clave incluidas en la actualizaci\u00f3n son:<\/strong><\/h2>\n\n\n\n<div style=\"height:48px;--tablet-height:36px;--mobile-height:24px\" class=\"wp-block-lookeen-blocks-responsive-spacer\"><\/div>\n\n\n\n<div class=\"wp-block-columns is-layout-flex wp-container-core-columns-is-layout-28f84493 wp-block-columns-is-layout-flex\">\n<div class=\"wp-block-column is-layout-flow wp-block-column-is-layout-flow\">\n<ul class=\"wp-block-list list__with-checkmark-blue-and-underline\">\n<li>Colecciones publicadas: haga p\u00fablica cualquier colecci\u00f3n de Zenkit en su propia p\u00e1gina web<\/li>\n\n\n\n<li>Colecciones integrables: los visitantes pueden interactuar con las colecciones en cualquier sitio web<\/li>\n\n\n\n<li>Un redise\u00f1o basado en el nuevo framework de dise\u00f1o Zenkit<\/li>\n\n\n\n<li>Nuevas aplicaciones web progresivas para dispositivos m\u00f3viles y tabletas<\/li>\n<\/ul>\n<\/div>\n\n\n\n<div class=\"wp-block-column is-layout-flow wp-block-column-is-layout-flow\">\n<ul class=\"wp-block-list list__with-checkmark-blue-and-underline\">\n<li>Soporte de pantalla dividida para iPad<\/li>\n\n\n\n<li>Una API documentada p\u00fablicamente<\/li>\n\n\n\n<li>Integraci\u00f3n de MS Teams e inicio de sesi\u00f3n de cuenta de Microsoft<\/li>\n\n\n\n<li>Suscripciones iCalendar para sincronizar con cualquier aplicaci\u00f3n de calendario<\/li>\n<\/ul>\n<\/div>\n<\/div>\n<\/div>\n\n\n\n<div style=\"height:88px;--tablet-height:72px;--mobile-height:40px\" class=\"wp-block-lookeen-blocks-responsive-spacer\"><\/div>\n\n\n\n<div class=\"wp-block-group has-global-padding is-layout-constrained wp-block-group-is-layout-constrained\">\n<div class=\"wp-block-group has-background has-global-padding is-layout-constrained wp-container-core-group-is-layout-8412c99a wp-block-group-is-layout-constrained\" style=\"border-radius:20px;background-color:#efefef;margin-bottom:24px;padding-top:20px;padding-right:20px;padding-bottom:20px;padding-left:20px\">\n<p class=\"has-da-grey-1-color has-text-color has-link-color wp-elements-32abea143d94be0bbf8bc27a3f1960df\" style=\"font-size:14px\">El CEO Martin Welker dijo:\u00a0<em>\u201cNuestro redise\u00f1o fue impulsado por la necesidad de mejorar la experiencia m\u00f3vil de Zenkit, especialmente en tabletas. Sabemos que las tabletas y los tel\u00e9fonos se usan de manera diferente, para diferentes prop\u00f3sitos, por lo que la actualizaci\u00f3n de PWA hace que Zenkit parezca que fue dise\u00f1ado como una aplicaci\u00f3n nativa para cada dispositivo, al tiempo que nos permite enviar actualizaciones y correcciones de inmediato desde una fuente de c\u00f3digo central\u201d.\u00a0<\/em><\/p>\n<\/div>\n<\/div>\n\n\n\n<div class=\"wp-block-group has-global-padding is-layout-constrained wp-block-group-is-layout-constrained\">\n<div class=\"wp-block-group has-global-padding is-layout-constrained wp-container-core-group-is-layout-7cc94c3e wp-block-group-is-layout-constrained\">\n<div style=\"height:48px;--tablet-height:20px;--mobile-height:20px\" class=\"wp-block-lookeen-blocks-responsive-spacer\"><\/div>\n\n\n\n<div class=\"wp-block-group has-global-padding is-layout-constrained wp-block-group-is-layout-constrained\">\n<p class=\"has-text-align-center has-da-grey-2-color has-text-color has-link-color wp-elements-572ba6ad50edfe10ff12017b2c9db8e7\">Por \u00faltimo, la API de Zenkit brinda a los usuarios a\u00fan m\u00e1s flexibilidad en la forma en que administran sus datos. Los usuarios con inclinaciones tecnol\u00f3gicas pueden crear sus propios scripts o conectar Zenkit directamente a sus datos privados. Sin embargo, con asociaciones establecidas con empresas como Zapier, una integraci\u00f3n directa con MS Teams, iCalendar sync y pr\u00f3ximas integraciones con herramientas como Clockify y ActiveCampaign, la API permitir\u00e1 que incluso los usuarios sin conocimientos t\u00e9cnicos se conecten con miles de otras aplicaciones.\u00a0<\/p>\n<\/div>\n\n\n\n<div style=\"height:88px;--tablet-height:72px;--mobile-height:40px\" class=\"wp-block-lookeen-blocks-responsive-spacer\"><\/div>\n\n\n\n<h3 class=\"wp-block-heading has-text-align-center\" style=\"margin-bottom:8px;font-style:normal;font-weight:700\">Acerca de Zenkit<\/h3>\n\n\n\n<p class=\"has-text-align-center has-da-grey-2-color has-text-color has-link-color wp-elements-f729b7051696d8619aa74af2bdd8c868\">Zenkit es una startup formada bajo Axonic GmbH. La plataforma de creaci\u00f3n de bases de datos y gesti\u00f3n de proyectos SaaS se lanz\u00f3 en octubre de 2016.<\/p>\n<\/div>\n<\/div>\n\n\n\n<div style=\"height:110px;--tablet-height:60px;--mobile-height:48px\" class=\"wp-block-lookeen-blocks-responsive-spacer\"><\/div>\n","protected":false},"excerpt":{"rendered":"<p>Zenkit lanza la versi\u00f3n 3.0 con un redise\u00f1o completo, API p\u00fablica y nuevas aplicaciones web progresivas Las nuevas caracter\u00edsticas incluyen formas para que los usuarios publiquen sus proyectos de Zenkit y se integren con m\u00e1s aplicaciones, lo que facilita compartir su trabajo con el mundo. Jueves, 23 de Marzo, 2019 \u2013 Karlsruhe, Alemania Hoy, el [&hellip;]<\/p>\n","protected":false},"author":30,"featured_media":0,"parent":61702,"menu_order":9,"comment_status":"closed","ping_status":"closed","template":"","meta":{"yasr_overall_rating":0,"yasr_post_is_review":"","yasr_auto_insert_disabled":"","yasr_review_type":"","footnotes":""},"class_list":["post-73075","page","type-page","status-publish","hentry"],"yoast_head":"<!-- This site is optimized with the Yoast SEO plugin v27.3 - https:\/\/yoast.com\/product\/yoast-seo-wordpress\/ -->\n<title>Zenkit 3.0 Press Release | Zenkit<\/title>\n<meta name=\"description\" content=\"Zenkit launches version 3.0 with a complete redesign, public API, and new progressive web apps. Users can publish projects and integrate with more apps.\" \/>\n<meta name=\"robots\" content=\"index, follow, max-snippet:-1, max-image-preview:large, max-video-preview:-1\" \/>\n<link rel=\"canonical\" href=\"https:\/\/zenkit.com\/es\/kit-de-prensa\/zenkit-3-0-press-release\/\" \/>\n<meta property=\"og:locale\" content=\"es_ES\" \/>\n<meta property=\"og:type\" content=\"article\" \/>\n<meta property=\"og:title\" content=\"Zenkit 3.0 Press Release | Zenkit\" \/>\n<meta property=\"og:description\" content=\"Zenkit launches version 3.0 with a complete redesign, public API, and new progressive web apps. Users can publish projects and integrate with more apps.\" \/>\n<meta property=\"og:url\" content=\"https:\/\/zenkit.com\/es\/kit-de-prensa\/zenkit-3-0-press-release\/\" \/>\n<meta property=\"og:site_name\" content=\"Zenkit\" \/>\n<meta property=\"article:publisher\" content=\"https:\/\/www.facebook.com\/ZenkitHQ\" \/>\n<meta property=\"article:modified_time\" content=\"2025-09-03T02:39:50+00:00\" \/>\n<meta property=\"og:image\" content=\"https:\/\/zenkit.com\/wp-content\/uploads\/2025\/05\/base-1024x538-1.webp\" \/>\n<meta name=\"twitter:card\" content=\"summary_large_image\" \/>\n<meta name=\"twitter:site\" content=\"@ZenkitHQ\" \/>\n<meta name=\"twitter:label1\" content=\"Tiempo de lectura\" \/>\n\t<meta name=\"twitter:data1\" content=\"3 minutos\" \/>\n<script type=\"application\/ld+json\" class=\"yoast-schema-graph\">{\"@context\":\"https:\\\/\\\/schema.org\",\"@graph\":[{\"@type\":\"WebPage\",\"@id\":\"https:\\\/\\\/zenkit.com\\\/es\\\/kit-de-prensa\\\/zenkit-3-0-press-release\\\/\",\"url\":\"https:\\\/\\\/zenkit.com\\\/es\\\/kit-de-prensa\\\/zenkit-3-0-press-release\\\/\",\"name\":\"Zenkit 3.0 Press Release | Zenkit\",\"isPartOf\":{\"@id\":\"https:\\\/\\\/zenkit.com\\\/es\\\/#website\"},\"primaryImageOfPage\":{\"@id\":\"https:\\\/\\\/zenkit.com\\\/es\\\/kit-de-prensa\\\/zenkit-3-0-press-release\\\/#primaryimage\"},\"image\":{\"@id\":\"https:\\\/\\\/zenkit.com\\\/es\\\/kit-de-prensa\\\/zenkit-3-0-press-release\\\/#primaryimage\"},\"thumbnailUrl\":\"https:\\\/\\\/zenkit.com\\\/wp-content\\\/uploads\\\/2025\\\/05\\\/base-1024x538-1.webp\",\"datePublished\":\"2019-11-18T09:04:14+00:00\",\"dateModified\":\"2025-09-03T02:39:50+00:00\",\"description\":\"Zenkit launches version 3.0 with a complete redesign, public API, and new progressive web apps. Users can publish projects and integrate with more apps.\",\"breadcrumb\":{\"@id\":\"https:\\\/\\\/zenkit.com\\\/es\\\/kit-de-prensa\\\/zenkit-3-0-press-release\\\/#breadcrumb\"},\"inLanguage\":\"es\",\"potentialAction\":[{\"@type\":\"ReadAction\",\"target\":[\"https:\\\/\\\/zenkit.com\\\/es\\\/kit-de-prensa\\\/zenkit-3-0-press-release\\\/\"]}]},{\"@type\":\"ImageObject\",\"inLanguage\":\"es\",\"@id\":\"https:\\\/\\\/zenkit.com\\\/es\\\/kit-de-prensa\\\/zenkit-3-0-press-release\\\/#primaryimage\",\"url\":\"https:\\\/\\\/zenkit.com\\\/wp-content\\\/uploads\\\/2025\\\/05\\\/base-1024x538-1.webp\",\"contentUrl\":\"https:\\\/\\\/zenkit.com\\\/wp-content\\\/uploads\\\/2025\\\/05\\\/base-1024x538-1.webp\"},{\"@type\":\"BreadcrumbList\",\"@id\":\"https:\\\/\\\/zenkit.com\\\/es\\\/kit-de-prensa\\\/zenkit-3-0-press-release\\\/#breadcrumb\",\"itemListElement\":[{\"@type\":\"ListItem\",\"position\":1,\"name\":\"Home\",\"item\":\"https:\\\/\\\/zenkit.com\\\/es\\\/\"},{\"@type\":\"ListItem\",\"position\":2,\"name\":\"Kit de Prensa\",\"item\":\"https:\\\/\\\/zenkit.com\\\/es\\\/kit-de-prensa\\\/\"},{\"@type\":\"ListItem\",\"position\":3,\"name\":\"Zenkit 3.0 Press Release\"}]},{\"@type\":\"WebSite\",\"@id\":\"https:\\\/\\\/zenkit.com\\\/es\\\/#website\",\"url\":\"https:\\\/\\\/zenkit.com\\\/es\\\/\",\"name\":\"Zenkit\",\"description\":\"Zenkit Tagline\",\"potentialAction\":[{\"@type\":\"SearchAction\",\"target\":{\"@type\":\"EntryPoint\",\"urlTemplate\":\"https:\\\/\\\/zenkit.com\\\/es\\\/?s={search_term_string}\"},\"query-input\":{\"@type\":\"PropertyValueSpecification\",\"valueRequired\":true,\"valueName\":\"search_term_string\"}}],\"inLanguage\":\"es\"},false]}<\/script>\n<!-- \/ Yoast SEO plugin. -->","yoast_head_json":{"title":"Zenkit 3.0 Press Release | Zenkit","description":"Zenkit launches version 3.0 with a complete redesign, public API, and new progressive web apps. Users can publish projects and integrate with more apps.","robots":{"index":"index","follow":"follow","max-snippet":"max-snippet:-1","max-image-preview":"max-image-preview:large","max-video-preview":"max-video-preview:-1"},"canonical":"https:\/\/zenkit.com\/es\/kit-de-prensa\/zenkit-3-0-press-release\/","og_locale":"es_ES","og_type":"article","og_title":"Zenkit 3.0 Press Release | Zenkit","og_description":"Zenkit launches version 3.0 with a complete redesign, public API, and new progressive web apps. Users can publish projects and integrate with more apps.","og_url":"https:\/\/zenkit.com\/es\/kit-de-prensa\/zenkit-3-0-press-release\/","og_site_name":"Zenkit","article_publisher":"https:\/\/www.facebook.com\/ZenkitHQ","article_modified_time":"2025-09-03T02:39:50+00:00","og_image":[{"url":"https:\/\/zenkit.com\/wp-content\/uploads\/2025\/05\/base-1024x538-1.webp","type":"","width":"","height":""}],"twitter_card":"summary_large_image","twitter_site":"@ZenkitHQ","twitter_misc":{"Tiempo de lectura":"3 minutos"},"schema":{"@context":"https:\/\/schema.org","@graph":[{"@type":"WebPage","@id":"https:\/\/zenkit.com\/es\/kit-de-prensa\/zenkit-3-0-press-release\/","url":"https:\/\/zenkit.com\/es\/kit-de-prensa\/zenkit-3-0-press-release\/","name":"Zenkit 3.0 Press Release | Zenkit","isPartOf":{"@id":"https:\/\/zenkit.com\/es\/#website"},"primaryImageOfPage":{"@id":"https:\/\/zenkit.com\/es\/kit-de-prensa\/zenkit-3-0-press-release\/#primaryimage"},"image":{"@id":"https:\/\/zenkit.com\/es\/kit-de-prensa\/zenkit-3-0-press-release\/#primaryimage"},"thumbnailUrl":"https:\/\/zenkit.com\/wp-content\/uploads\/2025\/05\/base-1024x538-1.webp","datePublished":"2019-11-18T09:04:14+00:00","dateModified":"2025-09-03T02:39:50+00:00","description":"Zenkit launches version 3.0 with a complete redesign, public API, and new progressive web apps. Users can publish projects and integrate with more apps.","breadcrumb":{"@id":"https:\/\/zenkit.com\/es\/kit-de-prensa\/zenkit-3-0-press-release\/#breadcrumb"},"inLanguage":"es","potentialAction":[{"@type":"ReadAction","target":["https:\/\/zenkit.com\/es\/kit-de-prensa\/zenkit-3-0-press-release\/"]}]},{"@type":"ImageObject","inLanguage":"es","@id":"https:\/\/zenkit.com\/es\/kit-de-prensa\/zenkit-3-0-press-release\/#primaryimage","url":"https:\/\/zenkit.com\/wp-content\/uploads\/2025\/05\/base-1024x538-1.webp","contentUrl":"https:\/\/zenkit.com\/wp-content\/uploads\/2025\/05\/base-1024x538-1.webp"},{"@type":"BreadcrumbList","@id":"https:\/\/zenkit.com\/es\/kit-de-prensa\/zenkit-3-0-press-release\/#breadcrumb","itemListElement":[{"@type":"ListItem","position":1,"name":"Home","item":"https:\/\/zenkit.com\/es\/"},{"@type":"ListItem","position":2,"name":"Kit de Prensa","item":"https:\/\/zenkit.com\/es\/kit-de-prensa\/"},{"@type":"ListItem","position":3,"name":"Zenkit 3.0 Press Release"}]},{"@type":"WebSite","@id":"https:\/\/zenkit.com\/es\/#website","url":"https:\/\/zenkit.com\/es\/","name":"Zenkit","description":"Zenkit Tagline","potentialAction":[{"@type":"SearchAction","target":{"@type":"EntryPoint","urlTemplate":"https:\/\/zenkit.com\/es\/?s={search_term_string}"},"query-input":{"@type":"PropertyValueSpecification","valueRequired":true,"valueName":"search_term_string"}}],"inLanguage":"es"},false]}},"yasr_visitor_votes":{"stars_attributes":{"read_only":false,"span_bottom":false},"number_of_votes":0,"sum_votes":0},"_links":{"self":[{"href":"https:\/\/zenkit.com\/es\/wp-json\/wp\/v2\/pages\/73075","targetHints":{"allow":["GET"]}}],"collection":[{"href":"https:\/\/zenkit.com\/es\/wp-json\/wp\/v2\/pages"}],"about":[{"href":"https:\/\/zenkit.com\/es\/wp-json\/wp\/v2\/types\/page"}],"author":[{"embeddable":true,"href":"https:\/\/zenkit.com\/es\/wp-json\/wp\/v2\/users\/30"}],"replies":[{"embeddable":true,"href":"https:\/\/zenkit.com\/es\/wp-json\/wp\/v2\/comments?post=73075"}],"version-history":[{"count":3,"href":"https:\/\/zenkit.com\/es\/wp-json\/wp\/v2\/pages\/73075\/revisions"}],"predecessor-version":[{"id":133504,"href":"https:\/\/zenkit.com\/es\/wp-json\/wp\/v2\/pages\/73075\/revisions\/133504"}],"up":[{"embeddable":true,"href":"https:\/\/zenkit.com\/es\/wp-json\/wp\/v2\/pages\/61702"}],"wp:attachment":[{"href":"https:\/\/zenkit.com\/es\/wp-json\/wp\/v2\/media?parent=73075"}],"curies":[{"name":"wp","href":"https:\/\/api.w.org\/{rel}","templated":true}]}}