{"id":73077,"date":"2018-07-07T01:32:00","date_gmt":"2018-07-06T23:32:00","guid":{"rendered":"https:\/\/zenkit.com\/kit-de-prensa\/zenkit-now-available-as-a-snap-for-linux-users\/"},"modified":"2025-11-23T19:34:15","modified_gmt":"2025-11-23T18:34:15","slug":"zenkit-now-available-as-a-snap-for-linux-users","status":"publish","type":"page","link":"https:\/\/zenkit.com\/es\/kit-de-prensa\/zenkit-now-available-as-a-snap-for-linux-users\/","title":{"rendered":"Zenkit now available as a snap for Linux users"},"content":{"rendered":"\n<div class=\"wp-block-group has-global-padding is-layout-constrained wp-block-group-is-layout-constrained\">\n<div class=\"wp-block-group width--950 has-global-padding is-layout-constrained wp-block-group-is-layout-constrained\">\n<div style=\"height:45px;--tablet-height:45px;--mobile-height:16px\" class=\"wp-block-lookeen-blocks-responsive-spacer\"><\/div>\n\n\n\n<div class=\"wp-block-group has-global-padding is-layout-constrained wp-block-group-is-layout-constrained\">\n<h1 class=\"wp-block-heading has-text-align-center\" style=\"margin-bottom:8px\">Zenkit ahora disponible en un abrir y cerrar de ojos para usuarios de Linux<\/h1>\n<\/div>\n\n\n\n<div class=\"wp-block-group has-global-padding is-layout-constrained wp-block-group-is-layout-constrained\">\n<p class=\"has-text-align-center subheading\">El formato universal de paquete de aplicaciones de Linux de Canonical permite a los usuarios de Linux instalar el popular software de gesti\u00f3n de proyectos con un simple clic e instalar.<\/p>\n<\/div>\n\n\n\n<div style=\"height:48px;--tablet-height:36px;--mobile-height:24px\" class=\"wp-block-lookeen-blocks-responsive-spacer\"><\/div>\n\n\n\n<div class=\"wp-block-group has-global-padding is-layout-constrained wp-block-group-is-layout-constrained\">\n<p class=\"has-text-align-center press__headline has-text-color has-link-color wp-elements-ef952c317fa8fc203987c9d5513ac528\" style=\"color:#939393;font-size:24px;font-style:normal;font-weight:700;line-height:1.5\">8 de Mayo, 2018 \u2013 Karlsruhe, Alemania<\/p>\n<\/div>\n<\/div>\n\n\n\n<div style=\"height:88px;--tablet-height:72px;--mobile-height:40px\" class=\"wp-block-lookeen-blocks-responsive-spacer\"><\/div>\n<\/div>\n\n\n\n<div class=\"wp-block-group has-global-padding is-layout-constrained wp-block-group-is-layout-constrained\">\n<div class=\"wp-block-columns is-layout-flex wp-container-core-columns-is-layout-b8d659ec wp-block-columns-is-layout-flex\">\n<div class=\"wp-block-column is-layout-flow wp-block-column-is-layout-flow\">\n<p class=\"has-da-grey-2-color has-text-color has-link-color wp-elements-8e904f2fac5e8c9c74f4a10e7209c64b\">Hoy,&nbsp;<a href=\"https:\/\/zenkit.com\/\">Zenkit<\/a>, one una de las soluciones de administraci\u00f3n de proyectos basadas en la web m\u00e1s innovadoras, ya est\u00e1 disponible en un abrir y cerrar de ojos, el formato universal de paquete de aplicaciones de Linux creado por&nbsp;<a href=\"https:\/\/www.canonical.com\/\">Canonical<\/a>&nbsp;la compa\u00f1\u00eda detr\u00e1s de&nbsp;<a href=\"https:\/\/www.ubuntu.com\/\">Ubuntu<\/a>.<\/p>\n\n\n\n<p>Zenkit es un software de gesti\u00f3n de proyectos todo en uno que permite a los usuarios diferentes vistas de su informaci\u00f3n. Ya sea que quieran simplemente usar una lista de tareas pendientes para completar las tareas diarias o administrar un gran proyecto con su equipo, Zenkit proporciona las funciones necesarias para que puedan trabajar de manera productiva. Gracias a su interfaz flexible, Zenkit tambi\u00e9n se adapta a cualquier proyecto.<\/p>\n\n\n\n<p class=\"has-da-grey-2-color has-text-color has-link-color wp-elements-d15e702005ff5a1471ed6c3185747e0d\">El lanzamiento significa que Zenkit puede ofrecer su servicio de gesti\u00f3n de proyectos a una gama m\u00e1s amplia de usuarios de Linux, incluidos los que utilizan Linux Mint, Manjaro, Debian, OpenSUSE y Solus, as\u00ed como a los millones de usuarios de Ubuntu. Desde su lanzamiento a finales de 2016, Zenkit ha tenido como objetivo convertirse en una plataforma y un dispositivo agn\u00f3stico. Snap es otro paso hacia ese objetivo.<\/p>\n<\/div>\n\n\n\n<div class=\"wp-block-column is-layout-flow wp-block-column-is-layout-flow\">\n<p class=\"has-da-grey-1-color has-text-color has-link-color wp-elements-9afafd97c5499bd998456dd473e0e160\">\u201cEstamos encantados de ver que Zenkit trae su soluci\u00f3n de gesti\u00f3n de proyectos al ecosistema de instant\u00e1neas y otorga la misma importancia a los usuarios de Linux que a los de otros sistemas operativos. Vemos una cantidad cada vez m\u00e1s variada de instant\u00e1neas en la tienda, Zenkit es el \u00faltimo ejemplo de productividad y, por lo tanto, ampl\u00eda las aplicaciones disponibles para que los usuarios de Linux elijan\u201d, dice Jamie Bennett, vicepresidente de ingenier\u00eda, IoT y dispositivos de Canonical.<\/p>\n\n\n\n<p><a href=\"https:\/\/snapcraft.io\/\">Snaps<\/a>&nbsp;son paquetes de software en contenedores dise\u00f1ados para funcionar de manera perfecta y segura en cualquier entorno Linux. Adem\u00e1s de admitir todos los principales sistemas Linux desde una sola compilaci\u00f3n, las instant\u00e1neas tambi\u00e9n se pueden actualizar o revertir autom\u00e1ticamente para garantizar que los usuarios siempre se beneficien de la \u00faltima versi\u00f3n de la aplicaci\u00f3n. Desde su lanzamiento en 2016, los desarrolladores han publicado miles de instant\u00e1neas a medida que adoptan el formato por su confiabilidad y seguridad.<\/p>\n\n\n\n<p class=\"has-da-grey-1-color has-text-color has-link-color wp-elements-a27db741ac31092aab18babdd624a0af\">Zenkit est\u00e1 disponible para descargar en un abrir y cerrar de ojos haciendo clic\u00a0<a href=\"https:\/\/snapcraft.io\/store\">aqu\u00ed<\/a>.<\/p>\n<\/div>\n<\/div>\n<\/div>\n\n\n\n<div style=\"height:45px;--tablet-height:45px;--mobile-height:16px\" class=\"wp-block-lookeen-blocks-responsive-spacer\"><\/div>\n\n\n\n<figure class=\"wp-block-image aligncenter size-large is-resized border-radius--20 overflow__hidden  box__shadow\"><img loading=\"lazy\" decoding=\"async\" width=\"1024\" height=\"538\" src=\"https:\/\/zenkit.com\/wp-content\/uploads\/2021\/01\/base-1024x538.jpg\" alt=\"\" class=\"wp-image-55221\" style=\"width:491px;height:auto\" srcset=\"https:\/\/zenkit.com\/wp-content\/uploads\/2021\/01\/base-1024x538.jpg 1024w, https:\/\/zenkit.com\/wp-content\/uploads\/2021\/01\/base-300x158.jpg 300w, https:\/\/zenkit.com\/wp-content\/uploads\/2021\/01\/base-768x403.jpg 768w, https:\/\/zenkit.com\/wp-content\/uploads\/2021\/01\/base.jpg 1200w\" sizes=\"auto, (max-width: 1024px) 100vw, 1024px\" \/><\/figure>\n\n\n\n<div style=\"height:88px;--tablet-height:72px;--mobile-height:40px\" class=\"wp-block-lookeen-blocks-responsive-spacer\"><\/div>\n\n\n\n<div class=\"wp-block-group has-global-padding is-layout-constrained wp-block-group-is-layout-constrained\">\n<div class=\"wp-block-group has-background has-global-padding is-layout-constrained wp-container-core-group-is-layout-8412c99a wp-block-group-is-layout-constrained\" style=\"border-radius:20px;background-color:#efefef;margin-bottom:24px;padding-top:20px;padding-right:20px;padding-bottom:20px;padding-left:20px\">\n<p class=\"has-da-grey-1-color has-text-color has-link-color wp-elements-14e91c35e294c5c92dee210698b8044f\" style=\"font-size:14px\">Peter Oehler, director de operaciones de Zenkit, dice: \u201cLos usuarios de Linux son usuarios apasionados de Zenkit y quer\u00edamos apoyarlos tanto como fuera posible. Son una parte integral de la comunidad Zenkit. La optimizaci\u00f3n de los flujos de trabajo es lo que mejor hace Zenkit, y este complemento ayudar\u00e1 a los usuarios a tener la \u00faltima versi\u00f3n de nuestro software, sin agregarles m\u00e1s trabajo\u201d.<\/p>\n<\/div>\n<\/div>\n\n\n\n<div style=\"height:88px;--tablet-height:72px;--mobile-height:40px\" class=\"wp-block-lookeen-blocks-responsive-spacer\"><\/div>\n\n\n\n<div class=\"wp-block-group has-global-padding is-layout-constrained wp-block-group-is-layout-constrained\">\n<div class=\"wp-block-group has-global-padding is-layout-constrained wp-container-core-group-is-layout-7cc94c3e wp-block-group-is-layout-constrained\">\n<h3 class=\"wp-block-heading has-text-align-center\" style=\"margin-bottom:8px;font-style:normal;font-weight:700\">Acerca de Zenkit<\/h3>\n\n\n\n<p class=\"has-text-align-center has-da-grey-2-color has-text-color has-link-color wp-elements-33e015338d7b8e9225fd94ea6fbef481\">Zenkit es una plataforma de creaci\u00f3n de bases de datos y gesti\u00f3n de proyectos creada por Axonic GmbH en Alemania. Fue lanzado en octubre de 2016.<\/p>\n\n\n\n<div style=\"height:88px;--tablet-height:72px;--mobile-height:40px\" class=\"wp-block-lookeen-blocks-responsive-spacer\"><\/div>\n\n\n\n<h3 class=\"wp-block-heading has-text-align-center\" style=\"margin-bottom:8px;font-style:normal;font-weight:700\">Acerca de Axonic<\/h3>\n\n\n\n<p class=\"has-text-align-center has-da-grey-2-color has-text-color has-link-color wp-elements-e7c70ff673645118340f01ffc0c717fb\">Axonic GmbH es un proveedor de software privado que se centra en la tecnolog\u00eda relacionada con la informaci\u00f3n, la comunicaci\u00f3n y el reconocimiento. La empresa est\u00e1 ubicada en Karlsruhe, Alemania, y fue fundada por Martin Welker en 2003. Axonic ha desarrollado con \u00e9xito software en las \u00e1reas de inteligencia artificial, conocimiento y extracci\u00f3n de informaci\u00f3n durante m\u00e1s de una d\u00e9cada. Desde 2002, su investigaci\u00f3n se ha basado principalmente en el \u00e1rea de \u00abinteligencia de la comunicaci\u00f3n\u00bb: el an\u00e1lisis y la presentaci\u00f3n de la comunicaci\u00f3n. Axonic ha lanzado 6 productos principales que sirven a m\u00e1s de 5 000 000 de personas en todo el mundo.<\/p>\n<\/div>\n<\/div>\n\n\n\n<div style=\"height:110px;--tablet-height:60px;--mobile-height:48px\" class=\"wp-block-lookeen-blocks-responsive-spacer\"><\/div>\n","protected":false},"excerpt":{"rendered":"<p>Zenkit ahora disponible en un abrir y cerrar de ojos para usuarios de Linux El formato universal de paquete de aplicaciones de Linux de Canonical permite a los usuarios de Linux instalar el popular software de gesti\u00f3n de proyectos con un simple clic e instalar. 8 de Mayo, 2018 \u2013 Karlsruhe, Alemania Hoy,&nbsp;Zenkit, one una [&hellip;]<\/p>\n","protected":false},"author":30,"featured_media":0,"parent":61702,"menu_order":10,"comment_status":"closed","ping_status":"closed","template":"","meta":{"yasr_overall_rating":0,"yasr_post_is_review":"","yasr_auto_insert_disabled":"","yasr_review_type":"","footnotes":""},"class_list":["post-73077","page","type-page","status-publish","hentry"],"yoast_head":"<!-- This site is optimized with the Yoast SEO plugin v27.3 - https:\/\/yoast.com\/product\/yoast-seo-wordpress\/ -->\n<title>Zenkit now available as a snap for Linux users | Zenkit<\/title>\n<meta name=\"description\" content=\"Zenkit is now available as a snap, the universal Linux app packaging format created by Canonical, the company behind Ubuntu.\" \/>\n<meta name=\"robots\" content=\"index, follow, max-snippet:-1, max-image-preview:large, max-video-preview:-1\" \/>\n<link rel=\"canonical\" href=\"https:\/\/zenkit.com\/es\/kit-de-prensa\/zenkit-now-available-as-a-snap-for-linux-users\/\" \/>\n<meta property=\"og:locale\" content=\"es_ES\" \/>\n<meta property=\"og:type\" content=\"article\" \/>\n<meta property=\"og:title\" content=\"Zenkit now available as a snap for Linux users | Zenkit\" \/>\n<meta property=\"og:description\" content=\"Zenkit is now available as a snap, the universal Linux app packaging format created by Canonical, the company behind Ubuntu.\" \/>\n<meta property=\"og:url\" content=\"https:\/\/zenkit.com\/es\/kit-de-prensa\/zenkit-now-available-as-a-snap-for-linux-users\/\" \/>\n<meta property=\"og:site_name\" content=\"Zenkit\" \/>\n<meta property=\"article:publisher\" content=\"https:\/\/www.facebook.com\/ZenkitHQ\" \/>\n<meta property=\"article:modified_time\" content=\"2025-11-23T18:34:15+00:00\" \/>\n<meta property=\"og:image\" content=\"https:\/\/zenkit.com\/wp-content\/uploads\/2021\/01\/base.jpg\" \/>\n\t<meta property=\"og:image:width\" content=\"1200\" \/>\n\t<meta property=\"og:image:height\" content=\"630\" \/>\n\t<meta property=\"og:image:type\" content=\"image\/jpeg\" \/>\n<meta name=\"twitter:card\" content=\"summary_large_image\" \/>\n<meta name=\"twitter:site\" content=\"@ZenkitHQ\" \/>\n<meta name=\"twitter:label1\" content=\"Tiempo de lectura\" \/>\n\t<meta name=\"twitter:data1\" content=\"6 minutos\" \/>\n<script type=\"application\/ld+json\" class=\"yoast-schema-graph\">{\"@context\":\"https:\\\/\\\/schema.org\",\"@graph\":[{\"@type\":\"WebPage\",\"@id\":\"https:\\\/\\\/zenkit.com\\\/es\\\/kit-de-prensa\\\/zenkit-now-available-as-a-snap-for-linux-users\\\/\",\"url\":\"https:\\\/\\\/zenkit.com\\\/es\\\/kit-de-prensa\\\/zenkit-now-available-as-a-snap-for-linux-users\\\/\",\"name\":\"Zenkit now available as a snap for Linux users | Zenkit\",\"isPartOf\":{\"@id\":\"https:\\\/\\\/zenkit.com\\\/es\\\/#website\"},\"primaryImageOfPage\":{\"@id\":\"https:\\\/\\\/zenkit.com\\\/es\\\/kit-de-prensa\\\/zenkit-now-available-as-a-snap-for-linux-users\\\/#primaryimage\"},\"image\":{\"@id\":\"https:\\\/\\\/zenkit.com\\\/es\\\/kit-de-prensa\\\/zenkit-now-available-as-a-snap-for-linux-users\\\/#primaryimage\"},\"thumbnailUrl\":\"https:\\\/\\\/zenkit.com\\\/wp-content\\\/uploads\\\/2021\\\/01\\\/base-1024x538.jpg\",\"datePublished\":\"2018-07-06T23:32:00+00:00\",\"dateModified\":\"2025-11-23T18:34:15+00:00\",\"description\":\"Zenkit is now available as a snap, the universal Linux app packaging format created by Canonical, the company behind Ubuntu.\",\"breadcrumb\":{\"@id\":\"https:\\\/\\\/zenkit.com\\\/es\\\/kit-de-prensa\\\/zenkit-now-available-as-a-snap-for-linux-users\\\/#breadcrumb\"},\"inLanguage\":\"es\",\"potentialAction\":[{\"@type\":\"ReadAction\",\"target\":[\"https:\\\/\\\/zenkit.com\\\/es\\\/kit-de-prensa\\\/zenkit-now-available-as-a-snap-for-linux-users\\\/\"]}]},{\"@type\":\"ImageObject\",\"inLanguage\":\"es\",\"@id\":\"https:\\\/\\\/zenkit.com\\\/es\\\/kit-de-prensa\\\/zenkit-now-available-as-a-snap-for-linux-users\\\/#primaryimage\",\"url\":\"https:\\\/\\\/zenkit.com\\\/wp-content\\\/uploads\\\/2021\\\/01\\\/base-1024x538.jpg\",\"contentUrl\":\"https:\\\/\\\/zenkit.com\\\/wp-content\\\/uploads\\\/2021\\\/01\\\/base-1024x538.jpg\"},{\"@type\":\"BreadcrumbList\",\"@id\":\"https:\\\/\\\/zenkit.com\\\/es\\\/kit-de-prensa\\\/zenkit-now-available-as-a-snap-for-linux-users\\\/#breadcrumb\",\"itemListElement\":[{\"@type\":\"ListItem\",\"position\":1,\"name\":\"Home\",\"item\":\"https:\\\/\\\/zenkit.com\\\/es\\\/\"},{\"@type\":\"ListItem\",\"position\":2,\"name\":\"Kit de Prensa\",\"item\":\"https:\\\/\\\/zenkit.com\\\/es\\\/kit-de-prensa\\\/\"},{\"@type\":\"ListItem\",\"position\":3,\"name\":\"Zenkit now available as a snap for Linux users\"}]},{\"@type\":\"WebSite\",\"@id\":\"https:\\\/\\\/zenkit.com\\\/es\\\/#website\",\"url\":\"https:\\\/\\\/zenkit.com\\\/es\\\/\",\"name\":\"Zenkit\",\"description\":\"Zenkit Tagline\",\"potentialAction\":[{\"@type\":\"SearchAction\",\"target\":{\"@type\":\"EntryPoint\",\"urlTemplate\":\"https:\\\/\\\/zenkit.com\\\/es\\\/?s={search_term_string}\"},\"query-input\":{\"@type\":\"PropertyValueSpecification\",\"valueRequired\":true,\"valueName\":\"search_term_string\"}}],\"inLanguage\":\"es\"},false]}<\/script>\n<!-- \/ Yoast SEO plugin. -->","yoast_head_json":{"title":"Zenkit now available as a snap for Linux users | Zenkit","description":"Zenkit is now available as a snap, the universal Linux app packaging format created by Canonical, the company behind Ubuntu.","robots":{"index":"index","follow":"follow","max-snippet":"max-snippet:-1","max-image-preview":"max-image-preview:large","max-video-preview":"max-video-preview:-1"},"canonical":"https:\/\/zenkit.com\/es\/kit-de-prensa\/zenkit-now-available-as-a-snap-for-linux-users\/","og_locale":"es_ES","og_type":"article","og_title":"Zenkit now available as a snap for Linux users | Zenkit","og_description":"Zenkit is now available as a snap, the universal Linux app packaging format created by Canonical, the company behind Ubuntu.","og_url":"https:\/\/zenkit.com\/es\/kit-de-prensa\/zenkit-now-available-as-a-snap-for-linux-users\/","og_site_name":"Zenkit","article_publisher":"https:\/\/www.facebook.com\/ZenkitHQ","article_modified_time":"2025-11-23T18:34:15+00:00","og_image":[{"width":1200,"height":630,"url":"https:\/\/zenkit.com\/wp-content\/uploads\/2021\/01\/base.jpg","type":"image\/jpeg"}],"twitter_card":"summary_large_image","twitter_site":"@ZenkitHQ","twitter_misc":{"Tiempo de lectura":"6 minutos"},"schema":{"@context":"https:\/\/schema.org","@graph":[{"@type":"WebPage","@id":"https:\/\/zenkit.com\/es\/kit-de-prensa\/zenkit-now-available-as-a-snap-for-linux-users\/","url":"https:\/\/zenkit.com\/es\/kit-de-prensa\/zenkit-now-available-as-a-snap-for-linux-users\/","name":"Zenkit now available as a snap for Linux users | Zenkit","isPartOf":{"@id":"https:\/\/zenkit.com\/es\/#website"},"primaryImageOfPage":{"@id":"https:\/\/zenkit.com\/es\/kit-de-prensa\/zenkit-now-available-as-a-snap-for-linux-users\/#primaryimage"},"image":{"@id":"https:\/\/zenkit.com\/es\/kit-de-prensa\/zenkit-now-available-as-a-snap-for-linux-users\/#primaryimage"},"thumbnailUrl":"https:\/\/zenkit.com\/wp-content\/uploads\/2021\/01\/base-1024x538.jpg","datePublished":"2018-07-06T23:32:00+00:00","dateModified":"2025-11-23T18:34:15+00:00","description":"Zenkit is now available as a snap, the universal Linux app packaging format created by Canonical, the company behind Ubuntu.","breadcrumb":{"@id":"https:\/\/zenkit.com\/es\/kit-de-prensa\/zenkit-now-available-as-a-snap-for-linux-users\/#breadcrumb"},"inLanguage":"es","potentialAction":[{"@type":"ReadAction","target":["https:\/\/zenkit.com\/es\/kit-de-prensa\/zenkit-now-available-as-a-snap-for-linux-users\/"]}]},{"@type":"ImageObject","inLanguage":"es","@id":"https:\/\/zenkit.com\/es\/kit-de-prensa\/zenkit-now-available-as-a-snap-for-linux-users\/#primaryimage","url":"https:\/\/zenkit.com\/wp-content\/uploads\/2021\/01\/base-1024x538.jpg","contentUrl":"https:\/\/zenkit.com\/wp-content\/uploads\/2021\/01\/base-1024x538.jpg"},{"@type":"BreadcrumbList","@id":"https:\/\/zenkit.com\/es\/kit-de-prensa\/zenkit-now-available-as-a-snap-for-linux-users\/#breadcrumb","itemListElement":[{"@type":"ListItem","position":1,"name":"Home","item":"https:\/\/zenkit.com\/es\/"},{"@type":"ListItem","position":2,"name":"Kit de Prensa","item":"https:\/\/zenkit.com\/es\/kit-de-prensa\/"},{"@type":"ListItem","position":3,"name":"Zenkit now available as a snap for Linux users"}]},{"@type":"WebSite","@id":"https:\/\/zenkit.com\/es\/#website","url":"https:\/\/zenkit.com\/es\/","name":"Zenkit","description":"Zenkit Tagline","potentialAction":[{"@type":"SearchAction","target":{"@type":"EntryPoint","urlTemplate":"https:\/\/zenkit.com\/es\/?s={search_term_string}"},"query-input":{"@type":"PropertyValueSpecification","valueRequired":true,"valueName":"search_term_string"}}],"inLanguage":"es"},false]}},"yasr_visitor_votes":{"stars_attributes":{"read_only":false,"span_bottom":false},"number_of_votes":0,"sum_votes":0},"_links":{"self":[{"href":"https:\/\/zenkit.com\/es\/wp-json\/wp\/v2\/pages\/73077","targetHints":{"allow":["GET"]}}],"collection":[{"href":"https:\/\/zenkit.com\/es\/wp-json\/wp\/v2\/pages"}],"about":[{"href":"https:\/\/zenkit.com\/es\/wp-json\/wp\/v2\/types\/page"}],"author":[{"embeddable":true,"href":"https:\/\/zenkit.com\/es\/wp-json\/wp\/v2\/users\/30"}],"replies":[{"embeddable":true,"href":"https:\/\/zenkit.com\/es\/wp-json\/wp\/v2\/comments?post=73077"}],"version-history":[{"count":3,"href":"https:\/\/zenkit.com\/es\/wp-json\/wp\/v2\/pages\/73077\/revisions"}],"predecessor-version":[{"id":174708,"href":"https:\/\/zenkit.com\/es\/wp-json\/wp\/v2\/pages\/73077\/revisions\/174708"}],"up":[{"embeddable":true,"href":"https:\/\/zenkit.com\/es\/wp-json\/wp\/v2\/pages\/61702"}],"wp:attachment":[{"href":"https:\/\/zenkit.com\/es\/wp-json\/wp\/v2\/media?parent=73077"}],"curies":[{"name":"wp","href":"https:\/\/api.w.org\/{rel}","templated":true}]}}