{"id":73079,"date":"2018-07-07T01:04:47","date_gmt":"2018-07-06T23:04:47","guid":{"rendered":"https:\/\/zenkit.com\/kit-de-prensa\/zenkit-releases-desktop-apps-for-macos-windows-and-linux\/"},"modified":"2025-09-03T07:43:49","modified_gmt":"2025-09-03T05:43:49","slug":"zenkit-releases-desktop-apps-for-macos-windows-and-linux","status":"publish","type":"page","link":"https:\/\/zenkit.com\/es\/kit-de-prensa\/zenkit-releases-desktop-apps-for-macos-windows-and-linux\/","title":{"rendered":"Zenkit releases Desktop Apps for macOS, Windows and Linux"},"content":{"rendered":"\n<div class=\"wp-block-group has-global-padding is-layout-constrained wp-block-group-is-layout-constrained\">\n<div class=\"wp-block-group width--950 has-global-padding is-layout-constrained wp-block-group-is-layout-constrained\">\n<div style=\"height:45px;--tablet-height:45px;--mobile-height:16px\" class=\"wp-block-lookeen-blocks-responsive-spacer\"><\/div>\n\n\n\n<div class=\"wp-block-group has-global-padding is-layout-constrained wp-block-group-is-layout-constrained\">\n<h1 class=\"wp-block-heading has-text-align-center\" style=\"margin-bottom:8px\">Zenkit lanza aplicaciones de escritorio<\/h1>\n<\/div>\n\n\n\n<div class=\"wp-block-group has-global-padding is-layout-constrained wp-block-group-is-layout-constrained\">\n<p class=\"has-text-align-center subheading\">para macOS, Windows y Linux<\/p>\n<\/div>\n\n\n\n<div style=\"height:48px;--tablet-height:36px;--mobile-height:24px\" class=\"wp-block-lookeen-blocks-responsive-spacer\"><\/div>\n\n\n\n<div class=\"wp-block-group has-global-padding is-layout-constrained wp-block-group-is-layout-constrained\">\n<p class=\"has-text-align-center press__headline has-text-color has-link-color wp-elements-dec06cc2d3e9be4246e0644c7ce1c82d\" style=\"color:#939393;font-size:24px;font-style:normal;font-weight:700;line-height:1.5\">26 de Febrero, 2018 \u2013 Karlsruhe, Alemania<\/p>\n<\/div>\n<\/div>\n\n\n\n<div style=\"height:88px;--tablet-height:72px;--mobile-height:40px\" class=\"wp-block-lookeen-blocks-responsive-spacer\"><\/div>\n<\/div>\n\n\n\n<div class=\"wp-block-group has-global-padding is-layout-constrained wp-block-group-is-layout-constrained\">\n<div class=\"wp-block-columns is-layout-flex wp-container-core-columns-is-layout-b8d659ec wp-block-columns-is-layout-flex\">\n<div class=\"wp-block-column is-layout-flow wp-block-column-is-layout-flow\">\n<p class=\"has-da-grey-2-color has-text-color has-link-color wp-elements-24c36ee948e0b16c2a6d0a897743e53e\">Hoy, el equipo de Zenkit anuncia el lanzamiento de aplicaciones de escritorio para macOS, Windows y Linux. Con su lanzamiento m\u00e1s reciente, la startup alemana se ha acercado m\u00e1s a la creaci\u00f3n de un producto SaaS flexible que ahora se puede usar adicionalmente en todos los principales dispositivos port\u00e1tiles y de computadora<\/p>\n\n\n\n<p class=\"has-da-grey-2-color has-text-color has-link-color wp-elements-bf222fddf15495239099df79a9307311\">Se puede acceder a las aplicaciones de escritorio sin abrir el navegador de Internet. Zenkit era hasta ahora una aplicaci\u00f3n web\/m\u00f3vil. Las aplicaciones de escritorio y m\u00f3viles tambi\u00e9n se pueden usar sin conexi\u00f3n. La decisi\u00f3n de Zenkit de incluir aplicaciones de escritorio de Linux se debi\u00f3 principalmente al hecho de que Linux no cuenta con soporte en la comunidad de gesti\u00f3n de proyectos. Aunque, al ser un sistema operativo menos popular que los principales Windows y Mac, muchos desarrolladores de software favorecen a Linux por su flexibilidad y capacidad de personalizaci\u00f3n, lo que hace que el lanzamiento de una aplicaci\u00f3n de escritorio Zenkit sea un tema importante para el equipo de Zenkit.<\/p>\n<\/div>\n\n\n\n<div class=\"wp-block-column is-layout-flow wp-block-column-is-layout-flow\">\n<p class=\"has-da-grey-1-color has-text-color has-link-color wp-elements-05b98eeafe3218d9a96bc99ae99c35b8\">Zenkit es un software de gesti\u00f3n de proyectos que permite a los usuarios diferentes vistas de la informaci\u00f3n de su proyecto. Las vistas que se incluyen son: lista de tareas, Kanban, tabla, mapa mental y calendario. Los usuarios pueden cambiar entre estas vistas para usar diferentes herramientas para tareas. Adem\u00e1s, Zenkit tiene caracter\u00edsticas comunes de gesti\u00f3n de proyectos como comentarios, etiquetas, campos personalizados y asignaciones de tareas. Zenkit es gratis hasta cinco personas.<\/p>\n\n\n\n<p class=\"has-da-grey-2-color has-text-color has-link-color wp-elements-a828750b613f13996bc398e69af56d6c\">El equipo de Zenkit planea lanzar todo un arsenal de funciones nuevas y \u00fatiles en los pr\u00f3ximos meses.<\/p>\n\n\n\n<p class=\"has-da-grey-2-color has-text-color has-link-color wp-elements-21626f230c5de89ad63757cff57bf33d\">Las nuevas funciones se centrar\u00e1n en una integraci\u00f3n m\u00e1s profunda con los sistemas operativos Mac y Windows.<\/p>\n\n\n\n<div class=\"wp-block-group has-background has-global-padding is-layout-constrained wp-container-core-group-is-layout-8412c99a wp-block-group-is-layout-constrained\" style=\"border-radius:20px;background-color:#efefef;margin-bottom:24px;padding-top:20px;padding-right:20px;padding-bottom:20px;padding-left:20px\">\n<p class=\"has-da-grey-1-color has-text-color has-link-color wp-elements-8de4ca8d0576ad5ad0efe3631eae63d3\" style=\"font-size:14px\">El fundador y CEO de Zenkit, Martin Welker, dice: \u201cPara que los equipos logren la aceptaci\u00f3n del producto, debe ser flexible en el tipo de herramientas que puede ofrecerles. Una vez que se haya hecho eso, debe asegurarse de que su servicio est\u00e9 disponible en cualquier dispositivo, plataforma o sistema operativo que les gustar\u00eda usar para realizar su trabajo\u201d.<\/p>\n<\/div>\n<\/div>\n<\/div>\n<\/div>\n\n\n\n<div style=\"height:45px;--tablet-height:45px;--mobile-height:16px\" class=\"wp-block-lookeen-blocks-responsive-spacer\"><\/div>\n\n\n\n<figure class=\"wp-block-image aligncenter size-full is-resized border-radius--20 overflow__hidden  box__shadow\"><img loading=\"lazy\" decoding=\"async\" width=\"1024\" height=\"538\" src=\"https:\/\/zenkit.com\/wp-content\/uploads\/2025\/05\/base-1024x538-1.webp\" alt=\"\" class=\"wp-image-115467\" style=\"width:491px;height:auto\" srcset=\"https:\/\/zenkit.com\/wp-content\/uploads\/2025\/05\/base-1024x538-1.webp 1024w, https:\/\/zenkit.com\/wp-content\/uploads\/2025\/05\/base-1024x538-1-300x158.webp 300w, https:\/\/zenkit.com\/wp-content\/uploads\/2025\/05\/base-1024x538-1-768x404.webp 768w\" sizes=\"auto, (max-width: 1024px) 100vw, 1024px\" \/><\/figure>\n\n\n\n<div style=\"height:88px;--tablet-height:72px;--mobile-height:40px\" class=\"wp-block-lookeen-blocks-responsive-spacer\"><\/div>\n\n\n\n<div class=\"wp-block-group has-global-padding is-layout-constrained wp-block-group-is-layout-constrained\">\n<h2 class=\"wp-block-heading has-text-align-center\" style=\"margin-bottom:0px\">Las funciones clave de esta versi\u00f3n:<\/h2>\n\n\n\n<div style=\"height:48px;--tablet-height:36px;--mobile-height:24px\" class=\"wp-block-lookeen-blocks-responsive-spacer\"><\/div>\n\n\n\n<div class=\"wp-block-group has-global-padding is-layout-constrained wp-block-group-is-layout-constrained\">\n<div class=\"wp-block-columns is-layout-flex wp-container-core-columns-is-layout-28f84493 wp-block-columns-is-layout-flex\">\n<div class=\"wp-block-column is-layout-flow wp-block-column-is-layout-flow\">\n<ul class=\"wp-block-list list__with-checkmark-blue-and-underline\">\n<li>Aplicaciones de escritorio para macOS, Windows y Linux con capacidad sin conexi\u00f3n<\/li>\n\n\n\n<li>Totalmente personalizable en cada \u201cvista\u201d: miembros, notificaciones, filtros, men\u00fa de vista, actividades<\/li>\n\n\n\n<li>Actividades globales: una fuente de actividad de todo lo que se encuentra en su cuenta en la p\u00e1gina de inicio<\/li>\n\n\n\n<li>Comentarios a nivel de colecci\u00f3n (anteriormente solo comentarios a nivel de tarea)<\/li>\n<\/ul>\n<\/div>\n\n\n\n<div class=\"wp-block-column is-layout-flow wp-block-column-is-layout-flow\">\n<ul class=\"wp-block-list list__with-checkmark-blue-and-underline\">\n<li>Acceso directo para abrir el cuadro de di\u00e1logo de adici\u00f3n r\u00e1pida desde cualquier lugar (Ctrl+Shift+Space)<\/li>\n\n\n\n<li>Acceso directo global para acceder directamente a la aplicaci\u00f3n (Ctrl+Shift+Z)<\/li>\n\n\n\n<li>Un mont\u00f3n de accesos directos locales para la navegaci\u00f3n y la integraci\u00f3n de accesos directos est\u00e1ndar (por ejemplo, abrir la configuraci\u00f3n con Ctrl+ y muchos m\u00e1s)<\/li>\n<\/ul>\n<\/div>\n<\/div>\n<\/div>\n\n\n\n<div class=\"wp-block-group has-global-padding is-layout-constrained wp-container-core-group-is-layout-7cc94c3e wp-block-group-is-layout-constrained\">\n<div style=\"height:88px;--tablet-height:72px;--mobile-height:40px\" class=\"wp-block-lookeen-blocks-responsive-spacer\"><\/div>\n\n\n\n<h3 class=\"wp-block-heading has-text-align-center\" style=\"margin-bottom:8px;font-style:normal;font-weight:700\">Acerca de Zenkit<\/h3>\n\n\n\n<p class=\"has-text-align-center has-da-grey-2-color has-text-color has-link-color wp-elements-33e015338d7b8e9225fd94ea6fbef481\">Zenkit es una plataforma de creaci\u00f3n de bases de datos y gesti\u00f3n de proyectos creada por Axonic GmbH en Alemania. Fue lanzado en octubre de 2016.<\/p>\n<\/div>\n\n\n\n<div class=\"wp-block-group has-global-padding is-layout-constrained wp-container-core-group-is-layout-7cc94c3e wp-block-group-is-layout-constrained\">\n<div style=\"height:88px;--tablet-height:72px;--mobile-height:40px\" class=\"wp-block-lookeen-blocks-responsive-spacer\"><\/div>\n\n\n\n<h3 class=\"wp-block-heading has-text-align-center\" style=\"margin-bottom:8px;font-style:normal;font-weight:700\">Acerca de Axonic<\/h3>\n\n\n\n<p class=\"has-text-align-center has-da-grey-2-color has-text-color has-link-color wp-elements-e7c70ff673645118340f01ffc0c717fb\">Axonic GmbH es un proveedor de software privado que se centra en la tecnolog\u00eda relacionada con la informaci\u00f3n, la comunicaci\u00f3n y el reconocimiento. La empresa est\u00e1 ubicada en Karlsruhe, Alemania, y fue fundada por Martin Welker en 2003. Axonic ha desarrollado con \u00e9xito software en las \u00e1reas de inteligencia artificial, conocimiento y extracci\u00f3n de informaci\u00f3n durante m\u00e1s de una d\u00e9cada. Desde 2002, su investigaci\u00f3n se ha basado principalmente en el \u00e1rea de \u00abinteligencia de la comunicaci\u00f3n\u00bb: el an\u00e1lisis y la presentaci\u00f3n de la comunicaci\u00f3n. Axonic ha lanzado 6 productos principales que sirven a m\u00e1s de 5 000 000 de personas en todo el mundo.<\/p>\n<\/div>\n<\/div>\n\n\n\n<div style=\"height:110px;--tablet-height:60px;--mobile-height:48px\" class=\"wp-block-lookeen-blocks-responsive-spacer\"><\/div>\n","protected":false},"excerpt":{"rendered":"<p>Zenkit lanza aplicaciones de escritorio para macOS, Windows y Linux 26 de Febrero, 2018 \u2013 Karlsruhe, Alemania Hoy, el equipo de Zenkit anuncia el lanzamiento de aplicaciones de escritorio para macOS, Windows y Linux. Con su lanzamiento m\u00e1s reciente, la startup alemana se ha acercado m\u00e1s a la creaci\u00f3n de un producto SaaS flexible que [&hellip;]<\/p>\n","protected":false},"author":30,"featured_media":0,"parent":61702,"menu_order":11,"comment_status":"closed","ping_status":"closed","template":"","meta":{"yasr_overall_rating":0,"yasr_post_is_review":"","yasr_auto_insert_disabled":"","yasr_review_type":"","footnotes":""},"class_list":["post-73079","page","type-page","status-publish","hentry"],"yoast_head":"<!-- This site is optimized with the Yoast SEO plugin v27.4 - https:\/\/yoast.com\/product\/yoast-seo-wordpress\/ -->\n<title>Zenkit releases Desktop Apps for macOS, Windows and Linux | Zenkit<\/title>\n<meta name=\"description\" content=\"With its most recent release Zenkit has moved closer towards creating a flexible SaaS product that can now additionally be used on all major devices.\" \/>\n<meta name=\"robots\" content=\"index, follow, max-snippet:-1, max-image-preview:large, max-video-preview:-1\" \/>\n<link rel=\"canonical\" href=\"https:\/\/zenkit.com\/es\/kit-de-prensa\/zenkit-releases-desktop-apps-for-macos-windows-and-linux\/\" \/>\n<meta property=\"og:locale\" content=\"es_ES\" \/>\n<meta property=\"og:type\" content=\"article\" \/>\n<meta property=\"og:title\" content=\"Zenkit releases Desktop Apps for macOS, Windows and Linux | Zenkit\" \/>\n<meta property=\"og:description\" content=\"With its most recent release Zenkit has moved closer towards creating a flexible SaaS product that can now additionally be used on all major devices.\" \/>\n<meta property=\"og:url\" content=\"https:\/\/zenkit.com\/es\/kit-de-prensa\/zenkit-releases-desktop-apps-for-macos-windows-and-linux\/\" \/>\n<meta property=\"og:site_name\" content=\"Zenkit\" \/>\n<meta property=\"article:publisher\" content=\"https:\/\/www.facebook.com\/ZenkitHQ\" \/>\n<meta property=\"article:modified_time\" content=\"2025-09-03T05:43:49+00:00\" \/>\n<meta property=\"og:image\" content=\"https:\/\/zenkit.com\/wp-content\/uploads\/2025\/05\/base-1024x538-1.webp\" \/>\n<meta name=\"twitter:card\" content=\"summary_large_image\" \/>\n<meta name=\"twitter:site\" content=\"@ZenkitHQ\" \/>\n<meta name=\"twitter:label1\" content=\"Tiempo de lectura\" \/>\n\t<meta name=\"twitter:data1\" content=\"3 minutos\" \/>\n<script type=\"application\/ld+json\" class=\"yoast-schema-graph\">{\"@context\":\"https:\\\/\\\/schema.org\",\"@graph\":[{\"@type\":\"WebPage\",\"@id\":\"https:\\\/\\\/zenkit.com\\\/es\\\/kit-de-prensa\\\/zenkit-releases-desktop-apps-for-macos-windows-and-linux\\\/\",\"url\":\"https:\\\/\\\/zenkit.com\\\/es\\\/kit-de-prensa\\\/zenkit-releases-desktop-apps-for-macos-windows-and-linux\\\/\",\"name\":\"Zenkit releases Desktop Apps for macOS, Windows and Linux | Zenkit\",\"isPartOf\":{\"@id\":\"https:\\\/\\\/zenkit.com\\\/es\\\/#website\"},\"primaryImageOfPage\":{\"@id\":\"https:\\\/\\\/zenkit.com\\\/es\\\/kit-de-prensa\\\/zenkit-releases-desktop-apps-for-macos-windows-and-linux\\\/#primaryimage\"},\"image\":{\"@id\":\"https:\\\/\\\/zenkit.com\\\/es\\\/kit-de-prensa\\\/zenkit-releases-desktop-apps-for-macos-windows-and-linux\\\/#primaryimage\"},\"thumbnailUrl\":\"https:\\\/\\\/zenkit.com\\\/wp-content\\\/uploads\\\/2025\\\/05\\\/base-1024x538-1.webp\",\"datePublished\":\"2018-07-06T23:04:47+00:00\",\"dateModified\":\"2025-09-03T05:43:49+00:00\",\"description\":\"With its most recent release Zenkit has moved closer towards creating a flexible SaaS product that can now additionally be used on all major devices.\",\"breadcrumb\":{\"@id\":\"https:\\\/\\\/zenkit.com\\\/es\\\/kit-de-prensa\\\/zenkit-releases-desktop-apps-for-macos-windows-and-linux\\\/#breadcrumb\"},\"inLanguage\":\"es\",\"potentialAction\":[{\"@type\":\"ReadAction\",\"target\":[\"https:\\\/\\\/zenkit.com\\\/es\\\/kit-de-prensa\\\/zenkit-releases-desktop-apps-for-macos-windows-and-linux\\\/\"]}]},{\"@type\":\"ImageObject\",\"inLanguage\":\"es\",\"@id\":\"https:\\\/\\\/zenkit.com\\\/es\\\/kit-de-prensa\\\/zenkit-releases-desktop-apps-for-macos-windows-and-linux\\\/#primaryimage\",\"url\":\"https:\\\/\\\/zenkit.com\\\/wp-content\\\/uploads\\\/2025\\\/05\\\/base-1024x538-1.webp\",\"contentUrl\":\"https:\\\/\\\/zenkit.com\\\/wp-content\\\/uploads\\\/2025\\\/05\\\/base-1024x538-1.webp\"},{\"@type\":\"BreadcrumbList\",\"@id\":\"https:\\\/\\\/zenkit.com\\\/es\\\/kit-de-prensa\\\/zenkit-releases-desktop-apps-for-macos-windows-and-linux\\\/#breadcrumb\",\"itemListElement\":[{\"@type\":\"ListItem\",\"position\":1,\"name\":\"Home\",\"item\":\"https:\\\/\\\/zenkit.com\\\/es\\\/\"},{\"@type\":\"ListItem\",\"position\":2,\"name\":\"Kit de Prensa\",\"item\":\"https:\\\/\\\/zenkit.com\\\/es\\\/kit-de-prensa\\\/\"},{\"@type\":\"ListItem\",\"position\":3,\"name\":\"Zenkit releases Desktop Apps for macOS, Windows and Linux\"}]},{\"@type\":\"WebSite\",\"@id\":\"https:\\\/\\\/zenkit.com\\\/es\\\/#website\",\"url\":\"https:\\\/\\\/zenkit.com\\\/es\\\/\",\"name\":\"Zenkit\",\"description\":\"Zenkit Tagline\",\"potentialAction\":[{\"@type\":\"SearchAction\",\"target\":{\"@type\":\"EntryPoint\",\"urlTemplate\":\"https:\\\/\\\/zenkit.com\\\/es\\\/?s={search_term_string}\"},\"query-input\":{\"@type\":\"PropertyValueSpecification\",\"valueRequired\":true,\"valueName\":\"search_term_string\"}}],\"inLanguage\":\"es\"},false]}<\/script>\n<!-- \/ Yoast SEO plugin. -->","yoast_head_json":{"title":"Zenkit releases Desktop Apps for macOS, Windows and Linux | Zenkit","description":"With its most recent release Zenkit has moved closer towards creating a flexible SaaS product that can now additionally be used on all major devices.","robots":{"index":"index","follow":"follow","max-snippet":"max-snippet:-1","max-image-preview":"max-image-preview:large","max-video-preview":"max-video-preview:-1"},"canonical":"https:\/\/zenkit.com\/es\/kit-de-prensa\/zenkit-releases-desktop-apps-for-macos-windows-and-linux\/","og_locale":"es_ES","og_type":"article","og_title":"Zenkit releases Desktop Apps for macOS, Windows and Linux | Zenkit","og_description":"With its most recent release Zenkit has moved closer towards creating a flexible SaaS product that can now additionally be used on all major devices.","og_url":"https:\/\/zenkit.com\/es\/kit-de-prensa\/zenkit-releases-desktop-apps-for-macos-windows-and-linux\/","og_site_name":"Zenkit","article_publisher":"https:\/\/www.facebook.com\/ZenkitHQ","article_modified_time":"2025-09-03T05:43:49+00:00","og_image":[{"url":"https:\/\/zenkit.com\/wp-content\/uploads\/2025\/05\/base-1024x538-1.webp","type":"","width":"","height":""}],"twitter_card":"summary_large_image","twitter_site":"@ZenkitHQ","twitter_misc":{"Tiempo de lectura":"3 minutos"},"schema":{"@context":"https:\/\/schema.org","@graph":[{"@type":"WebPage","@id":"https:\/\/zenkit.com\/es\/kit-de-prensa\/zenkit-releases-desktop-apps-for-macos-windows-and-linux\/","url":"https:\/\/zenkit.com\/es\/kit-de-prensa\/zenkit-releases-desktop-apps-for-macos-windows-and-linux\/","name":"Zenkit releases Desktop Apps for macOS, Windows and Linux | Zenkit","isPartOf":{"@id":"https:\/\/zenkit.com\/es\/#website"},"primaryImageOfPage":{"@id":"https:\/\/zenkit.com\/es\/kit-de-prensa\/zenkit-releases-desktop-apps-for-macos-windows-and-linux\/#primaryimage"},"image":{"@id":"https:\/\/zenkit.com\/es\/kit-de-prensa\/zenkit-releases-desktop-apps-for-macos-windows-and-linux\/#primaryimage"},"thumbnailUrl":"https:\/\/zenkit.com\/wp-content\/uploads\/2025\/05\/base-1024x538-1.webp","datePublished":"2018-07-06T23:04:47+00:00","dateModified":"2025-09-03T05:43:49+00:00","description":"With its most recent release Zenkit has moved closer towards creating a flexible SaaS product that can now additionally be used on all major devices.","breadcrumb":{"@id":"https:\/\/zenkit.com\/es\/kit-de-prensa\/zenkit-releases-desktop-apps-for-macos-windows-and-linux\/#breadcrumb"},"inLanguage":"es","potentialAction":[{"@type":"ReadAction","target":["https:\/\/zenkit.com\/es\/kit-de-prensa\/zenkit-releases-desktop-apps-for-macos-windows-and-linux\/"]}]},{"@type":"ImageObject","inLanguage":"es","@id":"https:\/\/zenkit.com\/es\/kit-de-prensa\/zenkit-releases-desktop-apps-for-macos-windows-and-linux\/#primaryimage","url":"https:\/\/zenkit.com\/wp-content\/uploads\/2025\/05\/base-1024x538-1.webp","contentUrl":"https:\/\/zenkit.com\/wp-content\/uploads\/2025\/05\/base-1024x538-1.webp"},{"@type":"BreadcrumbList","@id":"https:\/\/zenkit.com\/es\/kit-de-prensa\/zenkit-releases-desktop-apps-for-macos-windows-and-linux\/#breadcrumb","itemListElement":[{"@type":"ListItem","position":1,"name":"Home","item":"https:\/\/zenkit.com\/es\/"},{"@type":"ListItem","position":2,"name":"Kit de Prensa","item":"https:\/\/zenkit.com\/es\/kit-de-prensa\/"},{"@type":"ListItem","position":3,"name":"Zenkit releases Desktop Apps for macOS, Windows and Linux"}]},{"@type":"WebSite","@id":"https:\/\/zenkit.com\/es\/#website","url":"https:\/\/zenkit.com\/es\/","name":"Zenkit","description":"Zenkit Tagline","potentialAction":[{"@type":"SearchAction","target":{"@type":"EntryPoint","urlTemplate":"https:\/\/zenkit.com\/es\/?s={search_term_string}"},"query-input":{"@type":"PropertyValueSpecification","valueRequired":true,"valueName":"search_term_string"}}],"inLanguage":"es"},false]}},"yasr_visitor_votes":{"stars_attributes":{"read_only":false,"span_bottom":false},"number_of_votes":0,"sum_votes":0},"_links":{"self":[{"href":"https:\/\/zenkit.com\/es\/wp-json\/wp\/v2\/pages\/73079","targetHints":{"allow":["GET"]}}],"collection":[{"href":"https:\/\/zenkit.com\/es\/wp-json\/wp\/v2\/pages"}],"about":[{"href":"https:\/\/zenkit.com\/es\/wp-json\/wp\/v2\/types\/page"}],"author":[{"embeddable":true,"href":"https:\/\/zenkit.com\/es\/wp-json\/wp\/v2\/users\/30"}],"replies":[{"embeddable":true,"href":"https:\/\/zenkit.com\/es\/wp-json\/wp\/v2\/comments?post=73079"}],"version-history":[{"count":2,"href":"https:\/\/zenkit.com\/es\/wp-json\/wp\/v2\/pages\/73079\/revisions"}],"predecessor-version":[{"id":133684,"href":"https:\/\/zenkit.com\/es\/wp-json\/wp\/v2\/pages\/73079\/revisions\/133684"}],"up":[{"embeddable":true,"href":"https:\/\/zenkit.com\/es\/wp-json\/wp\/v2\/pages\/61702"}],"wp:attachment":[{"href":"https:\/\/zenkit.com\/es\/wp-json\/wp\/v2\/media?parent=73079"}],"curies":[{"name":"wp","href":"https:\/\/api.w.org\/{rel}","templated":true}]}}