{"id":73081,"date":"2018-07-07T01:16:20","date_gmt":"2018-07-06T23:16:20","guid":{"rendered":"https:\/\/zenkit.com\/kit-de-prensa\/zenkit-launches-android-with-offline-support\/"},"modified":"2025-12-15T00:04:22","modified_gmt":"2025-12-14T23:04:22","slug":"zenkit-launches-android-with-offline-support","status":"publish","type":"page","link":"https:\/\/zenkit.com\/es\/kit-de-prensa\/zenkit-launches-android-with-offline-support\/","title":{"rendered":"Zenkit launches Android with offline support"},"content":{"rendered":"\n<div class=\"wp-block-group has-global-padding is-layout-constrained wp-block-group-is-layout-constrained\">\n<div class=\"wp-block-group width--950 has-global-padding is-layout-constrained wp-block-group-is-layout-constrained\">\n<div style=\"height:45px;--tablet-height:45px;--mobile-height:16px\" class=\"wp-block-lookeen-blocks-responsive-spacer\"><\/div>\n\n\n\n<div class=\"wp-block-group has-global-padding is-layout-constrained wp-block-group-is-layout-constrained\">\n<h1 class=\"wp-block-heading has-text-align-center\" style=\"margin-bottom:8px\">Zenkit lanza Android con soporte sin conexi\u00f3n<\/h1>\n<\/div>\n\n\n\n<div class=\"wp-block-group has-global-padding is-layout-constrained wp-block-group-is-layout-constrained\">\n<p class=\"has-text-align-center subheading\">Aplicaci\u00f3n de Android disponible para todos los usuarios hoy<\/p>\n<\/div>\n\n\n\n<div style=\"height:48px;--tablet-height:36px;--mobile-height:24px\" class=\"wp-block-lookeen-blocks-responsive-spacer\"><\/div>\n\n\n\n<div class=\"wp-block-group has-global-padding is-layout-constrained wp-block-group-is-layout-constrained\">\n<p class=\"has-text-align-center press__headline has-text-color has-link-color wp-elements-7663ef8af0935c1518547cd7af562cfe\" style=\"color:#939393;font-size:24px;font-style:normal;font-weight:700;line-height:1.5\">Jueves, 30 de Noviembre, 2017 \u2013 Karlsruhe, Alemania<\/p>\n<\/div>\n<\/div>\n\n\n\n<div style=\"height:88px;--tablet-height:72px;--mobile-height:40px\" class=\"wp-block-lookeen-blocks-responsive-spacer\"><\/div>\n<\/div>\n\n\n\n<div class=\"wp-block-group has-global-padding is-layout-constrained wp-block-group-is-layout-constrained\">\n<div class=\"wp-block-columns is-layout-flex wp-container-core-columns-is-layout-b8d659ec wp-block-columns-is-layout-flex\">\n<div class=\"wp-block-column is-layout-flow wp-block-column-is-layout-flow\">\n<p class=\"has-da-grey-2-color has-text-color has-link-color wp-elements-cec856f78c54fab78811f0902d3bf3e3\">La startup alemana Zenkit anuncia hoy el lanzamiento de su aplicaci\u00f3n para Android. Con su \u00faltima actualizaci\u00f3n, la empresa ha dado un gran paso hacia su objetivo general de crear la primera plataforma de gesti\u00f3n de proyectos verdaderamente flexible.<\/p>\n\n\n\n<p class=\"has-da-grey-2-color has-text-color has-link-color wp-elements-b0bba11d047db59f17479256cc0d8c3d\">Zenkit es un software de gesti\u00f3n de proyectos todo en uno que permite a los usuarios diferentes vistas de su informaci\u00f3n. Ya sea que quieran simplemente usar una lista de tareas pendientes para completar las tareas diarias o administrar un gran proyecto con su equipo, Zenkit proporciona las funciones necesarias para que puedan trabajar de manera productiva. Gracias a su interfaz flexible, Zenkit tambi\u00e9n escala junto con el proyecto.<\/p>\n<\/div>\n\n\n\n<div class=\"wp-block-column is-layout-flow wp-block-column-is-layout-flow\">\n<p class=\"has-da-grey-1-color has-text-color has-link-color wp-elements-0af92b6e06ed383ad6ff9d65a9ffbd9d\">Ahora puede usar Zenkit en todas partes: en su escritorio, mientras viaja con o sin conexi\u00f3n a Internet. La aplicaci\u00f3n de Android no solo est\u00e1 disponible sin conexi\u00f3n, sino que los usuarios de Android ahora pueden disfrutar de la gama completa de funciones de Zenkit en dispositivos m\u00f3viles. La aplicaci\u00f3n de Android cumple con un objetivo que el equipo de Zenkit ha tenido durante mucho tiempo: Zenkit: ilimitado, accesible en cualquier lugar y en cualquier momento.<\/p>\n\n\n\n<p>Zenkit tambi\u00e9n lanz\u00f3 recientemente su aplicaci\u00f3n para iOS, que pronto se actualizar\u00e1 para tener una caracter\u00edstica similar a la web y las aplicaciones de Android. A largo plazo, Zenkit planea expandir la variedad de funciones empresariales para permitir que las empresas construyan herramientas personalizadas para operar sus empresas.<\/p>\n<\/div>\n<\/div>\n<\/div>\n\n\n\n<div style=\"height:45px;--tablet-height:45px;--mobile-height:16px\" class=\"wp-block-lookeen-blocks-responsive-spacer\"><\/div>\n\n\n\n<figure class=\"wp-block-image aligncenter size-large is-resized border-radius--20 overflow__hidden  box__shadow\"><img loading=\"lazy\" decoding=\"async\" width=\"1024\" height=\"538\" src=\"https:\/\/zenkit.com\/wp-content\/uploads\/2021\/01\/base-1024x538.jpg\" alt=\"\" class=\"wp-image-55221\" style=\"width:491px;height:auto\" srcset=\"https:\/\/zenkit.com\/wp-content\/uploads\/2021\/01\/base-1024x538.jpg 1024w, https:\/\/zenkit.com\/wp-content\/uploads\/2021\/01\/base-300x158.jpg 300w, https:\/\/zenkit.com\/wp-content\/uploads\/2021\/01\/base-768x403.jpg 768w, https:\/\/zenkit.com\/wp-content\/uploads\/2021\/01\/base.jpg 1200w\" sizes=\"auto, (max-width: 1024px) 100vw, 1024px\" \/><\/figure>\n\n\n\n<div style=\"height:88px;--tablet-height:72px;--mobile-height:40px\" class=\"wp-block-lookeen-blocks-responsive-spacer\"><\/div>\n\n\n\n<div class=\"wp-block-group has-global-padding is-layout-constrained wp-block-group-is-layout-constrained\">\n<h2 class=\"wp-block-heading has-text-align-center\" style=\"margin-bottom:0px\">Caracter\u00edsticas clave de la aplicaci\u00f3n de Android Zenkit:<\/h2>\n\n\n\n<div style=\"height:48px;--tablet-height:36px;--mobile-height:24px\" class=\"wp-block-lookeen-blocks-responsive-spacer\"><\/div>\n\n\n\n<div class=\"wp-block-group has-global-padding is-layout-constrained wp-block-group-is-layout-constrained\">\n<div class=\"wp-block-columns is-layout-flex wp-container-core-columns-is-layout-28f84493 wp-block-columns-is-layout-flex\">\n<div class=\"wp-block-column is-layout-flow wp-block-column-is-layout-flow\">\n<ul class=\"wp-block-list list__with-checkmark-blue-and-underline\">\n<li>Disponibilidad sin conexi\u00f3n. Ambas capacidades de lectura y escritura. La aplicaci\u00f3n se sincronizar\u00e1 cuando se restablezca la conexi\u00f3n a Internet.<\/li>\n\n\n\n<li>Capacidad para crear nuevos equipos y proyectos.<\/li>\n<\/ul>\n<\/div>\n\n\n\n<div class=\"wp-block-column is-layout-flow wp-block-column-is-layout-flow\">\n<ul class=\"wp-block-list list__with-checkmark-blue-and-underline\">\n<li>Todas las caracter\u00edsticas de la aplicaci\u00f3n web Zenkit.<\/li>\n<\/ul>\n<\/div>\n<\/div>\n<\/div>\n\n\n\n<div style=\"height:88px;--tablet-height:72px;--mobile-height:40px\" class=\"wp-block-lookeen-blocks-responsive-spacer\"><\/div>\n\n\n\n<div class=\"wp-block-group has-global-padding is-layout-constrained wp-container-core-group-is-layout-7cc94c3e wp-block-group-is-layout-constrained\">\n<div class=\"wp-block-group has-background has-global-padding is-layout-constrained wp-container-core-group-is-layout-8412c99a wp-block-group-is-layout-constrained\" style=\"border-radius:20px;background-color:#efefef;margin-bottom:24px;padding-top:20px;padding-right:20px;padding-bottom:20px;padding-left:20px\">\n<p class=\"has-text-align-center has-da-grey-1-color has-text-color has-link-color wp-elements-15a8babe7ff03e5344ff507feedba14f\" style=\"font-size:14px\">Fundador y CEO de Zenkit, Martin Welker. \u201cNuestro objetivo es ayudar a nuestros clientes a ser lo m\u00e1s productivos posible en cualquier situaci\u00f3n en la que se encuentren. Queremos darles acceso a su informaci\u00f3n en cualquier dispositivo con el que elijan trabajar. Los dispositivos m\u00f3viles son una parte vital del lugar de trabajo actual y una gran parte de la productividad, especialmente cuando se est\u00e1 en movimiento\u201d.<\/p>\n<\/div>\n\n\n\n<div style=\"height:88px;--tablet-height:72px;--mobile-height:40px\" class=\"wp-block-lookeen-blocks-responsive-spacer\"><\/div>\n\n\n\n<h3 class=\"wp-block-heading has-text-align-center\" style=\"margin-bottom:8px;font-style:normal;font-weight:700\">Acerca de Zenkit<\/h3>\n\n\n\n<p class=\"has-text-align-center has-da-grey-2-color has-text-color has-link-color wp-elements-33e015338d7b8e9225fd94ea6fbef481\">Zenkit es una plataforma de creaci\u00f3n de bases de datos y gesti\u00f3n de proyectos creada por Axonic GmbH en Alemania. Fue lanzado en octubre de 2016.<\/p>\n<\/div>\n<\/div>\n\n\n\n<div style=\"height:110px;--tablet-height:60px;--mobile-height:48px\" class=\"wp-block-lookeen-blocks-responsive-spacer\"><\/div>\n","protected":false},"excerpt":{"rendered":"<p>Zenkit lanza Android con soporte sin conexi\u00f3n Aplicaci\u00f3n de Android disponible para todos los usuarios hoy Jueves, 30 de Noviembre, 2017 \u2013 Karlsruhe, Alemania La startup alemana Zenkit anuncia hoy el lanzamiento de su aplicaci\u00f3n para Android. Con su \u00faltima actualizaci\u00f3n, la empresa ha dado un gran paso hacia su objetivo general de crear la [&hellip;]<\/p>\n","protected":false},"author":30,"featured_media":0,"parent":61702,"menu_order":12,"comment_status":"closed","ping_status":"closed","template":"","meta":{"yasr_overall_rating":0,"yasr_post_is_review":"","yasr_auto_insert_disabled":"","yasr_review_type":"","footnotes":""},"class_list":["post-73081","page","type-page","status-publish","hentry"],"yoast_head":"<!-- This site is optimized with the Yoast SEO plugin v27.3 - https:\/\/yoast.com\/product\/yoast-seo-wordpress\/ -->\n<title>Zenkit launches Android with offline support | Zenkit<\/title>\n<meta name=\"description\" content=\"You can now use Zenkit everywhere: at your desk, on-the-go, and with or without an internet connection. Zenkit for Android is available offline.\" \/>\n<meta name=\"robots\" content=\"index, follow, max-snippet:-1, max-image-preview:large, max-video-preview:-1\" \/>\n<link rel=\"canonical\" href=\"https:\/\/zenkit.com\/es\/kit-de-prensa\/zenkit-launches-android-with-offline-support\/\" \/>\n<meta property=\"og:locale\" content=\"es_ES\" \/>\n<meta property=\"og:type\" content=\"article\" \/>\n<meta property=\"og:title\" content=\"Zenkit launches Android with offline support | Zenkit\" \/>\n<meta property=\"og:description\" content=\"You can now use Zenkit everywhere: at your desk, on-the-go, and with or without an internet connection. Zenkit for Android is available offline.\" \/>\n<meta property=\"og:url\" content=\"https:\/\/zenkit.com\/es\/kit-de-prensa\/zenkit-launches-android-with-offline-support\/\" \/>\n<meta property=\"og:site_name\" content=\"Zenkit\" \/>\n<meta property=\"article:publisher\" content=\"https:\/\/www.facebook.com\/ZenkitHQ\" \/>\n<meta property=\"article:modified_time\" content=\"2025-12-14T23:04:22+00:00\" \/>\n<meta property=\"og:image\" content=\"https:\/\/zenkit.com\/wp-content\/uploads\/2021\/01\/base.jpg\" \/>\n\t<meta property=\"og:image:width\" content=\"1200\" \/>\n\t<meta property=\"og:image:height\" content=\"630\" \/>\n\t<meta property=\"og:image:type\" content=\"image\/jpeg\" \/>\n<meta name=\"twitter:card\" content=\"summary_large_image\" \/>\n<meta name=\"twitter:site\" content=\"@ZenkitHQ\" \/>\n<script type=\"application\/ld+json\" class=\"yoast-schema-graph\">{\"@context\":\"https:\\\/\\\/schema.org\",\"@graph\":[{\"@type\":\"WebPage\",\"@id\":\"https:\\\/\\\/zenkit.com\\\/es\\\/kit-de-prensa\\\/zenkit-launches-android-with-offline-support\\\/\",\"url\":\"https:\\\/\\\/zenkit.com\\\/es\\\/kit-de-prensa\\\/zenkit-launches-android-with-offline-support\\\/\",\"name\":\"Zenkit launches Android with offline support | Zenkit\",\"isPartOf\":{\"@id\":\"https:\\\/\\\/zenkit.com\\\/es\\\/#website\"},\"primaryImageOfPage\":{\"@id\":\"https:\\\/\\\/zenkit.com\\\/es\\\/kit-de-prensa\\\/zenkit-launches-android-with-offline-support\\\/#primaryimage\"},\"image\":{\"@id\":\"https:\\\/\\\/zenkit.com\\\/es\\\/kit-de-prensa\\\/zenkit-launches-android-with-offline-support\\\/#primaryimage\"},\"thumbnailUrl\":\"https:\\\/\\\/zenkit.com\\\/wp-content\\\/uploads\\\/2021\\\/01\\\/base-1024x538.jpg\",\"datePublished\":\"2018-07-06T23:16:20+00:00\",\"dateModified\":\"2025-12-14T23:04:22+00:00\",\"description\":\"You can now use Zenkit everywhere: at your desk, on-the-go, and with or without an internet connection. Zenkit for Android is available offline.\",\"breadcrumb\":{\"@id\":\"https:\\\/\\\/zenkit.com\\\/es\\\/kit-de-prensa\\\/zenkit-launches-android-with-offline-support\\\/#breadcrumb\"},\"inLanguage\":\"es\",\"potentialAction\":[{\"@type\":\"ReadAction\",\"target\":[\"https:\\\/\\\/zenkit.com\\\/es\\\/kit-de-prensa\\\/zenkit-launches-android-with-offline-support\\\/\"]}]},{\"@type\":\"ImageObject\",\"inLanguage\":\"es\",\"@id\":\"https:\\\/\\\/zenkit.com\\\/es\\\/kit-de-prensa\\\/zenkit-launches-android-with-offline-support\\\/#primaryimage\",\"url\":\"https:\\\/\\\/zenkit.com\\\/wp-content\\\/uploads\\\/2021\\\/01\\\/base-1024x538.jpg\",\"contentUrl\":\"https:\\\/\\\/zenkit.com\\\/wp-content\\\/uploads\\\/2021\\\/01\\\/base-1024x538.jpg\"},{\"@type\":\"BreadcrumbList\",\"@id\":\"https:\\\/\\\/zenkit.com\\\/es\\\/kit-de-prensa\\\/zenkit-launches-android-with-offline-support\\\/#breadcrumb\",\"itemListElement\":[{\"@type\":\"ListItem\",\"position\":1,\"name\":\"Home\",\"item\":\"https:\\\/\\\/zenkit.com\\\/es\\\/\"},{\"@type\":\"ListItem\",\"position\":2,\"name\":\"Kit de Prensa\",\"item\":\"https:\\\/\\\/zenkit.com\\\/es\\\/kit-de-prensa\\\/\"},{\"@type\":\"ListItem\",\"position\":3,\"name\":\"Zenkit launches Android with offline support\"}]},{\"@type\":\"WebSite\",\"@id\":\"https:\\\/\\\/zenkit.com\\\/es\\\/#website\",\"url\":\"https:\\\/\\\/zenkit.com\\\/es\\\/\",\"name\":\"Zenkit\",\"description\":\"Zenkit Tagline\",\"potentialAction\":[{\"@type\":\"SearchAction\",\"target\":{\"@type\":\"EntryPoint\",\"urlTemplate\":\"https:\\\/\\\/zenkit.com\\\/es\\\/?s={search_term_string}\"},\"query-input\":{\"@type\":\"PropertyValueSpecification\",\"valueRequired\":true,\"valueName\":\"search_term_string\"}}],\"inLanguage\":\"es\"},false]}<\/script>\n<!-- \/ Yoast SEO plugin. -->","yoast_head_json":{"title":"Zenkit launches Android with offline support | Zenkit","description":"You can now use Zenkit everywhere: at your desk, on-the-go, and with or without an internet connection. Zenkit for Android is available offline.","robots":{"index":"index","follow":"follow","max-snippet":"max-snippet:-1","max-image-preview":"max-image-preview:large","max-video-preview":"max-video-preview:-1"},"canonical":"https:\/\/zenkit.com\/es\/kit-de-prensa\/zenkit-launches-android-with-offline-support\/","og_locale":"es_ES","og_type":"article","og_title":"Zenkit launches Android with offline support | Zenkit","og_description":"You can now use Zenkit everywhere: at your desk, on-the-go, and with or without an internet connection. Zenkit for Android is available offline.","og_url":"https:\/\/zenkit.com\/es\/kit-de-prensa\/zenkit-launches-android-with-offline-support\/","og_site_name":"Zenkit","article_publisher":"https:\/\/www.facebook.com\/ZenkitHQ","article_modified_time":"2025-12-14T23:04:22+00:00","og_image":[{"width":1200,"height":630,"url":"https:\/\/zenkit.com\/wp-content\/uploads\/2021\/01\/base.jpg","type":"image\/jpeg"}],"twitter_card":"summary_large_image","twitter_site":"@ZenkitHQ","schema":{"@context":"https:\/\/schema.org","@graph":[{"@type":"WebPage","@id":"https:\/\/zenkit.com\/es\/kit-de-prensa\/zenkit-launches-android-with-offline-support\/","url":"https:\/\/zenkit.com\/es\/kit-de-prensa\/zenkit-launches-android-with-offline-support\/","name":"Zenkit launches Android with offline support | Zenkit","isPartOf":{"@id":"https:\/\/zenkit.com\/es\/#website"},"primaryImageOfPage":{"@id":"https:\/\/zenkit.com\/es\/kit-de-prensa\/zenkit-launches-android-with-offline-support\/#primaryimage"},"image":{"@id":"https:\/\/zenkit.com\/es\/kit-de-prensa\/zenkit-launches-android-with-offline-support\/#primaryimage"},"thumbnailUrl":"https:\/\/zenkit.com\/wp-content\/uploads\/2021\/01\/base-1024x538.jpg","datePublished":"2018-07-06T23:16:20+00:00","dateModified":"2025-12-14T23:04:22+00:00","description":"You can now use Zenkit everywhere: at your desk, on-the-go, and with or without an internet connection. Zenkit for Android is available offline.","breadcrumb":{"@id":"https:\/\/zenkit.com\/es\/kit-de-prensa\/zenkit-launches-android-with-offline-support\/#breadcrumb"},"inLanguage":"es","potentialAction":[{"@type":"ReadAction","target":["https:\/\/zenkit.com\/es\/kit-de-prensa\/zenkit-launches-android-with-offline-support\/"]}]},{"@type":"ImageObject","inLanguage":"es","@id":"https:\/\/zenkit.com\/es\/kit-de-prensa\/zenkit-launches-android-with-offline-support\/#primaryimage","url":"https:\/\/zenkit.com\/wp-content\/uploads\/2021\/01\/base-1024x538.jpg","contentUrl":"https:\/\/zenkit.com\/wp-content\/uploads\/2021\/01\/base-1024x538.jpg"},{"@type":"BreadcrumbList","@id":"https:\/\/zenkit.com\/es\/kit-de-prensa\/zenkit-launches-android-with-offline-support\/#breadcrumb","itemListElement":[{"@type":"ListItem","position":1,"name":"Home","item":"https:\/\/zenkit.com\/es\/"},{"@type":"ListItem","position":2,"name":"Kit de Prensa","item":"https:\/\/zenkit.com\/es\/kit-de-prensa\/"},{"@type":"ListItem","position":3,"name":"Zenkit launches Android with offline support"}]},{"@type":"WebSite","@id":"https:\/\/zenkit.com\/es\/#website","url":"https:\/\/zenkit.com\/es\/","name":"Zenkit","description":"Zenkit Tagline","potentialAction":[{"@type":"SearchAction","target":{"@type":"EntryPoint","urlTemplate":"https:\/\/zenkit.com\/es\/?s={search_term_string}"},"query-input":{"@type":"PropertyValueSpecification","valueRequired":true,"valueName":"search_term_string"}}],"inLanguage":"es"},false]}},"yasr_visitor_votes":{"stars_attributes":{"read_only":false,"span_bottom":false},"number_of_votes":0,"sum_votes":0},"_links":{"self":[{"href":"https:\/\/zenkit.com\/es\/wp-json\/wp\/v2\/pages\/73081","targetHints":{"allow":["GET"]}}],"collection":[{"href":"https:\/\/zenkit.com\/es\/wp-json\/wp\/v2\/pages"}],"about":[{"href":"https:\/\/zenkit.com\/es\/wp-json\/wp\/v2\/types\/page"}],"author":[{"embeddable":true,"href":"https:\/\/zenkit.com\/es\/wp-json\/wp\/v2\/users\/30"}],"replies":[{"embeddable":true,"href":"https:\/\/zenkit.com\/es\/wp-json\/wp\/v2\/comments?post=73081"}],"version-history":[{"count":3,"href":"https:\/\/zenkit.com\/es\/wp-json\/wp\/v2\/pages\/73081\/revisions"}],"predecessor-version":[{"id":175144,"href":"https:\/\/zenkit.com\/es\/wp-json\/wp\/v2\/pages\/73081\/revisions\/175144"}],"up":[{"embeddable":true,"href":"https:\/\/zenkit.com\/es\/wp-json\/wp\/v2\/pages\/61702"}],"wp:attachment":[{"href":"https:\/\/zenkit.com\/es\/wp-json\/wp\/v2\/media?parent=73081"}],"curies":[{"name":"wp","href":"https:\/\/api.w.org\/{rel}","templated":true}]}}