{"id":73084,"date":"2018-07-07T02:43:46","date_gmt":"2018-07-07T00:43:46","guid":{"rendered":"https:\/\/zenkit.com\/kit-de-prensa\/zenkit-launches-major-list-and-collaboration-updates-to-take-on-industry-leaders\/"},"modified":"2025-09-03T06:16:10","modified_gmt":"2025-09-03T04:16:10","slug":"zenkit-launches-major-list-and-collaboration-updates-to-take-on-industry-leaders","status":"publish","type":"page","link":"https:\/\/zenkit.com\/es\/kit-de-prensa\/zenkit-launches-major-list-and-collaboration-updates-to-take-on-industry-leaders\/","title":{"rendered":"Zenkit launches major list and collaboration updates to take on industry leaders"},"content":{"rendered":"\n<div class=\"wp-block-group has-global-padding is-layout-constrained wp-block-group-is-layout-constrained\">\n<div class=\"wp-block-group width--950 has-global-padding is-layout-constrained wp-block-group-is-layout-constrained\">\n<div style=\"height:45px;--tablet-height:45px;--mobile-height:16px\" class=\"wp-block-lookeen-blocks-responsive-spacer\"><\/div>\n\n\n\n<div class=\"wp-block-group has-global-padding is-layout-constrained wp-block-group-is-layout-constrained\">\n<h1 class=\"wp-block-heading has-text-align-center\" style=\"margin-bottom:8px\">Zenkit lanza importantes actualizaciones de lista y colaboraci\u00f3n para enfrentarse a los l\u00edderes de la industria<\/h1>\n<\/div>\n\n\n\n<div class=\"wp-block-group has-global-padding is-layout-constrained wp-block-group-is-layout-constrained\">\n<p class=\"has-text-align-center subheading\">Funciones similares a Wunderlist disponibles para todos los usuarios hoy<\/p>\n<\/div>\n\n\n\n<div style=\"height:48px;--tablet-height:36px;--mobile-height:24px\" class=\"wp-block-lookeen-blocks-responsive-spacer\"><\/div>\n\n\n\n<div class=\"wp-block-group has-global-padding is-layout-constrained wp-block-group-is-layout-constrained\">\n<p class=\"has-text-align-center press__headline has-text-color has-link-color wp-elements-b7c91982fd21ffac4ea49489fe14a120\" style=\"color:#939393;font-size:24px;font-style:normal;font-weight:700;line-height:1.5\">Jueves, 12 de Octubre, 2017 \u2013 Karlsruhe, Alemania<\/p>\n<\/div>\n<\/div>\n\n\n\n<div style=\"height:88px;--tablet-height:72px;--mobile-height:40px\" class=\"wp-block-lookeen-blocks-responsive-spacer\"><\/div>\n<\/div>\n\n\n\n<div class=\"wp-block-group has-global-padding is-layout-constrained wp-block-group-is-layout-constrained\">\n<div class=\"wp-block-columns is-layout-flex wp-container-core-columns-is-layout-b8d659ec wp-block-columns-is-layout-flex\">\n<div class=\"wp-block-column is-layout-flow wp-block-column-is-layout-flow\">\n<p class=\"has-da-grey-2-color has-text-color has-link-color wp-elements-5362c5872132ffacfed2ba58a14c534e\">El productor de software alem\u00e1n Axonic est\u00e1 cambiando la forma en que se crean las soluciones de gesti\u00f3n de proyectos en l\u00ednea. Con su herramienta m\u00e1s nueva, Zenkit, la empresa ha dado un gran paso hacia su objetivo general de crear la primera plataforma de gesti\u00f3n de proyectos verdaderamente flexible.<\/p>\n\n\n\n<p>Una novedad en la familia de funciones de Zenkit son las versiones adaptadas de las soluciones de gesti\u00f3n de proyectos m\u00e1s famosas: Trello y Wunderlist. Trello populariz\u00f3 los flujos de trabajo de estilo Kanban para la gesti\u00f3n de proyectos en l\u00ednea. Zenkit ya ha integrado Kanban en la aplicaci\u00f3n. Funciones como los favoritos y las tareas tachadas fueron popularizadas por Wunderlist, una aplicaci\u00f3n para hacer listas tambi\u00e9n creada en Alemania. Wunderlist fue adquirida por Microsoft en 2012. Seg\u00fan techcrunch.com, Microsoft ha declarado que Wunderlist pronto se retirar\u00e1 para ser reemplazada por una alternativa llamada \u00abToDo\u00bb. Con este lanzamiento, Zenkit cubrir\u00e1 ambos conjuntos de funciones de Kanban y la lista en una sola herramienta. Esto ayudar\u00e1 a Zenkit a expandir a\u00fan m\u00e1s su base de usuarios y, al mismo tiempo, brindar\u00e1 a los entusiastas de Kanban Board y Task List una soluci\u00f3n totalmente personalizable con la posibilidad de utilizar funciones adicionales.<\/p>\n\n\n\n<p class=\"has-da-grey-2-color has-text-color has-link-color wp-elements-f83c0080613735977fec4610bdbdaf53\">En la actualizaci\u00f3n se incluye \u00abMis favoritos\u00bb, que le da al usuario el poder de marcar elementos en su perfil para verlos en un solo lugar. \u00abMis equipos\u00bb proporciona al usuario un nuevo lugar para ver todos los elementos asignados al perfil del usuario, as\u00ed como una forma de ver y asignar elementos a los miembros del equipo. El complemento \u00abAdministraci\u00f3n de tareas\u00bb que se explica por s\u00ed mismo permite a los usuarios crear, editar y compartir f\u00e1cilmente listas de tareas pendientes. Adem\u00e1s, los usuarios ahora pueden importar sus listas directamente desde su cuenta de Wunderlist.<\/p>\n<\/div>\n\n\n\n<div class=\"wp-block-column is-layout-flow wp-block-column-is-layout-flow\">\n<p class=\"has-da-grey-1-color has-text-color has-link-color wp-elements-0b1d79610101757bd927d7d2f0c037ad\">El fundador y director ejecutivo de Axonic, Martin Welker, es positivo sobre el beneficio para los usuarios tanto de las aplicaciones de estilo de lista como de las aplicaciones Kanban tradicionales. \u201cLas empresas tienen una gran variedad de herramientas para elegir. Todas las herramientas disponibles en el mercado tienen caracter\u00edsticas muy diferentes y espec\u00edficas. Creemos que, especialmente en el sector de la gesti\u00f3n de proyectos, las personas deber\u00edan tener el poder de decidir qu\u00e9 funci\u00f3n se adapta mejor a su situaci\u00f3n y flujo de trabajo actuales. Los usuarios deber\u00edan poder cambiar entre estas funciones cuando sea necesario, sin necesidad de cambiar constantemente entre herramientas de software. Con Zenkit, nuestro objetivo es brindar al usuario esta flexibilidad para fomentar la creatividad y la personalizaci\u00f3n\u201d.<\/p>\n\n\n\n<p>\u201cCuando Microsoft dijo que iban a retirar Wunderlist, decidimos que tambi\u00e9n deber\u00edamos agregar esas funciones a Zenkit. Estoy muy emocionada de c\u00f3mo result\u00f3. Por primera vez, los usuarios pueden cambiar entre listas y tableros Kanban sin perder ninguna informaci\u00f3n. Ahora todos finalmente podemos llevarnos bien\u201d.<\/p>\n\n\n\n<p class=\"has-da-grey-1-color has-text-color has-link-color wp-elements-cbf83b4d851f29fde92da5ff796846d0\">Zenkit lanz\u00f3 recientemente su aplicaci\u00f3n para iOS y planea lanzar una aplicaci\u00f3n para Android a finales de este a\u00f1o. A largo plazo, Axonic planea expandir la variedad de funciones empresariales disponibles en Zenkit para permitir que las empresas construyan herramientas personalizadas para operar sus empresas.<\/p>\n<\/div>\n<\/div>\n<\/div>\n\n\n\n<div style=\"height:45px;--tablet-height:45px;--mobile-height:16px\" class=\"wp-block-lookeen-blocks-responsive-spacer\"><\/div>\n\n\n\n<figure class=\"wp-block-image aligncenter size-large is-resized border-radius--20 overflow__hidden  box__shadow\"><img loading=\"lazy\" decoding=\"async\" width=\"1024\" height=\"538\" src=\"https:\/\/zenkit.com\/wp-content\/uploads\/2021\/01\/base-1024x538.jpg\" alt=\"\" class=\"wp-image-55221\" style=\"width:491px;height:auto\" srcset=\"https:\/\/zenkit.com\/wp-content\/uploads\/2021\/01\/base-1024x538.jpg 1024w, https:\/\/zenkit.com\/wp-content\/uploads\/2021\/01\/base-300x158.jpg 300w, https:\/\/zenkit.com\/wp-content\/uploads\/2021\/01\/base-768x403.jpg 768w, https:\/\/zenkit.com\/wp-content\/uploads\/2021\/01\/base.jpg 1200w\" sizes=\"auto, (max-width: 1024px) 100vw, 1024px\" \/><\/figure>\n\n\n\n<div style=\"height:88px;--tablet-height:72px;--mobile-height:40px\" class=\"wp-block-lookeen-blocks-responsive-spacer\"><\/div>\n\n\n\n<div class=\"wp-block-group has-global-padding is-layout-constrained wp-block-group-is-layout-constrained\">\n<div class=\"wp-block-group has-global-padding is-layout-constrained wp-container-core-group-is-layout-7cc94c3e wp-block-group-is-layout-constrained\">\n<h3 class=\"wp-block-heading has-text-align-center\" style=\"margin-bottom:8px;font-style:normal;font-weight:700\">Informaci\u00f3n Adicional<\/h3>\n\n\n\n<p><a href=\"https:\/\/techcrunch.com\/2017\/04\/19\/microsoft-to-shut-down-wunderlist-in-favor-of-its-new-app-to-do\/\" target=\"_blank\" rel=\"noreferrer noopener\">https:\/\/techcrunch.com\/2017\/04\/19\/microsoft-to-shut-down-wunderlist-in-favor-of-its-new-app-to-do\/<\/a><\/p>\n\n\n\n<p>l<a href=\"https:\/\/thenextweb.com\/apps\/2017\/10\/03\/zenkits-first-mobile-app-could-spell-trouble-for-trello\" target=\"_blank\" rel=\"noreferrer noopener\">https:\/\/thenextweb.com\/apps\/2017\/10\/03\/zenkits-first-mobile-app-could-spell-trouble-for-trello<\/a><\/p>\n\n\n\n<div style=\"height:88px;--tablet-height:72px;--mobile-height:40px\" class=\"wp-block-lookeen-blocks-responsive-spacer\"><\/div>\n\n\n\n<h3 class=\"wp-block-heading has-text-align-center\" style=\"margin-bottom:8px;font-style:normal;font-weight:700\">Acerca de Zenkit<\/h3>\n\n\n\n<p class=\"has-text-align-center has-da-grey-2-color has-text-color has-link-color wp-elements-33e015338d7b8e9225fd94ea6fbef481\">Zenkit es una plataforma de creaci\u00f3n de bases de datos y gesti\u00f3n de proyectos creada por Axonic GmbH en Alemania. Fue lanzado en octubre de 2016.<\/p>\n\n\n\n<div style=\"height:88px;--tablet-height:72px;--mobile-height:40px\" class=\"wp-block-lookeen-blocks-responsive-spacer\"><\/div>\n\n\n\n<h3 class=\"wp-block-heading has-text-align-center\" style=\"margin-bottom:8px;font-style:normal;font-weight:700\">Acerca de Axonic:<\/h3>\n\n\n\n<p class=\"has-text-align-center has-da-grey-2-color has-text-color has-link-color wp-elements-e7c70ff673645118340f01ffc0c717fb\">Axonic GmbH es un proveedor de software privado que se centra en la tecnolog\u00eda relacionada con la informaci\u00f3n, la comunicaci\u00f3n y el reconocimiento. La empresa est\u00e1 ubicada en Karlsruhe, Alemania, y fue fundada por Martin Welker en 2003. Axonic ha desarrollado con \u00e9xito software en las \u00e1reas de inteligencia artificial, conocimiento y extracci\u00f3n de informaci\u00f3n durante m\u00e1s de una d\u00e9cada. Desde 2002, su investigaci\u00f3n se ha basado principalmente en el \u00e1rea de \u00abinteligencia de la comunicaci\u00f3n\u00bb: el an\u00e1lisis y la presentaci\u00f3n de la comunicaci\u00f3n. Axonic ha lanzado 6 productos principales que sirven a m\u00e1s de 5 000 000 de personas en todo el mundo.<\/p>\n<\/div>\n<\/div>\n\n\n\n<div style=\"height:110px;--tablet-height:60px;--mobile-height:48px\" class=\"wp-block-lookeen-blocks-responsive-spacer\"><\/div>\n","protected":false},"excerpt":{"rendered":"<p>Zenkit lanza importantes actualizaciones de lista y colaboraci\u00f3n para enfrentarse a los l\u00edderes de la industria Funciones similares a Wunderlist disponibles para todos los usuarios hoy Jueves, 12 de Octubre, 2017 \u2013 Karlsruhe, Alemania El productor de software alem\u00e1n Axonic est\u00e1 cambiando la forma en que se crean las soluciones de gesti\u00f3n de proyectos en [&hellip;]<\/p>\n","protected":false},"author":1,"featured_media":0,"parent":61702,"menu_order":0,"comment_status":"closed","ping_status":"closed","template":"","meta":{"yasr_overall_rating":0,"yasr_post_is_review":"","yasr_auto_insert_disabled":"","yasr_review_type":"","footnotes":""},"class_list":["post-73084","page","type-page","status-publish","hentry"],"yoast_head":"<!-- This site is optimized with the Yoast SEO plugin v27.3 - https:\/\/yoast.com\/product\/yoast-seo-wordpress\/ -->\n<title>Zenkit Takes on Industry Leaders with List &amp; Collaboration Updates | Zenkit<\/title>\n<meta name=\"description\" content=\"With Zenkit, Axonic has successfully made a big step towards its overall aim of creating the first truly flexible project management platform.\" \/>\n<meta name=\"robots\" content=\"index, follow, max-snippet:-1, max-image-preview:large, max-video-preview:-1\" \/>\n<link rel=\"canonical\" href=\"https:\/\/zenkit.com\/es\/kit-de-prensa\/zenkit-launches-major-list-and-collaboration-updates-to-take-on-industry-leaders\/\" \/>\n<meta property=\"og:locale\" content=\"es_ES\" \/>\n<meta property=\"og:type\" content=\"article\" \/>\n<meta property=\"og:title\" content=\"Zenkit Takes on Industry Leaders with List &amp; Collaboration Updates | Zenkit\" \/>\n<meta property=\"og:description\" content=\"With Zenkit, Axonic has successfully made a big step towards its overall aim of creating the first truly flexible project management platform.\" \/>\n<meta property=\"og:url\" content=\"https:\/\/zenkit.com\/es\/kit-de-prensa\/zenkit-launches-major-list-and-collaboration-updates-to-take-on-industry-leaders\/\" \/>\n<meta property=\"og:site_name\" content=\"Zenkit\" \/>\n<meta property=\"article:publisher\" content=\"https:\/\/www.facebook.com\/ZenkitHQ\" \/>\n<meta property=\"article:modified_time\" content=\"2025-09-03T04:16:10+00:00\" \/>\n<meta property=\"og:image\" content=\"https:\/\/zenkit.com\/wp-content\/uploads\/2021\/01\/base-1024x538.jpg\" \/>\n<meta name=\"twitter:card\" content=\"summary_large_image\" \/>\n<meta name=\"twitter:site\" content=\"@ZenkitHQ\" \/>\n<script type=\"application\/ld+json\" class=\"yoast-schema-graph\">{\"@context\":\"https:\\\/\\\/schema.org\",\"@graph\":[{\"@type\":\"WebPage\",\"@id\":\"https:\\\/\\\/zenkit.com\\\/es\\\/kit-de-prensa\\\/zenkit-launches-major-list-and-collaboration-updates-to-take-on-industry-leaders\\\/\",\"url\":\"https:\\\/\\\/zenkit.com\\\/es\\\/kit-de-prensa\\\/zenkit-launches-major-list-and-collaboration-updates-to-take-on-industry-leaders\\\/\",\"name\":\"Zenkit Takes on Industry Leaders with List & Collaboration Updates | Zenkit\",\"isPartOf\":{\"@id\":\"https:\\\/\\\/zenkit.com\\\/es\\\/#website\"},\"primaryImageOfPage\":{\"@id\":\"https:\\\/\\\/zenkit.com\\\/es\\\/kit-de-prensa\\\/zenkit-launches-major-list-and-collaboration-updates-to-take-on-industry-leaders\\\/#primaryimage\"},\"image\":{\"@id\":\"https:\\\/\\\/zenkit.com\\\/es\\\/kit-de-prensa\\\/zenkit-launches-major-list-and-collaboration-updates-to-take-on-industry-leaders\\\/#primaryimage\"},\"thumbnailUrl\":\"https:\\\/\\\/zenkit.com\\\/wp-content\\\/uploads\\\/2021\\\/01\\\/base-1024x538.jpg\",\"datePublished\":\"2018-07-07T00:43:46+00:00\",\"dateModified\":\"2025-09-03T04:16:10+00:00\",\"description\":\"With Zenkit, Axonic has successfully made a big step towards its overall aim of creating the first truly flexible project management platform.\",\"breadcrumb\":{\"@id\":\"https:\\\/\\\/zenkit.com\\\/es\\\/kit-de-prensa\\\/zenkit-launches-major-list-and-collaboration-updates-to-take-on-industry-leaders\\\/#breadcrumb\"},\"inLanguage\":\"es\",\"potentialAction\":[{\"@type\":\"ReadAction\",\"target\":[\"https:\\\/\\\/zenkit.com\\\/es\\\/kit-de-prensa\\\/zenkit-launches-major-list-and-collaboration-updates-to-take-on-industry-leaders\\\/\"]}]},{\"@type\":\"ImageObject\",\"inLanguage\":\"es\",\"@id\":\"https:\\\/\\\/zenkit.com\\\/es\\\/kit-de-prensa\\\/zenkit-launches-major-list-and-collaboration-updates-to-take-on-industry-leaders\\\/#primaryimage\",\"url\":\"https:\\\/\\\/zenkit.com\\\/wp-content\\\/uploads\\\/2021\\\/01\\\/base-1024x538.jpg\",\"contentUrl\":\"https:\\\/\\\/zenkit.com\\\/wp-content\\\/uploads\\\/2021\\\/01\\\/base-1024x538.jpg\"},{\"@type\":\"BreadcrumbList\",\"@id\":\"https:\\\/\\\/zenkit.com\\\/es\\\/kit-de-prensa\\\/zenkit-launches-major-list-and-collaboration-updates-to-take-on-industry-leaders\\\/#breadcrumb\",\"itemListElement\":[{\"@type\":\"ListItem\",\"position\":1,\"name\":\"Home\",\"item\":\"https:\\\/\\\/zenkit.com\\\/es\\\/\"},{\"@type\":\"ListItem\",\"position\":2,\"name\":\"Kit de Prensa\",\"item\":\"https:\\\/\\\/zenkit.com\\\/es\\\/kit-de-prensa\\\/\"},{\"@type\":\"ListItem\",\"position\":3,\"name\":\"Zenkit launches major list and collaboration updates to take on industry leaders\"}]},{\"@type\":\"WebSite\",\"@id\":\"https:\\\/\\\/zenkit.com\\\/es\\\/#website\",\"url\":\"https:\\\/\\\/zenkit.com\\\/es\\\/\",\"name\":\"Zenkit\",\"description\":\"Zenkit Tagline\",\"potentialAction\":[{\"@type\":\"SearchAction\",\"target\":{\"@type\":\"EntryPoint\",\"urlTemplate\":\"https:\\\/\\\/zenkit.com\\\/es\\\/?s={search_term_string}\"},\"query-input\":{\"@type\":\"PropertyValueSpecification\",\"valueRequired\":true,\"valueName\":\"search_term_string\"}}],\"inLanguage\":\"es\"},false]}<\/script>\n<!-- \/ Yoast SEO plugin. -->","yoast_head_json":{"title":"Zenkit Takes on Industry Leaders with List & Collaboration Updates | Zenkit","description":"With Zenkit, Axonic has successfully made a big step towards its overall aim of creating the first truly flexible project management platform.","robots":{"index":"index","follow":"follow","max-snippet":"max-snippet:-1","max-image-preview":"max-image-preview:large","max-video-preview":"max-video-preview:-1"},"canonical":"https:\/\/zenkit.com\/es\/kit-de-prensa\/zenkit-launches-major-list-and-collaboration-updates-to-take-on-industry-leaders\/","og_locale":"es_ES","og_type":"article","og_title":"Zenkit Takes on Industry Leaders with List & Collaboration Updates | Zenkit","og_description":"With Zenkit, Axonic has successfully made a big step towards its overall aim of creating the first truly flexible project management platform.","og_url":"https:\/\/zenkit.com\/es\/kit-de-prensa\/zenkit-launches-major-list-and-collaboration-updates-to-take-on-industry-leaders\/","og_site_name":"Zenkit","article_publisher":"https:\/\/www.facebook.com\/ZenkitHQ","article_modified_time":"2025-09-03T04:16:10+00:00","og_image":[{"url":"https:\/\/zenkit.com\/wp-content\/uploads\/2021\/01\/base-1024x538.jpg","type":"","width":"","height":""}],"twitter_card":"summary_large_image","twitter_site":"@ZenkitHQ","schema":{"@context":"https:\/\/schema.org","@graph":[{"@type":"WebPage","@id":"https:\/\/zenkit.com\/es\/kit-de-prensa\/zenkit-launches-major-list-and-collaboration-updates-to-take-on-industry-leaders\/","url":"https:\/\/zenkit.com\/es\/kit-de-prensa\/zenkit-launches-major-list-and-collaboration-updates-to-take-on-industry-leaders\/","name":"Zenkit Takes on Industry Leaders with List & Collaboration Updates | Zenkit","isPartOf":{"@id":"https:\/\/zenkit.com\/es\/#website"},"primaryImageOfPage":{"@id":"https:\/\/zenkit.com\/es\/kit-de-prensa\/zenkit-launches-major-list-and-collaboration-updates-to-take-on-industry-leaders\/#primaryimage"},"image":{"@id":"https:\/\/zenkit.com\/es\/kit-de-prensa\/zenkit-launches-major-list-and-collaboration-updates-to-take-on-industry-leaders\/#primaryimage"},"thumbnailUrl":"https:\/\/zenkit.com\/wp-content\/uploads\/2021\/01\/base-1024x538.jpg","datePublished":"2018-07-07T00:43:46+00:00","dateModified":"2025-09-03T04:16:10+00:00","description":"With Zenkit, Axonic has successfully made a big step towards its overall aim of creating the first truly flexible project management platform.","breadcrumb":{"@id":"https:\/\/zenkit.com\/es\/kit-de-prensa\/zenkit-launches-major-list-and-collaboration-updates-to-take-on-industry-leaders\/#breadcrumb"},"inLanguage":"es","potentialAction":[{"@type":"ReadAction","target":["https:\/\/zenkit.com\/es\/kit-de-prensa\/zenkit-launches-major-list-and-collaboration-updates-to-take-on-industry-leaders\/"]}]},{"@type":"ImageObject","inLanguage":"es","@id":"https:\/\/zenkit.com\/es\/kit-de-prensa\/zenkit-launches-major-list-and-collaboration-updates-to-take-on-industry-leaders\/#primaryimage","url":"https:\/\/zenkit.com\/wp-content\/uploads\/2021\/01\/base-1024x538.jpg","contentUrl":"https:\/\/zenkit.com\/wp-content\/uploads\/2021\/01\/base-1024x538.jpg"},{"@type":"BreadcrumbList","@id":"https:\/\/zenkit.com\/es\/kit-de-prensa\/zenkit-launches-major-list-and-collaboration-updates-to-take-on-industry-leaders\/#breadcrumb","itemListElement":[{"@type":"ListItem","position":1,"name":"Home","item":"https:\/\/zenkit.com\/es\/"},{"@type":"ListItem","position":2,"name":"Kit de Prensa","item":"https:\/\/zenkit.com\/es\/kit-de-prensa\/"},{"@type":"ListItem","position":3,"name":"Zenkit launches major list and collaboration updates to take on industry leaders"}]},{"@type":"WebSite","@id":"https:\/\/zenkit.com\/es\/#website","url":"https:\/\/zenkit.com\/es\/","name":"Zenkit","description":"Zenkit Tagline","potentialAction":[{"@type":"SearchAction","target":{"@type":"EntryPoint","urlTemplate":"https:\/\/zenkit.com\/es\/?s={search_term_string}"},"query-input":{"@type":"PropertyValueSpecification","valueRequired":true,"valueName":"search_term_string"}}],"inLanguage":"es"},false]}},"yasr_visitor_votes":{"stars_attributes":{"read_only":false,"span_bottom":false},"number_of_votes":0,"sum_votes":0},"_links":{"self":[{"href":"https:\/\/zenkit.com\/es\/wp-json\/wp\/v2\/pages\/73084","targetHints":{"allow":["GET"]}}],"collection":[{"href":"https:\/\/zenkit.com\/es\/wp-json\/wp\/v2\/pages"}],"about":[{"href":"https:\/\/zenkit.com\/es\/wp-json\/wp\/v2\/types\/page"}],"author":[{"embeddable":true,"href":"https:\/\/zenkit.com\/es\/wp-json\/wp\/v2\/users\/1"}],"replies":[{"embeddable":true,"href":"https:\/\/zenkit.com\/es\/wp-json\/wp\/v2\/comments?post=73084"}],"version-history":[{"count":3,"href":"https:\/\/zenkit.com\/es\/wp-json\/wp\/v2\/pages\/73084\/revisions"}],"predecessor-version":[{"id":133626,"href":"https:\/\/zenkit.com\/es\/wp-json\/wp\/v2\/pages\/73084\/revisions\/133626"}],"up":[{"embeddable":true,"href":"https:\/\/zenkit.com\/es\/wp-json\/wp\/v2\/pages\/61702"}],"wp:attachment":[{"href":"https:\/\/zenkit.com\/es\/wp-json\/wp\/v2\/media?parent=73084"}],"curies":[{"name":"wp","href":"https:\/\/api.w.org\/{rel}","templated":true}]}}