{"id":73720,"date":"2018-07-07T02:50:21","date_gmt":"2018-07-07T00:50:21","guid":{"rendered":"https:\/\/zenkit.com\/kit-de-prensa\/zenkit-launches-its-service-in-8-new-languages\/"},"modified":"2025-09-03T06:05:44","modified_gmt":"2025-09-03T04:05:44","slug":"zenkit-launches-its-service-in-8-new-languages","status":"publish","type":"page","link":"https:\/\/zenkit.com\/es\/kit-de-prensa\/zenkit-launches-its-service-in-8-new-languages\/","title":{"rendered":"Zenkit launches its service in 8 new languages"},"content":{"rendered":"\n<div class=\"wp-block-group has-global-padding is-layout-constrained wp-block-group-is-layout-constrained\">\n<div class=\"wp-block-group width--950 has-global-padding is-layout-constrained wp-block-group-is-layout-constrained\">\n<div style=\"height:45px;--tablet-height:45px;--mobile-height:16px\" class=\"wp-block-lookeen-blocks-responsive-spacer\"><\/div>\n\n\n\n<div class=\"wp-block-group has-global-padding is-layout-constrained wp-block-group-is-layout-constrained\">\n<h1 class=\"wp-block-heading has-text-align-center\" style=\"margin-bottom:8px\">Zenkit lanza su servicio en 8 nuevos idiomas<\/h1>\n<\/div>\n\n\n\n<div class=\"wp-block-group has-global-padding is-layout-constrained wp-block-group-is-layout-constrained\">\n<p class=\"has-text-align-center subheading\">La startup de gesti\u00f3n de proyectos se adapta a su comunidad global con la expansi\u00f3n del idioma<\/p>\n<\/div>\n\n\n\n<div style=\"height:48px;--tablet-height:36px;--mobile-height:24px\" class=\"wp-block-lookeen-blocks-responsive-spacer\"><\/div>\n\n\n\n<div class=\"wp-block-group has-global-padding is-layout-constrained wp-block-group-is-layout-constrained\">\n<p class=\"has-text-align-center press__headline has-text-color has-link-color wp-elements-56784bdbd004e9b7e865703e5c1a255a\" style=\"color:#939393;font-size:24px;font-style:normal;font-weight:700;line-height:1.5\">Jueves, 28 de Junio de 2018 \u2013 Karlsruhe, Alemania<\/p>\n<\/div>\n<\/div>\n\n\n\n<div style=\"height:88px;--tablet-height:72px;--mobile-height:40px\" class=\"wp-block-lookeen-blocks-responsive-spacer\"><\/div>\n<\/div>\n\n\n\n<div class=\"wp-block-group has-global-padding is-layout-constrained wp-block-group-is-layout-constrained\">\n<div class=\"wp-block-columns is-layout-flex wp-container-core-columns-is-layout-b8d659ec wp-block-columns-is-layout-flex\">\n<div class=\"wp-block-column is-layout-flow wp-block-column-is-layout-flow\">\n<p class=\"has-da-grey-2-color has-text-color has-link-color wp-elements-0b3bdf680465a636e6567b998925a1bb\">La startup alemana Zenkit est\u00e1 acercando la plataforma a sus usuarios al presentar sus servicios en ocho nuevos idiomas, con planes de lanzar cinco m\u00e1s en los pr\u00f3ximos meses.<\/p>\n\n\n\n<p class=\"has-da-grey-2-color has-text-color has-link-color wp-elements-d81c3f91fe2e06e62c80ff98c3a61f19\">Con una fuerte demanda de idiomas locales por parte de los usuarios, el equipo de Zenkit ha pasado la mayor parte del a\u00f1o en este lanzamiento. Un equipo de casi 30 traductores y correctores han estado trabajando para garantizar que los usuarios de todo el mundo se sientan como en casa trabajando en Zenkit.<\/p>\n<\/div>\n\n\n\n<div class=\"wp-block-column is-layout-flow wp-block-column-is-layout-flow\">\n<p class=\"has-da-grey-1-color has-text-color has-link-color wp-elements-07bdacf0105da4a57748fbc6894f038f\">Zenkit ha lanzado recientemente su complemento para Linux y planea lanzar otras caracter\u00edsticas como correo electr\u00f3nico a collection, tareas recurrentes y diagramas de Gantt a finales de este a\u00f1o. A largo plazo, Zenkit planea expandir la variedad de funciones empresariales disponibles en Zenkit para permitir que las empresas construyan herramientas personalizadas para operar sus empresas.<\/p>\n\n\n\n<p class=\"has-da-grey-1-color has-text-color has-link-color wp-elements-e483a38c43183839f55adfcdda82e07e\">Idiomas disponibles en esta versi\u00f3n: alem\u00e1n, espa\u00f1ol, italiano, portugu\u00e9s, ruso, franc\u00e9s, coreano y chino tradicional.<br>Pr\u00f3ximos: hindi, holand\u00e9s, japon\u00e9s, tailand\u00e9s y chino simplificado.<\/p>\n<\/div>\n<\/div>\n<\/div>\n\n\n\n<div style=\"height:45px;--tablet-height:45px;--mobile-height:16px\" class=\"wp-block-lookeen-blocks-responsive-spacer\"><\/div>\n\n\n\n<figure class=\"wp-block-image aligncenter size-large is-resized border-radius--20 overflow__hidden  box__shadow\"><img loading=\"lazy\" decoding=\"async\" width=\"1024\" height=\"538\" src=\"https:\/\/zenkit.com\/wp-content\/uploads\/2021\/01\/base-1024x538.jpg\" alt=\"\" class=\"wp-image-55221\" style=\"width:491px;height:auto\" srcset=\"https:\/\/zenkit.com\/wp-content\/uploads\/2021\/01\/base-1024x538.jpg 1024w, https:\/\/zenkit.com\/wp-content\/uploads\/2021\/01\/base-300x158.jpg 300w, https:\/\/zenkit.com\/wp-content\/uploads\/2021\/01\/base-768x403.jpg 768w, https:\/\/zenkit.com\/wp-content\/uploads\/2021\/01\/base.jpg 1200w\" sizes=\"auto, (max-width: 1024px) 100vw, 1024px\" \/><\/figure>\n\n\n\n<div style=\"height:88px;--tablet-height:72px;--mobile-height:40px\" class=\"wp-block-lookeen-blocks-responsive-spacer\"><\/div>\n\n\n\n<div class=\"wp-block-group has-global-padding is-layout-constrained wp-block-group-is-layout-constrained\">\n<div class=\"wp-block-group has-global-padding is-layout-constrained wp-container-core-group-is-layout-7cc94c3e wp-block-group-is-layout-constrained\">\n<div class=\"wp-block-group has-background has-global-padding is-layout-constrained wp-container-core-group-is-layout-8412c99a wp-block-group-is-layout-constrained\" style=\"border-radius:20px;background-color:#efefef;margin-bottom:24px;padding-top:20px;padding-right:20px;padding-bottom:20px;padding-left:20px\">\n<p class=\"has-da-grey-1-color has-text-color has-link-color wp-elements-9d8e33b3e568f30fd906a1e18b8b70f8\" style=\"font-size:14px\"><strong>El fundador y director ejecutivo de Zenkit, Martin Welker<\/strong>, se siente positivo sobre el beneficio para los usuarios. \u201cNuestro objetivo desde el principio ha sido que Zenkit sea el hogar de sus datos. Nuestro propio equipo es muy diverso y tenemos una base de usuarios cada vez mayor a nivel internacional, por lo que es un paso natural para nosotros ofrecer Zenkit en los idiomas nativos de nuestros usuarios.<\/p>\n\n\n\n<p class=\"has-da-grey-1-color has-text-color has-link-color wp-elements-4473198b52146686ad47c2bacc9525a1\" style=\"font-size:14px\">\u201cInicialmente lanzamos Zenkit en ingl\u00e9s, ya que es un idioma que muchas personas en todo el mundo pueden entender y trabajar. Sin embargo, es mucho m\u00e1s f\u00e1cil trabajar productivamente en su propio idioma, raz\u00f3n por la cual decidimos localizar Zenkit en una etapa tan temprana. Esto tambi\u00e9n ha sido un punto doloroso para muchos de nuestros usuarios alemanes, quienes (con raz\u00f3n) se\u00f1alaron que una empresa con sede en Alemania deber\u00eda admitir el idioma alem\u00e1n. Estamos contentos de que finalmente podamos acomodarlos\u201d.<\/p>\n<\/div>\n\n\n\n<div style=\"height:88px;--tablet-height:72px;--mobile-height:40px\" class=\"wp-block-lookeen-blocks-responsive-spacer\"><\/div>\n\n\n\n<h3 class=\"wp-block-heading has-text-align-center\" style=\"margin-bottom:8px;font-style:normal;font-weight:700\">Acerca de Zenkit<\/h3>\n\n\n\n<p class=\"has-text-align-center has-da-grey-2-color has-text-color has-link-color wp-elements-f729b7051696d8619aa74af2bdd8c868\">Zenkit es una startup formada bajo Axonic GmbH. La plataforma de creaci\u00f3n de bases de datos y gesti\u00f3n de proyectos SaaS se lanz\u00f3 en octubre de 2016.<\/p>\n<\/div>\n<\/div>\n\n\n\n<div style=\"height:110px;--tablet-height:60px;--mobile-height:48px\" class=\"wp-block-lookeen-blocks-responsive-spacer\"><\/div>\n","protected":false},"excerpt":{"rendered":"<p>Zenkit lanza su servicio en 8 nuevos idiomas La startup de gesti\u00f3n de proyectos se adapta a su comunidad global con la expansi\u00f3n del idioma Jueves, 28 de Junio de 2018 \u2013 Karlsruhe, Alemania La startup alemana Zenkit est\u00e1 acercando la plataforma a sus usuarios al presentar sus servicios en ocho nuevos idiomas, con planes [&hellip;]<\/p>\n","protected":false},"author":30,"featured_media":0,"parent":61702,"menu_order":1,"comment_status":"closed","ping_status":"closed","template":"","meta":{"yasr_overall_rating":0,"yasr_post_is_review":"","yasr_auto_insert_disabled":"","yasr_review_type":"","footnotes":""},"class_list":["post-73720","page","type-page","status-publish","hentry"],"yoast_head":"<!-- This site is optimized with the Yoast SEO plugin v27.3 - https:\/\/yoast.com\/product\/yoast-seo-wordpress\/ -->\n<title>Zenkit launches its service in 8 new languages | Zenkit<\/title>\n<meta name=\"description\" content=\"As of June 28th, 2018, Zenkit is available in 8 new languages: German, Spanish, Italian, Portuguese, Russian, French, Korean, and Traditional Chinese.\" \/>\n<meta name=\"robots\" content=\"index, follow, max-snippet:-1, max-image-preview:large, max-video-preview:-1\" \/>\n<link rel=\"canonical\" href=\"https:\/\/zenkit.com\/es\/kit-de-prensa\/zenkit-launches-its-service-in-8-new-languages\/\" \/>\n<meta property=\"og:locale\" content=\"es_ES\" \/>\n<meta property=\"og:type\" content=\"article\" \/>\n<meta property=\"og:title\" content=\"Zenkit launches its service in 8 new languages | Zenkit\" \/>\n<meta property=\"og:description\" content=\"As of June 28th, 2018, Zenkit is available in 8 new languages: German, Spanish, Italian, Portuguese, Russian, French, Korean, and Traditional Chinese.\" \/>\n<meta property=\"og:url\" content=\"https:\/\/zenkit.com\/es\/kit-de-prensa\/zenkit-launches-its-service-in-8-new-languages\/\" \/>\n<meta property=\"og:site_name\" content=\"Zenkit\" \/>\n<meta property=\"article:publisher\" content=\"https:\/\/www.facebook.com\/ZenkitHQ\" \/>\n<meta property=\"article:modified_time\" content=\"2025-09-03T04:05:44+00:00\" \/>\n<meta property=\"og:image\" content=\"https:\/\/zenkit.com\/wp-content\/uploads\/2021\/01\/base-1024x538.jpg\" \/>\n<meta name=\"twitter:card\" content=\"summary_large_image\" \/>\n<meta name=\"twitter:site\" content=\"@ZenkitHQ\" \/>\n<meta name=\"twitter:label1\" content=\"Tiempo de lectura\" \/>\n\t<meta name=\"twitter:data1\" content=\"2 minutos\" \/>\n<script type=\"application\/ld+json\" class=\"yoast-schema-graph\">{\"@context\":\"https:\\\/\\\/schema.org\",\"@graph\":[{\"@type\":\"WebPage\",\"@id\":\"https:\\\/\\\/zenkit.com\\\/es\\\/kit-de-prensa\\\/zenkit-launches-its-service-in-8-new-languages\\\/\",\"url\":\"https:\\\/\\\/zenkit.com\\\/es\\\/kit-de-prensa\\\/zenkit-launches-its-service-in-8-new-languages\\\/\",\"name\":\"Zenkit launches its service in 8 new languages | Zenkit\",\"isPartOf\":{\"@id\":\"https:\\\/\\\/zenkit.com\\\/es\\\/#website\"},\"primaryImageOfPage\":{\"@id\":\"https:\\\/\\\/zenkit.com\\\/es\\\/kit-de-prensa\\\/zenkit-launches-its-service-in-8-new-languages\\\/#primaryimage\"},\"image\":{\"@id\":\"https:\\\/\\\/zenkit.com\\\/es\\\/kit-de-prensa\\\/zenkit-launches-its-service-in-8-new-languages\\\/#primaryimage\"},\"thumbnailUrl\":\"https:\\\/\\\/zenkit.com\\\/wp-content\\\/uploads\\\/2021\\\/01\\\/base-1024x538.jpg\",\"datePublished\":\"2018-07-07T00:50:21+00:00\",\"dateModified\":\"2025-09-03T04:05:44+00:00\",\"description\":\"As of June 28th, 2018, Zenkit is available in 8 new languages: German, Spanish, Italian, Portuguese, Russian, French, Korean, and Traditional Chinese.\",\"breadcrumb\":{\"@id\":\"https:\\\/\\\/zenkit.com\\\/es\\\/kit-de-prensa\\\/zenkit-launches-its-service-in-8-new-languages\\\/#breadcrumb\"},\"inLanguage\":\"es\",\"potentialAction\":[{\"@type\":\"ReadAction\",\"target\":[\"https:\\\/\\\/zenkit.com\\\/es\\\/kit-de-prensa\\\/zenkit-launches-its-service-in-8-new-languages\\\/\"]}]},{\"@type\":\"ImageObject\",\"inLanguage\":\"es\",\"@id\":\"https:\\\/\\\/zenkit.com\\\/es\\\/kit-de-prensa\\\/zenkit-launches-its-service-in-8-new-languages\\\/#primaryimage\",\"url\":\"https:\\\/\\\/zenkit.com\\\/wp-content\\\/uploads\\\/2021\\\/01\\\/base-1024x538.jpg\",\"contentUrl\":\"https:\\\/\\\/zenkit.com\\\/wp-content\\\/uploads\\\/2021\\\/01\\\/base-1024x538.jpg\"},{\"@type\":\"BreadcrumbList\",\"@id\":\"https:\\\/\\\/zenkit.com\\\/es\\\/kit-de-prensa\\\/zenkit-launches-its-service-in-8-new-languages\\\/#breadcrumb\",\"itemListElement\":[{\"@type\":\"ListItem\",\"position\":1,\"name\":\"Home\",\"item\":\"https:\\\/\\\/zenkit.com\\\/es\\\/\"},{\"@type\":\"ListItem\",\"position\":2,\"name\":\"Kit de Prensa\",\"item\":\"https:\\\/\\\/zenkit.com\\\/es\\\/kit-de-prensa\\\/\"},{\"@type\":\"ListItem\",\"position\":3,\"name\":\"Zenkit launches its service in 8 new languages\"}]},{\"@type\":\"WebSite\",\"@id\":\"https:\\\/\\\/zenkit.com\\\/es\\\/#website\",\"url\":\"https:\\\/\\\/zenkit.com\\\/es\\\/\",\"name\":\"Zenkit\",\"description\":\"Zenkit Tagline\",\"potentialAction\":[{\"@type\":\"SearchAction\",\"target\":{\"@type\":\"EntryPoint\",\"urlTemplate\":\"https:\\\/\\\/zenkit.com\\\/es\\\/?s={search_term_string}\"},\"query-input\":{\"@type\":\"PropertyValueSpecification\",\"valueRequired\":true,\"valueName\":\"search_term_string\"}}],\"inLanguage\":\"es\"},false]}<\/script>\n<!-- \/ Yoast SEO plugin. -->","yoast_head_json":{"title":"Zenkit launches its service in 8 new languages | Zenkit","description":"As of June 28th, 2018, Zenkit is available in 8 new languages: German, Spanish, Italian, Portuguese, Russian, French, Korean, and Traditional Chinese.","robots":{"index":"index","follow":"follow","max-snippet":"max-snippet:-1","max-image-preview":"max-image-preview:large","max-video-preview":"max-video-preview:-1"},"canonical":"https:\/\/zenkit.com\/es\/kit-de-prensa\/zenkit-launches-its-service-in-8-new-languages\/","og_locale":"es_ES","og_type":"article","og_title":"Zenkit launches its service in 8 new languages | Zenkit","og_description":"As of June 28th, 2018, Zenkit is available in 8 new languages: German, Spanish, Italian, Portuguese, Russian, French, Korean, and Traditional Chinese.","og_url":"https:\/\/zenkit.com\/es\/kit-de-prensa\/zenkit-launches-its-service-in-8-new-languages\/","og_site_name":"Zenkit","article_publisher":"https:\/\/www.facebook.com\/ZenkitHQ","article_modified_time":"2025-09-03T04:05:44+00:00","og_image":[{"url":"https:\/\/zenkit.com\/wp-content\/uploads\/2021\/01\/base-1024x538.jpg","type":"","width":"","height":""}],"twitter_card":"summary_large_image","twitter_site":"@ZenkitHQ","twitter_misc":{"Tiempo de lectura":"2 minutos"},"schema":{"@context":"https:\/\/schema.org","@graph":[{"@type":"WebPage","@id":"https:\/\/zenkit.com\/es\/kit-de-prensa\/zenkit-launches-its-service-in-8-new-languages\/","url":"https:\/\/zenkit.com\/es\/kit-de-prensa\/zenkit-launches-its-service-in-8-new-languages\/","name":"Zenkit launches its service in 8 new languages | Zenkit","isPartOf":{"@id":"https:\/\/zenkit.com\/es\/#website"},"primaryImageOfPage":{"@id":"https:\/\/zenkit.com\/es\/kit-de-prensa\/zenkit-launches-its-service-in-8-new-languages\/#primaryimage"},"image":{"@id":"https:\/\/zenkit.com\/es\/kit-de-prensa\/zenkit-launches-its-service-in-8-new-languages\/#primaryimage"},"thumbnailUrl":"https:\/\/zenkit.com\/wp-content\/uploads\/2021\/01\/base-1024x538.jpg","datePublished":"2018-07-07T00:50:21+00:00","dateModified":"2025-09-03T04:05:44+00:00","description":"As of June 28th, 2018, Zenkit is available in 8 new languages: German, Spanish, Italian, Portuguese, Russian, French, Korean, and Traditional Chinese.","breadcrumb":{"@id":"https:\/\/zenkit.com\/es\/kit-de-prensa\/zenkit-launches-its-service-in-8-new-languages\/#breadcrumb"},"inLanguage":"es","potentialAction":[{"@type":"ReadAction","target":["https:\/\/zenkit.com\/es\/kit-de-prensa\/zenkit-launches-its-service-in-8-new-languages\/"]}]},{"@type":"ImageObject","inLanguage":"es","@id":"https:\/\/zenkit.com\/es\/kit-de-prensa\/zenkit-launches-its-service-in-8-new-languages\/#primaryimage","url":"https:\/\/zenkit.com\/wp-content\/uploads\/2021\/01\/base-1024x538.jpg","contentUrl":"https:\/\/zenkit.com\/wp-content\/uploads\/2021\/01\/base-1024x538.jpg"},{"@type":"BreadcrumbList","@id":"https:\/\/zenkit.com\/es\/kit-de-prensa\/zenkit-launches-its-service-in-8-new-languages\/#breadcrumb","itemListElement":[{"@type":"ListItem","position":1,"name":"Home","item":"https:\/\/zenkit.com\/es\/"},{"@type":"ListItem","position":2,"name":"Kit de Prensa","item":"https:\/\/zenkit.com\/es\/kit-de-prensa\/"},{"@type":"ListItem","position":3,"name":"Zenkit launches its service in 8 new languages"}]},{"@type":"WebSite","@id":"https:\/\/zenkit.com\/es\/#website","url":"https:\/\/zenkit.com\/es\/","name":"Zenkit","description":"Zenkit Tagline","potentialAction":[{"@type":"SearchAction","target":{"@type":"EntryPoint","urlTemplate":"https:\/\/zenkit.com\/es\/?s={search_term_string}"},"query-input":{"@type":"PropertyValueSpecification","valueRequired":true,"valueName":"search_term_string"}}],"inLanguage":"es"},false]}},"yasr_visitor_votes":{"stars_attributes":{"read_only":false,"span_bottom":false},"number_of_votes":0,"sum_votes":0},"_links":{"self":[{"href":"https:\/\/zenkit.com\/es\/wp-json\/wp\/v2\/pages\/73720","targetHints":{"allow":["GET"]}}],"collection":[{"href":"https:\/\/zenkit.com\/es\/wp-json\/wp\/v2\/pages"}],"about":[{"href":"https:\/\/zenkit.com\/es\/wp-json\/wp\/v2\/types\/page"}],"author":[{"embeddable":true,"href":"https:\/\/zenkit.com\/es\/wp-json\/wp\/v2\/users\/30"}],"replies":[{"embeddable":true,"href":"https:\/\/zenkit.com\/es\/wp-json\/wp\/v2\/comments?post=73720"}],"version-history":[{"count":5,"href":"https:\/\/zenkit.com\/es\/wp-json\/wp\/v2\/pages\/73720\/revisions"}],"predecessor-version":[{"id":133605,"href":"https:\/\/zenkit.com\/es\/wp-json\/wp\/v2\/pages\/73720\/revisions\/133605"}],"up":[{"embeddable":true,"href":"https:\/\/zenkit.com\/es\/wp-json\/wp\/v2\/pages\/61702"}],"wp:attachment":[{"href":"https:\/\/zenkit.com\/es\/wp-json\/wp\/v2\/media?parent=73720"}],"curies":[{"name":"wp","href":"https:\/\/api.w.org\/{rel}","templated":true}]}}