{"id":73735,"date":"2022-04-08T14:01:52","date_gmt":"2022-04-08T12:01:52","guid":{"rendered":"https:\/\/zenkit.com\/kit-de-prensa\/zenkit-projects-press-release\/"},"modified":"2025-09-08T19:30:40","modified_gmt":"2025-09-08T17:30:40","slug":"zenkit-projects-press-release","status":"publish","type":"page","link":"https:\/\/zenkit.com\/es\/kit-de-prensa\/zenkit-projects-press-release\/","title":{"rendered":"Zenkit Press Release"},"content":{"rendered":"\n<div class=\"wp-block-group has-global-padding is-layout-constrained wp-block-group-is-layout-constrained\">\n<div class=\"wp-block-group width--950 has-global-padding is-layout-constrained wp-block-group-is-layout-constrained\">\n<div style=\"height:45px;--tablet-height:45px;--mobile-height:16px\" class=\"wp-block-lookeen-blocks-responsive-spacer\"><\/div>\n\n\n\n<div class=\"wp-block-group has-global-padding is-layout-constrained wp-block-group-is-layout-constrained\">\n<h1 class=\"wp-block-heading has-text-align-center\" style=\"margin-bottom:8px\">Zenkit presenta \u00abProjects\u00bb, una nueva herramienta integral de gesti\u00f3n de tareas para empresas<\/h1>\n<\/div>\n\n\n\n<div class=\"wp-block-group has-global-padding is-layout-constrained wp-block-group-is-layout-constrained\">\n<p class=\"has-text-align-center subheading\">Aplicaci\u00f3n de gesti\u00f3n de proyectos innovadora y altamente personalizable agregada a Zenkit Suite<\/p>\n<\/div>\n\n\n\n<div style=\"height:48px;--tablet-height:36px;--mobile-height:24px\" class=\"wp-block-lookeen-blocks-responsive-spacer\"><\/div>\n\n\n\n<div class=\"wp-block-group has-global-padding is-layout-constrained wp-block-group-is-layout-constrained\">\n<p class=\"has-text-align-center press__headline has-text-color has-link-color wp-elements-465a00bf1c2b0e6bbe90604567d2cc42\" style=\"color:#939393;font-size:24px;font-style:normal;font-weight:700;line-height:1.5\">8 de Agosto de 2021 \u2013 Karlsruhe, Alemania<\/p>\n<\/div>\n<\/div>\n\n\n\n<div style=\"height:88px;--tablet-height:72px;--mobile-height:40px\" class=\"wp-block-lookeen-blocks-responsive-spacer\"><\/div>\n<\/div>\n\n\n\n<div class=\"wp-block-group has-global-padding is-layout-constrained wp-block-group-is-layout-constrained\">\n<div class=\"wp-block-columns is-layout-flex wp-container-core-columns-is-layout-b8d659ec wp-block-columns-is-layout-flex\">\n<div class=\"wp-block-column is-layout-flow wp-block-column-is-layout-flow\">\n<p class=\"has-da-grey-2-color has-text-color has-link-color wp-elements-b0a67a6c15b044c912557f09d777b1cc\">Axonic, el fabricante detr\u00e1s del conjunto de aplicaciones de tareas y chat de Zenkit, anuncia hoy el lanzamiento de \u00abProjects\u00bb, el quinto producto que se une a la creciente lista de otras herramientas populares de productividad y colaboraci\u00f3n utilizadas por consumidores y empresas. \u00abProjects\u00bb proporciona equipos y lugares de trabajo conectados con un conjunto completo de caracter\u00edsticas que ayudan a administrar y ahorrar tiempo, cumplir con los plazos y delegar as\u00ed como realizar un seguimiento de las tareas para cumplir con el cronograma y evitar perder trabajo e informaci\u00f3n.<\/p>\n\n\n\n<p class=\"has-da-grey-2-color has-text-color has-link-color wp-elements-37784d015d9e3f86378eb6d2d7e52b86\">Sobre la base de Zenkit Base, la primera de las aplicaciones de Axonic que proporciona una plataforma de transformaci\u00f3n digital, \u00abProjects\u00bb est\u00e1 ayudando a los lugares de trabajo a evitar los silos y la comunicaci\u00f3n interdepartamental que impide la colaboraci\u00f3n necesaria para que las empresas realmente prosperen. \u00abProjects\u00bb es un software dise\u00f1ado exclusivamente para mejorar la gesti\u00f3n de proyectos. Los usuarios pueden personalizar sus paneles y administrar proyectos utilizando una variedad de metodolog\u00edas, ya sea Agile, Kanban o Waterfall, as\u00ed como cambiar r\u00e1pidamente entre ellas en cualquier momento. Est\u00e1 dise\u00f1ado para ser f\u00e1cil de usar, con potentes funciones de vanguardia que permiten a los usuarios analizar y mejorar r\u00e1pidamente proyectos y procesos, y concentrarse en terminar tareas importantes.<\/p>\n<\/div>\n\n\n\n<div class=\"wp-block-column is-layout-flow wp-block-column-is-layout-flow\">\n<p class=\"has-da-grey-1-color has-text-color has-link-color wp-elements-fac238f1da75a097ec2acd1cd6c54885\">\u201cEn los 5 a\u00f1os desde que lanzamos Zenkit, hemos tenido el privilegio de aprender mucho sobre gesti\u00f3n de proyectos. Estamos orgullosos de decir que Projects es el compromiso perfecto entre simplicidad y funcionalidad\u201d, dice Martin Welker, director ejecutivo de Axonic. \u00abProjects\u00bb se cre\u00f3 para ofrecer funcionalidades profesionales de alto nivel, pero tambi\u00e9n una experiencia liviana para ayudar a que la entrega de proyectos sea m\u00e1s fluida. Los equipos obtendr\u00e1n una mejor visi\u00f3n general del rendimiento en m\u00faltiples proyectos si ejecutan varias iniciativas a la vez, para la planificaci\u00f3n, ejecuci\u00f3n y cumplimiento de objetivos e hitos comerciales\u201d.<\/p>\n<\/div>\n<\/div>\n\n\n\n<div style=\"height:88px;--tablet-height:72px;--mobile-height:40px\" class=\"wp-block-lookeen-blocks-responsive-spacer\"><\/div>\n<\/div>\n\n\n\n<div class=\"wp-block-group has-global-padding is-layout-constrained wp-block-group-is-layout-constrained\">\n<div style=\"height:45px;--tablet-height:45px;--mobile-height:16px\" class=\"wp-block-lookeen-blocks-responsive-spacer\"><\/div>\n\n\n\n<h2 class=\"wp-block-heading has-text-align-center\" style=\"margin-bottom:0px\"><strong>Projects viene con caracter\u00edsticas y mejoras \u00fanicas que incluyen:<\/strong><\/h2>\n\n\n\n<div style=\"height:48px;--tablet-height:36px;--mobile-height:24px\" class=\"wp-block-lookeen-blocks-responsive-spacer\"><\/div>\n\n\n\n<div class=\"wp-block-group has-global-padding is-layout-constrained wp-block-group-is-layout-constrained\">\n<div class=\"wp-block-columns is-layout-flex wp-container-core-columns-is-layout-28f84493 wp-block-columns-is-layout-flex\">\n<div class=\"wp-block-column is-layout-flow wp-block-column-is-layout-flow\">\n<ul class=\"wp-block-list list__with-checkmark-blue-and-underline\">\n<li>Un tablero din\u00e1mico que muestra las tareas personales y de equipo y el progreso de todos los proyectos.<\/li>\n\n\n\n<li>Vistas inteligentes globales: tablero Kanban, lista de tareas, vistas de calendario y agendas diarias y semanales<\/li>\n\n\n\n<li>Un planificador de recursos global para administrar cargas de trabajo entre proyectos.<\/li>\n\n\n\n<li>Planificaci\u00f3n y gesti\u00f3n de recursos en diagramas de Gantt.<\/li>\n<\/ul>\n<\/div>\n\n\n\n<div class=\"wp-block-column is-layout-flow wp-block-column-is-layout-flow\">\n<ul class=\"wp-block-list list__with-checkmark-blue-and-underline\">\n<li>Agrupaci\u00f3n, clasificaci\u00f3n y filtrado en vistas e informes globales.<\/li>\n\n\n\n<li>Informes personalizados con m\u00e1s de 720 opciones de configuraci\u00f3n diferentes.<\/li>\n\n\n\n<li>M\u00faltiples formas de trabajar en proyectos, incluidas las vistas de Gantt, Kanban, calendario y jerarqu\u00eda.<\/li>\n<\/ul>\n<\/div>\n<\/div>\n<\/div>\n\n\n\n<div style=\"height:88px;--tablet-height:72px;--mobile-height:40px\" class=\"wp-block-lookeen-blocks-responsive-spacer\"><\/div>\n\n\n\n<div class=\"wp-block-group has-global-padding is-layout-constrained wp-container-core-group-is-layout-7cc94c3e wp-block-group-is-layout-constrained\">\n<div class=\"wp-block-group has-global-padding is-layout-constrained wp-block-group-is-layout-constrained\">\n<p class=\"has-text-align-center has-da-grey-2-color has-text-color has-link-color wp-elements-8e6ec120d652c1c82d364f0479707437\">Al igual que con todos los productos de Zenkit Suite, \u00abProyectos\u00bb est\u00e1 listo para la empresa y cumple con GDPR. Para obtener m\u00e1s informaci\u00f3n sobre Proyectos, visite&nbsp;<a href=\"https:\/\/zenkit.com\/es\/projects\/\" target=\"_blank\" rel=\"noreferrer noopener\">https:\/\/zenkit.com\/projects<\/a>. Para usar la aplicaci\u00f3n projects, visite:&nbsp;<a href=\"https:\/\/projects.zenkit.com\/\" target=\"_blank\" rel=\"noreferrer noopener\">web<\/a>, o descargue en&nbsp;<a href=\"https:\/\/apps.apple.com\/app\/id1575193611\" target=\"_blank\" rel=\"noreferrer noopener\">iOS<\/a>,&nbsp;<a href=\"https:\/\/play.google.com\/store\/apps\/details?id=com.zenkit.projects\" target=\"_blank\" rel=\"noreferrer noopener\">Android<\/a>,&nbsp;<a href=\"https:\/\/zenkit.com\/projects\/platforms\/\" target=\"_blank\" rel=\"noreferrer noopener\">Mac, Windows, or Linux<\/a>&nbsp;despu\u00e9s del lanzamiento.<\/p>\n<\/div>\n<\/div>\n<\/div>\n\n\n\n<div style=\"height:110px;--tablet-height:60px;--mobile-height:48px\" class=\"wp-block-lookeen-blocks-responsive-spacer\"><\/div>\n","protected":false},"excerpt":{"rendered":"<p>Zenkit presenta \u00abProjects\u00bb, una nueva herramienta integral de gesti\u00f3n de tareas para empresas Aplicaci\u00f3n de gesti\u00f3n de proyectos innovadora y altamente personalizable agregada a Zenkit Suite 8 de Agosto de 2021 \u2013 Karlsruhe, Alemania Axonic, el fabricante detr\u00e1s del conjunto de aplicaciones de tareas y chat de Zenkit, anuncia hoy el lanzamiento de \u00abProjects\u00bb, el [&hellip;]<\/p>\n","protected":false},"author":30,"featured_media":0,"parent":61702,"menu_order":2,"comment_status":"closed","ping_status":"closed","template":"","meta":{"yasr_overall_rating":0,"yasr_post_is_review":"","yasr_auto_insert_disabled":"","yasr_review_type":"","footnotes":""},"class_list":["post-73735","page","type-page","status-publish","hentry"],"yoast_head":"<!-- This site is optimized with the Yoast SEO plugin v27.4 - https:\/\/yoast.com\/product\/yoast-seo-wordpress\/ -->\n<title>Zenkit Press Release | Zenkit<\/title>\n<meta name=\"robots\" content=\"index, follow, max-snippet:-1, max-image-preview:large, max-video-preview:-1\" \/>\n<link rel=\"canonical\" href=\"https:\/\/zenkit.com\/es\/kit-de-prensa\/zenkit-projects-press-release\/\" \/>\n<meta property=\"og:locale\" content=\"es_ES\" \/>\n<meta property=\"og:type\" content=\"article\" \/>\n<meta property=\"og:title\" content=\"Zenkit Press Release | Zenkit\" \/>\n<meta property=\"og:description\" content=\"Zenkit presenta \u00abProjects\u00bb, una nueva herramienta integral de gesti\u00f3n de tareas para empresas Aplicaci\u00f3n de gesti\u00f3n de proyectos innovadora y altamente personalizable agregada a Zenkit Suite 8 de Agosto de 2021 \u2013 Karlsruhe, Alemania Axonic, el fabricante detr\u00e1s del conjunto de aplicaciones de tareas y chat de Zenkit, anuncia hoy el lanzamiento de \u00abProjects\u00bb, el [&hellip;]\" \/>\n<meta property=\"og:url\" content=\"https:\/\/zenkit.com\/es\/kit-de-prensa\/zenkit-projects-press-release\/\" \/>\n<meta property=\"og:site_name\" content=\"Zenkit\" \/>\n<meta property=\"article:publisher\" content=\"https:\/\/www.facebook.com\/ZenkitHQ\" \/>\n<meta property=\"article:modified_time\" content=\"2025-09-08T17:30:40+00:00\" \/>\n<meta name=\"twitter:card\" content=\"summary_large_image\" \/>\n<meta name=\"twitter:site\" content=\"@ZenkitHQ\" \/>\n<meta name=\"twitter:label1\" content=\"Tiempo de lectura\" \/>\n\t<meta name=\"twitter:data1\" content=\"3 minutos\" \/>\n<script type=\"application\/ld+json\" class=\"yoast-schema-graph\">{\"@context\":\"https:\\\/\\\/schema.org\",\"@graph\":[{\"@type\":\"WebPage\",\"@id\":\"https:\\\/\\\/zenkit.com\\\/es\\\/kit-de-prensa\\\/zenkit-projects-press-release\\\/\",\"url\":\"https:\\\/\\\/zenkit.com\\\/es\\\/kit-de-prensa\\\/zenkit-projects-press-release\\\/\",\"name\":\"Zenkit Press Release | Zenkit\",\"isPartOf\":{\"@id\":\"https:\\\/\\\/zenkit.com\\\/es\\\/#website\"},\"datePublished\":\"2022-04-08T12:01:52+00:00\",\"dateModified\":\"2025-09-08T17:30:40+00:00\",\"breadcrumb\":{\"@id\":\"https:\\\/\\\/zenkit.com\\\/es\\\/kit-de-prensa\\\/zenkit-projects-press-release\\\/#breadcrumb\"},\"inLanguage\":\"es\",\"potentialAction\":[{\"@type\":\"ReadAction\",\"target\":[\"https:\\\/\\\/zenkit.com\\\/es\\\/kit-de-prensa\\\/zenkit-projects-press-release\\\/\"]}]},{\"@type\":\"BreadcrumbList\",\"@id\":\"https:\\\/\\\/zenkit.com\\\/es\\\/kit-de-prensa\\\/zenkit-projects-press-release\\\/#breadcrumb\",\"itemListElement\":[{\"@type\":\"ListItem\",\"position\":1,\"name\":\"Home\",\"item\":\"https:\\\/\\\/zenkit.com\\\/es\\\/\"},{\"@type\":\"ListItem\",\"position\":2,\"name\":\"Kit de Prensa\",\"item\":\"https:\\\/\\\/zenkit.com\\\/es\\\/kit-de-prensa\\\/\"},{\"@type\":\"ListItem\",\"position\":3,\"name\":\"Zenkit Projects Press Release\"}]},{\"@type\":\"WebSite\",\"@id\":\"https:\\\/\\\/zenkit.com\\\/es\\\/#website\",\"url\":\"https:\\\/\\\/zenkit.com\\\/es\\\/\",\"name\":\"Zenkit\",\"description\":\"Zenkit Tagline\",\"potentialAction\":[{\"@type\":\"SearchAction\",\"target\":{\"@type\":\"EntryPoint\",\"urlTemplate\":\"https:\\\/\\\/zenkit.com\\\/es\\\/?s={search_term_string}\"},\"query-input\":{\"@type\":\"PropertyValueSpecification\",\"valueRequired\":true,\"valueName\":\"search_term_string\"}}],\"inLanguage\":\"es\"},false]}<\/script>\n<!-- \/ Yoast SEO plugin. -->","yoast_head_json":{"title":"Zenkit Press Release | Zenkit","robots":{"index":"index","follow":"follow","max-snippet":"max-snippet:-1","max-image-preview":"max-image-preview:large","max-video-preview":"max-video-preview:-1"},"canonical":"https:\/\/zenkit.com\/es\/kit-de-prensa\/zenkit-projects-press-release\/","og_locale":"es_ES","og_type":"article","og_title":"Zenkit Press Release | Zenkit","og_description":"Zenkit presenta \u00abProjects\u00bb, una nueva herramienta integral de gesti\u00f3n de tareas para empresas Aplicaci\u00f3n de gesti\u00f3n de proyectos innovadora y altamente personalizable agregada a Zenkit Suite 8 de Agosto de 2021 \u2013 Karlsruhe, Alemania Axonic, el fabricante detr\u00e1s del conjunto de aplicaciones de tareas y chat de Zenkit, anuncia hoy el lanzamiento de \u00abProjects\u00bb, el [&hellip;]","og_url":"https:\/\/zenkit.com\/es\/kit-de-prensa\/zenkit-projects-press-release\/","og_site_name":"Zenkit","article_publisher":"https:\/\/www.facebook.com\/ZenkitHQ","article_modified_time":"2025-09-08T17:30:40+00:00","twitter_card":"summary_large_image","twitter_site":"@ZenkitHQ","twitter_misc":{"Tiempo de lectura":"3 minutos"},"schema":{"@context":"https:\/\/schema.org","@graph":[{"@type":"WebPage","@id":"https:\/\/zenkit.com\/es\/kit-de-prensa\/zenkit-projects-press-release\/","url":"https:\/\/zenkit.com\/es\/kit-de-prensa\/zenkit-projects-press-release\/","name":"Zenkit Press Release | Zenkit","isPartOf":{"@id":"https:\/\/zenkit.com\/es\/#website"},"datePublished":"2022-04-08T12:01:52+00:00","dateModified":"2025-09-08T17:30:40+00:00","breadcrumb":{"@id":"https:\/\/zenkit.com\/es\/kit-de-prensa\/zenkit-projects-press-release\/#breadcrumb"},"inLanguage":"es","potentialAction":[{"@type":"ReadAction","target":["https:\/\/zenkit.com\/es\/kit-de-prensa\/zenkit-projects-press-release\/"]}]},{"@type":"BreadcrumbList","@id":"https:\/\/zenkit.com\/es\/kit-de-prensa\/zenkit-projects-press-release\/#breadcrumb","itemListElement":[{"@type":"ListItem","position":1,"name":"Home","item":"https:\/\/zenkit.com\/es\/"},{"@type":"ListItem","position":2,"name":"Kit de Prensa","item":"https:\/\/zenkit.com\/es\/kit-de-prensa\/"},{"@type":"ListItem","position":3,"name":"Zenkit Projects Press Release"}]},{"@type":"WebSite","@id":"https:\/\/zenkit.com\/es\/#website","url":"https:\/\/zenkit.com\/es\/","name":"Zenkit","description":"Zenkit Tagline","potentialAction":[{"@type":"SearchAction","target":{"@type":"EntryPoint","urlTemplate":"https:\/\/zenkit.com\/es\/?s={search_term_string}"},"query-input":{"@type":"PropertyValueSpecification","valueRequired":true,"valueName":"search_term_string"}}],"inLanguage":"es"},false]}},"yasr_visitor_votes":{"stars_attributes":{"read_only":false,"span_bottom":false},"number_of_votes":0,"sum_votes":0},"_links":{"self":[{"href":"https:\/\/zenkit.com\/es\/wp-json\/wp\/v2\/pages\/73735","targetHints":{"allow":["GET"]}}],"collection":[{"href":"https:\/\/zenkit.com\/es\/wp-json\/wp\/v2\/pages"}],"about":[{"href":"https:\/\/zenkit.com\/es\/wp-json\/wp\/v2\/types\/page"}],"author":[{"embeddable":true,"href":"https:\/\/zenkit.com\/es\/wp-json\/wp\/v2\/users\/30"}],"replies":[{"embeddable":true,"href":"https:\/\/zenkit.com\/es\/wp-json\/wp\/v2\/comments?post=73735"}],"version-history":[{"count":4,"href":"https:\/\/zenkit.com\/es\/wp-json\/wp\/v2\/pages\/73735\/revisions"}],"predecessor-version":[{"id":138833,"href":"https:\/\/zenkit.com\/es\/wp-json\/wp\/v2\/pages\/73735\/revisions\/138833"}],"up":[{"embeddable":true,"href":"https:\/\/zenkit.com\/es\/wp-json\/wp\/v2\/pages\/61702"}],"wp:attachment":[{"href":"https:\/\/zenkit.com\/es\/wp-json\/wp\/v2\/media?parent=73735"}],"curies":[{"name":"wp","href":"https:\/\/api.w.org\/{rel}","templated":true}]}}