{"id":74236,"date":"2022-04-08T15:16:06","date_gmt":"2022-04-08T13:16:06","guid":{"rendered":"https:\/\/zenkit.com\/kit-de-prensa\/zenforms-press-release\/"},"modified":"2025-08-29T03:21:20","modified_gmt":"2025-08-29T01:21:20","slug":"zenforms-press-release","status":"publish","type":"page","link":"https:\/\/zenkit.com\/es\/kit-de-prensa\/zenforms-press-release\/","title":{"rendered":"Zenforms Press Release"},"content":{"rendered":"\n<div class=\"wp-block-group has-global-padding is-layout-constrained wp-block-group-is-layout-constrained\">\n<div class=\"wp-block-group width--950 has-global-padding is-layout-constrained wp-block-group-is-layout-constrained\">\n<div style=\"height:45px;--tablet-height:45px;--mobile-height:16px\" class=\"wp-block-lookeen-blocks-responsive-spacer\"><\/div>\n\n\n\n<div class=\"wp-block-group has-global-padding is-layout-constrained wp-block-group-is-layout-constrained\">\n<h1 class=\"wp-block-heading has-text-align-center\" style=\"margin-bottom:8px\">La aplicaci\u00f3n de gesti\u00f3n de proyectos innovadora y adaptable se agrega a Zenkit Suite<\/h1>\n<\/div>\n\n\n\n<div class=\"wp-block-group has-global-padding is-layout-constrained wp-block-group-is-layout-constrained\">\n<p class=\"has-text-align-center subheading\">El equipo de Zenkit desarrolla una aplicaci\u00f3n de formulario web creativa y atractiva para mejorar la recopilaci\u00f3n de datos sin tener que codificar<\/p>\n<\/div>\n\n\n\n<div style=\"height:48px;--tablet-height:36px;--mobile-height:24px\" class=\"wp-block-lookeen-blocks-responsive-spacer\"><\/div>\n\n\n\n<div class=\"wp-block-group has-global-padding is-layout-constrained wp-block-group-is-layout-constrained\">\n<p class=\"has-text-align-center press__headline has-text-color has-link-color wp-elements-37a4f654b080e4c164d58c055b867df2\" style=\"color:#939393;font-size:24px;font-style:normal;font-weight:700;line-height:1.5\"><strong>3 de Marzo de 2022 \u2013 Karlsruhe, Alemania<\/strong><\/p>\n<\/div>\n<\/div>\n\n\n\n<div style=\"height:88px;--tablet-height:72px;--mobile-height:40px\" class=\"wp-block-lookeen-blocks-responsive-spacer\"><\/div>\n<\/div>\n\n\n\n<div class=\"wp-block-group has-global-padding is-layout-constrained wp-block-group-is-layout-constrained\">\n<div class=\"wp-block-columns is-layout-flex wp-container-core-columns-is-layout-b8d659ec wp-block-columns-is-layout-flex\">\n<div class=\"wp-block-column is-layout-flow wp-block-column-is-layout-flow\">\n<p class=\"has-da-grey-2-color has-text-color has-link-color wp-elements-5a32f011624a899d368a1ebec1e11250\">\u00a0El equipo de Zenkit se enorgullece de anunciar el lanzamiento de \u00abZenforms\u00bb, la sexta aplicaci\u00f3n que se une a la suite de productividad de Zenkit. \u00abZenforms\u00bb ofrece a los usuarios una forma din\u00e1mica de conectarse con otros con la ayuda de la creaci\u00f3n de formularios, encuestas y cuestionarios. Con una lista de funciones \u00fatiles, que incluyen la verificaci\u00f3n de datos duplicados y los recursos de programaci\u00f3n, Zenforms es el siguiente paso para unir la conexi\u00f3n entre los equipos y las personas que m\u00e1s les importan.<\/p>\n\n\n\n<p>Zenforms va m\u00e1s all\u00e1 de simplemente recopilar comentarios para permitir que las empresas se conecten con sus empleados en un nivel m\u00e1s personal. La comunicaci\u00f3n empresarial ha sido una de las \u00e1reas m\u00e1s dif\u00edciles de gestionar para las empresas durante la pandemia, ya que el trabajo remoto se hizo cargo r\u00e1pidamente. La pandemia, seg\u00fan\u00a0<a href=\"https:\/\/www.researchgate.net\/publication\/349546057_Business_Communication_and_COVID-19\" target=\"_blank\" rel=\"noreferrer noopener\">Geert Jacobs<\/a>, ha puesto de relieve la necesidad de una \u201ccomunicaci\u00f3n transparente, concisa y clara\u201d. Las empresas pueden usar Zenforms para conocer los verdaderos sentimientos de sus empleados, y es m\u00e1s probable que los empleados compartan sabiendo que pueden responder de forma an\u00f3nima. Como resultado, Zenforms se convierte en la herramienta ideal para combatir los problemas de\u00a0<a href=\"https:\/\/zenkit.com\/blog\/how-to-support-anxious-employees\/\" target=\"_blank\" rel=\"noreferrer noopener\">salud mental\u00a0<\/a>causados \u200b\u200bpor un mayor aislamiento, compartir aprendizajes profundos de proyectos para brindar soluciones m\u00e1s r\u00e1pido y promover colaboraciones en equipo. Y dado que se estima que el mercado de colaboraci\u00f3n empresarial alcanzar\u00e1 los\u00a0<a href=\"https:\/\/www.marketsandmarkets.com\/PressReleases\/enterprise-collaboration.asp\" target=\"_blank\" rel=\"noreferrer noopener\">85 800 millones de d\u00f3lares para 2026<\/a>, no se puede subestimar la importancia de conectarse con aquellos que importan.<\/p>\n<\/div>\n\n\n\n<div class=\"wp-block-column is-layout-flow wp-block-column-is-layout-flow\">\n<p class=\"has-da-grey-1-color has-text-color has-link-color wp-elements-1fe6dff13af224405079219bad7f8af7\">Seg\u00fan el CEO de Zenkit, Martin Welker, la comunicaci\u00f3n \u00abtransparente\u00bb tambi\u00e9n se refiere a la \u00abcomunicaci\u00f3n segura\u00bb, y enfatiza la importancia de que Zenforms cumpla con GDPR en la era digital: \u00abDebido a que Zenforms puede ser enviado y utilizado por cualquier persona, es fundamental que todos los involucrados entiendan c\u00f3mo se manejan sus datos\u201d.<\/p>\n\n\n\n<p class=\"has-da-grey-1-color has-text-color has-link-color wp-elements-e37e21abd0023e9436eabd470ba1b771\">Zenforms tambi\u00e9n mejora la relaci\u00f3n entre las empresas y sus clientes al darles voz y actuar como medio de conversaci\u00f3n. Los formularios se pueden crear y compartir f\u00e1cilmente en l\u00ednea (o incrustados en un sitio web) para obtener informaci\u00f3n valiosa sobre los deseos, necesidades y expectativas de los clientes. Las empresas pueden ofrecer avances \u00fatiles sin codificaci\u00f3n gracias a las alertas instant\u00e1neas, la gesti\u00f3n y el an\u00e1lisis de datos pr\u00e1cticos y la integraci\u00f3n profunda con el resto de Zenkit Suite.<\/p>\n<\/div>\n<\/div>\n\n\n\n<div style=\"height:88px;--tablet-height:72px;--mobile-height:40px\" class=\"wp-block-lookeen-blocks-responsive-spacer\"><\/div>\n<\/div>\n\n\n\n<div class=\"wp-block-group has-global-padding is-layout-constrained wp-block-group-is-layout-constrained\">\n<div style=\"height:45px;--tablet-height:45px;--mobile-height:16px\" class=\"wp-block-lookeen-blocks-responsive-spacer\"><\/div>\n\n\n\n<h2 class=\"wp-block-heading has-text-align-center\" style=\"margin-bottom:0px\">Martin Welker contin\u00faa diciendo que Zenforms tambi\u00e9n es m\u00e1s que una aplicaci\u00f3n de comunicaci\u00f3n y colaboraci\u00f3n, y que funciona en conjunto con el resto de Zenkit Suite. Zenforms, al igual que la Suite, promueve la productividad y tiene una atractiva lista de funciones para ayudar a los usuarios a lograrlo:<\/h2>\n\n\n\n<div style=\"height:48px;--tablet-height:36px;--mobile-height:24px\" class=\"wp-block-lookeen-blocks-responsive-spacer\"><\/div>\n\n\n\n<div class=\"wp-block-group has-global-padding is-layout-constrained wp-block-group-is-layout-constrained\">\n<div class=\"wp-block-columns is-layout-flex wp-container-core-columns-is-layout-28f84493 wp-block-columns-is-layout-flex\">\n<div class=\"wp-block-column is-layout-flow wp-block-column-is-layout-flow\">\n<ul class=\"wp-block-list list__with-checkmark-blue-and-underline\">\n<li>S\u00f3lida seguridad de datos compatible con GDPR.<\/li>\n\n\n\n<li>Integraci\u00f3n con Zenkit Suite, que comparte una sola plataforma para brindar un sentido m\u00e1s rico de interacci\u00f3n de datos y acceso a a\u00fan m\u00e1s herramientas y aplicaciones de productividad.<\/li>\n\n\n\n<li>\u00a19 controles de entrada diferentes, que le permiten elegir entre agregar fechas, dibujos, casillas de verificaci\u00f3n, referencias y m\u00e1s!<\/li>\n\n\n\n<li>Listo para dispositivos m\u00f3viles, lo que significa que puede conectarse en red mientras viaja.<\/li>\n\n\n\n<li>Cree formularios a partir de los datos existentes que se encuentran en Zenkit Suite, como sus Colecciones en Zenkit Base.<\/li>\n<\/ul>\n<\/div>\n\n\n\n<div class=\"wp-block-column is-layout-flow wp-block-column-is-layout-flow\">\n<ul class=\"wp-block-list list__with-checkmark-blue-and-underline\">\n<li>Listas filtradas para mejorar el seguimiento de datos.<\/li>\n\n\n\n<li>Soporte por correo electr\u00f3nico para env\u00edo de formularios y encuestas y recepci\u00f3n de informes instant\u00e1neos.<\/li>\n\n\n\n<li>Comprobaciones de datos duplicados para garantizar que todos los datos sean relevantes y coherentes sin poner en riesgo la fiabilidad de los datos recopilados.<\/li>\n\n\n\n<li>Recursos de programaci\u00f3n integrados.<\/li>\n\n\n\n<li>Subformularios para capas adicionales de recopilaci\u00f3n y uso compartido de datos.<\/li>\n<\/ul>\n<\/div>\n<\/div>\n<\/div>\n\n\n\n<div style=\"height:88px;--tablet-height:72px;--mobile-height:40px\" class=\"wp-block-lookeen-blocks-responsive-spacer\"><\/div>\n\n\n\n<div class=\"wp-block-group has-global-padding is-layout-constrained wp-container-core-group-is-layout-7cc94c3e wp-block-group-is-layout-constrained\">\n<div class=\"wp-block-group has-global-padding is-layout-constrained wp-block-group-is-layout-constrained\">\n<p class=\"has-text-align-center has-da-grey-2-color has-text-color has-link-color wp-elements-d04d5abb0dd68505632848c4ed29960e\">Al igual que con todos los productos de Zenkit Suite, \u00abZenforms\u00bb est\u00e1 listo para la empresa y cumple con GDPR. Para obtener m\u00e1s informaci\u00f3n sobre Zenforms, visite\u00a0<a href=\"https:\/\/zenkit.com\/es\/forms\/\" target=\"_blank\" rel=\"noreferrer noopener\">https:\/\/zenkit.com\/forms<\/a>. Para usar la aplicaci\u00f3n de Zenforms, visite: web o descargue en iOS, Android, Mac, Windows o Linux despu\u00e9s del lanzamiento.<\/p>\n<\/div>\n\n\n\n<div style=\"height:88px;--tablet-height:72px;--mobile-height:40px\" class=\"wp-block-lookeen-blocks-responsive-spacer\"><\/div>\n\n\n\n<h3 class=\"wp-block-heading has-text-align-center\" style=\"margin-bottom:8px;font-style:normal;font-weight:700\"><strong>Acerca de Zenkit:<\/strong><\/h3>\n\n\n\n<p class=\"has-text-align-center has-da-grey-2-color has-text-color has-link-color wp-elements-86f3ee6003e846a27518006818fc231e\">Zenkit es una empresa nueva formada bajo Axonic GmbH, una empresa alemana fundada en 2003. La plataforma de gesti\u00f3n y colaboraci\u00f3n de proyectos SaaS se lanz\u00f3 en octubre de 2016. Zenforms, el sexto producto de la suite Zenkit, fue desarrollado y lanzado por Zenkit en marzo de 2022.<\/p>\n<\/div>\n<\/div>\n\n\n\n<div style=\"height:110px;--tablet-height:60px;--mobile-height:48px\" class=\"wp-block-lookeen-blocks-responsive-spacer\"><\/div>\n","protected":false},"excerpt":{"rendered":"<p>La aplicaci\u00f3n de gesti\u00f3n de proyectos innovadora y adaptable se agrega a Zenkit Suite El equipo de Zenkit desarrolla una aplicaci\u00f3n de formulario web creativa y atractiva para mejorar la recopilaci\u00f3n de datos sin tener que codificar 3 de Marzo de 2022 \u2013 Karlsruhe, Alemania \u00a0El equipo de Zenkit se enorgullece de anunciar el lanzamiento [&hellip;]<\/p>\n","protected":false},"author":30,"featured_media":0,"parent":61702,"menu_order":3,"comment_status":"closed","ping_status":"closed","template":"","meta":{"yasr_overall_rating":0,"yasr_post_is_review":"","yasr_auto_insert_disabled":"","yasr_review_type":"","footnotes":""},"class_list":["post-74236","page","type-page","status-publish","hentry"],"yoast_head":"<!-- This site is optimized with the Yoast SEO plugin v27.4 - https:\/\/yoast.com\/product\/yoast-seo-wordpress\/ -->\n<title>Zenforms Press Release | Zenkit<\/title>\n<meta name=\"robots\" content=\"index, follow, max-snippet:-1, max-image-preview:large, max-video-preview:-1\" \/>\n<link rel=\"canonical\" href=\"https:\/\/zenkit.com\/es\/kit-de-prensa\/zenforms-press-release\/\" \/>\n<meta property=\"og:locale\" content=\"es_ES\" \/>\n<meta property=\"og:type\" content=\"article\" \/>\n<meta property=\"og:title\" content=\"Zenforms Press Release | Zenkit\" \/>\n<meta property=\"og:description\" content=\"La aplicaci\u00f3n de gesti\u00f3n de proyectos innovadora y adaptable se agrega a Zenkit Suite El equipo de Zenkit desarrolla una aplicaci\u00f3n de formulario web creativa y atractiva para mejorar la recopilaci\u00f3n de datos sin tener que codificar 3 de Marzo de 2022 \u2013 Karlsruhe, Alemania \u00a0El equipo de Zenkit se enorgullece de anunciar el lanzamiento [&hellip;]\" \/>\n<meta property=\"og:url\" content=\"https:\/\/zenkit.com\/es\/kit-de-prensa\/zenforms-press-release\/\" \/>\n<meta property=\"og:site_name\" content=\"Zenkit\" \/>\n<meta property=\"article:publisher\" content=\"https:\/\/www.facebook.com\/ZenkitHQ\" \/>\n<meta property=\"article:modified_time\" content=\"2025-08-29T01:21:20+00:00\" \/>\n<meta name=\"twitter:card\" content=\"summary_large_image\" \/>\n<meta name=\"twitter:site\" content=\"@ZenkitHQ\" \/>\n<meta name=\"twitter:label1\" content=\"Tiempo de lectura\" \/>\n\t<meta name=\"twitter:data1\" content=\"4 minutos\" \/>\n<script type=\"application\/ld+json\" class=\"yoast-schema-graph\">{\"@context\":\"https:\\\/\\\/schema.org\",\"@graph\":[{\"@type\":\"WebPage\",\"@id\":\"https:\\\/\\\/zenkit.com\\\/es\\\/kit-de-prensa\\\/zenforms-press-release\\\/\",\"url\":\"https:\\\/\\\/zenkit.com\\\/es\\\/kit-de-prensa\\\/zenforms-press-release\\\/\",\"name\":\"Zenforms Press Release | Zenkit\",\"isPartOf\":{\"@id\":\"https:\\\/\\\/zenkit.com\\\/es\\\/#website\"},\"datePublished\":\"2022-04-08T13:16:06+00:00\",\"dateModified\":\"2025-08-29T01:21:20+00:00\",\"breadcrumb\":{\"@id\":\"https:\\\/\\\/zenkit.com\\\/es\\\/kit-de-prensa\\\/zenforms-press-release\\\/#breadcrumb\"},\"inLanguage\":\"es\",\"potentialAction\":[{\"@type\":\"ReadAction\",\"target\":[\"https:\\\/\\\/zenkit.com\\\/es\\\/kit-de-prensa\\\/zenforms-press-release\\\/\"]}]},{\"@type\":\"BreadcrumbList\",\"@id\":\"https:\\\/\\\/zenkit.com\\\/es\\\/kit-de-prensa\\\/zenforms-press-release\\\/#breadcrumb\",\"itemListElement\":[{\"@type\":\"ListItem\",\"position\":1,\"name\":\"Home\",\"item\":\"https:\\\/\\\/zenkit.com\\\/es\\\/\"},{\"@type\":\"ListItem\",\"position\":2,\"name\":\"Kit de Prensa\",\"item\":\"https:\\\/\\\/zenkit.com\\\/es\\\/kit-de-prensa\\\/\"},{\"@type\":\"ListItem\",\"position\":3,\"name\":\"Zenforms Press Release\"}]},{\"@type\":\"WebSite\",\"@id\":\"https:\\\/\\\/zenkit.com\\\/es\\\/#website\",\"url\":\"https:\\\/\\\/zenkit.com\\\/es\\\/\",\"name\":\"Zenkit\",\"description\":\"Zenkit Tagline\",\"potentialAction\":[{\"@type\":\"SearchAction\",\"target\":{\"@type\":\"EntryPoint\",\"urlTemplate\":\"https:\\\/\\\/zenkit.com\\\/es\\\/?s={search_term_string}\"},\"query-input\":{\"@type\":\"PropertyValueSpecification\",\"valueRequired\":true,\"valueName\":\"search_term_string\"}}],\"inLanguage\":\"es\"},false]}<\/script>\n<!-- \/ Yoast SEO plugin. -->","yoast_head_json":{"title":"Zenforms Press Release | Zenkit","robots":{"index":"index","follow":"follow","max-snippet":"max-snippet:-1","max-image-preview":"max-image-preview:large","max-video-preview":"max-video-preview:-1"},"canonical":"https:\/\/zenkit.com\/es\/kit-de-prensa\/zenforms-press-release\/","og_locale":"es_ES","og_type":"article","og_title":"Zenforms Press Release | Zenkit","og_description":"La aplicaci\u00f3n de gesti\u00f3n de proyectos innovadora y adaptable se agrega a Zenkit Suite El equipo de Zenkit desarrolla una aplicaci\u00f3n de formulario web creativa y atractiva para mejorar la recopilaci\u00f3n de datos sin tener que codificar 3 de Marzo de 2022 \u2013 Karlsruhe, Alemania \u00a0El equipo de Zenkit se enorgullece de anunciar el lanzamiento [&hellip;]","og_url":"https:\/\/zenkit.com\/es\/kit-de-prensa\/zenforms-press-release\/","og_site_name":"Zenkit","article_publisher":"https:\/\/www.facebook.com\/ZenkitHQ","article_modified_time":"2025-08-29T01:21:20+00:00","twitter_card":"summary_large_image","twitter_site":"@ZenkitHQ","twitter_misc":{"Tiempo de lectura":"4 minutos"},"schema":{"@context":"https:\/\/schema.org","@graph":[{"@type":"WebPage","@id":"https:\/\/zenkit.com\/es\/kit-de-prensa\/zenforms-press-release\/","url":"https:\/\/zenkit.com\/es\/kit-de-prensa\/zenforms-press-release\/","name":"Zenforms Press Release | Zenkit","isPartOf":{"@id":"https:\/\/zenkit.com\/es\/#website"},"datePublished":"2022-04-08T13:16:06+00:00","dateModified":"2025-08-29T01:21:20+00:00","breadcrumb":{"@id":"https:\/\/zenkit.com\/es\/kit-de-prensa\/zenforms-press-release\/#breadcrumb"},"inLanguage":"es","potentialAction":[{"@type":"ReadAction","target":["https:\/\/zenkit.com\/es\/kit-de-prensa\/zenforms-press-release\/"]}]},{"@type":"BreadcrumbList","@id":"https:\/\/zenkit.com\/es\/kit-de-prensa\/zenforms-press-release\/#breadcrumb","itemListElement":[{"@type":"ListItem","position":1,"name":"Home","item":"https:\/\/zenkit.com\/es\/"},{"@type":"ListItem","position":2,"name":"Kit de Prensa","item":"https:\/\/zenkit.com\/es\/kit-de-prensa\/"},{"@type":"ListItem","position":3,"name":"Zenforms Press Release"}]},{"@type":"WebSite","@id":"https:\/\/zenkit.com\/es\/#website","url":"https:\/\/zenkit.com\/es\/","name":"Zenkit","description":"Zenkit Tagline","potentialAction":[{"@type":"SearchAction","target":{"@type":"EntryPoint","urlTemplate":"https:\/\/zenkit.com\/es\/?s={search_term_string}"},"query-input":{"@type":"PropertyValueSpecification","valueRequired":true,"valueName":"search_term_string"}}],"inLanguage":"es"},false]}},"yasr_visitor_votes":{"stars_attributes":{"read_only":false,"span_bottom":false},"number_of_votes":0,"sum_votes":0},"_links":{"self":[{"href":"https:\/\/zenkit.com\/es\/wp-json\/wp\/v2\/pages\/74236","targetHints":{"allow":["GET"]}}],"collection":[{"href":"https:\/\/zenkit.com\/es\/wp-json\/wp\/v2\/pages"}],"about":[{"href":"https:\/\/zenkit.com\/es\/wp-json\/wp\/v2\/types\/page"}],"author":[{"embeddable":true,"href":"https:\/\/zenkit.com\/es\/wp-json\/wp\/v2\/users\/30"}],"replies":[{"embeddable":true,"href":"https:\/\/zenkit.com\/es\/wp-json\/wp\/v2\/comments?post=74236"}],"version-history":[{"count":2,"href":"https:\/\/zenkit.com\/es\/wp-json\/wp\/v2\/pages\/74236\/revisions"}],"predecessor-version":[{"id":131742,"href":"https:\/\/zenkit.com\/es\/wp-json\/wp\/v2\/pages\/74236\/revisions\/131742"}],"up":[{"embeddable":true,"href":"https:\/\/zenkit.com\/es\/wp-json\/wp\/v2\/pages\/61702"}],"wp:attachment":[{"href":"https:\/\/zenkit.com\/es\/wp-json\/wp\/v2\/media?parent=74236"}],"curies":[{"name":"wp","href":"https:\/\/api.w.org\/{rel}","templated":true}]}}