{"id":12015,"date":"2018-06-23T16:51:33","date_gmt":"2018-06-23T14:51:33","guid":{"rendered":"https:\/\/zenkit.com\/?page_id=12015"},"modified":"2025-11-03T08:13:15","modified_gmt":"2025-11-03T07:13:15","slug":"jumeau-numerique","status":"publish","type":"page","link":"https:\/\/zenkit.com\/fr\/jumeau-numerique\/","title":{"rendered":"Jumeau num\u00e9rique"},"content":{"rendered":"\n<div class=\"wp-block-group has-global-padding is-layout-constrained wp-block-group-is-layout-constrained\">\n<div class=\"wp-block-group width--950 has-global-padding is-layout-constrained wp-block-group-is-layout-constrained\">\n<div style=\"height:45px;--tablet-height:45px;--mobile-height:16px\" class=\"wp-block-lookeen-blocks-responsive-spacer\"><\/div>\n\n\n\n<div class=\"wp-block-group has-global-padding is-layout-constrained wp-block-group-is-layout-constrained\">\n<h1 class=\"wp-block-heading has-text-align-center\" style=\"margin-bottom:8px\">Zenkit: Votre Jumeau Num\u00e9rique<\/h1>\n<\/div>\n\n\n\n<div class=\"wp-block-group has-global-padding is-layout-constrained wp-block-group-is-layout-constrained\">\n<p class=\"has-text-align-center subheading\">Qu\u2019est-ce qu\u2019un Digital Twin?<\/p>\n\n\n\n<p class=\"has-text-align-center\">Le terme \u00abdigital twin\u00bb, en fran\u00e7ais jumeau num\u00e9rique, d\u00e9crit une r\u00e9plique num\u00e9rique exact d\u2019un objet ou d\u2019un processus physique.Les industries de fabrication, production et organisation utilisent d\u00e9j\u00e0 depuis plusieurs ann\u00e9es des jumeaux num\u00e9riques pour leurs actifs physiques. Il en r\u00e9sulte une \u00e9conomie de co\u00fbts, plus de possibilit\u00e9s d\u2019exp\u00e9rimentation, un horaire de maintenance optimis\u00e9 et une meilleure programmation de la production.<\/p>\n<\/div>\n\n\n\n<div style=\"height:48px;--tablet-height:48px;--mobile-height:36px\" class=\"wp-block-lookeen-blocks-responsive-spacer\"><\/div>\n<\/div>\n<\/div>\n\n\n\n<div class=\"wp-block-group has-global-padding is-layout-constrained wp-container-core-group-is-layout-bea02a06 wp-block-group-is-layout-constrained\">\n<h2 class=\"wp-block-heading has-text-align-center\">Comment un jumeau num\u00e9rique peut-il m\u2019avantager?<\/h2>\n\n\n\n<p class=\"has-text-align-center\">Est-ce que le concept du \u00abdigital twin\u00bb est applicable au monde des affaires?<\/p>\n\n\n\n<p class=\"has-text-align-center\">Actuellement, les informations d\u2019une entreprise sont stock\u00e9s sur plusieurs bases de donn\u00e9es comme SAP, Trello, Google Drive ou Salesforce. Cela ne cr\u00e9e pas un jumeau mais plut\u00f4t un silo de donn\u00e9es qui forment uniquement une repr\u00e9sentation sommaire de votre organisation. Vous \u00eates forc\u00e9 d\u2019utiliser les logiciels tels qu\u2019ils sont, au lieu de pouvoir refl\u00e9ter vos processus et vos workflows num\u00e9riquement.<\/p>\n\n\n\n<p class=\"has-text-align-center\">Si vos processus ne se conforment pas au logiciels disponibles, vous \u00eates oblig\u00e9 de changer votre mani\u00e8re de diriger votre entreprise ou de cr\u00e9er votre propre logiciel, \u00e0 un co\u00fbt tr\u00e8s \u00e9lev\u00e9.<\/p>\n\n\n\n<p class=\"has-text-align-center\">Zenkit offre une nouvelle solution qui vous permet de construire un jumeau num\u00e9rique de votre entreprise. Cela vous donne une repr\u00e9sentation du progr\u00e8s de vos projets en temps r\u00e9el.<\/p>\n<\/div>\n\n\n\n<div class=\"wp-block-group has-global-padding is-layout-constrained wp-container-core-group-is-layout-bea02a06 wp-block-group-is-layout-constrained\">\n<div style=\"height:88px;--tablet-height:72px;--mobile-height:36px\" class=\"wp-block-lookeen-blocks-responsive-spacer\"><\/div>\n\n\n\n<h2 class=\"wp-block-heading has-text-align-center\">Votre Jumeau num\u00e9rique<\/h2>\n\n\n\n<p class=\"has-text-align-center\" style=\"margin-bottom:0px\">Les logiciels sp\u00e9ciaux et co\u00fbteux ou la synchronisation inefficace entre plusieurs applications appartiennent au pass\u00e9. Vous pouvez personnaliser Zenkit pour re-cr\u00e9er votre entreprise num\u00e9riquement sans connaissances en programmation.<\/p>\n\n\n\n<p class=\"has-text-align-center\" style=\"margin-bottom:0px\">En utilisant des fonctions innovantes et une technologie puissante de bases de donn\u00e9es, vous pouvez b\u00e2tir un \u00abdigital twin\u00bb pour organiser et connecter chaque aspect de votre entreprise.<\/p>\n\n\n\n<div style=\"height:88px;--tablet-height:72px;--mobile-height:36px\" class=\"wp-block-lookeen-blocks-responsive-spacer\"><\/div>\n<\/div>\n\n\n\n<div class=\"wp-block-group has-global-padding is-layout-constrained wp-block-group-is-layout-constrained\">\n<h2 class=\"wp-block-heading has-text-align-center\">Construisez votre propre Syst\u00e8me<\/h2>\n\n\n\n<div class=\"wp-block-columns is-layout-flex wp-container-core-columns-is-layout-28f84493 wp-block-columns-is-layout-flex\">\n<div class=\"wp-block-column is-layout-flow wp-container-core-column-is-layout-8eebadab wp-block-column-is-layout-flow\">\n<div class=\"wp-block-group has-global-padding is-layout-constrained wp-block-group-is-layout-constrained\">\n<p class=\"has-text-align-center\">Cr\u00e9er les outils dont vous avez besoin. Chaque collection de Zenkit est compl\u00e8tement personnalisable \u2013 vous d\u00e9cidez quelles informations vous voulez suivre, comment elles sont visualis\u00e9es et qui re\u00e7oit acc\u00e8s \u00e0 quoi.<\/p>\n\n\n\n<p class=\"has-text-align-center\">Les champs personnalis\u00e9s permettent d\u2019unifier tous les domaines de votre entreprise en un syst\u00e8me: clients, documents, factures, projets, ressources, \u00e9v\u00e9nements et plus. La technologie de Zenkit vous permet de relier vos processus d\u2019organisation.<\/p>\n\n\n\n<p class=\"has-text-align-center\">Vous pouvez cr\u00e9er des \u00abvues\u00bb de vos donn\u00e9es, pour toujours disposer des outils dont vous avez besoin. Utilisez le calendrier pour programmez vos rendez-vous, le tableau kanban vous montre les t\u00e2ches importantes pour vous, o\u00f9 cherchez des mesures importantes dans un tableau \u00e0 l\u2019aide de formules.<\/p>\n\n\n\n<p class=\"has-text-align-center\">Zenkit peut \u00eatre un jumeau num\u00e9rique pour tous projets, toutes \u00e9quipes ou tous objectifs.<\/p>\n<\/div>\n<\/div>\n\n\n\n<div class=\"wp-block-column is-layout-flow wp-container-core-column-is-layout-8eebadab wp-block-column-is-layout-flow\">\n<div class=\"wp-block-group has-global-padding is-layout-constrained wp-block-group-is-layout-constrained\">\n<h3 class=\"wp-block-heading has-text-align-center\">Gestion de Projet<\/h3>\n\n\n\n<p class=\"has-text-align-center\">Collaborez et suivez vos projets en temps r\u00e9el, d\u00e9l\u00e9guez des t\u00e2ches aux membres de votre workspace, servez-vous de commentaires et de mentions pour discuter de vos progr\u00e8s. Travaillez ensemble depuis tout appareil, \u00e0 tout moment.<\/p>\n<\/div>\n\n\n\n<div class=\"wp-block-group has-global-padding is-layout-constrained wp-block-group-is-layout-constrained\">\n<h3 class=\"wp-block-heading has-text-align-center\">Gestionnaire de la Relation Client<\/h3>\n\n\n\n<p class=\"has-text-align-center\">Zenkit peut stocker les donn\u00e9es de vos clients, suivre vos leads, g\u00e9rer vos canaux de vente et aider \u00e0 ravir des clients existants. Liez vos clients directement \u00e0 leurs factures, projets et communications.<\/p>\n<\/div>\n\n\n\n<div class=\"wp-block-group has-global-padding is-layout-constrained wp-block-group-is-layout-constrained\">\n<h3 class=\"wp-block-heading has-text-align-center\">Syst\u00e8me de Gestion de Fichiers<\/h3>\n\n\n\n<p class=\"has-text-align-center\">Joignez facilement des documents de votre ordinateur ou de vos outils de stockage pr\u00e9f\u00e9r\u00e9s comme Dropbox, Google Drive et Box. Partagez ces documents ou des notes, des images ou des fichiers avec des coll\u00e8gues n\u2019importe o\u00f9 et n\u2019importe quand.<\/p>\n<\/div>\n\n\n\n<div class=\"wp-block-group has-global-padding is-layout-constrained wp-block-group-is-layout-constrained\">\n<h3 class=\"wp-block-heading has-text-align-center\">Gestionnaire de Ressource humaine<\/h3>\n\n\n\n<p class=\"has-text-align-center\">Cr\u00e9ez et maintenez une base de donn\u00e9es compl\u00e8te de vos employ\u00e9s, contr\u00f4lez les canaux de communication internes, \u00e9tablissez des ressources d\u2019accueil, g\u00e9rez vos recrutements , suivez les performances, g\u00e9rez les r\u00e9mun\u00e9rations, et plus encore.<\/p>\n<\/div>\n<\/div>\n<\/div>\n\n\n\n<div style=\"height:88px;--tablet-height:72px;--mobile-height:36px\" class=\"wp-block-lookeen-blocks-responsive-spacer\"><\/div>\n<\/div>\n\n\n\n<div class=\"wp-block-group has-da-blue-light-background-color has-background has-global-padding is-layout-constrained wp-container-core-group-is-layout-bea02a06 wp-block-group-is-layout-constrained\">\n<div style=\"height:88px;--tablet-height:72px;--mobile-height:36px\" class=\"wp-block-lookeen-blocks-responsive-spacer\"><\/div>\n\n\n\n<h2 class=\"wp-block-heading has-text-align-center\">Construisez votre Jumeau num\u00e9rique aujourd&rsquo;hui!<\/h2>\n\n\n\n<p class=\"has-text-align-center\">Demandez \u00e0 nos experts comment nous pouvons r\u00e9aliser votre \u00abdigital twin\u00bb ensemble!<\/p>\n\n\n\n<p class=\"has-text-align-center\" style=\"margin-bottom:0px\"><a href=\"mailto:service@zenkit.com\">Contactez-nous<\/a><\/p>\n\n\n\n<div style=\"height:88px;--tablet-height:72px;--mobile-height:36px\" class=\"wp-block-lookeen-blocks-responsive-spacer\"><\/div>\n<\/div>\n\n\n\n<div class=\"wp-block-group has-global-padding is-layout-constrained wp-container-core-group-is-layout-bea02a06 wp-block-group-is-layout-constrained\">\n<div style=\"height:88px;--tablet-height:72px;--mobile-height:36px\" class=\"wp-block-lookeen-blocks-responsive-spacer\"><\/div>\n\n\n\n<h2 class=\"wp-block-heading has-text-align-center\">L\u2019Avenir du Jumeau num\u00e9rique de Zenkit<\/h2>\n\n\n\n<p class=\"has-text-align-center\" style=\"margin-bottom:0px\">Nous planifions \u00e0 long terme. Notre but n\u2019est pas de vous accompagner pour 5 ans, mais pour 100 ans ou m\u00eame plus! Nous voulons devenir une assistance non seulement pour votre entreprise, mais pour presque tous les aspects de votre vie.<br>Nous ne voulons pas seulement \u00eatre un produit mais plut\u00f4t une force omnipr\u00e9sente comme l\u2019air, l\u2019eau ou l\u2019\u00e9lectricit\u00e9. Nous atteindrons ce but en am\u00e9liorant la technologie de Zenkit pour qu\u2019elle s\u2019int\u00e8gre compl\u00e8tement \u00e0 votre vie.<\/p>\n<\/div>\n\n\n\n<div style=\"height:110px;--tablet-height:60px;--mobile-height:48px\" class=\"wp-block-lookeen-blocks-responsive-spacer\"><\/div>\n","protected":false},"excerpt":{"rendered":"<p>Zenkit: Votre Jumeau Num\u00e9rique Qu\u2019est-ce qu\u2019un Digital Twin? Le terme \u00abdigital twin\u00bb, en fran\u00e7ais jumeau num\u00e9rique, d\u00e9crit une r\u00e9plique num\u00e9rique exact d\u2019un objet ou d\u2019un processus physique.Les industries de fabrication, production et organisation utilisent d\u00e9j\u00e0 depuis plusieurs ann\u00e9es des jumeaux num\u00e9riques pour leurs actifs physiques. Il en r\u00e9sulte une \u00e9conomie de co\u00fbts, plus de possibilit\u00e9s [&hellip;]<\/p>\n","protected":false},"author":1,"featured_media":0,"parent":0,"menu_order":1,"comment_status":"closed","ping_status":"closed","template":"","meta":{"yasr_overall_rating":0,"yasr_post_is_review":"","yasr_auto_insert_disabled":"","yasr_review_type":"","footnotes":""},"class_list":["post-12015","page","type-page","status-publish","hentry"],"yoast_head":"<!-- This site is optimized with the Yoast SEO plugin v27.3 - https:\/\/yoast.com\/product\/yoast-seo-wordpress\/ -->\n<title>Jumeau num\u00e9rique | Zenkit<\/title>\n<meta name=\"description\" content=\"Zenkit vous permet de construire un jumeau num\u00e9rique des proc\u00e9d\u00e9s et des flux de travail de votre organisation. Concevez votre jumeau num\u00e9rique aujourd\u2019hui.\" \/>\n<meta name=\"robots\" content=\"index, follow, max-snippet:-1, max-image-preview:large, max-video-preview:-1\" \/>\n<link rel=\"canonical\" href=\"https:\/\/zenkit.com\/fr\/jumeau-numerique\/\" \/>\n<meta property=\"og:locale\" content=\"fr_FR\" \/>\n<meta property=\"og:type\" content=\"article\" \/>\n<meta property=\"og:title\" content=\"Jumeau num\u00e9rique | Zenkit\" \/>\n<meta property=\"og:description\" content=\"Zenkit vous permet de construire un jumeau num\u00e9rique des proc\u00e9d\u00e9s et des flux de travail de votre organisation. Concevez votre jumeau num\u00e9rique aujourd\u2019hui.\" \/>\n<meta property=\"og:url\" content=\"https:\/\/zenkit.com\/fr\/jumeau-numerique\/\" \/>\n<meta property=\"og:site_name\" content=\"Zenkit\" \/>\n<meta property=\"article:publisher\" content=\"https:\/\/www.facebook.com\/ZenkitHQ\" \/>\n<meta property=\"article:modified_time\" content=\"2025-11-03T07:13:15+00:00\" \/>\n<meta name=\"twitter:card\" content=\"summary_large_image\" \/>\n<meta name=\"twitter:site\" content=\"@ZenkitHQ\" \/>\n<script type=\"application\/ld+json\" class=\"yoast-schema-graph\">{\"@context\":\"https:\\\/\\\/schema.org\",\"@graph\":[{\"@type\":\"WebPage\",\"@id\":\"https:\\\/\\\/zenkit.com\\\/fr\\\/jumeau-numerique\\\/\",\"url\":\"https:\\\/\\\/zenkit.com\\\/fr\\\/jumeau-numerique\\\/\",\"name\":\"Jumeau num\u00e9rique | Zenkit\",\"isPartOf\":{\"@id\":\"https:\\\/\\\/zenkit.com\\\/fr\\\/#website\"},\"datePublished\":\"2018-06-23T14:51:33+00:00\",\"dateModified\":\"2025-11-03T07:13:15+00:00\",\"description\":\"Zenkit vous permet de construire un jumeau num\u00e9rique des proc\u00e9d\u00e9s et des flux de travail de votre organisation. Concevez votre jumeau num\u00e9rique aujourd\u2019hui.\",\"breadcrumb\":{\"@id\":\"https:\\\/\\\/zenkit.com\\\/fr\\\/jumeau-numerique\\\/#breadcrumb\"},\"inLanguage\":\"fr-FR\",\"potentialAction\":[{\"@type\":\"ReadAction\",\"target\":[\"https:\\\/\\\/zenkit.com\\\/fr\\\/jumeau-numerique\\\/\"]}]},{\"@type\":\"BreadcrumbList\",\"@id\":\"https:\\\/\\\/zenkit.com\\\/fr\\\/jumeau-numerique\\\/#breadcrumb\",\"itemListElement\":[{\"@type\":\"ListItem\",\"position\":1,\"name\":\"Home\",\"item\":\"https:\\\/\\\/zenkit.com\\\/fr\\\/\"},{\"@type\":\"ListItem\",\"position\":2,\"name\":\"Jumeau num\u00e9rique\"}]},{\"@type\":\"WebSite\",\"@id\":\"https:\\\/\\\/zenkit.com\\\/fr\\\/#website\",\"url\":\"https:\\\/\\\/zenkit.com\\\/fr\\\/\",\"name\":\"Zenkit\",\"description\":\"Zenkit Tagline\",\"potentialAction\":[{\"@type\":\"SearchAction\",\"target\":{\"@type\":\"EntryPoint\",\"urlTemplate\":\"https:\\\/\\\/zenkit.com\\\/fr\\\/?s={search_term_string}\"},\"query-input\":{\"@type\":\"PropertyValueSpecification\",\"valueRequired\":true,\"valueName\":\"search_term_string\"}}],\"inLanguage\":\"fr-FR\"},false]}<\/script>\n<!-- \/ Yoast SEO plugin. -->","yoast_head_json":{"title":"Jumeau num\u00e9rique | Zenkit","description":"Zenkit vous permet de construire un jumeau num\u00e9rique des proc\u00e9d\u00e9s et des flux de travail de votre organisation. Concevez votre jumeau num\u00e9rique aujourd\u2019hui.","robots":{"index":"index","follow":"follow","max-snippet":"max-snippet:-1","max-image-preview":"max-image-preview:large","max-video-preview":"max-video-preview:-1"},"canonical":"https:\/\/zenkit.com\/fr\/jumeau-numerique\/","og_locale":"fr_FR","og_type":"article","og_title":"Jumeau num\u00e9rique | Zenkit","og_description":"Zenkit vous permet de construire un jumeau num\u00e9rique des proc\u00e9d\u00e9s et des flux de travail de votre organisation. Concevez votre jumeau num\u00e9rique aujourd\u2019hui.","og_url":"https:\/\/zenkit.com\/fr\/jumeau-numerique\/","og_site_name":"Zenkit","article_publisher":"https:\/\/www.facebook.com\/ZenkitHQ","article_modified_time":"2025-11-03T07:13:15+00:00","twitter_card":"summary_large_image","twitter_site":"@ZenkitHQ","schema":{"@context":"https:\/\/schema.org","@graph":[{"@type":"WebPage","@id":"https:\/\/zenkit.com\/fr\/jumeau-numerique\/","url":"https:\/\/zenkit.com\/fr\/jumeau-numerique\/","name":"Jumeau num\u00e9rique | Zenkit","isPartOf":{"@id":"https:\/\/zenkit.com\/fr\/#website"},"datePublished":"2018-06-23T14:51:33+00:00","dateModified":"2025-11-03T07:13:15+00:00","description":"Zenkit vous permet de construire un jumeau num\u00e9rique des proc\u00e9d\u00e9s et des flux de travail de votre organisation. Concevez votre jumeau num\u00e9rique aujourd\u2019hui.","breadcrumb":{"@id":"https:\/\/zenkit.com\/fr\/jumeau-numerique\/#breadcrumb"},"inLanguage":"fr-FR","potentialAction":[{"@type":"ReadAction","target":["https:\/\/zenkit.com\/fr\/jumeau-numerique\/"]}]},{"@type":"BreadcrumbList","@id":"https:\/\/zenkit.com\/fr\/jumeau-numerique\/#breadcrumb","itemListElement":[{"@type":"ListItem","position":1,"name":"Home","item":"https:\/\/zenkit.com\/fr\/"},{"@type":"ListItem","position":2,"name":"Jumeau num\u00e9rique"}]},{"@type":"WebSite","@id":"https:\/\/zenkit.com\/fr\/#website","url":"https:\/\/zenkit.com\/fr\/","name":"Zenkit","description":"Zenkit Tagline","potentialAction":[{"@type":"SearchAction","target":{"@type":"EntryPoint","urlTemplate":"https:\/\/zenkit.com\/fr\/?s={search_term_string}"},"query-input":{"@type":"PropertyValueSpecification","valueRequired":true,"valueName":"search_term_string"}}],"inLanguage":"fr-FR"},false]}},"yasr_visitor_votes":{"stars_attributes":{"read_only":false,"span_bottom":false},"number_of_votes":0,"sum_votes":0},"_links":{"self":[{"href":"https:\/\/zenkit.com\/fr\/wp-json\/wp\/v2\/pages\/12015","targetHints":{"allow":["GET"]}}],"collection":[{"href":"https:\/\/zenkit.com\/fr\/wp-json\/wp\/v2\/pages"}],"about":[{"href":"https:\/\/zenkit.com\/fr\/wp-json\/wp\/v2\/types\/page"}],"author":[{"embeddable":true,"href":"https:\/\/zenkit.com\/fr\/wp-json\/wp\/v2\/users\/1"}],"replies":[{"embeddable":true,"href":"https:\/\/zenkit.com\/fr\/wp-json\/wp\/v2\/comments?post=12015"}],"version-history":[{"count":4,"href":"https:\/\/zenkit.com\/fr\/wp-json\/wp\/v2\/pages\/12015\/revisions"}],"predecessor-version":[{"id":168043,"href":"https:\/\/zenkit.com\/fr\/wp-json\/wp\/v2\/pages\/12015\/revisions\/168043"}],"wp:attachment":[{"href":"https:\/\/zenkit.com\/fr\/wp-json\/wp\/v2\/media?parent=12015"}],"curies":[{"name":"wp","href":"https:\/\/api.w.org\/{rel}","templated":true}]}}