{"id":12023,"date":"2018-06-23T17:18:52","date_gmt":"2018-06-23T15:18:52","guid":{"rendered":"https:\/\/zenkit.com\/?page_id=12023"},"modified":"2025-08-25T00:14:58","modified_gmt":"2025-08-24T22:14:58","slug":"tableaux-kanban","status":"publish","type":"page","link":"https:\/\/zenkit.com\/fr\/solutions\/tableaux-kanban\/","title":{"rendered":"Tableaux Kanban sp\u00e9ciaux"},"content":{"rendered":"\n<div class=\"wp-block-group has-global-padding is-layout-constrained wp-block-group-is-layout-constrained\">\n<div class=\"wp-block-group width--950 has-global-padding is-layout-constrained wp-block-group-is-layout-constrained\">\n<div style=\"height:45px;--tablet-height:45px;--mobile-height:16px\" class=\"wp-block-lookeen-blocks-responsive-spacer\"><\/div>\n\n\n\n<div class=\"wp-block-group has-global-padding is-layout-constrained wp-block-group-is-layout-constrained\">\n<h1 class=\"wp-block-heading has-text-align-center\" style=\"margin-bottom:8px\">Cr\u00e9ez un tableau Kanban pour g\u00e9rer vos Projets<\/h1>\n<\/div>\n\n\n\n<div class=\"wp-block-group has-global-padding is-layout-constrained wp-block-group-is-layout-constrained\">\n<p class=\"has-text-align-center subheading\">Notre Kanban est une mani\u00e8re visuelle de suivre vos progr\u00e8s, cat\u00e9goriser vos t\u00e2ches facilement et valider les t\u00e2ches r\u00e9alis\u00e9es<\/p>\n<\/div>\n\n\n\n<div style=\"height:48px;--tablet-height:48px;--mobile-height:36px\" class=\"wp-block-lookeen-blocks-responsive-spacer\"><\/div>\n<\/div>\n<\/div>\n\n\n\n<div class=\"wp-block-group has-global-padding is-layout-constrained wp-block-group-is-layout-constrained\">\n<div class=\"wp-block-group application__grid has-global-padding is-layout-constrained wp-block-group-is-layout-constrained\">\n<div class=\"wp-block-group application__box has-global-padding is-layout-constrained wp-block-group-is-layout-constrained\" style=\"border-radius:20px\">\n<i class=\"zi zi-mode-list\"><\/i>\n\n\n\n<h3 class=\"wp-block-heading has-text-align-center card__title\" style=\"font-size:20px\">Organisez par cat\u00e9gories<\/h3>\n\n\n\n<p class=\"has-text-align-center has-da-grey-1-color has-text-color has-link-color wp-elements-b6eddb9b6fea01b20bc8031cb2f2fc00\" style=\"margin-bottom:16px\">Choisissez la fa\u00e7on dont vous visualisez vos listes Kanban. Examinez les t\u00e2ches en relation avec leur progr\u00e8s, leur priorit\u00e9s, leurs types de t\u00e2che, et plus encore. Changez d\u2019 affichage n&rsquo;importe quand.<\/p>\n<\/div>\n\n\n\n<div class=\"wp-block-group application__box has-global-padding is-layout-constrained wp-block-group-is-layout-constrained\" style=\"border-radius:20px\">\n<i class=\"zi zi-mode-list\"><\/i>\n\n\n\n<h3 class=\"wp-block-heading has-text-align-center card__title\" style=\"font-size:20px\">Colonnes et rang\u00e9es<\/h3>\n\n\n\n<p class=\"has-text-align-center has-da-grey-1-color has-text-color has-link-color wp-elements-7a17e97dea52b5e23de88274b6ce2f6c\" style=\"margin-bottom:16px\">Utilisez diff\u00e9rentes \u00e9tiquettes ou champs pour classer les items de votre Kanban horizontalement ou verticalement.<\/p>\n<\/div>\n\n\n\n<div class=\"wp-block-group application__box has-global-padding is-layout-constrained wp-block-group-is-layout-constrained\" style=\"border-radius:20px\">\n<i class=\"zi zi-mode-list\"><\/i>\n\n\n\n<h3 class=\"wp-block-heading has-text-align-center card__title\" style=\"font-size:20px\">Suivez le travail collaboratif<\/h3>\n\n\n\n<p class=\"has-text-align-center has-da-grey-1-color has-text-color has-link-color wp-elements-05ff575aa9895bc72cde966485ef9296\" style=\"margin-bottom:16px\">Triez les t\u00e2ches en fonction des membres de workspace qui leur sont assign\u00e9s. Vous pouvez aussi changer l\u2019attributions des t\u00e2ches entre coll\u00e8gues par glisser-d\u00e9poser.<\/p>\n<\/div>\n<\/div>\n<\/div>\n\n\n\n<div class=\"wp-block-group has-global-padding is-layout-constrained wp-block-group-is-layout-constrained\">\n<div style=\"height:88px;--tablet-height:72px;--mobile-height:36px\" class=\"wp-block-lookeen-blocks-responsive-spacer\"><\/div>\n\n\n\n<h2 class=\"wp-block-heading has-text-align-center\">Pourquoi les tableaux Kanban de Zenkit sont-ils diff\u00e9rents?<\/h2>\n\n\n\n<p class=\"has-text-align-center\">La plupart des tableaux Kanban sont un excellent moyen de suivre visuellement l\u2019avancement d\u2019un projet, d\u2019identifier les goulets d\u2019\u00e9tranglement et de planifier les \u00e9tapes.<br>Mais que faire si vous pr\u00e9f\u00e9rez voir vos t\u00e2ches class\u00e9es par priorit\u00e9 ? Ou si vous souhaitez une vue d\u2019ensemble intuitive de qui fait quoi ?<\/p>\n\n\n\n<p>Dans Zenkit, vous pouvez toujours modifier l\u2019affichage de votre tableau Kanban. Choisissez la cat\u00e9gorie selon laquelle trier les listes. Ajoutez des couloirs (swimlanes) pour cr\u00e9er une matrice. Affichez autant ou aussi peu d\u2019informations que vous le souhaitez.<\/p>\n\n\n\n<p class=\"has-text-align-center\">Zenkit est \u00e9galement un logiciel de gestion de flux de travail facile \u00e0 utiliser. Vous pouvez cr\u00e9er vos propres flux de travail personnalis\u00e9s, voire des mod\u00e8les de workflow. Que vous utilisiez un processus s\u00e9quentiel ou quelque chose de plus complexe, Zenkit peut le g\u00e9rer gr\u00e2ce \u00e0 sa vue Kanban flexible.<\/p>\n\n\n\n<div style=\"height:88px;--tablet-height:72px;--mobile-height:36px\" class=\"wp-block-lookeen-blocks-responsive-spacer\"><\/div>\n<\/div>\n\n\n\n<div class=\"wp-block-group has-da-blue-light-background-color has-background has-global-padding is-layout-constrained wp-container-core-group-is-layout-bea02a06 wp-block-group-is-layout-constrained\">\n<div style=\"height:88px;--tablet-height:72px;--mobile-height:36px\" class=\"wp-block-lookeen-blocks-responsive-spacer\"><\/div>\n\n\n\n<h2 class=\"wp-block-heading has-text-align-center\">Des milliers d&rsquo;\u00e9quipes \u00e0 travers le monde font confiance \u00e0 Zenkit<\/h2>\n\n\n\n<p class=\"has-text-align-center\">Ne perdez plus de temps \u00e0 fouiller dans vos e-mails, \u00e0 passer d\u2019une application \u00e0 l\u2019autre ou \u00e0 refaire le travail en double. Suivez tous vos projets en un seul endroit avec Zenkit.<\/p>\n\n\n\n<p>Ne changez pas votre mani\u00e8re de travailler pour vous adapter \u00e0 vos outils. Utilisez un outil qui s\u2019adapte \u00e0 votre flux de travail, \u00e0 votre \u00e9quipe et \u00e0 vos projets.<\/p>\n\n\n\n<p class=\"has-text-align-center\">Utilisez un outil qui vous aide non seulement \u00e0 g\u00e9rer vos projets, mais aussi \u00e0 piloter facilement tous les aspects de votre entreprise.<\/p>\n\n\n\n<div style=\"height:88px;--tablet-height:72px;--mobile-height:36px\" class=\"wp-block-lookeen-blocks-responsive-spacer\"><\/div>\n<\/div>\n\n\n\n<div class=\"wp-block-group has-global-padding is-layout-constrained wp-container-core-group-is-layout-bea02a06 wp-block-group-is-layout-constrained\">\n<div style=\"height:88px;--tablet-height:72px;--mobile-height:36px\" class=\"wp-block-lookeen-blocks-responsive-spacer\"><\/div>\n\n\n<h2 class=\"wp-block-heading has-text-align-center\">Travaillez avec les outils qui vous sont familier<\/h2>\n\n<p class=\"has-text-align-center\" style=\"margin-bottom:0px\">Zenkit peut envoyer et recevoir des informations de plus de 1000 autres applications gr\u00e2ce aux int\u00e9grations de Zapier, pour que toute votre entreprise se retrouve \u00e0 un seul endroit.<\/p>\n\n\n<div style=\"height:48px;--tablet-height:36px;--mobile-height:24px\" class=\"wp-block-lookeen-blocks-responsive-spacer\"><\/div>\n\n\n\n<div class=\"wp-block-group has-global-padding is-layout-constrained wp-container-core-group-is-layout-a099c240 wp-block-group-is-layout-constrained\">\n<div class=\"wp-block-group is-content-justification-center is-layout-flex wp-container-core-group-is-layout-635e4504 wp-block-group-is-layout-flex\">\n<figure class=\"wp-block-image size-full is-resized\"><a href=\"https:\/\/zenkit.com\/de\/integrationen\/google-sheets\/\"><img loading=\"lazy\" decoding=\"async\" width=\"128\" height=\"128\" src=\"https:\/\/zenkit.com\/wp-content\/uploads\/2025\/05\/google-sheets-logo.webp\" alt=\"google-sheets\" class=\"wp-image-112045\" style=\"width:80px\"\/><\/a><\/figure>\n\n\n\n<figure class=\"wp-block-image size-full is-resized\"><a href=\"https:\/\/zenkit.com\/de\/integrationen\/evernote\/\"><img loading=\"lazy\" decoding=\"async\" width=\"360\" height=\"360\" src=\"https:\/\/zenkit.com\/wp-content\/uploads\/2025\/05\/evernote-logo.webp\" alt=\"evernote\" class=\"wp-image-112035\" style=\"width:80px\" srcset=\"https:\/\/zenkit.com\/wp-content\/uploads\/2025\/05\/evernote-logo.webp 360w, https:\/\/zenkit.com\/wp-content\/uploads\/2025\/05\/evernote-logo-300x300.webp 300w, https:\/\/zenkit.com\/wp-content\/uploads\/2025\/05\/evernote-logo-150x150.webp 150w\" sizes=\"auto, (max-width: 360px) 100vw, 360px\" \/><\/a><\/figure>\n\n\n\n<figure class=\"wp-block-image size-full is-resized\"><a href=\"https:\/\/zenkit.com\/de\/integrationen\/google-kalendar\/\"><img loading=\"lazy\" decoding=\"async\" width=\"128\" height=\"128\" src=\"https:\/\/zenkit.com\/wp-content\/uploads\/2025\/05\/google-calendar-logo.webp\" alt=\"google-calender\" class=\"wp-image-112055\" style=\"width:80px\"\/><\/a><\/figure>\n\n\n\n<figure class=\"wp-block-image size-full is-resized\"><a href=\"https:\/\/zenkit.com\/de\/integrationen\/google-drive\/\"><img loading=\"lazy\" decoding=\"async\" width=\"128\" height=\"128\" src=\"https:\/\/zenkit.com\/wp-content\/uploads\/2025\/05\/google-drive-logo.webp\" alt=\"google-drive logo\" class=\"wp-image-112076\" style=\"width:80px\"\/><\/a><\/figure>\n\n\n\n<figure class=\"wp-block-image size-full is-resized\"><a href=\"https:\/\/zenkit.com\/de\/integrationen\/dropbox\/\"><img loading=\"lazy\" decoding=\"async\" width=\"1026\" height=\"1026\" src=\"https:\/\/zenkit.com\/wp-content\/uploads\/2025\/05\/dropbox-logo.webp\" alt=\"dropbox-logo\" class=\"wp-image-112087\" style=\"width:80px\" srcset=\"https:\/\/zenkit.com\/wp-content\/uploads\/2025\/05\/dropbox-logo.webp 1026w, https:\/\/zenkit.com\/wp-content\/uploads\/2025\/05\/dropbox-logo-300x300.webp 300w, https:\/\/zenkit.com\/wp-content\/uploads\/2025\/05\/dropbox-logo-1024x1024.webp 1024w, https:\/\/zenkit.com\/wp-content\/uploads\/2025\/05\/dropbox-logo-150x150.webp 150w, https:\/\/zenkit.com\/wp-content\/uploads\/2025\/05\/dropbox-logo-768x768.webp 768w\" sizes=\"auto, (max-width: 1026px) 100vw, 1026px\" \/><\/a><\/figure>\n\n\n\n<figure class=\"wp-block-image size-full is-resized\"><a href=\"https:\/\/zenkit.com\/de\/integrationen\/box\/\"><img loading=\"lazy\" decoding=\"async\" width=\"625\" height=\"625\" src=\"https:\/\/zenkit.com\/wp-content\/uploads\/2025\/05\/box-logo.webp\" alt=\"box logo\" class=\"wp-image-112097\" style=\"width:80px\" srcset=\"https:\/\/zenkit.com\/wp-content\/uploads\/2025\/05\/box-logo.webp 625w, https:\/\/zenkit.com\/wp-content\/uploads\/2025\/05\/box-logo-300x300.webp 300w, https:\/\/zenkit.com\/wp-content\/uploads\/2025\/05\/box-logo-150x150.webp 150w\" sizes=\"auto, (max-width: 625px) 100vw, 625px\" \/><\/a><\/figure>\n\n\n\n<figure class=\"wp-block-image size-full is-resized\"><a href=\"https:\/\/zenkit.com\/de\/integrationen\/trello\/\"><img loading=\"lazy\" decoding=\"async\" width=\"280\" height=\"280\" src=\"https:\/\/zenkit.com\/wp-content\/uploads\/2025\/05\/trello-logo-1.webp\" alt=\"trello logo\" class=\"wp-image-112107\" style=\"width:80px\" srcset=\"https:\/\/zenkit.com\/wp-content\/uploads\/2025\/05\/trello-logo-1.webp 280w, https:\/\/zenkit.com\/wp-content\/uploads\/2025\/05\/trello-logo-1-150x150.webp 150w\" sizes=\"auto, (max-width: 280px) 100vw, 280px\" \/><\/a><\/figure>\n\n\n\n<figure class=\"wp-block-image size-full is-resized\"><a href=\"https:\/\/zenkit.com\/de\/integrationen\/asana\/\"><img loading=\"lazy\" decoding=\"async\" width=\"280\" height=\"280\" src=\"https:\/\/zenkit.com\/wp-content\/uploads\/2025\/05\/asana-logo.webp\" alt=\"asana logo\" class=\"wp-image-112117\" style=\"width:80px\" srcset=\"https:\/\/zenkit.com\/wp-content\/uploads\/2025\/05\/asana-logo.webp 280w, https:\/\/zenkit.com\/wp-content\/uploads\/2025\/05\/asana-logo-150x150.webp 150w\" sizes=\"auto, (max-width: 280px) 100vw, 280px\" \/><\/a><\/figure>\n\n\n\n<figure class=\"wp-block-image size-full is-resized\"><a href=\"https:\/\/zenkit.com\/de\/integrationen\/slack\/\"><img loading=\"lazy\" decoding=\"async\" width=\"297\" height=\"297\" src=\"https:\/\/zenkit.com\/wp-content\/uploads\/2025\/05\/slack-logo.webp\" alt=\"slack logo\" class=\"wp-image-112127\" style=\"width:80px\" srcset=\"https:\/\/zenkit.com\/wp-content\/uploads\/2025\/05\/slack-logo.webp 297w, https:\/\/zenkit.com\/wp-content\/uploads\/2025\/05\/slack-logo-150x150.webp 150w\" sizes=\"auto, (max-width: 297px) 100vw, 297px\" \/><\/a><\/figure>\n\n\n\n<figure class=\"wp-block-image size-full is-resized\"><a href=\"https:\/\/zenkit.com\/de\/integrationen\/gmail\/\"><img loading=\"lazy\" decoding=\"async\" width=\"512\" height=\"512\" src=\"https:\/\/zenkit.com\/wp-content\/uploads\/2025\/05\/Gmail-logo.webp\" alt=\"gmail logo\" class=\"wp-image-112137\" style=\"width:80px\" srcset=\"https:\/\/zenkit.com\/wp-content\/uploads\/2025\/05\/Gmail-logo.webp 512w, https:\/\/zenkit.com\/wp-content\/uploads\/2025\/05\/Gmail-logo-300x300.webp 300w, https:\/\/zenkit.com\/wp-content\/uploads\/2025\/05\/Gmail-logo-150x150.webp 150w\" sizes=\"auto, (max-width: 512px) 100vw, 512px\" \/><\/a><\/figure>\n\n\n\n<figure class=\"wp-block-image size-full is-resized\"><a href=\"https:\/\/zenkit.com\/de\/integrationen\/sharpspring\/\"><img loading=\"lazy\" decoding=\"async\" width=\"650\" height=\"650\" src=\"https:\/\/zenkit.com\/wp-content\/uploads\/2025\/05\/sharpspring-logo.webp\" alt=\"sharpspring logo\" class=\"wp-image-112147\" style=\"width:80px\" srcset=\"https:\/\/zenkit.com\/wp-content\/uploads\/2025\/05\/sharpspring-logo.webp 650w, https:\/\/zenkit.com\/wp-content\/uploads\/2025\/05\/sharpspring-logo-300x300.webp 300w, https:\/\/zenkit.com\/wp-content\/uploads\/2025\/05\/sharpspring-logo-150x150.webp 150w\" sizes=\"auto, (max-width: 650px) 100vw, 650px\" \/><\/a><\/figure>\n\n\n\n<figure class=\"wp-block-image size-full is-resized\"><img loading=\"lazy\" decoding=\"async\" width=\"1200\" height=\"1200\" src=\"https:\/\/zenkit.com\/wp-content\/uploads\/2025\/05\/zapier-logo.webp\" alt=\"zapier logo\" class=\"wp-image-112157\" style=\"width:80px\" srcset=\"https:\/\/zenkit.com\/wp-content\/uploads\/2025\/05\/zapier-logo.webp 1200w, https:\/\/zenkit.com\/wp-content\/uploads\/2025\/05\/zapier-logo-300x300.webp 300w, https:\/\/zenkit.com\/wp-content\/uploads\/2025\/05\/zapier-logo-1024x1024.webp 1024w, https:\/\/zenkit.com\/wp-content\/uploads\/2025\/05\/zapier-logo-150x150.webp 150w, https:\/\/zenkit.com\/wp-content\/uploads\/2025\/05\/zapier-logo-768x768.webp 768w\" sizes=\"auto, (max-width: 1200px) 100vw, 1200px\" \/><\/figure>\n<\/div>\n<\/div>\n<\/div>\n\n\n\n<div style=\"height:110px;--tablet-height:60px;--mobile-height:48px\" class=\"wp-block-lookeen-blocks-responsive-spacer\"><\/div>\n","protected":false},"excerpt":{"rendered":"<p>Cr\u00e9ez un tableau Kanban pour g\u00e9rer vos Projets Notre Kanban est une mani\u00e8re visuelle de suivre vos progr\u00e8s, cat\u00e9goriser vos t\u00e2ches facilement et valider les t\u00e2ches r\u00e9alis\u00e9es Organisez par cat\u00e9gories Choisissez la fa\u00e7on dont vous visualisez vos listes Kanban. Examinez les t\u00e2ches en relation avec leur progr\u00e8s, leur priorit\u00e9s, leurs types de t\u00e2che, et plus [&hellip;]<\/p>\n","protected":false},"author":1,"featured_media":0,"parent":126115,"menu_order":1,"comment_status":"closed","ping_status":"closed","template":"","meta":{"yasr_overall_rating":0,"yasr_post_is_review":"","yasr_auto_insert_disabled":"","yasr_review_type":"","footnotes":""},"class_list":["post-12023","page","type-page","status-publish","hentry"],"yoast_head":"<!-- This site is optimized with the Yoast SEO plugin v27.4 - https:\/\/yoast.com\/product\/yoast-seo-wordpress\/ -->\n<title>Tableaux Kanban | Zenkit<\/title>\n<meta name=\"description\" content=\"G\u00e9rez des projets intuitivement avec les tableaux kanban de Zenkit. Planifiez vos flux de travail, visualisez vos progr\u00e8s et identifiez les blocages dans votre organisation.\" \/>\n<meta name=\"robots\" content=\"index, follow, max-snippet:-1, max-image-preview:large, max-video-preview:-1\" \/>\n<link rel=\"canonical\" href=\"https:\/\/zenkit.com\/fr\/solutions\/tableaux-kanban\/\" \/>\n<meta property=\"og:locale\" content=\"fr_FR\" \/>\n<meta property=\"og:type\" content=\"article\" \/>\n<meta property=\"og:title\" content=\"Tableaux Kanban | Zenkit\" \/>\n<meta property=\"og:description\" content=\"G\u00e9rez des projets intuitivement avec les tableaux kanban de Zenkit. Planifiez vos flux de travail, visualisez vos progr\u00e8s et identifiez les blocages dans votre organisation.\" \/>\n<meta property=\"og:url\" content=\"https:\/\/zenkit.com\/fr\/solutions\/tableaux-kanban\/\" \/>\n<meta property=\"og:site_name\" content=\"Zenkit\" \/>\n<meta property=\"article:publisher\" content=\"https:\/\/www.facebook.com\/ZenkitHQ\" \/>\n<meta property=\"article:modified_time\" content=\"2025-08-24T22:14:58+00:00\" \/>\n<meta name=\"twitter:card\" content=\"summary_large_image\" \/>\n<meta name=\"twitter:site\" content=\"@ZenkitHQ\" \/>\n<meta name=\"twitter:label1\" content=\"Dur\u00e9e de lecture estim\u00e9e\" \/>\n\t<meta name=\"twitter:data1\" content=\"2 minutes\" \/>\n<script type=\"application\/ld+json\" class=\"yoast-schema-graph\">{\"@context\":\"https:\\\/\\\/schema.org\",\"@graph\":[{\"@type\":\"WebPage\",\"@id\":\"https:\\\/\\\/zenkit.com\\\/fr\\\/solutions\\\/tableaux-kanban\\\/\",\"url\":\"https:\\\/\\\/zenkit.com\\\/fr\\\/solutions\\\/tableaux-kanban\\\/\",\"name\":\"Tableaux Kanban | Zenkit\",\"isPartOf\":{\"@id\":\"https:\\\/\\\/zenkit.com\\\/fr\\\/#website\"},\"datePublished\":\"2018-06-23T15:18:52+00:00\",\"dateModified\":\"2025-08-24T22:14:58+00:00\",\"description\":\"G\u00e9rez des projets intuitivement avec les tableaux kanban de Zenkit. Planifiez vos flux de travail, visualisez vos progr\u00e8s et identifiez les blocages dans votre organisation.\",\"breadcrumb\":{\"@id\":\"https:\\\/\\\/zenkit.com\\\/fr\\\/solutions\\\/tableaux-kanban\\\/#breadcrumb\"},\"inLanguage\":\"fr-FR\",\"potentialAction\":[{\"@type\":\"ReadAction\",\"target\":[\"https:\\\/\\\/zenkit.com\\\/fr\\\/solutions\\\/tableaux-kanban\\\/\"]}]},{\"@type\":\"BreadcrumbList\",\"@id\":\"https:\\\/\\\/zenkit.com\\\/fr\\\/solutions\\\/tableaux-kanban\\\/#breadcrumb\",\"itemListElement\":[{\"@type\":\"ListItem\",\"position\":1,\"name\":\"Home\",\"item\":\"https:\\\/\\\/zenkit.com\\\/fr\\\/\"},{\"@type\":\"ListItem\",\"position\":2,\"name\":\"Solutions\",\"item\":\"https:\\\/\\\/zenkit.com\\\/fr\\\/solutions\\\/\"},{\"@type\":\"ListItem\",\"position\":3,\"name\":\"Tableaux Kanban sp\u00e9ciaux\"}]},{\"@type\":\"WebSite\",\"@id\":\"https:\\\/\\\/zenkit.com\\\/fr\\\/#website\",\"url\":\"https:\\\/\\\/zenkit.com\\\/fr\\\/\",\"name\":\"Zenkit\",\"description\":\"Zenkit Tagline\",\"potentialAction\":[{\"@type\":\"SearchAction\",\"target\":{\"@type\":\"EntryPoint\",\"urlTemplate\":\"https:\\\/\\\/zenkit.com\\\/fr\\\/?s={search_term_string}\"},\"query-input\":{\"@type\":\"PropertyValueSpecification\",\"valueRequired\":true,\"valueName\":\"search_term_string\"}}],\"inLanguage\":\"fr-FR\"},false]}<\/script>\n<!-- \/ Yoast SEO plugin. -->","yoast_head_json":{"title":"Tableaux Kanban | Zenkit","description":"G\u00e9rez des projets intuitivement avec les tableaux kanban de Zenkit. Planifiez vos flux de travail, visualisez vos progr\u00e8s et identifiez les blocages dans votre organisation.","robots":{"index":"index","follow":"follow","max-snippet":"max-snippet:-1","max-image-preview":"max-image-preview:large","max-video-preview":"max-video-preview:-1"},"canonical":"https:\/\/zenkit.com\/fr\/solutions\/tableaux-kanban\/","og_locale":"fr_FR","og_type":"article","og_title":"Tableaux Kanban | Zenkit","og_description":"G\u00e9rez des projets intuitivement avec les tableaux kanban de Zenkit. Planifiez vos flux de travail, visualisez vos progr\u00e8s et identifiez les blocages dans votre organisation.","og_url":"https:\/\/zenkit.com\/fr\/solutions\/tableaux-kanban\/","og_site_name":"Zenkit","article_publisher":"https:\/\/www.facebook.com\/ZenkitHQ","article_modified_time":"2025-08-24T22:14:58+00:00","twitter_card":"summary_large_image","twitter_site":"@ZenkitHQ","twitter_misc":{"Dur\u00e9e de lecture estim\u00e9e":"2 minutes"},"schema":{"@context":"https:\/\/schema.org","@graph":[{"@type":"WebPage","@id":"https:\/\/zenkit.com\/fr\/solutions\/tableaux-kanban\/","url":"https:\/\/zenkit.com\/fr\/solutions\/tableaux-kanban\/","name":"Tableaux Kanban | Zenkit","isPartOf":{"@id":"https:\/\/zenkit.com\/fr\/#website"},"datePublished":"2018-06-23T15:18:52+00:00","dateModified":"2025-08-24T22:14:58+00:00","description":"G\u00e9rez des projets intuitivement avec les tableaux kanban de Zenkit. Planifiez vos flux de travail, visualisez vos progr\u00e8s et identifiez les blocages dans votre organisation.","breadcrumb":{"@id":"https:\/\/zenkit.com\/fr\/solutions\/tableaux-kanban\/#breadcrumb"},"inLanguage":"fr-FR","potentialAction":[{"@type":"ReadAction","target":["https:\/\/zenkit.com\/fr\/solutions\/tableaux-kanban\/"]}]},{"@type":"BreadcrumbList","@id":"https:\/\/zenkit.com\/fr\/solutions\/tableaux-kanban\/#breadcrumb","itemListElement":[{"@type":"ListItem","position":1,"name":"Home","item":"https:\/\/zenkit.com\/fr\/"},{"@type":"ListItem","position":2,"name":"Solutions","item":"https:\/\/zenkit.com\/fr\/solutions\/"},{"@type":"ListItem","position":3,"name":"Tableaux Kanban sp\u00e9ciaux"}]},{"@type":"WebSite","@id":"https:\/\/zenkit.com\/fr\/#website","url":"https:\/\/zenkit.com\/fr\/","name":"Zenkit","description":"Zenkit Tagline","potentialAction":[{"@type":"SearchAction","target":{"@type":"EntryPoint","urlTemplate":"https:\/\/zenkit.com\/fr\/?s={search_term_string}"},"query-input":{"@type":"PropertyValueSpecification","valueRequired":true,"valueName":"search_term_string"}}],"inLanguage":"fr-FR"},false]}},"yasr_visitor_votes":{"stars_attributes":{"read_only":false,"span_bottom":false},"number_of_votes":0,"sum_votes":0},"_links":{"self":[{"href":"https:\/\/zenkit.com\/fr\/wp-json\/wp\/v2\/pages\/12023","targetHints":{"allow":["GET"]}}],"collection":[{"href":"https:\/\/zenkit.com\/fr\/wp-json\/wp\/v2\/pages"}],"about":[{"href":"https:\/\/zenkit.com\/fr\/wp-json\/wp\/v2\/types\/page"}],"author":[{"embeddable":true,"href":"https:\/\/zenkit.com\/fr\/wp-json\/wp\/v2\/users\/1"}],"replies":[{"embeddable":true,"href":"https:\/\/zenkit.com\/fr\/wp-json\/wp\/v2\/comments?post=12023"}],"version-history":[{"count":1,"href":"https:\/\/zenkit.com\/fr\/wp-json\/wp\/v2\/pages\/12023\/revisions"}],"predecessor-version":[{"id":129561,"href":"https:\/\/zenkit.com\/fr\/wp-json\/wp\/v2\/pages\/12023\/revisions\/129561"}],"up":[{"embeddable":true,"href":"https:\/\/zenkit.com\/fr\/wp-json\/wp\/v2\/pages\/126115"}],"wp:attachment":[{"href":"https:\/\/zenkit.com\/fr\/wp-json\/wp\/v2\/media?parent=12023"}],"curies":[{"name":"wp","href":"https:\/\/api.w.org\/{rel}","templated":true}]}}