{"id":12027,"date":"2018-06-23T17:35:05","date_gmt":"2018-06-23T15:35:05","guid":{"rendered":"https:\/\/zenkit.com\/?page_id=12027"},"modified":"2019-05-24T14:16:51","modified_gmt":"2019-05-24T12:16:51","slug":"carte-mentale","status":"publish","type":"page","link":"https:\/\/zenkit.com\/fr\/solutions\/mind-map\/carte-mentale\/","title":{"rendered":"Carte Mentale"},"content":{"rendered":"","protected":false},"excerpt":{"rendered":"","protected":false},"author":1,"featured_media":0,"parent":72489,"menu_order":0,"comment_status":"closed","ping_status":"closed","template":"template-use-cases-subpage-mind.php","meta":{"yasr_overall_rating":0,"yasr_post_is_review":"","yasr_auto_insert_disabled":"","yasr_review_type":"","footnotes":""},"class_list":["post-12027","page","type-page","status-publish","hentry"],"yoast_head":"<!-- This site is optimized with the Yoast SEO plugin v27.4 - https:\/\/yoast.com\/product\/yoast-seo-wordpress\/ -->\n<title>Logiciel de Carte Mentale | Zenkit<\/title>\n<meta name=\"description\" content=\"Profitez de l\u2019augmentation du potentiel de cr\u00e9ativit\u00e9 que les cartes mentales vous offrent. Collaborez efficacement, planifiez strat\u00e9giquement et apportez de la cr\u00e9ativit\u00e9 \u00e0 vos projets\" \/>\n<meta name=\"robots\" content=\"index, follow, max-snippet:-1, max-image-preview:large, max-video-preview:-1\" \/>\n<link rel=\"canonical\" href=\"https:\/\/zenkit.com\/fr\/solutions\/mind-map\/carte-mentale\/\" \/>\n<meta property=\"og:locale\" content=\"fr_FR\" \/>\n<meta property=\"og:type\" content=\"article\" \/>\n<meta property=\"og:title\" content=\"Logiciel de Carte Mentale | Zenkit\" \/>\n<meta property=\"og:description\" content=\"Profitez de l\u2019augmentation du potentiel de cr\u00e9ativit\u00e9 que les cartes mentales vous offrent. Collaborez efficacement, planifiez strat\u00e9giquement et apportez de la cr\u00e9ativit\u00e9 \u00e0 vos projets\" \/>\n<meta property=\"og:url\" content=\"https:\/\/zenkit.com\/fr\/solutions\/mind-map\/carte-mentale\/\" \/>\n<meta property=\"og:site_name\" content=\"Zenkit\" \/>\n<meta property=\"article:publisher\" content=\"https:\/\/www.facebook.com\/ZenkitHQ\" \/>\n<meta property=\"article:modified_time\" content=\"2019-05-24T12:16:51+00:00\" \/>\n<meta name=\"twitter:card\" content=\"summary_large_image\" \/>\n<meta name=\"twitter:site\" content=\"@ZenkitHQ\" \/>\n<script type=\"application\/ld+json\" class=\"yoast-schema-graph\">{\"@context\":\"https:\\\/\\\/schema.org\",\"@graph\":[{\"@type\":\"WebPage\",\"@id\":\"https:\\\/\\\/zenkit.com\\\/fr\\\/solutions\\\/mind-map\\\/carte-mentale\\\/\",\"url\":\"https:\\\/\\\/zenkit.com\\\/fr\\\/solutions\\\/mind-map\\\/carte-mentale\\\/\",\"name\":\"Logiciel de Carte Mentale | Zenkit\",\"isPartOf\":{\"@id\":\"https:\\\/\\\/zenkit.com\\\/fr\\\/#website\"},\"datePublished\":\"2018-06-23T15:35:05+00:00\",\"dateModified\":\"2019-05-24T12:16:51+00:00\",\"description\":\"Profitez de l\u2019augmentation du potentiel de cr\u00e9ativit\u00e9 que les cartes mentales vous offrent. Collaborez efficacement, planifiez strat\u00e9giquement et apportez de la cr\u00e9ativit\u00e9 \u00e0 vos projets\",\"breadcrumb\":{\"@id\":\"https:\\\/\\\/zenkit.com\\\/fr\\\/solutions\\\/mind-map\\\/carte-mentale\\\/#breadcrumb\"},\"inLanguage\":\"fr-FR\",\"potentialAction\":[{\"@type\":\"ReadAction\",\"target\":[\"https:\\\/\\\/zenkit.com\\\/fr\\\/solutions\\\/mind-map\\\/carte-mentale\\\/\"]}]},{\"@type\":\"BreadcrumbList\",\"@id\":\"https:\\\/\\\/zenkit.com\\\/fr\\\/solutions\\\/mind-map\\\/carte-mentale\\\/#breadcrumb\",\"itemListElement\":[{\"@type\":\"ListItem\",\"position\":1,\"name\":\"Home\",\"item\":\"https:\\\/\\\/zenkit.com\\\/fr\\\/\"},{\"@type\":\"ListItem\",\"position\":2,\"name\":\"Solutions\",\"item\":\"https:\\\/\\\/zenkit.com\\\/fr\\\/solutions\\\/\"},{\"@type\":\"ListItem\",\"position\":3,\"name\":\"Mind Map\",\"item\":\"https:\\\/\\\/zenkit.com\\\/fr\\\/solutions\\\/mind-map\\\/\"},{\"@type\":\"ListItem\",\"position\":4,\"name\":\"Carte Mentale\"}]},{\"@type\":\"WebSite\",\"@id\":\"https:\\\/\\\/zenkit.com\\\/fr\\\/#website\",\"url\":\"https:\\\/\\\/zenkit.com\\\/fr\\\/\",\"name\":\"Zenkit\",\"description\":\"Zenkit Tagline\",\"potentialAction\":[{\"@type\":\"SearchAction\",\"target\":{\"@type\":\"EntryPoint\",\"urlTemplate\":\"https:\\\/\\\/zenkit.com\\\/fr\\\/?s={search_term_string}\"},\"query-input\":{\"@type\":\"PropertyValueSpecification\",\"valueRequired\":true,\"valueName\":\"search_term_string\"}}],\"inLanguage\":\"fr-FR\"},false]}<\/script>\n<!-- \/ Yoast SEO plugin. -->","yoast_head_json":{"title":"Logiciel de Carte Mentale | Zenkit","description":"Profitez de l\u2019augmentation du potentiel de cr\u00e9ativit\u00e9 que les cartes mentales vous offrent. Collaborez efficacement, planifiez strat\u00e9giquement et apportez de la cr\u00e9ativit\u00e9 \u00e0 vos projets","robots":{"index":"index","follow":"follow","max-snippet":"max-snippet:-1","max-image-preview":"max-image-preview:large","max-video-preview":"max-video-preview:-1"},"canonical":"https:\/\/zenkit.com\/fr\/solutions\/mind-map\/carte-mentale\/","og_locale":"fr_FR","og_type":"article","og_title":"Logiciel de Carte Mentale | Zenkit","og_description":"Profitez de l\u2019augmentation du potentiel de cr\u00e9ativit\u00e9 que les cartes mentales vous offrent. Collaborez efficacement, planifiez strat\u00e9giquement et apportez de la cr\u00e9ativit\u00e9 \u00e0 vos projets","og_url":"https:\/\/zenkit.com\/fr\/solutions\/mind-map\/carte-mentale\/","og_site_name":"Zenkit","article_publisher":"https:\/\/www.facebook.com\/ZenkitHQ","article_modified_time":"2019-05-24T12:16:51+00:00","twitter_card":"summary_large_image","twitter_site":"@ZenkitHQ","schema":{"@context":"https:\/\/schema.org","@graph":[{"@type":"WebPage","@id":"https:\/\/zenkit.com\/fr\/solutions\/mind-map\/carte-mentale\/","url":"https:\/\/zenkit.com\/fr\/solutions\/mind-map\/carte-mentale\/","name":"Logiciel de Carte Mentale | Zenkit","isPartOf":{"@id":"https:\/\/zenkit.com\/fr\/#website"},"datePublished":"2018-06-23T15:35:05+00:00","dateModified":"2019-05-24T12:16:51+00:00","description":"Profitez de l\u2019augmentation du potentiel de cr\u00e9ativit\u00e9 que les cartes mentales vous offrent. Collaborez efficacement, planifiez strat\u00e9giquement et apportez de la cr\u00e9ativit\u00e9 \u00e0 vos projets","breadcrumb":{"@id":"https:\/\/zenkit.com\/fr\/solutions\/mind-map\/carte-mentale\/#breadcrumb"},"inLanguage":"fr-FR","potentialAction":[{"@type":"ReadAction","target":["https:\/\/zenkit.com\/fr\/solutions\/mind-map\/carte-mentale\/"]}]},{"@type":"BreadcrumbList","@id":"https:\/\/zenkit.com\/fr\/solutions\/mind-map\/carte-mentale\/#breadcrumb","itemListElement":[{"@type":"ListItem","position":1,"name":"Home","item":"https:\/\/zenkit.com\/fr\/"},{"@type":"ListItem","position":2,"name":"Solutions","item":"https:\/\/zenkit.com\/fr\/solutions\/"},{"@type":"ListItem","position":3,"name":"Mind Map","item":"https:\/\/zenkit.com\/fr\/solutions\/mind-map\/"},{"@type":"ListItem","position":4,"name":"Carte Mentale"}]},{"@type":"WebSite","@id":"https:\/\/zenkit.com\/fr\/#website","url":"https:\/\/zenkit.com\/fr\/","name":"Zenkit","description":"Zenkit Tagline","potentialAction":[{"@type":"SearchAction","target":{"@type":"EntryPoint","urlTemplate":"https:\/\/zenkit.com\/fr\/?s={search_term_string}"},"query-input":{"@type":"PropertyValueSpecification","valueRequired":true,"valueName":"search_term_string"}}],"inLanguage":"fr-FR"},false]}},"yasr_visitor_votes":{"stars_attributes":{"read_only":false,"span_bottom":false},"number_of_votes":0,"sum_votes":0},"_links":{"self":[{"href":"https:\/\/zenkit.com\/fr\/wp-json\/wp\/v2\/pages\/12027","targetHints":{"allow":["GET"]}}],"collection":[{"href":"https:\/\/zenkit.com\/fr\/wp-json\/wp\/v2\/pages"}],"about":[{"href":"https:\/\/zenkit.com\/fr\/wp-json\/wp\/v2\/types\/page"}],"author":[{"embeddable":true,"href":"https:\/\/zenkit.com\/fr\/wp-json\/wp\/v2\/users\/1"}],"replies":[{"embeddable":true,"href":"https:\/\/zenkit.com\/fr\/wp-json\/wp\/v2\/comments?post=12027"}],"version-history":[{"count":0,"href":"https:\/\/zenkit.com\/fr\/wp-json\/wp\/v2\/pages\/12027\/revisions"}],"up":[{"embeddable":true,"href":"https:\/\/zenkit.com\/fr\/wp-json\/wp\/v2\/pages\/72489"}],"wp:attachment":[{"href":"https:\/\/zenkit.com\/fr\/wp-json\/wp\/v2\/media?parent=12027"}],"curies":[{"name":"wp","href":"https:\/\/api.w.org\/{rel}","templated":true}]}}