{"id":122791,"date":"2025-07-27T16:26:54","date_gmt":"2025-07-27T14:26:54","guid":{"rendered":"https:\/\/zenkit.com\/?page_id=122791"},"modified":"2025-12-24T17:11:18","modified_gmt":"2025-12-24T16:11:18","slug":"googledrive-zenkit","status":"publish","type":"page","link":"https:\/\/zenkit.com\/fr\/integrations\/googledrive-zenkit\/","title":{"rendered":"Google Drive"},"content":{"rendered":"\n<div style=\"height:45px;--tablet-height:45px;--mobile-height:16px\" class=\"wp-block-lookeen-blocks-responsive-spacer\"><\/div>\n\n\n\n<div class=\"wp-block-group has-global-padding is-layout-constrained wp-block-group-is-layout-constrained\">\n<div class=\"wp-block-columns is-layout-flex wp-container-core-columns-is-layout-467d341d wp-block-columns-is-layout-flex\" id=\"main__integrations\" style=\"margin-top:0px;margin-bottom:0px\">\n<div class=\"wp-block-column side__bar__integrations is-layout-flow wp-block-column-is-layout-flow\" style=\"flex-basis:23%\">\n<h2 class=\"wp-block-heading has-da-blue-color-new has-text-color has-link-color wp-elements-26b17b10206779d29672b2b690928649\" style=\"margin-top:0px;margin-bottom:0px;font-size:16px;line-height:1.5\">File Sharing Integrations<\/h2>\n\n\n<nav class=\"is-vertical integrations__menu wp-block-navigation is-layout-flex wp-container-core-navigation-is-layout-5f9f5280 wp-block-navigation-is-layout-flex\" aria-label=\"fr-integrations-file-sharing\"><ul class=\"wp-block-navigation__container  is-vertical integrations__menu wp-block-navigation\"><li class=\" wp-block-navigation-item wp-block-navigation-link\"><a class=\"wp-block-navigation-item__content\"  href=\"https:\/\/zenkit.com\/fr\/box\/\"><span class=\"wp-block-navigation-item__label\">Box<\/span><\/a><\/li><li class=\" wp-block-navigation-item wp-block-navigation-link\"><a class=\"wp-block-navigation-item__content\"  href=\"https:\/\/zenkit.com\/fr\/dropbox\/\"><span class=\"wp-block-navigation-item__label\">Dropbox<\/span><\/a><\/li><li class=\" wp-block-navigation-item wp-block-navigation-link\"><a class=\"wp-block-navigation-item__content\"  href=\"https:\/\/zenkit.com\/fr\/google-drive\/\"><span class=\"wp-block-navigation-item__label\">Google Drive<\/span><\/a><\/li><\/ul><\/nav><\/div>\n\n\n\n<div class=\"wp-block-column content__integrations is-layout-flow wp-block-column-is-layout-flow\" style=\"flex-basis:77%\">\n<div class=\"wp-block-group title is-layout-flex wp-container-core-group-is-layout-ed4b00df wp-block-group-is-layout-flex\">\n<figure class=\"wp-block-image size-full is-resized\"><img loading=\"lazy\" decoding=\"async\" width=\"128\" height=\"128\" src=\"https:\/\/zenkit.com\/wp-content\/uploads\/2025\/07\/google-drive-logo.webp\" alt=\"\" class=\"wp-image-116941\" style=\"width:auto;height:46px\"\/><\/figure>\n\n\n\n<h1 class=\"wp-block-heading\">Google Drive and Zenkit<\/h1>\n<\/div>\n\n\n\n<div class=\"wp-block-group has-global-padding is-layout-constrained wp-block-group-is-layout-constrained\">\n<p>Acc\u00e9dez aux documents stock\u00e9s dans votre Google Drive directement depuis Zenkit pour joindre des fichiers aux items.<\/p>\n<\/div>\n\n\n\n<div style=\"height:48px;--tablet-height:36px;--mobile-height:24px\" class=\"wp-block-lookeen-blocks-responsive-spacer\"><\/div>\n\n\n\n<div class=\"wp-block-group has-global-padding is-layout-constrained wp-block-group-is-layout-constrained\">\n<figure class=\"wp-block-image size-full\" style=\"margin-top:0px;margin-bottom:0px\"><img loading=\"lazy\" decoding=\"async\" width=\"440\" height=\"542\" src=\"https:\/\/zenkit.com\/wp-content\/uploads\/2025\/07\/6Tg9RXDLBNhzcbVILTuhxUg_e6FrcYXW-w.png\" alt=\"\" class=\"wp-image-116965\" srcset=\"https:\/\/zenkit.com\/wp-content\/uploads\/2025\/07\/6Tg9RXDLBNhzcbVILTuhxUg_e6FrcYXW-w.png 440w, https:\/\/zenkit.com\/wp-content\/uploads\/2025\/07\/6Tg9RXDLBNhzcbVILTuhxUg_e6FrcYXW-w-244x300.png 244w\" sizes=\"auto, (max-width: 440px) 100vw, 440px\" \/><\/figure>\n<\/div>\n\n\n\n<div style=\"height:48px;--tablet-height:36px;--mobile-height:24px\" class=\"wp-block-lookeen-blocks-responsive-spacer\"><\/div>\n\n\n\n<div class=\"wp-block-group has-global-padding is-layout-constrained wp-block-group-is-layout-constrained\">\n<h3 class=\"wp-block-heading display-h2\">\u00c0 propos de l\u2019int\u00e9gration de Google Drive<\/h3>\n\n\n\n<p>Google Drive est un syst\u00e8me de stockage cloud collaboratif.<\/p>\n<\/div>\n\n\n\n<div style=\"height:48px;--tablet-height:36px;--mobile-height:24px\" class=\"wp-block-lookeen-blocks-responsive-spacer\"><\/div>\n\n\n\n<div class=\"wp-block-group has-global-padding is-layout-constrained wp-block-group-is-layout-constrained\">\n<h3 class=\"wp-block-heading display-h2\">Connectez Google Drive avec Zenkit<\/h3>\n\n\n\n<ol class=\"wp-block-list is-style-default list__style__position-inside\">\n<li><a href=\"https:\/\/accounts.google.com\/SignUp\" target=\"_blank\" rel=\"noreferrer noopener\">Cr\u00e9ez&nbsp;<\/a>un compte Google pour recevoir acc\u00e8s \u00e0 Google Drive.<\/li>\n\n\n\n<li><a href=\"https:\/\/zenkit.com\/documentation#\/lists\/HJQBQ1Hw\/sections\/S1Kl95zA\/entries\/ryTBjcG0?_k=jn43tj\" target=\"_blank\" rel=\"noreferrer noopener\">Cr\u00e9ez&nbsp;<\/a>un champ de fichier dans votre collection.<\/li>\n\n\n\n<li>Allez \u00e0 \u00ab&nbsp;Ajouter fichier\u2026&nbsp;\u00bb dans le panneau de d\u00e9tail de&nbsp;l\u2019item&nbsp;d\u00e9sir\u00e9.<\/li>\n\n\n\n<li>Choisissez Google Drive dans les options de t\u00e9l\u00e9chargement affich\u00e9es.<\/li>\n\n\n\n<li>S\u00e9lectionnez un fichier de votre Google Drive et cliquez sur \u00abChoisir\u00bb.<\/li>\n\n\n\n<li>Votre fichier Google Drive appara\u00eetra dans la liste de fichiers joints.<\/li>\n<\/ol>\n<\/div>\n\n\n\n<div style=\"height:48px;--tablet-height:36px;--mobile-height:24px\" class=\"wp-block-lookeen-blocks-responsive-spacer\"><\/div>\n\n\n\n<div class=\"wp-block-group has-global-padding is-layout-constrained wp-block-group-is-layout-constrained\">\n<h3 class=\"wp-block-heading display-h2\">Support<\/h3>\n\n\n\n<p>Cette int\u00e9gration est r\u00e9alis\u00e9e par Zenkit. Si vous rencontrez des probl\u00e8mes, veuillez\u00a0<a href=\"https:\/\/zenkit.com\/fr\/contact\/\">nous contactez<\/a>.<\/p>\n<\/div>\n<\/div>\n<\/div>\n<\/div>\n\n\n\n<div style=\"height:110px;--tablet-height:60px;--mobile-height:48px\" class=\"wp-block-lookeen-blocks-responsive-spacer\"><\/div>\n","protected":false},"excerpt":{"rendered":"<p>File Sharing Integrations Google Drive and Zenkit Acc\u00e9dez aux documents stock\u00e9s dans votre Google Drive directement depuis Zenkit pour joindre des fichiers aux items. \u00c0 propos de l\u2019int\u00e9gration de Google Drive Google Drive est un syst\u00e8me de stockage cloud collaboratif. Connectez Google Drive avec Zenkit Support Cette int\u00e9gration est r\u00e9alis\u00e9e par Zenkit. Si vous rencontrez [&hellip;]<\/p>\n","protected":false},"author":9,"featured_media":0,"parent":122713,"menu_order":14,"comment_status":"closed","ping_status":"closed","template":"","meta":{"yasr_overall_rating":0,"yasr_post_is_review":"","yasr_auto_insert_disabled":"","yasr_review_type":"","footnotes":""},"class_list":["post-122791","page","type-page","status-publish","hentry"],"yoast_head":"<!-- This site is optimized with the Yoast SEO plugin v27.3 - https:\/\/yoast.com\/product\/yoast-seo-wordpress\/ -->\n<title>Google Drive | Zenkit<\/title>\n<meta name=\"robots\" content=\"index, follow, max-snippet:-1, max-image-preview:large, max-video-preview:-1\" \/>\n<link rel=\"canonical\" href=\"https:\/\/zenkit.com\/fr\/integrations\/googledrive-zenkit\/\" \/>\n<meta property=\"og:locale\" content=\"fr_FR\" \/>\n<meta property=\"og:type\" content=\"article\" \/>\n<meta property=\"og:title\" content=\"Google Drive | Zenkit\" \/>\n<meta property=\"og:description\" content=\"File Sharing Integrations Google Drive and Zenkit Acc\u00e9dez aux documents stock\u00e9s dans votre Google Drive directement depuis Zenkit pour joindre des fichiers aux items. \u00c0 propos de l\u2019int\u00e9gration de Google Drive Google Drive est un syst\u00e8me de stockage cloud collaboratif. Connectez Google Drive avec Zenkit Support Cette int\u00e9gration est r\u00e9alis\u00e9e par Zenkit. Si vous rencontrez [&hellip;]\" \/>\n<meta property=\"og:url\" content=\"https:\/\/zenkit.com\/fr\/integrations\/googledrive-zenkit\/\" \/>\n<meta property=\"og:site_name\" content=\"Zenkit\" \/>\n<meta property=\"article:publisher\" content=\"https:\/\/www.facebook.com\/ZenkitHQ\" \/>\n<meta property=\"article:modified_time\" content=\"2025-12-24T16:11:18+00:00\" \/>\n<meta property=\"og:image\" content=\"https:\/\/zenkit.com\/wp-content\/uploads\/2025\/07\/google-drive-logo.webp\" \/>\n\t<meta property=\"og:image:width\" content=\"128\" \/>\n\t<meta property=\"og:image:height\" content=\"128\" \/>\n\t<meta property=\"og:image:type\" content=\"image\/webp\" \/>\n<meta name=\"twitter:card\" content=\"summary_large_image\" \/>\n<meta name=\"twitter:site\" content=\"@ZenkitHQ\" \/>\n<meta name=\"twitter:label1\" content=\"Dur\u00e9e de lecture estim\u00e9e\" \/>\n\t<meta name=\"twitter:data1\" content=\"5 minutes\" \/>\n<script type=\"application\/ld+json\" class=\"yoast-schema-graph\">{\"@context\":\"https:\\\/\\\/schema.org\",\"@graph\":[{\"@type\":\"WebPage\",\"@id\":\"https:\\\/\\\/zenkit.com\\\/fr\\\/integrations\\\/googledrive-zenkit\\\/\",\"url\":\"https:\\\/\\\/zenkit.com\\\/fr\\\/integrations\\\/googledrive-zenkit\\\/\",\"name\":\"Google Drive | Zenkit\",\"isPartOf\":{\"@id\":\"https:\\\/\\\/zenkit.com\\\/fr\\\/#website\"},\"primaryImageOfPage\":{\"@id\":\"https:\\\/\\\/zenkit.com\\\/fr\\\/integrations\\\/googledrive-zenkit\\\/#primaryimage\"},\"image\":{\"@id\":\"https:\\\/\\\/zenkit.com\\\/fr\\\/integrations\\\/googledrive-zenkit\\\/#primaryimage\"},\"thumbnailUrl\":\"https:\\\/\\\/zenkit.com\\\/wp-content\\\/uploads\\\/2025\\\/07\\\/google-drive-logo.webp\",\"datePublished\":\"2025-07-27T14:26:54+00:00\",\"dateModified\":\"2025-12-24T16:11:18+00:00\",\"breadcrumb\":{\"@id\":\"https:\\\/\\\/zenkit.com\\\/fr\\\/integrations\\\/googledrive-zenkit\\\/#breadcrumb\"},\"inLanguage\":\"fr-FR\",\"potentialAction\":[{\"@type\":\"ReadAction\",\"target\":[\"https:\\\/\\\/zenkit.com\\\/fr\\\/integrations\\\/googledrive-zenkit\\\/\"]}]},{\"@type\":\"ImageObject\",\"inLanguage\":\"fr-FR\",\"@id\":\"https:\\\/\\\/zenkit.com\\\/fr\\\/integrations\\\/googledrive-zenkit\\\/#primaryimage\",\"url\":\"https:\\\/\\\/zenkit.com\\\/wp-content\\\/uploads\\\/2025\\\/07\\\/google-drive-logo.webp\",\"contentUrl\":\"https:\\\/\\\/zenkit.com\\\/wp-content\\\/uploads\\\/2025\\\/07\\\/google-drive-logo.webp\"},{\"@type\":\"BreadcrumbList\",\"@id\":\"https:\\\/\\\/zenkit.com\\\/fr\\\/integrations\\\/googledrive-zenkit\\\/#breadcrumb\",\"itemListElement\":[{\"@type\":\"ListItem\",\"position\":1,\"name\":\"Home\",\"item\":\"https:\\\/\\\/zenkit.com\\\/fr\\\/\"},{\"@type\":\"ListItem\",\"position\":2,\"name\":\"Integrations\",\"item\":\"https:\\\/\\\/zenkit.com\\\/fr\\\/integrations\\\/\"},{\"@type\":\"ListItem\",\"position\":3,\"name\":\"Google Drive\"}]},{\"@type\":\"WebSite\",\"@id\":\"https:\\\/\\\/zenkit.com\\\/fr\\\/#website\",\"url\":\"https:\\\/\\\/zenkit.com\\\/fr\\\/\",\"name\":\"Zenkit\",\"description\":\"Zenkit Tagline\",\"potentialAction\":[{\"@type\":\"SearchAction\",\"target\":{\"@type\":\"EntryPoint\",\"urlTemplate\":\"https:\\\/\\\/zenkit.com\\\/fr\\\/?s={search_term_string}\"},\"query-input\":{\"@type\":\"PropertyValueSpecification\",\"valueRequired\":true,\"valueName\":\"search_term_string\"}}],\"inLanguage\":\"fr-FR\"},false]}<\/script>\n<!-- \/ Yoast SEO plugin. -->","yoast_head_json":{"title":"Google Drive | Zenkit","robots":{"index":"index","follow":"follow","max-snippet":"max-snippet:-1","max-image-preview":"max-image-preview:large","max-video-preview":"max-video-preview:-1"},"canonical":"https:\/\/zenkit.com\/fr\/integrations\/googledrive-zenkit\/","og_locale":"fr_FR","og_type":"article","og_title":"Google Drive | Zenkit","og_description":"File Sharing Integrations Google Drive and Zenkit Acc\u00e9dez aux documents stock\u00e9s dans votre Google Drive directement depuis Zenkit pour joindre des fichiers aux items. \u00c0 propos de l\u2019int\u00e9gration de Google Drive Google Drive est un syst\u00e8me de stockage cloud collaboratif. Connectez Google Drive avec Zenkit Support Cette int\u00e9gration est r\u00e9alis\u00e9e par Zenkit. Si vous rencontrez [&hellip;]","og_url":"https:\/\/zenkit.com\/fr\/integrations\/googledrive-zenkit\/","og_site_name":"Zenkit","article_publisher":"https:\/\/www.facebook.com\/ZenkitHQ","article_modified_time":"2025-12-24T16:11:18+00:00","og_image":[{"width":128,"height":128,"url":"https:\/\/zenkit.com\/wp-content\/uploads\/2025\/07\/google-drive-logo.webp","type":"image\/webp"}],"twitter_card":"summary_large_image","twitter_site":"@ZenkitHQ","twitter_misc":{"Dur\u00e9e de lecture estim\u00e9e":"5 minutes"},"schema":{"@context":"https:\/\/schema.org","@graph":[{"@type":"WebPage","@id":"https:\/\/zenkit.com\/fr\/integrations\/googledrive-zenkit\/","url":"https:\/\/zenkit.com\/fr\/integrations\/googledrive-zenkit\/","name":"Google Drive | Zenkit","isPartOf":{"@id":"https:\/\/zenkit.com\/fr\/#website"},"primaryImageOfPage":{"@id":"https:\/\/zenkit.com\/fr\/integrations\/googledrive-zenkit\/#primaryimage"},"image":{"@id":"https:\/\/zenkit.com\/fr\/integrations\/googledrive-zenkit\/#primaryimage"},"thumbnailUrl":"https:\/\/zenkit.com\/wp-content\/uploads\/2025\/07\/google-drive-logo.webp","datePublished":"2025-07-27T14:26:54+00:00","dateModified":"2025-12-24T16:11:18+00:00","breadcrumb":{"@id":"https:\/\/zenkit.com\/fr\/integrations\/googledrive-zenkit\/#breadcrumb"},"inLanguage":"fr-FR","potentialAction":[{"@type":"ReadAction","target":["https:\/\/zenkit.com\/fr\/integrations\/googledrive-zenkit\/"]}]},{"@type":"ImageObject","inLanguage":"fr-FR","@id":"https:\/\/zenkit.com\/fr\/integrations\/googledrive-zenkit\/#primaryimage","url":"https:\/\/zenkit.com\/wp-content\/uploads\/2025\/07\/google-drive-logo.webp","contentUrl":"https:\/\/zenkit.com\/wp-content\/uploads\/2025\/07\/google-drive-logo.webp"},{"@type":"BreadcrumbList","@id":"https:\/\/zenkit.com\/fr\/integrations\/googledrive-zenkit\/#breadcrumb","itemListElement":[{"@type":"ListItem","position":1,"name":"Home","item":"https:\/\/zenkit.com\/fr\/"},{"@type":"ListItem","position":2,"name":"Integrations","item":"https:\/\/zenkit.com\/fr\/integrations\/"},{"@type":"ListItem","position":3,"name":"Google Drive"}]},{"@type":"WebSite","@id":"https:\/\/zenkit.com\/fr\/#website","url":"https:\/\/zenkit.com\/fr\/","name":"Zenkit","description":"Zenkit Tagline","potentialAction":[{"@type":"SearchAction","target":{"@type":"EntryPoint","urlTemplate":"https:\/\/zenkit.com\/fr\/?s={search_term_string}"},"query-input":{"@type":"PropertyValueSpecification","valueRequired":true,"valueName":"search_term_string"}}],"inLanguage":"fr-FR"},false]}},"yasr_visitor_votes":{"stars_attributes":{"read_only":false,"span_bottom":false},"number_of_votes":0,"sum_votes":0},"_links":{"self":[{"href":"https:\/\/zenkit.com\/fr\/wp-json\/wp\/v2\/pages\/122791","targetHints":{"allow":["GET"]}}],"collection":[{"href":"https:\/\/zenkit.com\/fr\/wp-json\/wp\/v2\/pages"}],"about":[{"href":"https:\/\/zenkit.com\/fr\/wp-json\/wp\/v2\/types\/page"}],"author":[{"embeddable":true,"href":"https:\/\/zenkit.com\/fr\/wp-json\/wp\/v2\/users\/9"}],"replies":[{"embeddable":true,"href":"https:\/\/zenkit.com\/fr\/wp-json\/wp\/v2\/comments?post=122791"}],"version-history":[{"count":5,"href":"https:\/\/zenkit.com\/fr\/wp-json\/wp\/v2\/pages\/122791\/revisions"}],"predecessor-version":[{"id":175362,"href":"https:\/\/zenkit.com\/fr\/wp-json\/wp\/v2\/pages\/122791\/revisions\/175362"}],"up":[{"embeddable":true,"href":"https:\/\/zenkit.com\/fr\/wp-json\/wp\/v2\/pages\/122713"}],"wp:attachment":[{"href":"https:\/\/zenkit.com\/fr\/wp-json\/wp\/v2\/media?parent=122791"}],"curies":[{"name":"wp","href":"https:\/\/api.w.org\/{rel}","templated":true}]}}