{"id":122807,"date":"2025-07-27T17:05:27","date_gmt":"2025-07-27T15:05:27","guid":{"rendered":"https:\/\/zenkit.com\/?page_id=122807"},"modified":"2025-11-04T06:53:16","modified_gmt":"2025-11-04T05:53:16","slug":"invoiceberry","status":"publish","type":"page","link":"https:\/\/zenkit.com\/fr\/integrations\/invoiceberry\/","title":{"rendered":"InvoiceBerry"},"content":{"rendered":"\n<div style=\"height:45px;--tablet-height:45px;--mobile-height:16px\" class=\"wp-block-lookeen-blocks-responsive-spacer\"><\/div>\n\n\n\n<div class=\"wp-block-group has-global-padding is-layout-constrained wp-block-group-is-layout-constrained\">\n<div class=\"wp-block-columns is-layout-flex wp-container-core-columns-is-layout-467d341d wp-block-columns-is-layout-flex\" id=\"main__integrations\" style=\"margin-top:0px;margin-bottom:0px\">\n<div class=\"wp-block-column side__bar__integrations is-layout-flow wp-block-column-is-layout-flow\" style=\"flex-basis:23%\">\n<h2 class=\"wp-block-heading has-da-blue-color-new has-text-color has-link-color wp-elements-4162b45c3c6f7b7fc7a4145fe49aeec4\" style=\"margin-top:0px;margin-bottom:0px;font-size:16px;line-height:1.5\">Invoicing Integrations<\/h2>\n\n\n<nav class=\"is-vertical integrations__menu wp-block-navigation is-layout-flex wp-container-core-navigation-is-layout-5f9f5280 wp-block-navigation-is-layout-flex\" aria-label=\"fr-integrations-invoicing\"><ul class=\"wp-block-navigation__container  is-vertical integrations__menu wp-block-navigation\"><li class=\" wp-block-navigation-item wp-block-navigation-link\"><a class=\"wp-block-navigation-item__content\"  href=\"https:\/\/zenkit.com\/fr\/invoiceberry\/\"><span class=\"wp-block-navigation-item__label\">InvoiceBerry<\/span><\/a><\/li><\/ul><\/nav><\/div>\n\n\n\n<div class=\"wp-block-column content__integrations is-layout-flow wp-block-column-is-layout-flow\" style=\"flex-basis:77%\">\n<div class=\"wp-block-group has-global-padding is-layout-constrained wp-block-group-is-layout-constrained\">\n<div class=\"wp-block-group title is-layout-flex wp-container-core-group-is-layout-ed4b00df wp-block-group-is-layout-flex\">\n<figure class=\"wp-block-image size-full is-resized\"><img loading=\"lazy\" decoding=\"async\" width=\"295\" height=\"295\" src=\"https:\/\/zenkit.com\/wp-content\/uploads\/2025\/07\/InvoiceBerry_logo.webp\" alt=\"\" class=\"wp-image-117789\" style=\"width:auto;height:46px\" srcset=\"https:\/\/zenkit.com\/wp-content\/uploads\/2025\/07\/InvoiceBerry_logo.webp 295w, https:\/\/zenkit.com\/wp-content\/uploads\/2025\/07\/InvoiceBerry_logo-150x150.webp 150w\" sizes=\"auto, (max-width: 295px) 100vw, 295px\" \/><\/figure>\n\n\n\n<h1 class=\"wp-block-heading\">InvoiceBerry et Zenkit<\/h1>\n<\/div>\n\n\n\n<div class=\"wp-block-group has-global-padding is-layout-constrained wp-block-group-is-layout-constrained\">\n<p>Cette int\u00e9gration permet de g\u00e9rer efficacement la facturation et les t\u00e2ches li\u00e9es aux diff\u00e9rents projets au sein d\u2019une plateforme int\u00e9gr\u00e9e. Les entreprises peuvent automatiser des processus compliqu\u00e9s, r\u00e9duire la saisie manuelle de donn\u00e9es, et s\u2019assurer que la gestion financi\u00e8re \u00e9gale le dynamisme et l\u2019agilit\u00e9 de leurs efforts de gestion des projets.<\/p>\n\n\n\n<p>La synergie entre InvoiceBerry et Zenkit permet aux utilisateurs de mieux contr\u00f4ler leurs finances tout en gardant leurs projets sur le bon chemin, am\u00e9liorant ainsi la prise de d\u00e9cision et la performance globale de l\u2019entreprise.<\/p>\n<\/div>\n\n\n\n<div style=\"height:48px;--tablet-height:36px;--mobile-height:24px\" class=\"wp-block-lookeen-blocks-responsive-spacer\"><\/div>\n<\/div>\n\n\n\n<div class=\"wp-block-group has-global-padding is-layout-constrained wp-block-group-is-layout-constrained\">\n<figure class=\"wp-block-image size-full\"><img loading=\"lazy\" decoding=\"async\" width=\"1024\" height=\"476\" src=\"https:\/\/zenkit.com\/wp-content\/uploads\/2025\/07\/InvoiceBerry_screenshot-1024x476-1.webp\" alt=\"\" class=\"wp-image-117800\" srcset=\"https:\/\/zenkit.com\/wp-content\/uploads\/2025\/07\/InvoiceBerry_screenshot-1024x476-1.webp 1024w, https:\/\/zenkit.com\/wp-content\/uploads\/2025\/07\/InvoiceBerry_screenshot-1024x476-1-300x139.webp 300w, https:\/\/zenkit.com\/wp-content\/uploads\/2025\/07\/InvoiceBerry_screenshot-1024x476-1-768x357.webp 768w\" sizes=\"auto, (max-width: 1024px) 100vw, 1024px\" \/><\/figure>\n<\/div>\n\n\n\n<div style=\"height:48px;--tablet-height:36px;--mobile-height:24px\" class=\"wp-block-lookeen-blocks-responsive-spacer\"><\/div>\n\n\n\n<div class=\"wp-block-group has-global-padding is-layout-constrained wp-block-group-is-layout-constrained\">\n<h3 class=\"wp-block-heading display-h2\">\u00c0 propos d\u2019InvoiceBerry<\/h3>\n\n\n\n<p>InvoiceBerry est un logiciel en ligne de facturation cr\u00e9\u00e9 pour r\u00e9pondre aux besoins des petites entreprises et des ind\u00e9pendants en mati\u00e8re de facturation. Leurs clients peuvent cr\u00e9er des factures \u00e0 l\u2019aspect professionnel, les personnaliser avec le logo et les informations de leur entreprise, avant de les envoyer par e-mail en quelques secondes seulement.<\/p>\n\n\n\n<p>Ce logiciel permet \u00e9galement aux entreprises de suivre leurs d\u00e9penses, d\u2019envoyer des rappels en cas d\u2019impay\u00e9s, de cr\u00e9er des factures r\u00e9currentes et d\u2019envoyer automatiquement des factures aux clients r\u00e9guliers.<\/p>\n<\/div>\n\n\n\n<div style=\"height:48px;--tablet-height:36px;--mobile-height:24px\" class=\"wp-block-lookeen-blocks-responsive-spacer\"><\/div>\n\n\n\n<div class=\"wp-block-group has-global-padding is-layout-constrained wp-block-group-is-layout-constrained\">\n<h3 class=\"wp-block-heading display-h2\">\u00c0 propos Zenkit<\/h3>\n\n\n\n<p><a href=\"https:\/\/zenkit.com\/\">Zenkit<\/a>&nbsp;est une plateforme web compl\u00e8te con\u00e7ue pour la gestion de projets et la collaboration. Elle permet aux organisations de simplifier leur workflow, de g\u00e9rer diff\u00e9rentes t\u00e2ches et d\u2019am\u00e9liorer la productivit\u00e9 de leurs \u00e9quipes. Zenkit offre un environnement flexible qui prend en charge une vari\u00e9t\u00e9 de strat\u00e9gies de gestion de projet, y compris les affichages Kanban, Gantt et calendrier, ce qui permet aux \u00e9quipes de personnaliser leurs processus de travail pour r\u00e9pondre \u00e0 leurs besoins uniques.<\/p>\n\n\n\n<p>Avec des fonctionnalit\u00e9s performantes telles que l\u2019attribution de t\u00e2ches, la collaboration en temps r\u00e9el et le partage de fichiers, Zenkit fournit tout ce qui est n\u00e9cessaire pour s\u2019assurer que les projets soient termin\u00e9s efficacement et dans les temps. L\u2019interface intuitive et les nombreuses fonctionnalit\u00e9s de la plateforme en font un choix id\u00e9al pour les entreprises qui cherchent \u00e0 optimiser leurs processus de gestion de projet.&nbsp;<a href=\"https:\/\/app.zenkit.com\/register\">Cr\u00e9ez votre compte gratuit<\/a>!<\/p>\n<\/div>\n\n\n\n<div style=\"height:48px;--tablet-height:36px;--mobile-height:24px\" class=\"wp-block-lookeen-blocks-responsive-spacer\"><\/div>\n\n\n\n<div class=\"wp-block-group has-global-padding is-layout-constrained wp-block-group-is-layout-constrained\">\n<h3 class=\"wp-block-heading display-h2\">Comment connecter InvoiceBerry avec Zenkit ?<\/h3>\n\n\n\n<ol class=\"wp-block-list list__style__position-inside\">\n<li><a href=\"https:\/\/zapier.com\/sign-up\/\" target=\"_blank\" rel=\"noreferrer noopener\">Cr\u00e9ez un compte<\/a> Zapier pour acc\u00e9der \u00e0 Zapier.<\/li>\n\n\n\n<li><a href=\"https:\/\/www.invoiceberry.com\/\" target=\"_blank\" rel=\"noreferrer noopener\">Cr\u00e9ez un compte<\/a> avec InvoiceBerry.<\/li>\n\n\n\n<li>Connectez-vous \u00e0 Zapier et rendez-vous sur <a href=\"https:\/\/zapier.com\/apps\/zenkit\/integrations\/invoiceberry\" target=\"_blank\" rel=\"noreferrer noopener\">Zenkit + InvoiceBerry Zapbook <\/a>pour trouver des mod\u00e8les Zap.<\/li>\n\n\n\n<li>Ou choisissez de cr\u00e9er votre propre int\u00e9gration Zenkit et InvoiceBerry en les s\u00e9lectionnant lors de la cr\u00e9ation d\u2019un zap.<\/li>\n<\/ol>\n<\/div>\n\n\n\n<div style=\"height:48px;--tablet-height:36px;--mobile-height:24px\" class=\"wp-block-lookeen-blocks-responsive-spacer\"><\/div>\n\n\n\n<div class=\"wp-block-group has-global-padding is-layout-constrained wp-block-group-is-layout-constrained\">\n<script type=\"text\/javascript\" src=\"https:\/\/zapier.com\/apps\/embed\/widget.js?guided_zaps=69042,69043\"><\/script>\n<\/div>\n\n\n\n<div style=\"height:48px;--tablet-height:36px;--mobile-height:24px\" class=\"wp-block-lookeen-blocks-responsive-spacer\"><\/div>\n\n\n\n<div class=\"wp-block-group has-global-padding is-layout-constrained wp-block-group-is-layout-constrained\">\n<h3 class=\"wp-block-heading display-h2\">Qui b\u00e9n\u00e9ficiera de cette int\u00e9gration InvoiceBerry et Zenkit ?<\/h3>\n\n\n\n<ul class=\"wp-block-list is-style-da-left-indent\">\n<li><strong>Les travailleurs ind\u00e9pendants et les petites entreprises qui souhaitent simplifier la gestion de leur facturation et de leurs projets:<\/strong> en int\u00e9grant InvoiceBerry \u00e0 Zenkit, les ind\u00e9pendants et les dirigeants de petites entreprises peuvent optimiser leur syst\u00e8me de facturation tout en gardant une trace des t\u00e2ches et des \u00e9ch\u00e9ances du projet, ce qui garantit un processus de travail plus organis\u00e9 et des paiements en temps voulu.<\/li>\n\n\n\n<li><strong>Les \u00e9quipes charg\u00e9es de la comptabilit\u00e9 qui cherchent \u00e0 am\u00e9liorer le suivi financier et la coordination des t\u00e2ches:<\/strong> les \u00e9quipes administratives peuvent b\u00e9n\u00e9ficier de l\u2019int\u00e9gration en synchronisant automatiquement les donn\u00e9es des factures avec leur syst\u00e8me de gestion de projet, ce qui leur permet de contr\u00f4ler les transactions financi\u00e8res, de suivre les cycles de facturation et de g\u00e9rer efficacement les t\u00e2ches connexes au sein d\u2019une plateforme int\u00e9gr\u00e9e.<\/li>\n<\/ul>\n<\/div>\n\n\n\n<div style=\"height:48px;--tablet-height:36px;--mobile-height:24px\" class=\"wp-block-lookeen-blocks-responsive-spacer\"><\/div>\n\n\n\n<div class=\"wp-block-group has-global-padding is-layout-constrained wp-block-group-is-layout-constrained\">\n<h3 class=\"wp-block-heading display-h2\">D\u00e9tails suppl\u00e9mentaires sur l\u2019int\u00e9gration<\/h3>\n\n\n\n<ul class=\"wp-block-list is-style-da-left-indent\">\n<li>Prise en charge par Zapier : Veuillez contacter le <a href=\"https:\/\/zapier.com\/app\/get-help\" target=\"_blank\" rel=\"noreferrer noopener\">support de Zapier<\/a> si vous rencontrez des probl\u00e8mes.<\/li>\n\n\n\n<li>Pour plus d\u2019informations sur l\u2019utilisation de Zenkit avec Zapier, merci de consulter notre <a href=\"https:\/\/help.zenkit.com\/en\/support\/solutions\/articles\/43000590360-integrating-other-apps-into-zenkit-using-zapier\" target=\"_blank\" rel=\"noreferrer noopener\">documentation<\/a>.<\/li>\n<\/ul>\n<\/div>\n<\/div>\n<\/div>\n<\/div>\n\n\n\n<div style=\"height:110px;--tablet-height:60px;--mobile-height:48px\" class=\"wp-block-lookeen-blocks-responsive-spacer\"><\/div>\n","protected":false},"excerpt":{"rendered":"<p>Invoicing Integrations InvoiceBerry et Zenkit Cette int\u00e9gration permet de g\u00e9rer efficacement la facturation et les t\u00e2ches li\u00e9es aux diff\u00e9rents projets au sein d\u2019une plateforme int\u00e9gr\u00e9e. Les entreprises peuvent automatiser des processus compliqu\u00e9s, r\u00e9duire la saisie manuelle de donn\u00e9es, et s\u2019assurer que la gestion financi\u00e8re \u00e9gale le dynamisme et l\u2019agilit\u00e9 de leurs efforts de gestion des [&hellip;]<\/p>\n","protected":false},"author":9,"featured_media":0,"parent":122713,"menu_order":2,"comment_status":"closed","ping_status":"closed","template":"","meta":{"yasr_overall_rating":0,"yasr_post_is_review":"","yasr_auto_insert_disabled":"","yasr_review_type":"","footnotes":""},"class_list":["post-122807","page","type-page","status-publish","hentry"],"yoast_head":"<!-- This site is optimized with the Yoast SEO plugin v27.4 - https:\/\/yoast.com\/product\/yoast-seo-wordpress\/ -->\n<title>InvoiceBerry | Zenkit<\/title>\n<meta name=\"robots\" content=\"index, follow, max-snippet:-1, max-image-preview:large, max-video-preview:-1\" \/>\n<link rel=\"canonical\" href=\"https:\/\/zenkit.com\/fr\/integrations\/invoiceberry\/\" \/>\n<meta property=\"og:locale\" content=\"fr_FR\" \/>\n<meta property=\"og:type\" content=\"article\" \/>\n<meta property=\"og:title\" content=\"InvoiceBerry | Zenkit\" \/>\n<meta property=\"og:description\" content=\"Invoicing Integrations InvoiceBerry et Zenkit Cette int\u00e9gration permet de g\u00e9rer efficacement la facturation et les t\u00e2ches li\u00e9es aux diff\u00e9rents projets au sein d\u2019une plateforme int\u00e9gr\u00e9e. Les entreprises peuvent automatiser des processus compliqu\u00e9s, r\u00e9duire la saisie manuelle de donn\u00e9es, et s\u2019assurer que la gestion financi\u00e8re \u00e9gale le dynamisme et l\u2019agilit\u00e9 de leurs efforts de gestion des [&hellip;]\" \/>\n<meta property=\"og:url\" content=\"https:\/\/zenkit.com\/fr\/integrations\/invoiceberry\/\" \/>\n<meta property=\"og:site_name\" content=\"Zenkit\" \/>\n<meta property=\"article:publisher\" content=\"https:\/\/www.facebook.com\/ZenkitHQ\" \/>\n<meta property=\"article:modified_time\" content=\"2025-11-04T05:53:16+00:00\" \/>\n<meta property=\"og:image\" content=\"https:\/\/zenkit.com\/wp-content\/uploads\/2025\/07\/InvoiceBerry_logo.webp\" \/>\n<meta name=\"twitter:card\" content=\"summary_large_image\" \/>\n<meta name=\"twitter:site\" content=\"@ZenkitHQ\" \/>\n<meta name=\"twitter:label1\" content=\"Dur\u00e9e de lecture estim\u00e9e\" \/>\n\t<meta name=\"twitter:data1\" content=\"3 minutes\" \/>\n<script type=\"application\/ld+json\" class=\"yoast-schema-graph\">{\"@context\":\"https:\\\/\\\/schema.org\",\"@graph\":[{\"@type\":\"WebPage\",\"@id\":\"https:\\\/\\\/zenkit.com\\\/fr\\\/integrations\\\/invoiceberry\\\/\",\"url\":\"https:\\\/\\\/zenkit.com\\\/fr\\\/integrations\\\/invoiceberry\\\/\",\"name\":\"InvoiceBerry | Zenkit\",\"isPartOf\":{\"@id\":\"https:\\\/\\\/zenkit.com\\\/fr\\\/#website\"},\"primaryImageOfPage\":{\"@id\":\"https:\\\/\\\/zenkit.com\\\/fr\\\/integrations\\\/invoiceberry\\\/#primaryimage\"},\"image\":{\"@id\":\"https:\\\/\\\/zenkit.com\\\/fr\\\/integrations\\\/invoiceberry\\\/#primaryimage\"},\"thumbnailUrl\":\"https:\\\/\\\/zenkit.com\\\/wp-content\\\/uploads\\\/2025\\\/07\\\/InvoiceBerry_logo.webp\",\"datePublished\":\"2025-07-27T15:05:27+00:00\",\"dateModified\":\"2025-11-04T05:53:16+00:00\",\"breadcrumb\":{\"@id\":\"https:\\\/\\\/zenkit.com\\\/fr\\\/integrations\\\/invoiceberry\\\/#breadcrumb\"},\"inLanguage\":\"fr-FR\",\"potentialAction\":[{\"@type\":\"ReadAction\",\"target\":[\"https:\\\/\\\/zenkit.com\\\/fr\\\/integrations\\\/invoiceberry\\\/\"]}]},{\"@type\":\"ImageObject\",\"inLanguage\":\"fr-FR\",\"@id\":\"https:\\\/\\\/zenkit.com\\\/fr\\\/integrations\\\/invoiceberry\\\/#primaryimage\",\"url\":\"https:\\\/\\\/zenkit.com\\\/wp-content\\\/uploads\\\/2025\\\/07\\\/InvoiceBerry_logo.webp\",\"contentUrl\":\"https:\\\/\\\/zenkit.com\\\/wp-content\\\/uploads\\\/2025\\\/07\\\/InvoiceBerry_logo.webp\"},{\"@type\":\"BreadcrumbList\",\"@id\":\"https:\\\/\\\/zenkit.com\\\/fr\\\/integrations\\\/invoiceberry\\\/#breadcrumb\",\"itemListElement\":[{\"@type\":\"ListItem\",\"position\":1,\"name\":\"Home\",\"item\":\"https:\\\/\\\/zenkit.com\\\/fr\\\/\"},{\"@type\":\"ListItem\",\"position\":2,\"name\":\"Integrations\",\"item\":\"https:\\\/\\\/zenkit.com\\\/fr\\\/integrations\\\/\"},{\"@type\":\"ListItem\",\"position\":3,\"name\":\"InvoiceBerry\"}]},{\"@type\":\"WebSite\",\"@id\":\"https:\\\/\\\/zenkit.com\\\/fr\\\/#website\",\"url\":\"https:\\\/\\\/zenkit.com\\\/fr\\\/\",\"name\":\"Zenkit\",\"description\":\"Zenkit Tagline\",\"potentialAction\":[{\"@type\":\"SearchAction\",\"target\":{\"@type\":\"EntryPoint\",\"urlTemplate\":\"https:\\\/\\\/zenkit.com\\\/fr\\\/?s={search_term_string}\"},\"query-input\":{\"@type\":\"PropertyValueSpecification\",\"valueRequired\":true,\"valueName\":\"search_term_string\"}}],\"inLanguage\":\"fr-FR\"},false]}<\/script>\n<!-- \/ Yoast SEO plugin. -->","yoast_head_json":{"title":"InvoiceBerry | Zenkit","robots":{"index":"index","follow":"follow","max-snippet":"max-snippet:-1","max-image-preview":"max-image-preview:large","max-video-preview":"max-video-preview:-1"},"canonical":"https:\/\/zenkit.com\/fr\/integrations\/invoiceberry\/","og_locale":"fr_FR","og_type":"article","og_title":"InvoiceBerry | Zenkit","og_description":"Invoicing Integrations InvoiceBerry et Zenkit Cette int\u00e9gration permet de g\u00e9rer efficacement la facturation et les t\u00e2ches li\u00e9es aux diff\u00e9rents projets au sein d\u2019une plateforme int\u00e9gr\u00e9e. Les entreprises peuvent automatiser des processus compliqu\u00e9s, r\u00e9duire la saisie manuelle de donn\u00e9es, et s\u2019assurer que la gestion financi\u00e8re \u00e9gale le dynamisme et l\u2019agilit\u00e9 de leurs efforts de gestion des [&hellip;]","og_url":"https:\/\/zenkit.com\/fr\/integrations\/invoiceberry\/","og_site_name":"Zenkit","article_publisher":"https:\/\/www.facebook.com\/ZenkitHQ","article_modified_time":"2025-11-04T05:53:16+00:00","og_image":[{"url":"https:\/\/zenkit.com\/wp-content\/uploads\/2025\/07\/InvoiceBerry_logo.webp","type":"","width":"","height":""}],"twitter_card":"summary_large_image","twitter_site":"@ZenkitHQ","twitter_misc":{"Dur\u00e9e de lecture estim\u00e9e":"3 minutes"},"schema":{"@context":"https:\/\/schema.org","@graph":[{"@type":"WebPage","@id":"https:\/\/zenkit.com\/fr\/integrations\/invoiceberry\/","url":"https:\/\/zenkit.com\/fr\/integrations\/invoiceberry\/","name":"InvoiceBerry | Zenkit","isPartOf":{"@id":"https:\/\/zenkit.com\/fr\/#website"},"primaryImageOfPage":{"@id":"https:\/\/zenkit.com\/fr\/integrations\/invoiceberry\/#primaryimage"},"image":{"@id":"https:\/\/zenkit.com\/fr\/integrations\/invoiceberry\/#primaryimage"},"thumbnailUrl":"https:\/\/zenkit.com\/wp-content\/uploads\/2025\/07\/InvoiceBerry_logo.webp","datePublished":"2025-07-27T15:05:27+00:00","dateModified":"2025-11-04T05:53:16+00:00","breadcrumb":{"@id":"https:\/\/zenkit.com\/fr\/integrations\/invoiceberry\/#breadcrumb"},"inLanguage":"fr-FR","potentialAction":[{"@type":"ReadAction","target":["https:\/\/zenkit.com\/fr\/integrations\/invoiceberry\/"]}]},{"@type":"ImageObject","inLanguage":"fr-FR","@id":"https:\/\/zenkit.com\/fr\/integrations\/invoiceberry\/#primaryimage","url":"https:\/\/zenkit.com\/wp-content\/uploads\/2025\/07\/InvoiceBerry_logo.webp","contentUrl":"https:\/\/zenkit.com\/wp-content\/uploads\/2025\/07\/InvoiceBerry_logo.webp"},{"@type":"BreadcrumbList","@id":"https:\/\/zenkit.com\/fr\/integrations\/invoiceberry\/#breadcrumb","itemListElement":[{"@type":"ListItem","position":1,"name":"Home","item":"https:\/\/zenkit.com\/fr\/"},{"@type":"ListItem","position":2,"name":"Integrations","item":"https:\/\/zenkit.com\/fr\/integrations\/"},{"@type":"ListItem","position":3,"name":"InvoiceBerry"}]},{"@type":"WebSite","@id":"https:\/\/zenkit.com\/fr\/#website","url":"https:\/\/zenkit.com\/fr\/","name":"Zenkit","description":"Zenkit Tagline","potentialAction":[{"@type":"SearchAction","target":{"@type":"EntryPoint","urlTemplate":"https:\/\/zenkit.com\/fr\/?s={search_term_string}"},"query-input":{"@type":"PropertyValueSpecification","valueRequired":true,"valueName":"search_term_string"}}],"inLanguage":"fr-FR"},false]}},"yasr_visitor_votes":{"stars_attributes":{"read_only":false,"span_bottom":false},"number_of_votes":0,"sum_votes":0},"_links":{"self":[{"href":"https:\/\/zenkit.com\/fr\/wp-json\/wp\/v2\/pages\/122807","targetHints":{"allow":["GET"]}}],"collection":[{"href":"https:\/\/zenkit.com\/fr\/wp-json\/wp\/v2\/pages"}],"about":[{"href":"https:\/\/zenkit.com\/fr\/wp-json\/wp\/v2\/types\/page"}],"author":[{"embeddable":true,"href":"https:\/\/zenkit.com\/fr\/wp-json\/wp\/v2\/users\/9"}],"replies":[{"embeddable":true,"href":"https:\/\/zenkit.com\/fr\/wp-json\/wp\/v2\/comments?post=122807"}],"version-history":[{"count":3,"href":"https:\/\/zenkit.com\/fr\/wp-json\/wp\/v2\/pages\/122807\/revisions"}],"predecessor-version":[{"id":147228,"href":"https:\/\/zenkit.com\/fr\/wp-json\/wp\/v2\/pages\/122807\/revisions\/147228"}],"up":[{"embeddable":true,"href":"https:\/\/zenkit.com\/fr\/wp-json\/wp\/v2\/pages\/122713"}],"wp:attachment":[{"href":"https:\/\/zenkit.com\/fr\/wp-json\/wp\/v2\/media?parent=122807"}],"curies":[{"name":"wp","href":"https:\/\/api.w.org\/{rel}","templated":true}]}}