{"id":122823,"date":"2025-07-27T17:43:38","date_gmt":"2025-07-27T15:43:38","guid":{"rendered":"https:\/\/zenkit.com\/?page_id=122823"},"modified":"2025-11-04T06:53:16","modified_gmt":"2025-11-04T05:53:16","slug":"toggl-track","status":"publish","type":"page","link":"https:\/\/zenkit.com\/fr\/integrations\/toggl-track\/","title":{"rendered":"Toggl Track"},"content":{"rendered":"\n<div style=\"height:45px;--tablet-height:45px;--mobile-height:16px\" class=\"wp-block-lookeen-blocks-responsive-spacer\"><\/div>\n\n\n\n<div class=\"wp-block-group has-global-padding is-layout-constrained wp-block-group-is-layout-constrained\">\n<div class=\"wp-block-columns is-layout-flex wp-container-core-columns-is-layout-467d341d wp-block-columns-is-layout-flex\" id=\"main__integrations\" style=\"margin-top:0px;margin-bottom:0px\">\n<div class=\"wp-block-column side__bar__integrations is-layout-flow wp-block-column-is-layout-flow\" style=\"flex-basis:23%\">\n<h2 class=\"wp-block-heading has-da-blue-color-new has-text-color has-link-color wp-elements-5a42b59fa932ba59fbc3dd293b6d4611\" style=\"margin-top:0px;margin-bottom:0px;font-size:16px;line-height:1.5\">Int\u00e9grations de suivi du temps<\/h2>\n\n\n<nav class=\"is-vertical integrations__menu wp-block-navigation is-layout-flex wp-container-core-navigation-is-layout-5f9f5280 wp-block-navigation-is-layout-flex\" aria-label=\"fr-integrations-time-tracking\"><ul class=\"wp-block-navigation__container  is-vertical integrations__menu wp-block-navigation\"><li class=\" wp-block-navigation-item wp-block-navigation-link\"><a class=\"wp-block-navigation-item__content\"  href=\"https:\/\/zenkit.com\/fr\/clicktime\/\"><span class=\"wp-block-navigation-item__label\">ClickTime<\/span><\/a><\/li><li class=\" wp-block-navigation-item wp-block-navigation-link\"><a class=\"wp-block-navigation-item__content\"  href=\"https:\/\/zenkit.com\/fr\/integrations\/clockify\/\"><span class=\"wp-block-navigation-item__label\">Clockify<\/span><\/a><\/li><li class=\" wp-block-navigation-item wp-block-navigation-link\"><a class=\"wp-block-navigation-item__content\"  href=\"https:\/\/zenkit.com\/fr\/integrations\/desktime\/\"><span class=\"wp-block-navigation-item__label\">DeskTime<\/span><\/a><\/li><li class=\" wp-block-navigation-item wp-block-navigation-link\"><a class=\"wp-block-navigation-item__content\"  href=\"https:\/\/zenkit.com\/fr\/everhour\/\"><span class=\"wp-block-navigation-item__label\">Everhour<\/span><\/a><\/li><li class=\" wp-block-navigation-item wp-block-navigation-link\"><a class=\"wp-block-navigation-item__content\"  href=\"https:\/\/zenkit.com\/fr\/integrations\/pomodoneapp\/\"><span class=\"wp-block-navigation-item__label\">PomoDoneApp<\/span><\/a><\/li><li class=\" wp-block-navigation-item wp-block-navigation-link\"><a class=\"wp-block-navigation-item__content\"  href=\"https:\/\/zenkit.com\/fr\/integrations\/timecamp\/\"><span class=\"wp-block-navigation-item__label\">TimeCamp<\/span><\/a><\/li><li class=\" wp-block-navigation-item wp-block-navigation-link\"><a class=\"wp-block-navigation-item__content\"  href=\"https:\/\/zenkit.com\/fr\/integrations\/time-doctor\/\"><span class=\"wp-block-navigation-item__label\">Time Doctor<\/span><\/a><\/li><li class=\" wp-block-navigation-item wp-block-navigation-link\"><a class=\"wp-block-navigation-item__content\"  href=\"https:\/\/zenkit.com\/fr\/integrations\/tmetric\/\"><span class=\"wp-block-navigation-item__label\">TMetric<\/span><\/a><\/li><li class=\" wp-block-navigation-item wp-block-navigation-link\"><a class=\"wp-block-navigation-item__content\"  href=\"https:\/\/zenkit.com\/fr\/toggl-track\/\"><span class=\"wp-block-navigation-item__label\">Toggl Track<\/span><\/a><\/li><\/ul><\/nav><\/div>\n\n\n\n<div class=\"wp-block-column content__integrations is-layout-flow wp-block-column-is-layout-flow\" style=\"flex-basis:77%\">\n<div class=\"wp-block-group has-global-padding is-layout-constrained wp-block-group-is-layout-constrained\">\n<div class=\"wp-block-group title is-layout-flex wp-container-core-group-is-layout-ed4b00df wp-block-group-is-layout-flex\">\n<figure class=\"wp-block-image size-full is-resized\"><img loading=\"lazy\" decoding=\"async\" width=\"1502\" height=\"1502\" src=\"https:\/\/zenkit.com\/wp-content\/uploads\/2025\/07\/toggl-track_icon_pink_rgb.webp\" alt=\"Toggl Track Logo\" class=\"wp-image-117501\" style=\"width:auto;height:46px\" srcset=\"https:\/\/zenkit.com\/wp-content\/uploads\/2025\/07\/toggl-track_icon_pink_rgb.webp 1502w, https:\/\/zenkit.com\/wp-content\/uploads\/2025\/07\/toggl-track_icon_pink_rgb-300x300.webp 300w, https:\/\/zenkit.com\/wp-content\/uploads\/2025\/07\/toggl-track_icon_pink_rgb-1024x1024.webp 1024w, https:\/\/zenkit.com\/wp-content\/uploads\/2025\/07\/toggl-track_icon_pink_rgb-150x150.webp 150w, https:\/\/zenkit.com\/wp-content\/uploads\/2025\/07\/toggl-track_icon_pink_rgb-768x768.webp 768w\" sizes=\"auto, (max-width: 1502px) 100vw, 1502px\" \/><\/figure>\n\n\n\n<h1 class=\"wp-block-heading\">Toggl Track &amp; Zenkit<\/h1>\n<\/div>\n\n\n\n<div class=\"wp-block-group has-global-padding is-layout-constrained wp-block-group-is-layout-constrained\">\n<h3 class=\"wp-block-heading display-h2\">Connectez vos comptes Zenkit Base et Toggl Track<\/h3>\n\n\n\n<p>Vous avez peut-\u00eatre choisi Zenkit Base pour g\u00e9rer des projets en raison de ses nombreuses fonctions de gestion de projet. Cependant, vous avez peut-\u00eatre aussi envie d\u2019utiliser Toggl Track pour des rapports de temps de vos projets. Nous comprenons que pour maintenir la synchronisation des deux logiciels, il serait \u00e9puisant et long d\u2019avoir \u00e0 d\u00e9placer vos t\u00e2ches manuellement. C\u2019est pourquoi nous avons cr\u00e9\u00e9 cette int\u00e9gration pour vous!<\/p>\n\n\n\n<p>Avec cette int\u00e9gration Zapier, chaque fois que vous cr\u00e9ez un nouvel item ou une nouvelle t\u00e2che dans Zenki Base, une nouvelle t\u00e2che sera automatiquement cr\u00e9\u00e9e dans le Toggl Track pour le suivi du temps. Cela vous \u00e9vite de devoir r\u00e9p\u00e9ter un travail de frappe fastidieux et vous \u00e9vite de perdre des donn\u00e9es en dupliquant manuellement vos t\u00e2ches!<\/p>\n<\/div>\n\n\n\n<div style=\"height:48px;--tablet-height:36px;--mobile-height:24px\" class=\"wp-block-lookeen-blocks-responsive-spacer\"><\/div>\n<\/div>\n\n\n\n<div class=\"wp-block-group has-global-padding is-layout-constrained wp-block-group-is-layout-constrained\">\n<figure class=\"wp-block-image size-large\"><img loading=\"lazy\" decoding=\"async\" width=\"1024\" height=\"664\" src=\"https:\/\/zenkit.com\/wp-content\/uploads\/2025\/07\/Toggl-Timer_screenshot-1024x664.webp\" alt=\"Verbinden Sie ihre Zenkit- und Toggl Track-Konten\" class=\"wp-image-117515\" srcset=\"https:\/\/zenkit.com\/wp-content\/uploads\/2025\/07\/Toggl-Timer_screenshot-1024x664.webp 1024w, https:\/\/zenkit.com\/wp-content\/uploads\/2025\/07\/Toggl-Timer_screenshot-300x194.webp 300w, https:\/\/zenkit.com\/wp-content\/uploads\/2025\/07\/Toggl-Timer_screenshot-768x498.webp 768w, https:\/\/zenkit.com\/wp-content\/uploads\/2025\/07\/Toggl-Timer_screenshot-1536x996.webp 1536w, https:\/\/zenkit.com\/wp-content\/uploads\/2025\/07\/Toggl-Timer_screenshot-2048x1328.webp 2048w\" sizes=\"auto, (max-width: 1024px) 100vw, 1024px\" \/><\/figure>\n<\/div>\n\n\n\n<div style=\"height:48px;--tablet-height:36px;--mobile-height:24px\" class=\"wp-block-lookeen-blocks-responsive-spacer\"><\/div>\n\n\n\n<div class=\"wp-block-group has-global-padding is-layout-constrained wp-block-group-is-layout-constrained\">\n<h3 class=\"wp-block-heading display-h2\">\u00c0 propos de Toggl Track: Logiciel de suivi du temps<\/h3>\n\n\n\n<p>Toggl Track est un logiciel de suivi du temps qui vous permet de suivre le temps pass\u00e9 sur des t\u00e2ches ou des projets. Il est disponible sous la forme d\u2019une application web, d\u2019une application de bureau, d\u2019une application mobile ou d\u2019une extension de navigateur, selon ce qui convient \u00e0 votre flux de travail. Vous pouvez facilement filtrer les donn\u00e9es que vous voulez et g\u00e9n\u00e9rer des rapports de temps personnalis\u00e9s. De plus, vous pouvez \u00e9galement programmer des rapports de temps r\u00e9guliers sur le projet de votre choix. Cr\u00e9ez votre compte gratuit ici: <a href=\"https:\/\/toggl.com\/track\/signup\/\" target=\"_blank\" rel=\"noreferrer noopener\">https:\/\/toggl.com\/track\/signup\/<\/a>.<\/p>\n<\/div>\n\n\n\n<div style=\"height:48px;--tablet-height:36px;--mobile-height:24px\" class=\"wp-block-lookeen-blocks-responsive-spacer\"><\/div>\n\n\n\n<div class=\"wp-block-group has-global-padding is-layout-constrained wp-block-group-is-layout-constrained\">\n<h3 class=\"wp-block-heading display-h2\">\u00c0 propos de Zenkit: Gestion de Projet en Ligne<\/h3>\n\n\n\n<p><a href=\"https:\/\/zenkit.com\/fr\/\">Zenkit<\/a> est un outil convivial et collaboratif pour la gestion de projets, la cr\u00e9ation de bases de donn\u00e9es, et plus. Il vous permet de changer d\u2019affichage (tableau, liste de t\u00e2ches, Kanban, calendrier et carte mentale) en un clic. Vous pouvez partager votre travail en ligne avec des collections publi\u00e9es et int\u00e9gr\u00e9es, et construire des int\u00e9grations avec notre API document\u00e9e.<\/p>\n\n\n\n<p>En tant que membre de Zenkit Suite, vous avez acc\u00e8s \u00e0 Zenkit Base et \u00e0 tous les produits Zenkit qui y sont connect\u00e9s (ex: Zenkit To Do et Zenchat). Cr\u00e9ez votre compte gratuitement: <a href=\"https:\/\/zenkit.com\/register\">https:\/\/zenkit.com\/register<\/a>.<\/p>\n<\/div>\n\n\n\n<div style=\"height:48px;--tablet-height:36px;--mobile-height:24px\" class=\"wp-block-lookeen-blocks-responsive-spacer\"><\/div>\n\n\n\n<div class=\"wp-block-group has-global-padding is-layout-constrained wp-block-group-is-layout-constrained\">\n<h3 class=\"wp-block-heading display-h2\">Comment connecter Toggl Track et Zenkit?<\/h3>\n\n\n\n<ol class=\"wp-block-list list__style__position-inside\">\n<li><a href=\"https:\/\/zapier.com\/sign-up\/\" target=\"_blank\" rel=\"noreferrer noopener\">Cr\u00e9ez un compte<\/a> Zapier pour avoir acc\u00e8s \u00e0 Zapier.<\/li>\n\n\n\n<li><a href=\"https:\/\/toggl.com\/track\/login\" target=\"_blank\" rel=\"noreferrer noopener\">Cr\u00e9ez un compte<\/a> avec Toggl Track.<\/li>\n\n\n\n<li>Connectez-vous \u00e0 Zapier et allez dans le <a href=\"https:\/\/zapier.com\/apps\/toggl-track\/integrations\/zenkit\" target=\"_blank\" rel=\"noreferrer noopener\">Zenkit + Toggl Track Zapbook<\/a> pour trouver des mod\u00e8les de Zap.<\/li>\n\n\n\n<li>Ou choisissez de cr\u00e9er votre propre int\u00e9gration Zenkit et Toggl Track en les s\u00e9lectionnant lorsque vous cr\u00e9ez un zap.<\/li>\n<\/ol>\n<\/div>\n\n\n\n<div style=\"height:48px;--tablet-height:36px;--mobile-height:24px\" class=\"wp-block-lookeen-blocks-responsive-spacer\"><\/div>\n\n\n\n<div class=\"wp-block-group has-global-padding is-layout-constrained wp-block-group-is-layout-constrained\">\n<h3 class=\"wp-block-heading display-h2\">Qui va b\u00e9n\u00e9ficier de cette int\u00e9gration Toggl Track et Zenkit ?<\/h3>\n\n\n\n<ul class=\"wp-block-list is-style-da-left-indent\">\n<li>Les chefs de projet qui souhaitent garder une trace du temps pass\u00e9 sur chaque projet sans avoir \u00e0 quitter Zenkit Base.<\/li>\n\n\n\n<li>Les propri\u00e9taires de petites entreprises qui souhaitent \u00e9conomiser des ressources humaines et du temps en automatisant le travail de copier-coller.<\/li>\n<\/ul>\n<\/div>\n\n\n\n<div style=\"height:48px;--tablet-height:36px;--mobile-height:24px\" class=\"wp-block-lookeen-blocks-responsive-spacer\"><\/div>\n\n\n\n<div class=\"wp-block-group has-global-padding is-layout-constrained wp-block-group-is-layout-constrained\">\n<h3 class=\"wp-block-heading display-h2\">D\u00e9tails suppl\u00e9mentaires sur l\u2019int\u00e9gration<\/h3>\n\n\n\n<p>Soutenu par Zapier : Veuillez contacter <a href=\"https:\/\/zapier.com\/help\/contact-us\/\" target=\"_blank\" rel=\"noreferrer noopener\">l\u2019assistance Zapier<\/a> si vous rencontrez des probl\u00e8mes. Pour plus d\u2019informations sur l\u2019utilisation de Zenkit avec Zapier, veuillez lire notre <a href=\"https:\/\/zenkit.com\/documentation#\/lists\/HJQBQ1Hw\/sections\/SJYE55zA\/entries\/BJGOKQtA?_k=hyyynn\" target=\"_blank\" rel=\"noreferrer noopener\">documentation<\/a>.<\/p>\n<\/div>\n<\/div>\n<\/div>\n<\/div>\n\n\n\n<div style=\"height:110px;--tablet-height:60px;--mobile-height:48px\" class=\"wp-block-lookeen-blocks-responsive-spacer\"><\/div>\n","protected":false},"excerpt":{"rendered":"<p>Int\u00e9grations de suivi du temps Toggl Track &amp; Zenkit Connectez vos comptes Zenkit Base et Toggl Track Vous avez peut-\u00eatre choisi Zenkit Base pour g\u00e9rer des projets en raison de ses nombreuses fonctions de gestion de projet. Cependant, vous avez peut-\u00eatre aussi envie d\u2019utiliser Toggl Track pour des rapports de temps de vos projets. Nous [&hellip;]<\/p>\n","protected":false},"author":9,"featured_media":0,"parent":122713,"menu_order":6,"comment_status":"closed","ping_status":"closed","template":"","meta":{"yasr_overall_rating":0,"yasr_post_is_review":"","yasr_auto_insert_disabled":"","yasr_review_type":"","footnotes":""},"class_list":["post-122823","page","type-page","status-publish","hentry"],"yoast_head":"<!-- This site is optimized with the Yoast SEO plugin v27.4 - https:\/\/yoast.com\/product\/yoast-seo-wordpress\/ -->\n<title>Toggl Track | Zenkit<\/title>\n<meta name=\"robots\" content=\"index, follow, max-snippet:-1, max-image-preview:large, max-video-preview:-1\" \/>\n<link rel=\"canonical\" href=\"https:\/\/zenkit.com\/fr\/integrations\/toggl-track\/\" \/>\n<meta property=\"og:locale\" content=\"fr_FR\" \/>\n<meta property=\"og:type\" content=\"article\" \/>\n<meta property=\"og:title\" content=\"Toggl Track | Zenkit\" \/>\n<meta property=\"og:description\" content=\"Int\u00e9grations de suivi du temps Toggl Track &amp; Zenkit Connectez vos comptes Zenkit Base et Toggl Track Vous avez peut-\u00eatre choisi Zenkit Base pour g\u00e9rer des projets en raison de ses nombreuses fonctions de gestion de projet. Cependant, vous avez peut-\u00eatre aussi envie d\u2019utiliser Toggl Track pour des rapports de temps de vos projets. Nous [&hellip;]\" \/>\n<meta property=\"og:url\" content=\"https:\/\/zenkit.com\/fr\/integrations\/toggl-track\/\" \/>\n<meta property=\"og:site_name\" content=\"Zenkit\" \/>\n<meta property=\"article:publisher\" content=\"https:\/\/www.facebook.com\/ZenkitHQ\" \/>\n<meta property=\"article:modified_time\" content=\"2025-11-04T05:53:16+00:00\" \/>\n<meta property=\"og:image\" content=\"https:\/\/zenkit.com\/wp-content\/uploads\/2025\/07\/toggl-track_icon_pink_rgb.webp\" \/>\n<meta name=\"twitter:card\" content=\"summary_large_image\" \/>\n<meta name=\"twitter:site\" content=\"@ZenkitHQ\" \/>\n<meta name=\"twitter:label1\" content=\"Dur\u00e9e de lecture estim\u00e9e\" \/>\n\t<meta name=\"twitter:data1\" content=\"3 minutes\" \/>\n<script type=\"application\/ld+json\" class=\"yoast-schema-graph\">{\"@context\":\"https:\\\/\\\/schema.org\",\"@graph\":[{\"@type\":\"WebPage\",\"@id\":\"https:\\\/\\\/zenkit.com\\\/fr\\\/integrations\\\/toggl-track\\\/\",\"url\":\"https:\\\/\\\/zenkit.com\\\/fr\\\/integrations\\\/toggl-track\\\/\",\"name\":\"Toggl Track | Zenkit\",\"isPartOf\":{\"@id\":\"https:\\\/\\\/zenkit.com\\\/fr\\\/#website\"},\"primaryImageOfPage\":{\"@id\":\"https:\\\/\\\/zenkit.com\\\/fr\\\/integrations\\\/toggl-track\\\/#primaryimage\"},\"image\":{\"@id\":\"https:\\\/\\\/zenkit.com\\\/fr\\\/integrations\\\/toggl-track\\\/#primaryimage\"},\"thumbnailUrl\":\"https:\\\/\\\/zenkit.com\\\/wp-content\\\/uploads\\\/2025\\\/07\\\/toggl-track_icon_pink_rgb.webp\",\"datePublished\":\"2025-07-27T15:43:38+00:00\",\"dateModified\":\"2025-11-04T05:53:16+00:00\",\"breadcrumb\":{\"@id\":\"https:\\\/\\\/zenkit.com\\\/fr\\\/integrations\\\/toggl-track\\\/#breadcrumb\"},\"inLanguage\":\"fr-FR\",\"potentialAction\":[{\"@type\":\"ReadAction\",\"target\":[\"https:\\\/\\\/zenkit.com\\\/fr\\\/integrations\\\/toggl-track\\\/\"]}]},{\"@type\":\"ImageObject\",\"inLanguage\":\"fr-FR\",\"@id\":\"https:\\\/\\\/zenkit.com\\\/fr\\\/integrations\\\/toggl-track\\\/#primaryimage\",\"url\":\"https:\\\/\\\/zenkit.com\\\/wp-content\\\/uploads\\\/2025\\\/07\\\/toggl-track_icon_pink_rgb.webp\",\"contentUrl\":\"https:\\\/\\\/zenkit.com\\\/wp-content\\\/uploads\\\/2025\\\/07\\\/toggl-track_icon_pink_rgb.webp\"},{\"@type\":\"BreadcrumbList\",\"@id\":\"https:\\\/\\\/zenkit.com\\\/fr\\\/integrations\\\/toggl-track\\\/#breadcrumb\",\"itemListElement\":[{\"@type\":\"ListItem\",\"position\":1,\"name\":\"Home\",\"item\":\"https:\\\/\\\/zenkit.com\\\/fr\\\/\"},{\"@type\":\"ListItem\",\"position\":2,\"name\":\"Integrations\",\"item\":\"https:\\\/\\\/zenkit.com\\\/fr\\\/integrations\\\/\"},{\"@type\":\"ListItem\",\"position\":3,\"name\":\"Toggl Track\"}]},{\"@type\":\"WebSite\",\"@id\":\"https:\\\/\\\/zenkit.com\\\/fr\\\/#website\",\"url\":\"https:\\\/\\\/zenkit.com\\\/fr\\\/\",\"name\":\"Zenkit\",\"description\":\"Zenkit Tagline\",\"potentialAction\":[{\"@type\":\"SearchAction\",\"target\":{\"@type\":\"EntryPoint\",\"urlTemplate\":\"https:\\\/\\\/zenkit.com\\\/fr\\\/?s={search_term_string}\"},\"query-input\":{\"@type\":\"PropertyValueSpecification\",\"valueRequired\":true,\"valueName\":\"search_term_string\"}}],\"inLanguage\":\"fr-FR\"},false]}<\/script>\n<!-- \/ Yoast SEO plugin. -->","yoast_head_json":{"title":"Toggl Track | Zenkit","robots":{"index":"index","follow":"follow","max-snippet":"max-snippet:-1","max-image-preview":"max-image-preview:large","max-video-preview":"max-video-preview:-1"},"canonical":"https:\/\/zenkit.com\/fr\/integrations\/toggl-track\/","og_locale":"fr_FR","og_type":"article","og_title":"Toggl Track | Zenkit","og_description":"Int\u00e9grations de suivi du temps Toggl Track &amp; Zenkit Connectez vos comptes Zenkit Base et Toggl Track Vous avez peut-\u00eatre choisi Zenkit Base pour g\u00e9rer des projets en raison de ses nombreuses fonctions de gestion de projet. Cependant, vous avez peut-\u00eatre aussi envie d\u2019utiliser Toggl Track pour des rapports de temps de vos projets. Nous [&hellip;]","og_url":"https:\/\/zenkit.com\/fr\/integrations\/toggl-track\/","og_site_name":"Zenkit","article_publisher":"https:\/\/www.facebook.com\/ZenkitHQ","article_modified_time":"2025-11-04T05:53:16+00:00","og_image":[{"url":"https:\/\/zenkit.com\/wp-content\/uploads\/2025\/07\/toggl-track_icon_pink_rgb.webp","type":"","width":"","height":""}],"twitter_card":"summary_large_image","twitter_site":"@ZenkitHQ","twitter_misc":{"Dur\u00e9e de lecture estim\u00e9e":"3 minutes"},"schema":{"@context":"https:\/\/schema.org","@graph":[{"@type":"WebPage","@id":"https:\/\/zenkit.com\/fr\/integrations\/toggl-track\/","url":"https:\/\/zenkit.com\/fr\/integrations\/toggl-track\/","name":"Toggl Track | Zenkit","isPartOf":{"@id":"https:\/\/zenkit.com\/fr\/#website"},"primaryImageOfPage":{"@id":"https:\/\/zenkit.com\/fr\/integrations\/toggl-track\/#primaryimage"},"image":{"@id":"https:\/\/zenkit.com\/fr\/integrations\/toggl-track\/#primaryimage"},"thumbnailUrl":"https:\/\/zenkit.com\/wp-content\/uploads\/2025\/07\/toggl-track_icon_pink_rgb.webp","datePublished":"2025-07-27T15:43:38+00:00","dateModified":"2025-11-04T05:53:16+00:00","breadcrumb":{"@id":"https:\/\/zenkit.com\/fr\/integrations\/toggl-track\/#breadcrumb"},"inLanguage":"fr-FR","potentialAction":[{"@type":"ReadAction","target":["https:\/\/zenkit.com\/fr\/integrations\/toggl-track\/"]}]},{"@type":"ImageObject","inLanguage":"fr-FR","@id":"https:\/\/zenkit.com\/fr\/integrations\/toggl-track\/#primaryimage","url":"https:\/\/zenkit.com\/wp-content\/uploads\/2025\/07\/toggl-track_icon_pink_rgb.webp","contentUrl":"https:\/\/zenkit.com\/wp-content\/uploads\/2025\/07\/toggl-track_icon_pink_rgb.webp"},{"@type":"BreadcrumbList","@id":"https:\/\/zenkit.com\/fr\/integrations\/toggl-track\/#breadcrumb","itemListElement":[{"@type":"ListItem","position":1,"name":"Home","item":"https:\/\/zenkit.com\/fr\/"},{"@type":"ListItem","position":2,"name":"Integrations","item":"https:\/\/zenkit.com\/fr\/integrations\/"},{"@type":"ListItem","position":3,"name":"Toggl Track"}]},{"@type":"WebSite","@id":"https:\/\/zenkit.com\/fr\/#website","url":"https:\/\/zenkit.com\/fr\/","name":"Zenkit","description":"Zenkit Tagline","potentialAction":[{"@type":"SearchAction","target":{"@type":"EntryPoint","urlTemplate":"https:\/\/zenkit.com\/fr\/?s={search_term_string}"},"query-input":{"@type":"PropertyValueSpecification","valueRequired":true,"valueName":"search_term_string"}}],"inLanguage":"fr-FR"},false]}},"yasr_visitor_votes":{"stars_attributes":{"read_only":false,"span_bottom":false},"number_of_votes":0,"sum_votes":0},"_links":{"self":[{"href":"https:\/\/zenkit.com\/fr\/wp-json\/wp\/v2\/pages\/122823","targetHints":{"allow":["GET"]}}],"collection":[{"href":"https:\/\/zenkit.com\/fr\/wp-json\/wp\/v2\/pages"}],"about":[{"href":"https:\/\/zenkit.com\/fr\/wp-json\/wp\/v2\/types\/page"}],"author":[{"embeddable":true,"href":"https:\/\/zenkit.com\/fr\/wp-json\/wp\/v2\/users\/9"}],"replies":[{"embeddable":true,"href":"https:\/\/zenkit.com\/fr\/wp-json\/wp\/v2\/comments?post=122823"}],"version-history":[{"count":3,"href":"https:\/\/zenkit.com\/fr\/wp-json\/wp\/v2\/pages\/122823\/revisions"}],"predecessor-version":[{"id":147252,"href":"https:\/\/zenkit.com\/fr\/wp-json\/wp\/v2\/pages\/122823\/revisions\/147252"}],"up":[{"embeddable":true,"href":"https:\/\/zenkit.com\/fr\/wp-json\/wp\/v2\/pages\/122713"}],"wp:attachment":[{"href":"https:\/\/zenkit.com\/fr\/wp-json\/wp\/v2\/media?parent=122823"}],"curies":[{"name":"wp","href":"https:\/\/api.w.org\/{rel}","templated":true}]}}