{"id":122859,"date":"2025-07-27T19:15:26","date_gmt":"2025-07-27T17:15:26","guid":{"rendered":"https:\/\/zenkit.com\/?page_id=122859"},"modified":"2025-11-04T06:53:16","modified_gmt":"2025-11-04T05:53:16","slug":"magic-minutes","status":"publish","type":"page","link":"https:\/\/zenkit.com\/fr\/integrations\/magic-minutes\/","title":{"rendered":"Magic Minutes"},"content":{"rendered":"\n<div style=\"height:45px;--tablet-height:45px;--mobile-height:16px\" class=\"wp-block-lookeen-blocks-responsive-spacer\"><\/div>\n\n\n\n<div class=\"wp-block-group has-global-padding is-layout-constrained wp-block-group-is-layout-constrained\">\n<div class=\"wp-block-columns is-layout-flex wp-container-core-columns-is-layout-467d341d wp-block-columns-is-layout-flex\" id=\"main__integrations\" style=\"margin-top:0px;margin-bottom:0px\">\n<div class=\"wp-block-column side__bar__integrations is-layout-flow wp-block-column-is-layout-flow\" style=\"flex-basis:23%\">\n<h2 class=\"wp-block-heading has-da-blue-color-new has-text-color has-link-color wp-elements-7b8a0f2c637878b37198dd4604903e2a\" style=\"margin-top:0px;margin-bottom:0px;font-size:16px;line-height:1.5\">Autres Int\u00e9grations<\/h2>\n\n\n<nav class=\"is-vertical integrations__menu wp-block-navigation is-layout-flex wp-container-core-navigation-is-layout-5f9f5280 wp-block-navigation-is-layout-flex\" aria-label=\"fr-integrations-other\"><ul class=\"wp-block-navigation__container  is-vertical integrations__menu wp-block-navigation\"><li class=\" wp-block-navigation-item wp-block-navigation-link\"><a class=\"wp-block-navigation-item__content\"  href=\"https:\/\/zenkit.com\/fr\/integrations\/deskmoz\/\"><span class=\"wp-block-navigation-item__label\">DeskMoz<\/span><\/a><\/li><li class=\" wp-block-navigation-item wp-block-navigation-link\"><a class=\"wp-block-navigation-item__content\"  href=\"https:\/\/zenkit.com\/fr\/integrations\/evernote-zenkit\/\"><span class=\"wp-block-navigation-item__label\">Evernote<\/span><\/a><\/li><li class=\" wp-block-navigation-item wp-block-navigation-link\"><a class=\"wp-block-navigation-item__content\"  href=\"https:\/\/zenkit.com\/fr\/integrately\/\"><span class=\"wp-block-navigation-item__label\">Integrately<\/span><\/a><\/li><li class=\" wp-block-navigation-item wp-block-navigation-link\"><a class=\"wp-block-navigation-item__content\"  href=\"https:\/\/zenkit.com\/fr\/integrations\/magic-minutes\/\"><span class=\"wp-block-navigation-item__label\">Magic Minutes<\/span><\/a><\/li><li class=\" wp-block-navigation-item wp-block-navigation-link\"><a class=\"wp-block-navigation-item__content\"  href=\"https:\/\/zenkit.com\/fr\/integrations\/pdffiller\/\"><span class=\"wp-block-navigation-item__label\">PDFfiller<\/span><\/a><\/li><\/ul><\/nav><\/div>\n\n\n\n<div class=\"wp-block-column content__integrations is-layout-flow wp-block-column-is-layout-flow\" style=\"flex-basis:77%\">\n<div class=\"wp-block-group has-global-padding is-layout-constrained wp-block-group-is-layout-constrained\">\n<div class=\"wp-block-group title is-layout-flex wp-container-core-group-is-layout-ed4b00df wp-block-group-is-layout-flex\">\n<figure class=\"wp-block-image size-full is-resized\"><img loading=\"lazy\" decoding=\"async\" width=\"150\" height=\"150\" src=\"https:\/\/zenkit.com\/wp-content\/uploads\/2025\/07\/MM.webp\" alt=\"\" class=\"wp-image-117710\" style=\"width:auto;height:46px\"\/><\/figure>\n\n\n\n<h1 class=\"wp-block-heading\">Magic Minutes &amp; Zenkit To Do<\/h1>\n<\/div>\n\n\n\n<div class=\"wp-block-group has-global-padding is-layout-constrained wp-block-group-is-layout-constrained\">\n<h3 class=\"wp-block-heading display-h2\">Connectez vos comptes Zenkit To Do et Magic Minutes<\/h3>\n\n\n\n<p>Connectez-vous avec Magic Minutes pour ajouter automatiquement de nouvelles actions de r\u00e9union en tant que nouveaux \u00e9l\u00e9ments du Zenkit To Do, et assurez-vous que votre liste de t\u00e2ches reste \u00e0 jour!<\/p>\n<\/div>\n<\/div>\n\n\n\n<div style=\"height:48px;--tablet-height:36px;--mobile-height:24px\" class=\"wp-block-lookeen-blocks-responsive-spacer\"><\/div>\n\n\n\n<div class=\"wp-block-group has-global-padding is-layout-constrained wp-block-group-is-layout-constrained\">\n<figure class=\"wp-block-video\"><video controls src=\"https:\/\/zenkit.com\/wp-content\/uploads\/2019\/06\/Magic-Minutes-Explainer-Video.mp4\"><\/video><\/figure>\n<\/div>\n\n\n\n<div style=\"height:48px;--tablet-height:36px;--mobile-height:24px\" class=\"wp-block-lookeen-blocks-responsive-spacer\"><\/div>\n\n\n\n<div class=\"wp-block-group has-global-padding is-layout-constrained wp-block-group-is-layout-constrained\">\n<h3 class=\"wp-block-heading display-h2\">\u00c0 propos de Magic Minutes: Note en ligne et gestion des r\u00e9unions<\/h3>\n\n\n\n<p><a href=\"https:\/\/www.magicminutes.co.uk\/\" target=\"_blank\" rel=\"noreferrer noopener\">Magic Minutes<\/a> est un outil de gestion des notes et des r\u00e9unions qui vous aide \u00e0 mener des r\u00e9unions plus productives et \u00e0 garder le contr\u00f4le de vos actions. Il vous permet d\u2019organiser facilement des r\u00e9unions \u00e0 l\u2019avance, de prendre des notes en direct lors d\u2019une r\u00e9union et de suivre les actions de mani\u00e8re efficace. Pour plus d\u2019informations, veuillez consulter le site: <a href=\"https:\/\/www.magicminutes.co.uk\/\" target=\"_blank\" rel=\"noreferrer noopener\">https:\/\/www.magicminutes.co.uk<\/a><\/p>\n<\/div>\n\n\n\n<div style=\"height:48px;--tablet-height:36px;--mobile-height:24px\" class=\"wp-block-lookeen-blocks-responsive-spacer\"><\/div>\n\n\n\n<div class=\"wp-block-group has-global-padding is-layout-constrained wp-block-group-is-layout-constrained\">\n<h3 class=\"wp-block-heading display-h2\">\u00c0 propos de Zenkit To Do: Gestionnaire de t\u00e2ches en ligne<\/h3>\n\n\n\n<p><a href=\"https:\/\/zenkit.com\/fr\/todo\/\">Zenkit To do<\/a>&nbsp;est une application de liste de t\u00e2ches con\u00e7ue pour simplifier la gestion de vos t\u00e2ches quotidiennes. Gr\u00e2ce \u00e0 sa conception belle et intuitive, \u00e0 ses listes intelligentes, \u00e0 ses rappels et \u00e0 bien d\u2019autres choses encore, elle vous permet de collaborer avec votre \u00e9quipe, votre famille et vos amis, o\u00f9 que vous soyez. Zenkit To Do est disponible en ligne ainsi que sur l\u2019App Store et le Play Store.<\/p>\n\n\n\n<p>Faisant partie de la famille Zenkit Suite, Zenkit To Do s\u2019int\u00e8gre parfaitement avec toutes les autres applications Zenkit. Pour plus d\u2019informations, visitez le site:&nbsp;<a href=\"https:\/\/zenkit.com\/fr\/todo\/\">https:\/\/zenkit.com\/todo<\/a>.<\/p>\n<\/div>\n\n\n\n<div style=\"height:48px;--tablet-height:36px;--mobile-height:24px\" class=\"wp-block-lookeen-blocks-responsive-spacer\"><\/div>\n\n\n\n<div class=\"wp-block-group has-global-padding is-layout-constrained wp-block-group-is-layout-constrained\">\n<h3 class=\"wp-block-heading display-h2\">Connectez Magic Minutes et Zenkit To Do<\/h3>\n\n\n\n<ol class=\"wp-block-list list__style__position-inside\">\n<li><a href=\"https:\/\/zapier.com\/sign-up\/\" target=\"_blank\" rel=\"noreferrer noopener\">Cr\u00e9ez un compte<\/a> Zapier pour avoir acc\u00e8s \u00e0 Zapier.<\/li>\n\n\n\n<li><a href=\"https:\/\/spa.magicminutes.co.uk\/\" target=\"_blank\" rel=\"noreferrer noopener\">Cr\u00e9ez un compte<\/a> avec Magic Minutes.<\/li>\n\n\n\n<li>Connectez-vous \u00e0 Zapier et allez dans le <a href=\"https:\/\/zapier.com\/apps\/magic-minutes\/integrations\/zenkit\" target=\"_blank\" rel=\"noreferrer noopener\">Zenkit + Magic Minutes Zapbook <\/a>pour trouver des mod\u00e8les de Zap.<\/li>\n\n\n\n<li>Ou choisissez de cr\u00e9er votre propre int\u00e9gration Zenkit et Magic Minutes en les s\u00e9lectionnant lorsque vous cr\u00e9ez un zap.<\/li>\n<\/ol>\n\n\n\n<script type=\"text\/javascript\" src=\"https:\/\/zapier.com\/apps\/embed\/widget.js?guided_zaps=53311\"><\/script>\n<\/div>\n\n\n\n<div style=\"height:48px;--tablet-height:36px;--mobile-height:24px\" class=\"wp-block-lookeen-blocks-responsive-spacer\"><\/div>\n\n\n\n<div class=\"wp-block-group has-global-padding is-layout-constrained wp-block-group-is-layout-constrained\">\n<h3 class=\"wp-block-heading display-h2\">Support technique<\/h3>\n\n\n\n<p>Soutenu par Zapier : Veuillez <a href=\"https:\/\/zapier.com\/help\/contact-us\/\" target=\"_blank\" rel=\"noreferrer noopener\">contacter l\u2019assistance Zapier<\/a> si vous rencontrez des probl\u00e8mes. Pour plus d\u2019informations sur l\u2019utilisation de Zenkit avec Zapier, veuillez lire notre <a href=\"https:\/\/zenkit.com\/documentation#\/lists\/HJQBQ1Hw\/sections\/SJYE55zA\/entries\/BJGOKQtA?_k=hyyynn\" target=\"_blank\" rel=\"noreferrer noopener\">documentation<\/a>.<\/p>\n<\/div>\n<\/div>\n<\/div>\n<\/div>\n\n\n\n<div style=\"height:110px;--tablet-height:60px;--mobile-height:48px\" class=\"wp-block-lookeen-blocks-responsive-spacer\"><\/div>\n","protected":false},"excerpt":{"rendered":"<p>Autres Int\u00e9grations Magic Minutes &amp; Zenkit To Do Connectez vos comptes Zenkit To Do et Magic Minutes Connectez-vous avec Magic Minutes pour ajouter automatiquement de nouvelles actions de r\u00e9union en tant que nouveaux \u00e9l\u00e9ments du Zenkit To Do, et assurez-vous que votre liste de t\u00e2ches reste \u00e0 jour! \u00c0 propos de Magic Minutes: Note en [&hellip;]<\/p>\n","protected":false},"author":9,"featured_media":0,"parent":122713,"menu_order":23,"comment_status":"closed","ping_status":"closed","template":"","meta":{"yasr_overall_rating":0,"yasr_post_is_review":"","yasr_auto_insert_disabled":"","yasr_review_type":"","footnotes":""},"class_list":["post-122859","page","type-page","status-publish","hentry"],"yoast_head":"<!-- This site is optimized with the Yoast SEO plugin v27.3 - https:\/\/yoast.com\/product\/yoast-seo-wordpress\/ -->\n<title>Magic Minutes | Zenkit<\/title>\n<meta name=\"robots\" content=\"index, follow, max-snippet:-1, max-image-preview:large, max-video-preview:-1\" \/>\n<link rel=\"canonical\" href=\"https:\/\/zenkit.com\/fr\/integrations\/magic-minutes\/\" \/>\n<meta property=\"og:locale\" content=\"fr_FR\" \/>\n<meta property=\"og:type\" content=\"article\" \/>\n<meta property=\"og:title\" content=\"Magic Minutes | Zenkit\" \/>\n<meta property=\"og:description\" content=\"Autres Int\u00e9grations Magic Minutes &amp; Zenkit To Do Connectez vos comptes Zenkit To Do et Magic Minutes Connectez-vous avec Magic Minutes pour ajouter automatiquement de nouvelles actions de r\u00e9union en tant que nouveaux \u00e9l\u00e9ments du Zenkit To Do, et assurez-vous que votre liste de t\u00e2ches reste \u00e0 jour! \u00c0 propos de Magic Minutes: Note en [&hellip;]\" \/>\n<meta property=\"og:url\" content=\"https:\/\/zenkit.com\/fr\/integrations\/magic-minutes\/\" \/>\n<meta property=\"og:site_name\" content=\"Zenkit\" \/>\n<meta property=\"article:publisher\" content=\"https:\/\/www.facebook.com\/ZenkitHQ\" \/>\n<meta property=\"article:modified_time\" content=\"2025-11-04T05:53:16+00:00\" \/>\n<meta property=\"og:image\" content=\"https:\/\/zenkit.com\/wp-content\/uploads\/2025\/07\/MM.webp\" \/>\n\t<meta property=\"og:image:width\" content=\"150\" \/>\n\t<meta property=\"og:image:height\" content=\"150\" \/>\n\t<meta property=\"og:image:type\" content=\"image\/webp\" \/>\n<meta name=\"twitter:card\" content=\"summary_large_image\" \/>\n<meta name=\"twitter:site\" content=\"@ZenkitHQ\" \/>\n<meta name=\"twitter:label1\" content=\"Dur\u00e9e de lecture estim\u00e9e\" \/>\n\t<meta name=\"twitter:data1\" content=\"10 minutes\" \/>\n<script type=\"application\/ld+json\" class=\"yoast-schema-graph\">{\"@context\":\"https:\\\/\\\/schema.org\",\"@graph\":[{\"@type\":\"WebPage\",\"@id\":\"https:\\\/\\\/zenkit.com\\\/fr\\\/integrations\\\/magic-minutes\\\/\",\"url\":\"https:\\\/\\\/zenkit.com\\\/fr\\\/integrations\\\/magic-minutes\\\/\",\"name\":\"Magic Minutes | Zenkit\",\"isPartOf\":{\"@id\":\"https:\\\/\\\/zenkit.com\\\/fr\\\/#website\"},\"primaryImageOfPage\":{\"@id\":\"https:\\\/\\\/zenkit.com\\\/fr\\\/integrations\\\/magic-minutes\\\/#primaryimage\"},\"image\":{\"@id\":\"https:\\\/\\\/zenkit.com\\\/fr\\\/integrations\\\/magic-minutes\\\/#primaryimage\"},\"thumbnailUrl\":\"https:\\\/\\\/zenkit.com\\\/wp-content\\\/uploads\\\/2025\\\/07\\\/MM.webp\",\"datePublished\":\"2025-07-27T17:15:26+00:00\",\"dateModified\":\"2025-11-04T05:53:16+00:00\",\"breadcrumb\":{\"@id\":\"https:\\\/\\\/zenkit.com\\\/fr\\\/integrations\\\/magic-minutes\\\/#breadcrumb\"},\"inLanguage\":\"fr-FR\",\"potentialAction\":[{\"@type\":\"ReadAction\",\"target\":[\"https:\\\/\\\/zenkit.com\\\/fr\\\/integrations\\\/magic-minutes\\\/\"]}]},{\"@type\":\"ImageObject\",\"inLanguage\":\"fr-FR\",\"@id\":\"https:\\\/\\\/zenkit.com\\\/fr\\\/integrations\\\/magic-minutes\\\/#primaryimage\",\"url\":\"https:\\\/\\\/zenkit.com\\\/wp-content\\\/uploads\\\/2025\\\/07\\\/MM.webp\",\"contentUrl\":\"https:\\\/\\\/zenkit.com\\\/wp-content\\\/uploads\\\/2025\\\/07\\\/MM.webp\"},{\"@type\":\"BreadcrumbList\",\"@id\":\"https:\\\/\\\/zenkit.com\\\/fr\\\/integrations\\\/magic-minutes\\\/#breadcrumb\",\"itemListElement\":[{\"@type\":\"ListItem\",\"position\":1,\"name\":\"Home\",\"item\":\"https:\\\/\\\/zenkit.com\\\/fr\\\/\"},{\"@type\":\"ListItem\",\"position\":2,\"name\":\"Integrations\",\"item\":\"https:\\\/\\\/zenkit.com\\\/fr\\\/integrations\\\/\"},{\"@type\":\"ListItem\",\"position\":3,\"name\":\"Magic Minutes\"}]},{\"@type\":\"WebSite\",\"@id\":\"https:\\\/\\\/zenkit.com\\\/fr\\\/#website\",\"url\":\"https:\\\/\\\/zenkit.com\\\/fr\\\/\",\"name\":\"Zenkit\",\"description\":\"Zenkit Tagline\",\"potentialAction\":[{\"@type\":\"SearchAction\",\"target\":{\"@type\":\"EntryPoint\",\"urlTemplate\":\"https:\\\/\\\/zenkit.com\\\/fr\\\/?s={search_term_string}\"},\"query-input\":{\"@type\":\"PropertyValueSpecification\",\"valueRequired\":true,\"valueName\":\"search_term_string\"}}],\"inLanguage\":\"fr-FR\"},false]}<\/script>\n<!-- \/ Yoast SEO plugin. -->","yoast_head_json":{"title":"Magic Minutes | Zenkit","robots":{"index":"index","follow":"follow","max-snippet":"max-snippet:-1","max-image-preview":"max-image-preview:large","max-video-preview":"max-video-preview:-1"},"canonical":"https:\/\/zenkit.com\/fr\/integrations\/magic-minutes\/","og_locale":"fr_FR","og_type":"article","og_title":"Magic Minutes | Zenkit","og_description":"Autres Int\u00e9grations Magic Minutes &amp; Zenkit To Do Connectez vos comptes Zenkit To Do et Magic Minutes Connectez-vous avec Magic Minutes pour ajouter automatiquement de nouvelles actions de r\u00e9union en tant que nouveaux \u00e9l\u00e9ments du Zenkit To Do, et assurez-vous que votre liste de t\u00e2ches reste \u00e0 jour! \u00c0 propos de Magic Minutes: Note en [&hellip;]","og_url":"https:\/\/zenkit.com\/fr\/integrations\/magic-minutes\/","og_site_name":"Zenkit","article_publisher":"https:\/\/www.facebook.com\/ZenkitHQ","article_modified_time":"2025-11-04T05:53:16+00:00","og_image":[{"width":150,"height":150,"url":"https:\/\/zenkit.com\/wp-content\/uploads\/2025\/07\/MM.webp","type":"image\/webp"}],"twitter_card":"summary_large_image","twitter_site":"@ZenkitHQ","twitter_misc":{"Dur\u00e9e de lecture estim\u00e9e":"10 minutes"},"schema":{"@context":"https:\/\/schema.org","@graph":[{"@type":"WebPage","@id":"https:\/\/zenkit.com\/fr\/integrations\/magic-minutes\/","url":"https:\/\/zenkit.com\/fr\/integrations\/magic-minutes\/","name":"Magic Minutes | Zenkit","isPartOf":{"@id":"https:\/\/zenkit.com\/fr\/#website"},"primaryImageOfPage":{"@id":"https:\/\/zenkit.com\/fr\/integrations\/magic-minutes\/#primaryimage"},"image":{"@id":"https:\/\/zenkit.com\/fr\/integrations\/magic-minutes\/#primaryimage"},"thumbnailUrl":"https:\/\/zenkit.com\/wp-content\/uploads\/2025\/07\/MM.webp","datePublished":"2025-07-27T17:15:26+00:00","dateModified":"2025-11-04T05:53:16+00:00","breadcrumb":{"@id":"https:\/\/zenkit.com\/fr\/integrations\/magic-minutes\/#breadcrumb"},"inLanguage":"fr-FR","potentialAction":[{"@type":"ReadAction","target":["https:\/\/zenkit.com\/fr\/integrations\/magic-minutes\/"]}]},{"@type":"ImageObject","inLanguage":"fr-FR","@id":"https:\/\/zenkit.com\/fr\/integrations\/magic-minutes\/#primaryimage","url":"https:\/\/zenkit.com\/wp-content\/uploads\/2025\/07\/MM.webp","contentUrl":"https:\/\/zenkit.com\/wp-content\/uploads\/2025\/07\/MM.webp"},{"@type":"BreadcrumbList","@id":"https:\/\/zenkit.com\/fr\/integrations\/magic-minutes\/#breadcrumb","itemListElement":[{"@type":"ListItem","position":1,"name":"Home","item":"https:\/\/zenkit.com\/fr\/"},{"@type":"ListItem","position":2,"name":"Integrations","item":"https:\/\/zenkit.com\/fr\/integrations\/"},{"@type":"ListItem","position":3,"name":"Magic Minutes"}]},{"@type":"WebSite","@id":"https:\/\/zenkit.com\/fr\/#website","url":"https:\/\/zenkit.com\/fr\/","name":"Zenkit","description":"Zenkit Tagline","potentialAction":[{"@type":"SearchAction","target":{"@type":"EntryPoint","urlTemplate":"https:\/\/zenkit.com\/fr\/?s={search_term_string}"},"query-input":{"@type":"PropertyValueSpecification","valueRequired":true,"valueName":"search_term_string"}}],"inLanguage":"fr-FR"},false]}},"yasr_visitor_votes":{"stars_attributes":{"read_only":false,"span_bottom":false},"number_of_votes":0,"sum_votes":0},"_links":{"self":[{"href":"https:\/\/zenkit.com\/fr\/wp-json\/wp\/v2\/pages\/122859","targetHints":{"allow":["GET"]}}],"collection":[{"href":"https:\/\/zenkit.com\/fr\/wp-json\/wp\/v2\/pages"}],"about":[{"href":"https:\/\/zenkit.com\/fr\/wp-json\/wp\/v2\/types\/page"}],"author":[{"embeddable":true,"href":"https:\/\/zenkit.com\/fr\/wp-json\/wp\/v2\/users\/9"}],"replies":[{"embeddable":true,"href":"https:\/\/zenkit.com\/fr\/wp-json\/wp\/v2\/comments?post=122859"}],"version-history":[{"count":5,"href":"https:\/\/zenkit.com\/fr\/wp-json\/wp\/v2\/pages\/122859\/revisions"}],"predecessor-version":[{"id":161904,"href":"https:\/\/zenkit.com\/fr\/wp-json\/wp\/v2\/pages\/122859\/revisions\/161904"}],"up":[{"embeddable":true,"href":"https:\/\/zenkit.com\/fr\/wp-json\/wp\/v2\/pages\/122713"}],"wp:attachment":[{"href":"https:\/\/zenkit.com\/fr\/wp-json\/wp\/v2\/media?parent=122859"}],"curies":[{"name":"wp","href":"https:\/\/api.w.org\/{rel}","templated":true}]}}