{"id":122873,"date":"2025-07-27T19:46:07","date_gmt":"2025-07-27T17:46:07","guid":{"rendered":"https:\/\/zenkit.com\/?page_id=122873"},"modified":"2025-11-04T06:53:16","modified_gmt":"2025-11-04T05:53:16","slug":"pdffiller","status":"publish","type":"page","link":"https:\/\/zenkit.com\/fr\/integrations\/pdffiller\/","title":{"rendered":"PDFfiller"},"content":{"rendered":"\n<div style=\"height:45px;--tablet-height:45px;--mobile-height:16px\" class=\"wp-block-lookeen-blocks-responsive-spacer\"><\/div>\n\n\n\n<div class=\"wp-block-group has-global-padding is-layout-constrained wp-block-group-is-layout-constrained\">\n<div class=\"wp-block-columns is-layout-flex wp-container-core-columns-is-layout-467d341d wp-block-columns-is-layout-flex\" id=\"main__integrations\" style=\"margin-top:0px;margin-bottom:0px\">\n<div class=\"wp-block-column side__bar__integrations is-layout-flow wp-block-column-is-layout-flow\" style=\"flex-basis:23%\">\n<h2 class=\"wp-block-heading has-da-blue-color-new has-text-color has-link-color wp-elements-7b8a0f2c637878b37198dd4604903e2a\" style=\"margin-top:0px;margin-bottom:0px;font-size:16px;line-height:1.5\">Autres Int\u00e9grations<\/h2>\n\n\n<nav class=\"is-vertical integrations__menu wp-block-navigation is-layout-flex wp-container-core-navigation-is-layout-5f9f5280 wp-block-navigation-is-layout-flex\" aria-label=\"fr-integrations-other\"><ul class=\"wp-block-navigation__container  is-vertical integrations__menu wp-block-navigation\"><li class=\" wp-block-navigation-item wp-block-navigation-link\"><a class=\"wp-block-navigation-item__content\"  href=\"https:\/\/zenkit.com\/fr\/integrations\/deskmoz\/\"><span class=\"wp-block-navigation-item__label\">DeskMoz<\/span><\/a><\/li><li class=\" wp-block-navigation-item wp-block-navigation-link\"><a class=\"wp-block-navigation-item__content\"  href=\"https:\/\/zenkit.com\/fr\/integrations\/evernote-zenkit\/\"><span class=\"wp-block-navigation-item__label\">Evernote<\/span><\/a><\/li><li class=\" wp-block-navigation-item wp-block-navigation-link\"><a class=\"wp-block-navigation-item__content\"  href=\"https:\/\/zenkit.com\/fr\/integrately\/\"><span class=\"wp-block-navigation-item__label\">Integrately<\/span><\/a><\/li><li class=\" wp-block-navigation-item wp-block-navigation-link\"><a class=\"wp-block-navigation-item__content\"  href=\"https:\/\/zenkit.com\/fr\/integrations\/magic-minutes\/\"><span class=\"wp-block-navigation-item__label\">Magic Minutes<\/span><\/a><\/li><li class=\" wp-block-navigation-item wp-block-navigation-link\"><a class=\"wp-block-navigation-item__content\"  href=\"https:\/\/zenkit.com\/fr\/integrations\/pdffiller\/\"><span class=\"wp-block-navigation-item__label\">PDFfiller<\/span><\/a><\/li><\/ul><\/nav><\/div>\n\n\n\n<div class=\"wp-block-column content__integrations is-layout-flow wp-block-column-is-layout-flow\" style=\"flex-basis:77%\">\n<div class=\"wp-block-group has-global-padding is-layout-constrained wp-block-group-is-layout-constrained\">\n<div class=\"wp-block-group title is-layout-flex wp-container-core-group-is-layout-ed4b00df wp-block-group-is-layout-flex\">\n<figure class=\"wp-block-image size-full is-resized\"><img loading=\"lazy\" decoding=\"async\" width=\"659\" height=\"659\" src=\"https:\/\/zenkit.com\/wp-content\/uploads\/2025\/07\/PDFfiller_logo.webp\" alt=\"\" class=\"wp-image-117686\" style=\"width:auto;height:46px\" srcset=\"https:\/\/zenkit.com\/wp-content\/uploads\/2025\/07\/PDFfiller_logo.webp 659w, https:\/\/zenkit.com\/wp-content\/uploads\/2025\/07\/PDFfiller_logo-300x300.webp 300w, https:\/\/zenkit.com\/wp-content\/uploads\/2025\/07\/PDFfiller_logo-150x150.webp 150w\" sizes=\"auto, (max-width: 659px) 100vw, 659px\" \/><\/figure>\n\n\n\n<h1 class=\"wp-block-heading\">PDFfiller &amp; Zenkit<\/h1>\n<\/div>\n\n\n\n<div class=\"wp-block-group has-global-padding is-layout-constrained wp-block-group-is-layout-constrained\">\n<h2 class=\"wp-block-heading display-h2\">Connectez vos comptes Zenkit et PDFfiller<\/h2>\n\n\n\n<p>Vous utilisez PDFfiller pour g\u00e9rer, modifier et partager vos documents PDF en ligne ? Une fois que vos contacts ont sign\u00e9 ou rempli des documents PDF, cela se traduit g\u00e9n\u00e9ralement par de nouvelles t\u00e2ches pour vous, qu\u2019il s\u2019agisse d\u2019\u00e9tudier les documents ou de r\u00e9server une salle pour rencontrer vos contacts. Gr\u00e2ce \u00e0 notre int\u00e9gration Zapier, vous n\u2019aurez plus besoin de cr\u00e9er manuellement des t\u00e2ches Zenkit et vous pourrez vous assurer que votre liste de t\u00e2ches reste \u00e0 jour!<\/p>\n<\/div>\n<\/div>\n\n\n\n<div style=\"height:48px;--tablet-height:36px;--mobile-height:24px\" class=\"wp-block-lookeen-blocks-responsive-spacer\"><\/div>\n\n\n\n<div class=\"wp-block-group has-global-padding is-layout-constrained wp-block-group-is-layout-constrained\">\n<figure class=\"wp-block-image size-full\"><img loading=\"lazy\" decoding=\"async\" width=\"1024\" height=\"559\" src=\"https:\/\/zenkit.com\/wp-content\/uploads\/2025\/07\/PDFfiller_screenshot-1024x559-1.webp\" alt=\"\" class=\"wp-image-117697\" srcset=\"https:\/\/zenkit.com\/wp-content\/uploads\/2025\/07\/PDFfiller_screenshot-1024x559-1.webp 1024w, https:\/\/zenkit.com\/wp-content\/uploads\/2025\/07\/PDFfiller_screenshot-1024x559-1-300x164.webp 300w, https:\/\/zenkit.com\/wp-content\/uploads\/2025\/07\/PDFfiller_screenshot-1024x559-1-768x419.webp 768w\" sizes=\"auto, (max-width: 1024px) 100vw, 1024px\" \/><\/figure>\n<\/div>\n\n\n\n<div style=\"height:48px;--tablet-height:36px;--mobile-height:24px\" class=\"wp-block-lookeen-blocks-responsive-spacer\"><\/div>\n\n\n\n<div class=\"wp-block-group has-global-padding is-layout-constrained wp-block-group-is-layout-constrained\">\n<h3 class=\"wp-block-heading display-h2\">\u00c0 propos de PDFfiller: Gestion de document PDF en ligne<\/h3>\n\n\n\n<p><a href=\"https:\/\/www.pdffiller.com\/en\/\" target=\"_blank\" rel=\"noreferrer noopener\">PDFfiller<\/a> est un \u00e9diteur de PDF en ligne tout-en-un, un g\u00e9n\u00e9rateur de documents, un gestionnaire de signatures \u00e9lectroniques et une solution de cr\u00e9ation de formulaires. Sa biblioth\u00e8que en ligne de 25 millions de documents \u00e0 remplir vous permet de trouver rapidement le PDF dont vous avez besoin. PDFfiller vous offre des options de s\u00e9curit\u00e9 avanc\u00e9es et vous pouvez travailler sur vos documents sur n\u2019importe quel ordinateur de bureau ou appareil mobile sans aucun t\u00e9l\u00e9chargement ni installation. De plus, les destinataires n\u2019ont pas besoin d\u2019un compte PDFfiller pour signer ou remplir un PDF partag\u00e9. Si vous avez des questions, l\u2019\u00e9quipe d\u2019assistance de PDFfiller est \u00e0 votre disposition 24 heures sur 24, 7 jours sur 7. Commencez votre essai gratuit de PDFfiller: <a href=\"https:\/\/www.pdffiller.com\/en\/services.htm\" target=\"_blank\" rel=\"noreferrer noopener\">https:\/\/www.pdffiller.com\/en\/services.htm<\/a><\/p>\n\n\n\n<p>Avec PDFfiller vous pouvez:<\/p>\n\n\n\n<p>transformer n\u2019importe quel document en un formulaire PDF interactif \u00e0 remplir, l\u2019importer sur votre site web et le partager par courrier \u00e9lectronique ou gr\u00e2ce \u00e0 un lien direct.<\/p>\n\n\n\n<p>modifier et annoter le texte et les graphiques de tout PDF natif ou image.<\/p>\n\n\n\n<p>signer un PDF par voie \u00e9lectronique et cr\u00e9er des flux de travail complexes de signature \u00e9lectronique.<\/p>\n<\/div>\n\n\n\n<div style=\"height:48px;--tablet-height:36px;--mobile-height:24px\" class=\"wp-block-lookeen-blocks-responsive-spacer\"><\/div>\n\n\n\n<div class=\"wp-block-group has-global-padding is-layout-constrained wp-block-group-is-layout-constrained\">\n<h3 class=\"wp-block-heading display-h2\">\u00c0 propos de Zenkit: Gestion de Projet en Ligne<\/h3>\n\n\n\n<p><a href=\"https:\/\/zenkit.com\/\">Zenkit<\/a> est un outil convivial et collaboratif pour la gestion de projets, la cr\u00e9ation de bases de donn\u00e9es, et plus. Il vous permet de changer d\u2019affichage (tableau, liste de t\u00e2ches, Kanban, calendrier et carte mentale) en un clic. Vous pouvez partager votre travail en ligne avec des collections publi\u00e9es et int\u00e9gr\u00e9es, et construire des int\u00e9grations avec notre API document\u00e9e. Zenkit est suffisamment flexible pour s\u2019adapter \u00e0 n\u2019importe quel flux de travail et suffisamment puissant pour faire fonctionner votre entreprise. Cr\u00e9ez votre compte gratuitement: <a href=\"https:\/\/app.zenkit.com\/register\">https:\/\/app.zenkit.com\/register<\/a>.<\/p>\n<\/div>\n\n\n\n<div style=\"height:48px;--tablet-height:36px;--mobile-height:24px\" class=\"wp-block-lookeen-blocks-responsive-spacer\"><\/div>\n\n\n\n<div class=\"wp-block-group has-global-padding is-layout-constrained wp-block-group-is-layout-constrained\">\n<h3 class=\"wp-block-heading display-h2\">Comment connecter PDFfiller et Zenkit?<\/h3>\n\n\n\n<ol class=\"wp-block-list list__style__position-inside\">\n<li><a href=\"https:\/\/zapier.com\/sign-up\/\" target=\"_blank\" rel=\"noreferrer noopener\">Cr\u00e9ez un compte<\/a> Zapier pour avoir acc\u00e8s \u00e0 Zapier.<\/li>\n\n\n\n<li><a href=\"https:\/\/www.pdffiller.com\/en\/login.htm\" target=\"_blank\" rel=\"noreferrer noopener\">Cr\u00e9ez un compte<\/a> avec PDFfiller.<\/li>\n\n\n\n<li>Connectez-vous \u00e0 Zapier et allez dans le <a href=\"https:\/\/zapier.com\/apps\/zenkit\/integrations\/pdffiller\" target=\"_blank\" rel=\"noreferrer noopener\">Zenkit + PDFfiller Zapbook <\/a>pour trouver des mod\u00e8les de Zap.<\/li>\n\n\n\n<li>Ou choisissez de cr\u00e9er votre propre int\u00e9gration Zenkit et PDFfiller en les s\u00e9lectionnant lorsque vous cr\u00e9ez un zap.<\/li>\n<\/ol>\n<\/div>\n\n\n\n<div style=\"height:48px;--tablet-height:36px;--mobile-height:24px\" class=\"wp-block-lookeen-blocks-responsive-spacer\"><\/div>\n\n\n\n<div class=\"wp-block-group has-global-padding is-layout-constrained wp-block-group-is-layout-constrained\">\n<script type=\"text\/javascript\" src=\"https:\/\/zapier.com\/apps\/embed\/widget.js?guided_zaps=42742\"><\/script>\n<\/div>\n\n\n\n<div style=\"height:48px;--tablet-height:36px;--mobile-height:24px\" class=\"wp-block-lookeen-blocks-responsive-spacer\"><\/div>\n\n\n\n<div class=\"wp-block-group has-global-padding is-layout-constrained wp-block-group-is-layout-constrained\">\n<h3 class=\"wp-block-heading display-h2\">Qui va b\u00e9n\u00e9ficier de cette int\u00e9gration PDFfiller et Zenkit?<\/h3>\n\n\n\n<ul class=\"wp-block-list is-style-da-left-indent\">\n<li>Les personnes qui souhaitent am\u00e9liorer leur flux de travail en int\u00e9grant Zenkit \u00e0 un outil de gestion de documents PDF en ligne.<\/li>\n\n\n\n<li>Les personnes qui souffrent d\u2019inefficacit\u00e9 et de faible productivit\u00e9 en raison de processus manuels r\u00e9currents.<\/li>\n<\/ul>\n<\/div>\n\n\n\n<div style=\"height:48px;--tablet-height:36px;--mobile-height:24px\" class=\"wp-block-lookeen-blocks-responsive-spacer\"><\/div>\n\n\n\n<div class=\"wp-block-group has-global-padding is-layout-constrained wp-block-group-is-layout-constrained\">\n<h3 class=\"wp-block-heading display-h2\">D\u00e9tails suppl\u00e9mentaires sur l\u2019int\u00e9gration<\/h3>\n\n\n\n<p>Soutenu par Zapier : Veuillez <a href=\"https:\/\/zapier.com\/help\/contact-us\/\">contacter l\u2019<\/a><a href=\"https:\/\/zapier.com\/help\/contact-us\/\" target=\"_blank\" rel=\"noreferrer noopener\">a<\/a><a href=\"https:\/\/zapier.com\/help\/contact-us\/\">ssistance Zapier<\/a> si vous rencontrez des probl\u00e8mes. Pour plus d\u2019informations sur l\u2019utilisation de Zenkit avec Zapier, veuillez lire notre <a href=\"https:\/\/zenkit.com\/documentation#\/lists\/HJQBQ1Hw\/sections\/SJYE55zA\/entries\/BJGOKQtA?_k=hyyynn\" target=\"_blank\" rel=\"noreferrer noopener\">documentation<\/a>.<\/p>\n<\/div>\n<\/div>\n<\/div>\n<\/div>\n\n\n\n<div style=\"height:110px;--tablet-height:60px;--mobile-height:48px\" class=\"wp-block-lookeen-blocks-responsive-spacer\"><\/div>\n","protected":false},"excerpt":{"rendered":"<p>Autres Int\u00e9grations PDFfiller &amp; Zenkit Connectez vos comptes Zenkit et PDFfiller Vous utilisez PDFfiller pour g\u00e9rer, modifier et partager vos documents PDF en ligne ? Une fois que vos contacts ont sign\u00e9 ou rempli des documents PDF, cela se traduit g\u00e9n\u00e9ralement par de nouvelles t\u00e2ches pour vous, qu\u2019il s\u2019agisse d\u2019\u00e9tudier les documents ou de r\u00e9server [&hellip;]<\/p>\n","protected":false},"author":9,"featured_media":0,"parent":122713,"menu_order":5,"comment_status":"closed","ping_status":"closed","template":"","meta":{"yasr_overall_rating":0,"yasr_post_is_review":"","yasr_auto_insert_disabled":"","yasr_review_type":"","footnotes":""},"class_list":["post-122873","page","type-page","status-publish","hentry"],"yoast_head":"<!-- This site is optimized with the Yoast SEO plugin v27.3 - https:\/\/yoast.com\/product\/yoast-seo-wordpress\/ -->\n<title>PDFfiller | Zenkit<\/title>\n<meta name=\"robots\" content=\"index, follow, max-snippet:-1, max-image-preview:large, max-video-preview:-1\" \/>\n<link rel=\"canonical\" href=\"https:\/\/zenkit.com\/fr\/integrations\/pdffiller\/\" \/>\n<meta property=\"og:locale\" content=\"fr_FR\" \/>\n<meta property=\"og:type\" content=\"article\" \/>\n<meta property=\"og:title\" content=\"PDFfiller | Zenkit\" \/>\n<meta property=\"og:description\" content=\"Autres Int\u00e9grations PDFfiller &amp; Zenkit Connectez vos comptes Zenkit et PDFfiller Vous utilisez PDFfiller pour g\u00e9rer, modifier et partager vos documents PDF en ligne ? Une fois que vos contacts ont sign\u00e9 ou rempli des documents PDF, cela se traduit g\u00e9n\u00e9ralement par de nouvelles t\u00e2ches pour vous, qu\u2019il s\u2019agisse d\u2019\u00e9tudier les documents ou de r\u00e9server [&hellip;]\" \/>\n<meta property=\"og:url\" content=\"https:\/\/zenkit.com\/fr\/integrations\/pdffiller\/\" \/>\n<meta property=\"og:site_name\" content=\"Zenkit\" \/>\n<meta property=\"article:publisher\" content=\"https:\/\/www.facebook.com\/ZenkitHQ\" \/>\n<meta property=\"article:modified_time\" content=\"2025-11-04T05:53:16+00:00\" \/>\n<meta property=\"og:image\" content=\"https:\/\/zenkit.com\/wp-content\/uploads\/2025\/07\/PDFfiller_logo.webp\" \/>\n<meta name=\"twitter:card\" content=\"summary_large_image\" \/>\n<meta name=\"twitter:site\" content=\"@ZenkitHQ\" \/>\n<meta name=\"twitter:label1\" content=\"Dur\u00e9e de lecture estim\u00e9e\" \/>\n\t<meta name=\"twitter:data1\" content=\"3 minutes\" \/>\n<script type=\"application\/ld+json\" class=\"yoast-schema-graph\">{\"@context\":\"https:\\\/\\\/schema.org\",\"@graph\":[{\"@type\":\"WebPage\",\"@id\":\"https:\\\/\\\/zenkit.com\\\/fr\\\/integrations\\\/pdffiller\\\/\",\"url\":\"https:\\\/\\\/zenkit.com\\\/fr\\\/integrations\\\/pdffiller\\\/\",\"name\":\"PDFfiller | Zenkit\",\"isPartOf\":{\"@id\":\"https:\\\/\\\/zenkit.com\\\/fr\\\/#website\"},\"primaryImageOfPage\":{\"@id\":\"https:\\\/\\\/zenkit.com\\\/fr\\\/integrations\\\/pdffiller\\\/#primaryimage\"},\"image\":{\"@id\":\"https:\\\/\\\/zenkit.com\\\/fr\\\/integrations\\\/pdffiller\\\/#primaryimage\"},\"thumbnailUrl\":\"https:\\\/\\\/zenkit.com\\\/wp-content\\\/uploads\\\/2025\\\/07\\\/PDFfiller_logo.webp\",\"datePublished\":\"2025-07-27T17:46:07+00:00\",\"dateModified\":\"2025-11-04T05:53:16+00:00\",\"breadcrumb\":{\"@id\":\"https:\\\/\\\/zenkit.com\\\/fr\\\/integrations\\\/pdffiller\\\/#breadcrumb\"},\"inLanguage\":\"fr-FR\",\"potentialAction\":[{\"@type\":\"ReadAction\",\"target\":[\"https:\\\/\\\/zenkit.com\\\/fr\\\/integrations\\\/pdffiller\\\/\"]}]},{\"@type\":\"ImageObject\",\"inLanguage\":\"fr-FR\",\"@id\":\"https:\\\/\\\/zenkit.com\\\/fr\\\/integrations\\\/pdffiller\\\/#primaryimage\",\"url\":\"https:\\\/\\\/zenkit.com\\\/wp-content\\\/uploads\\\/2025\\\/07\\\/PDFfiller_logo.webp\",\"contentUrl\":\"https:\\\/\\\/zenkit.com\\\/wp-content\\\/uploads\\\/2025\\\/07\\\/PDFfiller_logo.webp\"},{\"@type\":\"BreadcrumbList\",\"@id\":\"https:\\\/\\\/zenkit.com\\\/fr\\\/integrations\\\/pdffiller\\\/#breadcrumb\",\"itemListElement\":[{\"@type\":\"ListItem\",\"position\":1,\"name\":\"Home\",\"item\":\"https:\\\/\\\/zenkit.com\\\/fr\\\/\"},{\"@type\":\"ListItem\",\"position\":2,\"name\":\"Integrations\",\"item\":\"https:\\\/\\\/zenkit.com\\\/fr\\\/integrations\\\/\"},{\"@type\":\"ListItem\",\"position\":3,\"name\":\"PDFfiller\"}]},{\"@type\":\"WebSite\",\"@id\":\"https:\\\/\\\/zenkit.com\\\/fr\\\/#website\",\"url\":\"https:\\\/\\\/zenkit.com\\\/fr\\\/\",\"name\":\"Zenkit\",\"description\":\"Zenkit Tagline\",\"potentialAction\":[{\"@type\":\"SearchAction\",\"target\":{\"@type\":\"EntryPoint\",\"urlTemplate\":\"https:\\\/\\\/zenkit.com\\\/fr\\\/?s={search_term_string}\"},\"query-input\":{\"@type\":\"PropertyValueSpecification\",\"valueRequired\":true,\"valueName\":\"search_term_string\"}}],\"inLanguage\":\"fr-FR\"},false]}<\/script>\n<!-- \/ Yoast SEO plugin. -->","yoast_head_json":{"title":"PDFfiller | Zenkit","robots":{"index":"index","follow":"follow","max-snippet":"max-snippet:-1","max-image-preview":"max-image-preview:large","max-video-preview":"max-video-preview:-1"},"canonical":"https:\/\/zenkit.com\/fr\/integrations\/pdffiller\/","og_locale":"fr_FR","og_type":"article","og_title":"PDFfiller | Zenkit","og_description":"Autres Int\u00e9grations PDFfiller &amp; Zenkit Connectez vos comptes Zenkit et PDFfiller Vous utilisez PDFfiller pour g\u00e9rer, modifier et partager vos documents PDF en ligne ? Une fois que vos contacts ont sign\u00e9 ou rempli des documents PDF, cela se traduit g\u00e9n\u00e9ralement par de nouvelles t\u00e2ches pour vous, qu\u2019il s\u2019agisse d\u2019\u00e9tudier les documents ou de r\u00e9server [&hellip;]","og_url":"https:\/\/zenkit.com\/fr\/integrations\/pdffiller\/","og_site_name":"Zenkit","article_publisher":"https:\/\/www.facebook.com\/ZenkitHQ","article_modified_time":"2025-11-04T05:53:16+00:00","og_image":[{"url":"https:\/\/zenkit.com\/wp-content\/uploads\/2025\/07\/PDFfiller_logo.webp","type":"","width":"","height":""}],"twitter_card":"summary_large_image","twitter_site":"@ZenkitHQ","twitter_misc":{"Dur\u00e9e de lecture estim\u00e9e":"3 minutes"},"schema":{"@context":"https:\/\/schema.org","@graph":[{"@type":"WebPage","@id":"https:\/\/zenkit.com\/fr\/integrations\/pdffiller\/","url":"https:\/\/zenkit.com\/fr\/integrations\/pdffiller\/","name":"PDFfiller | Zenkit","isPartOf":{"@id":"https:\/\/zenkit.com\/fr\/#website"},"primaryImageOfPage":{"@id":"https:\/\/zenkit.com\/fr\/integrations\/pdffiller\/#primaryimage"},"image":{"@id":"https:\/\/zenkit.com\/fr\/integrations\/pdffiller\/#primaryimage"},"thumbnailUrl":"https:\/\/zenkit.com\/wp-content\/uploads\/2025\/07\/PDFfiller_logo.webp","datePublished":"2025-07-27T17:46:07+00:00","dateModified":"2025-11-04T05:53:16+00:00","breadcrumb":{"@id":"https:\/\/zenkit.com\/fr\/integrations\/pdffiller\/#breadcrumb"},"inLanguage":"fr-FR","potentialAction":[{"@type":"ReadAction","target":["https:\/\/zenkit.com\/fr\/integrations\/pdffiller\/"]}]},{"@type":"ImageObject","inLanguage":"fr-FR","@id":"https:\/\/zenkit.com\/fr\/integrations\/pdffiller\/#primaryimage","url":"https:\/\/zenkit.com\/wp-content\/uploads\/2025\/07\/PDFfiller_logo.webp","contentUrl":"https:\/\/zenkit.com\/wp-content\/uploads\/2025\/07\/PDFfiller_logo.webp"},{"@type":"BreadcrumbList","@id":"https:\/\/zenkit.com\/fr\/integrations\/pdffiller\/#breadcrumb","itemListElement":[{"@type":"ListItem","position":1,"name":"Home","item":"https:\/\/zenkit.com\/fr\/"},{"@type":"ListItem","position":2,"name":"Integrations","item":"https:\/\/zenkit.com\/fr\/integrations\/"},{"@type":"ListItem","position":3,"name":"PDFfiller"}]},{"@type":"WebSite","@id":"https:\/\/zenkit.com\/fr\/#website","url":"https:\/\/zenkit.com\/fr\/","name":"Zenkit","description":"Zenkit Tagline","potentialAction":[{"@type":"SearchAction","target":{"@type":"EntryPoint","urlTemplate":"https:\/\/zenkit.com\/fr\/?s={search_term_string}"},"query-input":{"@type":"PropertyValueSpecification","valueRequired":true,"valueName":"search_term_string"}}],"inLanguage":"fr-FR"},false]}},"yasr_visitor_votes":{"stars_attributes":{"read_only":false,"span_bottom":false},"number_of_votes":0,"sum_votes":0},"_links":{"self":[{"href":"https:\/\/zenkit.com\/fr\/wp-json\/wp\/v2\/pages\/122873","targetHints":{"allow":["GET"]}}],"collection":[{"href":"https:\/\/zenkit.com\/fr\/wp-json\/wp\/v2\/pages"}],"about":[{"href":"https:\/\/zenkit.com\/fr\/wp-json\/wp\/v2\/types\/page"}],"author":[{"embeddable":true,"href":"https:\/\/zenkit.com\/fr\/wp-json\/wp\/v2\/users\/9"}],"replies":[{"embeddable":true,"href":"https:\/\/zenkit.com\/fr\/wp-json\/wp\/v2\/comments?post=122873"}],"version-history":[{"count":3,"href":"https:\/\/zenkit.com\/fr\/wp-json\/wp\/v2\/pages\/122873\/revisions"}],"predecessor-version":[{"id":147237,"href":"https:\/\/zenkit.com\/fr\/wp-json\/wp\/v2\/pages\/122873\/revisions\/147237"}],"up":[{"embeddable":true,"href":"https:\/\/zenkit.com\/fr\/wp-json\/wp\/v2\/pages\/122713"}],"wp:attachment":[{"href":"https:\/\/zenkit.com\/fr\/wp-json\/wp\/v2\/media?parent=122873"}],"curies":[{"name":"wp","href":"https:\/\/api.w.org\/{rel}","templated":true}]}}