{"id":122885,"date":"2025-07-27T20:15:38","date_gmt":"2025-07-27T18:15:38","guid":{"rendered":"https:\/\/zenkit.com\/?page_id=122885"},"modified":"2025-11-04T06:53:16","modified_gmt":"2025-11-04T05:53:16","slug":"tmetric","status":"publish","type":"page","link":"https:\/\/zenkit.com\/fr\/integrations\/tmetric\/","title":{"rendered":"TMetric"},"content":{"rendered":"\n<div style=\"height:45px;--tablet-height:45px;--mobile-height:16px\" class=\"wp-block-lookeen-blocks-responsive-spacer\"><\/div>\n\n\n\n<div class=\"wp-block-group has-global-padding is-layout-constrained wp-block-group-is-layout-constrained\">\n<div class=\"wp-block-columns is-layout-flex wp-container-core-columns-is-layout-467d341d wp-block-columns-is-layout-flex\" id=\"main__integrations\" style=\"margin-top:0px;margin-bottom:0px\">\n<div class=\"wp-block-column side__bar__integrations is-layout-flow wp-block-column-is-layout-flow\" style=\"flex-basis:23%\">\n<h2 class=\"wp-block-heading has-da-blue-color-new has-text-color has-link-color wp-elements-5a42b59fa932ba59fbc3dd293b6d4611\" style=\"margin-top:0px;margin-bottom:0px;font-size:16px;line-height:1.5\">Int\u00e9grations de suivi du temps<\/h2>\n\n\n<nav class=\"is-vertical integrations__menu wp-block-navigation is-layout-flex wp-container-core-navigation-is-layout-5f9f5280 wp-block-navigation-is-layout-flex\" aria-label=\"fr-integrations-time-tracking\"><ul class=\"wp-block-navigation__container  is-vertical integrations__menu wp-block-navigation\"><li class=\" wp-block-navigation-item wp-block-navigation-link\"><a class=\"wp-block-navigation-item__content\"  href=\"https:\/\/zenkit.com\/fr\/clicktime\/\"><span class=\"wp-block-navigation-item__label\">ClickTime<\/span><\/a><\/li><li class=\" wp-block-navigation-item wp-block-navigation-link\"><a class=\"wp-block-navigation-item__content\"  href=\"https:\/\/zenkit.com\/fr\/integrations\/clockify\/\"><span class=\"wp-block-navigation-item__label\">Clockify<\/span><\/a><\/li><li class=\" wp-block-navigation-item wp-block-navigation-link\"><a class=\"wp-block-navigation-item__content\"  href=\"https:\/\/zenkit.com\/fr\/integrations\/desktime\/\"><span class=\"wp-block-navigation-item__label\">DeskTime<\/span><\/a><\/li><li class=\" wp-block-navigation-item wp-block-navigation-link\"><a class=\"wp-block-navigation-item__content\"  href=\"https:\/\/zenkit.com\/fr\/everhour\/\"><span class=\"wp-block-navigation-item__label\">Everhour<\/span><\/a><\/li><li class=\" wp-block-navigation-item wp-block-navigation-link\"><a class=\"wp-block-navigation-item__content\"  href=\"https:\/\/zenkit.com\/fr\/integrations\/pomodoneapp\/\"><span class=\"wp-block-navigation-item__label\">PomoDoneApp<\/span><\/a><\/li><li class=\" wp-block-navigation-item wp-block-navigation-link\"><a class=\"wp-block-navigation-item__content\"  href=\"https:\/\/zenkit.com\/fr\/integrations\/timecamp\/\"><span class=\"wp-block-navigation-item__label\">TimeCamp<\/span><\/a><\/li><li class=\" wp-block-navigation-item wp-block-navigation-link\"><a class=\"wp-block-navigation-item__content\"  href=\"https:\/\/zenkit.com\/fr\/integrations\/time-doctor\/\"><span class=\"wp-block-navigation-item__label\">Time Doctor<\/span><\/a><\/li><li class=\" wp-block-navigation-item wp-block-navigation-link\"><a class=\"wp-block-navigation-item__content\"  href=\"https:\/\/zenkit.com\/fr\/integrations\/tmetric\/\"><span class=\"wp-block-navigation-item__label\">TMetric<\/span><\/a><\/li><li class=\" wp-block-navigation-item wp-block-navigation-link\"><a class=\"wp-block-navigation-item__content\"  href=\"https:\/\/zenkit.com\/fr\/toggl-track\/\"><span class=\"wp-block-navigation-item__label\">Toggl Track<\/span><\/a><\/li><\/ul><\/nav><\/div>\n\n\n\n<div class=\"wp-block-column content__integrations is-layout-flow wp-block-column-is-layout-flow\" style=\"flex-basis:77%\">\n<div class=\"wp-block-group has-global-padding is-layout-constrained wp-block-group-is-layout-constrained\">\n<div class=\"wp-block-group title is-layout-flex wp-container-core-group-is-layout-ed4b00df wp-block-group-is-layout-flex\">\n<figure class=\"wp-block-image size-full is-resized\"><img loading=\"lazy\" decoding=\"async\" width=\"512\" height=\"512\" src=\"https:\/\/zenkit.com\/wp-content\/uploads\/2025\/07\/unnamed.webp\" alt=\"TMetric Logo\" class=\"wp-image-117528\" style=\"width:auto;height:46px\" srcset=\"https:\/\/zenkit.com\/wp-content\/uploads\/2025\/07\/unnamed.webp 512w, https:\/\/zenkit.com\/wp-content\/uploads\/2025\/07\/unnamed-300x300.webp 300w, https:\/\/zenkit.com\/wp-content\/uploads\/2025\/07\/unnamed-150x150.webp 150w\" sizes=\"auto, (max-width: 512px) 100vw, 512px\" \/><\/figure>\n\n\n\n<h1 class=\"wp-block-heading\">TMetric &amp; Zenkit<\/h1>\n<\/div>\n\n\n\n<div class=\"wp-block-group has-global-padding is-layout-constrained wp-block-group-is-layout-constrained\">\n<h3 class=\"wp-block-heading display-h2\">Connectez votre compte Zenkit avec l\u2019application de suivi du temps TMetric<\/h3>\n\n\n\n<p>Connectez-vous \u00e0 TMetric pour suivre le temps pass\u00e9 sur les t\u00e2ches du Zenkit, et augmentez la productivit\u00e9 de votre \u00e9quipe.<\/p>\n<\/div>\n\n\n\n<div style=\"height:48px;--tablet-height:36px;--mobile-height:24px\" class=\"wp-block-lookeen-blocks-responsive-spacer\"><\/div>\n<\/div>\n\n\n\n<div class=\"wp-block-group has-global-padding is-layout-constrained wp-block-group-is-layout-constrained\">\n<figure class=\"wp-block-video\"><video controls src=\"https:\/\/zenkit.com\/wp-content\/uploads\/2019\/03\/Time-tracking-with-TMetric.-Quick-service-presentation.mp4\"><\/video><\/figure>\n<\/div>\n\n\n\n<div style=\"height:48px;--tablet-height:36px;--mobile-height:24px\" class=\"wp-block-lookeen-blocks-responsive-spacer\"><\/div>\n\n\n\n<figure class=\"wp-block-image size-large\"><img loading=\"lazy\" decoding=\"async\" width=\"1024\" height=\"623\" src=\"https:\/\/zenkit.com\/wp-content\/uploads\/2025\/07\/home_timetracking_image-1-1024x623.webp\" alt=\"\" class=\"wp-image-117540\" srcset=\"https:\/\/zenkit.com\/wp-content\/uploads\/2025\/07\/home_timetracking_image-1-1024x623.webp 1024w, https:\/\/zenkit.com\/wp-content\/uploads\/2025\/07\/home_timetracking_image-1-300x182.webp 300w, https:\/\/zenkit.com\/wp-content\/uploads\/2025\/07\/home_timetracking_image-1-768x467.webp 768w, https:\/\/zenkit.com\/wp-content\/uploads\/2025\/07\/home_timetracking_image-1.webp 1184w\" sizes=\"auto, (max-width: 1024px) 100vw, 1024px\" \/><\/figure>\n\n\n\n<div style=\"height:48px;--tablet-height:36px;--mobile-height:24px\" class=\"wp-block-lookeen-blocks-responsive-spacer\"><\/div>\n\n\n\n<div class=\"wp-block-group has-global-padding is-layout-constrained wp-block-group-is-layout-constrained\">\n<h3 class=\"wp-block-heading display-h2\">\u00c0 propos de TMetric<\/h3>\n\n\n\n<p>TMetric est un <a href=\"https:\/\/tmetric.com\/\" target=\"_blank\" rel=\"noreferrer noopener\">outil de suivi du temps en ligne<\/a>, gratuit et simple d\u2019utilisation pour les ind\u00e9pendants et les \u00e9quipes de toute taille. Avec TMetric, vous pouvez g\u00e9rer votre \u00e9quipe \u00e0 distance, voir combien de temps est n\u00e9cessaire pour r\u00e9aliser une t\u00e2che ou une activit\u00e9 et \u00e9tablir des budgets pour vos projets. Vous pouvez \u00e9galement fixer des tarifs pour n\u2019importe quelle t\u00e2che, client, projet ou membre de l\u2019\u00e9quipe, voir votre journ\u00e9e de travail sur un calendrier et obtenir des rapports d\u00e9taill\u00e9s sur le temps et l\u2019argent. TMetric est disponible sur toutes les plateformes et s\u2019int\u00e8gre \u00e0 plus de 50 services. Vous pouvez m\u00eame cr\u00e9er votre propre int\u00e9gration en utilisant son API ouverte. Pour en savoir plus sur TMetric et ses fonctionnalit\u00e9s, cliquez ici: <a href=\"https:\/\/tmetric.com\/features\" target=\"_blank\" rel=\"noreferrer noopener\">https:\/\/tmetric.com\/features<\/a><\/p>\n<\/div>\n\n\n\n<div style=\"height:48px;--tablet-height:36px;--mobile-height:24px\" class=\"wp-block-lookeen-blocks-responsive-spacer\"><\/div>\n\n\n\n<div class=\"wp-block-group has-global-padding is-layout-constrained wp-block-group-is-layout-constrained\">\n<h3 class=\"wp-block-heading display-h2\">\u00c0 propos de Zenkit<\/h3>\n\n\n\n<p><a href=\"https:\/\/zenkit.com\/\">Zenkit<\/a> est un outil convivial et collaboratif pour la gestion de projets, la cr\u00e9ation de bases de donn\u00e9es, et plus. Il vous permet de changer d\u2019affichage (tableau, liste de t\u00e2ches, Kanban, calendrier et carte mentale) en un clic. Vous pouvez partager votre travail en ligne avec des collections publi\u00e9es et int\u00e9gr\u00e9es, et construire des int\u00e9grations avec notre API document\u00e9e. Zenkit est suffisamment flexible pour s\u2019adapter \u00e0 n\u2019importe quel flux de travail et suffisamment puissant pour faire fonctionner votre entreprise. Cr\u00e9ez votre compte gratuitement: <a href=\"https:\/\/app.zenkit.com\/register\">https:\/\/app.zenkit.com\/register<\/a>.<\/p>\n<\/div>\n\n\n\n<div style=\"height:48px;--tablet-height:36px;--mobile-height:24px\" class=\"wp-block-lookeen-blocks-responsive-spacer\"><\/div>\n\n\n\n<div class=\"wp-block-group has-global-padding is-layout-constrained wp-block-group-is-layout-constrained\">\n<h3 class=\"wp-block-heading display-h2\">Connectez TMetric et Zenkit<\/h3>\n\n\n\n<ol class=\"wp-block-list list__style__position-inside\">\n<li><a href=\"https:\/\/zapier.com\/sign-up\/\" target=\"_blank\" rel=\"noreferrer noopener\">Cr\u00e9ez un compte<\/a> Zapier pour avoir acc\u00e8s \u00e0 Zapier.<\/li>\n\n\n\n<li><a href=\"https:\/\/id.tmetric.com\/core\/register?signin=54eca4fa18ccdac75107000b7a78785b#_ga=2.119755848.1119230110.1551685959-924661716.1502978625\" target=\"_blank\" rel=\"noreferrer noopener\">Cr\u00e9ez un compte<\/a> avec TMetric<\/li>\n\n\n\n<li>Connectez-vous \u00e0 Zapier et allez dans le <a href=\"https:\/\/zapier.com\/apps\/zenkit\/integrations\/tmetric\" target=\"_blank\" rel=\"noreferrer noopener\">Zenkit + TMetric Zapbook <\/a>pour trouver des mod\u00e8les de Zap.<\/li>\n\n\n\n<li>Ou choisissez de cr\u00e9er votre propre int\u00e9gration Zenkit et TMetric en les s\u00e9lectionnant lorsque vous cr\u00e9ez un zap.<\/li>\n<\/ol>\n\n\n\n<script type=\"text\/javascript\" src=\"https:\/\/zapier.com\/apps\/embed\/widget.js?guided_zaps= 40661\"><\/script>\n<\/div>\n\n\n\n<div style=\"height:48px;--tablet-height:36px;--mobile-height:24px\" class=\"wp-block-lookeen-blocks-responsive-spacer\"><\/div>\n\n\n\n<div class=\"wp-block-group has-global-padding is-layout-constrained wp-block-group-is-layout-constrained\">\n<h3 class=\"wp-block-heading display-h2\">Support technique<\/h3>\n\n\n\n<p>Soutenu par Zapier : Veuillez contacter <a href=\"https:\/\/zapier.com\/help\/contact-us\/\" target=\"_blank\" rel=\"noreferrer noopener\">l\u2019assistance Zapier <\/a>si vous rencontrez des probl\u00e8mes. Pour plus d\u2019informations sur l\u2019utilisation de Zenkit avec Zapier, veuillez lire notre <a href=\"https:\/\/zenkit.com\/documentation#\/lists\/HJQBQ1Hw\/sections\/SJYE55zA\/entries\/BJGOKQtA?_k=hyyynn\" target=\"_blank\" rel=\"noreferrer noopener\">documentation<\/a>.<\/p>\n<\/div>\n<\/div>\n<\/div>\n<\/div>\n\n\n\n<div style=\"height:110px;--tablet-height:60px;--mobile-height:48px\" class=\"wp-block-lookeen-blocks-responsive-spacer\"><\/div>\n","protected":false},"excerpt":{"rendered":"<p>Int\u00e9grations de suivi du temps TMetric &amp; Zenkit Connectez votre compte Zenkit avec l\u2019application de suivi du temps TMetric Connectez-vous \u00e0 TMetric pour suivre le temps pass\u00e9 sur les t\u00e2ches du Zenkit, et augmentez la productivit\u00e9 de votre \u00e9quipe. \u00c0 propos de TMetric TMetric est un outil de suivi du temps en ligne, gratuit et [&hellip;]<\/p>\n","protected":false},"author":9,"featured_media":0,"parent":122713,"menu_order":30,"comment_status":"closed","ping_status":"closed","template":"","meta":{"yasr_overall_rating":0,"yasr_post_is_review":"","yasr_auto_insert_disabled":"","yasr_review_type":"","footnotes":""},"class_list":["post-122885","page","type-page","status-publish","hentry"],"yoast_head":"<!-- This site is optimized with the Yoast SEO plugin v27.4 - https:\/\/yoast.com\/product\/yoast-seo-wordpress\/ -->\n<title>TMetric | Zenkit<\/title>\n<meta name=\"robots\" content=\"index, follow, max-snippet:-1, max-image-preview:large, max-video-preview:-1\" \/>\n<link rel=\"canonical\" href=\"https:\/\/zenkit.com\/fr\/integrations\/tmetric\/\" \/>\n<meta property=\"og:locale\" content=\"fr_FR\" \/>\n<meta property=\"og:type\" content=\"article\" \/>\n<meta property=\"og:title\" content=\"TMetric | Zenkit\" \/>\n<meta property=\"og:description\" content=\"Int\u00e9grations de suivi du temps TMetric &amp; Zenkit Connectez votre compte Zenkit avec l\u2019application de suivi du temps TMetric Connectez-vous \u00e0 TMetric pour suivre le temps pass\u00e9 sur les t\u00e2ches du Zenkit, et augmentez la productivit\u00e9 de votre \u00e9quipe. \u00c0 propos de TMetric TMetric est un outil de suivi du temps en ligne, gratuit et [&hellip;]\" \/>\n<meta property=\"og:url\" content=\"https:\/\/zenkit.com\/fr\/integrations\/tmetric\/\" \/>\n<meta property=\"og:site_name\" content=\"Zenkit\" \/>\n<meta property=\"article:publisher\" content=\"https:\/\/www.facebook.com\/ZenkitHQ\" \/>\n<meta property=\"article:modified_time\" content=\"2025-11-04T05:53:16+00:00\" \/>\n<meta property=\"og:image\" content=\"https:\/\/zenkit.com\/wp-content\/uploads\/2025\/07\/unnamed.webp\" \/>\n\t<meta property=\"og:image:width\" content=\"512\" \/>\n\t<meta property=\"og:image:height\" content=\"512\" \/>\n\t<meta property=\"og:image:type\" content=\"image\/webp\" \/>\n<meta name=\"twitter:card\" content=\"summary_large_image\" \/>\n<meta name=\"twitter:site\" content=\"@ZenkitHQ\" \/>\n<meta name=\"twitter:label1\" content=\"Dur\u00e9e de lecture estim\u00e9e\" \/>\n\t<meta name=\"twitter:data1\" content=\"14 minutes\" \/>\n<script type=\"application\/ld+json\" class=\"yoast-schema-graph\">{\"@context\":\"https:\\\/\\\/schema.org\",\"@graph\":[{\"@type\":\"WebPage\",\"@id\":\"https:\\\/\\\/zenkit.com\\\/fr\\\/integrations\\\/tmetric\\\/\",\"url\":\"https:\\\/\\\/zenkit.com\\\/fr\\\/integrations\\\/tmetric\\\/\",\"name\":\"TMetric | Zenkit\",\"isPartOf\":{\"@id\":\"https:\\\/\\\/zenkit.com\\\/fr\\\/#website\"},\"primaryImageOfPage\":{\"@id\":\"https:\\\/\\\/zenkit.com\\\/fr\\\/integrations\\\/tmetric\\\/#primaryimage\"},\"image\":{\"@id\":\"https:\\\/\\\/zenkit.com\\\/fr\\\/integrations\\\/tmetric\\\/#primaryimage\"},\"thumbnailUrl\":\"https:\\\/\\\/zenkit.com\\\/wp-content\\\/uploads\\\/2025\\\/07\\\/unnamed.webp\",\"datePublished\":\"2025-07-27T18:15:38+00:00\",\"dateModified\":\"2025-11-04T05:53:16+00:00\",\"breadcrumb\":{\"@id\":\"https:\\\/\\\/zenkit.com\\\/fr\\\/integrations\\\/tmetric\\\/#breadcrumb\"},\"inLanguage\":\"fr-FR\",\"potentialAction\":[{\"@type\":\"ReadAction\",\"target\":[\"https:\\\/\\\/zenkit.com\\\/fr\\\/integrations\\\/tmetric\\\/\"]}]},{\"@type\":\"ImageObject\",\"inLanguage\":\"fr-FR\",\"@id\":\"https:\\\/\\\/zenkit.com\\\/fr\\\/integrations\\\/tmetric\\\/#primaryimage\",\"url\":\"https:\\\/\\\/zenkit.com\\\/wp-content\\\/uploads\\\/2025\\\/07\\\/unnamed.webp\",\"contentUrl\":\"https:\\\/\\\/zenkit.com\\\/wp-content\\\/uploads\\\/2025\\\/07\\\/unnamed.webp\"},{\"@type\":\"BreadcrumbList\",\"@id\":\"https:\\\/\\\/zenkit.com\\\/fr\\\/integrations\\\/tmetric\\\/#breadcrumb\",\"itemListElement\":[{\"@type\":\"ListItem\",\"position\":1,\"name\":\"Home\",\"item\":\"https:\\\/\\\/zenkit.com\\\/fr\\\/\"},{\"@type\":\"ListItem\",\"position\":2,\"name\":\"Integrations\",\"item\":\"https:\\\/\\\/zenkit.com\\\/fr\\\/integrations\\\/\"},{\"@type\":\"ListItem\",\"position\":3,\"name\":\"TMetric\"}]},{\"@type\":\"WebSite\",\"@id\":\"https:\\\/\\\/zenkit.com\\\/fr\\\/#website\",\"url\":\"https:\\\/\\\/zenkit.com\\\/fr\\\/\",\"name\":\"Zenkit\",\"description\":\"Zenkit Tagline\",\"potentialAction\":[{\"@type\":\"SearchAction\",\"target\":{\"@type\":\"EntryPoint\",\"urlTemplate\":\"https:\\\/\\\/zenkit.com\\\/fr\\\/?s={search_term_string}\"},\"query-input\":{\"@type\":\"PropertyValueSpecification\",\"valueRequired\":true,\"valueName\":\"search_term_string\"}}],\"inLanguage\":\"fr-FR\"},false]}<\/script>\n<!-- \/ Yoast SEO plugin. -->","yoast_head_json":{"title":"TMetric | Zenkit","robots":{"index":"index","follow":"follow","max-snippet":"max-snippet:-1","max-image-preview":"max-image-preview:large","max-video-preview":"max-video-preview:-1"},"canonical":"https:\/\/zenkit.com\/fr\/integrations\/tmetric\/","og_locale":"fr_FR","og_type":"article","og_title":"TMetric | Zenkit","og_description":"Int\u00e9grations de suivi du temps TMetric &amp; Zenkit Connectez votre compte Zenkit avec l\u2019application de suivi du temps TMetric Connectez-vous \u00e0 TMetric pour suivre le temps pass\u00e9 sur les t\u00e2ches du Zenkit, et augmentez la productivit\u00e9 de votre \u00e9quipe. \u00c0 propos de TMetric TMetric est un outil de suivi du temps en ligne, gratuit et [&hellip;]","og_url":"https:\/\/zenkit.com\/fr\/integrations\/tmetric\/","og_site_name":"Zenkit","article_publisher":"https:\/\/www.facebook.com\/ZenkitHQ","article_modified_time":"2025-11-04T05:53:16+00:00","og_image":[{"width":512,"height":512,"url":"https:\/\/zenkit.com\/wp-content\/uploads\/2025\/07\/unnamed.webp","type":"image\/webp"}],"twitter_card":"summary_large_image","twitter_site":"@ZenkitHQ","twitter_misc":{"Dur\u00e9e de lecture estim\u00e9e":"14 minutes"},"schema":{"@context":"https:\/\/schema.org","@graph":[{"@type":"WebPage","@id":"https:\/\/zenkit.com\/fr\/integrations\/tmetric\/","url":"https:\/\/zenkit.com\/fr\/integrations\/tmetric\/","name":"TMetric | Zenkit","isPartOf":{"@id":"https:\/\/zenkit.com\/fr\/#website"},"primaryImageOfPage":{"@id":"https:\/\/zenkit.com\/fr\/integrations\/tmetric\/#primaryimage"},"image":{"@id":"https:\/\/zenkit.com\/fr\/integrations\/tmetric\/#primaryimage"},"thumbnailUrl":"https:\/\/zenkit.com\/wp-content\/uploads\/2025\/07\/unnamed.webp","datePublished":"2025-07-27T18:15:38+00:00","dateModified":"2025-11-04T05:53:16+00:00","breadcrumb":{"@id":"https:\/\/zenkit.com\/fr\/integrations\/tmetric\/#breadcrumb"},"inLanguage":"fr-FR","potentialAction":[{"@type":"ReadAction","target":["https:\/\/zenkit.com\/fr\/integrations\/tmetric\/"]}]},{"@type":"ImageObject","inLanguage":"fr-FR","@id":"https:\/\/zenkit.com\/fr\/integrations\/tmetric\/#primaryimage","url":"https:\/\/zenkit.com\/wp-content\/uploads\/2025\/07\/unnamed.webp","contentUrl":"https:\/\/zenkit.com\/wp-content\/uploads\/2025\/07\/unnamed.webp"},{"@type":"BreadcrumbList","@id":"https:\/\/zenkit.com\/fr\/integrations\/tmetric\/#breadcrumb","itemListElement":[{"@type":"ListItem","position":1,"name":"Home","item":"https:\/\/zenkit.com\/fr\/"},{"@type":"ListItem","position":2,"name":"Integrations","item":"https:\/\/zenkit.com\/fr\/integrations\/"},{"@type":"ListItem","position":3,"name":"TMetric"}]},{"@type":"WebSite","@id":"https:\/\/zenkit.com\/fr\/#website","url":"https:\/\/zenkit.com\/fr\/","name":"Zenkit","description":"Zenkit Tagline","potentialAction":[{"@type":"SearchAction","target":{"@type":"EntryPoint","urlTemplate":"https:\/\/zenkit.com\/fr\/?s={search_term_string}"},"query-input":{"@type":"PropertyValueSpecification","valueRequired":true,"valueName":"search_term_string"}}],"inLanguage":"fr-FR"},false]}},"yasr_visitor_votes":{"stars_attributes":{"read_only":false,"span_bottom":false},"number_of_votes":0,"sum_votes":0},"_links":{"self":[{"href":"https:\/\/zenkit.com\/fr\/wp-json\/wp\/v2\/pages\/122885","targetHints":{"allow":["GET"]}}],"collection":[{"href":"https:\/\/zenkit.com\/fr\/wp-json\/wp\/v2\/pages"}],"about":[{"href":"https:\/\/zenkit.com\/fr\/wp-json\/wp\/v2\/types\/page"}],"author":[{"embeddable":true,"href":"https:\/\/zenkit.com\/fr\/wp-json\/wp\/v2\/users\/9"}],"replies":[{"embeddable":true,"href":"https:\/\/zenkit.com\/fr\/wp-json\/wp\/v2\/comments?post=122885"}],"version-history":[{"count":4,"href":"https:\/\/zenkit.com\/fr\/wp-json\/wp\/v2\/pages\/122885\/revisions"}],"predecessor-version":[{"id":161921,"href":"https:\/\/zenkit.com\/fr\/wp-json\/wp\/v2\/pages\/122885\/revisions\/161921"}],"up":[{"embeddable":true,"href":"https:\/\/zenkit.com\/fr\/wp-json\/wp\/v2\/pages\/122713"}],"wp:attachment":[{"href":"https:\/\/zenkit.com\/fr\/wp-json\/wp\/v2\/media?parent=122885"}],"curies":[{"name":"wp","href":"https:\/\/api.w.org\/{rel}","templated":true}]}}