{"id":140295,"date":"2025-09-09T16:38:11","date_gmt":"2025-09-09T14:38:11","guid":{"rendered":"https:\/\/zenkit.com\/?page_id=140295"},"modified":"2025-09-15T22:24:16","modified_gmt":"2025-09-15T20:24:16","slug":"event-management","status":"publish","type":"page","link":"https:\/\/zenkit.com\/fr\/suite\/event-management\/","title":{"rendered":"Event Management"},"content":{"rendered":"\n<div class=\"wp-block-group has-global-padding is-layout-constrained wp-block-group-is-layout-constrained\">\n<div class=\"wp-block-group width--950 has-global-padding is-layout-constrained wp-block-group-is-layout-constrained\">\n<div style=\"height:45px;--tablet-height:45px;--mobile-height:16px\" class=\"wp-block-lookeen-blocks-responsive-spacer\"><\/div>\n\n\n\n<div class=\"wp-block-group has-global-padding is-layout-constrained wp-block-group-is-layout-constrained\">\n<h1 class=\"wp-block-heading has-text-align-center\" style=\"margin-bottom:8px\">Gestion des \u00e9v\u00e9nements avec Zenkit<\/h1>\n<\/div>\n\n\n\n<div class=\"wp-block-group has-global-padding is-layout-constrained wp-block-group-is-layout-constrained\">\n<p class=\"has-text-align-center subheading\">Planification globale, avec le souci du d\u00e9tail<\/p>\n<\/div>\n\n\n\n<div style=\"height:48px;--tablet-height:36px;--mobile-height:24px\" class=\"wp-block-lookeen-blocks-responsive-spacer\"><\/div>\n<\/div>\n<\/div>\n\n\n\n<div class=\"wp-block-group has-global-padding is-layout-constrained wp-block-group-is-layout-constrained\">\n<div class=\"wp-block-columns is-layout-flex wp-container-core-columns-is-layout-28f84493 wp-block-columns-is-layout-flex\">\n<div class=\"wp-block-column is-layout-flow wp-block-column-is-layout-flow\">\n<p class=\"has-text-align-center\">Comme tout projet d\u2019envergure, la bonne gestion d\u2019un \u00e9v\u00e9nement exige de suivre des milliers d\u2019\u00e9l\u00e9ments mobiles. Souvent charg\u00e9s de planifier, de programmer, de r\u00e9server, de concevoir, etc., les gestionnaires d\u2019\u00e9v\u00e9nements ont du pain sur la planche.<\/p>\n\n\n\n<p class=\"has-text-align-center\">Lorsqu\u2019il s\u2019agit d\u2019organiser un \u00e9v\u00e9nement, l\u2019organisation est essentielle. Qu\u2019il s\u2019agisse d\u2019une conf\u00e9rence, d\u2019un mariage, d\u2019une f\u00eate d\u2019anniversaire pour un enfant ou d\u2019un festival \u00e0 part enti\u00e8re, Zenkit est pr\u00eat \u00e0 relever le d\u00e9fi.<\/p>\n<\/div>\n\n\n\n<div class=\"wp-block-column is-layout-flow wp-block-column-is-layout-flow\">\n<p class=\"has-text-align-center\">Avec Zenkit, vous pouvez planifier tous les aspects de votre \u00e9v\u00e9nement, que ce soit l\u2019\u00e9laboration du concept initial et de l\u2019\u00e9v\u00e9nement par le biais d\u2019une carte mentale ou la cr\u00e9ation du plan directeur, vous avez l\u2019outil qu\u2019il vous faut ! De la planification du d\u00e9roulement des \u00e9v\u00e9nements \u00e0 la publication du calendrier de l\u2019\u00e9v\u00e9nement, tout est possible.<\/p>\n\n\n\n<p class=\"has-text-align-center\">Zenkit vous aide \u00e0 faire le lien entre le personnel, les lieux, les budgets, les invit\u00e9s, la promotion, et bien plus encore. Utilisez nos mod\u00e8les prouv\u00e9s efficaces ou cr\u00e9ez votre propre planificateur \u00e0 l\u2019aide des nombreux modules de Zenkit.<\/p>\n<\/div>\n<\/div>\n<\/div>\n\n\n\n<div class=\"wp-block-group has-global-padding is-layout-constrained wp-block-group-is-layout-constrained\">\n<div style=\"height:88px;--tablet-height:72px;--mobile-height:36px\" class=\"wp-block-lookeen-blocks-responsive-spacer\"><\/div>\n\n\n\n<div class=\"wp-block-group solutions__grid has-global-padding is-layout-constrained wp-block-group-is-layout-constrained\">\n<div class=\"wp-block-group solutions__box has-global-padding is-layout-constrained wp-block-group-is-layout-constrained\" style=\"border-radius:20px\">\n<div class=\"wp-block-group has-global-padding is-layout-constrained wp-block-group-is-layout-constrained\" style=\"margin-bottom:24px\">\n<figure class=\"wp-block-image aligncenter size-full\"><img loading=\"lazy\" decoding=\"async\" width=\"500\" height=\"296\" src=\"https:\/\/zenkit.com\/wp-content\/uploads\/2025\/05\/major-event-masterplan.webp\" alt=\"Masterplan f\u00fcr Gro\u00dfveranstaltungen\" class=\"wp-image-112381\" srcset=\"https:\/\/zenkit.com\/wp-content\/uploads\/2025\/05\/major-event-masterplan.webp 500w, https:\/\/zenkit.com\/wp-content\/uploads\/2025\/05\/major-event-masterplan-300x178.webp 300w\" sizes=\"auto, (max-width: 500px) 100vw, 500px\" \/><\/figure>\n<\/div>\n\n\n\n<div class=\"wp-block-group has-global-padding is-layout-constrained wp-container-core-group-is-layout-bdda2a7d wp-block-group-is-layout-constrained\" style=\"padding-right:30px;padding-bottom:32px;padding-left:30px\">\n<h3 class=\"wp-block-heading has-text-align-center\">Plan d\u2019ensemble pour les grands \u00e9v\u00e9nements<\/h3>\n\n\n\n<p class=\"has-text-align-center has-da-grey-1-color has-text-color has-link-color wp-elements-69ccbd4cfa27d27a33f3094bd367e06d\">Planifiez tout, de l&rsquo;acc\u00e8s des invit\u00e9s aux divertissements, en passant par la restauration et la programmation, avec Zenkit.<\/p>\n<\/div>\n<\/div>\n\n\n\n<div class=\"wp-block-group solutions__box has-global-padding is-layout-constrained wp-block-group-is-layout-constrained\" style=\"border-radius:20px\">\n<div class=\"wp-block-group has-global-padding is-layout-constrained wp-block-group-is-layout-constrained\" style=\"margin-bottom:24px\">\n<figure class=\"wp-block-image aligncenter size-full\"><img loading=\"lazy\" decoding=\"async\" width=\"500\" height=\"296\" src=\"https:\/\/zenkit.com\/wp-content\/uploads\/2025\/05\/conference.webp\" alt=\"Konferenzplanung\" class=\"wp-image-112399\" srcset=\"https:\/\/zenkit.com\/wp-content\/uploads\/2025\/05\/conference.webp 500w, https:\/\/zenkit.com\/wp-content\/uploads\/2025\/05\/conference-300x178.webp 300w\" sizes=\"auto, (max-width: 500px) 100vw, 500px\" \/><\/figure>\n<\/div>\n\n\n\n<div class=\"wp-block-group has-global-padding is-layout-constrained wp-container-core-group-is-layout-bdda2a7d wp-block-group-is-layout-constrained\" style=\"padding-right:30px;padding-bottom:32px;padding-left:30px\">\n<h3 class=\"wp-block-heading has-text-align-center\">Planificateur de conf\u00e9rence<\/h3>\n\n\n\n<p class=\"has-text-align-center has-da-grey-1-color has-text-color has-link-color wp-elements-1d8177cca53163c857ec0510f59d301d\">G\u00e9rez votre conf\u00e9rence dans Zenkit : affichez les horaires, g\u00e9rez la pr\u00e9sence des invit\u00e9s et suivez les intervenants, le tout en un seul endroit.<\/p>\n<\/div>\n<\/div>\n\n\n\n<div class=\"wp-block-group solutions__box has-global-padding is-layout-constrained wp-block-group-is-layout-constrained\" style=\"border-radius:20px\">\n<div class=\"wp-block-group has-global-padding is-layout-constrained wp-block-group-is-layout-constrained\" style=\"margin-bottom:24px\">\n<figure class=\"wp-block-image aligncenter size-full\"><img loading=\"lazy\" decoding=\"async\" width=\"500\" height=\"296\" src=\"https:\/\/zenkit.com\/wp-content\/uploads\/2025\/05\/wedding-planning.webp\" alt=\"Hochzeitsplanung\" class=\"wp-image-112409\" srcset=\"https:\/\/zenkit.com\/wp-content\/uploads\/2025\/05\/wedding-planning.webp 500w, https:\/\/zenkit.com\/wp-content\/uploads\/2025\/05\/wedding-planning-300x178.webp 300w\" sizes=\"auto, (max-width: 500px) 100vw, 500px\" \/><\/figure>\n<\/div>\n\n\n\n<div class=\"wp-block-group has-global-padding is-layout-constrained wp-container-core-group-is-layout-bdda2a7d wp-block-group-is-layout-constrained\" style=\"padding-right:30px;padding-bottom:32px;padding-left:30px\">\n<h3 class=\"wp-block-heading has-text-align-center\">Planificateur de mariage<\/h3>\n\n\n\n<p class=\"has-text-align-center has-da-grey-1-color has-text-color has-link-color wp-elements-0eabbebb328d7af96231fd88c7d0ec4a\">Depuis le mood board initial, jusqu&rsquo;\u00e0 l\u2019agenda du jour-j. Zenkit a tout ce dont vous avez besoin pour planifier votre journ\u00e9e sp\u00e9ciale.<\/p>\n<\/div>\n<\/div>\n\n\n\n<div class=\"wp-block-group solutions__box has-global-padding is-layout-constrained wp-block-group-is-layout-constrained\" style=\"border-radius:20px\">\n<div class=\"wp-block-group has-global-padding is-layout-constrained wp-block-group-is-layout-constrained\" style=\"margin-bottom:24px\">\n<figure class=\"wp-block-image aligncenter size-full\"><img loading=\"lazy\" decoding=\"async\" width=\"500\" height=\"296\" src=\"https:\/\/zenkit.com\/wp-content\/uploads\/2025\/05\/sport-events.webp\" alt=\"Sportveranstaltungen\" class=\"wp-image-112419\" srcset=\"https:\/\/zenkit.com\/wp-content\/uploads\/2025\/05\/sport-events.webp 500w, https:\/\/zenkit.com\/wp-content\/uploads\/2025\/05\/sport-events-300x178.webp 300w\" sizes=\"auto, (max-width: 500px) 100vw, 500px\" \/><\/figure>\n<\/div>\n\n\n\n<div class=\"wp-block-group has-global-padding is-layout-constrained wp-container-core-group-is-layout-bdda2a7d wp-block-group-is-layout-constrained\" style=\"padding-right:30px;padding-bottom:32px;padding-left:30px\">\n<h3 class=\"wp-block-heading has-text-align-center\">\u00c9v\u00e8nement sportif<\/h3>\n\n\n\n<p class=\"has-text-align-center has-da-grey-1-color has-text-color has-link-color wp-elements-116a3d6d8685bd7a17df686714a5dec1\">Que vous organisiez les \u00e9liminatoires d&rsquo;une petite ligue ou une f\u00eate pour regarder le Super Bowl, Zenkit a les outils dont vous avez besoin pour r\u00e9ussir.<\/p>\n<\/div>\n<\/div>\n\n\n\n<div class=\"wp-block-group solutions__box has-global-padding is-layout-constrained wp-block-group-is-layout-constrained\" style=\"border-radius:20px\">\n<div class=\"wp-block-group has-global-padding is-layout-constrained wp-block-group-is-layout-constrained\" style=\"margin-bottom:24px\">\n<figure class=\"wp-block-image aligncenter size-full\"><img loading=\"lazy\" decoding=\"async\" width=\"500\" height=\"296\" src=\"https:\/\/zenkit.com\/wp-content\/uploads\/2025\/05\/event-marketing-1.webp\" alt=\"Event-Marketing\" class=\"wp-image-112429\" srcset=\"https:\/\/zenkit.com\/wp-content\/uploads\/2025\/05\/event-marketing-1.webp 500w, https:\/\/zenkit.com\/wp-content\/uploads\/2025\/05\/event-marketing-1-300x178.webp 300w\" sizes=\"auto, (max-width: 500px) 100vw, 500px\" \/><\/figure>\n<\/div>\n\n\n\n<div class=\"wp-block-group has-global-padding is-layout-constrained wp-container-core-group-is-layout-bdda2a7d wp-block-group-is-layout-constrained\" style=\"padding-right:30px;padding-bottom:32px;padding-left:30px\">\n<h3 class=\"wp-block-heading has-text-align-center\">Marketing \u00e9v\u00e9nementiel<\/h3>\n\n\n\n<p class=\"has-text-align-center has-da-grey-1-color has-text-color has-link-color wp-elements-3ab241f4b793ceeefeff8f513fee53b1\">Assurez-vous d&rsquo;avoir tout ce dont vous avez besoin pour organiser un \u00e9v\u00e9nement sans accroc. G\u00e9rez tout, sauf la billetterie, avec Zenkit!<\/p>\n<\/div>\n<\/div>\n\n\n\n<div class=\"wp-block-group solutions__box has-global-padding is-layout-constrained wp-block-group-is-layout-constrained\" style=\"border-radius:20px\">\n<div class=\"wp-block-group has-global-padding is-layout-constrained wp-block-group-is-layout-constrained\" style=\"margin-bottom:24px\">\n<figure class=\"wp-block-image aligncenter size-full\"><img loading=\"lazy\" decoding=\"async\" width=\"500\" height=\"296\" src=\"https:\/\/zenkit.com\/wp-content\/uploads\/2025\/05\/festival-management.webp\" alt=\"Festivals\" class=\"wp-image-112439\" srcset=\"https:\/\/zenkit.com\/wp-content\/uploads\/2025\/05\/festival-management.webp 500w, https:\/\/zenkit.com\/wp-content\/uploads\/2025\/05\/festival-management-300x178.webp 300w\" sizes=\"auto, (max-width: 500px) 100vw, 500px\" \/><\/figure>\n<\/div>\n\n\n\n<div class=\"wp-block-group has-global-padding is-layout-constrained wp-container-core-group-is-layout-bdda2a7d wp-block-group-is-layout-constrained\" style=\"padding-right:30px;padding-bottom:32px;padding-left:30px\">\n<h3 class=\"wp-block-heading has-text-align-center\">Gestion de Festival<\/h3>\n\n\n\n<p class=\"has-text-align-center has-da-grey-1-color has-text-color has-link-color wp-elements-dc6917d03e458dfd45e35d597f338dc9\">De la conception au grand spectacle, coordonnez tout, de la gestion des artistes et du b\u00e9n\u00e9volat \u00e0 la s\u00e9curit\u00e9 et \u00e0 la restauration.<\/p>\n<\/div>\n<\/div>\n\n\n\n<div class=\"wp-block-group solutions__box has-global-padding is-layout-constrained wp-block-group-is-layout-constrained\" style=\"border-radius:20px\">\n<div class=\"wp-block-group has-global-padding is-layout-constrained wp-block-group-is-layout-constrained\" style=\"margin-bottom:24px\">\n<figure class=\"wp-block-image aligncenter size-full\"><img loading=\"lazy\" decoding=\"async\" width=\"500\" height=\"296\" src=\"https:\/\/zenkit.com\/wp-content\/uploads\/2025\/05\/dinner-party-planning.webp\" alt=\"Dinner-Parties\" class=\"wp-image-112449\" srcset=\"https:\/\/zenkit.com\/wp-content\/uploads\/2025\/05\/dinner-party-planning.webp 500w, https:\/\/zenkit.com\/wp-content\/uploads\/2025\/05\/dinner-party-planning-300x178.webp 300w\" sizes=\"auto, (max-width: 500px) 100vw, 500px\" \/><\/figure>\n<\/div>\n\n\n\n<div class=\"wp-block-group has-global-padding is-layout-constrained wp-container-core-group-is-layout-bdda2a7d wp-block-group-is-layout-constrained\" style=\"padding-right:30px;padding-bottom:32px;padding-left:30px\">\n<h3 class=\"wp-block-heading has-text-align-center\">Planificateur de d\u00eeners<\/h3>\n\n\n\n<p class=\"has-text-align-center has-da-grey-1-color has-text-color has-link-color wp-elements-864bfd3e71e5e5af514479cd46c68e9a\">Parfois, un simple d\u00eener n\u00e9cessite plus de planification que vous ne le pensez ! G\u00e9rez les listes d&rsquo;invit\u00e9s, les exigences di\u00e9t\u00e9tiques, les recettes, etc.<\/p>\n<\/div>\n<\/div>\n\n\n\n<div class=\"wp-block-group solutions__box has-global-padding is-layout-constrained wp-block-group-is-layout-constrained\" style=\"border-radius:20px\">\n<div class=\"wp-block-group has-global-padding is-layout-constrained wp-block-group-is-layout-constrained\" style=\"margin-bottom:24px\">\n<figure class=\"wp-block-image aligncenter size-full\"><img loading=\"lazy\" decoding=\"async\" width=\"500\" height=\"296\" src=\"https:\/\/zenkit.com\/wp-content\/uploads\/2025\/05\/birthday.webp\" alt=\"Geburtstagsfeiern\" class=\"wp-image-112459\" srcset=\"https:\/\/zenkit.com\/wp-content\/uploads\/2025\/05\/birthday.webp 500w, https:\/\/zenkit.com\/wp-content\/uploads\/2025\/05\/birthday-300x178.webp 300w\" sizes=\"auto, (max-width: 500px) 100vw, 500px\" \/><\/figure>\n<\/div>\n\n\n\n<div class=\"wp-block-group has-global-padding is-layout-constrained wp-container-core-group-is-layout-bdda2a7d wp-block-group-is-layout-constrained\" style=\"padding-right:30px;padding-bottom:32px;padding-left:30px\">\n<h3 class=\"wp-block-heading has-text-align-center\">Planificateur de f\u00eate d\u2019anniversaire<\/h3>\n\n\n\n<p class=\"has-text-align-center has-da-grey-1-color has-text-color has-link-color wp-elements-212ce6a5c386788b8d698072eae3834d\">Organisez un anniversaire, petit ou grand, avec Zenkit : suivez tout, des invit\u00e9s \u00e0 la musique en passant par le lieu, les animations, le personnel et le d\u00e9cor!<\/p>\n<\/div>\n<\/div>\n<\/div>\n\n\n\n<div style=\"height:88px;--tablet-height:72px;--mobile-height:36px\" class=\"wp-block-lookeen-blocks-responsive-spacer\"><\/div>\n<\/div>\n\n\n\n<div class=\"wp-block-group has-da-blue-light-background-color has-background has-global-padding is-layout-constrained wp-container-core-group-is-layout-bea02a06 wp-block-group-is-layout-constrained\">\n<div style=\"height:88px;--tablet-height:72px;--mobile-height:36px\" class=\"wp-block-lookeen-blocks-responsive-spacer\"><\/div>\n\n\n\n<p class=\"has-text-align-center\">Que vous organisiez un petit \u00e9v\u00e9nement entre amis, que vous g\u00e9riez la f\u00eate de No\u00ebl du bureau ou travailliez en tant qu\u2019organisateur professionnel d\u2019\u00e9v\u00e9nements, Zenkit dispose de la gamme de produits et des capacit\u00e9s n\u00e9cessaires pour vous aider \u00e0 mener \u00e0 bien tout \u00e9v\u00e9nement.<\/p>\n\n\n\n<div class=\"wp-block-buttons is-content-justification-center is-layout-flex wp-container-core-buttons-is-layout-a89b3969 wp-block-buttons-is-layout-flex\">\n<div class=\"wp-block-button\"><a class=\"wp-block-button__link wp-element-button\" href=\"https:\/\/app.zenkit.com\/register\" target=\"_blank\" rel=\"noreferrer noopener\">Rejoignez gratuitement<\/a><\/div>\n<\/div>\n\n\n\n<div style=\"height:88px;--tablet-height:72px;--mobile-height:36px\" class=\"wp-block-lookeen-blocks-responsive-spacer\"><\/div>\n<\/div>\n","protected":false},"excerpt":{"rendered":"<p>Gestion des \u00e9v\u00e9nements avec Zenkit Planification globale, avec le souci du d\u00e9tail Comme tout projet d\u2019envergure, la bonne gestion d\u2019un \u00e9v\u00e9nement exige de suivre des milliers d\u2019\u00e9l\u00e9ments mobiles. Souvent charg\u00e9s de planifier, de programmer, de r\u00e9server, de concevoir, etc., les gestionnaires d\u2019\u00e9v\u00e9nements ont du pain sur la planche. Lorsqu\u2019il s\u2019agit d\u2019organiser un \u00e9v\u00e9nement, l\u2019organisation est [&hellip;]<\/p>\n","protected":false},"author":9,"featured_media":0,"parent":62344,"menu_order":5,"comment_status":"closed","ping_status":"closed","template":"","meta":{"yasr_overall_rating":0,"yasr_post_is_review":"","yasr_auto_insert_disabled":"","yasr_review_type":"","footnotes":""},"class_list":["post-140295","page","type-page","status-publish","hentry"],"yoast_head":"<!-- This site is optimized with the Yoast SEO plugin v27.4 - https:\/\/yoast.com\/product\/yoast-seo-wordpress\/ -->\n<title>Event Management | Zenkit<\/title>\n<meta name=\"robots\" content=\"index, follow, max-snippet:-1, max-image-preview:large, max-video-preview:-1\" \/>\n<link rel=\"canonical\" href=\"https:\/\/zenkit.com\/fr\/suite\/event-management\/\" \/>\n<meta property=\"og:locale\" content=\"fr_FR\" \/>\n<meta property=\"og:type\" content=\"article\" \/>\n<meta property=\"og:title\" content=\"Event Management | Zenkit\" \/>\n<meta property=\"og:description\" content=\"Gestion des \u00e9v\u00e9nements avec Zenkit Planification globale, avec le souci du d\u00e9tail Comme tout projet d\u2019envergure, la bonne gestion d\u2019un \u00e9v\u00e9nement exige de suivre des milliers d\u2019\u00e9l\u00e9ments mobiles. Souvent charg\u00e9s de planifier, de programmer, de r\u00e9server, de concevoir, etc., les gestionnaires d\u2019\u00e9v\u00e9nements ont du pain sur la planche. Lorsqu\u2019il s\u2019agit d\u2019organiser un \u00e9v\u00e9nement, l\u2019organisation est [&hellip;]\" \/>\n<meta property=\"og:url\" content=\"https:\/\/zenkit.com\/fr\/suite\/event-management\/\" \/>\n<meta property=\"og:site_name\" content=\"Zenkit\" \/>\n<meta property=\"article:publisher\" content=\"https:\/\/www.facebook.com\/ZenkitHQ\" \/>\n<meta property=\"article:modified_time\" content=\"2025-09-15T20:24:16+00:00\" \/>\n<meta property=\"og:image\" content=\"https:\/\/zenkit.com\/wp-content\/uploads\/2025\/05\/major-event-masterplan.webp\" \/>\n\t<meta property=\"og:image:width\" content=\"500\" \/>\n\t<meta property=\"og:image:height\" content=\"296\" \/>\n\t<meta property=\"og:image:type\" content=\"image\/webp\" \/>\n<meta name=\"twitter:card\" content=\"summary_large_image\" \/>\n<meta name=\"twitter:site\" content=\"@ZenkitHQ\" \/>\n<meta name=\"twitter:label1\" content=\"Dur\u00e9e de lecture estim\u00e9e\" \/>\n\t<meta name=\"twitter:data1\" content=\"3 minutes\" \/>\n<script type=\"application\/ld+json\" class=\"yoast-schema-graph\">{\"@context\":\"https:\\\/\\\/schema.org\",\"@graph\":[{\"@type\":\"WebPage\",\"@id\":\"https:\\\/\\\/zenkit.com\\\/fr\\\/suite\\\/event-management\\\/\",\"url\":\"https:\\\/\\\/zenkit.com\\\/fr\\\/suite\\\/event-management\\\/\",\"name\":\"Event Management | Zenkit\",\"isPartOf\":{\"@id\":\"https:\\\/\\\/zenkit.com\\\/fr\\\/#website\"},\"primaryImageOfPage\":{\"@id\":\"https:\\\/\\\/zenkit.com\\\/fr\\\/suite\\\/event-management\\\/#primaryimage\"},\"image\":{\"@id\":\"https:\\\/\\\/zenkit.com\\\/fr\\\/suite\\\/event-management\\\/#primaryimage\"},\"thumbnailUrl\":\"https:\\\/\\\/zenkit.com\\\/wp-content\\\/uploads\\\/2025\\\/05\\\/major-event-masterplan.webp\",\"datePublished\":\"2025-09-09T14:38:11+00:00\",\"dateModified\":\"2025-09-15T20:24:16+00:00\",\"breadcrumb\":{\"@id\":\"https:\\\/\\\/zenkit.com\\\/fr\\\/suite\\\/event-management\\\/#breadcrumb\"},\"inLanguage\":\"fr-FR\",\"potentialAction\":[{\"@type\":\"ReadAction\",\"target\":[\"https:\\\/\\\/zenkit.com\\\/fr\\\/suite\\\/event-management\\\/\"]}]},{\"@type\":\"ImageObject\",\"inLanguage\":\"fr-FR\",\"@id\":\"https:\\\/\\\/zenkit.com\\\/fr\\\/suite\\\/event-management\\\/#primaryimage\",\"url\":\"https:\\\/\\\/zenkit.com\\\/wp-content\\\/uploads\\\/2025\\\/05\\\/major-event-masterplan.webp\",\"contentUrl\":\"https:\\\/\\\/zenkit.com\\\/wp-content\\\/uploads\\\/2025\\\/05\\\/major-event-masterplan.webp\"},{\"@type\":\"BreadcrumbList\",\"@id\":\"https:\\\/\\\/zenkit.com\\\/fr\\\/suite\\\/event-management\\\/#breadcrumb\",\"itemListElement\":[{\"@type\":\"ListItem\",\"position\":1,\"name\":\"Home\",\"item\":\"https:\\\/\\\/zenkit.com\\\/fr\\\/\"},{\"@type\":\"ListItem\",\"position\":2,\"name\":\"Zenkit Suite\",\"item\":\"https:\\\/\\\/zenkit.com\\\/fr\\\/suite\\\/\"},{\"@type\":\"ListItem\",\"position\":3,\"name\":\"Event Management\"}]},{\"@type\":\"WebSite\",\"@id\":\"https:\\\/\\\/zenkit.com\\\/fr\\\/#website\",\"url\":\"https:\\\/\\\/zenkit.com\\\/fr\\\/\",\"name\":\"Zenkit\",\"description\":\"Zenkit Tagline\",\"potentialAction\":[{\"@type\":\"SearchAction\",\"target\":{\"@type\":\"EntryPoint\",\"urlTemplate\":\"https:\\\/\\\/zenkit.com\\\/fr\\\/?s={search_term_string}\"},\"query-input\":{\"@type\":\"PropertyValueSpecification\",\"valueRequired\":true,\"valueName\":\"search_term_string\"}}],\"inLanguage\":\"fr-FR\"},false]}<\/script>\n<!-- \/ Yoast SEO plugin. -->","yoast_head_json":{"title":"Event Management | Zenkit","robots":{"index":"index","follow":"follow","max-snippet":"max-snippet:-1","max-image-preview":"max-image-preview:large","max-video-preview":"max-video-preview:-1"},"canonical":"https:\/\/zenkit.com\/fr\/suite\/event-management\/","og_locale":"fr_FR","og_type":"article","og_title":"Event Management | Zenkit","og_description":"Gestion des \u00e9v\u00e9nements avec Zenkit Planification globale, avec le souci du d\u00e9tail Comme tout projet d\u2019envergure, la bonne gestion d\u2019un \u00e9v\u00e9nement exige de suivre des milliers d\u2019\u00e9l\u00e9ments mobiles. Souvent charg\u00e9s de planifier, de programmer, de r\u00e9server, de concevoir, etc., les gestionnaires d\u2019\u00e9v\u00e9nements ont du pain sur la planche. Lorsqu\u2019il s\u2019agit d\u2019organiser un \u00e9v\u00e9nement, l\u2019organisation est [&hellip;]","og_url":"https:\/\/zenkit.com\/fr\/suite\/event-management\/","og_site_name":"Zenkit","article_publisher":"https:\/\/www.facebook.com\/ZenkitHQ","article_modified_time":"2025-09-15T20:24:16+00:00","og_image":[{"width":500,"height":296,"url":"https:\/\/zenkit.com\/wp-content\/uploads\/2025\/05\/major-event-masterplan.webp","type":"image\/webp"}],"twitter_card":"summary_large_image","twitter_site":"@ZenkitHQ","twitter_misc":{"Dur\u00e9e de lecture estim\u00e9e":"3 minutes"},"schema":{"@context":"https:\/\/schema.org","@graph":[{"@type":"WebPage","@id":"https:\/\/zenkit.com\/fr\/suite\/event-management\/","url":"https:\/\/zenkit.com\/fr\/suite\/event-management\/","name":"Event Management | Zenkit","isPartOf":{"@id":"https:\/\/zenkit.com\/fr\/#website"},"primaryImageOfPage":{"@id":"https:\/\/zenkit.com\/fr\/suite\/event-management\/#primaryimage"},"image":{"@id":"https:\/\/zenkit.com\/fr\/suite\/event-management\/#primaryimage"},"thumbnailUrl":"https:\/\/zenkit.com\/wp-content\/uploads\/2025\/05\/major-event-masterplan.webp","datePublished":"2025-09-09T14:38:11+00:00","dateModified":"2025-09-15T20:24:16+00:00","breadcrumb":{"@id":"https:\/\/zenkit.com\/fr\/suite\/event-management\/#breadcrumb"},"inLanguage":"fr-FR","potentialAction":[{"@type":"ReadAction","target":["https:\/\/zenkit.com\/fr\/suite\/event-management\/"]}]},{"@type":"ImageObject","inLanguage":"fr-FR","@id":"https:\/\/zenkit.com\/fr\/suite\/event-management\/#primaryimage","url":"https:\/\/zenkit.com\/wp-content\/uploads\/2025\/05\/major-event-masterplan.webp","contentUrl":"https:\/\/zenkit.com\/wp-content\/uploads\/2025\/05\/major-event-masterplan.webp"},{"@type":"BreadcrumbList","@id":"https:\/\/zenkit.com\/fr\/suite\/event-management\/#breadcrumb","itemListElement":[{"@type":"ListItem","position":1,"name":"Home","item":"https:\/\/zenkit.com\/fr\/"},{"@type":"ListItem","position":2,"name":"Zenkit Suite","item":"https:\/\/zenkit.com\/fr\/suite\/"},{"@type":"ListItem","position":3,"name":"Event Management"}]},{"@type":"WebSite","@id":"https:\/\/zenkit.com\/fr\/#website","url":"https:\/\/zenkit.com\/fr\/","name":"Zenkit","description":"Zenkit Tagline","potentialAction":[{"@type":"SearchAction","target":{"@type":"EntryPoint","urlTemplate":"https:\/\/zenkit.com\/fr\/?s={search_term_string}"},"query-input":{"@type":"PropertyValueSpecification","valueRequired":true,"valueName":"search_term_string"}}],"inLanguage":"fr-FR"},false]}},"yasr_visitor_votes":{"stars_attributes":{"read_only":false,"span_bottom":false},"number_of_votes":0,"sum_votes":0},"_links":{"self":[{"href":"https:\/\/zenkit.com\/fr\/wp-json\/wp\/v2\/pages\/140295","targetHints":{"allow":["GET"]}}],"collection":[{"href":"https:\/\/zenkit.com\/fr\/wp-json\/wp\/v2\/pages"}],"about":[{"href":"https:\/\/zenkit.com\/fr\/wp-json\/wp\/v2\/types\/page"}],"author":[{"embeddable":true,"href":"https:\/\/zenkit.com\/fr\/wp-json\/wp\/v2\/users\/9"}],"replies":[{"embeddable":true,"href":"https:\/\/zenkit.com\/fr\/wp-json\/wp\/v2\/comments?post=140295"}],"version-history":[{"count":2,"href":"https:\/\/zenkit.com\/fr\/wp-json\/wp\/v2\/pages\/140295\/revisions"}],"predecessor-version":[{"id":152831,"href":"https:\/\/zenkit.com\/fr\/wp-json\/wp\/v2\/pages\/140295\/revisions\/152831"}],"up":[{"embeddable":true,"href":"https:\/\/zenkit.com\/fr\/wp-json\/wp\/v2\/pages\/62344"}],"wp:attachment":[{"href":"https:\/\/zenkit.com\/fr\/wp-json\/wp\/v2\/media?parent=140295"}],"curies":[{"name":"wp","href":"https:\/\/api.w.org\/{rel}","templated":true}]}}