{"id":14643,"date":"2018-06-15T23:02:10","date_gmt":"2018-06-15T21:02:10","guid":{"rendered":"https:\/\/zenkit.com\/cas-dutilisation\/spreadsheet\/"},"modified":"2025-08-25T00:51:56","modified_gmt":"2025-08-24T22:51:56","slug":"tableur","status":"publish","type":"page","link":"https:\/\/zenkit.com\/fr\/suite\/tableur\/","title":{"rendered":"Zenkit Spreadsheet Software"},"content":{"rendered":"\n<div class=\"wp-block-group has-global-padding is-layout-constrained wp-block-group-is-layout-constrained\">\n<div class=\"wp-block-group width--950 has-global-padding is-layout-constrained wp-block-group-is-layout-constrained\">\n<div style=\"height:45px;--tablet-height:45px;--mobile-height:16px\" class=\"wp-block-lookeen-blocks-responsive-spacer\"><\/div>\n\n\n\n<div class=\"wp-block-group has-global-padding is-layout-constrained wp-block-group-is-layout-constrained\">\n<h1 class=\"wp-block-heading has-text-align-center\" style=\"margin-bottom:8px\">Tableurs pratiques<\/h1>\n<\/div>\n\n\n\n<div class=\"wp-block-group has-global-padding is-layout-constrained wp-block-group-is-layout-constrained\">\n<p class=\"has-text-align-center subheading\">Donnez vie \u00e0 vos tableurs sur Zenkit.<\/p>\n<\/div>\n\n\n\n<div style=\"height:48px;--tablet-height:48px;--mobile-height:36px\" class=\"wp-block-lookeen-blocks-responsive-spacer\"><\/div>\n<\/div>\n<\/div>\n\n\n\n<div class=\"wp-block-group has-global-padding is-layout-constrained wp-block-group-is-layout-constrained\">\n<div class=\"wp-block-group application__grid has-global-padding is-layout-constrained wp-block-group-is-layout-constrained\">\n<div class=\"wp-block-group application__box has-global-padding is-layout-constrained wp-block-group-is-layout-constrained\" style=\"border-radius:20px\">\n<h3 class=\"wp-block-heading has-text-align-center card__title\" style=\"font-size:20px\">Travaillez avec vos donn\u00e9es<\/h3>\n\n\n\n<p class=\"has-text-align-center has-da-grey-1-color has-text-color has-link-color wp-elements-5e5dce41aa1de8a75255e7291c3bd182\">Les tableurs jouent un r\u00f4le essentiel dans de nombreuses entreprises. Servez-vous de Zenkit pour stocker, manipuler et \u00e9diter vos donn\u00e9es en ligne.<\/p>\n<\/div>\n\n\n\n<div class=\"wp-block-group application__box has-global-padding is-layout-constrained wp-block-group-is-layout-constrained\" style=\"border-radius:20px\">\n<h3 class=\"wp-block-heading has-text-align-center card__title\" style=\"font-size:20px\">Collaboration<\/h3>\n\n\n\n<p class=\"has-text-align-center has-da-grey-1-color has-text-color has-link-color wp-elements-28a569d0125e2ff0f0cf0e2564b405e2\" style=\"margin-bottom:16px\">Collaborez sur vos tableurs avec votre \u00e9quipe. Invitez d\u2019autres \u00e0 examiner, \u00e9diter et commenter votre tableur en temps r\u00e9el.<\/p>\n<\/div>\n\n\n\n<div class=\"wp-block-group application__box has-global-padding is-layout-constrained wp-block-group-is-layout-constrained\" style=\"border-radius:20px\">\n<h3 class=\"wp-block-heading has-text-align-center card__title\" style=\"font-size:20px\">Personnalisation<\/h3>\n\n\n\n<p class=\"has-text-align-center has-da-grey-1-color has-text-color has-link-color wp-elements-39c66b2f48f2b196ba9046fa7458a6c0\" style=\"margin-bottom:16px\">Comme votre outil de tableur pr\u00e9f\u00e9r\u00e9, les colonnes que vous cr\u00e9ez et les donn\u00e9es qu\u2019elles contiennent vous appartiennent. Suivez seulement les informations que vous d\u00e9sirez.<\/p>\n<\/div>\n<\/div>\n\n\n\n<div style=\"height:88px;--tablet-height:72px;--mobile-height:36px\" class=\"wp-block-lookeen-blocks-responsive-spacer\"><\/div>\n<\/div>\n\n\n\n<div class=\"wp-block-group has-global-padding is-layout-constrained wp-block-group-is-layout-constrained\">\n<div class=\"wp-block-group has-global-padding is-layout-constrained wp-container-core-group-is-layout-bea02a06 wp-block-group-is-layout-constrained\">\n<figure class=\"wp-block-image size-full box__shadow border-radius--8 overflow__hidden\"><img loading=\"lazy\" decoding=\"async\" width=\"800\" height=\"400\" src=\"https:\/\/zenkit.com\/wp-content\/uploads\/2025\/05\/table.gif\" alt=\"Tabellenkalkulation so einfach wie nie\" class=\"wp-image-111998\"\/><\/figure>\n<\/div>\n\n\n\n<div style=\"height:88px;--tablet-height:72px;--mobile-height:36px\" class=\"wp-block-lookeen-blocks-responsive-spacer\"><\/div>\n<\/div>\n\n\n\n<div class=\"wp-block-group has-global-padding is-layout-constrained wp-block-group-is-layout-constrained\">\n<div class=\"wp-block-columns is-layout-flex wp-container-core-columns-is-layout-28f84493 wp-block-columns-is-layout-flex\">\n<div class=\"wp-block-column is-layout-flow wp-container-core-column-is-layout-8eebadab wp-block-column-is-layout-flow\">\n<div class=\"wp-block-group has-global-padding is-layout-constrained wp-block-group-is-layout-constrained\">\n<h3 class=\"wp-block-heading has-text-align-center\">Tirez le maximum de vos donn\u00e9es<\/h3>\n\n\n\n<p class=\"has-text-align-center\">Rendez les calculs moins ennuyeux. Servez-vous de formules simples, d\u2019agr\u00e9gations et de fonctions de classement pour atteindre les r\u00e9sultats souhait\u00e9s. Des filtres puissants vous aident \u00e0 examiner et analyser les donn\u00e9es les plus pertinentes pour vous. Vous pouvez aussi sauvegarder des filtres pour acc\u00e9der facilement \u00e0 vos donn\u00e9es les plus importantes en un seul clic.<\/p>\n<\/div>\n\n\n\n<div class=\"wp-block-group has-global-padding is-layout-constrained wp-block-group-is-layout-constrained\">\n<h3 class=\"wp-block-heading has-text-align-center\">Collaborez en temps r\u00e9el<\/h3>\n\n\n\n<p class=\"has-text-align-center\">N\u2019envoyez plus vos tableaux par e-mails, cr\u00e9ant ainsi plusieurs copies non synchronis\u00e9es. Ne perdez plus jamais d\u2019information en transf\u00e9rant des fichiers. Zenkit vous permet de partager votre tableur avec vos coll\u00e8gues, vos amis et votre famille pour travailler sur un tableur ensemble et en m\u00eame temps.<\/p>\n\n\n\n<p class=\"has-text-align-center\">Suivez les changements de vos membres de workspace, corrigez et \u00e9ditez les travaux de chacun, commentez en colonne, ou ajoutez des nouvelles donn\u00e9es, tout \u00e7a en temps r\u00e9el.<\/p>\n<\/div>\n\n\n\n<div class=\"wp-block-group has-global-padding is-layout-constrained wp-block-group-is-layout-constrained\">\n<h3 class=\"wp-block-heading has-text-align-center\">Plus qu\u2019un tableur<\/h3>\n\n\n\n<p class=\"has-text-align-center\">Faites plus que des calculs. Zenkit vous donne la possibilit\u00e9 de changer la fa\u00e7on dont vous visualisez vos donn\u00e9es \u00e0 tout moment \u2013 vos donn\u00e9es sont bien plus que des rang\u00e9es et des colonnes. Par exemple, vous utilisez des tableurs pour suivre des ventes ? Connectez-les \u00e0 votre tableau client pour cr\u00e9er une base de donn\u00e9es. Vous utilisez un tableur pour \u00eatre \u00e0 jour dans un projet ? Changez l\u2019affichage tableur \u00e0 Kanban en un seul clic afin de suivre vos progr\u00e8s visuellement.<\/p>\n<\/div>\n<\/div>\n\n\n\n<div class=\"wp-block-column is-layout-flow wp-container-core-column-is-layout-8eebadab wp-block-column-is-layout-flow\">\n<div class=\"wp-block-group has-global-padding is-layout-constrained wp-block-group-is-layout-constrained\">\n<h3 class=\"wp-block-heading has-text-align-center\">Pr\u00eat quand vous l\u2019\u00eates<\/h3>\n\n\n\n<p class=\"has-text-align-center\">Importez des fichiers .csv ou collez des tableaux Excel ou Google Sheets pour travailler directement avec Zenkit. Et si vous n\u2019avez pas d\u00e9j\u00e0 de tableaux existants, vous<\/p>\n\n\n\n<p>pouvez en cr\u00e9er un en quelques clics sur Zenkit.<\/p>\n\n\n\n<p class=\"has-text-align-center\">Toutes les actions que vous effectuez dans vos tableurs sont sauvegard\u00e9es automatiquement \u2013 vous n\u2019aurez plus jamais besoin de vous soucier de sauvegarder manuellement. Examinez qui a apport\u00e9 des changements \u00e0 quel moment pour avoir un historique de l\u2019ensemble de votre tableur.<\/p>\n<\/div>\n\n\n\n<div class=\"wp-block-group has-global-padding is-layout-constrained wp-block-group-is-layout-constrained\">\n<h3 class=\"wp-block-heading has-text-align-center\">Accessible de partout<\/h3>\n\n\n\n<p class=\"has-text-align-center\">Travaillez sur vos tableurs n\u2019importe o\u00f9, n\u2019importe quand. Zenkit est accessible en ligne et hors ligne, sur tous vos appareils. Que vous soyez au travail, dans les transports, ou \u00e0 30,000 pieds dans les airs, Zenkit vous donne un maximum de flexibilit\u00e9.<\/p>\n<\/div>\n<\/div>\n<\/div>\n\n\n\n<div style=\"height:88px;--tablet-height:72px;--mobile-height:36px\" class=\"wp-block-lookeen-blocks-responsive-spacer\"><\/div>\n<\/div>\n\n\n\n<div class=\"wp-block-group has-da-blue-light-background-color has-background has-global-padding is-layout-constrained wp-container-core-group-is-layout-bea02a06 wp-block-group-is-layout-constrained\">\n<div style=\"height:88px;--tablet-height:72px;--mobile-height:36px\" class=\"wp-block-lookeen-blocks-responsive-spacer\"><\/div>\n\n\n\n<h2 class=\"wp-block-heading has-text-align-center\">Des milliers d\u2019\u00e9quipes \u00e0 travers le monde font confiance \u00e0 Zenkit<\/h2>\n\n\n\n<p class=\"has-text-align-center\">Ne perdez jamais de temps en cherchant des e-mails, en changeant d\u2019applications ou en dupliquant vos projets. Suivez tous vos projets en un seul et unique lieu gr\u00e2ce \u00e0 Zenkit.<\/p>\n\n\n\n<p>Plus besoin de changer votre mani\u00e8re de travailler pour vous adapter \u00e0 un outil. Servez-vous d\u2019un outil qui s\u2019adapte \u00e0 votre flux de travail, \u00e0 votre \u00e9quipe et votre projet.<\/p>\n\n\n\n<p class=\"has-text-align-center\">Unifiez et g\u00e9rez tous les aspects de votre entreprise avec Zenkit.<\/p>\n\n\n\n<div style=\"height:88px;--tablet-height:72px;--mobile-height:36px\" class=\"wp-block-lookeen-blocks-responsive-spacer\"><\/div>\n<\/div>\n\n\n\n<div class=\"wp-block-group has-global-padding is-layout-constrained wp-container-core-group-is-layout-bea02a06 wp-block-group-is-layout-constrained\">\n<div style=\"height:88px;--tablet-height:72px;--mobile-height:36px\" class=\"wp-block-lookeen-blocks-responsive-spacer\"><\/div>\n\n\n\n<h2 class=\"wp-block-heading has-text-align-center\">Travaillez avec les outils qui vous sont familiers<\/h2>\n\n\n\n<p class=\"has-text-align-center\" style=\"margin-bottom:0px\">Zenkit peut envoyer et recevoir des informations de plus de 1000 autres applications gr\u00e2ce aux int\u00e9grations de Zapier, pour que toute votre entreprise se retrouve au m\u00eame endroit.<\/p>\n\n\n\n<div style=\"height:48px;--tablet-height:36px;--mobile-height:24px\" class=\"wp-block-lookeen-blocks-responsive-spacer\"><\/div>\n\n\n\n<div class=\"wp-block-group is-content-justification-center is-layout-flex wp-container-core-group-is-layout-635e4504 wp-block-group-is-layout-flex\">\n<figure class=\"wp-block-image size-full is-resized\"><a href=\"https:\/\/zenkit.com\/fr\/integrations\/googlesheets-zenkit\/\"><img loading=\"lazy\" decoding=\"async\" width=\"128\" height=\"128\" src=\"https:\/\/zenkit.com\/wp-content\/uploads\/2025\/05\/google-sheets-logo.webp\" alt=\"google-sheets\" class=\"wp-image-112045\" style=\"width:80px\"\/><\/a><\/figure>\n\n\n\n<figure class=\"wp-block-image size-full is-resized\"><a href=\"https:\/\/zenkit.com\/fr\/integrations\/evernote-zenkit\/\"><img loading=\"lazy\" decoding=\"async\" width=\"360\" height=\"360\" src=\"https:\/\/zenkit.com\/wp-content\/uploads\/2025\/05\/evernote-logo.webp\" alt=\"evernote\" class=\"wp-image-112035\" style=\"width:80px\" srcset=\"https:\/\/zenkit.com\/wp-content\/uploads\/2025\/05\/evernote-logo.webp 360w, https:\/\/zenkit.com\/wp-content\/uploads\/2025\/05\/evernote-logo-300x300.webp 300w, https:\/\/zenkit.com\/wp-content\/uploads\/2025\/05\/evernote-logo-150x150.webp 150w\" sizes=\"auto, (max-width: 360px) 100vw, 360px\" \/><\/a><\/figure>\n\n\n\n<figure class=\"wp-block-image size-full is-resized\"><a href=\"https:\/\/zenkit.com\/fr\/integrations\/googlecalendar-zenkit\/\"><img loading=\"lazy\" decoding=\"async\" width=\"128\" height=\"128\" src=\"https:\/\/zenkit.com\/wp-content\/uploads\/2025\/05\/google-calendar-logo.webp\" alt=\"google-calender\" class=\"wp-image-112055\" style=\"width:80px\"\/><\/a><\/figure>\n<\/div>\n<\/div>\n\n\n\n<div style=\"height:110px;--tablet-height:60px;--mobile-height:48px\" class=\"wp-block-lookeen-blocks-responsive-spacer\"><\/div>\n","protected":false},"excerpt":{"rendered":"<p>Tableurs pratiques Donnez vie \u00e0 vos tableurs sur Zenkit. Travaillez avec vos donn\u00e9es Les tableurs jouent un r\u00f4le essentiel dans de nombreuses entreprises. Servez-vous de Zenkit pour stocker, manipuler et \u00e9diter vos donn\u00e9es en ligne. Collaboration Collaborez sur vos tableurs avec votre \u00e9quipe. Invitez d\u2019autres \u00e0 examiner, \u00e9diter et commenter votre tableur en temps r\u00e9el. [&hellip;]<\/p>\n","protected":false},"author":1,"featured_media":0,"parent":62344,"menu_order":0,"comment_status":"closed","ping_status":"closed","template":"","meta":{"yasr_overall_rating":0,"yasr_post_is_review":"","yasr_auto_insert_disabled":"","yasr_review_type":"","footnotes":""},"class_list":["post-14643","page","type-page","status-publish","hentry"],"yoast_head":"<!-- This site is optimized with the Yoast SEO plugin v27.4 - https:\/\/yoast.com\/product\/yoast-seo-wordpress\/ -->\n<title>Logiciel de Tableur | Zenkit<\/title>\n<meta name=\"description\" content=\"Profitez d&#039;un logiciel de tableur en ligne gr\u00e2ce \u00e0 Zenkit. Travaillez avec des chiffres, cr\u00e9ez des bases de donn\u00e9es et coordonnez votre projet facilement.\" \/>\n<meta name=\"robots\" content=\"index, follow, max-snippet:-1, max-image-preview:large, max-video-preview:-1\" \/>\n<link rel=\"canonical\" href=\"https:\/\/zenkit.com\/fr\/suite\/tableur\/\" \/>\n<meta property=\"og:locale\" content=\"fr_FR\" \/>\n<meta property=\"og:type\" content=\"article\" \/>\n<meta property=\"og:title\" content=\"Logiciel de Tableur | Zenkit\" \/>\n<meta property=\"og:description\" content=\"Profitez d&#039;un logiciel de tableur en ligne gr\u00e2ce \u00e0 Zenkit. Travaillez avec des chiffres, cr\u00e9ez des bases de donn\u00e9es et coordonnez votre projet facilement.\" \/>\n<meta property=\"og:url\" content=\"https:\/\/zenkit.com\/fr\/suite\/tableur\/\" \/>\n<meta property=\"og:site_name\" content=\"Zenkit\" \/>\n<meta property=\"article:publisher\" content=\"https:\/\/www.facebook.com\/ZenkitHQ\" \/>\n<meta property=\"article:modified_time\" content=\"2025-08-24T22:51:56+00:00\" \/>\n<meta property=\"og:image\" content=\"https:\/\/zenkit.com\/wp-content\/uploads\/2025\/05\/table.gif\" \/>\n<meta name=\"twitter:card\" content=\"summary_large_image\" \/>\n<meta name=\"twitter:site\" content=\"@ZenkitHQ\" \/>\n<meta name=\"twitter:label1\" content=\"Dur\u00e9e de lecture estim\u00e9e\" \/>\n\t<meta name=\"twitter:data1\" content=\"3 minutes\" \/>\n<script type=\"application\/ld+json\" class=\"yoast-schema-graph\">{\"@context\":\"https:\\\/\\\/schema.org\",\"@graph\":[{\"@type\":\"WebPage\",\"@id\":\"https:\\\/\\\/zenkit.com\\\/fr\\\/suite\\\/tableur\\\/\",\"url\":\"https:\\\/\\\/zenkit.com\\\/fr\\\/suite\\\/tableur\\\/\",\"name\":\"Logiciel de Tableur | Zenkit\",\"isPartOf\":{\"@id\":\"https:\\\/\\\/zenkit.com\\\/fr\\\/#website\"},\"primaryImageOfPage\":{\"@id\":\"https:\\\/\\\/zenkit.com\\\/fr\\\/suite\\\/tableur\\\/#primaryimage\"},\"image\":{\"@id\":\"https:\\\/\\\/zenkit.com\\\/fr\\\/suite\\\/tableur\\\/#primaryimage\"},\"thumbnailUrl\":\"https:\\\/\\\/zenkit.com\\\/wp-content\\\/uploads\\\/2025\\\/05\\\/table.gif\",\"datePublished\":\"2018-06-15T21:02:10+00:00\",\"dateModified\":\"2025-08-24T22:51:56+00:00\",\"description\":\"Profitez d'un logiciel de tableur en ligne gr\u00e2ce \u00e0 Zenkit. Travaillez avec des chiffres, cr\u00e9ez des bases de donn\u00e9es et coordonnez votre projet facilement.\",\"breadcrumb\":{\"@id\":\"https:\\\/\\\/zenkit.com\\\/fr\\\/suite\\\/tableur\\\/#breadcrumb\"},\"inLanguage\":\"fr-FR\",\"potentialAction\":[{\"@type\":\"ReadAction\",\"target\":[\"https:\\\/\\\/zenkit.com\\\/fr\\\/suite\\\/tableur\\\/\"]}]},{\"@type\":\"ImageObject\",\"inLanguage\":\"fr-FR\",\"@id\":\"https:\\\/\\\/zenkit.com\\\/fr\\\/suite\\\/tableur\\\/#primaryimage\",\"url\":\"https:\\\/\\\/zenkit.com\\\/wp-content\\\/uploads\\\/2025\\\/05\\\/table.gif\",\"contentUrl\":\"https:\\\/\\\/zenkit.com\\\/wp-content\\\/uploads\\\/2025\\\/05\\\/table.gif\"},{\"@type\":\"BreadcrumbList\",\"@id\":\"https:\\\/\\\/zenkit.com\\\/fr\\\/suite\\\/tableur\\\/#breadcrumb\",\"itemListElement\":[{\"@type\":\"ListItem\",\"position\":1,\"name\":\"Home\",\"item\":\"https:\\\/\\\/zenkit.com\\\/fr\\\/\"},{\"@type\":\"ListItem\",\"position\":2,\"name\":\"Zenkit Suite\",\"item\":\"https:\\\/\\\/zenkit.com\\\/fr\\\/suite\\\/\"},{\"@type\":\"ListItem\",\"position\":3,\"name\":\"Zenkit Spreadsheet Software\"}]},{\"@type\":\"WebSite\",\"@id\":\"https:\\\/\\\/zenkit.com\\\/fr\\\/#website\",\"url\":\"https:\\\/\\\/zenkit.com\\\/fr\\\/\",\"name\":\"Zenkit\",\"description\":\"Zenkit Tagline\",\"potentialAction\":[{\"@type\":\"SearchAction\",\"target\":{\"@type\":\"EntryPoint\",\"urlTemplate\":\"https:\\\/\\\/zenkit.com\\\/fr\\\/?s={search_term_string}\"},\"query-input\":{\"@type\":\"PropertyValueSpecification\",\"valueRequired\":true,\"valueName\":\"search_term_string\"}}],\"inLanguage\":\"fr-FR\"},false]}<\/script>\n<!-- \/ Yoast SEO plugin. -->","yoast_head_json":{"title":"Logiciel de Tableur | Zenkit","description":"Profitez d'un logiciel de tableur en ligne gr\u00e2ce \u00e0 Zenkit. Travaillez avec des chiffres, cr\u00e9ez des bases de donn\u00e9es et coordonnez votre projet facilement.","robots":{"index":"index","follow":"follow","max-snippet":"max-snippet:-1","max-image-preview":"max-image-preview:large","max-video-preview":"max-video-preview:-1"},"canonical":"https:\/\/zenkit.com\/fr\/suite\/tableur\/","og_locale":"fr_FR","og_type":"article","og_title":"Logiciel de Tableur | Zenkit","og_description":"Profitez d'un logiciel de tableur en ligne gr\u00e2ce \u00e0 Zenkit. Travaillez avec des chiffres, cr\u00e9ez des bases de donn\u00e9es et coordonnez votre projet facilement.","og_url":"https:\/\/zenkit.com\/fr\/suite\/tableur\/","og_site_name":"Zenkit","article_publisher":"https:\/\/www.facebook.com\/ZenkitHQ","article_modified_time":"2025-08-24T22:51:56+00:00","og_image":[{"url":"https:\/\/zenkit.com\/wp-content\/uploads\/2025\/05\/table.gif","type":"","width":"","height":""}],"twitter_card":"summary_large_image","twitter_site":"@ZenkitHQ","twitter_misc":{"Dur\u00e9e de lecture estim\u00e9e":"3 minutes"},"schema":{"@context":"https:\/\/schema.org","@graph":[{"@type":"WebPage","@id":"https:\/\/zenkit.com\/fr\/suite\/tableur\/","url":"https:\/\/zenkit.com\/fr\/suite\/tableur\/","name":"Logiciel de Tableur | Zenkit","isPartOf":{"@id":"https:\/\/zenkit.com\/fr\/#website"},"primaryImageOfPage":{"@id":"https:\/\/zenkit.com\/fr\/suite\/tableur\/#primaryimage"},"image":{"@id":"https:\/\/zenkit.com\/fr\/suite\/tableur\/#primaryimage"},"thumbnailUrl":"https:\/\/zenkit.com\/wp-content\/uploads\/2025\/05\/table.gif","datePublished":"2018-06-15T21:02:10+00:00","dateModified":"2025-08-24T22:51:56+00:00","description":"Profitez d'un logiciel de tableur en ligne gr\u00e2ce \u00e0 Zenkit. Travaillez avec des chiffres, cr\u00e9ez des bases de donn\u00e9es et coordonnez votre projet facilement.","breadcrumb":{"@id":"https:\/\/zenkit.com\/fr\/suite\/tableur\/#breadcrumb"},"inLanguage":"fr-FR","potentialAction":[{"@type":"ReadAction","target":["https:\/\/zenkit.com\/fr\/suite\/tableur\/"]}]},{"@type":"ImageObject","inLanguage":"fr-FR","@id":"https:\/\/zenkit.com\/fr\/suite\/tableur\/#primaryimage","url":"https:\/\/zenkit.com\/wp-content\/uploads\/2025\/05\/table.gif","contentUrl":"https:\/\/zenkit.com\/wp-content\/uploads\/2025\/05\/table.gif"},{"@type":"BreadcrumbList","@id":"https:\/\/zenkit.com\/fr\/suite\/tableur\/#breadcrumb","itemListElement":[{"@type":"ListItem","position":1,"name":"Home","item":"https:\/\/zenkit.com\/fr\/"},{"@type":"ListItem","position":2,"name":"Zenkit Suite","item":"https:\/\/zenkit.com\/fr\/suite\/"},{"@type":"ListItem","position":3,"name":"Zenkit Spreadsheet Software"}]},{"@type":"WebSite","@id":"https:\/\/zenkit.com\/fr\/#website","url":"https:\/\/zenkit.com\/fr\/","name":"Zenkit","description":"Zenkit Tagline","potentialAction":[{"@type":"SearchAction","target":{"@type":"EntryPoint","urlTemplate":"https:\/\/zenkit.com\/fr\/?s={search_term_string}"},"query-input":{"@type":"PropertyValueSpecification","valueRequired":true,"valueName":"search_term_string"}}],"inLanguage":"fr-FR"},false]}},"yasr_visitor_votes":{"stars_attributes":{"read_only":false,"span_bottom":false},"number_of_votes":0,"sum_votes":0},"_links":{"self":[{"href":"https:\/\/zenkit.com\/fr\/wp-json\/wp\/v2\/pages\/14643","targetHints":{"allow":["GET"]}}],"collection":[{"href":"https:\/\/zenkit.com\/fr\/wp-json\/wp\/v2\/pages"}],"about":[{"href":"https:\/\/zenkit.com\/fr\/wp-json\/wp\/v2\/types\/page"}],"author":[{"embeddable":true,"href":"https:\/\/zenkit.com\/fr\/wp-json\/wp\/v2\/users\/1"}],"replies":[{"embeddable":true,"href":"https:\/\/zenkit.com\/fr\/wp-json\/wp\/v2\/comments?post=14643"}],"version-history":[{"count":1,"href":"https:\/\/zenkit.com\/fr\/wp-json\/wp\/v2\/pages\/14643\/revisions"}],"predecessor-version":[{"id":129597,"href":"https:\/\/zenkit.com\/fr\/wp-json\/wp\/v2\/pages\/14643\/revisions\/129597"}],"up":[{"embeddable":true,"href":"https:\/\/zenkit.com\/fr\/wp-json\/wp\/v2\/pages\/62344"}],"wp:attachment":[{"href":"https:\/\/zenkit.com\/fr\/wp-json\/wp\/v2\/media?parent=14643"}],"curies":[{"name":"wp","href":"https:\/\/api.w.org\/{rel}","templated":true}]}}