{"id":147214,"date":"2025-09-12T18:58:22","date_gmt":"2025-09-12T16:58:22","guid":{"rendered":"https:\/\/zenkit.com\/?page_id=147214"},"modified":"2025-11-04T06:53:18","modified_gmt":"2025-11-04T05:53:18","slug":"sign-in-scheduling-2","status":"publish","type":"page","link":"https:\/\/zenkit.com\/fr\/integrations\/sign-in-scheduling-2\/","title":{"rendered":"Sign In Scheduling"},"content":{"rendered":"\n<div style=\"height:45px;--tablet-height:45px;--mobile-height:16px\" class=\"wp-block-lookeen-blocks-responsive-spacer\"><\/div>\n\n\n\n<div class=\"wp-block-group has-global-padding is-layout-constrained wp-block-group-is-layout-constrained\">\n<div class=\"wp-block-columns is-layout-flex wp-container-core-columns-is-layout-467d341d wp-block-columns-is-layout-flex\" id=\"main__integrations\" style=\"margin-top:0px;margin-bottom:0px\">\n<div class=\"wp-block-column side__bar__integrations is-layout-flow wp-block-column-is-layout-flow\" style=\"flex-basis:23%\">\n<h2 class=\"wp-block-heading has-da-blue-color-new has-text-color has-link-color wp-elements-6523b08ae28c53a0d59e520259bfe6fd\" style=\"margin-top:0px;margin-bottom:0px;font-size:16px;line-height:1.5\">Int\u00e9grations d&rsquo;ordonnancement<\/h2>\n\n\n<nav class=\"is-vertical integrations__menu wp-block-navigation is-layout-flex wp-container-core-navigation-is-layout-5f9f5280 wp-block-navigation-is-layout-flex\" aria-label=\"fr-integrations-scheduling\"><ul class=\"wp-block-navigation__container  is-vertical integrations__menu wp-block-navigation\"><li class=\" wp-block-navigation-item wp-block-navigation-link\"><a class=\"wp-block-navigation-item__content\"  href=\"https:\/\/zenkit.com\/fr\/integrations\/appointlet\/\"><span class=\"wp-block-navigation-item__label\">Appointlet<\/span><\/a><\/li><li class=\" wp-block-navigation-item wp-block-navigation-link\"><a class=\"wp-block-navigation-item__content\"  href=\"https:\/\/zenkit.com\/fr\/integrations\/bookafy\/\"><span class=\"wp-block-navigation-item__label\">Bookafy<\/span><\/a><\/li><li class=\" wp-block-navigation-item wp-block-navigation-link\"><a class=\"wp-block-navigation-item__content\"  href=\"https:\/\/zenkit.com\/fr\/integrations\/etermin\/\"><span class=\"wp-block-navigation-item__label\">eTermin<\/span><\/a><\/li><li class=\" wp-block-navigation-item wp-block-navigation-link\"><a class=\"wp-block-navigation-item__content\"  href=\"https:\/\/zenkit.com\/fr\/integrations\/simplybook-me\/\"><span class=\"wp-block-navigation-item__label\">SimplyBook.me<\/span><\/a><\/li><li class=\" wp-block-navigation-item wp-block-navigation-link\"><a class=\"wp-block-navigation-item__content\"  href=\"https:\/\/zenkit.com\/fr\/integrations\/sign-in-scheduling\/\"><span class=\"wp-block-navigation-item__label\">Sign In Scheduling<\/span><\/a><\/li><li class=\" wp-block-navigation-item wp-block-navigation-link\"><a class=\"wp-block-navigation-item__content\"  href=\"https:\/\/zenkit.com\/fr\/integrations\/supersaas\/\"><span class=\"wp-block-navigation-item__label\">SuperSaas<\/span><\/a><\/li><li class=\" wp-block-navigation-item wp-block-navigation-link\"><a class=\"wp-block-navigation-item__content\"  href=\"https:\/\/zenkit.com\/fr\/integrations\/eventable\/\"><span class=\"wp-block-navigation-item__label\">Eventable<\/span><\/a><\/li><\/ul><\/nav><\/div>\n\n\n\n<div class=\"wp-block-column content__integrations is-layout-flow wp-block-column-is-layout-flow\" style=\"flex-basis:77%\">\n<div class=\"wp-block-group has-global-padding is-layout-constrained wp-block-group-is-layout-constrained\">\n<div class=\"wp-block-group title is-layout-flex wp-container-core-group-is-layout-ed4b00df wp-block-group-is-layout-flex\">\n<figure class=\"wp-block-image size-full is-resized\"><img loading=\"lazy\" decoding=\"async\" width=\"400\" height=\"400\" src=\"https:\/\/zenkit.com\/wp-content\/uploads\/2025\/07\/10to8.webp\" alt=\"\" class=\"wp-image-117484\" style=\"width:auto;height:46px\" srcset=\"https:\/\/zenkit.com\/wp-content\/uploads\/2025\/07\/10to8.webp 400w, https:\/\/zenkit.com\/wp-content\/uploads\/2025\/07\/10to8-300x300.webp 300w, https:\/\/zenkit.com\/wp-content\/uploads\/2025\/07\/10to8-150x150.webp 150w\" sizes=\"auto, (max-width: 400px) 100vw, 400px\" \/><\/figure>\n\n\n\n<h1 class=\"wp-block-heading\">Sign In Scheduling (anciennement 10to8) et Zenkit<\/h1>\n<\/div>\n\n\n\n<div class=\"wp-block-group has-global-padding is-layout-constrained wp-block-group-is-layout-constrained\">\n<h3 class=\"wp-block-heading display-h2\">Connectez vos comptes Zenkit et Sign In Scheduling (anciennement 10to8)<\/h3>\n\n\n\n<p>Si vous utilisez Sign In Scheduling pour la prise de rendez-vous en ligne, une fois le rendez-vous pris, que se passe-t-il ensuite ?<br>Peut-\u00eatre avez-vous besoin d\u2019envoyer des e-mails, de pr\u00e9parer une pr\u00e9sentation ou de r\u00e9aliser d\u2019autres t\u00e2ches pour le rendez-vous \u00e0 venir. Gr\u00e2ce \u00e0 notre int\u00e9gration Zapier, une nouvelle t\u00e2che peut \u00eatre automatiquement ajout\u00e9e \u00e0 vos projets Zenkit lorsqu\u2019un nouveau rendez-vous est pris via Sign In Scheduling. Vous ne manquerez plus jamais les rendez-vous importants et leur pr\u00e9paration!<\/p>\n<\/div>\n\n\n\n<div style=\"height:48px;--tablet-height:36px;--mobile-height:24px\" class=\"wp-block-lookeen-blocks-responsive-spacer\"><\/div>\n<\/div>\n\n\n\n<div class=\"wp-block-group has-global-padding is-layout-constrained wp-block-group-is-layout-constrained\">\n<figure class=\"wp-block-video\"><video controls src=\"https:\/\/zenkit.com\/wp-content\/uploads\/2019\/08\/10to8_-Appointment-Scheduling-Software.mp4\"><\/video><\/figure>\n<\/div>\n\n\n\n<div style=\"height:48px;--tablet-height:36px;--mobile-height:24px\" class=\"wp-block-lookeen-blocks-responsive-spacer\"><\/div>\n\n\n\n<div class=\"wp-block-group has-global-padding is-layout-constrained wp-block-group-is-layout-constrained\">\n<h3 class=\"wp-block-heading display-h2\">A propos de Sign In Scheduling : Logiciel de prise de rendez-vous<\/h3>\n\n\n\n<p>Sign In Scheduling est un logiciel gratuit de prise de rendez-vous tout-en-un auquel plus de 50 000 entreprises font confiance dans le monde entier. Avec Sign In Scheduling, les clients peuvent r\u00e9server des cr\u00e9neaux horaires libres et d\u2019autres services sp\u00e9cifiques propos\u00e9s par votre entreprise. De plus, gr\u00e2ce aux rappels automatis\u00e9s par SMS et par e-mail, coupl\u00e9s \u00e0 un chat bidirectionnel, les rendez-vous non honor\u00e9s peuvent \u00eatre r\u00e9duits, la communication avec les clients peut \u00eatre am\u00e9lior\u00e9e et davantage d\u2019affaires peuvent \u00eatre gagn\u00e9es.<\/p>\n\n\n\n<p>La principale caract\u00e9ristique de Sign In Scheduling est le chat bidirectionnel qui peut \u00eatre connect\u00e9 \u00e0 votre propre syst\u00e8me de calendrier. Il garantit des \u00e9changes de messages clairs en temps r\u00e9el entre vous et vos clients, et vous donne une visibilit\u00e9 totale sur vos horaires et vos rendez-vous. Il s\u2019int\u00e8gre \u00e9galement \u00e0 plus de 500 autres applications !<\/p>\n<\/div>\n\n\n\n<div style=\"height:48px;--tablet-height:36px;--mobile-height:24px\" class=\"wp-block-lookeen-blocks-responsive-spacer\"><\/div>\n\n\n\n<div class=\"wp-block-group has-global-padding is-layout-constrained wp-block-group-is-layout-constrained\">\n<h3 class=\"wp-block-heading display-h2\">A propos de Zenkit : Gestion de projet en ligne<\/h3>\n\n\n\n<p><a href=\"https:\/\/zenkit.com\/\">Zenkit<\/a>&nbsp;est une solution de gestion multi-projets pour les projets agiles et classiques. Elle offre des fonctionnalit\u00e9s de collaboration en temps r\u00e9el, des vues intelligentes, des rapports et une planification des ressources qui permettent \u00e0 votre \u00e9quipe de r\u00e9aliser des progr\u00e8s r\u00e9els. En un seul clic, vous pouvez basculer vos projets vers diff\u00e9rentes vues, y compris Kanban, diagramme de Gantt, Tableau, Mind Map, Hi\u00e9rarchie, Liste et Calendrier. Vous pouvez acc\u00e9der \u00e0 Zenkit sur presque toutes les plateformes, y compris les applications web, Windows, Linux, MacOS, ainsi que les versions mobiles sur les appareils Android et iOS.<\/p>\n\n\n\n<p>Pour plus d\u2019informations, visitez le site<a href=\"https:\/\/zenkit.com\/fr\/projects\/\">&nbsp;https:\/\/zenkit.com\/<\/a>.<\/p>\n<\/div>\n\n\n\n<div style=\"height:48px;--tablet-height:36px;--mobile-height:24px\" class=\"wp-block-lookeen-blocks-responsive-spacer\"><\/div>\n\n\n\n<div class=\"wp-block-group has-global-padding is-layout-constrained wp-block-group-is-layout-constrained\">\n<h3 class=\"wp-block-heading display-h2\">Comment connecter Sign In Scheduling et Zenkit?<\/h3>\n\n\n\n<ol class=\"wp-block-list list__style__position-inside\">\n<li><a href=\"https:\/\/zapier.com\/sign-up\/\" target=\"_blank\" rel=\"noreferrer noopener\">S\u2019inscrire<\/a> pour obtenir un compte Zapier afin d\u2019acc\u00e9der \u00e0 Zapier.<\/li>\n\n\n\n<li><a href=\"https:\/\/10to8.com\/\" target=\"_blank\" rel=\"noreferrer noopener\">Cr\u00e9ez un compte<\/a> avec Sign In Scheduling.<\/li>\n\n\n\n<li>Connectez-vous \u00e0 Zapier et allez dans la section <a href=\"https:\/\/zapier.com\/apps\/zenkit\/integrations\/sign-in-scheduling\" target=\"_blank\" rel=\"noreferrer noopener\">Zenkit + Sign In Scheduling Zapbook<\/a> pour trouver des mod\u00e8les de Zap.<\/li>\n\n\n\n<li>Vous pouvez \u00e9galement choisir de cr\u00e9er votre propre int\u00e9gration Zenkit et Sign In Scheduling en les s\u00e9lectionnant lorsque vous cr\u00e9ez un zap.<\/li>\n<\/ol>\n<\/div>\n\n\n\n<div style=\"height:48px;--tablet-height:36px;--mobile-height:24px\" class=\"wp-block-lookeen-blocks-responsive-spacer\"><\/div>\n\n\n\n<div class=\"wp-block-group has-global-padding is-layout-constrained wp-block-group-is-layout-constrained\">\n<h3 class=\"wp-block-heading display-h2\">Qui b\u00e9n\u00e9ficiera de l\u2019int\u00e9gration de Sign In Scheduling et de Zenkit ?<\/h3>\n\n\n\n<ul class=\"wp-block-list is-style-da-left-indent\">\n<li>Les personnes qui souhaitent \u00eatre inform\u00e9es dans leur outil de gestion de projet lorsqu\u2019un rendez-vous est programm\u00e9 via Sign In Scheduling.<\/li>\n\n\n\n<li>Les chefs d\u2019entreprise qui cherchent \u00e0 am\u00e9liorer la productivit\u00e9 de leur \u00e9quipe gr\u00e2ce \u00e0 l\u2019automatisation.<\/li>\n<\/ul>\n<\/div>\n\n\n\n<div style=\"height:48px;--tablet-height:36px;--mobile-height:24px\" class=\"wp-block-lookeen-blocks-responsive-spacer\"><\/div>\n\n\n\n<div class=\"wp-block-group has-global-padding is-layout-constrained wp-block-group-is-layout-constrained\">\n<h3 class=\"wp-block-heading display-h2\">D\u00e9tails suppl\u00e9mentaires sur l\u2019int\u00e9gration<\/h3>\n\n\n\n<p>Support\u00e9 par Zapier : Veuillez nous contacter <a href=\"https:\/\/zapier.com\/help\/contact-us\/\" target=\"_blank\" rel=\"noreferrer noopener\">Zapier support<\/a> si vous rencontrez des probl\u00e8mes. Pour plus d\u2019informations sur l\u2019utilisation de Zenkit avec Zapier, veuillez consulter notre <a href=\"https:\/\/help.zenkit.com\/en\/support\/solutions\/articles\/43000590360-integrating-other-apps-into-zenkit-using-zapier\" target=\"_blank\" rel=\"noreferrer noopener\">documentation<\/a>.<\/p>\n<\/div>\n<\/div>\n<\/div>\n<\/div>\n\n\n\n<div style=\"height:110px;--tablet-height:60px;--mobile-height:48px\" class=\"wp-block-lookeen-blocks-responsive-spacer\"><\/div>\n","protected":false},"excerpt":{"rendered":"<p>Int\u00e9grations d&rsquo;ordonnancement Sign In Scheduling (anciennement 10to8) et Zenkit Connectez vos comptes Zenkit et Sign In Scheduling (anciennement 10to8) Si vous utilisez Sign In Scheduling pour la prise de rendez-vous en ligne, une fois le rendez-vous pris, que se passe-t-il ensuite ?Peut-\u00eatre avez-vous besoin d\u2019envoyer des e-mails, de pr\u00e9parer une pr\u00e9sentation ou de r\u00e9aliser d\u2019autres [&hellip;]<\/p>\n","protected":false},"author":9,"featured_media":0,"parent":122713,"menu_order":33,"comment_status":"closed","ping_status":"closed","template":"","meta":{"yasr_overall_rating":0,"yasr_post_is_review":"","yasr_auto_insert_disabled":"","yasr_review_type":"","footnotes":""},"class_list":["post-147214","page","type-page","status-publish","hentry"],"yoast_head":"<!-- This site is optimized with the Yoast SEO plugin v27.3 - https:\/\/yoast.com\/product\/yoast-seo-wordpress\/ -->\n<title>Sign In Scheduling | Zenkit<\/title>\n<meta name=\"robots\" content=\"index, follow, max-snippet:-1, max-image-preview:large, max-video-preview:-1\" \/>\n<link rel=\"canonical\" href=\"https:\/\/zenkit.com\/fr\/integrations\/sign-in-scheduling-2\/\" \/>\n<meta property=\"og:locale\" content=\"fr_FR\" \/>\n<meta property=\"og:type\" content=\"article\" \/>\n<meta property=\"og:title\" content=\"Sign In Scheduling | Zenkit\" \/>\n<meta property=\"og:description\" content=\"Int\u00e9grations d&rsquo;ordonnancement Sign In Scheduling (anciennement 10to8) et Zenkit Connectez vos comptes Zenkit et Sign In Scheduling (anciennement 10to8) Si vous utilisez Sign In Scheduling pour la prise de rendez-vous en ligne, une fois le rendez-vous pris, que se passe-t-il ensuite ?Peut-\u00eatre avez-vous besoin d\u2019envoyer des e-mails, de pr\u00e9parer une pr\u00e9sentation ou de r\u00e9aliser d\u2019autres [&hellip;]\" \/>\n<meta property=\"og:url\" content=\"https:\/\/zenkit.com\/fr\/integrations\/sign-in-scheduling-2\/\" \/>\n<meta property=\"og:site_name\" content=\"Zenkit\" \/>\n<meta property=\"article:publisher\" content=\"https:\/\/www.facebook.com\/ZenkitHQ\" \/>\n<meta property=\"article:modified_time\" content=\"2025-11-04T05:53:18+00:00\" \/>\n<meta property=\"og:image\" content=\"https:\/\/zenkit.com\/wp-content\/uploads\/2025\/07\/10to8.webp\" \/>\n<meta name=\"twitter:card\" content=\"summary_large_image\" \/>\n<meta name=\"twitter:site\" content=\"@ZenkitHQ\" \/>\n<meta name=\"twitter:label1\" content=\"Dur\u00e9e de lecture estim\u00e9e\" \/>\n\t<meta name=\"twitter:data1\" content=\"22 minutes\" \/>\n<script type=\"application\/ld+json\" class=\"yoast-schema-graph\">{\"@context\":\"https:\\\/\\\/schema.org\",\"@graph\":[{\"@type\":\"WebPage\",\"@id\":\"https:\\\/\\\/zenkit.com\\\/fr\\\/integrations\\\/sign-in-scheduling-2\\\/\",\"url\":\"https:\\\/\\\/zenkit.com\\\/fr\\\/integrations\\\/sign-in-scheduling-2\\\/\",\"name\":\"Sign In Scheduling | Zenkit\",\"isPartOf\":{\"@id\":\"https:\\\/\\\/zenkit.com\\\/fr\\\/#website\"},\"primaryImageOfPage\":{\"@id\":\"https:\\\/\\\/zenkit.com\\\/fr\\\/integrations\\\/sign-in-scheduling-2\\\/#primaryimage\"},\"image\":{\"@id\":\"https:\\\/\\\/zenkit.com\\\/fr\\\/integrations\\\/sign-in-scheduling-2\\\/#primaryimage\"},\"thumbnailUrl\":\"https:\\\/\\\/zenkit.com\\\/wp-content\\\/uploads\\\/2025\\\/07\\\/10to8.webp\",\"datePublished\":\"2025-09-12T16:58:22+00:00\",\"dateModified\":\"2025-11-04T05:53:18+00:00\",\"breadcrumb\":{\"@id\":\"https:\\\/\\\/zenkit.com\\\/fr\\\/integrations\\\/sign-in-scheduling-2\\\/#breadcrumb\"},\"inLanguage\":\"fr-FR\",\"potentialAction\":[{\"@type\":\"ReadAction\",\"target\":[\"https:\\\/\\\/zenkit.com\\\/fr\\\/integrations\\\/sign-in-scheduling-2\\\/\"]}]},{\"@type\":\"ImageObject\",\"inLanguage\":\"fr-FR\",\"@id\":\"https:\\\/\\\/zenkit.com\\\/fr\\\/integrations\\\/sign-in-scheduling-2\\\/#primaryimage\",\"url\":\"https:\\\/\\\/zenkit.com\\\/wp-content\\\/uploads\\\/2025\\\/07\\\/10to8.webp\",\"contentUrl\":\"https:\\\/\\\/zenkit.com\\\/wp-content\\\/uploads\\\/2025\\\/07\\\/10to8.webp\"},{\"@type\":\"BreadcrumbList\",\"@id\":\"https:\\\/\\\/zenkit.com\\\/fr\\\/integrations\\\/sign-in-scheduling-2\\\/#breadcrumb\",\"itemListElement\":[{\"@type\":\"ListItem\",\"position\":1,\"name\":\"Home\",\"item\":\"https:\\\/\\\/zenkit.com\\\/fr\\\/\"},{\"@type\":\"ListItem\",\"position\":2,\"name\":\"Integrations\",\"item\":\"https:\\\/\\\/zenkit.com\\\/fr\\\/integrations\\\/\"},{\"@type\":\"ListItem\",\"position\":3,\"name\":\"Sign In Scheduling\"}]},{\"@type\":\"WebSite\",\"@id\":\"https:\\\/\\\/zenkit.com\\\/fr\\\/#website\",\"url\":\"https:\\\/\\\/zenkit.com\\\/fr\\\/\",\"name\":\"Zenkit\",\"description\":\"Zenkit Tagline\",\"potentialAction\":[{\"@type\":\"SearchAction\",\"target\":{\"@type\":\"EntryPoint\",\"urlTemplate\":\"https:\\\/\\\/zenkit.com\\\/fr\\\/?s={search_term_string}\"},\"query-input\":{\"@type\":\"PropertyValueSpecification\",\"valueRequired\":true,\"valueName\":\"search_term_string\"}}],\"inLanguage\":\"fr-FR\"},false]}<\/script>\n<!-- \/ Yoast SEO plugin. -->","yoast_head_json":{"title":"Sign In Scheduling | Zenkit","robots":{"index":"index","follow":"follow","max-snippet":"max-snippet:-1","max-image-preview":"max-image-preview:large","max-video-preview":"max-video-preview:-1"},"canonical":"https:\/\/zenkit.com\/fr\/integrations\/sign-in-scheduling-2\/","og_locale":"fr_FR","og_type":"article","og_title":"Sign In Scheduling | Zenkit","og_description":"Int\u00e9grations d&rsquo;ordonnancement Sign In Scheduling (anciennement 10to8) et Zenkit Connectez vos comptes Zenkit et Sign In Scheduling (anciennement 10to8) Si vous utilisez Sign In Scheduling pour la prise de rendez-vous en ligne, une fois le rendez-vous pris, que se passe-t-il ensuite ?Peut-\u00eatre avez-vous besoin d\u2019envoyer des e-mails, de pr\u00e9parer une pr\u00e9sentation ou de r\u00e9aliser d\u2019autres [&hellip;]","og_url":"https:\/\/zenkit.com\/fr\/integrations\/sign-in-scheduling-2\/","og_site_name":"Zenkit","article_publisher":"https:\/\/www.facebook.com\/ZenkitHQ","article_modified_time":"2025-11-04T05:53:18+00:00","og_image":[{"url":"https:\/\/zenkit.com\/wp-content\/uploads\/2025\/07\/10to8.webp","type":"","width":"","height":""}],"twitter_card":"summary_large_image","twitter_site":"@ZenkitHQ","twitter_misc":{"Dur\u00e9e de lecture estim\u00e9e":"22 minutes"},"schema":{"@context":"https:\/\/schema.org","@graph":[{"@type":"WebPage","@id":"https:\/\/zenkit.com\/fr\/integrations\/sign-in-scheduling-2\/","url":"https:\/\/zenkit.com\/fr\/integrations\/sign-in-scheduling-2\/","name":"Sign In Scheduling | Zenkit","isPartOf":{"@id":"https:\/\/zenkit.com\/fr\/#website"},"primaryImageOfPage":{"@id":"https:\/\/zenkit.com\/fr\/integrations\/sign-in-scheduling-2\/#primaryimage"},"image":{"@id":"https:\/\/zenkit.com\/fr\/integrations\/sign-in-scheduling-2\/#primaryimage"},"thumbnailUrl":"https:\/\/zenkit.com\/wp-content\/uploads\/2025\/07\/10to8.webp","datePublished":"2025-09-12T16:58:22+00:00","dateModified":"2025-11-04T05:53:18+00:00","breadcrumb":{"@id":"https:\/\/zenkit.com\/fr\/integrations\/sign-in-scheduling-2\/#breadcrumb"},"inLanguage":"fr-FR","potentialAction":[{"@type":"ReadAction","target":["https:\/\/zenkit.com\/fr\/integrations\/sign-in-scheduling-2\/"]}]},{"@type":"ImageObject","inLanguage":"fr-FR","@id":"https:\/\/zenkit.com\/fr\/integrations\/sign-in-scheduling-2\/#primaryimage","url":"https:\/\/zenkit.com\/wp-content\/uploads\/2025\/07\/10to8.webp","contentUrl":"https:\/\/zenkit.com\/wp-content\/uploads\/2025\/07\/10to8.webp"},{"@type":"BreadcrumbList","@id":"https:\/\/zenkit.com\/fr\/integrations\/sign-in-scheduling-2\/#breadcrumb","itemListElement":[{"@type":"ListItem","position":1,"name":"Home","item":"https:\/\/zenkit.com\/fr\/"},{"@type":"ListItem","position":2,"name":"Integrations","item":"https:\/\/zenkit.com\/fr\/integrations\/"},{"@type":"ListItem","position":3,"name":"Sign In Scheduling"}]},{"@type":"WebSite","@id":"https:\/\/zenkit.com\/fr\/#website","url":"https:\/\/zenkit.com\/fr\/","name":"Zenkit","description":"Zenkit Tagline","potentialAction":[{"@type":"SearchAction","target":{"@type":"EntryPoint","urlTemplate":"https:\/\/zenkit.com\/fr\/?s={search_term_string}"},"query-input":{"@type":"PropertyValueSpecification","valueRequired":true,"valueName":"search_term_string"}}],"inLanguage":"fr-FR"},false]}},"yasr_visitor_votes":{"stars_attributes":{"read_only":false,"span_bottom":false},"number_of_votes":0,"sum_votes":0},"_links":{"self":[{"href":"https:\/\/zenkit.com\/fr\/wp-json\/wp\/v2\/pages\/147214","targetHints":{"allow":["GET"]}}],"collection":[{"href":"https:\/\/zenkit.com\/fr\/wp-json\/wp\/v2\/pages"}],"about":[{"href":"https:\/\/zenkit.com\/fr\/wp-json\/wp\/v2\/types\/page"}],"author":[{"embeddable":true,"href":"https:\/\/zenkit.com\/fr\/wp-json\/wp\/v2\/users\/9"}],"replies":[{"embeddable":true,"href":"https:\/\/zenkit.com\/fr\/wp-json\/wp\/v2\/comments?post=147214"}],"version-history":[{"count":1,"href":"https:\/\/zenkit.com\/fr\/wp-json\/wp\/v2\/pages\/147214\/revisions"}],"predecessor-version":[{"id":147215,"href":"https:\/\/zenkit.com\/fr\/wp-json\/wp\/v2\/pages\/147214\/revisions\/147215"}],"up":[{"embeddable":true,"href":"https:\/\/zenkit.com\/fr\/wp-json\/wp\/v2\/pages\/122713"}],"wp:attachment":[{"href":"https:\/\/zenkit.com\/fr\/wp-json\/wp\/v2\/media?parent=147214"}],"curies":[{"name":"wp","href":"https:\/\/api.w.org\/{rel}","templated":true}]}}