{"id":173831,"date":"2021-03-18T09:56:53","date_gmt":"2021-03-18T08:56:53","guid":{"rendered":"https:\/\/zenkit.com\/awo-giessen\/"},"modified":"2025-11-03T08:13:16","modified_gmt":"2025-11-03T07:13:16","slug":"awo-giessen","status":"publish","type":"page","link":"https:\/\/zenkit.com\/fr\/awo-giessen\/","title":{"rendered":"AWO Gie\u00dfen"},"content":{"rendered":"\n<div class=\"wp-block-group page__header has-global-padding is-layout-constrained wp-block-group-is-layout-constrained\">\n<div class=\"wp-block-group width--950 has-global-padding is-layout-constrained wp-block-group-is-layout-constrained\">\n<div style=\"height:45px;--tablet-height:45px;--mobile-height:16px\" class=\"wp-block-lookeen-blocks-responsive-spacer\"><\/div>\n\n\n\n<div class=\"wp-block-group has-global-padding is-layout-constrained wp-block-group-is-layout-constrained\">\n<h1 class=\"wp-block-heading has-text-align-center\" style=\"margin-bottom:8px\">Une r\u00e9ussite : l&rsquo;AWO \u00e0 Giessen !<\/h1>\n<\/div>\n\n\n\n<div class=\"wp-block-group has-global-padding is-layout-constrained wp-block-group-is-layout-constrained\">\n<p class=\"has-text-align-center subheading\"><strong>L&rsquo;AWO de Giessen r\u00e9duit le temps consacr\u00e9 \u00e0 ses projets gr\u00e2ce \u00e0 Zenkit.<\/strong><\/p>\n<\/div>\n\n\n\n<div style=\"height:48px;--tablet-height:36px;--mobile-height:24px\" class=\"wp-block-lookeen-blocks-responsive-spacer\"><\/div>\n\n\n\n<section class=\"wp-block-group da-banner-customer-story-pattern is-layout-flow wp-block-group-is-layout-flow\">\n<div class=\"wp-block-group container container--small is-layout-flow wp-block-group-is-layout-flow\">\n<div class=\"wp-block-group da-banner-customer-story-pattern__image-wrapper is-layout-flow wp-block-group-is-layout-flow\">\n<figure class=\"wp-block-image\" style=\"margin-top:0px;margin-bottom:0px\"><img decoding=\"async\" src=\"https:\/\/zenkit.com\/wp-content\/uploads\/2021\/03\/awo_team_innovationsmanagement-2-1.png\" alt=\"Erfolgsgeschichte: AWO in Gie\u00dfen\"\/><\/figure>\n\n\n\n<figure class=\"wp-block-image da-banner-customer-story-pattern__logo\"><img decoding=\"async\" src=\"https:\/\/zenkit.com\/wp-content\/uploads\/2021\/04\/awo-giessen.jpg\" alt=\"awo logo\"\/><\/figure>\n<\/div>\n<\/div>\n<\/section>\n\n\n\n<div style=\"height:88px;--tablet-height:72px;--mobile-height:40px\" class=\"wp-block-lookeen-blocks-responsive-spacer\"><\/div>\n\n\n\n<p class=\"has-text-align-center\"><strong>L&rsquo;AWO de Giessen est un membre local de l&rsquo;organisation \u00e0 but non lucratif Arbeiterwohlfart Bundesverband (AWO) enregistr\u00e9e en Allemagne. Elle propose des services sociaux et soutient les personnes \u00e2g\u00e9es et les enfants dans le besoin avec compassion et bienveillance.<\/strong><\/p>\n\n\n\n<p class=\"has-text-align-center\"><strong>Afin de garantir des processus de travail parfaits pour les \u00e9v\u00e9nements et projets actuels, l&rsquo;AWO de Giessen utilise notre solution de gestion de projet Zenkit Base depuis plus de deux ans au sein de ses \u00e9quipes. Aujourd&rsquo;hui, Roland Scheld, responsable du d\u00e9partement Seniors et Gestion de l&rsquo;innovation chez AWO Giessen, va nous expliquer comment Zenkit a aid\u00e9 son entreprise \u00e0 optimiser ses processus et \u00e0 soutenir son travail pour la soci\u00e9t\u00e9.<\/strong><\/p>\n<\/div>\n\n\n\n<div style=\"height:88px;--tablet-height:72px;--mobile-height:40px\" class=\"wp-block-lookeen-blocks-responsive-spacer\"><\/div>\n<\/div>\n\n\n\n<section class=\"wp-block-group da-columns-cards has-global-padding is-layout-constrained wp-block-group-is-layout-constrained\">\n<div class=\"wp-block-group container has-global-padding is-layout-constrained wp-block-group-is-layout-constrained\">\n<div class=\"wp-block-columns is-not-stacked-on-mobile is-layout-flex wp-container-core-columns-is-layout-28f84493 wp-block-columns-is-layout-flex\">\n<div class=\"wp-block-column is-layout-flow wp-block-column-is-layout-flow\">\n<figure class=\"wp-block-image aligncenter size-full\"><img decoding=\"async\" src=\"https:\/\/zenkit.com\/wp-content\/uploads\/2025\/03\/loca-1.svg\" alt=\"location pin\" class=\"wp-image-111491\"\/><\/figure>\n\n\n\n<p class=\"has-text-align-center is-style-default\">Gie\u00dfen,<br>Germany<\/p>\n<\/div>\n\n\n\n<div class=\"wp-block-column is-layout-flow wp-block-column-is-layout-flow\">\n<figure class=\"wp-block-image aligncenter size-full\"><img decoding=\"async\" src=\"https:\/\/zenkit.com\/wp-content\/uploads\/2025\/03\/loca-2.svg\" alt=\"people\" class=\"wp-image-111501\"\/><\/figure>\n\n\n\n<p class=\"has-text-align-center\">480<br>employ\u00e9s<\/p>\n<\/div>\n\n\n\n<div class=\"wp-block-column is-layout-flow wp-block-column-is-layout-flow\">\n<figure class=\"wp-block-image aligncenter size-full\"><img decoding=\"async\" src=\"https:\/\/zenkit.com\/wp-content\/uploads\/2025\/03\/loca-3.svg\" alt=\"website\" class=\"wp-image-111511\"\/><\/figure>\n\n\n\n<p class=\"has-text-align-center link_style-inherit\"><a href=\"http:\/\/www.awo-giessen.org\" target=\"_blank\" rel=\"noreferrer noopener\">www.awo-giessen.org<\/a><\/p>\n<\/div>\n\n\n\n<div class=\"wp-block-column is-layout-flow wp-block-column-is-layout-flow\">\n<figure class=\"wp-block-image aligncenter size-full\"><img decoding=\"async\" src=\"https:\/\/zenkit.com\/wp-content\/uploads\/2025\/03\/loca-4.svg\" alt=\"Time\" class=\"wp-image-111521\"\/><\/figure>\n\n\n\n<p class=\"has-text-align-center\">2 ans d&rsquo;utilisation de<\/p>\n\n\n\n<p class=\"has-text-align-center\">Zenkit Base<\/p>\n<\/div>\n\n\n\n<div class=\"wp-block-column is-layout-flow wp-block-column-is-layout-flow\">\n<figure class=\"wp-block-image aligncenter size-full\"><img decoding=\"async\" src=\"https:\/\/zenkit.com\/wp-content\/uploads\/2025\/03\/loca-5.svg\" alt=\"Project Management, documentation\n&amp; team communication\" class=\"wp-image-111531\"\/><\/figure>\n\n\n\n<p class=\"has-text-align-center\">Gestion de projet, gestion des t\u00e2ches et base de donn\u00e9es relationnelle<\/p>\n<\/div>\n<\/div>\n<\/div>\n<\/section>\n\n\n\n<div class=\"wp-block-group has-global-padding is-layout-constrained wp-block-group-is-layout-constrained\">\n<div style=\"height:88px;--tablet-height:72px;--mobile-height:40px\" class=\"wp-block-lookeen-blocks-responsive-spacer\"><\/div>\n\n\n\n<div class=\"wp-block-columns is-style-default is-layout-flex wp-container-core-columns-is-layout-2eb748b2 wp-block-columns-is-layout-flex\" style=\"margin-top:0px;margin-bottom:0px\">\n<div class=\"wp-block-column is-layout-flow wp-block-column-is-layout-flow\">\n<h2 class=\"wp-block-heading\" style=\"margin-top:0;margin-right:0;margin-bottom:0;margin-left:0\">\u201cG\u00e9rer de nombreux projets complexes est tr\u00e8s simple gr\u00e2ce aux multiples affichages de donn\u00e9es de Zenkit.\u201d<\/h2>\n\n\n\n<div style=\"height:24px;--tablet-height:24px;--mobile-height:24px\" class=\"wp-block-lookeen-blocks-responsive-spacer\"><\/div>\n\n\n\n<hr class=\"wp-block-separator has-alpha-channel-opacity is-style-colored-line\"\/>\n<\/div>\n\n\n\n<div class=\"wp-block-column is-layout-flow wp-block-column-is-layout-flow\">\n<p>L&rsquo;AWO de Giessen utilise principalement Zenkit pour relever le d\u00e9fi que repr\u00e9sente la gestion simultan\u00e9e de nombreux projets. Roland souligne que Zenkit, gr\u00e2ce \u00e0 ses vues de donn\u00e9es vari\u00e9es et utiles, les a aid\u00e9s \u00e0 mener \u00e0 bien leurs projets avec beaucoup plus de succ\u00e8s.<\/p>\n\n\n\n<p>Pour mener \u00e0 bien ses projets, l&rsquo;AWO de Giessen a cr\u00e9\u00e9 de nombreuses collections diff\u00e9rentes et utiles dans Zenkit. Celles-ci vont des plans de projet, d&rsquo;un r\u00e9pertoire des membres, d&rsquo;un calendrier complet des projets et de documents de projet, jusqu&rsquo;\u00e0 des archives compl\u00e8tes pour les documents. Au sein de chaque collection, ils sont en mesure d&rsquo;utiliser la vue appropri\u00e9e pour les donn\u00e9es contenues.<\/p>\n\n\n\n<p>Par exemple, comme la vue Wiki offre une structure claire pour les informations et les donn\u00e9es qu&rsquo;elle contient, permettant ainsi \u00e0 chaque membre de l&rsquo;\u00e9quipe d&rsquo;\u00eatre \u00e0 jour, ils utilisent cette vue pour leurs plans de projet, ainsi que dans les collections pour les th\u00e8mes du projet, car une compr\u00e9hension claire et approfondie est n\u00e9cessaire ici. La vue Wiki refl\u00e8te parfaitement cela. En revanche, la vue Liste est plus adapt\u00e9e \u00e0 leur r\u00e9pertoire de membres et aux donn\u00e9es et documents du projet. Les informations qu&rsquo;elle contient n&rsquo;ont pas besoin d&rsquo;\u00eatre structur\u00e9es, ce qui permet de rechercher et de filtrer facilement les donn\u00e9es. Sans oublier : pour les t\u00e2ches quotidiennes et la gestion de projet, ils utilisent bien s\u00fbr la vue Kanban, qui leur permet de visualiser facilement les donn\u00e9es et de suivre la progression des diff\u00e9rentes t\u00e2ches.<\/p>\n<\/div>\n<\/div>\n<\/div>\n\n\n\n<div style=\"height:88px;--tablet-height:72px;--mobile-height:40px\" class=\"wp-block-lookeen-blocks-responsive-spacer\"><\/div>\n\n\n\n<div class=\"wp-block-group has-global-padding is-layout-constrained wp-block-group-is-layout-constrained\">\n<div class=\"wp-block-columns is-style-da-column-order-reverse is-layout-flex wp-container-core-columns-is-layout-2eb748b2 wp-block-columns-is-layout-flex\" style=\"margin-top:0px;margin-bottom:0px\">\n<div class=\"wp-block-column is-layout-flow wp-block-column-is-layout-flow\">\n<p>Afin de g\u00e9rer et de diff\u00e9rencier la multitude de projets, bases de donn\u00e9es et wikis, l&rsquo;AWO de Giessen utilise plusieurs collections, qui sont s\u00e9par\u00e9es les unes des autres dans des espaces de travail th\u00e9matiques. La fonction de r\u00e9f\u00e9rence permet ensuite de relier entre elles des collections connexes.<\/p>\n\n\n\n<p>Par exemple, ils relient leur collection pour le plan du projet \u00e0 la collection pour les diff\u00e9rentes t\u00e2ches du projet, afin de pouvoir toujours suivre pr\u00e9cis\u00e9ment \u00e0 quelle partie du plan appartient une t\u00e2che sp\u00e9cifique. De cette mani\u00e8re, ils sont en mesure de surveiller tr\u00e8s pr\u00e9cis\u00e9ment l&rsquo;avancement de chaque projet sans surcharger leur plan avec des t\u00e2ches mineures et peu importantes.<\/p>\n\n\n\n<p>La fonction de r\u00e9f\u00e9rence dans Zenkit n&rsquo;est bien s\u00fbr qu&rsquo;un des nombreux outils utiles. L&rsquo;agr\u00e9gation d&rsquo;\u00e9l\u00e9ments r\u00e9f\u00e9renc\u00e9s dans plusieurs collections est \u00e9galement une fonction que l&rsquo;AWO a sp\u00e9cialement mentionn\u00e9e. Pour Roland, l&rsquo;interface utilisateur intuitive et conviviale est \u00e9galement utile, car elle leur permet de cr\u00e9er facilement les petites bases de donn\u00e9es dont ils ont besoin pour mettre en \u0153uvre leurs projets sans aucun probl\u00e8me.<\/p>\n<\/div>\n\n\n\n<div class=\"wp-block-column is-layout-flow wp-block-column-is-layout-flow\">\n<h2 class=\"wp-block-heading\" style=\"margin-top:0;margin-right:0;margin-bottom:0;margin-left:0\">\u201cLa fonction de r\u00e9f\u00e9rence est celle qui nous semble la plus int\u00e9ressante, car elle nous permet de relier tr\u00e8s facilement diff\u00e9rentes collections entre elles.\u201d<\/h2>\n\n\n\n<div style=\"height:24px;--tablet-height:24px;--mobile-height:24px\" class=\"wp-block-lookeen-blocks-responsive-spacer\"><\/div>\n\n\n\n<hr class=\"wp-block-separator has-alpha-channel-opacity is-style-colored-line\"\/>\n<\/div>\n<\/div>\n<\/div>\n\n\n\n<div class=\"wp-block-group has-global-padding is-layout-constrained wp-block-group-is-layout-constrained\">\n<div style=\"height:88px;--tablet-height:72px;--mobile-height:40px\" class=\"wp-block-lookeen-blocks-responsive-spacer\"><\/div>\n\n\n\n<div class=\"wp-block-group has-global-padding is-layout-constrained wp-container-core-group-is-layout-61f7a5d6 wp-block-group-is-layout-constrained\">\n<figure class=\"wp-block-image size-full\"><img loading=\"lazy\" decoding=\"async\" width=\"660\" height=\"444\" src=\"https:\/\/zenkit.com\/wp-content\/uploads\/2025\/03\/Albert-Osswald-Giesen-1.jpg\" alt=\"awo building\" class=\"wp-image-111561\" srcset=\"https:\/\/zenkit.com\/wp-content\/uploads\/2025\/03\/Albert-Osswald-Giesen-1.jpg 660w, https:\/\/zenkit.com\/wp-content\/uploads\/2025\/03\/Albert-Osswald-Giesen-1-300x202.jpg 300w\" sizes=\"auto, (max-width: 660px) 100vw, 660px\" \/><\/figure>\n<\/div>\n\n\n\n<div style=\"height:88px;--tablet-height:72px;--mobile-height:40px\" class=\"wp-block-lookeen-blocks-responsive-spacer\"><\/div>\n<\/div>\n\n\n\n<div class=\"wp-block-group has-global-padding is-layout-constrained wp-block-group-is-layout-constrained\">\n<div class=\"wp-block-columns is-style-default is-layout-flex wp-container-core-columns-is-layout-2eb748b2 wp-block-columns-is-layout-flex\" style=\"margin-top:0px;margin-bottom:0px\">\n<div class=\"wp-block-column is-layout-flow wp-block-column-is-layout-flow\">\n<h2 class=\"wp-block-heading\" style=\"margin-top:0;margin-right:0;margin-bottom:0;margin-left:0\">\u201cAvec Zenkit, nous pouvons rapidement obtenir une vue d&rsquo;ensemble claire en calculant automatiquement les donn\u00e9es num\u00e9riques.\u201d<\/h2>\n\n\n\n<div style=\"height:24px;--tablet-height:24px;--mobile-height:24px\" class=\"wp-block-lookeen-blocks-responsive-spacer\"><\/div>\n\n\n\n<hr class=\"wp-block-separator has-alpha-channel-opacity is-style-colored-line\"\/>\n<\/div>\n\n\n\n<div class=\"wp-block-column is-layout-flow wp-block-column-is-layout-flow\">\n<p>Les employ\u00e9s de l&rsquo;AWO \u00e0 Giessen enregistrent directement dans Zenkit le temps qu&rsquo;ils ont consacr\u00e9 \u00e0 certains projets. Gr\u00e2ce aux fonctions d&rsquo;agr\u00e9gation et de formule de Zenkit, le temps total consacr\u00e9 \u00e0 un projet, la r\u00e9partition des heures par employ\u00e9, les heures par t\u00e2che et bien d&rsquo;autres informations sont calcul\u00e9es automatiquement. Cela signifie que les responsables peuvent obtenir un aper\u00e7u rapide de ces chiffres sans avoir \u00e0 les calculer manuellement. De plus, aucun logiciel de reporting externe n&rsquo;est n\u00e9cessaire.<\/p>\n\n\n\n<p>Gr\u00e2ce \u00e0 la clart\u00e9 de ces fonctions, les chefs de projet de l&rsquo;AWO \u00e0 Giessen peuvent suivre leurs projets et planifier et r\u00e9affecter leurs ressources plus efficacement.<\/p>\n<\/div>\n<\/div>\n\n\n\n<div style=\"height:88px;--tablet-height:72px;--mobile-height:40px\" class=\"wp-block-lookeen-blocks-responsive-spacer\"><\/div>\n\n\n\n<div class=\"wp-block-columns is-style-da-column-order-reverse is-layout-flex wp-container-core-columns-is-layout-2eb748b2 wp-block-columns-is-layout-flex\" style=\"margin-top:0px;margin-bottom:0px\">\n<div class=\"wp-block-column is-layout-flow wp-block-column-is-layout-flow\">\n<p>Vers la fin, Roland a conclu que l&rsquo;utilisation de Zenkit permettait de r\u00e9duire \u00e0 la fois le temps pr\u00e9vu et le temps r\u00e9el pour l&rsquo;ensemble des projets. Il a attribu\u00e9 cette r\u00e9ussite \u00e0 Zenkit, car Zenkit apporte clart\u00e9 et simplicit\u00e9 \u00e0 chaque \u00e9tape de la gestion de projet. Cela comprend le suivi et l&rsquo;am\u00e9lioration des processus, ainsi que la r\u00e9duction du temps consacr\u00e9 \u00e0 la planification, \u00e0 l&rsquo;ex\u00e9cution, au suivi et \u00e0 la r\u00e9vision jusqu&rsquo;\u00e0 l&rsquo;ach\u00e8vement final des projets. Gr\u00e2ce \u00e0 ses fonctionnalit\u00e9s puissantes mais faciles \u00e0 utiliser, l&rsquo;AWO de Giessen a trouv\u00e9 en Zenkit l&rsquo;outil id\u00e9al pour am\u00e9liorer l&rsquo;efficacit\u00e9 du travail et \u00eatre productif !<\/p>\n<\/div>\n\n\n\n<div class=\"wp-block-column is-layout-flow wp-block-column-is-layout-flow\">\n<h2 class=\"wp-block-heading\" style=\"margin-top:0;margin-right:0;margin-bottom:0;margin-left:0\">\u201cAvec Zenkit, nous am\u00e9liorons la gestion du temps de notre \u00e9quipe.\u201d<\/h2>\n\n\n\n<div style=\"height:24px;--tablet-height:24px;--mobile-height:24px\" class=\"wp-block-lookeen-blocks-responsive-spacer\"><\/div>\n\n\n\n<hr class=\"wp-block-separator has-alpha-channel-opacity is-style-colored-line\"\/>\n<\/div>\n<\/div>\n<\/div>\n\n\n\n<div style=\"height:88px;--tablet-height:72px;--mobile-height:40px\" class=\"wp-block-lookeen-blocks-responsive-spacer\"><\/div>\n\n\n\n<p class=\"has-text-align-center\" style=\"margin-bottom:8px\"><strong>T\u00e9l\u00e9charger le PDF<\/strong><\/p>\n\n\n\n<div class=\"wp-block-group has-global-padding is-layout-constrained wp-block-group-is-layout-constrained\">\n<div class=\"wp-block-buttons is-content-justification-center is-layout-flex wp-container-core-buttons-is-layout-a89b3969 wp-block-buttons-is-layout-flex\">\n<div class=\"wp-block-button is-style-rainbow\"><a class=\"wp-block-button__link wp-element-button\" href=\"https:\/\/zenkit.com\/wp-content\/uploads\/2023\/09\/zenkit-customer-story-awo-giessen-de.pdf\" target=\"_blank\" rel=\"noreferrer noopener\"><span>T\u00e9l\u00e9charger le PDF<\/span><\/a><\/div>\n<\/div>\n<\/div>\n\n\n\n<div style=\"height:110px;--tablet-height:60px;--mobile-height:48px\" class=\"wp-block-lookeen-blocks-responsive-spacer\"><\/div>\n\n\n\n<div style=\"height:110px;--tablet-height:60px;--mobile-height:60px\" class=\"wp-block-lookeen-blocks-responsive-spacer\"><\/div>\n","protected":false},"excerpt":{"rendered":"<p>Une r\u00e9ussite : l&rsquo;AWO \u00e0 Giessen ! L&rsquo;AWO de Giessen r\u00e9duit le temps consacr\u00e9 \u00e0 ses projets gr\u00e2ce \u00e0 Zenkit. L&rsquo;AWO de Giessen est un membre local de l&rsquo;organisation \u00e0 but non lucratif Arbeiterwohlfart Bundesverband (AWO) enregistr\u00e9e en Allemagne. Elle propose des services sociaux et soutient les personnes \u00e2g\u00e9es et les enfants dans le besoin [&hellip;]<\/p>\n","protected":false},"author":28,"featured_media":0,"parent":0,"menu_order":0,"comment_status":"closed","ping_status":"closed","template":"","meta":{"yasr_overall_rating":0,"yasr_post_is_review":"","yasr_auto_insert_disabled":"","yasr_review_type":"","footnotes":""},"class_list":["post-173831","page","type-page","status-publish","hentry"],"yoast_head":"<!-- This site is optimized with the Yoast SEO plugin v27.3 - https:\/\/yoast.com\/product\/yoast-seo-wordpress\/ -->\n<title>AWO Gie\u00dfen | Zenkit<\/title>\n<meta name=\"robots\" content=\"index, follow, max-snippet:-1, max-image-preview:large, max-video-preview:-1\" \/>\n<link rel=\"canonical\" href=\"https:\/\/zenkit.com\/fr\/awo-giessen\/\" \/>\n<meta property=\"og:locale\" content=\"fr_FR\" \/>\n<meta property=\"og:type\" content=\"article\" \/>\n<meta property=\"og:title\" content=\"AWO Gie\u00dfen | Zenkit\" \/>\n<meta property=\"og:description\" content=\"Une r\u00e9ussite : l&rsquo;AWO \u00e0 Giessen ! L&rsquo;AWO de Giessen r\u00e9duit le temps consacr\u00e9 \u00e0 ses projets gr\u00e2ce \u00e0 Zenkit. L&rsquo;AWO de Giessen est un membre local de l&rsquo;organisation \u00e0 but non lucratif Arbeiterwohlfart Bundesverband (AWO) enregistr\u00e9e en Allemagne. Elle propose des services sociaux et soutient les personnes \u00e2g\u00e9es et les enfants dans le besoin [&hellip;]\" \/>\n<meta property=\"og:url\" content=\"https:\/\/zenkit.com\/fr\/awo-giessen\/\" \/>\n<meta property=\"og:site_name\" content=\"Zenkit\" \/>\n<meta property=\"article:publisher\" content=\"https:\/\/www.facebook.com\/ZenkitHQ\" \/>\n<meta property=\"article:modified_time\" content=\"2025-11-03T07:13:16+00:00\" \/>\n<meta property=\"og:image\" content=\"https:\/\/zenkit.com\/wp-content\/uploads\/2021\/04\/awo-social.png\" \/>\n<meta name=\"twitter:card\" content=\"summary_large_image\" \/>\n<meta name=\"twitter:image\" content=\"https:\/\/zenkit.com\/wp-content\/uploads\/2021\/04\/awo-social.png\" \/>\n<meta name=\"twitter:site\" content=\"@ZenkitHQ\" \/>\n<meta name=\"twitter:label1\" content=\"Dur\u00e9e de lecture estim\u00e9e\" \/>\n\t<meta name=\"twitter:data1\" content=\"38 minutes\" \/>\n<script type=\"application\/ld+json\" class=\"yoast-schema-graph\">{\"@context\":\"https:\\\/\\\/schema.org\",\"@graph\":[{\"@type\":\"WebPage\",\"@id\":\"https:\\\/\\\/zenkit.com\\\/fr\\\/awo-giessen\\\/\",\"url\":\"https:\\\/\\\/zenkit.com\\\/fr\\\/awo-giessen\\\/\",\"name\":\"AWO Gie\u00dfen | Zenkit\",\"isPartOf\":{\"@id\":\"https:\\\/\\\/zenkit.com\\\/fr\\\/#website\"},\"primaryImageOfPage\":{\"@id\":\"https:\\\/\\\/zenkit.com\\\/fr\\\/awo-giessen\\\/#primaryimage\"},\"image\":{\"@id\":\"https:\\\/\\\/zenkit.com\\\/fr\\\/awo-giessen\\\/#primaryimage\"},\"thumbnailUrl\":\"https:\\\/\\\/zenkit.com\\\/wp-content\\\/uploads\\\/2021\\\/03\\\/awo_team_innovationsmanagement-2-1.png\",\"datePublished\":\"2021-03-18T08:56:53+00:00\",\"dateModified\":\"2025-11-03T07:13:16+00:00\",\"breadcrumb\":{\"@id\":\"https:\\\/\\\/zenkit.com\\\/fr\\\/awo-giessen\\\/#breadcrumb\"},\"inLanguage\":\"fr-FR\",\"potentialAction\":[{\"@type\":\"ReadAction\",\"target\":[\"https:\\\/\\\/zenkit.com\\\/fr\\\/awo-giessen\\\/\"]}]},{\"@type\":\"ImageObject\",\"inLanguage\":\"fr-FR\",\"@id\":\"https:\\\/\\\/zenkit.com\\\/fr\\\/awo-giessen\\\/#primaryimage\",\"url\":\"https:\\\/\\\/zenkit.com\\\/wp-content\\\/uploads\\\/2021\\\/03\\\/awo_team_innovationsmanagement-2-1.png\",\"contentUrl\":\"https:\\\/\\\/zenkit.com\\\/wp-content\\\/uploads\\\/2021\\\/03\\\/awo_team_innovationsmanagement-2-1.png\"},{\"@type\":\"BreadcrumbList\",\"@id\":\"https:\\\/\\\/zenkit.com\\\/fr\\\/awo-giessen\\\/#breadcrumb\",\"itemListElement\":[{\"@type\":\"ListItem\",\"position\":1,\"name\":\"Home\",\"item\":\"https:\\\/\\\/zenkit.com\\\/fr\\\/\"},{\"@type\":\"ListItem\",\"position\":2,\"name\":\"AWO Gie\u00dfen\"}]},{\"@type\":\"WebSite\",\"@id\":\"https:\\\/\\\/zenkit.com\\\/fr\\\/#website\",\"url\":\"https:\\\/\\\/zenkit.com\\\/fr\\\/\",\"name\":\"Zenkit\",\"description\":\"Zenkit Tagline\",\"potentialAction\":[{\"@type\":\"SearchAction\",\"target\":{\"@type\":\"EntryPoint\",\"urlTemplate\":\"https:\\\/\\\/zenkit.com\\\/fr\\\/?s={search_term_string}\"},\"query-input\":{\"@type\":\"PropertyValueSpecification\",\"valueRequired\":true,\"valueName\":\"search_term_string\"}}],\"inLanguage\":\"fr-FR\"},false]}<\/script>\n<!-- \/ Yoast SEO plugin. -->","yoast_head_json":{"title":"AWO Gie\u00dfen | Zenkit","robots":{"index":"index","follow":"follow","max-snippet":"max-snippet:-1","max-image-preview":"max-image-preview:large","max-video-preview":"max-video-preview:-1"},"canonical":"https:\/\/zenkit.com\/fr\/awo-giessen\/","og_locale":"fr_FR","og_type":"article","og_title":"AWO Gie\u00dfen | Zenkit","og_description":"Une r\u00e9ussite : l&rsquo;AWO \u00e0 Giessen ! L&rsquo;AWO de Giessen r\u00e9duit le temps consacr\u00e9 \u00e0 ses projets gr\u00e2ce \u00e0 Zenkit. L&rsquo;AWO de Giessen est un membre local de l&rsquo;organisation \u00e0 but non lucratif Arbeiterwohlfart Bundesverband (AWO) enregistr\u00e9e en Allemagne. Elle propose des services sociaux et soutient les personnes \u00e2g\u00e9es et les enfants dans le besoin [&hellip;]","og_url":"https:\/\/zenkit.com\/fr\/awo-giessen\/","og_site_name":"Zenkit","article_publisher":"https:\/\/www.facebook.com\/ZenkitHQ","article_modified_time":"2025-11-03T07:13:16+00:00","og_image":[{"url":"https:\/\/zenkit.com\/wp-content\/uploads\/2021\/04\/awo-social.png","type":"","width":"","height":""}],"twitter_card":"summary_large_image","twitter_image":"https:\/\/zenkit.com\/wp-content\/uploads\/2021\/04\/awo-social.png","twitter_site":"@ZenkitHQ","twitter_misc":{"Dur\u00e9e de lecture estim\u00e9e":"38 minutes"},"schema":{"@context":"https:\/\/schema.org","@graph":[{"@type":"WebPage","@id":"https:\/\/zenkit.com\/fr\/awo-giessen\/","url":"https:\/\/zenkit.com\/fr\/awo-giessen\/","name":"AWO Gie\u00dfen | Zenkit","isPartOf":{"@id":"https:\/\/zenkit.com\/fr\/#website"},"primaryImageOfPage":{"@id":"https:\/\/zenkit.com\/fr\/awo-giessen\/#primaryimage"},"image":{"@id":"https:\/\/zenkit.com\/fr\/awo-giessen\/#primaryimage"},"thumbnailUrl":"https:\/\/zenkit.com\/wp-content\/uploads\/2021\/03\/awo_team_innovationsmanagement-2-1.png","datePublished":"2021-03-18T08:56:53+00:00","dateModified":"2025-11-03T07:13:16+00:00","breadcrumb":{"@id":"https:\/\/zenkit.com\/fr\/awo-giessen\/#breadcrumb"},"inLanguage":"fr-FR","potentialAction":[{"@type":"ReadAction","target":["https:\/\/zenkit.com\/fr\/awo-giessen\/"]}]},{"@type":"ImageObject","inLanguage":"fr-FR","@id":"https:\/\/zenkit.com\/fr\/awo-giessen\/#primaryimage","url":"https:\/\/zenkit.com\/wp-content\/uploads\/2021\/03\/awo_team_innovationsmanagement-2-1.png","contentUrl":"https:\/\/zenkit.com\/wp-content\/uploads\/2021\/03\/awo_team_innovationsmanagement-2-1.png"},{"@type":"BreadcrumbList","@id":"https:\/\/zenkit.com\/fr\/awo-giessen\/#breadcrumb","itemListElement":[{"@type":"ListItem","position":1,"name":"Home","item":"https:\/\/zenkit.com\/fr\/"},{"@type":"ListItem","position":2,"name":"AWO Gie\u00dfen"}]},{"@type":"WebSite","@id":"https:\/\/zenkit.com\/fr\/#website","url":"https:\/\/zenkit.com\/fr\/","name":"Zenkit","description":"Zenkit Tagline","potentialAction":[{"@type":"SearchAction","target":{"@type":"EntryPoint","urlTemplate":"https:\/\/zenkit.com\/fr\/?s={search_term_string}"},"query-input":{"@type":"PropertyValueSpecification","valueRequired":true,"valueName":"search_term_string"}}],"inLanguage":"fr-FR"},false]}},"yasr_visitor_votes":{"stars_attributes":{"read_only":false,"span_bottom":false},"number_of_votes":0,"sum_votes":0},"_links":{"self":[{"href":"https:\/\/zenkit.com\/fr\/wp-json\/wp\/v2\/pages\/173831","targetHints":{"allow":["GET"]}}],"collection":[{"href":"https:\/\/zenkit.com\/fr\/wp-json\/wp\/v2\/pages"}],"about":[{"href":"https:\/\/zenkit.com\/fr\/wp-json\/wp\/v2\/types\/page"}],"author":[{"embeddable":true,"href":"https:\/\/zenkit.com\/fr\/wp-json\/wp\/v2\/users\/28"}],"replies":[{"embeddable":true,"href":"https:\/\/zenkit.com\/fr\/wp-json\/wp\/v2\/comments?post=173831"}],"version-history":[{"count":1,"href":"https:\/\/zenkit.com\/fr\/wp-json\/wp\/v2\/pages\/173831\/revisions"}],"predecessor-version":[{"id":173833,"href":"https:\/\/zenkit.com\/fr\/wp-json\/wp\/v2\/pages\/173831\/revisions\/173833"}],"wp:attachment":[{"href":"https:\/\/zenkit.com\/fr\/wp-json\/wp\/v2\/media?parent=173831"}],"curies":[{"name":"wp","href":"https:\/\/api.w.org\/{rel}","templated":true}]}}