{"id":173878,"date":"2021-04-06T10:14:06","date_gmt":"2021-04-06T08:14:06","guid":{"rendered":"https:\/\/zenkit.com\/baeckerei-sipl\/"},"modified":"2025-11-03T08:13:16","modified_gmt":"2025-11-03T07:13:16","slug":"baeckerei-sipl","status":"publish","type":"page","link":"https:\/\/zenkit.com\/fr\/baeckerei-sipl\/","title":{"rendered":"B\u00e4ckerei Sipl"},"content":{"rendered":"\n<div class=\"wp-block-group page__header has-global-padding is-layout-constrained wp-block-group-is-layout-constrained\">\n<div class=\"wp-block-group width--950 has-global-padding is-layout-constrained wp-block-group-is-layout-constrained\">\n<div style=\"height:45px;--tablet-height:45px;--mobile-height:16px\" class=\"wp-block-lookeen-blocks-responsive-spacer\"><\/div>\n\n\n\n<div class=\"wp-block-group has-global-padding is-layout-constrained wp-block-group-is-layout-constrained\">\n<h1 class=\"wp-block-heading has-text-align-center\" style=\"margin-bottom:8px\">Histoire \u00e0 succ\u00e8s : la boulangerie Sipl<\/h1>\n<\/div>\n\n\n\n<div class=\"wp-block-group has-global-padding is-layout-constrained wp-block-group-is-layout-constrained\">\n<p class=\"has-text-align-center subheading\">La boulangerie Sipl organise ses processus op\u00e9rationnels cl\u00e9s de mani\u00e8re beaucoup plus efficace gr\u00e2ce \u00e0 Zenkit<\/p>\n<\/div>\n\n\n\n<div style=\"height:48px;--tablet-height:36px;--mobile-height:24px\" class=\"wp-block-lookeen-blocks-responsive-spacer\"><\/div>\n\n\n\n<section class=\"wp-block-group da-banner-customer-story-pattern is-layout-flow wp-block-group-is-layout-flow\">\n<div class=\"wp-block-group container container--small is-layout-flow wp-block-group-is-layout-flow\">\n<div class=\"wp-block-group da-banner-customer-story-pattern__image-wrapper is-layout-flow wp-block-group-is-layout-flow\">\n<figure class=\"wp-block-image size-large\"><img loading=\"lazy\" decoding=\"async\" width=\"1024\" height=\"695\" src=\"https:\/\/zenkit.com\/wp-content\/uploads\/2025\/05\/baeckerei-sipl-team-1024x695.webp\" alt=\"sipl team\" class=\"wp-image-113166\" srcset=\"https:\/\/zenkit.com\/wp-content\/uploads\/2025\/05\/baeckerei-sipl-team-1024x695.webp 1024w, https:\/\/zenkit.com\/wp-content\/uploads\/2025\/05\/baeckerei-sipl-team-300x204.webp 300w, https:\/\/zenkit.com\/wp-content\/uploads\/2025\/05\/baeckerei-sipl-team-768x521.webp 768w, https:\/\/zenkit.com\/wp-content\/uploads\/2025\/05\/baeckerei-sipl-team-1536x1042.webp 1536w, https:\/\/zenkit.com\/wp-content\/uploads\/2025\/05\/baeckerei-sipl-team.webp 1637w\" sizes=\"auto, (max-width: 1024px) 100vw, 1024px\" \/><\/figure>\n\n\n\n<figure class=\"wp-block-image size-full da-banner-customer-story-pattern__logo\"><img loading=\"lazy\" decoding=\"async\" width=\"580\" height=\"266\" src=\"https:\/\/zenkit.com\/wp-content\/uploads\/2025\/05\/sipl-logo.webp\" alt=\"sipl logo\" class=\"wp-image-113177\" srcset=\"https:\/\/zenkit.com\/wp-content\/uploads\/2025\/05\/sipl-logo.webp 580w, https:\/\/zenkit.com\/wp-content\/uploads\/2025\/05\/sipl-logo-300x138.webp 300w\" sizes=\"auto, (max-width: 580px) 100vw, 580px\" \/><\/figure>\n<\/div>\n<\/div>\n<\/section>\n\n\n\n<div style=\"height:88px;--tablet-height:72px;--mobile-height:40px\" class=\"wp-block-lookeen-blocks-responsive-spacer\"><\/div>\n\n\n\n<p class=\"has-text-align-center\"><strong>La boulangerie Sipl GmbH est une boulangerie familiale de taille moyenne bas\u00e9e en Bavi\u00e8re, fond\u00e9e en 1914. Sa philosophie consiste \u00e0 fabriquer chaque pain, petit pain, g\u00e2teau et p\u00e2tisserie avec amour, soin et de mani\u00e8re traditionnelle. Conform\u00e9ment \u00e0 cette philosophie, elle garantit \u00e9galement de ne vendre aucun produit surgel\u00e9 ou pr\u00e9cuit. La marque est appr\u00e9ci\u00e9e par de nombreuses personnes et l&rsquo;entreprise a ouvert jusqu&rsquo;\u00e0 pr\u00e9sent environ 50 boulangeries physiques.<\/strong><\/p>\n\n\n\n<p class=\"has-text-align-center\"><strong>Quels sont les secrets qui ont fait de la boulangerie Sipl une marque aussi prosp\u00e8re ? Franz Sipl, propri\u00e9taire de la boulangerie, est heureux de nous expliquer pourquoi Zenkit joue un r\u00f4le crucial dans l&rsquo;am\u00e9lioration de son activit\u00e9.<\/strong><\/p>\n<\/div>\n\n\n\n<div style=\"height:88px;--tablet-height:72px;--mobile-height:40px\" class=\"wp-block-lookeen-blocks-responsive-spacer\"><\/div>\n<\/div>\n\n\n\n<section class=\"wp-block-group da-columns-cards has-global-padding is-layout-constrained wp-block-group-is-layout-constrained\">\n<div class=\"wp-block-group container has-global-padding is-layout-constrained wp-block-group-is-layout-constrained\">\n<div class=\"wp-block-columns is-not-stacked-on-mobile is-layout-flex wp-container-core-columns-is-layout-28f84493 wp-block-columns-is-layout-flex\">\n<div class=\"wp-block-column is-layout-flow wp-block-column-is-layout-flow\">\n<figure class=\"wp-block-image aligncenter size-full\"><img decoding=\"async\" src=\"https:\/\/zenkit.com\/wp-content\/uploads\/2025\/03\/loca-1.svg\" alt=\"location pin\" class=\"wp-image-111491\"\/><\/figure>\n\n\n\n<p class=\"has-text-align-center is-style-default\">Bavaria,<br>Germany<\/p>\n<\/div>\n\n\n\n<div class=\"wp-block-column is-layout-flow wp-block-column-is-layout-flow\">\n<figure class=\"wp-block-image aligncenter size-full\"><img decoding=\"async\" src=\"https:\/\/zenkit.com\/wp-content\/uploads\/2025\/03\/loca-2.svg\" alt=\"people\" class=\"wp-image-111501\"\/><\/figure>\n\n\n\n<p class=\"has-text-align-center\">600<br>employ\u00e9s<\/p>\n<\/div>\n\n\n\n<div class=\"wp-block-column is-layout-flow wp-block-column-is-layout-flow\">\n<figure class=\"wp-block-image aligncenter size-full\"><img decoding=\"async\" src=\"https:\/\/zenkit.com\/wp-content\/uploads\/2025\/03\/loca-3.svg\" alt=\"website\" class=\"wp-image-111511\"\/><\/figure>\n\n\n\n<p class=\"has-text-align-center link_style-inherit\"><a href=\"https:\/\/www.sipl.de\/\" target=\"_blank\" rel=\"noreferrer noopener\">www.sipl.de<\/a><\/p>\n<\/div>\n\n\n\n<div class=\"wp-block-column is-layout-flow wp-block-column-is-layout-flow\">\n<figure class=\"wp-block-image aligncenter size-full\"><img decoding=\"async\" src=\"https:\/\/zenkit.com\/wp-content\/uploads\/2025\/05\/base-1.svg\" alt=\"zenkit Base and Zenchat\" class=\"wp-image-112995\"\/><\/figure>\n\n\n\n<p class=\"has-text-align-center\">1 an d&rsquo;utilisation de<br>Zenkit Base<\/p>\n<\/div>\n\n\n\n<div class=\"wp-block-column is-layout-flow wp-block-column-is-layout-flow\">\n<figure class=\"wp-block-image aligncenter size-full\"><img decoding=\"async\" src=\"https:\/\/zenkit.com\/wp-content\/uploads\/2025\/03\/loca-5.svg\" alt=\"Project Management, documentation\n&amp; team communication\" class=\"wp-image-111531\"\/><\/figure>\n\n\n\n<p class=\"has-text-align-center\">Gestion des t\u00e2ches, wiki d&rsquo;\u00e9quipe<br>et gestion des processus<\/p>\n<\/div>\n<\/div>\n<\/div>\n<\/section>\n\n\n\n<div class=\"wp-block-group has-global-padding is-layout-constrained wp-block-group-is-layout-constrained\">\n<div style=\"height:88px;--tablet-height:72px;--mobile-height:40px\" class=\"wp-block-lookeen-blocks-responsive-spacer\"><\/div>\n\n\n\n<div class=\"wp-block-columns is-style-default is-layout-flex wp-container-core-columns-is-layout-2eb748b2 wp-block-columns-is-layout-flex\" style=\"margin-top:0px;margin-bottom:0px\">\n<div class=\"wp-block-column is-layout-flow wp-block-column-is-layout-flow\">\n<h2 class=\"wp-block-heading\" style=\"margin-top:0;margin-right:0;margin-bottom:0;margin-left:0\">\u00ab Zenkit est LE lieu central o\u00f9 nous pouvons organiser nos processus importants. \u00bb<\/h2>\n\n\n\n<div style=\"height:24px;--tablet-height:24px;--mobile-height:24px\" class=\"wp-block-lookeen-blocks-responsive-spacer\"><\/div>\n\n\n\n<hr class=\"wp-block-separator has-alpha-channel-opacity is-style-colored-line\"\/>\n<\/div>\n\n\n\n<div class=\"wp-block-column is-layout-flow wp-block-column-is-layout-flow\">\n<p class=\"has-da-grey-2-color has-text-color has-link-color wp-elements-15d550db1528e4605c8621186d3f9d5a\">Diriger une entreprise qui emploie des centaines de personnes n&rsquo;est pas une t\u00e2che facile. Pour la boulangerie Sipl, le plus grand d\u00e9fi consiste \u00e0 garder un \u0153il sur chaque aspect, aussi minime soit-il, de la fabrication de produits et de services de haute qualit\u00e9. Franz a expliqu\u00e9 qu&rsquo;apr\u00e8s avoir introduit Zenkit dans son \u00e9quipe il y a un an, ils ont pu transf\u00e9rer la gestion de nombreuses t\u00e2ches \u00e0 Zenkit gr\u00e2ce \u00e0 ses nombreuses fonctionnalit\u00e9s.<\/p>\n\n\n\n<p class=\"has-da-grey-2-color has-text-color has-link-color wp-elements-e6111b098d63d73db1af96a11c91c63f\">Avec Zenkit, vous pouvez g\u00e9rer l&rsquo;assurance qualit\u00e9, la gestion des applications et des installations, la gestion de la relation client, la planification financi\u00e8re, les r\u00e9unions, le covoiturage, la gestion des t\u00e2ches, Wikip\u00e9dia pour les ventes et la production, le chat interne et de nombreux autres processus importants pour votre entreprise.<\/p>\n<\/div>\n<\/div>\n\n\n\n<div style=\"height:88px;--tablet-height:72px;--mobile-height:40px\" class=\"wp-block-lookeen-blocks-responsive-spacer\"><\/div>\n\n\n\n<div class=\"wp-block-columns is-style-da-column-order-reverse is-layout-flex wp-container-core-columns-is-layout-2eb748b2 wp-block-columns-is-layout-flex\" style=\"margin-top:0px;margin-bottom:0px\">\n<div class=\"wp-block-column is-layout-flow wp-block-column-is-layout-flow\">\n<p class=\"has-da-grey-2-color has-text-color has-link-color wp-elements-4257c456f579c7f94481ab3d2064bc74\">La boulangerie Sipl comptant d\u00e9sormais 50 succursales, une communication efficace est particuli\u00e8rement importante pour eux. Franz nous a donn\u00e9 un exemple pertinent qui montre comment leur si\u00e8ge social et leurs diff\u00e9rents magasins peuvent communiquer de mani\u00e8re fluide gr\u00e2ce \u00e0 Zenkit.<\/p>\n\n\n\n<p>Lorsqu&rsquo;il s&rsquo;agit de g\u00e9rer une boulangerie, il est important de s&rsquo;assurer que chaque machine et chaque \u00e9quipement fonctionne correctement. \u00c0 la boulangerie Sipl, ils ont cr\u00e9\u00e9 une collection Zenkit pr\u00e9cis\u00e9ment \u00e0 cette fin. Cela signifie que les magasins qui ont une demande de r\u00e9paration d&rsquo;\u00e9quipement peuvent simplement cr\u00e9er un nouvel article dans cette collection Zenkit. Au si\u00e8ge de la boulangerie, il est alors facile de v\u00e9rifier quel artisan est responsable et de lui attribuer les t\u00e2ches correspondantes. Une fois la r\u00e9paration termin\u00e9e, chaque artisan peut simplement cocher la case pour marquer la t\u00e2che comme termin\u00e9e.<\/p>\n\n\n\n<p class=\"has-da-grey-2-color has-text-color has-link-color wp-elements-a92e42bcbbe0a0bb2b6cb15ddbe46a06\">Comme le montre cet exemple, Zenkit permet au si\u00e8ge social, aux magasins et aux artisans d&rsquo;\u00eatre inform\u00e9s en permanence de ce qui se passe. Franz appr\u00e9cie \u00e9galement le fait que chaque membre puisse cr\u00e9er ses propres vues dans la collection afin de les adapter \u00e0 ses pr\u00e9f\u00e9rences personnelles sans perturber le flux de travail des autres.<\/p>\n<\/div>\n\n\n\n<div class=\"wp-block-column is-layout-flow wp-block-column-is-layout-flow\">\n<h2 class=\"wp-block-heading\" style=\"margin-top:0;margin-right:0;margin-bottom:0;margin-left:0\">\u00ab Zenkit facilite la communication entre notre si\u00e8ge social et nos diff\u00e9rents magasins. \u00bb<\/h2>\n\n\n\n<div style=\"height:24px;--tablet-height:24px;--mobile-height:24px\" class=\"wp-block-lookeen-blocks-responsive-spacer\"><\/div>\n\n\n\n<hr class=\"wp-block-separator has-alpha-channel-opacity is-style-colored-line\"\/>\n<\/div>\n<\/div>\n<\/div>\n\n\n\n<div class=\"wp-block-group has-global-padding is-layout-constrained wp-block-group-is-layout-constrained\">\n<div style=\"height:88px;--tablet-height:72px;--mobile-height:40px\" class=\"wp-block-lookeen-blocks-responsive-spacer\"><\/div>\n\n\n\n<div class=\"wp-block-group has-global-padding is-layout-constrained wp-container-core-group-is-layout-61f7a5d6 wp-block-group-is-layout-constrained\">\n<figure class=\"wp-block-image aligncenter size-full border-radius--20 overflow__hidden box__shadow\"><img loading=\"lazy\" decoding=\"async\" width=\"795\" height=\"495\" src=\"https:\/\/zenkit.com\/wp-content\/uploads\/2025\/05\/sipl-impression.webp\" alt=\"B\u00e4ckerei Sipl GmbH \" class=\"wp-image-113188\" srcset=\"https:\/\/zenkit.com\/wp-content\/uploads\/2025\/05\/sipl-impression.webp 795w, https:\/\/zenkit.com\/wp-content\/uploads\/2025\/05\/sipl-impression-300x187.webp 300w, https:\/\/zenkit.com\/wp-content\/uploads\/2025\/05\/sipl-impression-768x478.webp 768w\" sizes=\"auto, (max-width: 795px) 100vw, 795px\" \/><\/figure>\n<\/div>\n\n\n\n<div style=\"height:88px;--tablet-height:72px;--mobile-height:40px\" class=\"wp-block-lookeen-blocks-responsive-spacer\"><\/div>\n<\/div>\n\n\n\n<div class=\"wp-block-group has-global-padding is-layout-constrained wp-block-group-is-layout-constrained\">\n<div class=\"wp-block-columns is-style-default is-layout-flex wp-container-core-columns-is-layout-2eb748b2 wp-block-columns-is-layout-flex\" style=\"margin-top:0px;margin-bottom:0px\">\n<div class=\"wp-block-column is-layout-flow wp-block-column-is-layout-flow\">\n<h2 class=\"wp-block-heading\" style=\"margin-top:0;margin-right:0;margin-bottom:0;margin-left:0\">\u00ab Nous r\u00e9duisons le temps n\u00e9cessaire \u00e0 la r\u00e9solution des probl\u00e8mes gr\u00e2ce \u00e0 Zenkit. \u00bb<\/h2>\n\n\n\n<div style=\"height:24px;--tablet-height:24px;--mobile-height:24px\" class=\"wp-block-lookeen-blocks-responsive-spacer\"><\/div>\n\n\n\n<hr class=\"wp-block-separator has-alpha-channel-opacity is-style-colored-line\"\/>\n<\/div>\n\n\n\n<div class=\"wp-block-column is-layout-flow wp-block-column-is-layout-flow\">\n<p class=\"has-da-grey-2-color has-text-color has-link-color wp-elements-21bafbd0570e489ff1897a793353398e\">Il serait na\u00eff de croire qu&rsquo;une organisation ne rencontrera jamais de probl\u00e8mes apr\u00e8s avoir mis en place Zenkit. Dans un monde en constante \u00e9volution, toute entreprise est confront\u00e9e \u00e0 des probl\u00e8mes nouveaux et vari\u00e9s, aussi bien pr\u00e9par\u00e9e soit-elle.<\/p>\n\n\n\n<p class=\"has-da-grey-2-color has-text-color has-link-color wp-elements-e56c0770af7c666c7a40af0d1c190391\">Franz voit toutefois la r\u00e9solution des probl\u00e8mes d&rsquo;un \u0153il positif. Pour lui, les solutions apparaissent d\u00e8s lors que l&rsquo;on commence \u00e0 s&rsquo;y int\u00e9resser. Il souligne que Zenkit permet la num\u00e9risation de leurs processus et permet de gagner du temps gr\u00e2ce \u00e0 des fonctionnalit\u00e9s telles que \u00ab E-mail vers collection \u00bb et \u00ab Connexion \u00e0 Zenchat \u00bb (un autre produit de la suite Zenkit) lorsqu&rsquo;il faut passer d&rsquo;un outil \u00e0 l&rsquo;autre pour r\u00e9soudre les probl\u00e8mes qui se posent. En r\u00e9sum\u00e9, Zenkit est une solution num\u00e9rique bien con\u00e7ue qui les aide \u00e0 mener leurs activit\u00e9s plus efficacement !<\/p>\n<\/div>\n<\/div>\n\n\n\n<div style=\"height:88px;--tablet-height:72px;--mobile-height:40px\" class=\"wp-block-lookeen-blocks-responsive-spacer\"><\/div>\n\n\n\n<div class=\"wp-block-columns is-style-da-column-order-reverse is-layout-flex wp-container-core-columns-is-layout-2eb748b2 wp-block-columns-is-layout-flex\" style=\"margin-top:0px;margin-bottom:0px\">\n<div class=\"wp-block-column is-layout-flow wp-block-column-is-layout-flow\">\n<p class=\"has-da-grey-2-color has-text-color has-link-color wp-elements-e6fc285c4b538dfa0ce6f8c91ec166c0\">Franz a soulign\u00e9 \u00e0 quel point Zenkit a facilit\u00e9 la collaboration au sein de l&rsquo;\u00e9quipe en apportant de la transparence \u00e0 son organisation. Franz et son \u00e9quipe g\u00e8rent quotidiennement de grandes quantit\u00e9s de donn\u00e9es, ce qui les am\u00e8ne naturellement \u00e0 se demander si des informations importantes ne sont pas noy\u00e9es dans un flot de donn\u00e9es et perdues. Bien s\u00fbr, la perte de donn\u00e9es de cette mani\u00e8re n&rsquo;est pas souhaitable, car cela nuirait au succ\u00e8s de la communication et de la collaboration au sein de l&rsquo;\u00e9quipe.<\/p>\n\n\n\n<p>Selon Franz, Zenkit permet toutefois de regrouper des donn\u00e9es volumineuses et des d\u00e9tails de processus sur un seul appareil. Il ajoute que les membres de l&rsquo;\u00e9quipe sont toujours bien inform\u00e9s, car les donn\u00e9es sont pr\u00e9sent\u00e9es de mani\u00e8re claire et pertinente avec Zenkit.<\/p>\n\n\n\n<p class=\"has-da-grey-2-color has-text-color has-link-color wp-elements-36e5f926c1857b8e0cd650af57deab2a\">Enfin, Franz a mentionn\u00e9 un point important qui tient \u00e0 c\u0153ur \u00e0 toutes les entreprises : les co\u00fbts. L&rsquo;utilisation de Zenkit dans une entreprise est une d\u00e9cision rentable. Comme Franz l&rsquo;a conclu, Zenkit peut \u00e0 lui seul remplacer de nombreux syst\u00e8mes utilis\u00e9s dans d&rsquo;autres entreprises. Si une entreprise choisit Zenkit, elle n&rsquo;aura pas besoin d&rsquo;investir dans de nombreux autres outils !<\/p>\n<\/div>\n\n\n\n<div class=\"wp-block-column is-layout-flow wp-block-column-is-layout-flow\">\n<h2 class=\"wp-block-heading\" style=\"margin-top:0;margin-right:0;margin-bottom:0;margin-left:0\">\u00ab La transparence de Zenkit facilite la collaboration au sein de notre \u00e9quipe. \u00bb<\/h2>\n\n\n\n<div style=\"height:24px;--tablet-height:24px;--mobile-height:24px\" class=\"wp-block-lookeen-blocks-responsive-spacer\"><\/div>\n\n\n\n<hr class=\"wp-block-separator has-alpha-channel-opacity is-style-colored-line\"\/>\n<\/div>\n<\/div>\n<\/div>\n\n\n\n<div style=\"height:88px;--tablet-height:72px;--mobile-height:40px\" class=\"wp-block-lookeen-blocks-responsive-spacer\"><\/div>\n\n\n\n<div class=\"wp-block-group has-global-padding is-layout-constrained wp-block-group-is-layout-constrained\">\n<div class=\"wp-block-buttons is-content-justification-center is-layout-flex wp-container-core-buttons-is-layout-f78c5dac wp-block-buttons-is-layout-flex\" style=\"margin-top:0px;margin-bottom:0px\">\n<div class=\"wp-block-button is-style-rainbow\"><a class=\"wp-block-button__link wp-element-button\" href=\"https:\/\/zenkit.com\/wp-content\/uploads\/2023\/09\/zenkit-customer-story-baeckerei-sipl-de.pdf\" target=\"_blank\" rel=\"noreferrer noopener\"><span>T\u00e9l\u00e9charger le PDF<\/span><\/a><\/div>\n<\/div>\n<\/div>\n\n\n\n<div style=\"height:110px;--tablet-height:60px;--mobile-height:48px\" class=\"wp-block-lookeen-blocks-responsive-spacer\"><\/div>\n","protected":false},"excerpt":{"rendered":"<p>Histoire \u00e0 succ\u00e8s : la boulangerie Sipl La boulangerie Sipl organise ses processus op\u00e9rationnels cl\u00e9s de mani\u00e8re beaucoup plus efficace gr\u00e2ce \u00e0 Zenkit La boulangerie Sipl GmbH est une boulangerie familiale de taille moyenne bas\u00e9e en Bavi\u00e8re, fond\u00e9e en 1914. Sa philosophie consiste \u00e0 fabriquer chaque pain, petit pain, g\u00e2teau et p\u00e2tisserie avec amour, soin [&hellip;]<\/p>\n","protected":false},"author":28,"featured_media":0,"parent":0,"menu_order":0,"comment_status":"closed","ping_status":"closed","template":"","meta":{"yasr_overall_rating":0,"yasr_post_is_review":"","yasr_auto_insert_disabled":"","yasr_review_type":"","footnotes":""},"class_list":["post-173878","page","type-page","status-publish","hentry"],"yoast_head":"<!-- This site is optimized with the Yoast SEO plugin v27.4 - https:\/\/yoast.com\/product\/yoast-seo-wordpress\/ -->\n<title>B\u00e4ckerei Sipl | Zenkit<\/title>\n<meta name=\"robots\" content=\"index, follow, max-snippet:-1, max-image-preview:large, max-video-preview:-1\" \/>\n<link rel=\"canonical\" href=\"https:\/\/zenkit.com\/fr\/baeckerei-sipl\/\" \/>\n<meta property=\"og:locale\" content=\"fr_FR\" \/>\n<meta property=\"og:type\" content=\"article\" \/>\n<meta property=\"og:title\" content=\"B\u00e4ckerei Sipl | Zenkit\" \/>\n<meta property=\"og:description\" content=\"Histoire \u00e0 succ\u00e8s : la boulangerie Sipl La boulangerie Sipl organise ses processus op\u00e9rationnels cl\u00e9s de mani\u00e8re beaucoup plus efficace gr\u00e2ce \u00e0 Zenkit La boulangerie Sipl GmbH est une boulangerie familiale de taille moyenne bas\u00e9e en Bavi\u00e8re, fond\u00e9e en 1914. Sa philosophie consiste \u00e0 fabriquer chaque pain, petit pain, g\u00e2teau et p\u00e2tisserie avec amour, soin [&hellip;]\" \/>\n<meta property=\"og:url\" content=\"https:\/\/zenkit.com\/fr\/baeckerei-sipl\/\" \/>\n<meta property=\"og:site_name\" content=\"Zenkit\" \/>\n<meta property=\"article:publisher\" content=\"https:\/\/www.facebook.com\/ZenkitHQ\" \/>\n<meta property=\"article:modified_time\" content=\"2025-11-03T07:13:16+00:00\" \/>\n<meta property=\"og:image\" content=\"https:\/\/zenkit.com\/wp-content\/uploads\/2021\/05\/Sipl-1.png\" \/>\n<meta name=\"twitter:card\" content=\"summary_large_image\" \/>\n<meta name=\"twitter:image\" content=\"https:\/\/zenkit.com\/wp-content\/uploads\/2021\/05\/Sipl-1.png\" \/>\n<meta name=\"twitter:site\" content=\"@ZenkitHQ\" \/>\n<meta name=\"twitter:label1\" content=\"Dur\u00e9e de lecture estim\u00e9e\" \/>\n\t<meta name=\"twitter:data1\" content=\"37 minutes\" \/>\n<script type=\"application\/ld+json\" class=\"yoast-schema-graph\">{\"@context\":\"https:\\\/\\\/schema.org\",\"@graph\":[{\"@type\":\"WebPage\",\"@id\":\"https:\\\/\\\/zenkit.com\\\/fr\\\/baeckerei-sipl\\\/\",\"url\":\"https:\\\/\\\/zenkit.com\\\/fr\\\/baeckerei-sipl\\\/\",\"name\":\"B\u00e4ckerei Sipl | Zenkit\",\"isPartOf\":{\"@id\":\"https:\\\/\\\/zenkit.com\\\/fr\\\/#website\"},\"primaryImageOfPage\":{\"@id\":\"https:\\\/\\\/zenkit.com\\\/fr\\\/baeckerei-sipl\\\/#primaryimage\"},\"image\":{\"@id\":\"https:\\\/\\\/zenkit.com\\\/fr\\\/baeckerei-sipl\\\/#primaryimage\"},\"thumbnailUrl\":\"https:\\\/\\\/zenkit.com\\\/wp-content\\\/uploads\\\/2025\\\/05\\\/baeckerei-sipl-team-1024x695.webp\",\"datePublished\":\"2021-04-06T08:14:06+00:00\",\"dateModified\":\"2025-11-03T07:13:16+00:00\",\"breadcrumb\":{\"@id\":\"https:\\\/\\\/zenkit.com\\\/fr\\\/baeckerei-sipl\\\/#breadcrumb\"},\"inLanguage\":\"fr-FR\",\"potentialAction\":[{\"@type\":\"ReadAction\",\"target\":[\"https:\\\/\\\/zenkit.com\\\/fr\\\/baeckerei-sipl\\\/\"]}]},{\"@type\":\"ImageObject\",\"inLanguage\":\"fr-FR\",\"@id\":\"https:\\\/\\\/zenkit.com\\\/fr\\\/baeckerei-sipl\\\/#primaryimage\",\"url\":\"https:\\\/\\\/zenkit.com\\\/wp-content\\\/uploads\\\/2025\\\/05\\\/baeckerei-sipl-team-1024x695.webp\",\"contentUrl\":\"https:\\\/\\\/zenkit.com\\\/wp-content\\\/uploads\\\/2025\\\/05\\\/baeckerei-sipl-team-1024x695.webp\"},{\"@type\":\"BreadcrumbList\",\"@id\":\"https:\\\/\\\/zenkit.com\\\/fr\\\/baeckerei-sipl\\\/#breadcrumb\",\"itemListElement\":[{\"@type\":\"ListItem\",\"position\":1,\"name\":\"Home\",\"item\":\"https:\\\/\\\/zenkit.com\\\/fr\\\/\"},{\"@type\":\"ListItem\",\"position\":2,\"name\":\"B\u00e4ckerei Sipl\"}]},{\"@type\":\"WebSite\",\"@id\":\"https:\\\/\\\/zenkit.com\\\/fr\\\/#website\",\"url\":\"https:\\\/\\\/zenkit.com\\\/fr\\\/\",\"name\":\"Zenkit\",\"description\":\"Zenkit Tagline\",\"potentialAction\":[{\"@type\":\"SearchAction\",\"target\":{\"@type\":\"EntryPoint\",\"urlTemplate\":\"https:\\\/\\\/zenkit.com\\\/fr\\\/?s={search_term_string}\"},\"query-input\":{\"@type\":\"PropertyValueSpecification\",\"valueRequired\":true,\"valueName\":\"search_term_string\"}}],\"inLanguage\":\"fr-FR\"},false]}<\/script>\n<!-- \/ Yoast SEO plugin. -->","yoast_head_json":{"title":"B\u00e4ckerei Sipl | Zenkit","robots":{"index":"index","follow":"follow","max-snippet":"max-snippet:-1","max-image-preview":"max-image-preview:large","max-video-preview":"max-video-preview:-1"},"canonical":"https:\/\/zenkit.com\/fr\/baeckerei-sipl\/","og_locale":"fr_FR","og_type":"article","og_title":"B\u00e4ckerei Sipl | Zenkit","og_description":"Histoire \u00e0 succ\u00e8s : la boulangerie Sipl La boulangerie Sipl organise ses processus op\u00e9rationnels cl\u00e9s de mani\u00e8re beaucoup plus efficace gr\u00e2ce \u00e0 Zenkit La boulangerie Sipl GmbH est une boulangerie familiale de taille moyenne bas\u00e9e en Bavi\u00e8re, fond\u00e9e en 1914. Sa philosophie consiste \u00e0 fabriquer chaque pain, petit pain, g\u00e2teau et p\u00e2tisserie avec amour, soin [&hellip;]","og_url":"https:\/\/zenkit.com\/fr\/baeckerei-sipl\/","og_site_name":"Zenkit","article_publisher":"https:\/\/www.facebook.com\/ZenkitHQ","article_modified_time":"2025-11-03T07:13:16+00:00","og_image":[{"url":"https:\/\/zenkit.com\/wp-content\/uploads\/2021\/05\/Sipl-1.png","type":"","width":"","height":""}],"twitter_card":"summary_large_image","twitter_image":"https:\/\/zenkit.com\/wp-content\/uploads\/2021\/05\/Sipl-1.png","twitter_site":"@ZenkitHQ","twitter_misc":{"Dur\u00e9e de lecture estim\u00e9e":"37 minutes"},"schema":{"@context":"https:\/\/schema.org","@graph":[{"@type":"WebPage","@id":"https:\/\/zenkit.com\/fr\/baeckerei-sipl\/","url":"https:\/\/zenkit.com\/fr\/baeckerei-sipl\/","name":"B\u00e4ckerei Sipl | Zenkit","isPartOf":{"@id":"https:\/\/zenkit.com\/fr\/#website"},"primaryImageOfPage":{"@id":"https:\/\/zenkit.com\/fr\/baeckerei-sipl\/#primaryimage"},"image":{"@id":"https:\/\/zenkit.com\/fr\/baeckerei-sipl\/#primaryimage"},"thumbnailUrl":"https:\/\/zenkit.com\/wp-content\/uploads\/2025\/05\/baeckerei-sipl-team-1024x695.webp","datePublished":"2021-04-06T08:14:06+00:00","dateModified":"2025-11-03T07:13:16+00:00","breadcrumb":{"@id":"https:\/\/zenkit.com\/fr\/baeckerei-sipl\/#breadcrumb"},"inLanguage":"fr-FR","potentialAction":[{"@type":"ReadAction","target":["https:\/\/zenkit.com\/fr\/baeckerei-sipl\/"]}]},{"@type":"ImageObject","inLanguage":"fr-FR","@id":"https:\/\/zenkit.com\/fr\/baeckerei-sipl\/#primaryimage","url":"https:\/\/zenkit.com\/wp-content\/uploads\/2025\/05\/baeckerei-sipl-team-1024x695.webp","contentUrl":"https:\/\/zenkit.com\/wp-content\/uploads\/2025\/05\/baeckerei-sipl-team-1024x695.webp"},{"@type":"BreadcrumbList","@id":"https:\/\/zenkit.com\/fr\/baeckerei-sipl\/#breadcrumb","itemListElement":[{"@type":"ListItem","position":1,"name":"Home","item":"https:\/\/zenkit.com\/fr\/"},{"@type":"ListItem","position":2,"name":"B\u00e4ckerei Sipl"}]},{"@type":"WebSite","@id":"https:\/\/zenkit.com\/fr\/#website","url":"https:\/\/zenkit.com\/fr\/","name":"Zenkit","description":"Zenkit Tagline","potentialAction":[{"@type":"SearchAction","target":{"@type":"EntryPoint","urlTemplate":"https:\/\/zenkit.com\/fr\/?s={search_term_string}"},"query-input":{"@type":"PropertyValueSpecification","valueRequired":true,"valueName":"search_term_string"}}],"inLanguage":"fr-FR"},false]}},"yasr_visitor_votes":{"stars_attributes":{"read_only":false,"span_bottom":false},"number_of_votes":0,"sum_votes":0},"_links":{"self":[{"href":"https:\/\/zenkit.com\/fr\/wp-json\/wp\/v2\/pages\/173878","targetHints":{"allow":["GET"]}}],"collection":[{"href":"https:\/\/zenkit.com\/fr\/wp-json\/wp\/v2\/pages"}],"about":[{"href":"https:\/\/zenkit.com\/fr\/wp-json\/wp\/v2\/types\/page"}],"author":[{"embeddable":true,"href":"https:\/\/zenkit.com\/fr\/wp-json\/wp\/v2\/users\/28"}],"replies":[{"embeddable":true,"href":"https:\/\/zenkit.com\/fr\/wp-json\/wp\/v2\/comments?post=173878"}],"version-history":[{"count":1,"href":"https:\/\/zenkit.com\/fr\/wp-json\/wp\/v2\/pages\/173878\/revisions"}],"predecessor-version":[{"id":173880,"href":"https:\/\/zenkit.com\/fr\/wp-json\/wp\/v2\/pages\/173878\/revisions\/173880"}],"wp:attachment":[{"href":"https:\/\/zenkit.com\/fr\/wp-json\/wp\/v2\/media?parent=173878"}],"curies":[{"name":"wp","href":"https:\/\/api.w.org\/{rel}","templated":true}]}}