{"id":19711,"date":"2018-11-19T16:12:17","date_gmt":"2018-11-19T15:12:17","guid":{"rendered":"https:\/\/zenkit.com\/affiliate\/"},"modified":"2025-08-24T23:55:03","modified_gmt":"2025-08-24T21:55:03","slug":"affiliate","status":"publish","type":"page","link":"https:\/\/zenkit.com\/fr\/affiliate\/","title":{"rendered":"Affiliate"},"content":{"rendered":"\n<div class=\"wp-block-group has-global-padding is-layout-constrained wp-block-group-is-layout-constrained\">\n<div class=\"wp-block-group width--950 has-global-padding is-layout-constrained wp-block-group-is-layout-constrained\">\n<div style=\"height:45px;--tablet-height:45px;--mobile-height:16px\" class=\"wp-block-lookeen-blocks-responsive-spacer\"><\/div>\n\n\n\n<div class=\"wp-block-group has-global-padding is-layout-constrained wp-block-group-is-layout-constrained\">\n<h1 class=\"wp-block-heading has-text-align-center\" style=\"margin-bottom:8px\">Devenez une affili\u00e9e de Zenkit<\/h1>\n<\/div>\n\n\n\n<div style=\"height:48px;--tablet-height:36px;--mobile-height:24px\" class=\"wp-block-lookeen-blocks-responsive-spacer\"><\/div>\n\n\n\n<div class=\"wp-block-group has-global-padding is-layout-constrained wp-container-core-group-is-layout-bdbfdc43 wp-block-group-is-layout-constrained\">\n<p class=\"has-text-align-center\">Vous aimez Zenkit et vous voulez gagner de l\u2019argent?<\/p>\n\n\n\n<p class=\"has-text-align-center\">Notre programme d\u2019affiliation offre aux adeptes de Zenkit la possibilit\u00e9 de gagner de l\u2019argent tout en soutenant leur outil de gestion de projet pr\u00e9f\u00e9r\u00e9.<\/p>\n<\/div>\n<\/div>\n\n\n\n<div style=\"height:48px;--tablet-height:36px;--mobile-height:24px\" class=\"wp-block-lookeen-blocks-responsive-spacer\"><\/div>\n\n\n\n<div class=\"wp-block-group has-global-padding is-layout-constrained wp-block-group-is-layout-constrained\">\n<div class=\"wp-block-buttons is-content-justification-center is-layout-flex wp-container-core-buttons-is-layout-a89b3969 wp-block-buttons-is-layout-flex\">\n<div class=\"wp-block-button\"><a class=\"wp-block-button__link wp-element-button\" href=\"https:\/\/zenkit.com\/en\/contact-us-affiliate\">Devenir une affili\u00e9e<\/a><\/div>\n<\/div>\n<\/div>\n\n\n\n<div style=\"height:88px;--tablet-height:72px;--mobile-height:40px\" class=\"wp-block-lookeen-blocks-responsive-spacer\"><\/div>\n<\/div>\n\n\n\n<div class=\"wp-block-group has-global-padding is-layout-constrained wp-block-group-is-layout-constrained\">\n<h2 class=\"wp-block-heading has-text-align-center\">L\u2019offre<\/h2>\n\n\n\n<p class=\"has-text-align-center\">Gagnez une commission pour chaque abonnement payant auquel vous souscrivez.<\/p>\n\n\n\n<p class=\"has-text-align-center\">Comment fonctionne le programme:<\/p>\n\n\n\n<div style=\"height:48px;--tablet-height:36px;--mobile-height:24px\" class=\"wp-block-lookeen-blocks-responsive-spacer\"><\/div>\n\n\n\n<div class=\"wp-block-group affiliate__grid has-global-padding is-layout-constrained wp-block-group-is-layout-constrained\">\n<div class=\"wp-block-group affiliate__box has-global-padding is-layout-constrained wp-block-group-is-layout-constrained\" style=\"border-radius:20px\">\n<figure class=\"wp-block-image aligncenter size-full\"><img decoding=\"async\" src=\"https:\/\/zenkit.com\/wp-content\/uploads\/2025\/01\/Die-Teilnahme-ist-kostenlos.svg\" alt=\"\" class=\"wp-image-110195\"\/><\/figure>\n\n\n\n<div class=\"wp-block-group has-global-padding is-layout-constrained wp-block-group-is-layout-constrained\" style=\"margin-bottom:4px\">\n<h3 class=\"wp-block-heading has-text-align-center card__title\">L\u2019adh\u00e9sion est gratuite!<\/h3>\n<\/div>\n\n\n\n<p class=\"has-text-align-center has-da-grey-1-color has-text-color has-link-color wp-elements-9acbd9b28008696b8e6ddacb3b91321e\">L\u2019inscription \u00e0 notre programme d\u2019affiliation ne vous co\u00fbte absolument rien.<\/p>\n<\/div>\n\n\n\n<div class=\"wp-block-group affiliate__box has-global-padding is-layout-constrained wp-block-group-is-layout-constrained\" style=\"border-radius:20px\">\n<figure class=\"wp-block-image aligncenter size-full\"><img decoding=\"async\" src=\"https:\/\/zenkit.com\/wp-content\/uploads\/2025\/01\/Wir-stellen-Ihnen-Verkaufs-und-Marketingmaterialien-zur-Verfuegung.svg\" alt=\"\" class=\"wp-image-110211\"\/><\/figure>\n\n\n\n<div class=\"wp-block-group has-global-padding is-layout-constrained wp-block-group-is-layout-constrained\" style=\"margin-bottom:4px\">\n<h3 class=\"wp-block-heading has-text-align-center card__title\">Nous vous fournissons du mat\u00e9riel de vente et de marketing<\/h3>\n<\/div>\n\n\n\n<p class=\"has-text-align-center has-da-grey-1-color has-text-color has-link-color wp-elements-01c67bbed6f7639a5232083c06caa4e8\">Pour faciliter la promotion, nous vous fournirons le mat\u00e9riel dont vous avez besoin pour dynamiser votre site web, votre blog ou toute autre plateforme que vous choisirez d\u2019utiliser.<\/p>\n<\/div>\n\n\n\n<div class=\"wp-block-group affiliate__box has-global-padding is-layout-constrained wp-block-group-is-layout-constrained\" style=\"border-radius:20px\">\n<figure class=\"wp-block-image aligncenter size-full\"><img decoding=\"async\" src=\"https:\/\/zenkit.com\/wp-content\/uploads\/2025\/01\/Und-natuerlich-ein-herausragendes-Produkt-.svg\" alt=\"\" class=\"wp-image-110231\"\/><\/figure>\n\n\n\n<div class=\"wp-block-group has-global-padding is-layout-constrained wp-block-group-is-layout-constrained\" style=\"margin-bottom:4px\">\n<h3 class=\"wp-block-heading has-text-align-center card__title\">Et un produit exceptionnel (bien s\u00fbr)<\/h3>\n<\/div>\n\n\n\n<p class=\"has-text-align-center has-da-grey-1-color has-text-color has-link-color wp-elements-a2c72c7a35fd2d5c4c7416f69ece6a8b\">Offrez \u00e0 vos clients la solution \u00e0 leurs probl\u00e8mes d\u2019organisation. Qu\u2019il s\u2019agisse de suivre l\u2019\u00e9volution d\u2019un projet ou de calculer des chiffres, Zenkit est une plateforme adaptable qui changera la fa\u00e7on dont vos clients et vos lecteurs travaillent.<\/p>\n<\/div>\n\n\n\n<div class=\"wp-block-group affiliate__box has-global-padding is-layout-constrained wp-block-group-is-layout-constrained\" style=\"border-radius:20px\">\n<figure class=\"wp-block-image aligncenter size-full\"><img decoding=\"async\" src=\"https:\/\/zenkit.com\/wp-content\/uploads\/2025\/01\/Mit-Vertrauen-und-Transparenz.svg\" alt=\"\" class=\"wp-image-110241\"\/><\/figure>\n\n\n\n<div class=\"wp-block-group has-global-padding is-layout-constrained wp-block-group-is-layout-constrained\" style=\"margin-bottom:4px\">\n<h3 class=\"wp-block-heading has-text-align-center card__title\">Avec confiance et transparence<\/h3>\n<\/div>\n\n\n\n<p class=\"has-text-align-center has-da-grey-1-color has-text-color has-link-color wp-elements-741fb5bdb90eee0adb410b24915ce346\">Nous nous soucions de la s\u00e9curit\u00e9 de nos clients et partenaires, c\u2019est pourquoi notre approche en mati\u00e8re de confidentialit\u00e9, de s\u00e9curit\u00e9 et de protection des donn\u00e9es s\u2019aligne sur les objectifs de la l\u00e9gislation RGPD de l\u2019Union europ\u00e9enne. Vous pouvez assurer \u00e0 vos clients que Zenkit est enti\u00e8rement conforme \u00e0 cette l\u00e9gislation. Pour en savoir plus \u00e0 ce sujet, visitez notre\u00a0<a href=\"https:\/\/zenkit.com\/fr\/gdpr\/\">page RGPD<\/a>.<\/p>\n<\/div>\n<\/div>\n<\/div>\n\n\n\n<div class=\"wp-block-group has-global-padding is-layout-constrained wp-block-group-is-layout-constrained\">\n<div style=\"height:88px;--tablet-height:72px;--mobile-height:40px\" class=\"wp-block-lookeen-blocks-responsive-spacer\"><\/div>\n\n\n\n<div class=\"wp-block-group has-global-padding is-layout-constrained wp-container-core-group-is-layout-64ec6e8c wp-block-group-is-layout-constrained\">\n<p class=\"has-text-align-center has-da-grey-2-color has-text-color has-link-color wp-elements-7a4eacd9e71606bd7110a762d7dc8588\">Nous vous recommandons vivement de lire et de comprendre ce que l\u2019on attend de vous lorsque vous rejoignez notre programme. Les d\u00e9tails sont d\u00e9crits dans l\u2019accord que vous pouvez retrouver dans le lien ci-dessous.<\/p>\n\n\n\n<p class=\"has-text-align-center\"><a href=\"https:\/\/zenkit.com\/en\/affiliate-agreement\/\"><a href=\"https:\/\/zenkit.com\/en\/affiliate-agreement\/\">Accord d\u2019affiliation de Zenkit<\/a><\/a><\/p>\n<\/div>\n\n\n\n<div style=\"height:88px;--tablet-height:72px;--mobile-height:40px\" class=\"wp-block-lookeen-blocks-responsive-spacer\"><\/div>\n<\/div>\n\n\n\n<div class=\"wp-block-group has-da-blue-light-background-color has-background has-global-padding is-layout-constrained wp-block-group-is-layout-constrained\">\n<div style=\"height:80px;--tablet-height:36px;--mobile-height:26px\" class=\"wp-block-lookeen-blocks-responsive-spacer\"><\/div>\n\n\n\n<h2 class=\"wp-block-heading has-text-align-center\">Rejoignez nous aujourd\u2019hui!<\/h2>\n\n\n\n<div class=\"wp-block-group has-global-padding is-layout-constrained wp-container-core-group-is-layout-2687bd63 wp-block-group-is-layout-constrained\">\n<p class=\"has-text-align-center has-da-grey-2-color has-text-color has-link-color wp-elements-24d5d8d808c6f8b3ee96da84ed9563b9\">Si vous souhaitez vous lancer ou pour obtenir plus d\u2019informations sur notre programme, cliquez sur le bouton ci-dessous pour nous contacter.<\/p>\n<\/div>\n\n\n\n<div style=\"height:48px;--tablet-height:36px;--mobile-height:24px\" class=\"wp-block-lookeen-blocks-responsive-spacer\"><\/div>\n\n\n\n<div class=\"wp-block-group has-global-padding is-layout-constrained wp-block-group-is-layout-constrained\">\n<div class=\"wp-block-buttons is-content-justification-center is-layout-flex wp-container-core-buttons-is-layout-a89b3969 wp-block-buttons-is-layout-flex\">\n<div class=\"wp-block-button\"><a class=\"wp-block-button__link wp-element-button\" href=\"https:\/\/zenkit.com\/en\/contact-us-affiliate\">Commencer<\/a><\/div>\n<\/div>\n<\/div>\n\n\n\n<div style=\"height:80px;--tablet-height:36px;--mobile-height:26px\" class=\"wp-block-lookeen-blocks-responsive-spacer\"><\/div>\n<\/div>\n","protected":false},"excerpt":{"rendered":"<p>Devenez une affili\u00e9e de Zenkit Vous aimez Zenkit et vous voulez gagner de l\u2019argent? Notre programme d\u2019affiliation offre aux adeptes de Zenkit la possibilit\u00e9 de gagner de l\u2019argent tout en soutenant leur outil de gestion de projet pr\u00e9f\u00e9r\u00e9. L\u2019offre Gagnez une commission pour chaque abonnement payant auquel vous souscrivez. Comment fonctionne le programme: L\u2019adh\u00e9sion est [&hellip;]<\/p>\n","protected":false},"author":30,"featured_media":0,"parent":0,"menu_order":9,"comment_status":"closed","ping_status":"closed","template":"","meta":{"yasr_overall_rating":0,"yasr_post_is_review":"","yasr_auto_insert_disabled":"","yasr_review_type":"","footnotes":""},"class_list":["post-19711","page","type-page","status-publish","hentry"],"yoast_head":"<!-- This site is optimized with the Yoast SEO plugin v27.3 - https:\/\/yoast.com\/product\/yoast-seo-wordpress\/ -->\n<title>Affiliate | Zenkit<\/title>\n<meta name=\"description\" content=\"By joining Zenkit&#039;s affiliate partnership program, you can earn money while supporting your favorite project management tool.\" \/>\n<meta name=\"robots\" content=\"index, follow, max-snippet:-1, max-image-preview:large, max-video-preview:-1\" \/>\n<link rel=\"canonical\" href=\"https:\/\/zenkit.com\/fr\/affiliate\/\" \/>\n<meta property=\"og:locale\" content=\"fr_FR\" \/>\n<meta property=\"og:type\" content=\"article\" \/>\n<meta property=\"og:title\" content=\"Affiliate | Zenkit\" \/>\n<meta property=\"og:description\" content=\"By joining Zenkit&#039;s affiliate partnership program, you can earn money while supporting your favorite project management tool.\" \/>\n<meta property=\"og:url\" content=\"https:\/\/zenkit.com\/fr\/affiliate\/\" \/>\n<meta property=\"og:site_name\" content=\"Zenkit\" \/>\n<meta property=\"article:publisher\" content=\"https:\/\/www.facebook.com\/ZenkitHQ\" \/>\n<meta property=\"article:modified_time\" content=\"2025-08-24T21:55:03+00:00\" \/>\n<meta property=\"og:image\" content=\"https:\/\/zenkit.com\/wp-content\/uploads\/2025\/01\/Die-Teilnahme-ist-kostenlos.svg\" \/>\n<meta name=\"twitter:card\" content=\"summary_large_image\" \/>\n<meta name=\"twitter:site\" content=\"@ZenkitHQ\" \/>\n<meta name=\"twitter:label1\" content=\"Dur\u00e9e de lecture estim\u00e9e\" \/>\n\t<meta name=\"twitter:data1\" content=\"2 minutes\" \/>\n<script type=\"application\/ld+json\" class=\"yoast-schema-graph\">{\"@context\":\"https:\\\/\\\/schema.org\",\"@graph\":[{\"@type\":\"WebPage\",\"@id\":\"https:\\\/\\\/zenkit.com\\\/fr\\\/affiliate\\\/\",\"url\":\"https:\\\/\\\/zenkit.com\\\/fr\\\/affiliate\\\/\",\"name\":\"Affiliate | Zenkit\",\"isPartOf\":{\"@id\":\"https:\\\/\\\/zenkit.com\\\/fr\\\/#website\"},\"primaryImageOfPage\":{\"@id\":\"https:\\\/\\\/zenkit.com\\\/fr\\\/affiliate\\\/#primaryimage\"},\"image\":{\"@id\":\"https:\\\/\\\/zenkit.com\\\/fr\\\/affiliate\\\/#primaryimage\"},\"thumbnailUrl\":\"https:\\\/\\\/zenkit.com\\\/wp-content\\\/uploads\\\/2025\\\/01\\\/Die-Teilnahme-ist-kostenlos.svg\",\"datePublished\":\"2018-11-19T15:12:17+00:00\",\"dateModified\":\"2025-08-24T21:55:03+00:00\",\"description\":\"By joining Zenkit's affiliate partnership program, you can earn money while supporting your favorite project management tool.\",\"breadcrumb\":{\"@id\":\"https:\\\/\\\/zenkit.com\\\/fr\\\/affiliate\\\/#breadcrumb\"},\"inLanguage\":\"fr-FR\",\"potentialAction\":[{\"@type\":\"ReadAction\",\"target\":[\"https:\\\/\\\/zenkit.com\\\/fr\\\/affiliate\\\/\"]}]},{\"@type\":\"ImageObject\",\"inLanguage\":\"fr-FR\",\"@id\":\"https:\\\/\\\/zenkit.com\\\/fr\\\/affiliate\\\/#primaryimage\",\"url\":\"https:\\\/\\\/zenkit.com\\\/wp-content\\\/uploads\\\/2025\\\/01\\\/Die-Teilnahme-ist-kostenlos.svg\",\"contentUrl\":\"https:\\\/\\\/zenkit.com\\\/wp-content\\\/uploads\\\/2025\\\/01\\\/Die-Teilnahme-ist-kostenlos.svg\"},{\"@type\":\"BreadcrumbList\",\"@id\":\"https:\\\/\\\/zenkit.com\\\/fr\\\/affiliate\\\/#breadcrumb\",\"itemListElement\":[{\"@type\":\"ListItem\",\"position\":1,\"name\":\"Home\",\"item\":\"https:\\\/\\\/zenkit.com\\\/fr\\\/\"},{\"@type\":\"ListItem\",\"position\":2,\"name\":\"Affiliate\"}]},{\"@type\":\"WebSite\",\"@id\":\"https:\\\/\\\/zenkit.com\\\/fr\\\/#website\",\"url\":\"https:\\\/\\\/zenkit.com\\\/fr\\\/\",\"name\":\"Zenkit\",\"description\":\"Zenkit Tagline\",\"potentialAction\":[{\"@type\":\"SearchAction\",\"target\":{\"@type\":\"EntryPoint\",\"urlTemplate\":\"https:\\\/\\\/zenkit.com\\\/fr\\\/?s={search_term_string}\"},\"query-input\":{\"@type\":\"PropertyValueSpecification\",\"valueRequired\":true,\"valueName\":\"search_term_string\"}}],\"inLanguage\":\"fr-FR\"},false]}<\/script>\n<!-- \/ Yoast SEO plugin. -->","yoast_head_json":{"title":"Affiliate | Zenkit","description":"By joining Zenkit's affiliate partnership program, you can earn money while supporting your favorite project management tool.","robots":{"index":"index","follow":"follow","max-snippet":"max-snippet:-1","max-image-preview":"max-image-preview:large","max-video-preview":"max-video-preview:-1"},"canonical":"https:\/\/zenkit.com\/fr\/affiliate\/","og_locale":"fr_FR","og_type":"article","og_title":"Affiliate | Zenkit","og_description":"By joining Zenkit's affiliate partnership program, you can earn money while supporting your favorite project management tool.","og_url":"https:\/\/zenkit.com\/fr\/affiliate\/","og_site_name":"Zenkit","article_publisher":"https:\/\/www.facebook.com\/ZenkitHQ","article_modified_time":"2025-08-24T21:55:03+00:00","og_image":[{"url":"https:\/\/zenkit.com\/wp-content\/uploads\/2025\/01\/Die-Teilnahme-ist-kostenlos.svg","type":"","width":"","height":""}],"twitter_card":"summary_large_image","twitter_site":"@ZenkitHQ","twitter_misc":{"Dur\u00e9e de lecture estim\u00e9e":"2 minutes"},"schema":{"@context":"https:\/\/schema.org","@graph":[{"@type":"WebPage","@id":"https:\/\/zenkit.com\/fr\/affiliate\/","url":"https:\/\/zenkit.com\/fr\/affiliate\/","name":"Affiliate | Zenkit","isPartOf":{"@id":"https:\/\/zenkit.com\/fr\/#website"},"primaryImageOfPage":{"@id":"https:\/\/zenkit.com\/fr\/affiliate\/#primaryimage"},"image":{"@id":"https:\/\/zenkit.com\/fr\/affiliate\/#primaryimage"},"thumbnailUrl":"https:\/\/zenkit.com\/wp-content\/uploads\/2025\/01\/Die-Teilnahme-ist-kostenlos.svg","datePublished":"2018-11-19T15:12:17+00:00","dateModified":"2025-08-24T21:55:03+00:00","description":"By joining Zenkit's affiliate partnership program, you can earn money while supporting your favorite project management tool.","breadcrumb":{"@id":"https:\/\/zenkit.com\/fr\/affiliate\/#breadcrumb"},"inLanguage":"fr-FR","potentialAction":[{"@type":"ReadAction","target":["https:\/\/zenkit.com\/fr\/affiliate\/"]}]},{"@type":"ImageObject","inLanguage":"fr-FR","@id":"https:\/\/zenkit.com\/fr\/affiliate\/#primaryimage","url":"https:\/\/zenkit.com\/wp-content\/uploads\/2025\/01\/Die-Teilnahme-ist-kostenlos.svg","contentUrl":"https:\/\/zenkit.com\/wp-content\/uploads\/2025\/01\/Die-Teilnahme-ist-kostenlos.svg"},{"@type":"BreadcrumbList","@id":"https:\/\/zenkit.com\/fr\/affiliate\/#breadcrumb","itemListElement":[{"@type":"ListItem","position":1,"name":"Home","item":"https:\/\/zenkit.com\/fr\/"},{"@type":"ListItem","position":2,"name":"Affiliate"}]},{"@type":"WebSite","@id":"https:\/\/zenkit.com\/fr\/#website","url":"https:\/\/zenkit.com\/fr\/","name":"Zenkit","description":"Zenkit Tagline","potentialAction":[{"@type":"SearchAction","target":{"@type":"EntryPoint","urlTemplate":"https:\/\/zenkit.com\/fr\/?s={search_term_string}"},"query-input":{"@type":"PropertyValueSpecification","valueRequired":true,"valueName":"search_term_string"}}],"inLanguage":"fr-FR"},false]}},"yasr_visitor_votes":{"stars_attributes":{"read_only":false,"span_bottom":false},"number_of_votes":0,"sum_votes":0},"_links":{"self":[{"href":"https:\/\/zenkit.com\/fr\/wp-json\/wp\/v2\/pages\/19711","targetHints":{"allow":["GET"]}}],"collection":[{"href":"https:\/\/zenkit.com\/fr\/wp-json\/wp\/v2\/pages"}],"about":[{"href":"https:\/\/zenkit.com\/fr\/wp-json\/wp\/v2\/types\/page"}],"author":[{"embeddable":true,"href":"https:\/\/zenkit.com\/fr\/wp-json\/wp\/v2\/users\/30"}],"replies":[{"embeddable":true,"href":"https:\/\/zenkit.com\/fr\/wp-json\/wp\/v2\/comments?post=19711"}],"version-history":[{"count":4,"href":"https:\/\/zenkit.com\/fr\/wp-json\/wp\/v2\/pages\/19711\/revisions"}],"predecessor-version":[{"id":143628,"href":"https:\/\/zenkit.com\/fr\/wp-json\/wp\/v2\/pages\/19711\/revisions\/143628"}],"wp:attachment":[{"href":"https:\/\/zenkit.com\/fr\/wp-json\/wp\/v2\/media?parent=19711"}],"curies":[{"name":"wp","href":"https:\/\/api.w.org\/{rel}","templated":true}]}}