{"id":3496,"date":"2018-05-22T22:34:25","date_gmt":"2018-05-22T20:34:25","guid":{"rendered":"https:\/\/zenkit.com?page_id=3496"},"modified":"2025-12-16T14:48:09","modified_gmt":"2025-12-16T13:48:09","slug":"liste-de-tache","status":"publish","type":"page","link":"https:\/\/zenkit.com\/fr\/liste-de-tache\/","title":{"rendered":"Tableau de listes &lsquo;\u00e0 faire&rsquo;"},"content":{"rendered":"\n<div class=\"wp-block-group page__header has-global-padding is-layout-constrained wp-block-group-is-layout-constrained\">\n<div class=\"wp-block-group width--950 has-global-padding is-layout-constrained wp-block-group-is-layout-constrained\">\n<div style=\"height:45px;--tablet-height:45px;--mobile-height:16px\" class=\"wp-block-lookeen-blocks-responsive-spacer\"><\/div>\n\n\n\n<div class=\"wp-block-group has-global-padding is-layout-constrained wp-block-group-is-layout-constrained\">\n<h1 class=\"wp-block-heading has-text-align-center\" style=\"margin-bottom:8px\">Listes de t\u00e2ches Zenkit<\/h1>\n<\/div>\n\n\n\n<div class=\"wp-block-group has-global-padding is-layout-constrained wp-block-group-is-layout-constrained\">\n<p class=\"has-text-align-center subheading\">Toute collection de Zenkit peut \u00eatre install\u00e9e comme une collection de \u00abt\u00e2ches \u00e0 faire\u00bb. Cela vous permet de transformer les vues en listes de t\u00e2ches o\u00f9 vous pouvez cocher les t\u00e2ches compl\u00e9t\u00e9es. Les t\u00e2ches compl\u00e9t\u00e9es se mettront automatiquement en bas de la liste.<\/p>\n<\/div>\n\n\n\n<div style=\"height:48px;--tablet-height:36px;--mobile-height:24px\" class=\"wp-block-lookeen-blocks-responsive-spacer\"><\/div>\n\n\n\n<div class=\"wp-block-group has-global-padding is-layout-constrained wp-block-group-is-layout-constrained\" style=\"margin-bottom:8px\">\n<figure class=\"wp-block-image aligncenter size-full\"><img loading=\"lazy\" decoding=\"async\" width=\"500\" height=\"233\" src=\"https:\/\/zenkit.com\/wp-content\/uploads\/2025\/05\/Zenkit_to-do_list.gif\" alt=\"\" class=\"wp-image-115515\"\/><\/figure>\n<\/div>\n\n\n\n<div style=\"height:48px;--tablet-height:36px;--mobile-height:24px\" class=\"wp-block-lookeen-blocks-responsive-spacer\"><\/div>\n\n\n\n<p class=\"has-text-align-center\">Les \u00e9tapes que vous cr\u00e9ez n&rsquo;ont pas simplement besoin d\u2019\u00eatre d\u00e9finies comme \u00ab\u00e0 faire\u00bb et \u00abtermin\u00e9e\u00bb, vous pouvez \u00e9tiqueter les \u00e9tapes comme vous le voulez. Marquez l\u2019inventaire comme \u00abdisponible\u00bb ou \u00ab\u00e9puis\u00e9\u00bb, indiquez qu&rsquo;une application a \u00e9t\u00e9 \u00abaccept\u00e9\u00bb ou suivez l\u2019arriv\u00e9e des participants \u00e0 une r\u00e9union.<\/p>\n<\/div>\n\n\n\n<div style=\"height:88px;--tablet-height:72px;--mobile-height:40px\" class=\"wp-block-lookeen-blocks-responsive-spacer\"><\/div>\n<\/div>\n\n\n\n<div class=\"wp-block-group page__header has-global-padding is-layout-constrained wp-block-group-is-layout-constrained\">\n<div class=\"wp-block-group width--950 has-global-padding is-layout-constrained wp-block-group-is-layout-constrained\">\n<div class=\"wp-block-group has-global-padding is-layout-constrained wp-block-group-is-layout-constrained\">\n<h2 class=\"wp-block-heading has-text-align-center\" style=\"margin-bottom:8px\">Triste de voir Wunderlist partir?<\/h2>\n<\/div>\n\n\n\n<div class=\"wp-block-group has-global-padding is-layout-constrained wp-block-group-is-layout-constrained\">\n<p class=\"has-text-align-center subheading\">Mais avec Zenkit nous avons cr\u00e9\u00e9 un nouvel endroit pour vos Wunderlist. Connectez votre compte Wunderlist avec Zenkit pour importer vos listes en quelques secondes. Nous avons m\u00eame notre propre petit \u2018ping\u2019 qui vous donnera toujours la satisfaction d\u2019avoir accompli une t\u00e2che.<\/p>\n<\/div>\n\n\n\n<div style=\"height:48px;--tablet-height:36px;--mobile-height:24px\" class=\"wp-block-lookeen-blocks-responsive-spacer\"><\/div>\n\n\n\n<div class=\"wp-block-group has-global-padding is-layout-constrained wp-block-group-is-layout-constrained\" style=\"margin-bottom:8px\">\n<figure class=\"wp-block-image aligncenter size-full\"><img loading=\"lazy\" decoding=\"async\" width=\"471\" height=\"572\" src=\"https:\/\/zenkit.com\/wp-content\/uploads\/2025\/05\/wunderlist_zenkit_comparison_left-1.webp\" alt=\"\" class=\"wp-image-115525\" srcset=\"https:\/\/zenkit.com\/wp-content\/uploads\/2025\/05\/wunderlist_zenkit_comparison_left-1.webp 471w, https:\/\/zenkit.com\/wp-content\/uploads\/2025\/05\/wunderlist_zenkit_comparison_left-1-247x300.webp 247w\" sizes=\"auto, (max-width: 471px) 100vw, 471px\" \/><\/figure>\n<\/div>\n\n\n\n<div style=\"height:48px;--tablet-height:36px;--mobile-height:24px\" class=\"wp-block-lookeen-blocks-responsive-spacer\"><\/div>\n\n\n\n<p class=\"has-text-align-center\">Nous avons m\u00eame notre propre petit \u2018ping\u2019 qui vous donnera toujours la satisfaction d\u2019avoir accompli une t\u00e2che.<\/p>\n\n\n\n<div class=\"wp-block-buttons is-content-justification-center is-layout-flex wp-container-core-buttons-is-layout-a89b3969 wp-block-buttons-is-layout-flex\">\n<div class=\"wp-block-button\"><a class=\"wp-block-button__link wp-element-button\" href=\"https:\/\/app.zenkit.com\/register?lang=fr\">Rejoindre Zenkit<\/a><\/div>\n<\/div>\n\n\n\n<div style=\"height:110px;--tablet-height:80px;--mobile-height:48px\" class=\"wp-block-lookeen-blocks-responsive-spacer\"><\/div>\n<\/div>\n<\/div>\n","protected":false},"excerpt":{"rendered":"<p>Listes de t\u00e2ches Zenkit Toute collection de Zenkit peut \u00eatre install\u00e9e comme une collection de \u00abt\u00e2ches \u00e0 faire\u00bb. Cela vous permet de transformer les vues en listes de t\u00e2ches o\u00f9 vous pouvez cocher les t\u00e2ches compl\u00e9t\u00e9es. Les t\u00e2ches compl\u00e9t\u00e9es se mettront automatiquement en bas de la liste. Les \u00e9tapes que vous cr\u00e9ez n&rsquo;ont pas simplement [&hellip;]<\/p>\n","protected":false},"author":1,"featured_media":0,"parent":0,"menu_order":5,"comment_status":"closed","ping_status":"closed","template":"","meta":{"yasr_overall_rating":0,"yasr_post_is_review":"","yasr_auto_insert_disabled":"","yasr_review_type":"","footnotes":""},"class_list":["post-3496","page","type-page","status-publish","hentry"],"yoast_head":"<!-- This site is optimized with the Yoast SEO plugin v27.5 - https:\/\/yoast.com\/product\/yoast-seo-wordpress\/ -->\n<title>Tableau de listes &#039;\u00e0 faire&#039; | Zenkit<\/title>\n<meta name=\"description\" content=\"Si vous surpassez les capacit\u00e9s de Wunderlist, vous avez besoin d\u2019une solution qui s&#039;adapte \u00e0 votre entreprise. Zenkit est un tableau de listes de t\u00e2ches &#039;\u00e0 faire&#039; et beaucoup plus. D\u00e9couvrez ce qui diff\u00e9rencie Zenkit de Wunderlist.\" \/>\n<meta name=\"robots\" content=\"index, follow, max-snippet:-1, max-image-preview:large, max-video-preview:-1\" \/>\n<link rel=\"canonical\" href=\"https:\/\/zenkit.com\/fr\/liste-de-tache\/\" \/>\n<meta property=\"og:locale\" content=\"fr_FR\" \/>\n<meta property=\"og:type\" content=\"article\" \/>\n<meta property=\"og:title\" content=\"Tableau de listes &#039;\u00e0 faire&#039; | Zenkit\" \/>\n<meta property=\"og:description\" content=\"Si vous surpassez les capacit\u00e9s de Wunderlist, vous avez besoin d\u2019une solution qui s&#039;adapte \u00e0 votre entreprise. Zenkit est un tableau de listes de t\u00e2ches &#039;\u00e0 faire&#039; et beaucoup plus. D\u00e9couvrez ce qui diff\u00e9rencie Zenkit de Wunderlist.\" \/>\n<meta property=\"og:url\" content=\"https:\/\/zenkit.com\/fr\/liste-de-tache\/\" \/>\n<meta property=\"og:site_name\" content=\"Zenkit\" \/>\n<meta property=\"article:publisher\" content=\"https:\/\/www.facebook.com\/ZenkitHQ\" \/>\n<meta property=\"article:modified_time\" content=\"2025-12-16T13:48:09+00:00\" \/>\n<meta property=\"og:image\" content=\"https:\/\/zenkit.com\/wp-content\/uploads\/2025\/05\/Zenkit_to-do_list.gif\" \/>\n\t<meta property=\"og:image:width\" content=\"500\" \/>\n\t<meta property=\"og:image:height\" content=\"233\" \/>\n\t<meta property=\"og:image:type\" content=\"image\/gif\" \/>\n<meta name=\"twitter:card\" content=\"summary_large_image\" \/>\n<meta name=\"twitter:site\" content=\"@ZenkitHQ\" \/>\n<meta name=\"twitter:label1\" content=\"Dur\u00e9e de lecture estim\u00e9e\" \/>\n\t<meta name=\"twitter:data1\" content=\"9 minutes\" \/>\n<script type=\"application\/ld+json\" class=\"yoast-schema-graph\">{\"@context\":\"https:\\\/\\\/schema.org\",\"@graph\":[{\"@type\":\"WebPage\",\"@id\":\"https:\\\/\\\/zenkit.com\\\/fr\\\/liste-de-tache\\\/\",\"url\":\"https:\\\/\\\/zenkit.com\\\/fr\\\/liste-de-tache\\\/\",\"name\":\"Tableau de listes '\u00e0 faire' | Zenkit\",\"isPartOf\":{\"@id\":\"https:\\\/\\\/zenkit.com\\\/fr\\\/#website\"},\"primaryImageOfPage\":{\"@id\":\"https:\\\/\\\/zenkit.com\\\/fr\\\/liste-de-tache\\\/#primaryimage\"},\"image\":{\"@id\":\"https:\\\/\\\/zenkit.com\\\/fr\\\/liste-de-tache\\\/#primaryimage\"},\"thumbnailUrl\":\"https:\\\/\\\/zenkit.com\\\/wp-content\\\/uploads\\\/2025\\\/05\\\/Zenkit_to-do_list.gif\",\"datePublished\":\"2018-05-22T20:34:25+00:00\",\"dateModified\":\"2025-12-16T13:48:09+00:00\",\"description\":\"Si vous surpassez les capacit\u00e9s de Wunderlist, vous avez besoin d\u2019une solution qui s'adapte \u00e0 votre entreprise. Zenkit est un tableau de listes de t\u00e2ches '\u00e0 faire' et beaucoup plus. D\u00e9couvrez ce qui diff\u00e9rencie Zenkit de Wunderlist.\",\"breadcrumb\":{\"@id\":\"https:\\\/\\\/zenkit.com\\\/fr\\\/liste-de-tache\\\/#breadcrumb\"},\"inLanguage\":\"fr-FR\",\"potentialAction\":[{\"@type\":\"ReadAction\",\"target\":[\"https:\\\/\\\/zenkit.com\\\/fr\\\/liste-de-tache\\\/\"]}]},{\"@type\":\"ImageObject\",\"inLanguage\":\"fr-FR\",\"@id\":\"https:\\\/\\\/zenkit.com\\\/fr\\\/liste-de-tache\\\/#primaryimage\",\"url\":\"https:\\\/\\\/zenkit.com\\\/wp-content\\\/uploads\\\/2025\\\/05\\\/Zenkit_to-do_list.gif\",\"contentUrl\":\"https:\\\/\\\/zenkit.com\\\/wp-content\\\/uploads\\\/2025\\\/05\\\/Zenkit_to-do_list.gif\"},{\"@type\":\"BreadcrumbList\",\"@id\":\"https:\\\/\\\/zenkit.com\\\/fr\\\/liste-de-tache\\\/#breadcrumb\",\"itemListElement\":[{\"@type\":\"ListItem\",\"position\":1,\"name\":\"Home\",\"item\":\"https:\\\/\\\/zenkit.com\\\/fr\\\/\"},{\"@type\":\"ListItem\",\"position\":2,\"name\":\"Tableau de listes &#8216;\u00e0 faire&#8217;\"}]},{\"@type\":\"WebSite\",\"@id\":\"https:\\\/\\\/zenkit.com\\\/fr\\\/#website\",\"url\":\"https:\\\/\\\/zenkit.com\\\/fr\\\/\",\"name\":\"Zenkit\",\"description\":\"Zenkit Tagline\",\"potentialAction\":[{\"@type\":\"SearchAction\",\"target\":{\"@type\":\"EntryPoint\",\"urlTemplate\":\"https:\\\/\\\/zenkit.com\\\/fr\\\/?s={search_term_string}\"},\"query-input\":{\"@type\":\"PropertyValueSpecification\",\"valueRequired\":true,\"valueName\":\"search_term_string\"}}],\"inLanguage\":\"fr-FR\"},false]}<\/script>\n<!-- \/ Yoast SEO plugin. -->","yoast_head_json":{"title":"Tableau de listes '\u00e0 faire' | Zenkit","description":"Si vous surpassez les capacit\u00e9s de Wunderlist, vous avez besoin d\u2019une solution qui s'adapte \u00e0 votre entreprise. Zenkit est un tableau de listes de t\u00e2ches '\u00e0 faire' et beaucoup plus. D\u00e9couvrez ce qui diff\u00e9rencie Zenkit de Wunderlist.","robots":{"index":"index","follow":"follow","max-snippet":"max-snippet:-1","max-image-preview":"max-image-preview:large","max-video-preview":"max-video-preview:-1"},"canonical":"https:\/\/zenkit.com\/fr\/liste-de-tache\/","og_locale":"fr_FR","og_type":"article","og_title":"Tableau de listes '\u00e0 faire' | Zenkit","og_description":"Si vous surpassez les capacit\u00e9s de Wunderlist, vous avez besoin d\u2019une solution qui s'adapte \u00e0 votre entreprise. Zenkit est un tableau de listes de t\u00e2ches '\u00e0 faire' et beaucoup plus. D\u00e9couvrez ce qui diff\u00e9rencie Zenkit de Wunderlist.","og_url":"https:\/\/zenkit.com\/fr\/liste-de-tache\/","og_site_name":"Zenkit","article_publisher":"https:\/\/www.facebook.com\/ZenkitHQ","article_modified_time":"2025-12-16T13:48:09+00:00","og_image":[{"width":500,"height":233,"url":"https:\/\/zenkit.com\/wp-content\/uploads\/2025\/05\/Zenkit_to-do_list.gif","type":"image\/gif"}],"twitter_card":"summary_large_image","twitter_site":"@ZenkitHQ","twitter_misc":{"Dur\u00e9e de lecture estim\u00e9e":"9 minutes"},"schema":{"@context":"https:\/\/schema.org","@graph":[{"@type":"WebPage","@id":"https:\/\/zenkit.com\/fr\/liste-de-tache\/","url":"https:\/\/zenkit.com\/fr\/liste-de-tache\/","name":"Tableau de listes '\u00e0 faire' | Zenkit","isPartOf":{"@id":"https:\/\/zenkit.com\/fr\/#website"},"primaryImageOfPage":{"@id":"https:\/\/zenkit.com\/fr\/liste-de-tache\/#primaryimage"},"image":{"@id":"https:\/\/zenkit.com\/fr\/liste-de-tache\/#primaryimage"},"thumbnailUrl":"https:\/\/zenkit.com\/wp-content\/uploads\/2025\/05\/Zenkit_to-do_list.gif","datePublished":"2018-05-22T20:34:25+00:00","dateModified":"2025-12-16T13:48:09+00:00","description":"Si vous surpassez les capacit\u00e9s de Wunderlist, vous avez besoin d\u2019une solution qui s'adapte \u00e0 votre entreprise. Zenkit est un tableau de listes de t\u00e2ches '\u00e0 faire' et beaucoup plus. D\u00e9couvrez ce qui diff\u00e9rencie Zenkit de Wunderlist.","breadcrumb":{"@id":"https:\/\/zenkit.com\/fr\/liste-de-tache\/#breadcrumb"},"inLanguage":"fr-FR","potentialAction":[{"@type":"ReadAction","target":["https:\/\/zenkit.com\/fr\/liste-de-tache\/"]}]},{"@type":"ImageObject","inLanguage":"fr-FR","@id":"https:\/\/zenkit.com\/fr\/liste-de-tache\/#primaryimage","url":"https:\/\/zenkit.com\/wp-content\/uploads\/2025\/05\/Zenkit_to-do_list.gif","contentUrl":"https:\/\/zenkit.com\/wp-content\/uploads\/2025\/05\/Zenkit_to-do_list.gif"},{"@type":"BreadcrumbList","@id":"https:\/\/zenkit.com\/fr\/liste-de-tache\/#breadcrumb","itemListElement":[{"@type":"ListItem","position":1,"name":"Home","item":"https:\/\/zenkit.com\/fr\/"},{"@type":"ListItem","position":2,"name":"Tableau de listes &#8216;\u00e0 faire&#8217;"}]},{"@type":"WebSite","@id":"https:\/\/zenkit.com\/fr\/#website","url":"https:\/\/zenkit.com\/fr\/","name":"Zenkit","description":"Zenkit Tagline","potentialAction":[{"@type":"SearchAction","target":{"@type":"EntryPoint","urlTemplate":"https:\/\/zenkit.com\/fr\/?s={search_term_string}"},"query-input":{"@type":"PropertyValueSpecification","valueRequired":true,"valueName":"search_term_string"}}],"inLanguage":"fr-FR"},false]}},"yasr_visitor_votes":{"stars_attributes":{"read_only":false,"span_bottom":false},"number_of_votes":0,"sum_votes":0},"_links":{"self":[{"href":"https:\/\/zenkit.com\/fr\/wp-json\/wp\/v2\/pages\/3496","targetHints":{"allow":["GET"]}}],"collection":[{"href":"https:\/\/zenkit.com\/fr\/wp-json\/wp\/v2\/pages"}],"about":[{"href":"https:\/\/zenkit.com\/fr\/wp-json\/wp\/v2\/types\/page"}],"author":[{"embeddable":true,"href":"https:\/\/zenkit.com\/fr\/wp-json\/wp\/v2\/users\/1"}],"replies":[{"embeddable":true,"href":"https:\/\/zenkit.com\/fr\/wp-json\/wp\/v2\/comments?post=3496"}],"version-history":[{"count":3,"href":"https:\/\/zenkit.com\/fr\/wp-json\/wp\/v2\/pages\/3496\/revisions"}],"predecessor-version":[{"id":175174,"href":"https:\/\/zenkit.com\/fr\/wp-json\/wp\/v2\/pages\/3496\/revisions\/175174"}],"wp:attachment":[{"href":"https:\/\/zenkit.com\/fr\/wp-json\/wp\/v2\/media?parent=3496"}],"curies":[{"name":"wp","href":"https:\/\/api.w.org\/{rel}","templated":true}]}}