{"id":3505,"date":"2018-05-22T22:59:29","date_gmt":"2018-05-22T20:59:29","guid":{"rendered":"https:\/\/zenkit.com?page_id=3505"},"modified":"2026-03-08T14:58:14","modified_gmt":"2026-03-08T13:58:14","slug":"mentions-legales","status":"publish","type":"page","link":"https:\/\/zenkit.com\/fr\/mentions-legales\/","title":{"rendered":"Mention l\u00e9gale"},"content":{"rendered":"\n<div class=\"wp-block-group has-global-padding is-layout-constrained wp-block-group-is-layout-constrained\">\n<div class=\"wp-block-group has-global-padding is-layout-constrained wp-block-group-is-layout-constrained\">\n<div style=\"height:45px;--tablet-height:45px;--mobile-height:16px\" class=\"wp-block-lookeen-blocks-responsive-spacer\"><\/div>\n\n\n\n<div class=\"wp-block-columns is-layout-flex wp-container-core-columns-is-layout-28f84493 wp-block-columns-is-layout-flex\">\n<div class=\"wp-block-column is-vertically-aligned-center is-layout-flow wp-block-column-is-layout-flow\">\n<div class=\"wp-block-group has-global-padding is-layout-constrained wp-block-group-is-layout-constrained\">\n<h1 class=\"wp-block-heading has-text-align-left\" style=\"margin-bottom:8px\">Mentions l\u00e9gales<\/h1>\n<\/div>\n\n\n\n<div class=\"wp-block-group has-global-padding is-layout-constrained wp-block-group-is-layout-constrained\">\n<p>Zenkit est une entreprise d\u2019Axonic<\/p>\n\n\n\n<p>Axonic GmbH<br>Kaiserstra\u00dfe 241<br>76133 Karlsruhe<br>Allemagne<\/p>\n\n\n\n<p>T\u00e9l\u00e9phone: +49 (721) 3528375<\/p>\n\n\n\n<p><strong>P-DG repr\u00e9sentant: Dipl. Inform. <a href=\"https:\/\/martinwelker.com\/\" target=\"_blank\" rel=\"noreferrer noopener\">Martin Welker<\/a><\/strong><\/p>\n\n\n\n<p><strong>Tribunal de registre: Amtsgericht Mannheim, Num\u00e9ro de registre HRB 110424<\/strong><\/p>\n\n\n\n<p><strong>Taxe sur la valeur ajout\u00e9e (TVA) \u2013 num\u00e9ro d\u2019identification en accord avec \u00a7 27a de la loi allemande de taxe sur le chiffre d\u2019affaires:<\/strong><br>DE 813834557<\/p>\n\n\n\n<p>Toutes disputes d\u00e9coulants de relation d\u2019affaires avec Axonic GmbH sont sujet \u00e0 la juridiction exclusive des tribunaux de Baden-W\u00fcrttemberg, Allemagne.<\/p>\n\n\n\n<p>Tous les noms de produit ou de compagnie sont des marques d\u00e9pos\u00e9es\u2122 ou des marques d\u00e9pos\u00e9es enregistr\u00e9es\u00ae de leurs d\u00e9tenteurs respectifs. Leur utilisation n\u2019impliquent aucune affiliation ou endossement par eux.<\/p>\n<\/div>\n<\/div>\n\n\n\n<div class=\"wp-block-column is-layout-flow wp-block-column-is-layout-flow\">\n<iframe id=\"contact-form\" class=\"border-radius--20\" src=\"https:\/\/public.zenkit.com\/f\/3ZOahaQ_-\/zenkit-contact-form?v=27OHGVHHc\" style=\"width: 100%; min-height: 750px;background: transparent; border:0; box-shadow: 0 0 20px rgb(0 0 0 \/ 10%);\" allowfullscreen=\"\">\n              <a href=\"https:\/\/public.zenkit.com\/f\/BHDPo4P5x\/zenkit-book-a-demo-form?v=90SJKpjkQ\" target=\"_blank\">\n                Your browser doesn&rsquo;t support iframes. Click here to open the content in a new tab.\n              <\/a>\n            <\/iframe>\n<\/div>\n<\/div>\n<\/div>\n<\/div>\n\n\n\n<div style=\"height:110px;--tablet-height:60px;--mobile-height:48px\" class=\"wp-block-lookeen-blocks-responsive-spacer\"><\/div>\n","protected":false},"excerpt":{"rendered":"<p>Mentions l\u00e9gales Zenkit est une entreprise d\u2019Axonic Axonic GmbHKaiserstra\u00dfe 24176133 KarlsruheAllemagne T\u00e9l\u00e9phone: +49 (721) 3528375 P-DG repr\u00e9sentant: Dipl. Inform. Martin Welker Tribunal de registre: Amtsgericht Mannheim, Num\u00e9ro de registre HRB 110424 Taxe sur la valeur ajout\u00e9e (TVA) \u2013 num\u00e9ro d\u2019identification en accord avec \u00a7 27a de la loi allemande de taxe sur le chiffre d\u2019affaires:DE [&hellip;]<\/p>\n","protected":false},"author":1,"featured_media":0,"parent":0,"menu_order":1,"comment_status":"closed","ping_status":"closed","template":"","meta":{"yasr_overall_rating":0,"yasr_post_is_review":"","yasr_auto_insert_disabled":"","yasr_review_type":"","footnotes":""},"class_list":["post-3505","page","type-page","status-publish","hentry"],"yoast_head":"<!-- This site is optimized with the Yoast SEO plugin v27.3 - https:\/\/yoast.com\/product\/yoast-seo-wordpress\/ -->\n<title>Mentions l\u00e9gales | Zenkit<\/title>\n<meta name=\"description\" content=\"Zenkit est un produit de Axonic Informationssysteme GmbH. Contactez l&#039;\u00e9quipe Zenkit et localisez nos bureaux.\" \/>\n<meta name=\"robots\" content=\"index, follow, max-snippet:-1, max-image-preview:large, max-video-preview:-1\" \/>\n<link rel=\"canonical\" href=\"https:\/\/zenkit.com\/fr\/mentions-legales\/\" \/>\n<meta property=\"og:locale\" content=\"fr_FR\" \/>\n<meta property=\"og:type\" content=\"article\" \/>\n<meta property=\"og:title\" content=\"Mentions l\u00e9gales | Zenkit\" \/>\n<meta property=\"og:description\" content=\"Zenkit est un produit de Axonic Informationssysteme GmbH. Contactez l&#039;\u00e9quipe Zenkit et localisez nos bureaux.\" \/>\n<meta property=\"og:url\" content=\"https:\/\/zenkit.com\/fr\/mentions-legales\/\" \/>\n<meta property=\"og:site_name\" content=\"Zenkit\" \/>\n<meta property=\"article:publisher\" content=\"https:\/\/www.facebook.com\/ZenkitHQ\" \/>\n<meta property=\"article:modified_time\" content=\"2026-03-08T13:58:14+00:00\" \/>\n<meta name=\"twitter:card\" content=\"summary_large_image\" \/>\n<meta name=\"twitter:site\" content=\"@ZenkitHQ\" \/>\n<meta name=\"twitter:label1\" content=\"Dur\u00e9e de lecture estim\u00e9e\" \/>\n\t<meta name=\"twitter:data1\" content=\"2 minutes\" \/>\n<script type=\"application\/ld+json\" class=\"yoast-schema-graph\">{\"@context\":\"https:\\\/\\\/schema.org\",\"@graph\":[{\"@type\":\"WebPage\",\"@id\":\"https:\\\/\\\/zenkit.com\\\/fr\\\/mentions-legales\\\/\",\"url\":\"https:\\\/\\\/zenkit.com\\\/fr\\\/mentions-legales\\\/\",\"name\":\"Mentions l\u00e9gales | Zenkit\",\"isPartOf\":{\"@id\":\"https:\\\/\\\/zenkit.com\\\/fr\\\/#website\"},\"datePublished\":\"2018-05-22T20:59:29+00:00\",\"dateModified\":\"2026-03-08T13:58:14+00:00\",\"description\":\"Zenkit est un produit de Axonic Informationssysteme GmbH. Contactez l'\u00e9quipe Zenkit et localisez nos bureaux.\",\"breadcrumb\":{\"@id\":\"https:\\\/\\\/zenkit.com\\\/fr\\\/mentions-legales\\\/#breadcrumb\"},\"inLanguage\":\"fr-FR\",\"potentialAction\":[{\"@type\":\"ReadAction\",\"target\":[\"https:\\\/\\\/zenkit.com\\\/fr\\\/mentions-legales\\\/\"]}]},{\"@type\":\"BreadcrumbList\",\"@id\":\"https:\\\/\\\/zenkit.com\\\/fr\\\/mentions-legales\\\/#breadcrumb\",\"itemListElement\":[{\"@type\":\"ListItem\",\"position\":1,\"name\":\"Home\",\"item\":\"https:\\\/\\\/zenkit.com\\\/fr\\\/\"},{\"@type\":\"ListItem\",\"position\":2,\"name\":\"Mention l\u00e9gale\"}]},{\"@type\":\"WebSite\",\"@id\":\"https:\\\/\\\/zenkit.com\\\/fr\\\/#website\",\"url\":\"https:\\\/\\\/zenkit.com\\\/fr\\\/\",\"name\":\"Zenkit\",\"description\":\"Zenkit Tagline\",\"potentialAction\":[{\"@type\":\"SearchAction\",\"target\":{\"@type\":\"EntryPoint\",\"urlTemplate\":\"https:\\\/\\\/zenkit.com\\\/fr\\\/?s={search_term_string}\"},\"query-input\":{\"@type\":\"PropertyValueSpecification\",\"valueRequired\":true,\"valueName\":\"search_term_string\"}}],\"inLanguage\":\"fr-FR\"},false]}<\/script>\n<!-- \/ Yoast SEO plugin. -->","yoast_head_json":{"title":"Mentions l\u00e9gales | Zenkit","description":"Zenkit est un produit de Axonic Informationssysteme GmbH. Contactez l'\u00e9quipe Zenkit et localisez nos bureaux.","robots":{"index":"index","follow":"follow","max-snippet":"max-snippet:-1","max-image-preview":"max-image-preview:large","max-video-preview":"max-video-preview:-1"},"canonical":"https:\/\/zenkit.com\/fr\/mentions-legales\/","og_locale":"fr_FR","og_type":"article","og_title":"Mentions l\u00e9gales | Zenkit","og_description":"Zenkit est un produit de Axonic Informationssysteme GmbH. Contactez l'\u00e9quipe Zenkit et localisez nos bureaux.","og_url":"https:\/\/zenkit.com\/fr\/mentions-legales\/","og_site_name":"Zenkit","article_publisher":"https:\/\/www.facebook.com\/ZenkitHQ","article_modified_time":"2026-03-08T13:58:14+00:00","twitter_card":"summary_large_image","twitter_site":"@ZenkitHQ","twitter_misc":{"Dur\u00e9e de lecture estim\u00e9e":"2 minutes"},"schema":{"@context":"https:\/\/schema.org","@graph":[{"@type":"WebPage","@id":"https:\/\/zenkit.com\/fr\/mentions-legales\/","url":"https:\/\/zenkit.com\/fr\/mentions-legales\/","name":"Mentions l\u00e9gales | Zenkit","isPartOf":{"@id":"https:\/\/zenkit.com\/fr\/#website"},"datePublished":"2018-05-22T20:59:29+00:00","dateModified":"2026-03-08T13:58:14+00:00","description":"Zenkit est un produit de Axonic Informationssysteme GmbH. Contactez l'\u00e9quipe Zenkit et localisez nos bureaux.","breadcrumb":{"@id":"https:\/\/zenkit.com\/fr\/mentions-legales\/#breadcrumb"},"inLanguage":"fr-FR","potentialAction":[{"@type":"ReadAction","target":["https:\/\/zenkit.com\/fr\/mentions-legales\/"]}]},{"@type":"BreadcrumbList","@id":"https:\/\/zenkit.com\/fr\/mentions-legales\/#breadcrumb","itemListElement":[{"@type":"ListItem","position":1,"name":"Home","item":"https:\/\/zenkit.com\/fr\/"},{"@type":"ListItem","position":2,"name":"Mention l\u00e9gale"}]},{"@type":"WebSite","@id":"https:\/\/zenkit.com\/fr\/#website","url":"https:\/\/zenkit.com\/fr\/","name":"Zenkit","description":"Zenkit Tagline","potentialAction":[{"@type":"SearchAction","target":{"@type":"EntryPoint","urlTemplate":"https:\/\/zenkit.com\/fr\/?s={search_term_string}"},"query-input":{"@type":"PropertyValueSpecification","valueRequired":true,"valueName":"search_term_string"}}],"inLanguage":"fr-FR"},false]}},"yasr_visitor_votes":{"stars_attributes":{"read_only":false,"span_bottom":false},"number_of_votes":0,"sum_votes":0},"_links":{"self":[{"href":"https:\/\/zenkit.com\/fr\/wp-json\/wp\/v2\/pages\/3505","targetHints":{"allow":["GET"]}}],"collection":[{"href":"https:\/\/zenkit.com\/fr\/wp-json\/wp\/v2\/pages"}],"about":[{"href":"https:\/\/zenkit.com\/fr\/wp-json\/wp\/v2\/types\/page"}],"author":[{"embeddable":true,"href":"https:\/\/zenkit.com\/fr\/wp-json\/wp\/v2\/users\/1"}],"replies":[{"embeddable":true,"href":"https:\/\/zenkit.com\/fr\/wp-json\/wp\/v2\/comments?post=3505"}],"version-history":[{"count":3,"href":"https:\/\/zenkit.com\/fr\/wp-json\/wp\/v2\/pages\/3505\/revisions"}],"predecessor-version":[{"id":176261,"href":"https:\/\/zenkit.com\/fr\/wp-json\/wp\/v2\/pages\/3505\/revisions\/176261"}],"wp:attachment":[{"href":"https:\/\/zenkit.com\/fr\/wp-json\/wp\/v2\/media?parent=3505"}],"curies":[{"name":"wp","href":"https:\/\/api.w.org\/{rel}","templated":true}]}}