{"id":432,"date":"2018-05-04T13:33:32","date_gmt":"2018-05-04T11:33:32","guid":{"rendered":"https:\/\/zenkit.comabout-us-french\/"},"modified":"2025-10-16T00:24:43","modified_gmt":"2025-10-15T22:24:43","slug":"a-propos-de-nous","status":"publish","type":"page","link":"https:\/\/zenkit.com\/fr\/a-propos-de-nous\/","title":{"rendered":"\u00c0 propos de nous"},"content":{"rendered":"\n<div class=\"wp-block-group page__header has-global-padding is-layout-constrained wp-block-group-is-layout-constrained\">\n<div class=\"wp-block-group width--950 has-global-padding is-layout-constrained wp-block-group-is-layout-constrained\">\n<div style=\"height:45px;--tablet-height:45px;--mobile-height:16px\" class=\"wp-block-lookeen-blocks-responsive-spacer\"><\/div>\n\n\n\n<div class=\"wp-block-group has-global-padding is-layout-constrained wp-block-group-is-layout-constrained\">\n<h1 class=\"wp-block-heading has-text-align-center\" style=\"margin-bottom:8px\">Notre Histoire<\/h1>\n<\/div>\n\n\n\n<div class=\"wp-block-group has-global-padding is-layout-constrained wp-block-group-is-layout-constrained\">\n<p class=\"has-text-align-center subheading\">Si l\u2019on pense au futur&#8230;. pas dans 5 ou 10 ans, mais plut\u00f4t dans 200 ou m\u00eame 500 ans, nous pouvons nous demander comment les technologies de l&rsquo;information auront \u00e9volu\u00e9. Seulement&#8230; c\u2019est \u00e9videmment impossible \u00e0 savoir. Quelle question b\u00eate!<\/p>\n<\/div>\n\n\n\n<div style=\"height:48px;--tablet-height:36px;--mobile-height:24px\" class=\"wp-block-lookeen-blocks-responsive-spacer\"><\/div>\n<\/div>\n\n\n\n<div style=\"height:88px;--tablet-height:72px;--mobile-height:40px\" class=\"wp-block-lookeen-blocks-responsive-spacer\"><\/div>\n<\/div>\n\n\n\n<div class=\"wp-block-group has-global-padding is-layout-constrained wp-block-group-is-layout-constrained\">\n<figure class=\"wp-block-image size-full has-custom-border\"><img loading=\"lazy\" decoding=\"async\" width=\"2500\" height=\"463\" src=\"https:\/\/zenkit.com\/wp-content\/uploads\/2018\/05\/Zenkit-Plane-Drawing.png\" alt=\"Zenkit Flugzeugzeichnung\" class=\"wp-image-3844\" style=\"border-radius:20px;object-fit:cover\" srcset=\"https:\/\/zenkit.com\/wp-content\/uploads\/2018\/05\/Zenkit-Plane-Drawing.png 2500w, https:\/\/zenkit.com\/wp-content\/uploads\/2018\/05\/Zenkit-Plane-Drawing-300x56.png 300w, https:\/\/zenkit.com\/wp-content\/uploads\/2018\/05\/Zenkit-Plane-Drawing-768x142.png 768w, https:\/\/zenkit.com\/wp-content\/uploads\/2018\/05\/Zenkit-Plane-Drawing-1024x190.png 1024w\" sizes=\"auto, (max-width: 2500px) 100vw, 2500px\" \/><\/figure>\n<\/div>\n\n\n\n<div class=\"wp-block-group has-global-padding is-layout-constrained wp-block-group-is-layout-constrained\">\n<div style=\"height:88px;--tablet-height:72px;--mobile-height:40px\" class=\"wp-block-lookeen-blocks-responsive-spacer\"><\/div>\n\n\n\n<p class=\"has-text-align-center\">Mais nous pouvons le r\u00eaver. Nous pouvons l\u2019imaginer. Quand Martin, notre fondateur, y pense pour la premi\u00e8re fois au d\u00e9but de sa vingtaine, il imagine un syst\u00e8me \u00e9l\u00e9gant, simple et accueillant. Un syst\u00e8me en qui l\u2019on peut avoir confiance. Le monde ne le verrait pas comme un produit, mais plut\u00f4t comme une force omnipr\u00e9sente comme l&rsquo;air, l&rsquo;eau ou l&rsquo;\u00e9lectricit\u00e9. A l\u2019avenir, nous atteindrons un niveau de technologie o\u00f9 les \u00abprobl\u00e8mes techniques\u00bb n&rsquo;existeront plus.Nous serons dans un \u00e9tat d\u2019\u00e9quilibre complet avec nos donn\u00e9es. L&rsquo;information deviendra aussi accessible que l&rsquo;\u00e9lectricit\u00e9 de nos jours.<\/p>\n\n\n\n<p class=\"has-text-align-center\">Ainsi, quelques ann\u00e9es plus tard, Martin fonde Axonic, un fournisseur de logiciel comptant plus de 5 millions de clients. En 2014, une petite \u00e9quipe d\u2019Axonic commence \u00e0 r\u00e9aliser le plan que Martin avait imagin\u00e9 : Zenkit \u2013 une plateforme donnant la possibilit\u00e9 de cr\u00e9er des applications. L&rsquo;id\u00e9e est de permettre aux usagers de concevoir leurs propres applications personnalis\u00e9es sans avoir de grandes connaissances en programmation. En 2 ans, la plateforme grandit et devient de plus en plus puissante. Quasiment pr\u00eate \u00e0 \u00eatre lanc\u00e9e.<\/p>\n\n\n\n<p class=\"has-text-align-center\">Pourtant un jour, autour de No\u00ebl 2015, nous sentons que quelque chose ne va pas. La plateforme est g\u00e9niale. Elle est simple, bien con\u00e7ue, et efficace. Nous l\u2019utilisons comme un jeu, mais quelque chose lui manque. Un beau jour nous trouvons la solution: nous n\u2019utilisons pas Zenkit, du moins pas quotidiennement. Ce jour-l\u00e0, nous d\u00e9cidons que Zenkit doit changer, afin de devenir un syst\u00e8me que tous aimeraient utiliser d\u00e8s le premier instant. Un syst\u00e8me qui serait essentiel \u00e0 notre vie.<\/p>\n\n\n\n<p class=\"has-text-align-center\">C\u2019est alors une renaissance pour Zenkit. Depuis ce jour, la conception de Zenkit en tant qu\u2019\u00e9l\u00e9ment de notre vie quotidienne est notre priorit\u00e9. Nous mettons donc de c\u00f4t\u00e9 le g\u00e9n\u00e9rateur d\u2019applications et nous r\u00e9cup\u00e9rons la technologie avanc\u00e9e de la premi\u00e8re version pour cr\u00e9er un syst\u00e8me flexible, capable d\u2019avoir un impact r\u00e9el.<\/p>\n\n\n\n<p class=\"has-text-align-center\">Zenkit est finalement lanc\u00e9e en octobre 2016. Nous la d\u00e9finissons comme une \u00abplateforme de gestion de projets\u00bb pour qu\u2019elle trouve sa place dans le paysage technologique actuel. En fin de compte, c\u2019est vous qui choisissez les outils dont vous avez besoin et la place que Zenkit prendra dans votre quotidien. Mais d\u2019ores et d\u00e9j\u00e0, Zenkit repr\u00e9sente bien plus qu\u2019un outil de travail. C&rsquo;est une plateforme collaborative qui vous permet de coordonner de nombreux aspects de votre entreprise ou de votre vie: clients, documents, factures, bugs, fonctions, leads, ressources, t\u00e2ches, \u00e9v\u00e9nements, billets. Vous pouvez commencer \u00e0 profiter de leur \u00e9norme potentiel synergique d\u00e8s maintenant.<\/p>\n<\/div>\n\n\n\n<div style=\"height:110px;--tablet-height:60px;--mobile-height:48px\" class=\"wp-block-lookeen-blocks-responsive-spacer\"><\/div>\n","protected":false},"excerpt":{"rendered":"<p>Notre Histoire Si l\u2019on pense au futur&#8230;. pas dans 5 ou 10 ans, mais plut\u00f4t dans 200 ou m\u00eame 500 ans, nous pouvons nous demander comment les technologies de l&rsquo;information auront \u00e9volu\u00e9. Seulement&#8230; c\u2019est \u00e9videmment impossible \u00e0 savoir. Quelle question b\u00eate! Mais nous pouvons le r\u00eaver. Nous pouvons l\u2019imaginer. Quand Martin, notre fondateur, y pense [&hellip;]<\/p>\n","protected":false},"author":1,"featured_media":0,"parent":0,"menu_order":0,"comment_status":"closed","ping_status":"closed","template":"","meta":{"yasr_overall_rating":0,"yasr_post_is_review":"","yasr_auto_insert_disabled":"","yasr_review_type":"","footnotes":""},"class_list":["post-432","page","type-page","status-publish","hentry"],"yoast_head":"<!-- This site is optimized with the Yoast SEO plugin v27.4 - https:\/\/yoast.com\/product\/yoast-seo-wordpress\/ -->\n<title>Zenkit | Gestion de projet en ligne<\/title>\n<meta name=\"description\" content=\"Zenkit est l&#039;outil de gestion de projet qui grandit avec vous. D\u00e9couvrez pourquoi nous avons cr\u00e9\u00e9 Zenkit et comment nous voulons grandir. Rendez votre avenir plus Zen.\" \/>\n<meta name=\"robots\" content=\"index, follow, max-snippet:-1, max-image-preview:large, max-video-preview:-1\" \/>\n<link rel=\"canonical\" href=\"https:\/\/zenkit.com\/fr\/a-propos-de-nous\/\" \/>\n<meta property=\"og:locale\" content=\"fr_FR\" \/>\n<meta property=\"og:type\" content=\"article\" \/>\n<meta property=\"og:title\" content=\"Zenkit | Gestion de projet en ligne\" \/>\n<meta property=\"og:description\" content=\"Zenkit est l&#039;outil de gestion de projet qui grandit avec vous. D\u00e9couvrez pourquoi nous avons cr\u00e9\u00e9 Zenkit et comment nous voulons grandir. Rendez votre avenir plus Zen.\" \/>\n<meta property=\"og:url\" content=\"https:\/\/zenkit.com\/fr\/a-propos-de-nous\/\" \/>\n<meta property=\"og:site_name\" content=\"Zenkit\" \/>\n<meta property=\"article:publisher\" content=\"https:\/\/www.facebook.com\/ZenkitHQ\" \/>\n<meta property=\"article:modified_time\" content=\"2025-10-15T22:24:43+00:00\" \/>\n<meta property=\"og:image\" content=\"https:\/\/zenkit.com\/wp-content\/uploads\/2018\/05\/Zenkit-Plane-Drawing.png\" \/>\n\t<meta property=\"og:image:width\" content=\"2500\" \/>\n\t<meta property=\"og:image:height\" content=\"463\" \/>\n\t<meta property=\"og:image:type\" content=\"image\/png\" \/>\n<meta name=\"twitter:card\" content=\"summary_large_image\" \/>\n<meta name=\"twitter:site\" content=\"@ZenkitHQ\" \/>\n<meta name=\"twitter:label1\" content=\"Dur\u00e9e de lecture estim\u00e9e\" \/>\n\t<meta name=\"twitter:data1\" content=\"13 minutes\" \/>\n<script type=\"application\/ld+json\" class=\"yoast-schema-graph\">{\"@context\":\"https:\\\/\\\/schema.org\",\"@graph\":[{\"@type\":\"WebPage\",\"@id\":\"https:\\\/\\\/zenkit.com\\\/fr\\\/a-propos-de-nous\\\/\",\"url\":\"https:\\\/\\\/zenkit.com\\\/fr\\\/a-propos-de-nous\\\/\",\"name\":\"Zenkit | Gestion de projet en ligne\",\"isPartOf\":{\"@id\":\"https:\\\/\\\/zenkit.com\\\/fr\\\/#website\"},\"primaryImageOfPage\":{\"@id\":\"https:\\\/\\\/zenkit.com\\\/fr\\\/a-propos-de-nous\\\/#primaryimage\"},\"image\":{\"@id\":\"https:\\\/\\\/zenkit.com\\\/fr\\\/a-propos-de-nous\\\/#primaryimage\"},\"thumbnailUrl\":\"https:\\\/\\\/zenkit.com\\\/wp-content\\\/uploads\\\/2018\\\/05\\\/Zenkit-Plane-Drawing.png\",\"datePublished\":\"2018-05-04T11:33:32+00:00\",\"dateModified\":\"2025-10-15T22:24:43+00:00\",\"description\":\"Zenkit est l'outil de gestion de projet qui grandit avec vous. D\u00e9couvrez pourquoi nous avons cr\u00e9\u00e9 Zenkit et comment nous voulons grandir. Rendez votre avenir plus Zen.\",\"breadcrumb\":{\"@id\":\"https:\\\/\\\/zenkit.com\\\/fr\\\/a-propos-de-nous\\\/#breadcrumb\"},\"inLanguage\":\"fr-FR\",\"potentialAction\":[{\"@type\":\"ReadAction\",\"target\":[\"https:\\\/\\\/zenkit.com\\\/fr\\\/a-propos-de-nous\\\/\"]}]},{\"@type\":\"ImageObject\",\"inLanguage\":\"fr-FR\",\"@id\":\"https:\\\/\\\/zenkit.com\\\/fr\\\/a-propos-de-nous\\\/#primaryimage\",\"url\":\"https:\\\/\\\/zenkit.com\\\/wp-content\\\/uploads\\\/2018\\\/05\\\/Zenkit-Plane-Drawing.png\",\"contentUrl\":\"https:\\\/\\\/zenkit.com\\\/wp-content\\\/uploads\\\/2018\\\/05\\\/Zenkit-Plane-Drawing.png\"},{\"@type\":\"BreadcrumbList\",\"@id\":\"https:\\\/\\\/zenkit.com\\\/fr\\\/a-propos-de-nous\\\/#breadcrumb\",\"itemListElement\":[{\"@type\":\"ListItem\",\"position\":1,\"name\":\"Home\",\"item\":\"https:\\\/\\\/zenkit.com\\\/fr\\\/\"},{\"@type\":\"ListItem\",\"position\":2,\"name\":\"\u00c0 propos de nous\"}]},{\"@type\":\"WebSite\",\"@id\":\"https:\\\/\\\/zenkit.com\\\/fr\\\/#website\",\"url\":\"https:\\\/\\\/zenkit.com\\\/fr\\\/\",\"name\":\"Zenkit\",\"description\":\"Zenkit Tagline\",\"potentialAction\":[{\"@type\":\"SearchAction\",\"target\":{\"@type\":\"EntryPoint\",\"urlTemplate\":\"https:\\\/\\\/zenkit.com\\\/fr\\\/?s={search_term_string}\"},\"query-input\":{\"@type\":\"PropertyValueSpecification\",\"valueRequired\":true,\"valueName\":\"search_term_string\"}}],\"inLanguage\":\"fr-FR\"},false]}<\/script>\n<!-- \/ Yoast SEO plugin. -->","yoast_head_json":{"title":"Zenkit | Gestion de projet en ligne","description":"Zenkit est l'outil de gestion de projet qui grandit avec vous. D\u00e9couvrez pourquoi nous avons cr\u00e9\u00e9 Zenkit et comment nous voulons grandir. Rendez votre avenir plus Zen.","robots":{"index":"index","follow":"follow","max-snippet":"max-snippet:-1","max-image-preview":"max-image-preview:large","max-video-preview":"max-video-preview:-1"},"canonical":"https:\/\/zenkit.com\/fr\/a-propos-de-nous\/","og_locale":"fr_FR","og_type":"article","og_title":"Zenkit | Gestion de projet en ligne","og_description":"Zenkit est l'outil de gestion de projet qui grandit avec vous. D\u00e9couvrez pourquoi nous avons cr\u00e9\u00e9 Zenkit et comment nous voulons grandir. Rendez votre avenir plus Zen.","og_url":"https:\/\/zenkit.com\/fr\/a-propos-de-nous\/","og_site_name":"Zenkit","article_publisher":"https:\/\/www.facebook.com\/ZenkitHQ","article_modified_time":"2025-10-15T22:24:43+00:00","og_image":[{"width":2500,"height":463,"url":"https:\/\/zenkit.com\/wp-content\/uploads\/2018\/05\/Zenkit-Plane-Drawing.png","type":"image\/png"}],"twitter_card":"summary_large_image","twitter_site":"@ZenkitHQ","twitter_misc":{"Dur\u00e9e de lecture estim\u00e9e":"13 minutes"},"schema":{"@context":"https:\/\/schema.org","@graph":[{"@type":"WebPage","@id":"https:\/\/zenkit.com\/fr\/a-propos-de-nous\/","url":"https:\/\/zenkit.com\/fr\/a-propos-de-nous\/","name":"Zenkit | Gestion de projet en ligne","isPartOf":{"@id":"https:\/\/zenkit.com\/fr\/#website"},"primaryImageOfPage":{"@id":"https:\/\/zenkit.com\/fr\/a-propos-de-nous\/#primaryimage"},"image":{"@id":"https:\/\/zenkit.com\/fr\/a-propos-de-nous\/#primaryimage"},"thumbnailUrl":"https:\/\/zenkit.com\/wp-content\/uploads\/2018\/05\/Zenkit-Plane-Drawing.png","datePublished":"2018-05-04T11:33:32+00:00","dateModified":"2025-10-15T22:24:43+00:00","description":"Zenkit est l'outil de gestion de projet qui grandit avec vous. D\u00e9couvrez pourquoi nous avons cr\u00e9\u00e9 Zenkit et comment nous voulons grandir. Rendez votre avenir plus Zen.","breadcrumb":{"@id":"https:\/\/zenkit.com\/fr\/a-propos-de-nous\/#breadcrumb"},"inLanguage":"fr-FR","potentialAction":[{"@type":"ReadAction","target":["https:\/\/zenkit.com\/fr\/a-propos-de-nous\/"]}]},{"@type":"ImageObject","inLanguage":"fr-FR","@id":"https:\/\/zenkit.com\/fr\/a-propos-de-nous\/#primaryimage","url":"https:\/\/zenkit.com\/wp-content\/uploads\/2018\/05\/Zenkit-Plane-Drawing.png","contentUrl":"https:\/\/zenkit.com\/wp-content\/uploads\/2018\/05\/Zenkit-Plane-Drawing.png"},{"@type":"BreadcrumbList","@id":"https:\/\/zenkit.com\/fr\/a-propos-de-nous\/#breadcrumb","itemListElement":[{"@type":"ListItem","position":1,"name":"Home","item":"https:\/\/zenkit.com\/fr\/"},{"@type":"ListItem","position":2,"name":"\u00c0 propos de nous"}]},{"@type":"WebSite","@id":"https:\/\/zenkit.com\/fr\/#website","url":"https:\/\/zenkit.com\/fr\/","name":"Zenkit","description":"Zenkit Tagline","potentialAction":[{"@type":"SearchAction","target":{"@type":"EntryPoint","urlTemplate":"https:\/\/zenkit.com\/fr\/?s={search_term_string}"},"query-input":{"@type":"PropertyValueSpecification","valueRequired":true,"valueName":"search_term_string"}}],"inLanguage":"fr-FR"},false]}},"yasr_visitor_votes":{"stars_attributes":{"read_only":false,"span_bottom":false},"number_of_votes":0,"sum_votes":0},"_links":{"self":[{"href":"https:\/\/zenkit.com\/fr\/wp-json\/wp\/v2\/pages\/432","targetHints":{"allow":["GET"]}}],"collection":[{"href":"https:\/\/zenkit.com\/fr\/wp-json\/wp\/v2\/pages"}],"about":[{"href":"https:\/\/zenkit.com\/fr\/wp-json\/wp\/v2\/types\/page"}],"author":[{"embeddable":true,"href":"https:\/\/zenkit.com\/fr\/wp-json\/wp\/v2\/users\/1"}],"replies":[{"embeddable":true,"href":"https:\/\/zenkit.com\/fr\/wp-json\/wp\/v2\/comments?post=432"}],"version-history":[{"count":2,"href":"https:\/\/zenkit.com\/fr\/wp-json\/wp\/v2\/pages\/432\/revisions"}],"predecessor-version":[{"id":168058,"href":"https:\/\/zenkit.com\/fr\/wp-json\/wp\/v2\/pages\/432\/revisions\/168058"}],"wp:attachment":[{"href":"https:\/\/zenkit.com\/fr\/wp-json\/wp\/v2\/media?parent=432"}],"curies":[{"name":"wp","href":"https:\/\/api.w.org\/{rel}","templated":true}]}}