{"id":47360,"date":"2020-07-16T16:04:45","date_gmt":"2020-07-16T14:04:45","guid":{"rendered":"https:\/\/zenkit.com\/?page_id=47360"},"modified":"2025-11-03T08:13:15","modified_gmt":"2025-11-03T07:13:15","slug":"diagramme-de-gantt","status":"publish","type":"page","link":"https:\/\/zenkit.com\/fr\/solutions\/diagramme-de-gantt\/","title":{"rendered":"Gantt View"},"content":{"rendered":"\n<div class=\"wp-block-group has-global-padding is-layout-constrained wp-block-group-is-layout-constrained\">\n<div class=\"wp-block-group width--950 has-global-padding is-layout-constrained wp-block-group-is-layout-constrained\">\n<div style=\"height:45px;--tablet-height:45px;--mobile-height:16px\" class=\"wp-block-lookeen-blocks-responsive-spacer\"><\/div>\n\n\n\n<div class=\"wp-block-group has-global-padding is-layout-constrained wp-block-group-is-layout-constrained\">\n<h1 class=\"wp-block-heading has-text-align-center\" style=\"margin-bottom:8px\">Utilisez les diagrammes de Gantt pour g\u00e9rer vos projets les plus complexes<\/h1>\n<\/div>\n\n\n\n<div class=\"wp-block-group has-global-padding is-layout-constrained wp-block-group-is-layout-constrained\">\n<p class=\"has-text-align-center subheading\">Planifiez et suivez vos projets \u00e0 partir d\u2019un calendrier pr\u00e9cis<\/p>\n<\/div>\n\n\n\n<div style=\"height:48px;--tablet-height:36px;--mobile-height:24px\" class=\"wp-block-lookeen-blocks-responsive-spacer\"><\/div>\n\n\n\n<p class=\"has-text-align-center\">L\u2019affichage Gantt de Zenkit a \u00e9t\u00e9 con\u00e7u dans l\u2019optique de permettre aux \u00e9quipes et aux chefs de projet de suivre et de g\u00e9rer avec pr\u00e9cision l\u2019emploi du temps, les ressources et le personnel de tout projet. Obtenez une vue d\u2019ensemble intuitive du calendrier de votre projet et effectuez rapidement des ajustements gr\u00e2ce aux commandes intuitives de glisser-d\u00e9poser.<\/p>\n\n\n\n<div style=\"height:48px;--tablet-height:36px;--mobile-height:24px\" class=\"wp-block-lookeen-blocks-responsive-spacer\"><\/div>\n<\/div>\n<\/div>\n\n\n\n<div class=\"wp-block-group has-global-padding is-layout-constrained wp-block-group-is-layout-constrained\">\n<div class=\"wp-block-group functions__grid has-global-padding is-layout-constrained wp-block-group-is-layout-constrained\">\n<div class=\"wp-block-group functions__box has-global-padding is-layout-constrained wp-block-group-is-layout-constrained\" style=\"border-radius:20px\">\n<figure class=\"wp-block-image size-full\"><img loading=\"lazy\" decoding=\"async\" width=\"500\" height=\"300\" src=\"https:\/\/zenkit.com\/wp-content\/uploads\/2025\/05\/task_dependencies.webp\" alt=\"Aufgaben-Abh\u00e4ngigkeiten\" class=\"wp-image-112208\" srcset=\"https:\/\/zenkit.com\/wp-content\/uploads\/2025\/05\/task_dependencies.webp 500w, https:\/\/zenkit.com\/wp-content\/uploads\/2025\/05\/task_dependencies-300x180.webp 300w\" sizes=\"auto, (max-width: 500px) 100vw, 500px\" \/><\/figure>\n\n\n\n<h3 class=\"wp-block-heading has-text-align-center card__title\">D\u00e9pendances des t\u00e2ches<\/h3>\n\n\n\n<div class=\"wp-block-group has-global-padding is-layout-constrained wp-block-group-is-layout-constrained\">\n<p class=\"has-text-align-center has-da-grey-1-color has-text-color has-link-color wp-elements-63052dc36db2a83f1e154a0ec66175f0\">Cr\u00e9ez rapidement des d\u00e9pendances entre les t\u00e2ches. Choisissez entre des d\u00e9pendances fin \u00e0 d\u00e9but, fin \u00e0 fin, d\u00e9but \u00e0 fin ou d\u00e9but \u00e0 d\u00e9but et ajoutez des descriptions de d\u00e9pendances.<\/p>\n<\/div>\n<\/div>\n\n\n\n<div class=\"wp-block-group functions__box has-global-padding is-layout-constrained wp-block-group-is-layout-constrained\" style=\"border-radius:20px\">\n<figure class=\"wp-block-image size-full\"><img loading=\"lazy\" decoding=\"async\" width=\"500\" height=\"300\" src=\"https:\/\/zenkit.com\/wp-content\/uploads\/2025\/05\/lag_and_lead.webp\" alt=\"Lag- und Lead-Zeiten\" class=\"wp-image-112225\" srcset=\"https:\/\/zenkit.com\/wp-content\/uploads\/2025\/05\/lag_and_lead.webp 500w, https:\/\/zenkit.com\/wp-content\/uploads\/2025\/05\/lag_and_lead-300x180.webp 300w\" sizes=\"auto, (max-width: 500px) 100vw, 500px\" \/><\/figure>\n\n\n\n<h3 class=\"wp-block-heading has-text-align-center card__title\">Retard et Avance<\/h3>\n\n\n\n<div class=\"wp-block-group has-global-padding is-layout-constrained wp-block-group-is-layout-constrained\">\n<p class=\"has-text-align-center has-da-grey-1-color has-text-color has-link-color wp-elements-39ab605c398b33c9637abf4c2d53a48a\">Ajoutez un retard ou une avance aux d\u00e9pendances de votre choix pour tenir compte des retards ou pour d\u00e9finir les t\u00e2ches qui peuvent \u00eatre commenc\u00e9es plus t\u00f4t. Le retard et l&rsquo;avance sont clairement indiqu\u00e9s de mani\u00e8re \u00e0 avoir un impact visuel.<\/p>\n<\/div>\n<\/div>\n\n\n\n<div class=\"wp-block-group functions__box has-global-padding is-layout-constrained wp-block-group-is-layout-constrained\" style=\"border-radius:20px\">\n<figure class=\"wp-block-image size-full\"><img loading=\"lazy\" decoding=\"async\" width=\"500\" height=\"300\" src=\"https:\/\/zenkit.com\/wp-content\/uploads\/2025\/05\/milestones.webp\" alt=\"Meilensteine\" class=\"wp-image-112246\" srcset=\"https:\/\/zenkit.com\/wp-content\/uploads\/2025\/05\/milestones.webp 500w, https:\/\/zenkit.com\/wp-content\/uploads\/2025\/05\/milestones-300x180.webp 300w\" sizes=\"auto, (max-width: 500px) 100vw, 500px\" \/><\/figure>\n\n\n\n<h3 class=\"wp-block-heading has-text-align-center card__title\">Jalons<\/h3>\n\n\n\n<div class=\"wp-block-group has-global-padding is-layout-constrained wp-block-group-is-layout-constrained\">\n<p class=\"has-text-align-center has-da-grey-1-color has-text-color has-link-color wp-elements-8c8872c686e075425573c975693c3fd2\">Ajoutez des jalons pour marquer clairement les dates importantes ou le d\u00e9but ou la fin des stades du projet. Les jalons sont fixes et ne changent pas lorsque votre calendrier s&rsquo;ajuste automatiquement.<\/p>\n<\/div>\n<\/div>\n\n\n\n<div class=\"wp-block-group functions__box has-global-padding is-layout-constrained wp-block-group-is-layout-constrained\" style=\"border-radius:20px\">\n<figure class=\"wp-block-image size-full\"><img loading=\"lazy\" decoding=\"async\" width=\"500\" height=\"300\" src=\"https:\/\/zenkit.com\/wp-content\/uploads\/2025\/05\/secondary_date_field.webp\" alt=\"Parallele Terminansichten\" class=\"wp-image-112256\" srcset=\"https:\/\/zenkit.com\/wp-content\/uploads\/2025\/05\/secondary_date_field.webp 500w, https:\/\/zenkit.com\/wp-content\/uploads\/2025\/05\/secondary_date_field-300x180.webp 300w\" sizes=\"auto, (max-width: 500px) 100vw, 500px\" \/><\/figure>\n\n\n\n<h3 class=\"wp-block-heading has-text-align-center card__title\">Date Secondaire<\/h3>\n\n\n\n<div class=\"wp-block-group has-global-padding is-layout-constrained wp-block-group-is-layout-constrained\">\n<p class=\"has-text-align-center has-da-grey-1-color has-text-color has-link-color wp-elements-bd7192a47c6e7a150974840070f7a9a7\">Vous pouvez voir deux versions du m\u00eame diagramme de Gantt superpos\u00e9es l&rsquo;une sur l&rsquo;autre et ainsi voir d&rsquo;un seul coup d&rsquo;\u0153il le programme pr\u00e9vu par rapport \u00e0 l&#8217;emploi du temps r\u00e9el. Gr\u00e2ce \u00e0 cette fonction vous pourrez prendre des d\u00e9cisions avis\u00e9es sur la progression du projet.<\/p>\n<\/div>\n<\/div>\n\n\n\n<div class=\"wp-block-group functions__box has-global-padding is-layout-constrained wp-block-group-is-layout-constrained\" style=\"border-radius:20px\">\n<figure class=\"wp-block-image size-full\"><img loading=\"lazy\" decoding=\"async\" width=\"500\" height=\"300\" src=\"https:\/\/zenkit.com\/wp-content\/uploads\/2025\/05\/time_breakdown.webp\" alt=\"Zeitliche Projektorganisation\" class=\"wp-image-112266\" srcset=\"https:\/\/zenkit.com\/wp-content\/uploads\/2025\/05\/time_breakdown.webp 500w, https:\/\/zenkit.com\/wp-content\/uploads\/2025\/05\/time_breakdown-300x180.webp 300w\" sizes=\"auto, (max-width: 500px) 100vw, 500px\" \/><\/figure>\n\n\n\n<h3 class=\"wp-block-heading has-text-align-center card__title\">R\u00e9partition du temps<\/h3>\n\n\n\n<div class=\"wp-block-group has-global-padding is-layout-constrained wp-block-group-is-layout-constrained\">\n<p class=\"has-text-align-center has-da-grey-1-color has-text-color has-link-color wp-elements-44ed57338615e54903afb6dea58c0e27\">Modifiez l&rsquo;\u00e9chelle de temps de votre diagramme de Gantt pour vous adapter \u00e0 vos projets \u00e0 court ou long terme. Vous pouvez agrandir et r\u00e9duire les \u00e9chelles de temps \u00e0 votre guise pour vous plonger dans les d\u00e9tails ou pour voir le diagramme dans son ensemble.<\/p>\n<\/div>\n<\/div>\n<\/div>\n\n\n\n<div style=\"height:88px;--tablet-height:72px;--mobile-height:36px\" class=\"wp-block-lookeen-blocks-responsive-spacer\"><\/div>\n<\/div>\n\n\n\n<div class=\"wp-block-group has-da-blue-light-background-color has-background has-global-padding is-layout-constrained wp-block-group-is-layout-constrained\">\n<div style=\"height:88px;--tablet-height:72px;--mobile-height:36px\" class=\"wp-block-lookeen-blocks-responsive-spacer\"><\/div>\n\n\n\n<div class=\"wp-block-group width--950 has-global-padding is-layout-constrained wp-container-core-group-is-layout-081cea82 wp-block-group-is-layout-constrained\">\n<h2 class=\"wp-block-heading has-text-align-center\" style=\"margin-bottom:8px\">Utilisez Zenkit au travail<\/h2>\n\n\n\n<p class=\"has-text-align-center\">Utilisez Zenkit depuis votre navigateur, ou t\u00e9l\u00e9chargez nos applications de bureau et mobiles.<\/p>\n\n\n\n<p class=\"has-text-align-center\"><\/p>\n\n\n\n<figure class=\"wp-block-image aligncenter size-full\"><img loading=\"lazy\" decoding=\"async\" width=\"636\" height=\"110\" src=\"https:\/\/zenkit.com\/wp-content\/uploads\/2025\/05\/app-downloads-2.webp\" alt=\"Nutzen Sie Zenkit von \u00fcberall aus\" class=\"wp-image-112280\" srcset=\"https:\/\/zenkit.com\/wp-content\/uploads\/2025\/05\/app-downloads-2.webp 636w, https:\/\/zenkit.com\/wp-content\/uploads\/2025\/05\/app-downloads-2-300x52.webp 300w\" sizes=\"auto, (max-width: 636px) 100vw, 636px\" \/><\/figure>\n\n\n\n<div style=\"height:48px;--tablet-height:36px;--mobile-height:24px\" class=\"wp-block-lookeen-blocks-responsive-spacer\"><\/div>\n\n\n\n<p class=\"has-text-align-center\" style=\"margin-bottom:0px\"><a href=\"https:\/\/zenkit.com\/fr\/projects\/plateformes\/\"><a href=\"https:\/\/zenkit.com\/fr\/projects\/plateformes\/\">Obtenir les applications Zenkit<\/a><\/a><\/p>\n<\/div>\n\n\n\n<div style=\"height:88px;--tablet-height:72px;--mobile-height:36px\" class=\"wp-block-lookeen-blocks-responsive-spacer\"><\/div>\n<\/div>\n","protected":false},"excerpt":{"rendered":"<p>Utilisez les diagrammes de Gantt pour g\u00e9rer vos projets les plus complexes Planifiez et suivez vos projets \u00e0 partir d\u2019un calendrier pr\u00e9cis L\u2019affichage Gantt de Zenkit a \u00e9t\u00e9 con\u00e7u dans l\u2019optique de permettre aux \u00e9quipes et aux chefs de projet de suivre et de g\u00e9rer avec pr\u00e9cision l\u2019emploi du temps, les ressources et le personnel [&hellip;]<\/p>\n","protected":false},"author":5,"featured_media":0,"parent":126115,"menu_order":2,"comment_status":"closed","ping_status":"closed","template":"","meta":{"yasr_overall_rating":0,"yasr_post_is_review":"","yasr_auto_insert_disabled":"","yasr_review_type":"","footnotes":""},"class_list":["post-47360","page","type-page","status-publish","hentry"],"yoast_head":"<!-- This site is optimized with the Yoast SEO plugin v27.3 - https:\/\/yoast.com\/product\/yoast-seo-wordpress\/ -->\n<title>Diagramme de Gantt | Zenkit<\/title>\n<meta name=\"description\" content=\"Planifiez des t\u00e2ches directement depuis un calendrier. Ajoutez des d\u00e9pendances, des jalons et un chemin critique. C&#039;est l&#039;outil parfait pour les directeurs de projet ou encore les chefs d&#039;une organisation.\" \/>\n<meta name=\"robots\" content=\"index, follow, max-snippet:-1, max-image-preview:large, max-video-preview:-1\" \/>\n<link rel=\"canonical\" href=\"https:\/\/zenkit.com\/fr\/solutions\/diagramme-de-gantt\/\" \/>\n<meta property=\"og:locale\" content=\"fr_FR\" \/>\n<meta property=\"og:type\" content=\"article\" \/>\n<meta property=\"og:title\" content=\"Diagramme de Gantt | Zenkit\" \/>\n<meta property=\"og:description\" content=\"Planifiez des t\u00e2ches directement depuis un calendrier. Ajoutez des d\u00e9pendances, des jalons et un chemin critique. C&#039;est l&#039;outil parfait pour les directeurs de projet ou encore les chefs d&#039;une organisation.\" \/>\n<meta property=\"og:url\" content=\"https:\/\/zenkit.com\/fr\/solutions\/diagramme-de-gantt\/\" \/>\n<meta property=\"og:site_name\" content=\"Zenkit\" \/>\n<meta property=\"article:publisher\" content=\"https:\/\/www.facebook.com\/ZenkitHQ\" \/>\n<meta property=\"article:modified_time\" content=\"2025-11-03T07:13:15+00:00\" \/>\n<meta property=\"og:image\" content=\"https:\/\/zenkit.com\/wp-content\/uploads\/2025\/05\/task_dependencies.webp\" \/>\n<meta name=\"twitter:card\" content=\"summary_large_image\" \/>\n<meta name=\"twitter:site\" content=\"@ZenkitHQ\" \/>\n<script type=\"application\/ld+json\" class=\"yoast-schema-graph\">{\"@context\":\"https:\\\/\\\/schema.org\",\"@graph\":[{\"@type\":\"WebPage\",\"@id\":\"https:\\\/\\\/zenkit.com\\\/fr\\\/solutions\\\/diagramme-de-gantt\\\/\",\"url\":\"https:\\\/\\\/zenkit.com\\\/fr\\\/solutions\\\/diagramme-de-gantt\\\/\",\"name\":\"Diagramme de Gantt | Zenkit\",\"isPartOf\":{\"@id\":\"https:\\\/\\\/zenkit.com\\\/fr\\\/#website\"},\"primaryImageOfPage\":{\"@id\":\"https:\\\/\\\/zenkit.com\\\/fr\\\/solutions\\\/diagramme-de-gantt\\\/#primaryimage\"},\"image\":{\"@id\":\"https:\\\/\\\/zenkit.com\\\/fr\\\/solutions\\\/diagramme-de-gantt\\\/#primaryimage\"},\"thumbnailUrl\":\"https:\\\/\\\/zenkit.com\\\/wp-content\\\/uploads\\\/2025\\\/05\\\/task_dependencies.webp\",\"datePublished\":\"2020-07-16T14:04:45+00:00\",\"dateModified\":\"2025-11-03T07:13:15+00:00\",\"description\":\"Planifiez des t\u00e2ches directement depuis un calendrier. Ajoutez des d\u00e9pendances, des jalons et un chemin critique. C'est l'outil parfait pour les directeurs de projet ou encore les chefs d'une organisation.\",\"breadcrumb\":{\"@id\":\"https:\\\/\\\/zenkit.com\\\/fr\\\/solutions\\\/diagramme-de-gantt\\\/#breadcrumb\"},\"inLanguage\":\"fr-FR\",\"potentialAction\":[{\"@type\":\"ReadAction\",\"target\":[\"https:\\\/\\\/zenkit.com\\\/fr\\\/solutions\\\/diagramme-de-gantt\\\/\"]}]},{\"@type\":\"ImageObject\",\"inLanguage\":\"fr-FR\",\"@id\":\"https:\\\/\\\/zenkit.com\\\/fr\\\/solutions\\\/diagramme-de-gantt\\\/#primaryimage\",\"url\":\"https:\\\/\\\/zenkit.com\\\/wp-content\\\/uploads\\\/2025\\\/05\\\/task_dependencies.webp\",\"contentUrl\":\"https:\\\/\\\/zenkit.com\\\/wp-content\\\/uploads\\\/2025\\\/05\\\/task_dependencies.webp\"},{\"@type\":\"BreadcrumbList\",\"@id\":\"https:\\\/\\\/zenkit.com\\\/fr\\\/solutions\\\/diagramme-de-gantt\\\/#breadcrumb\",\"itemListElement\":[{\"@type\":\"ListItem\",\"position\":1,\"name\":\"Home\",\"item\":\"https:\\\/\\\/zenkit.com\\\/fr\\\/\"},{\"@type\":\"ListItem\",\"position\":2,\"name\":\"Solutions\",\"item\":\"https:\\\/\\\/zenkit.com\\\/fr\\\/solutions\\\/\"},{\"@type\":\"ListItem\",\"position\":3,\"name\":\"Gantt View\"}]},{\"@type\":\"WebSite\",\"@id\":\"https:\\\/\\\/zenkit.com\\\/fr\\\/#website\",\"url\":\"https:\\\/\\\/zenkit.com\\\/fr\\\/\",\"name\":\"Zenkit\",\"description\":\"Zenkit Tagline\",\"potentialAction\":[{\"@type\":\"SearchAction\",\"target\":{\"@type\":\"EntryPoint\",\"urlTemplate\":\"https:\\\/\\\/zenkit.com\\\/fr\\\/?s={search_term_string}\"},\"query-input\":{\"@type\":\"PropertyValueSpecification\",\"valueRequired\":true,\"valueName\":\"search_term_string\"}}],\"inLanguage\":\"fr-FR\"},false]}<\/script>\n<!-- \/ Yoast SEO plugin. -->","yoast_head_json":{"title":"Diagramme de Gantt | Zenkit","description":"Planifiez des t\u00e2ches directement depuis un calendrier. Ajoutez des d\u00e9pendances, des jalons et un chemin critique. C'est l'outil parfait pour les directeurs de projet ou encore les chefs d'une organisation.","robots":{"index":"index","follow":"follow","max-snippet":"max-snippet:-1","max-image-preview":"max-image-preview:large","max-video-preview":"max-video-preview:-1"},"canonical":"https:\/\/zenkit.com\/fr\/solutions\/diagramme-de-gantt\/","og_locale":"fr_FR","og_type":"article","og_title":"Diagramme de Gantt | Zenkit","og_description":"Planifiez des t\u00e2ches directement depuis un calendrier. Ajoutez des d\u00e9pendances, des jalons et un chemin critique. C'est l'outil parfait pour les directeurs de projet ou encore les chefs d'une organisation.","og_url":"https:\/\/zenkit.com\/fr\/solutions\/diagramme-de-gantt\/","og_site_name":"Zenkit","article_publisher":"https:\/\/www.facebook.com\/ZenkitHQ","article_modified_time":"2025-11-03T07:13:15+00:00","og_image":[{"url":"https:\/\/zenkit.com\/wp-content\/uploads\/2025\/05\/task_dependencies.webp","type":"","width":"","height":""}],"twitter_card":"summary_large_image","twitter_site":"@ZenkitHQ","schema":{"@context":"https:\/\/schema.org","@graph":[{"@type":"WebPage","@id":"https:\/\/zenkit.com\/fr\/solutions\/diagramme-de-gantt\/","url":"https:\/\/zenkit.com\/fr\/solutions\/diagramme-de-gantt\/","name":"Diagramme de Gantt | Zenkit","isPartOf":{"@id":"https:\/\/zenkit.com\/fr\/#website"},"primaryImageOfPage":{"@id":"https:\/\/zenkit.com\/fr\/solutions\/diagramme-de-gantt\/#primaryimage"},"image":{"@id":"https:\/\/zenkit.com\/fr\/solutions\/diagramme-de-gantt\/#primaryimage"},"thumbnailUrl":"https:\/\/zenkit.com\/wp-content\/uploads\/2025\/05\/task_dependencies.webp","datePublished":"2020-07-16T14:04:45+00:00","dateModified":"2025-11-03T07:13:15+00:00","description":"Planifiez des t\u00e2ches directement depuis un calendrier. Ajoutez des d\u00e9pendances, des jalons et un chemin critique. C'est l'outil parfait pour les directeurs de projet ou encore les chefs d'une organisation.","breadcrumb":{"@id":"https:\/\/zenkit.com\/fr\/solutions\/diagramme-de-gantt\/#breadcrumb"},"inLanguage":"fr-FR","potentialAction":[{"@type":"ReadAction","target":["https:\/\/zenkit.com\/fr\/solutions\/diagramme-de-gantt\/"]}]},{"@type":"ImageObject","inLanguage":"fr-FR","@id":"https:\/\/zenkit.com\/fr\/solutions\/diagramme-de-gantt\/#primaryimage","url":"https:\/\/zenkit.com\/wp-content\/uploads\/2025\/05\/task_dependencies.webp","contentUrl":"https:\/\/zenkit.com\/wp-content\/uploads\/2025\/05\/task_dependencies.webp"},{"@type":"BreadcrumbList","@id":"https:\/\/zenkit.com\/fr\/solutions\/diagramme-de-gantt\/#breadcrumb","itemListElement":[{"@type":"ListItem","position":1,"name":"Home","item":"https:\/\/zenkit.com\/fr\/"},{"@type":"ListItem","position":2,"name":"Solutions","item":"https:\/\/zenkit.com\/fr\/solutions\/"},{"@type":"ListItem","position":3,"name":"Gantt View"}]},{"@type":"WebSite","@id":"https:\/\/zenkit.com\/fr\/#website","url":"https:\/\/zenkit.com\/fr\/","name":"Zenkit","description":"Zenkit Tagline","potentialAction":[{"@type":"SearchAction","target":{"@type":"EntryPoint","urlTemplate":"https:\/\/zenkit.com\/fr\/?s={search_term_string}"},"query-input":{"@type":"PropertyValueSpecification","valueRequired":true,"valueName":"search_term_string"}}],"inLanguage":"fr-FR"},false]}},"yasr_visitor_votes":{"stars_attributes":{"read_only":false,"span_bottom":false},"number_of_votes":0,"sum_votes":0},"_links":{"self":[{"href":"https:\/\/zenkit.com\/fr\/wp-json\/wp\/v2\/pages\/47360","targetHints":{"allow":["GET"]}}],"collection":[{"href":"https:\/\/zenkit.com\/fr\/wp-json\/wp\/v2\/pages"}],"about":[{"href":"https:\/\/zenkit.com\/fr\/wp-json\/wp\/v2\/types\/page"}],"author":[{"embeddable":true,"href":"https:\/\/zenkit.com\/fr\/wp-json\/wp\/v2\/users\/5"}],"replies":[{"embeddable":true,"href":"https:\/\/zenkit.com\/fr\/wp-json\/wp\/v2\/comments?post=47360"}],"version-history":[{"count":1,"href":"https:\/\/zenkit.com\/fr\/wp-json\/wp\/v2\/pages\/47360\/revisions"}],"predecessor-version":[{"id":128199,"href":"https:\/\/zenkit.com\/fr\/wp-json\/wp\/v2\/pages\/47360\/revisions\/128199"}],"up":[{"embeddable":true,"href":"https:\/\/zenkit.com\/fr\/wp-json\/wp\/v2\/pages\/126115"}],"wp:attachment":[{"href":"https:\/\/zenkit.com\/fr\/wp-json\/wp\/v2\/media?parent=47360"}],"curies":[{"name":"wp","href":"https:\/\/api.w.org\/{rel}","templated":true}]}}