{"id":60917,"date":"2021-04-21T14:12:34","date_gmt":"2021-04-21T12:12:34","guid":{"rendered":"https:\/\/zenkit.com\/tutorials-re\/"},"modified":"2025-09-15T22:46:14","modified_gmt":"2025-09-15T20:46:14","slug":"tutoriels","status":"publish","type":"page","link":"https:\/\/zenkit.com\/fr\/tutoriels\/","title":{"rendered":"Tutoriels"},"content":{"rendered":"\n<div class=\"wp-block-group page__header has-global-padding is-layout-constrained wp-block-group-is-layout-constrained\">\n<div class=\"wp-block-group width--950 has-global-padding is-layout-constrained wp-block-group-is-layout-constrained\">\n<div style=\"height:45px;--tablet-height:45px;--mobile-height:16px\" class=\"wp-block-lookeen-blocks-responsive-spacer\"><\/div>\n\n\n\n<div class=\"wp-block-group has-global-padding is-layout-constrained wp-block-group-is-layout-constrained\">\n<h1 class=\"wp-block-heading has-text-align-center\" style=\"margin-bottom:8px\">Guides<\/h1>\n<\/div>\n\n\n\n<div class=\"wp-block-group has-global-padding is-layout-constrained wp-block-group-is-layout-constrained\">\n<p class=\"has-text-align-center subheading\">Des le\u00e7ons pour les d\u00e9butants. Apprenez les bases de Zenkit et ses fonctions essentielles.<\/p>\n<\/div>\n\n\n\n<div style=\"height:48px;--tablet-height:36px;--mobile-height:24px\" class=\"wp-block-lookeen-blocks-responsive-spacer\"><\/div>\n<\/div>\n<\/div>\n\n\n\n<div class=\"wp-block-group has-global-padding is-layout-constrained wp-block-group-is-layout-constrained\">\n<div class=\"wp-block-zenkit-blocks-js-search\"><div class=\"da__search-wrapper\"><input type=\"search\" placeholder=\"Chercher\" aria-label=\"Search\" data-target=\"videos\"\/><svg xmlns=\"http:\/\/www.w3.org\/2000\/svg\" width=\"20\" height=\"20\" viewBox=\"0 0 20 20\" fill=\"none\"><g clip-path=\"url(#clip0_11309_6679)\"><path d=\"M19.6848 18.1668L14.9689 13.4517C16.2884 11.9805 17.036 10.0771 17.036 8.07122C17.036 3.62049 13.4155 0 8.96478 0C4.51405 0 0.892578 3.62049 0.892578 8.07122C0.892578 12.522 4.51404 16.1434 8.96478 16.1434C10.5206 16.1434 12.0358 15.6854 13.3318 14.8507L18.1667 19.6849C18.3765 19.8947 18.6506 20 18.9257 20C19.2009 20 19.476 19.8946 19.6848 19.6849C20.1043 19.2654 20.1043 18.5854 19.6848 18.1668ZM3.04087 8.07122C3.04087 4.80488 5.69843 2.14829 8.96477 2.14829C12.2311 2.14829 14.8877 4.80488 14.8877 8.07122C14.8877 9.82732 14.116 11.4819 12.7696 12.6117C11.7072 13.5044 10.356 13.9951 8.96477 13.9951C5.69843 13.9951 3.04087 11.3376 3.04087 8.07122Z\" fill=\"\"><\/path><\/g><defs><clipPath id=\"clip0_11309_6679\"><rect width=\"19.1068\" height=\"20\" fill=\"white\" transform=\"translate(0.892578)\"><\/rect><\/clipPath><\/defs><\/svg><button type=\"button\" class=\"da__clear-btn\" aria-label=\"Clear search\" style=\"display:none\">\u00d7<\/button><\/div><\/div>\n\n\n\n<div style=\"height:48px;--tablet-height:36px;--mobile-height:24px\" class=\"wp-block-lookeen-blocks-responsive-spacer\"><\/div>\n\n\n\n<div class=\"wp-block-group videos has-global-padding is-layout-constrained wp-block-group-is-layout-constrained\">\n<div class=\"wp-block-group has-global-padding is-layout-constrained wp-block-group-is-layout-constrained\">\n<div class=\"wp-block-group video__container-grid has-global-padding is-layout-constrained wp-block-group-is-layout-constrained\">\n<div class=\"wp-block-group video__container has-global-padding is-layout-constrained wp-block-group-is-layout-constrained\">\n<iframe loading=\"lazy\" width=\"560\" height=\"315\" src=\"https:\/\/www.youtube.com\/embed\/dlrb7Xesp-U?si=1NJ61_eD_yeYpA-7\" title=\"YouTube video player\" frameborder=\"0\" allow=\"accelerometer; autoplay; clipboard-write; encrypted-media; gyroscope; picture-in-picture; web-share\" referrerpolicy=\"strict-origin-when-cross-origin\" allowfullscreen><\/iframe>\n\n\n\n<p class=\"has-text-align-center card__title has-da-grey-2-color has-text-color has-link-color wp-elements-29f6009e07cc6ab1ec7fc6405c31b0ef\">Cette vid\u00e9o vous explique comment utiliser les collections, les champs et les vues de Zenkit.<\/p>\n<\/div>\n\n\n\n<div class=\"wp-block-group video__container has-global-padding is-layout-constrained wp-block-group-is-layout-constrained\">\n<iframe loading=\"lazy\" width=\"560\" height=\"315\" src=\"https:\/\/www.youtube.com\/embed\/PCBr4lUjG3Y?si=RcMz1HtvPCcYOXUs\" title=\"YouTube video player\" frameborder=\"0\" allow=\"accelerometer; autoplay; clipboard-write; encrypted-media; gyroscope; picture-in-picture; web-share\" referrerpolicy=\"strict-origin-when-cross-origin\" allowfullscreen><\/iframe>\n\n\n\n<p class=\"has-text-align-center card__title has-da-grey-2-color has-text-color has-link-color wp-elements-0f5f89ba33df3bb4f21b09fb73f17e6a\">Une introduction pour les personnes qui changent de Trello \u00e0 Zenkit. Apprenez comment importer vos tableaux Trello et quels sont les avantages de Zenkit.<\/p>\n<\/div>\n\n\n\n<div class=\"wp-block-group video__container has-global-padding is-layout-constrained wp-block-group-is-layout-constrained\">\n<iframe loading=\"lazy\" width=\"560\" height=\"315\" src=\"https:\/\/www.youtube.com\/embed\/O5J4w8f4Bz8?si=_WRKyfbzk4tJnm8c\" title=\"YouTube video player\" frameborder=\"0\" allow=\"accelerometer; autoplay; clipboard-write; encrypted-media; gyroscope; picture-in-picture; web-share\" referrerpolicy=\"strict-origin-when-cross-origin\" allowfullscreen><\/iframe>\n\n\n\n<p class=\"has-text-align-center card__title has-da-grey-1-color has-text-color has-link-color wp-elements-378c75ae2cd477011c39d84238e2fad3\">Une explication des champs personnalis\u00e9s de Zenkit.<\/p>\n<\/div>\n<\/div>\n<\/div>\n\n\n\n<div style=\"height:88px;--tablet-height:72px;--mobile-height:40px\" class=\"wp-block-lookeen-blocks-responsive-spacer\"><\/div>\n\n\n\n<div class=\"wp-block-group has-global-padding is-layout-constrained wp-block-group-is-layout-constrained\">\n<h2 class=\"wp-block-heading has-text-align-center display-h1\" style=\"margin-bottom:8px\">Les Vues<\/h2>\n\n\n\n<p class=\"has-text-align-center is-style-subtext\" style=\"margin-bottom:0px\">Des le\u00e7ons avanc\u00e9es sur les diff\u00e9rentes vues disponibles sur Zenkit.<\/p>\n\n\n\n<div style=\"height:48px;--tablet-height:36px;--mobile-height:24px\" class=\"wp-block-lookeen-blocks-responsive-spacer\"><\/div>\n\n\n\n<div class=\"wp-block-group video__container-grid has-global-padding is-layout-constrained wp-block-group-is-layout-constrained\">\n<div class=\"wp-block-group video__container has-global-padding is-layout-constrained wp-block-group-is-layout-constrained\">\n<iframe loading=\"lazy\" width=\"560\" height=\"315\" src=\"https:\/\/www.youtube.com\/embed\/AuPXZeKhwyY?si=SHz3FDQ98yuCqiVZ\" title=\"YouTube video player\" frameborder=\"0\" allow=\"accelerometer; autoplay; clipboard-write; encrypted-media; gyroscope; picture-in-picture; web-share\" referrerpolicy=\"strict-origin-when-cross-origin\" allowfullscreen><\/iframe>\n\n\n\n<p class=\"has-text-align-center card__title has-da-grey-2-color has-text-color has-link-color wp-elements-df5e8baf624600e926e84d64755f0757\">Une vid\u00e9o sur les fonctions du tableau kanban de Zenkit.<\/p>\n<\/div>\n\n\n\n<div class=\"wp-block-group video__container has-global-padding is-layout-constrained wp-block-group-is-layout-constrained\">\n<iframe loading=\"lazy\" width=\"560\" height=\"315\" src=\"https:\/\/www.youtube.com\/embed\/EbyKCvf9_DQ?si=aMwaBrknLPbgMx-7\" title=\"YouTube video player\" frameborder=\"0\" allow=\"accelerometer; autoplay; clipboard-write; encrypted-media; gyroscope; picture-in-picture; web-share\" referrerpolicy=\"strict-origin-when-cross-origin\" allowfullscreen><\/iframe>\n\n\n\n<p class=\"has-text-align-center card__title has-da-grey-2-color has-text-color has-link-color wp-elements-5bd839c7ddccdb22d4d76f9c4540f89b\">Une vid\u00e9o sur les fonctions de la vue tableur de Zenkit.<\/p>\n<\/div>\n\n\n\n<div class=\"wp-block-group video__container has-global-padding is-layout-constrained wp-block-group-is-layout-constrained\">\n<iframe loading=\"lazy\" width=\"560\" height=\"315\" src=\"https:\/\/www.youtube.com\/embed\/0KgEbJ3Q8gI?si=KnB8AIipkxTf8sDw\" title=\"YouTube video player\" frameborder=\"0\" allow=\"accelerometer; autoplay; clipboard-write; encrypted-media; gyroscope; picture-in-picture; web-share\" referrerpolicy=\"strict-origin-when-cross-origin\" allowfullscreen><\/iframe>\n\n\n\n<p class=\"has-text-align-center card__title has-da-grey-1-color has-text-color has-link-color wp-elements-eecdbc99eb0614df39923c2a7eec56df\">Comment utiliser les champs de date et la vue calendrier.<\/p>\n<\/div>\n\n\n\n<div class=\"wp-block-group video__container has-global-padding is-layout-constrained wp-block-group-is-layout-constrained\">\n<iframe loading=\"lazy\" width=\"560\" height=\"315\" src=\"https:\/\/www.youtube.com\/embed\/wc-wG_sTlS0?si=8alVSaVHK3iOQ1lV\" title=\"YouTube video player\" frameborder=\"0\" allow=\"accelerometer; autoplay; clipboard-write; encrypted-media; gyroscope; picture-in-picture; web-share\" referrerpolicy=\"strict-origin-when-cross-origin\" allowfullscreen><\/iframe>\n\n\n\n<p class=\"has-text-align-center card__title has-da-grey-1-color has-text-color has-link-color wp-elements-db666fb2de106ca7fd8828ed2225bb9a\">Une explication des fonctions de la vue liste de Zenkit.<\/p>\n<\/div>\n\n\n\n<div class=\"wp-block-group video__container has-global-padding is-layout-constrained wp-block-group-is-layout-constrained\">\n<iframe loading=\"lazy\" width=\"560\" height=\"315\" src=\"https:\/\/www.youtube.com\/embed\/wICBOV2ZLmM?si=ESqRd4bcNeczD2cC\" title=\"YouTube video player\" frameborder=\"0\" allow=\"accelerometer; autoplay; clipboard-write; encrypted-media; gyroscope; picture-in-picture; web-share\" referrerpolicy=\"strict-origin-when-cross-origin\" allowfullscreen><\/iframe>\n\n\n\n<p class=\"has-text-align-center card__title has-da-grey-1-color has-text-color has-link-color wp-elements-426e9fb0e0f7cfe34180e9f10ac12639\">Une vid\u00e9o sur les fonctions de la vue carte mentale de Zenkit.<\/p>\n<\/div>\n<\/div>\n<\/div>\n\n\n\n<div style=\"height:88px;--tablet-height:72px;--mobile-height:40px\" class=\"wp-block-lookeen-blocks-responsive-spacer\"><\/div>\n\n\n\n<div class=\"wp-block-group has-global-padding is-layout-constrained wp-block-group-is-layout-constrained\">\n<h2 class=\"wp-block-heading has-text-align-center display-h1\" style=\"margin-bottom:8px\">Fonctions avanc\u00e9es<\/h2>\n\n\n\n<p class=\"has-text-align-center is-style-subtext\" style=\"margin-bottom:0px\">Acqu\u00e9rez une compr\u00e9hension approfondie des fonctions les plus complexes de Zenkit.<\/p>\n\n\n\n<div style=\"height:48px;--tablet-height:36px;--mobile-height:24px\" class=\"wp-block-lookeen-blocks-responsive-spacer\"><\/div>\n\n\n\n<div class=\"wp-block-group video__container-grid has-global-padding is-layout-constrained wp-block-group-is-layout-constrained\">\n<div class=\"wp-block-group video__container has-global-padding is-layout-constrained wp-block-group-is-layout-constrained\">\n<iframe loading=\"lazy\" width=\"560\" height=\"315\" src=\"https:\/\/www.youtube.com\/embed\/D6G0Ec39Cxc?si=dN_2hdkwkGmg-8eu\" title=\"YouTube video player\" frameborder=\"0\" allow=\"accelerometer; autoplay; clipboard-write; encrypted-media; gyroscope; picture-in-picture; web-share\" referrerpolicy=\"strict-origin-when-cross-origin\" allowfullscreen><\/iframe>\n\n\n\n<p class=\"has-text-align-center card__title has-da-grey-2-color has-text-color has-link-color wp-elements-f24250aba1ebe7fe659e90a7ea874357\">Comment ajouter des membres \u00e0 vos workspaces et \u00e0 vos collections, voir les activit\u00e9s et commenter des items.<\/p>\n<\/div>\n\n\n\n<div class=\"wp-block-group video__container has-global-padding is-layout-constrained wp-block-group-is-layout-constrained\">\n<iframe loading=\"lazy\" width=\"560\" height=\"315\" src=\"https:\/\/www.youtube.com\/embed\/genNxGN7zCU?si=qVfebQ5miJmUC-mA\" title=\"YouTube video player\" frameborder=\"0\" allow=\"accelerometer; autoplay; clipboard-write; encrypted-media; gyroscope; picture-in-picture; web-share\" referrerpolicy=\"strict-origin-when-cross-origin\" allowfullscreen><\/iframe>\n\n\n\n<p class=\"has-text-align-center card__title has-da-grey-2-color has-text-color has-link-color wp-elements-f7aedc74b25bb032a3dab608b07b8154\">Une vid\u00e9o sur la cr\u00e9ation des champs de formule.<\/p>\n<\/div>\n\n\n\n<div class=\"wp-block-group video__container has-global-padding is-layout-constrained wp-block-group-is-layout-constrained\">\n<iframe loading=\"lazy\" width=\"560\" height=\"315\" src=\"https:\/\/www.youtube.com\/embed\/Jwci_4SbUAU?si=RGY8Mu0NrQrfQcaK\" title=\"YouTube video player\" frameborder=\"0\" allow=\"accelerometer; autoplay; clipboard-write; encrypted-media; gyroscope; picture-in-picture; web-share\" referrerpolicy=\"strict-origin-when-cross-origin\" allowfullscreen><\/iframe>\n\n\n\n<p class=\"has-text-align-center card__title has-da-grey-1-color has-text-color has-link-color wp-elements-fb8e926b90a5a60866d98505cd780bb5\">Comment cr\u00e9er des r\u00e9f\u00e9rences entre des collections et les utiliser dans des formules d\u2019agr\u00e9gation.<\/p>\n<\/div>\n\n\n\n<div class=\"wp-block-group video__container has-global-padding is-layout-constrained wp-block-group-is-layout-constrained\">\n<iframe loading=\"lazy\" width=\"560\" height=\"315\" src=\"https:\/\/www.youtube.com\/embed\/4ZvnJRmuwIo?si=sVa9mMhfp3CW3JAu\" title=\"YouTube video player\" frameborder=\"0\" allow=\"accelerometer; autoplay; clipboard-write; encrypted-media; gyroscope; picture-in-picture; web-share\" referrerpolicy=\"strict-origin-when-cross-origin\" allowfullscreen><\/iframe>\n\n\n\n<p class=\"has-text-align-center card__title has-da-grey-1-color has-text-color has-link-color wp-elements-e3a71b619d235396e0696342df4c2543\">Comment utiliser des actions group\u00e9es pour travailler plus rapidement.<\/p>\n<\/div>\n\n\n\n<div class=\"wp-block-group video__container has-global-padding is-layout-constrained wp-block-group-is-layout-constrained\">\n<iframe loading=\"lazy\" width=\"560\" height=\"315\" src=\"https:\/\/www.youtube.com\/embed\/tdlwBw1pMpI?si=LJIEk7SOEHcyPSxS\" title=\"YouTube video player\" frameborder=\"0\" allow=\"accelerometer; autoplay; clipboard-write; encrypted-media; gyroscope; picture-in-picture; web-share\" referrerpolicy=\"strict-origin-when-cross-origin\" allowfullscreen><\/iframe>\n\n\n\n<p class=\"has-text-align-center card__title has-da-grey-1-color has-text-color has-link-color wp-elements-dba73958321cd14b58a13eae1750da42\">Comment transf\u00e9rer des collections entre workspaces et des items entre collections.<\/p>\n<\/div>\n\n\n\n<div class=\"wp-block-group video__container has-global-padding is-layout-constrained wp-block-group-is-layout-constrained\">\n<iframe loading=\"lazy\" width=\"560\" height=\"315\" src=\"https:\/\/www.youtube.com\/embed\/mtdM6RxFiE0?si=s6dll2u3qkmMbHGk\" title=\"YouTube video player\" frameborder=\"0\" allow=\"accelerometer; autoplay; clipboard-write; encrypted-media; gyroscope; picture-in-picture; web-share\" referrerpolicy=\"strict-origin-when-cross-origin\" allowfullscreen><\/iframe>\n\n\n\n<p class=\"has-text-align-center card__title has-da-grey-1-color has-text-color has-link-color wp-elements-faa2736060566148dcca09eb990340ce\">Une explication des options de votre compte Zenkit et de vos param\u00e8tres de mot de passe.<\/p>\n<\/div>\n\n\n\n<div class=\"wp-block-group video__container has-global-padding is-layout-constrained wp-block-group-is-layout-constrained\">\n<iframe loading=\"lazy\" width=\"560\" height=\"315\" src=\"https:\/\/www.youtube.com\/embed\/P_pOIEMnrrI?si=UL8NoN1XlXcLV_yF\" title=\"YouTube video player\" frameborder=\"0\" allow=\"accelerometer; autoplay; clipboard-write; encrypted-media; gyroscope; picture-in-picture; web-share\" referrerpolicy=\"strict-origin-when-cross-origin\" allowfullscreen><\/iframe>\n\n\n\n<p class=\"has-text-align-center card__title has-da-grey-1-color has-text-color has-link-color wp-elements-1edaa65d65222af7b548a1e77376ecb3\">Comment utiliser les filtres sur Zenkit.<\/p>\n<\/div>\n\n\n\n<div class=\"wp-block-group video__container has-global-padding is-layout-constrained wp-block-group-is-layout-constrained\">\n<iframe loading=\"lazy\" width=\"560\" height=\"315\" src=\"https:\/\/www.youtube.com\/embed\/SyHqkXSd9Dw?si=q66bSJKVoEdZji7d\" title=\"YouTube video player\" frameborder=\"0\" allow=\"accelerometer; autoplay; clipboard-write; encrypted-media; gyroscope; picture-in-picture; web-share\" referrerpolicy=\"strict-origin-when-cross-origin\" allowfullscreen><\/iframe>\n\n\n\n<p class=\"has-text-align-center card__title has-da-grey-1-color has-text-color has-link-color wp-elements-f78035d4ccee5adceb98280190c1b723\">Apprenez comment convertir diff\u00e9rents types de champs.<\/p>\n<\/div>\n\n\n\n<div class=\"wp-block-group video__container has-global-padding is-layout-constrained wp-block-group-is-layout-constrained\">\n<iframe loading=\"lazy\" width=\"560\" height=\"315\" src=\"https:\/\/www.youtube.com\/embed\/X_HcbP1MunQ?si=jQte-D5kiDugXhm9\" title=\"YouTube video player\" frameborder=\"0\" allow=\"accelerometer; autoplay; clipboard-write; encrypted-media; gyroscope; picture-in-picture; web-share\" referrerpolicy=\"strict-origin-when-cross-origin\" allowfullscreen><\/iframe>\n\n\n\n<p class=\"has-text-align-center card__title has-da-grey-1-color has-text-color has-link-color wp-elements-feca2425c0c5d26f3881595e36549231\">Agrandissez votre vue pour voir plus de d\u00e9tails ou gardez votre espace de travail propre et simple. D\u00e9couvrez comment utiliser le zoom et comment changer l\u2019ordre des champs.<\/p>\n<\/div>\n\n\n\n<div class=\"wp-block-group video__container has-global-padding is-layout-constrained wp-block-group-is-layout-constrained\">\n<iframe loading=\"lazy\" width=\"560\" height=\"315\" src=\"https:\/\/www.youtube.com\/embed\/lqV32njC96w?si=qhk-do0eUfIuilpZ\" title=\"YouTube video player\" frameborder=\"0\" allow=\"accelerometer; autoplay; clipboard-write; encrypted-media; gyroscope; picture-in-picture; web-share\" referrerpolicy=\"strict-origin-when-cross-origin\" allowfullscreen><\/iframe>\n\n\n\n<p class=\"has-text-align-center card__title has-da-grey-1-color has-text-color has-link-color wp-elements-6124ec452594d2a1970c4b16c9453bb7\">Une vid\u00e9o sur l\u2019utilisation d\u2019ic\u00f4nes personnalis\u00e9es pour vos collections.<\/p>\n<\/div>\n\n\n\n<div class=\"wp-block-group video__container has-global-padding is-layout-constrained wp-block-group-is-layout-constrained\">\n<iframe loading=\"lazy\" width=\"560\" height=\"315\" src=\"https:\/\/www.youtube.com\/embed\/joGEeKnaTHo?si=T9jXivvk1bMKUUN0\" title=\"YouTube video player\" frameborder=\"0\" allow=\"accelerometer; autoplay; clipboard-write; encrypted-media; gyroscope; picture-in-picture; web-share\" referrerpolicy=\"strict-origin-when-cross-origin\" allowfullscreen><\/iframe>\n\n\n\n<p class=\"has-text-align-center card__title has-da-grey-1-color has-text-color has-link-color wp-elements-d39980abd7d22f1fa3d392028811edf2\">Comment g\u00e9rer des fichiers et les organiser en utilisant les champs de fichier.<\/p>\n<\/div>\n\n\n\n<div class=\"wp-block-group video__container has-global-padding is-layout-constrained wp-block-group-is-layout-constrained\">\n<iframe loading=\"lazy\" width=\"560\" height=\"315\" src=\"https:\/\/www.youtube.com\/embed\/OuNezLRPXVU?si=hYtwAhv4Y_U89dgg\" title=\"YouTube video player\" frameborder=\"0\" allow=\"accelerometer; autoplay; clipboard-write; encrypted-media; gyroscope; picture-in-picture; web-share\" referrerpolicy=\"strict-origin-when-cross-origin\" allowfullscreen><\/iframe>\n\n\n\n<p class=\"has-text-align-center card__title has-da-grey-1-color has-text-color has-link-color wp-elements-1ced58ccd9e49d9503b0e343cb9bdc6c\">Comment cr\u00e9er des images de fond personnalis\u00e9es, des types d\u2019items et des th\u00e8mes.<\/p>\n<\/div>\n<\/div>\n<\/div>\n<\/div>\n<\/div>\n\n\n\n<div style=\"height:110px;--tablet-height:60px;--mobile-height:48px\" class=\"wp-block-lookeen-blocks-responsive-spacer\"><\/div>\n\n\n\n<p><\/p>\n","protected":false},"excerpt":{"rendered":"<p>Guides Des le\u00e7ons pour les d\u00e9butants. Apprenez les bases de Zenkit et ses fonctions essentielles. Cette vid\u00e9o vous explique comment utiliser les collections, les champs et les vues de Zenkit. Une introduction pour les personnes qui changent de Trello \u00e0 Zenkit. Apprenez comment importer vos tableaux Trello et quels sont les avantages de Zenkit. Une [&hellip;]<\/p>\n","protected":false},"author":28,"featured_media":0,"parent":0,"menu_order":16,"comment_status":"closed","ping_status":"closed","template":"","meta":{"yasr_overall_rating":0,"yasr_post_is_review":"","yasr_auto_insert_disabled":"","yasr_review_type":"","footnotes":""},"class_list":["post-60917","page","type-page","status-publish","hentry"],"yoast_head":"<!-- This site is optimized with the Yoast SEO plugin v27.3 - https:\/\/yoast.com\/product\/yoast-seo-wordpress\/ -->\n<title>Tutoriels | Zenkit<\/title>\n<meta name=\"robots\" content=\"index, follow, max-snippet:-1, max-image-preview:large, max-video-preview:-1\" \/>\n<link rel=\"canonical\" href=\"https:\/\/zenkit.com\/fr\/tutoriels\/\" \/>\n<meta property=\"og:locale\" content=\"fr_FR\" \/>\n<meta property=\"og:type\" content=\"article\" \/>\n<meta property=\"og:title\" content=\"Tutoriels | Zenkit\" \/>\n<meta property=\"og:description\" content=\"Guides Des le\u00e7ons pour les d\u00e9butants. Apprenez les bases de Zenkit et ses fonctions essentielles. Cette vid\u00e9o vous explique comment utiliser les collections, les champs et les vues de Zenkit. Une introduction pour les personnes qui changent de Trello \u00e0 Zenkit. Apprenez comment importer vos tableaux Trello et quels sont les avantages de Zenkit. Une [&hellip;]\" \/>\n<meta property=\"og:url\" content=\"https:\/\/zenkit.com\/fr\/tutoriels\/\" \/>\n<meta property=\"og:site_name\" content=\"Zenkit\" \/>\n<meta property=\"article:publisher\" content=\"https:\/\/www.facebook.com\/ZenkitHQ\" \/>\n<meta property=\"article:modified_time\" content=\"2025-09-15T20:46:14+00:00\" \/>\n<meta name=\"twitter:card\" content=\"summary_large_image\" \/>\n<meta name=\"twitter:site\" content=\"@ZenkitHQ\" \/>\n<script type=\"application\/ld+json\" class=\"yoast-schema-graph\">{\"@context\":\"https:\\\/\\\/schema.org\",\"@graph\":[{\"@type\":\"WebPage\",\"@id\":\"https:\\\/\\\/zenkit.com\\\/fr\\\/tutoriels\\\/\",\"url\":\"https:\\\/\\\/zenkit.com\\\/fr\\\/tutoriels\\\/\",\"name\":\"Tutoriels | Zenkit\",\"isPartOf\":{\"@id\":\"https:\\\/\\\/zenkit.com\\\/fr\\\/#website\"},\"datePublished\":\"2021-04-21T12:12:34+00:00\",\"dateModified\":\"2025-09-15T20:46:14+00:00\",\"breadcrumb\":{\"@id\":\"https:\\\/\\\/zenkit.com\\\/fr\\\/tutoriels\\\/#breadcrumb\"},\"inLanguage\":\"fr-FR\",\"potentialAction\":[{\"@type\":\"ReadAction\",\"target\":[\"https:\\\/\\\/zenkit.com\\\/fr\\\/tutoriels\\\/\"]}]},{\"@type\":\"BreadcrumbList\",\"@id\":\"https:\\\/\\\/zenkit.com\\\/fr\\\/tutoriels\\\/#breadcrumb\",\"itemListElement\":[{\"@type\":\"ListItem\",\"position\":1,\"name\":\"Home\",\"item\":\"https:\\\/\\\/zenkit.com\\\/fr\\\/\"},{\"@type\":\"ListItem\",\"position\":2,\"name\":\"Tutoriels\"}]},{\"@type\":\"WebSite\",\"@id\":\"https:\\\/\\\/zenkit.com\\\/fr\\\/#website\",\"url\":\"https:\\\/\\\/zenkit.com\\\/fr\\\/\",\"name\":\"Zenkit\",\"description\":\"Zenkit Tagline\",\"potentialAction\":[{\"@type\":\"SearchAction\",\"target\":{\"@type\":\"EntryPoint\",\"urlTemplate\":\"https:\\\/\\\/zenkit.com\\\/fr\\\/?s={search_term_string}\"},\"query-input\":{\"@type\":\"PropertyValueSpecification\",\"valueRequired\":true,\"valueName\":\"search_term_string\"}}],\"inLanguage\":\"fr-FR\"},false]}<\/script>\n<!-- \/ Yoast SEO plugin. -->","yoast_head_json":{"title":"Tutoriels | Zenkit","robots":{"index":"index","follow":"follow","max-snippet":"max-snippet:-1","max-image-preview":"max-image-preview:large","max-video-preview":"max-video-preview:-1"},"canonical":"https:\/\/zenkit.com\/fr\/tutoriels\/","og_locale":"fr_FR","og_type":"article","og_title":"Tutoriels | Zenkit","og_description":"Guides Des le\u00e7ons pour les d\u00e9butants. Apprenez les bases de Zenkit et ses fonctions essentielles. Cette vid\u00e9o vous explique comment utiliser les collections, les champs et les vues de Zenkit. Une introduction pour les personnes qui changent de Trello \u00e0 Zenkit. Apprenez comment importer vos tableaux Trello et quels sont les avantages de Zenkit. Une [&hellip;]","og_url":"https:\/\/zenkit.com\/fr\/tutoriels\/","og_site_name":"Zenkit","article_publisher":"https:\/\/www.facebook.com\/ZenkitHQ","article_modified_time":"2025-09-15T20:46:14+00:00","twitter_card":"summary_large_image","twitter_site":"@ZenkitHQ","schema":{"@context":"https:\/\/schema.org","@graph":[{"@type":"WebPage","@id":"https:\/\/zenkit.com\/fr\/tutoriels\/","url":"https:\/\/zenkit.com\/fr\/tutoriels\/","name":"Tutoriels | Zenkit","isPartOf":{"@id":"https:\/\/zenkit.com\/fr\/#website"},"datePublished":"2021-04-21T12:12:34+00:00","dateModified":"2025-09-15T20:46:14+00:00","breadcrumb":{"@id":"https:\/\/zenkit.com\/fr\/tutoriels\/#breadcrumb"},"inLanguage":"fr-FR","potentialAction":[{"@type":"ReadAction","target":["https:\/\/zenkit.com\/fr\/tutoriels\/"]}]},{"@type":"BreadcrumbList","@id":"https:\/\/zenkit.com\/fr\/tutoriels\/#breadcrumb","itemListElement":[{"@type":"ListItem","position":1,"name":"Home","item":"https:\/\/zenkit.com\/fr\/"},{"@type":"ListItem","position":2,"name":"Tutoriels"}]},{"@type":"WebSite","@id":"https:\/\/zenkit.com\/fr\/#website","url":"https:\/\/zenkit.com\/fr\/","name":"Zenkit","description":"Zenkit Tagline","potentialAction":[{"@type":"SearchAction","target":{"@type":"EntryPoint","urlTemplate":"https:\/\/zenkit.com\/fr\/?s={search_term_string}"},"query-input":{"@type":"PropertyValueSpecification","valueRequired":true,"valueName":"search_term_string"}}],"inLanguage":"fr-FR"},false]}},"yasr_visitor_votes":{"stars_attributes":{"read_only":false,"span_bottom":false},"number_of_votes":0,"sum_votes":0},"_links":{"self":[{"href":"https:\/\/zenkit.com\/fr\/wp-json\/wp\/v2\/pages\/60917","targetHints":{"allow":["GET"]}}],"collection":[{"href":"https:\/\/zenkit.com\/fr\/wp-json\/wp\/v2\/pages"}],"about":[{"href":"https:\/\/zenkit.com\/fr\/wp-json\/wp\/v2\/types\/page"}],"author":[{"embeddable":true,"href":"https:\/\/zenkit.com\/fr\/wp-json\/wp\/v2\/users\/28"}],"replies":[{"embeddable":true,"href":"https:\/\/zenkit.com\/fr\/wp-json\/wp\/v2\/comments?post=60917"}],"version-history":[{"count":3,"href":"https:\/\/zenkit.com\/fr\/wp-json\/wp\/v2\/pages\/60917\/revisions"}],"predecessor-version":[{"id":152845,"href":"https:\/\/zenkit.com\/fr\/wp-json\/wp\/v2\/pages\/60917\/revisions\/152845"}],"wp:attachment":[{"href":"https:\/\/zenkit.com\/fr\/wp-json\/wp\/v2\/media?parent=60917"}],"curies":[{"name":"wp","href":"https:\/\/api.w.org\/{rel}","templated":true}]}}