{"id":61258,"date":"2021-04-26T17:03:34","date_gmt":"2021-04-26T15:03:34","guid":{"rendered":"https:\/\/zenkit.com\/todo\/alternatives\/alternatives-re\/"},"modified":"2025-10-16T15:48:11","modified_gmt":"2025-10-16T13:48:11","slug":"alternatives","status":"publish","type":"page","link":"https:\/\/zenkit.com\/fr\/todo\/alternatives\/","title":{"rendered":"To Do Alternatives"},"content":{"rendered":"\n<div class=\"wp-block-group has-global-padding is-layout-constrained wp-block-group-is-layout-constrained\">\n<div class=\"wp-block-group width--950 has-global-padding is-layout-constrained wp-block-group-is-layout-constrained\">\n<div style=\"height:45px;--tablet-height:45px;--mobile-height:16px\" class=\"wp-block-lookeen-blocks-responsive-spacer\"><\/div>\n\n\n\n<div class=\"wp-block-group has-global-padding is-layout-constrained wp-block-group-is-layout-constrained\">\n<h1 class=\"wp-block-heading has-text-align-center\" style=\"margin-bottom:8px\">Zenkit To Do comme alternative<\/h1>\n<\/div>\n\n\n\n<div class=\"wp-block-group has-global-padding is-layout-constrained wp-block-group-is-layout-constrained\">\n<p class=\"has-text-align-center subheading\">Un ensemble de fonctionnalit\u00e9s tr\u00e8s diverses et flexibles fait de Zenkit To Do l&rsquo;alternative parfaite \u00e0 presque tous les autres outils pr\u00e9sents sur le march\u00e9.<\/p>\n<\/div>\n\n\n\n<div style=\"height:48px;--tablet-height:36px;--mobile-height:24px\" class=\"wp-block-lookeen-blocks-responsive-spacer\"><\/div>\n<\/div>\n<\/div>\n\n\n\n<div class=\"wp-block-group has-global-padding is-layout-constrained wp-block-group-is-layout-constrained\">\n<div class=\"wp-block-group alternatives__grid has-global-padding is-layout-constrained wp-block-group-is-layout-constrained\">\n<div class=\"wp-block-group alternatives__box has-global-padding is-layout-constrained wp-block-group-is-layout-constrained\" style=\"border-radius:20px\">\n<figure class=\"wp-block-image aligncenter size-full\"><img loading=\"lazy\" decoding=\"async\" width=\"256\" height=\"256\" src=\"https:\/\/zenkit.com\/wp-content\/uploads\/2018\/05\/wunderlist-logo.png\" alt=\"Wunderlist Logo\" class=\"wp-image-4802\" style=\"object-fit:cover\" srcset=\"https:\/\/zenkit.com\/wp-content\/uploads\/2018\/05\/wunderlist-logo.png 256w, https:\/\/zenkit.com\/wp-content\/uploads\/2018\/05\/wunderlist-logo-150x150.png 150w\" sizes=\"auto, (max-width: 256px) 100vw, 256px\" \/><\/figure>\n\n\n\n<div class=\"wp-block-group has-global-padding is-layout-constrained wp-block-group-is-layout-constrained\" style=\"padding-bottom:4px\">\n<h3 class=\"wp-block-heading has-text-align-center card__title\" style=\"font-size:20px\">Wunderlist<\/h3>\n<\/div>\n\n\n\n<div class=\"wp-block-group has-global-padding is-layout-constrained wp-block-group-is-layout-constrained\" style=\"margin-bottom:16px\">\n<p class=\"has-text-align-center has-da-grey-1-color has-text-color has-link-color wp-elements-5688a60c6bfc39093c061267378536a4\">Comparer Zenkit To Do et Wunderlist<\/p>\n<\/div>\n\n\n\n<p class=\"has-text-align-center read__more\"><strong><a href=\"https:\/\/zenkit.com\/fr\/todo\/alternatives\/alternative-wunderlist\/\" data-type=\"page\" data-id=\"61139\">En savoir plus<\/a><\/strong><\/p>\n<\/div>\n\n\n\n<div class=\"wp-block-group alternatives__box has-global-padding is-layout-constrained wp-block-group-is-layout-constrained\" style=\"border-radius:20px\">\n<figure class=\"wp-block-image aligncenter size-full\"><img loading=\"lazy\" decoding=\"async\" width=\"512\" height=\"512\" src=\"https:\/\/zenkit.com\/wp-content\/uploads\/2020\/08\/Any.do.png\" alt=\"Any.do logo\" class=\"wp-image-49293\" style=\"object-fit:cover\" srcset=\"https:\/\/zenkit.com\/wp-content\/uploads\/2020\/08\/Any.do.png 512w, https:\/\/zenkit.com\/wp-content\/uploads\/2020\/08\/Any.do-150x150.png 150w, https:\/\/zenkit.com\/wp-content\/uploads\/2020\/08\/Any.do-300x300.png 300w\" sizes=\"auto, (max-width: 512px) 100vw, 512px\" \/><\/figure>\n\n\n\n<div class=\"wp-block-group has-global-padding is-layout-constrained wp-block-group-is-layout-constrained\" style=\"padding-bottom:4px\">\n<h3 class=\"wp-block-heading has-text-align-center card__title\" style=\"font-size:20px\">Any.do<\/h3>\n<\/div>\n\n\n\n<div class=\"wp-block-group has-global-padding is-layout-constrained wp-block-group-is-layout-constrained\" style=\"margin-bottom:16px\">\n<p class=\"has-text-align-center has-da-grey-1-color has-text-color has-link-color wp-elements-97ce7458459d419117e983d20e2ed2f2\">Comparer Zenkit To Do et Any.Do<\/p>\n<\/div>\n\n\n\n<p class=\"has-text-align-center read__more\"><strong><a href=\"https:\/\/zenkit.com\/fr\/todo\/alternatives\/anydo-alternative\/\" data-type=\"page\" data-id=\"61139\">En savoir plus<\/a><\/strong><\/p>\n<\/div>\n\n\n\n<div class=\"wp-block-group alternatives__box has-global-padding is-layout-constrained wp-block-group-is-layout-constrained\" style=\"border-radius:20px\">\n<figure class=\"wp-block-image aligncenter size-full\"><img loading=\"lazy\" decoding=\"async\" width=\"512\" height=\"512\" src=\"https:\/\/zenkit.com\/wp-content\/uploads\/2021\/04\/google-tasks.png\" alt=\"Google Tasks\" class=\"wp-image-61190\" style=\"object-fit:cover\" srcset=\"https:\/\/zenkit.com\/wp-content\/uploads\/2021\/04\/google-tasks.png 512w, https:\/\/zenkit.com\/wp-content\/uploads\/2021\/04\/google-tasks-300x300.png 300w, https:\/\/zenkit.com\/wp-content\/uploads\/2021\/04\/google-tasks-150x150.png 150w\" sizes=\"auto, (max-width: 512px) 100vw, 512px\" \/><\/figure>\n\n\n\n<div class=\"wp-block-group has-global-padding is-layout-constrained wp-block-group-is-layout-constrained\" style=\"padding-bottom:4px\">\n<h3 class=\"wp-block-heading has-text-align-center card__title\" style=\"font-size:20px\">Google Tasks<\/h3>\n<\/div>\n\n\n\n<div class=\"wp-block-group has-global-padding is-layout-constrained wp-block-group-is-layout-constrained\" style=\"margin-bottom:16px\">\n<p class=\"has-text-align-center has-da-grey-1-color has-text-color has-link-color wp-elements-95f646516368f4825a482424b3922bcb\">Comparer Zenkit To Do et Google Tasks<\/p>\n<\/div>\n\n\n\n<p class=\"has-text-align-center read__more\"><strong><a href=\"https:\/\/zenkit.com\/fr\/todo\/alternatives\/google-tasks-alternative\/\" data-type=\"page\" data-id=\"61145\">En savoir plus<\/a><\/strong><\/p>\n<\/div>\n\n\n\n<div class=\"wp-block-group alternatives__box has-global-padding is-layout-constrained wp-block-group-is-layout-constrained\" style=\"border-radius:20px\">\n<figure class=\"wp-block-image aligncenter size-full\"><img loading=\"lazy\" decoding=\"async\" width=\"512\" height=\"512\" src=\"https:\/\/zenkit.com\/wp-content\/uploads\/2019\/04\/unnamed.png\" alt=\"Microsoft To-Do Logo\" class=\"wp-image-24184\" style=\"object-fit:cover\" srcset=\"https:\/\/zenkit.com\/wp-content\/uploads\/2019\/04\/unnamed.png 512w, https:\/\/zenkit.com\/wp-content\/uploads\/2019\/04\/unnamed-150x150.png 150w, https:\/\/zenkit.com\/wp-content\/uploads\/2019\/04\/unnamed-300x300.png 300w\" sizes=\"auto, (max-width: 512px) 100vw, 512px\" \/><\/figure>\n\n\n\n<div class=\"wp-block-group has-global-padding is-layout-constrained wp-block-group-is-layout-constrained\" style=\"padding-bottom:4px\">\n<h3 class=\"wp-block-heading has-text-align-center card__title\" style=\"font-size:20px\">Microsoft To-Do<\/h3>\n<\/div>\n\n\n\n<div class=\"wp-block-group has-global-padding is-layout-constrained wp-block-group-is-layout-constrained\" style=\"margin-bottom:16px\">\n<p class=\"has-text-align-center has-da-grey-1-color has-text-color has-link-color wp-elements-d869e7a5b46de643090dd0f6bb80d9cd\">Comparer Zenkit To Do et Microsoft To-Do<\/p>\n<\/div>\n\n\n\n<p class=\"has-text-align-center read__more\"><strong><a href=\"https:\/\/zenkit.com\/fr\/todo\/alternatives\/microsoftodo-alternative\/\" data-type=\"page\" data-id=\"61150\">En savoir plus<\/a><\/strong><\/p>\n<\/div>\n\n\n\n<div class=\"wp-block-group alternatives__box has-global-padding is-layout-constrained wp-block-group-is-layout-constrained\" style=\"border-radius:20px\">\n<figure class=\"wp-block-image aligncenter size-full\"><img loading=\"lazy\" decoding=\"async\" width=\"512\" height=\"512\" src=\"https:\/\/zenkit.com\/wp-content\/uploads\/2020\/08\/rtm.png\" alt=\"Remember The Milk logo\" class=\"wp-image-49337\" style=\"object-fit:cover\" srcset=\"https:\/\/zenkit.com\/wp-content\/uploads\/2020\/08\/rtm.png 512w, https:\/\/zenkit.com\/wp-content\/uploads\/2020\/08\/rtm-150x150.png 150w, https:\/\/zenkit.com\/wp-content\/uploads\/2020\/08\/rtm-300x300.png 300w\" sizes=\"auto, (max-width: 512px) 100vw, 512px\" \/><\/figure>\n\n\n\n<div class=\"wp-block-group has-global-padding is-layout-constrained wp-block-group-is-layout-constrained\" style=\"padding-bottom:4px\">\n<h3 class=\"wp-block-heading has-text-align-center card__title\" style=\"font-size:20px\">Remember The Milk<\/h3>\n<\/div>\n\n\n\n<div class=\"wp-block-group has-global-padding is-layout-constrained wp-block-group-is-layout-constrained\" style=\"margin-bottom:16px\">\n<p class=\"has-text-align-center has-da-grey-1-color has-text-color has-link-color wp-elements-9bf3ce799786db1d0362bfb8240289ee\">Comparer Zenkit To Do et Remember the Milk<\/p>\n<\/div>\n\n\n\n<p class=\"has-text-align-center read__more\"><strong><a href=\"https:\/\/zenkit.com\/fr\/todo\/alternatives\/remember-the-milk-alternative\/\" data-type=\"page\" data-id=\"61158\">En savoir plus<\/a><\/strong><\/p>\n<\/div>\n\n\n\n<div class=\"wp-block-group alternatives__box has-global-padding is-layout-constrained wp-block-group-is-layout-constrained\" style=\"border-radius:20px\">\n<figure class=\"wp-block-image aligncenter size-full\"><img loading=\"lazy\" decoding=\"async\" width=\"1200\" height=\"1200\" src=\"https:\/\/zenkit.com\/wp-content\/uploads\/2020\/08\/Things-App-Icon-Logo.png\" alt=\"Things Logo\" class=\"wp-image-49464\" style=\"object-fit:cover\" srcset=\"https:\/\/zenkit.com\/wp-content\/uploads\/2020\/08\/Things-App-Icon-Logo.png 1200w, https:\/\/zenkit.com\/wp-content\/uploads\/2020\/08\/Things-App-Icon-Logo-150x150.png 150w, https:\/\/zenkit.com\/wp-content\/uploads\/2020\/08\/Things-App-Icon-Logo-300x300.png 300w, https:\/\/zenkit.com\/wp-content\/uploads\/2020\/08\/Things-App-Icon-Logo-768x768.png 768w, https:\/\/zenkit.com\/wp-content\/uploads\/2020\/08\/Things-App-Icon-Logo-1024x1024.png 1024w\" sizes=\"auto, (max-width: 1200px) 100vw, 1200px\" \/><\/figure>\n\n\n\n<div class=\"wp-block-group has-global-padding is-layout-constrained wp-block-group-is-layout-constrained\" style=\"padding-bottom:4px\">\n<h3 class=\"wp-block-heading has-text-align-center card__title\" style=\"font-size:20px\">Things<\/h3>\n<\/div>\n\n\n\n<div class=\"wp-block-group has-global-padding is-layout-constrained wp-block-group-is-layout-constrained\" style=\"margin-bottom:16px\">\n<p class=\"has-text-align-center has-da-grey-1-color has-text-color has-link-color wp-elements-b6163847813e3c3d3dbae0b11978ae2b\">Comparer Zenkit To Do et Things<\/p>\n<\/div>\n\n\n\n<p class=\"has-text-align-center read__more\"><strong><a href=\"https:\/\/zenkit.com\/fr\/todo\/alternatives\/things-alternative\/\" data-type=\"page\" data-id=\"61164\">En savoir plus<\/a><\/strong><\/p>\n<\/div>\n\n\n\n<div class=\"wp-block-group alternatives__box has-global-padding is-layout-constrained wp-block-group-is-layout-constrained\" style=\"border-radius:20px\">\n<figure class=\"wp-block-image aligncenter size-full\"><img loading=\"lazy\" decoding=\"async\" width=\"365\" height=\"365\" src=\"https:\/\/zenkit.com\/wp-content\/uploads\/2021\/04\/ticktick-icon.png\" alt=\"TickTick\" class=\"wp-image-61225\" style=\"object-fit:cover\" srcset=\"https:\/\/zenkit.com\/wp-content\/uploads\/2021\/04\/ticktick-icon.png 365w, https:\/\/zenkit.com\/wp-content\/uploads\/2021\/04\/ticktick-icon-300x300.png 300w, https:\/\/zenkit.com\/wp-content\/uploads\/2021\/04\/ticktick-icon-150x150.png 150w\" sizes=\"auto, (max-width: 365px) 100vw, 365px\" \/><\/figure>\n\n\n\n<div class=\"wp-block-group has-global-padding is-layout-constrained wp-block-group-is-layout-constrained\" style=\"padding-bottom:4px\">\n<h3 class=\"wp-block-heading has-text-align-center card__title\" style=\"font-size:20px\">TickTick<\/h3>\n<\/div>\n\n\n\n<div class=\"wp-block-group has-global-padding is-layout-constrained wp-block-group-is-layout-constrained\" style=\"margin-bottom:16px\">\n<p class=\"has-text-align-center has-da-grey-1-color has-text-color has-link-color wp-elements-04dd0580340d037599dcd50812001070\">Comparer Zenkit To Do et Ticktick<\/p>\n<\/div>\n\n\n\n<p class=\"has-text-align-center read__more\"><strong><a href=\"https:\/\/zenkit.com\/fr\/todo\/alternatives\/ticktick-alternative\/\" data-type=\"page\" data-id=\"61170\">En savoir plus<\/a><\/strong><\/p>\n<\/div>\n\n\n\n<div class=\"wp-block-group alternatives__box has-global-padding is-layout-constrained wp-block-group-is-layout-constrained\" style=\"border-radius:20px\">\n<figure class=\"wp-block-image aligncenter size-full\"><img loading=\"lazy\" decoding=\"async\" width=\"1024\" height=\"1024\" src=\"https:\/\/zenkit.com\/wp-content\/uploads\/2020\/08\/Todoist-logo.png\" alt=\"Todoist-logo\" class=\"wp-image-49313\" style=\"object-fit:cover\" srcset=\"https:\/\/zenkit.com\/wp-content\/uploads\/2020\/08\/Todoist-logo.png 1024w, https:\/\/zenkit.com\/wp-content\/uploads\/2020\/08\/Todoist-logo-150x150.png 150w, https:\/\/zenkit.com\/wp-content\/uploads\/2020\/08\/Todoist-logo-300x300.png 300w, https:\/\/zenkit.com\/wp-content\/uploads\/2020\/08\/Todoist-logo-768x768.png 768w\" sizes=\"auto, (max-width: 1024px) 100vw, 1024px\" \/><\/figure>\n\n\n\n<div class=\"wp-block-group has-global-padding is-layout-constrained wp-block-group-is-layout-constrained\" style=\"padding-bottom:4px\">\n<h3 class=\"wp-block-heading has-text-align-center card__title\" style=\"font-size:20px\">Todoist<\/h3>\n<\/div>\n\n\n\n<div class=\"wp-block-group has-global-padding is-layout-constrained wp-block-group-is-layout-constrained\" style=\"margin-bottom:16px\">\n<p class=\"has-text-align-center has-da-grey-1-color has-text-color has-link-color wp-elements-551001324d3e061b8f1cc8d775eb785a\">Comparer Zenkit To Do et Todoist<\/p>\n<\/div>\n\n\n\n<p class=\"has-text-align-center read__more\"><strong><a href=\"https:\/\/zenkit.com\/fr\/todo\/alternatives\/todoist-alternative\/\" data-type=\"page\" data-id=\"61175\">En savoir plus<\/a><\/strong><\/p>\n<\/div>\n\n\n\n<div class=\"wp-block-group alternatives__box has-global-padding is-layout-constrained wp-block-group-is-layout-constrained\" style=\"border-radius:20px\">\n<figure class=\"wp-block-image aligncenter size-full\"><img loading=\"lazy\" decoding=\"async\" width=\"225\" height=\"225\" src=\"https:\/\/zenkit.com\/wp-content\/uploads\/2021\/04\/toodledo.png\" alt=\"Toodledo\" class=\"wp-image-61235\" style=\"object-fit:cover\" srcset=\"https:\/\/zenkit.com\/wp-content\/uploads\/2021\/04\/toodledo.png 225w, https:\/\/zenkit.com\/wp-content\/uploads\/2021\/04\/toodledo-150x150.png 150w\" sizes=\"auto, (max-width: 225px) 100vw, 225px\" \/><\/figure>\n\n\n\n<div class=\"wp-block-group has-global-padding is-layout-constrained wp-block-group-is-layout-constrained\" style=\"padding-bottom:4px\">\n<h3 class=\"wp-block-heading has-text-align-center card__title\" style=\"font-size:20px\">Toodledo<\/h3>\n<\/div>\n\n\n\n<div class=\"wp-block-group has-global-padding is-layout-constrained wp-block-group-is-layout-constrained\" style=\"margin-bottom:16px\">\n<p class=\"has-text-align-center has-da-grey-1-color has-text-color has-link-color wp-elements-0c2620c50ee76d0405cb4f57fdb87b4f\">Comparer Zenkit To Do et Tooledo<\/p>\n<\/div>\n\n\n\n<p class=\"has-text-align-center read__more\"><strong><a href=\"https:\/\/zenkit.com\/fr\/todo\/alternatives\/toodledo-alternative\/\" data-type=\"page\" data-id=\"61181\">En savoir plus<\/a><\/strong><\/p>\n<\/div>\n<\/div>\n<\/div>\n\n\n\n<div style=\"height:88px;--tablet-height:60px;--mobile-height:45px\" class=\"wp-block-lookeen-blocks-responsive-spacer\"><\/div>\n\n\n\n<div class=\"wp-block-group has-global-padding is-layout-constrained wp-container-core-group-is-layout-7cc94c3e wp-block-group-is-layout-constrained\">\n<figure class=\"wp-block-image aligncenter size-full is-resized\" style=\"margin-bottom:8px\"><img decoding=\"async\" src=\"https:\/\/zenkit.com\/wp-content\/uploads\/2025\/05\/info.svg\" alt=\"Haftungsausschluss\" class=\"wp-image-113476\" style=\"width:36px;height:auto\"\/><\/figure>\n\n\n\n<p class=\"has-text-align-center has-da-grey-1-color has-text-color has-link-color wp-elements-3b363b760189d20075360a66eb839311\" style=\"margin-top:0px;margin-bottom:0px;font-style:normal;font-weight:700\">Clause de non-responsabilit\u00e9:<\/p>\n\n\n\n<p class=\"has-text-align-center has-da-grey-1-color has-text-color has-link-color wp-elements-e16f2e6a02ce61486d350abdee290fe3\">Toutes les marques d\u00e9pos\u00e9es, les noms de soci\u00e9t\u00e9s et les noms de marques utilis\u00e9s sur ce site Web sont la propri\u00e9t\u00e9 de leurs d\u00e9tenteurs respectifs. Zenkit n\u2019a aucune affiliation avec les autres produits mentionn\u00e9s sur cette page. Les donn\u00e9es sur les caract\u00e9ristiques sont tir\u00e9es directement des sites Web connexes et des documents de marketing en date de Mai 2020. Les informations et les caract\u00e9ristiques sont susceptibles d\u2019\u00eatre modifi\u00e9es. Pour signaler des corrections, <a href=\"https:\/\/zenkit.com\/fr\/contact-2\/\">veuillez nous contacter<\/a>.<\/p>\n<\/div>\n\n\n\n<div style=\"height:110px;--tablet-height:60px;--mobile-height:48px\" class=\"wp-block-lookeen-blocks-responsive-spacer\"><\/div>\n","protected":false},"excerpt":{"rendered":"<p>Zenkit To Do comme alternative Un ensemble de fonctionnalit\u00e9s tr\u00e8s diverses et flexibles fait de Zenkit To Do l&rsquo;alternative parfaite \u00e0 presque tous les autres outils pr\u00e9sents sur le march\u00e9. Wunderlist Comparer Zenkit To Do et Wunderlist En savoir plus Any.do Comparer Zenkit To Do et Any.Do En savoir plus Google Tasks Comparer Zenkit To [&hellip;]<\/p>\n","protected":false},"author":30,"featured_media":0,"parent":44935,"menu_order":2,"comment_status":"closed","ping_status":"closed","template":"wp-custom-template-fr-page-todo","meta":{"yasr_overall_rating":0,"yasr_post_is_review":"","yasr_auto_insert_disabled":"","yasr_review_type":"","footnotes":""},"class_list":["post-61258","page","type-page","status-publish","hentry"],"yoast_head":"<!-- This site is optimized with the Yoast SEO plugin v27.3 - https:\/\/yoast.com\/product\/yoast-seo-wordpress\/ -->\n<title>To Do Alternatives | Zenkit<\/title>\n<meta name=\"robots\" content=\"index, follow, max-snippet:-1, max-image-preview:large, max-video-preview:-1\" \/>\n<link rel=\"canonical\" href=\"https:\/\/zenkit.com\/fr\/todo\/alternatives\/\" \/>\n<meta property=\"og:locale\" content=\"fr_FR\" \/>\n<meta property=\"og:type\" content=\"article\" \/>\n<meta property=\"og:title\" content=\"To Do Alternatives | Zenkit\" \/>\n<meta property=\"og:description\" content=\"Zenkit To Do comme alternative Un ensemble de fonctionnalit\u00e9s tr\u00e8s diverses et flexibles fait de Zenkit To Do l&rsquo;alternative parfaite \u00e0 presque tous les autres outils pr\u00e9sents sur le march\u00e9. Wunderlist Comparer Zenkit To Do et Wunderlist En savoir plus Any.do Comparer Zenkit To Do et Any.Do En savoir plus Google Tasks Comparer Zenkit To [&hellip;]\" \/>\n<meta property=\"og:url\" content=\"https:\/\/zenkit.com\/fr\/todo\/alternatives\/\" \/>\n<meta property=\"og:site_name\" content=\"Zenkit\" \/>\n<meta property=\"article:publisher\" content=\"https:\/\/www.facebook.com\/ZenkitHQ\" \/>\n<meta property=\"article:modified_time\" content=\"2025-10-16T13:48:11+00:00\" \/>\n<meta property=\"og:image\" content=\"https:\/\/zenkit.com\/wp-content\/uploads\/2018\/05\/wunderlist-logo.png\" \/>\n\t<meta property=\"og:image:width\" content=\"256\" \/>\n\t<meta property=\"og:image:height\" content=\"256\" \/>\n\t<meta property=\"og:image:type\" content=\"image\/png\" \/>\n<meta name=\"twitter:card\" content=\"summary_large_image\" \/>\n<meta name=\"twitter:site\" content=\"@ZenkitHQ\" \/>\n<meta name=\"twitter:label1\" content=\"Dur\u00e9e de lecture estim\u00e9e\" \/>\n\t<meta name=\"twitter:data1\" content=\"9 minutes\" \/>\n<script type=\"application\/ld+json\" class=\"yoast-schema-graph\">{\"@context\":\"https:\\\/\\\/schema.org\",\"@graph\":[{\"@type\":\"WebPage\",\"@id\":\"https:\\\/\\\/zenkit.com\\\/fr\\\/todo\\\/alternatives\\\/\",\"url\":\"https:\\\/\\\/zenkit.com\\\/fr\\\/todo\\\/alternatives\\\/\",\"name\":\"To Do Alternatives | Zenkit\",\"isPartOf\":{\"@id\":\"https:\\\/\\\/zenkit.com\\\/fr\\\/#website\"},\"primaryImageOfPage\":{\"@id\":\"https:\\\/\\\/zenkit.com\\\/fr\\\/todo\\\/alternatives\\\/#primaryimage\"},\"image\":{\"@id\":\"https:\\\/\\\/zenkit.com\\\/fr\\\/todo\\\/alternatives\\\/#primaryimage\"},\"thumbnailUrl\":\"https:\\\/\\\/zenkit.com\\\/wp-content\\\/uploads\\\/2018\\\/05\\\/wunderlist-logo.png\",\"datePublished\":\"2021-04-26T15:03:34+00:00\",\"dateModified\":\"2025-10-16T13:48:11+00:00\",\"breadcrumb\":{\"@id\":\"https:\\\/\\\/zenkit.com\\\/fr\\\/todo\\\/alternatives\\\/#breadcrumb\"},\"inLanguage\":\"fr-FR\",\"potentialAction\":[{\"@type\":\"ReadAction\",\"target\":[\"https:\\\/\\\/zenkit.com\\\/fr\\\/todo\\\/alternatives\\\/\"]}]},{\"@type\":\"ImageObject\",\"inLanguage\":\"fr-FR\",\"@id\":\"https:\\\/\\\/zenkit.com\\\/fr\\\/todo\\\/alternatives\\\/#primaryimage\",\"url\":\"https:\\\/\\\/zenkit.com\\\/wp-content\\\/uploads\\\/2018\\\/05\\\/wunderlist-logo.png\",\"contentUrl\":\"https:\\\/\\\/zenkit.com\\\/wp-content\\\/uploads\\\/2018\\\/05\\\/wunderlist-logo.png\"},{\"@type\":\"BreadcrumbList\",\"@id\":\"https:\\\/\\\/zenkit.com\\\/fr\\\/todo\\\/alternatives\\\/#breadcrumb\",\"itemListElement\":[{\"@type\":\"ListItem\",\"position\":1,\"name\":\"Home\",\"item\":\"https:\\\/\\\/zenkit.com\\\/fr\\\/\"},{\"@type\":\"ListItem\",\"position\":2,\"name\":\"Zenkit To Do\",\"item\":\"https:\\\/\\\/zenkit.com\\\/fr\\\/todo\\\/\"},{\"@type\":\"ListItem\",\"position\":3,\"name\":\"To Do Alternatives\"}]},{\"@type\":\"WebSite\",\"@id\":\"https:\\\/\\\/zenkit.com\\\/fr\\\/#website\",\"url\":\"https:\\\/\\\/zenkit.com\\\/fr\\\/\",\"name\":\"Zenkit\",\"description\":\"Zenkit Tagline\",\"potentialAction\":[{\"@type\":\"SearchAction\",\"target\":{\"@type\":\"EntryPoint\",\"urlTemplate\":\"https:\\\/\\\/zenkit.com\\\/fr\\\/?s={search_term_string}\"},\"query-input\":{\"@type\":\"PropertyValueSpecification\",\"valueRequired\":true,\"valueName\":\"search_term_string\"}}],\"inLanguage\":\"fr-FR\"},false]}<\/script>\n<!-- \/ Yoast SEO plugin. -->","yoast_head_json":{"title":"To Do Alternatives | Zenkit","robots":{"index":"index","follow":"follow","max-snippet":"max-snippet:-1","max-image-preview":"max-image-preview:large","max-video-preview":"max-video-preview:-1"},"canonical":"https:\/\/zenkit.com\/fr\/todo\/alternatives\/","og_locale":"fr_FR","og_type":"article","og_title":"To Do Alternatives | Zenkit","og_description":"Zenkit To Do comme alternative Un ensemble de fonctionnalit\u00e9s tr\u00e8s diverses et flexibles fait de Zenkit To Do l&rsquo;alternative parfaite \u00e0 presque tous les autres outils pr\u00e9sents sur le march\u00e9. Wunderlist Comparer Zenkit To Do et Wunderlist En savoir plus Any.do Comparer Zenkit To Do et Any.Do En savoir plus Google Tasks Comparer Zenkit To [&hellip;]","og_url":"https:\/\/zenkit.com\/fr\/todo\/alternatives\/","og_site_name":"Zenkit","article_publisher":"https:\/\/www.facebook.com\/ZenkitHQ","article_modified_time":"2025-10-16T13:48:11+00:00","og_image":[{"width":256,"height":256,"url":"https:\/\/zenkit.com\/wp-content\/uploads\/2018\/05\/wunderlist-logo.png","type":"image\/png"}],"twitter_card":"summary_large_image","twitter_site":"@ZenkitHQ","twitter_misc":{"Dur\u00e9e de lecture estim\u00e9e":"9 minutes"},"schema":{"@context":"https:\/\/schema.org","@graph":[{"@type":"WebPage","@id":"https:\/\/zenkit.com\/fr\/todo\/alternatives\/","url":"https:\/\/zenkit.com\/fr\/todo\/alternatives\/","name":"To Do Alternatives | Zenkit","isPartOf":{"@id":"https:\/\/zenkit.com\/fr\/#website"},"primaryImageOfPage":{"@id":"https:\/\/zenkit.com\/fr\/todo\/alternatives\/#primaryimage"},"image":{"@id":"https:\/\/zenkit.com\/fr\/todo\/alternatives\/#primaryimage"},"thumbnailUrl":"https:\/\/zenkit.com\/wp-content\/uploads\/2018\/05\/wunderlist-logo.png","datePublished":"2021-04-26T15:03:34+00:00","dateModified":"2025-10-16T13:48:11+00:00","breadcrumb":{"@id":"https:\/\/zenkit.com\/fr\/todo\/alternatives\/#breadcrumb"},"inLanguage":"fr-FR","potentialAction":[{"@type":"ReadAction","target":["https:\/\/zenkit.com\/fr\/todo\/alternatives\/"]}]},{"@type":"ImageObject","inLanguage":"fr-FR","@id":"https:\/\/zenkit.com\/fr\/todo\/alternatives\/#primaryimage","url":"https:\/\/zenkit.com\/wp-content\/uploads\/2018\/05\/wunderlist-logo.png","contentUrl":"https:\/\/zenkit.com\/wp-content\/uploads\/2018\/05\/wunderlist-logo.png"},{"@type":"BreadcrumbList","@id":"https:\/\/zenkit.com\/fr\/todo\/alternatives\/#breadcrumb","itemListElement":[{"@type":"ListItem","position":1,"name":"Home","item":"https:\/\/zenkit.com\/fr\/"},{"@type":"ListItem","position":2,"name":"Zenkit To Do","item":"https:\/\/zenkit.com\/fr\/todo\/"},{"@type":"ListItem","position":3,"name":"To Do Alternatives"}]},{"@type":"WebSite","@id":"https:\/\/zenkit.com\/fr\/#website","url":"https:\/\/zenkit.com\/fr\/","name":"Zenkit","description":"Zenkit Tagline","potentialAction":[{"@type":"SearchAction","target":{"@type":"EntryPoint","urlTemplate":"https:\/\/zenkit.com\/fr\/?s={search_term_string}"},"query-input":{"@type":"PropertyValueSpecification","valueRequired":true,"valueName":"search_term_string"}}],"inLanguage":"fr-FR"},false]}},"yasr_visitor_votes":{"stars_attributes":{"read_only":false,"span_bottom":false},"number_of_votes":0,"sum_votes":0},"_links":{"self":[{"href":"https:\/\/zenkit.com\/fr\/wp-json\/wp\/v2\/pages\/61258","targetHints":{"allow":["GET"]}}],"collection":[{"href":"https:\/\/zenkit.com\/fr\/wp-json\/wp\/v2\/pages"}],"about":[{"href":"https:\/\/zenkit.com\/fr\/wp-json\/wp\/v2\/types\/page"}],"author":[{"embeddable":true,"href":"https:\/\/zenkit.com\/fr\/wp-json\/wp\/v2\/users\/30"}],"replies":[{"embeddable":true,"href":"https:\/\/zenkit.com\/fr\/wp-json\/wp\/v2\/comments?post=61258"}],"version-history":[{"count":2,"href":"https:\/\/zenkit.com\/fr\/wp-json\/wp\/v2\/pages\/61258\/revisions"}],"predecessor-version":[{"id":168085,"href":"https:\/\/zenkit.com\/fr\/wp-json\/wp\/v2\/pages\/61258\/revisions\/168085"}],"up":[{"embeddable":true,"href":"https:\/\/zenkit.com\/fr\/wp-json\/wp\/v2\/pages\/44935"}],"wp:attachment":[{"href":"https:\/\/zenkit.com\/fr\/wp-json\/wp\/v2\/media?parent=61258"}],"curies":[{"name":"wp","href":"https:\/\/api.w.org\/{rel}","templated":true}]}}