{"id":61314,"date":"2021-04-27T14:45:20","date_gmt":"2021-04-27T12:45:20","guid":{"rendered":"https:\/\/zenkit.comterprise-re\/"},"modified":"2025-09-24T00:56:34","modified_gmt":"2025-09-23T22:56:34","slug":"enterprise","status":"publish","type":"page","link":"https:\/\/zenkit.com\/fr\/enterprise\/","title":{"rendered":"Zenkit Enterprise"},"content":{"rendered":"\n<div class=\"wp-block-group has-global-padding is-layout-constrained wp-container-core-group-is-layout-118822e0 wp-block-group-is-layout-constrained\">\n<div style=\"height:45px;--tablet-height:45px;--mobile-height:16px\" class=\"wp-block-lookeen-blocks-responsive-spacer\"><\/div>\n\n\n\n<div class=\"wp-block-group has-global-padding is-layout-constrained wp-block-group-is-layout-constrained\">\n<h1 class=\"wp-block-heading has-text-align-center\" style=\"margin-top:0;margin-right:0;margin-bottom:8px;margin-left:0\">Zenkit pour Entreprises<\/h1>\n\n\n\n<p class=\"has-text-align-center is-style-subtext\" style=\"margin-top:0;margin-right:0;margin-bottom:0;margin-left:0\">La plateforme de collaboration s\u00e9curis\u00e9e pour votre entreprise.<\/p>\n<\/div>\n\n\n\n<div style=\"height:48px;--tablet-height:36px;--mobile-height:24px\" class=\"wp-block-lookeen-blocks-responsive-spacer\"><\/div>\n\n\n\n<div class=\"wp-block-buttons is-content-justification-center is-layout-flex wp-container-core-buttons-is-layout-f78c5dac wp-block-buttons-is-layout-flex\" style=\"margin-top:0px;margin-bottom:0px\">\n<div class=\"wp-block-button is-style-default\"><a class=\"wp-block-button__link wp-element-button\" href=\"https:\/\/zenkit.com\/fr\/contact\/\">Contactez nous<\/a><\/div>\n<\/div>\n<\/div>\n\n\n\n<div style=\"height:88px;--tablet-height:72px;--mobile-height:36px\" class=\"wp-block-lookeen-blocks-responsive-spacer\"><\/div>\n\n\n\n<div class=\"wp-block-group has-global-padding is-layout-constrained wp-block-group-is-layout-constrained\">\n<div class=\"wp-block-group has-global-padding is-layout-constrained wp-block-group-is-layout-constrained\">\n<h2 class=\"wp-block-heading has-text-align-center has-x-large-font-size\" style=\"margin-top:0;margin-bottom:8px\">Fonctions d&rsquo;Entreprise<\/h2>\n\n\n\n<p class=\"has-text-align-center is-style-subtext\" style=\"margin-top:0;margin-right:0;margin-bottom:0;margin-left:0\">Aper\u00e7u<\/p>\n<\/div>\n\n\n\n<div style=\"height:48px;--tablet-height:36px;--mobile-height:24px\" class=\"wp-block-lookeen-blocks-responsive-spacer\"><\/div>\n\n\n\n<div class=\"wp-block-group four-col-grid has-global-padding is-layout-constrained wp-block-group-is-layout-constrained\">\n<div class=\"wp-block-group alternatives__box has-global-padding is-layout-constrained wp-container-core-group-is-layout-be9188a4 wp-block-group-is-layout-constrained\" style=\"border-radius:20px;padding-top:40px;padding-right:35px;padding-bottom:40px;padding-left:35px\">\n<figure class=\"wp-block-image aligncenter size-full is-resized\"><img decoding=\"async\" src=\"https:\/\/zenkit.com\/wp-content\/uploads\/2025\/07\/Single-Sign-On.svg\" alt=\"\" class=\"wp-image-119191\" style=\"object-fit:contain;width:76px;height:82px\"\/><\/figure>\n\n\n\n<h3 class=\"wp-block-heading has-text-align-center\" style=\"margin-bottom:4px;font-size:22px\">Authentification unique<\/h3>\n\n\n\n<p class=\"has-text-align-center has-da-grey-1-color has-text-color has-link-color wp-elements-4ef29cba2ea4da2ecdbba36058b24f88\">\u00abSingle sign-on\u00bb, en fran\u00e7ais authentification unique, fournit une gestion d&rsquo;utilisateurs simplifi\u00e9e et un proc\u00e8s d&rsquo;authentification s\u00e9curis\u00e9<\/p>\n<\/div>\n\n\n\n<div class=\"wp-block-group alternatives__box has-global-padding is-layout-constrained wp-container-core-group-is-layout-be9188a4 wp-block-group-is-layout-constrained\" style=\"border-radius:20px;padding-top:40px;padding-right:35px;padding-bottom:40px;padding-left:35px\">\n<figure class=\"wp-block-image aligncenter size-full is-resized\"><img decoding=\"async\" src=\"https:\/\/zenkit.com\/wp-content\/uploads\/2025\/07\/Zwei-Faktor-Authentifizierung-2FA.svg\" alt=\"\" class=\"wp-image-119201\" style=\"object-fit:contain;width:76px;height:82px\"\/><\/figure>\n\n\n\n<h3 class=\"wp-block-heading has-text-align-center\" style=\"margin-bottom:4px;font-size:22px\">Autorisation de deux facteurs (2FA)<\/h3>\n\n\n\n<p class=\"has-text-align-center has-da-grey-1-color has-text-color has-link-color wp-elements-21173ca484b34d91f9f2b8c5ca444a89\">\u00abTwo factor authorization\u00bb, en fran\u00e7ais autorisation de deux facteurs, ajoute une couche suppl\u00e9mentaire de s\u00e9curit\u00e9 \u00e0 votre compte en \u00e9vitant tout acc\u00e8s non autoris\u00e9. Zenkit vous enverra un code de s\u00e9curit\u00e9 suppl\u00e9mentaire dont vous aurez besoin afin d\u2019acc\u00e9der \u00e0 votre compte depuis un nouvel appareil.<\/p>\n<\/div>\n\n\n\n<div class=\"wp-block-group alternatives__box has-global-padding is-layout-constrained wp-container-core-group-is-layout-be9188a4 wp-block-group-is-layout-constrained\" style=\"border-radius:20px;padding-top:40px;padding-right:35px;padding-bottom:40px;padding-left:35px\">\n<figure class=\"wp-block-image aligncenter size-full is-resized\"><img decoding=\"async\" src=\"https:\/\/zenkit.com\/wp-content\/uploads\/2025\/07\/Intrusion-detection-IDS.svg\" alt=\"\" class=\"wp-image-119211\" style=\"object-fit:contain;width:76px;height:82px\"\/><\/figure>\n\n\n\n<h3 class=\"wp-block-heading has-text-align-center\" style=\"margin-bottom:4px;font-size:22px\">D\u00e9tection d&rsquo;Intrusion (IDS)<\/h3>\n\n\n\n<p class=\"has-text-align-center has-da-grey-1-color has-text-color has-link-color wp-elements-8f0b3855643345eb92e139af558570a1\">Zenkit utilise un logiciel de d\u00e9tection d&rsquo;intrusion pour surveiller toutes les activit\u00e9s malveillantes. Soyez le premier \u00e0 savoir quand une menace interne ou externe se produit.<\/p>\n<\/div>\n\n\n\n<div class=\"wp-block-group alternatives__box has-global-padding is-layout-constrained wp-container-core-group-is-layout-be9188a4 wp-block-group-is-layout-constrained\" style=\"border-radius:20px;padding-top:40px;padding-right:35px;padding-bottom:40px;padding-left:35px\">\n<figure class=\"wp-block-image aligncenter size-full is-resized\"><img decoding=\"async\" src=\"https:\/\/zenkit.com\/wp-content\/uploads\/2025\/07\/Service-Level-Agreements.svg\" alt=\"\" class=\"wp-image-119221\" style=\"object-fit:contain;width:76px;height:82px\"\/><\/figure>\n\n\n\n<h3 class=\"wp-block-heading has-text-align-center\" style=\"margin-bottom:4px;font-size:22px\">Accords de Service (SLA)<\/h3>\n\n\n\n<p class=\"has-text-align-center has-da-grey-1-color has-text-color has-link-color wp-elements-61232daa8927fc5145a4868112c485e7\">Un examen de contrat juridique complet ainsi que des accords de service assurent que vous pouvez toujours compter sur une exp\u00e9rience utilisateur fiable et r\u00e9active. H\u00e9berg\u00e9 sur AWS, Zenkit garantit 99.99% de disponibilit\u00e9 de service.<\/p>\n<\/div>\n<\/div>\n<\/div>\n\n\n\n<div style=\"height:88px;--tablet-height:72px;--mobile-height:36px\" class=\"wp-block-lookeen-blocks-responsive-spacer\"><\/div>\n\n\n\n<div class=\"wp-block-group has-global-padding is-layout-constrained wp-block-group-is-layout-constrained\">\n<div class=\"wp-block-group has-global-padding is-layout-constrained wp-container-core-group-is-layout-7cc94c3e wp-block-group-is-layout-constrained\">\n<h2 class=\"wp-block-heading has-text-align-center display-h1 has-x-large-font-size\" style=\"margin-top:0;margin-bottom:8px\">Contr\u00f4le granulaire<\/h2>\n\n\n\n<p class=\"has-text-align-center is-style-subtext\" style=\"margin-top:0;margin-right:0;margin-bottom:24px;margin-left:0\">La gestion d\u2019identit\u00e9 et d\u2019acc\u00e8s (IAM) vous donne contr\u00f4le sur vos collections et vos workspaces<\/p>\n\n\n\n<p class=\"has-text-align-center\">Vous pouvez limiter qui peut cr\u00e9er des collections priv\u00e9es ou publiques et limiter l\u2019acc\u00e8s aux diff\u00e9rents contenus de votre collection.<\/p>\n\n\n\n<p class=\"has-text-align-center\"><br>Les options administratives granulaires vous permettent d\u2019ajuster les param\u00e8tres de votre projet de mani\u00e8re flexible et de d\u00e9finir les r\u00f4les de vos coll\u00e8gues directement depuis l\u2019application.<\/p>\n<\/div>\n\n\n\n<div style=\"height:88px;--tablet-height:72px;--mobile-height:36px\" class=\"wp-block-lookeen-blocks-responsive-spacer\"><\/div>\n\n\n\n<div class=\"wp-block-group has-global-padding is-layout-constrained wp-block-group-is-layout-constrained\">\n<div class=\"wp-block-group four-col-grid has-global-padding is-layout-constrained wp-block-group-is-layout-constrained\">\n<div class=\"wp-block-group alternatives__box has-global-padding is-layout-constrained wp-container-core-group-is-layout-be9188a4 wp-block-group-is-layout-constrained\" style=\"border-radius:20px;padding-top:40px;padding-right:35px;padding-bottom:40px;padding-left:35px\">\n<h3 class=\"wp-block-heading has-text-align-center\" style=\"margin-bottom:4px;font-size:22px\">Gestionnaire de Compte<\/h3>\n\n\n\n<p class=\"has-text-align-center has-da-grey-1-color has-text-color has-link-color wp-elements-a57ded24401c0fb752b645252835c38f\">Un gestionnaire de compte d\u00e9vou\u00e9 organisera des sessions d\u2019entra\u00eenement pour votre \u00e9quipe et sera disponible pour vous aider avec des probl\u00e8mes de facturation.<\/p>\n<\/div>\n\n\n\n<div class=\"wp-block-group alternatives__box has-global-padding is-layout-constrained wp-container-core-group-is-layout-be9188a4 wp-block-group-is-layout-constrained\" style=\"border-radius:20px;padding-top:40px;padding-right:35px;padding-bottom:40px;padding-left:35px\">\n<h3 class=\"wp-block-heading has-text-align-center\" style=\"margin-bottom:4px;font-size:22px\">Impl\u00e9mentation personnalis\u00e9<\/h3>\n\n\n\n<p class=\"has-text-align-center has-da-grey-1-color has-text-color has-link-color wp-elements-8fb4308447a86a5f906adbbf79dd70fa\">Un processus d\u2019impl\u00e9mentation personnalis\u00e9 pour votre entreprise garantit l&rsquo;adoption et le d\u00e9placement de vos syst\u00e8mes et processus actuels<\/p>\n<\/div>\n\n\n\n<div class=\"wp-block-group alternatives__box has-global-padding is-layout-constrained wp-container-core-group-is-layout-be9188a4 wp-block-group-is-layout-constrained\" style=\"border-radius:20px;padding-top:40px;padding-right:35px;padding-bottom:40px;padding-left:35px\">\n<h3 class=\"wp-block-heading has-text-align-center\" style=\"margin-bottom:4px;font-size:22px\">Mod\u00e8les<\/h3>\n\n\n\n<p class=\"has-text-align-center has-da-grey-1-color has-text-color has-link-color wp-elements-a422f5a4fca43fe4e1b17d858821ce47\">Les nombreux mod\u00e8les pr\u00e9par\u00e9s par Zenkit vous permettent d\u2019utiliser des outils et des processus de travail bien \u00e9tablis imm\u00e9diatement.<\/p>\n<\/div>\n\n\n\n<div class=\"wp-block-group alternatives__box has-global-padding is-layout-constrained wp-container-core-group-is-layout-be9188a4 wp-block-group-is-layout-constrained\" style=\"border-radius:20px;padding-top:40px;padding-right:35px;padding-bottom:40px;padding-left:35px\">\n<h3 class=\"wp-block-heading has-text-align-center\" style=\"margin-bottom:4px;font-size:22px\">Service de Priorit\u00e9<\/h3>\n\n\n\n<p class=\"has-text-align-center has-da-grey-1-color has-text-color has-link-color wp-elements-912d8a90a23b7f08e1a41ee9674fb906\">L&rsquo;assistance prioritaire par courrier \u00e9lectronique ou par t\u00e9l\u00e9phone est garantie pour tous les clients d\u2019entreprise.<\/p>\n<\/div>\n<\/div>\n<\/div>\n<\/div>\n\n\n\n<div style=\"height:88px;--tablet-height:72px;--mobile-height:36px\" class=\"wp-block-lookeen-blocks-responsive-spacer\"><\/div>\n\n\n\n<div class=\"wp-block-group has-da-blue-light-background-color has-background has-global-padding is-layout-constrained wp-container-core-group-is-layout-d7701c0d wp-block-group-is-layout-constrained\">\n<div style=\"height:80px;--tablet-height:64px;--mobile-height:35px\" class=\"wp-block-lookeen-blocks-responsive-spacer\"><\/div>\n\n\n\n<h2 class=\"wp-block-heading has-text-align-center\">Pour plus d\u2019information sur nos fonctions d\u2019entreprise, veuillez contacter notre \u00e9quipe de vente.<\/h2>\n\n\n\n<div class=\"wp-block-buttons is-content-justification-center is-layout-flex wp-container-core-buttons-is-layout-f78c5dac wp-block-buttons-is-layout-flex\" style=\"margin-top:0px;margin-bottom:0px\">\n<div class=\"wp-block-button is-style-default\"><a class=\"wp-block-button__link wp-element-button\" href=\"https:\/\/zenkit.com\/fr\/contact\/\">Contactez nous<\/a><\/div>\n<\/div>\n\n\n\n<div style=\"height:80px;--tablet-height:64px;--mobile-height:35px\" class=\"wp-block-lookeen-blocks-responsive-spacer\"><\/div>\n<\/div>\n","protected":false},"excerpt":{"rendered":"<p>Zenkit pour Entreprises La plateforme de collaboration s\u00e9curis\u00e9e pour votre entreprise. Fonctions d&rsquo;Entreprise Aper\u00e7u Authentification unique \u00abSingle sign-on\u00bb, en fran\u00e7ais authentification unique, fournit une gestion d&rsquo;utilisateurs simplifi\u00e9e et un proc\u00e8s d&rsquo;authentification s\u00e9curis\u00e9 Autorisation de deux facteurs (2FA) \u00abTwo factor authorization\u00bb, en fran\u00e7ais autorisation de deux facteurs, ajoute une couche suppl\u00e9mentaire de s\u00e9curit\u00e9 \u00e0 votre compte [&hellip;]<\/p>\n","protected":false},"author":28,"featured_media":0,"parent":0,"menu_order":17,"comment_status":"closed","ping_status":"closed","template":"","meta":{"yasr_overall_rating":0,"yasr_post_is_review":"","yasr_auto_insert_disabled":"","yasr_review_type":"","footnotes":""},"class_list":["post-61314","page","type-page","status-publish","hentry"],"yoast_head":"<!-- This site is optimized with the Yoast SEO plugin v27.4 - https:\/\/yoast.com\/product\/yoast-seo-wordpress\/ -->\n<title>Zenkit Enterprise | Zenkit<\/title>\n<meta name=\"robots\" content=\"index, follow, max-snippet:-1, max-image-preview:large, max-video-preview:-1\" \/>\n<link rel=\"canonical\" href=\"https:\/\/zenkit.com\/fr\/enterprise\/\" \/>\n<meta property=\"og:locale\" content=\"fr_FR\" \/>\n<meta property=\"og:type\" content=\"article\" \/>\n<meta property=\"og:title\" content=\"Zenkit Enterprise | Zenkit\" \/>\n<meta property=\"og:description\" content=\"Zenkit pour Entreprises La plateforme de collaboration s\u00e9curis\u00e9e pour votre entreprise. Fonctions d&rsquo;Entreprise Aper\u00e7u Authentification unique \u00abSingle sign-on\u00bb, en fran\u00e7ais authentification unique, fournit une gestion d&rsquo;utilisateurs simplifi\u00e9e et un proc\u00e8s d&rsquo;authentification s\u00e9curis\u00e9 Autorisation de deux facteurs (2FA) \u00abTwo factor authorization\u00bb, en fran\u00e7ais autorisation de deux facteurs, ajoute une couche suppl\u00e9mentaire de s\u00e9curit\u00e9 \u00e0 votre compte [&hellip;]\" \/>\n<meta property=\"og:url\" content=\"https:\/\/zenkit.com\/fr\/enterprise\/\" \/>\n<meta property=\"og:site_name\" content=\"Zenkit\" \/>\n<meta property=\"article:publisher\" content=\"https:\/\/www.facebook.com\/ZenkitHQ\" \/>\n<meta property=\"article:modified_time\" content=\"2025-09-23T22:56:34+00:00\" \/>\n<meta name=\"twitter:card\" content=\"summary_large_image\" \/>\n<meta name=\"twitter:site\" content=\"@ZenkitHQ\" \/>\n<meta name=\"twitter:label1\" content=\"Dur\u00e9e de lecture estim\u00e9e\" \/>\n\t<meta name=\"twitter:data1\" content=\"22 minutes\" \/>\n<script type=\"application\/ld+json\" class=\"yoast-schema-graph\">{\"@context\":\"https:\\\/\\\/schema.org\",\"@graph\":[{\"@type\":\"WebPage\",\"@id\":\"https:\\\/\\\/zenkit.com\\\/fr\\\/enterprise\\\/\",\"url\":\"https:\\\/\\\/zenkit.com\\\/fr\\\/enterprise\\\/\",\"name\":\"Zenkit Enterprise | Zenkit\",\"isPartOf\":{\"@id\":\"https:\\\/\\\/zenkit.com\\\/fr\\\/#website\"},\"primaryImageOfPage\":{\"@id\":\"https:\\\/\\\/zenkit.com\\\/fr\\\/enterprise\\\/#primaryimage\"},\"image\":{\"@id\":\"https:\\\/\\\/zenkit.com\\\/fr\\\/enterprise\\\/#primaryimage\"},\"thumbnailUrl\":\"https:\\\/\\\/zenkit.com\\\/wp-content\\\/uploads\\\/2025\\\/07\\\/Single-Sign-On.svg\",\"datePublished\":\"2021-04-27T12:45:20+00:00\",\"dateModified\":\"2025-09-23T22:56:34+00:00\",\"breadcrumb\":{\"@id\":\"https:\\\/\\\/zenkit.com\\\/fr\\\/enterprise\\\/#breadcrumb\"},\"inLanguage\":\"fr-FR\",\"potentialAction\":[{\"@type\":\"ReadAction\",\"target\":[\"https:\\\/\\\/zenkit.com\\\/fr\\\/enterprise\\\/\"]}]},{\"@type\":\"ImageObject\",\"inLanguage\":\"fr-FR\",\"@id\":\"https:\\\/\\\/zenkit.com\\\/fr\\\/enterprise\\\/#primaryimage\",\"url\":\"https:\\\/\\\/zenkit.com\\\/wp-content\\\/uploads\\\/2025\\\/07\\\/Single-Sign-On.svg\",\"contentUrl\":\"https:\\\/\\\/zenkit.com\\\/wp-content\\\/uploads\\\/2025\\\/07\\\/Single-Sign-On.svg\"},{\"@type\":\"BreadcrumbList\",\"@id\":\"https:\\\/\\\/zenkit.com\\\/fr\\\/enterprise\\\/#breadcrumb\",\"itemListElement\":[{\"@type\":\"ListItem\",\"position\":1,\"name\":\"Home\",\"item\":\"https:\\\/\\\/zenkit.com\\\/fr\\\/\"},{\"@type\":\"ListItem\",\"position\":2,\"name\":\"Zenkit Enterprise\"}]},{\"@type\":\"WebSite\",\"@id\":\"https:\\\/\\\/zenkit.com\\\/fr\\\/#website\",\"url\":\"https:\\\/\\\/zenkit.com\\\/fr\\\/\",\"name\":\"Zenkit\",\"description\":\"Zenkit Tagline\",\"potentialAction\":[{\"@type\":\"SearchAction\",\"target\":{\"@type\":\"EntryPoint\",\"urlTemplate\":\"https:\\\/\\\/zenkit.com\\\/fr\\\/?s={search_term_string}\"},\"query-input\":{\"@type\":\"PropertyValueSpecification\",\"valueRequired\":true,\"valueName\":\"search_term_string\"}}],\"inLanguage\":\"fr-FR\"},false]}<\/script>\n<!-- \/ Yoast SEO plugin. -->","yoast_head_json":{"title":"Zenkit Enterprise | Zenkit","robots":{"index":"index","follow":"follow","max-snippet":"max-snippet:-1","max-image-preview":"max-image-preview:large","max-video-preview":"max-video-preview:-1"},"canonical":"https:\/\/zenkit.com\/fr\/enterprise\/","og_locale":"fr_FR","og_type":"article","og_title":"Zenkit Enterprise | Zenkit","og_description":"Zenkit pour Entreprises La plateforme de collaboration s\u00e9curis\u00e9e pour votre entreprise. Fonctions d&rsquo;Entreprise Aper\u00e7u Authentification unique \u00abSingle sign-on\u00bb, en fran\u00e7ais authentification unique, fournit une gestion d&rsquo;utilisateurs simplifi\u00e9e et un proc\u00e8s d&rsquo;authentification s\u00e9curis\u00e9 Autorisation de deux facteurs (2FA) \u00abTwo factor authorization\u00bb, en fran\u00e7ais autorisation de deux facteurs, ajoute une couche suppl\u00e9mentaire de s\u00e9curit\u00e9 \u00e0 votre compte [&hellip;]","og_url":"https:\/\/zenkit.com\/fr\/enterprise\/","og_site_name":"Zenkit","article_publisher":"https:\/\/www.facebook.com\/ZenkitHQ","article_modified_time":"2025-09-23T22:56:34+00:00","twitter_card":"summary_large_image","twitter_site":"@ZenkitHQ","twitter_misc":{"Dur\u00e9e de lecture estim\u00e9e":"22 minutes"},"schema":{"@context":"https:\/\/schema.org","@graph":[{"@type":"WebPage","@id":"https:\/\/zenkit.com\/fr\/enterprise\/","url":"https:\/\/zenkit.com\/fr\/enterprise\/","name":"Zenkit Enterprise | Zenkit","isPartOf":{"@id":"https:\/\/zenkit.com\/fr\/#website"},"primaryImageOfPage":{"@id":"https:\/\/zenkit.com\/fr\/enterprise\/#primaryimage"},"image":{"@id":"https:\/\/zenkit.com\/fr\/enterprise\/#primaryimage"},"thumbnailUrl":"https:\/\/zenkit.com\/wp-content\/uploads\/2025\/07\/Single-Sign-On.svg","datePublished":"2021-04-27T12:45:20+00:00","dateModified":"2025-09-23T22:56:34+00:00","breadcrumb":{"@id":"https:\/\/zenkit.com\/fr\/enterprise\/#breadcrumb"},"inLanguage":"fr-FR","potentialAction":[{"@type":"ReadAction","target":["https:\/\/zenkit.com\/fr\/enterprise\/"]}]},{"@type":"ImageObject","inLanguage":"fr-FR","@id":"https:\/\/zenkit.com\/fr\/enterprise\/#primaryimage","url":"https:\/\/zenkit.com\/wp-content\/uploads\/2025\/07\/Single-Sign-On.svg","contentUrl":"https:\/\/zenkit.com\/wp-content\/uploads\/2025\/07\/Single-Sign-On.svg"},{"@type":"BreadcrumbList","@id":"https:\/\/zenkit.com\/fr\/enterprise\/#breadcrumb","itemListElement":[{"@type":"ListItem","position":1,"name":"Home","item":"https:\/\/zenkit.com\/fr\/"},{"@type":"ListItem","position":2,"name":"Zenkit Enterprise"}]},{"@type":"WebSite","@id":"https:\/\/zenkit.com\/fr\/#website","url":"https:\/\/zenkit.com\/fr\/","name":"Zenkit","description":"Zenkit Tagline","potentialAction":[{"@type":"SearchAction","target":{"@type":"EntryPoint","urlTemplate":"https:\/\/zenkit.com\/fr\/?s={search_term_string}"},"query-input":{"@type":"PropertyValueSpecification","valueRequired":true,"valueName":"search_term_string"}}],"inLanguage":"fr-FR"},false]}},"yasr_visitor_votes":{"stars_attributes":{"read_only":false,"span_bottom":false},"number_of_votes":0,"sum_votes":0},"_links":{"self":[{"href":"https:\/\/zenkit.com\/fr\/wp-json\/wp\/v2\/pages\/61314","targetHints":{"allow":["GET"]}}],"collection":[{"href":"https:\/\/zenkit.com\/fr\/wp-json\/wp\/v2\/pages"}],"about":[{"href":"https:\/\/zenkit.com\/fr\/wp-json\/wp\/v2\/types\/page"}],"author":[{"embeddable":true,"href":"https:\/\/zenkit.com\/fr\/wp-json\/wp\/v2\/users\/28"}],"replies":[{"embeddable":true,"href":"https:\/\/zenkit.com\/fr\/wp-json\/wp\/v2\/comments?post=61314"}],"version-history":[{"count":2,"href":"https:\/\/zenkit.com\/fr\/wp-json\/wp\/v2\/pages\/61314\/revisions"}],"predecessor-version":[{"id":167097,"href":"https:\/\/zenkit.com\/fr\/wp-json\/wp\/v2\/pages\/61314\/revisions\/167097"}],"wp:attachment":[{"href":"https:\/\/zenkit.com\/fr\/wp-json\/wp\/v2\/media?parent=61314"}],"curies":[{"name":"wp","href":"https:\/\/api.w.org\/{rel}","templated":true}]}}