{"id":61464,"date":"2021-04-21T13:32:29","date_gmt":"2021-04-21T11:32:29","guid":{"rendered":"https:\/\/zenkit.com\/academy-re\/"},"modified":"2025-07-23T16:43:46","modified_gmt":"2025-07-23T14:43:46","slug":"academie","status":"publish","type":"page","link":"https:\/\/zenkit.com\/fr\/academie\/","title":{"rendered":"Acad\u00e9mie"},"content":{"rendered":"\n<div class=\"wp-block-group has-global-padding is-layout-constrained wp-block-group-is-layout-constrained\">\n<div class=\"wp-block-group width--950 has-global-padding is-layout-constrained wp-block-group-is-layout-constrained\">\n<div style=\"height:45px;--tablet-height:45px;--mobile-height:16px\" class=\"wp-block-lookeen-blocks-responsive-spacer\"><\/div>\n\n\n\n<div class=\"wp-block-group has-global-padding is-layout-constrained wp-block-group-is-layout-constrained\">\n<h1 class=\"wp-block-heading has-text-align-center\" style=\"margin-bottom:8px\">Zenkit\/Acad\u00e9mie<\/h1>\n<\/div>\n\n\n\n<div class=\"wp-block-group has-global-padding is-layout-constrained wp-block-group-is-layout-constrained\">\n<p class=\"has-text-align-center subheading\">Notre mission est de faciliter l\u2019organisation de votre entreprise<\/p>\n<\/div>\n\n\n\n<div style=\"height:48px;--tablet-height:36px;--mobile-height:24px\" class=\"wp-block-lookeen-blocks-responsive-spacer\"><\/div>\n\n\n\n<div class=\"wp-block-group has-global-padding is-layout-constrained wp-block-group-is-layout-constrained\" style=\"margin-bottom:8px\">\n<p class=\"has-text-align-center\">En compl\u00e9ment de la plateforme Zenkit nous proposons des cours et des tutoriels sur les t\u00e2ches les plus importantes de votre organisation. L\u2019Acad\u00e9mie Zenkit sera bient\u00f4t mise en ligne. Veuillez nous contacter afin de rester \u00e0 jour.<\/p>\n<\/div>\n\n\n\n<div class=\"wp-block-group has-global-padding is-layout-constrained wp-block-group-is-layout-constrained\">\n<p class=\"has-text-align-center\"><a href=\"https:\/\/zenkit.com\/fr\/contact\/\"><a href=\"https:\/\/zenkit.com\/fr\/contact\/\">Contactez-nous<\/a><\/a><\/p>\n<\/div>\n<\/div>\n\n\n\n<div style=\"height:88px;--tablet-height:72px;--mobile-height:40px\" class=\"wp-block-lookeen-blocks-responsive-spacer\"><\/div>\n<\/div>\n\n\n\n<div class=\"wp-block-group has-global-padding is-layout-constrained wp-block-group-is-layout-constrained\">\n<div class=\"wp-block-group da__icon-box-grid has-global-padding is-layout-constrained wp-container-core-group-is-layout-48dbd97c wp-block-group-is-layout-constrained\" style=\"padding-right:0px;padding-left:0px\">\n<div class=\"wp-block-group da__icon-box has-global-padding is-layout-constrained wp-block-group-is-layout-constrained\" style=\"border-radius:20px\">\n<figure class=\"wp-block-image aligncenter size-full is-resized\" style=\"margin-bottom:24px\"><img decoding=\"async\" src=\"https:\/\/zenkit.com\/wp-content\/uploads\/2025\/01\/Projektmanagement.svg\" alt=\"\" class=\"wp-image-109234\" style=\"width:auto;height:82px\"\/><\/figure>\n\n\n\n<p class=\"has-text-align-center\" style=\"margin-bottom:0px;font-size:20px\"><strong>Gestion de Projet<\/strong><\/p>\n\n\n\n<p class=\"has-text-align-center\" style=\"margin-bottom:0px;font-size:20px\"><strong>Leadership Digital<\/strong><\/p>\n\n\n\n<p class=\"has-text-align-center\" style=\"font-size:20px\"><strong>Collaboration<\/strong><\/p>\n<\/div>\n\n\n\n<div class=\"wp-block-group da__icon-box has-global-padding is-layout-constrained wp-block-group-is-layout-constrained\" style=\"border-radius:20px\">\n<figure class=\"wp-block-image aligncenter size-full is-resized\" style=\"margin-bottom:24px\"><img decoding=\"async\" src=\"https:\/\/zenkit.com\/wp-content\/uploads\/2025\/01\/Kundenmanagement.svg\" alt=\"\" class=\"wp-image-109244\" style=\"width:auto;height:82px\"\/><\/figure>\n\n\n\n<p class=\"has-text-align-center\" style=\"margin-bottom:0px;font-size:20px\"><strong>Gestion de Clients<\/strong><\/p>\n\n\n\n<p class=\"has-text-align-center\" style=\"margin-bottom:0px;font-size:20px\"><strong>Succ\u00e8s des clients<\/strong><\/p>\n\n\n\n<p class=\"has-text-align-center\" style=\"font-size:20px\"><strong>Acquisition de Clients<\/strong><\/p>\n<\/div>\n\n\n\n<div class=\"wp-block-group da__icon-box has-global-padding is-layout-constrained wp-block-group-is-layout-constrained\" style=\"border-radius:20px\">\n<figure class=\"wp-block-image aligncenter size-full is-resized\" style=\"margin-bottom:24px\"><img decoding=\"async\" src=\"https:\/\/zenkit.com\/wp-content\/uploads\/2025\/01\/DigitalAssetManagement.svg\" alt=\"\" class=\"wp-image-109255\" style=\"width:auto;height:82px\"\/><\/figure>\n\n\n\n<p class=\"has-text-align-center\" style=\"margin-bottom:0px;font-size:20px\"><strong>Gestion des Ressources num\u00e9riques<\/strong><\/p>\n\n\n\n<p class=\"has-text-align-center\" style=\"margin-bottom:0px;font-size:20px\"><strong>Gestion de Documents<\/strong><\/p>\n\n\n\n<p class=\"has-text-align-center\" style=\"font-size:20px\"><strong>Cycle de vie Digital<\/strong><\/p>\n<\/div>\n\n\n\n<div class=\"wp-block-group da__icon-box has-global-padding is-layout-constrained wp-block-group-is-layout-constrained\" style=\"border-radius:20px\">\n<figure class=\"wp-block-image aligncenter size-full is-resized\" style=\"margin-bottom:24px\"><img decoding=\"async\" src=\"https:\/\/zenkit.com\/wp-content\/uploads\/2025\/01\/Finanzplanung.svg\" alt=\"\" class=\"wp-image-109265\" style=\"width:auto;height:82px\"\/><\/figure>\n\n\n\n<p class=\"has-text-align-center\" style=\"margin-bottom:0px;font-size:20px\"><strong>Planification financi\u00e8re<\/strong><\/p>\n\n\n\n<p class=\"has-text-align-center\" style=\"margin-bottom:0px;font-size:20px\"><strong>Indicateurs Cl\u00e9 de Valeur<\/strong><\/p>\n\n\n\n<p class=\"has-text-align-center\" style=\"font-size:20px\"><strong>Projections<\/strong><\/p>\n<\/div>\n\n\n\n<div class=\"wp-block-group da__icon-box has-global-padding is-layout-constrained wp-block-group-is-layout-constrained\" style=\"border-radius:20px\">\n<figure class=\"wp-block-image aligncenter size-full is-resized\" style=\"margin-bottom:24px\"><img decoding=\"async\" src=\"https:\/\/zenkit.com\/wp-content\/uploads\/2025\/01\/Personalmanagement.svg\" alt=\"\" class=\"wp-image-109281\" style=\"width:auto;height:82px\"\/><\/figure>\n\n\n\n<p class=\"has-text-align-center\" style=\"margin-bottom:0px;font-size:20px\"><strong>Ressources humaines<\/strong><\/p>\n\n\n\n<p class=\"has-text-align-center\" style=\"margin-bottom:0px;font-size:20px\"><strong>Suivi de Candidatures<\/strong><\/p>\n\n\n\n<p class=\"has-text-align-center\" style=\"margin-bottom:0px;font-size:20px\"><strong>Team Building<\/strong><\/p>\n<\/div>\n\n\n\n<div class=\"wp-block-group da__icon-box has-global-padding is-layout-constrained wp-block-group-is-layout-constrained\" style=\"border-radius:20px\">\n<figure class=\"wp-block-image aligncenter size-full is-resized\" style=\"margin-bottom:24px\"><img decoding=\"async\" src=\"https:\/\/zenkit.com\/wp-content\/uploads\/2025\/01\/Empowerment.svg\" alt=\"\" class=\"wp-image-109291\" style=\"width:auto;height:82px\"\/><\/figure>\n\n\n\n<p class=\"has-text-align-center\" style=\"margin-bottom:0px;font-size:20px\"><strong>Autonomisation<\/strong><\/p>\n\n\n\n<p class=\"has-text-align-center\" style=\"margin-bottom:0px;font-size:20px\"><strong>Gestion personnelle<\/strong><\/p>\n\n\n\n<p class=\"has-text-align-center\" style=\"font-size:20px\"><strong>Croissance personnelle<\/strong><\/p>\n<\/div>\n<\/div>\n<\/div>\n\n\n\n<div style=\"height:110px;--tablet-height:60px;--mobile-height:48px\" class=\"wp-block-lookeen-blocks-responsive-spacer\"><\/div>\n\n\n\n<p><\/p>\n","protected":false},"excerpt":{"rendered":"<p>Zenkit\/Acad\u00e9mie Notre mission est de faciliter l\u2019organisation de votre entreprise En compl\u00e9ment de la plateforme Zenkit nous proposons des cours et des tutoriels sur les t\u00e2ches les plus importantes de votre organisation. L\u2019Acad\u00e9mie Zenkit sera bient\u00f4t mise en ligne. Veuillez nous contacter afin de rester \u00e0 jour. Contactez-nous Gestion de Projet Leadership Digital Collaboration Gestion [&hellip;]<\/p>\n","protected":false},"author":28,"featured_media":0,"parent":0,"menu_order":18,"comment_status":"closed","ping_status":"closed","template":"","meta":{"yasr_overall_rating":0,"yasr_post_is_review":"","yasr_auto_insert_disabled":"","yasr_review_type":"","footnotes":""},"class_list":["post-61464","page","type-page","status-publish","hentry"],"yoast_head":"<!-- This site is optimized with the Yoast SEO plugin v27.3 - https:\/\/yoast.com\/product\/yoast-seo-wordpress\/ -->\n<title>Acad\u00e9mie | Zenkit<\/title>\n<meta name=\"robots\" content=\"index, follow, max-snippet:-1, max-image-preview:large, max-video-preview:-1\" \/>\n<link rel=\"canonical\" href=\"https:\/\/zenkit.com\/fr\/academie\/\" \/>\n<meta property=\"og:locale\" content=\"fr_FR\" \/>\n<meta property=\"og:type\" content=\"article\" \/>\n<meta property=\"og:title\" content=\"Acad\u00e9mie | Zenkit\" \/>\n<meta property=\"og:description\" content=\"Zenkit\/Acad\u00e9mie Notre mission est de faciliter l\u2019organisation de votre entreprise En compl\u00e9ment de la plateforme Zenkit nous proposons des cours et des tutoriels sur les t\u00e2ches les plus importantes de votre organisation. L\u2019Acad\u00e9mie Zenkit sera bient\u00f4t mise en ligne. Veuillez nous contacter afin de rester \u00e0 jour. Contactez-nous Gestion de Projet Leadership Digital Collaboration Gestion [&hellip;]\" \/>\n<meta property=\"og:url\" content=\"https:\/\/zenkit.com\/fr\/academie\/\" \/>\n<meta property=\"og:site_name\" content=\"Zenkit\" \/>\n<meta property=\"article:publisher\" content=\"https:\/\/www.facebook.com\/ZenkitHQ\" \/>\n<meta property=\"article:modified_time\" content=\"2025-07-23T14:43:46+00:00\" \/>\n<meta property=\"og:image\" content=\"https:\/\/zenkit.com\/wp-content\/uploads\/2025\/01\/Projektmanagement.svg\" \/>\n<meta name=\"twitter:card\" content=\"summary_large_image\" \/>\n<meta name=\"twitter:site\" content=\"@ZenkitHQ\" \/>\n<meta name=\"twitter:label1\" content=\"Dur\u00e9e de lecture estim\u00e9e\" \/>\n\t<meta name=\"twitter:data1\" content=\"1 minute\" \/>\n<script type=\"application\/ld+json\" class=\"yoast-schema-graph\">{\"@context\":\"https:\\\/\\\/schema.org\",\"@graph\":[{\"@type\":\"WebPage\",\"@id\":\"https:\\\/\\\/zenkit.com\\\/fr\\\/academie\\\/\",\"url\":\"https:\\\/\\\/zenkit.com\\\/fr\\\/academie\\\/\",\"name\":\"Acad\u00e9mie | Zenkit\",\"isPartOf\":{\"@id\":\"https:\\\/\\\/zenkit.com\\\/fr\\\/#website\"},\"primaryImageOfPage\":{\"@id\":\"https:\\\/\\\/zenkit.com\\\/fr\\\/academie\\\/#primaryimage\"},\"image\":{\"@id\":\"https:\\\/\\\/zenkit.com\\\/fr\\\/academie\\\/#primaryimage\"},\"thumbnailUrl\":\"https:\\\/\\\/zenkit.com\\\/wp-content\\\/uploads\\\/2025\\\/01\\\/Projektmanagement.svg\",\"datePublished\":\"2021-04-21T11:32:29+00:00\",\"dateModified\":\"2025-07-23T14:43:46+00:00\",\"breadcrumb\":{\"@id\":\"https:\\\/\\\/zenkit.com\\\/fr\\\/academie\\\/#breadcrumb\"},\"inLanguage\":\"fr-FR\",\"potentialAction\":[{\"@type\":\"ReadAction\",\"target\":[\"https:\\\/\\\/zenkit.com\\\/fr\\\/academie\\\/\"]}]},{\"@type\":\"ImageObject\",\"inLanguage\":\"fr-FR\",\"@id\":\"https:\\\/\\\/zenkit.com\\\/fr\\\/academie\\\/#primaryimage\",\"url\":\"https:\\\/\\\/zenkit.com\\\/wp-content\\\/uploads\\\/2025\\\/01\\\/Projektmanagement.svg\",\"contentUrl\":\"https:\\\/\\\/zenkit.com\\\/wp-content\\\/uploads\\\/2025\\\/01\\\/Projektmanagement.svg\"},{\"@type\":\"BreadcrumbList\",\"@id\":\"https:\\\/\\\/zenkit.com\\\/fr\\\/academie\\\/#breadcrumb\",\"itemListElement\":[{\"@type\":\"ListItem\",\"position\":1,\"name\":\"Home\",\"item\":\"https:\\\/\\\/zenkit.com\\\/fr\\\/\"},{\"@type\":\"ListItem\",\"position\":2,\"name\":\"Acad\u00e9mie\"}]},{\"@type\":\"WebSite\",\"@id\":\"https:\\\/\\\/zenkit.com\\\/fr\\\/#website\",\"url\":\"https:\\\/\\\/zenkit.com\\\/fr\\\/\",\"name\":\"Zenkit\",\"description\":\"Zenkit Tagline\",\"potentialAction\":[{\"@type\":\"SearchAction\",\"target\":{\"@type\":\"EntryPoint\",\"urlTemplate\":\"https:\\\/\\\/zenkit.com\\\/fr\\\/?s={search_term_string}\"},\"query-input\":{\"@type\":\"PropertyValueSpecification\",\"valueRequired\":true,\"valueName\":\"search_term_string\"}}],\"inLanguage\":\"fr-FR\"},false]}<\/script>\n<!-- \/ Yoast SEO plugin. -->","yoast_head_json":{"title":"Acad\u00e9mie | Zenkit","robots":{"index":"index","follow":"follow","max-snippet":"max-snippet:-1","max-image-preview":"max-image-preview:large","max-video-preview":"max-video-preview:-1"},"canonical":"https:\/\/zenkit.com\/fr\/academie\/","og_locale":"fr_FR","og_type":"article","og_title":"Acad\u00e9mie | Zenkit","og_description":"Zenkit\/Acad\u00e9mie Notre mission est de faciliter l\u2019organisation de votre entreprise En compl\u00e9ment de la plateforme Zenkit nous proposons des cours et des tutoriels sur les t\u00e2ches les plus importantes de votre organisation. L\u2019Acad\u00e9mie Zenkit sera bient\u00f4t mise en ligne. Veuillez nous contacter afin de rester \u00e0 jour. Contactez-nous Gestion de Projet Leadership Digital Collaboration Gestion [&hellip;]","og_url":"https:\/\/zenkit.com\/fr\/academie\/","og_site_name":"Zenkit","article_publisher":"https:\/\/www.facebook.com\/ZenkitHQ","article_modified_time":"2025-07-23T14:43:46+00:00","og_image":[{"url":"https:\/\/zenkit.com\/wp-content\/uploads\/2025\/01\/Projektmanagement.svg","type":"","width":"","height":""}],"twitter_card":"summary_large_image","twitter_site":"@ZenkitHQ","twitter_misc":{"Dur\u00e9e de lecture estim\u00e9e":"1 minute"},"schema":{"@context":"https:\/\/schema.org","@graph":[{"@type":"WebPage","@id":"https:\/\/zenkit.com\/fr\/academie\/","url":"https:\/\/zenkit.com\/fr\/academie\/","name":"Acad\u00e9mie | Zenkit","isPartOf":{"@id":"https:\/\/zenkit.com\/fr\/#website"},"primaryImageOfPage":{"@id":"https:\/\/zenkit.com\/fr\/academie\/#primaryimage"},"image":{"@id":"https:\/\/zenkit.com\/fr\/academie\/#primaryimage"},"thumbnailUrl":"https:\/\/zenkit.com\/wp-content\/uploads\/2025\/01\/Projektmanagement.svg","datePublished":"2021-04-21T11:32:29+00:00","dateModified":"2025-07-23T14:43:46+00:00","breadcrumb":{"@id":"https:\/\/zenkit.com\/fr\/academie\/#breadcrumb"},"inLanguage":"fr-FR","potentialAction":[{"@type":"ReadAction","target":["https:\/\/zenkit.com\/fr\/academie\/"]}]},{"@type":"ImageObject","inLanguage":"fr-FR","@id":"https:\/\/zenkit.com\/fr\/academie\/#primaryimage","url":"https:\/\/zenkit.com\/wp-content\/uploads\/2025\/01\/Projektmanagement.svg","contentUrl":"https:\/\/zenkit.com\/wp-content\/uploads\/2025\/01\/Projektmanagement.svg"},{"@type":"BreadcrumbList","@id":"https:\/\/zenkit.com\/fr\/academie\/#breadcrumb","itemListElement":[{"@type":"ListItem","position":1,"name":"Home","item":"https:\/\/zenkit.com\/fr\/"},{"@type":"ListItem","position":2,"name":"Acad\u00e9mie"}]},{"@type":"WebSite","@id":"https:\/\/zenkit.com\/fr\/#website","url":"https:\/\/zenkit.com\/fr\/","name":"Zenkit","description":"Zenkit Tagline","potentialAction":[{"@type":"SearchAction","target":{"@type":"EntryPoint","urlTemplate":"https:\/\/zenkit.com\/fr\/?s={search_term_string}"},"query-input":{"@type":"PropertyValueSpecification","valueRequired":true,"valueName":"search_term_string"}}],"inLanguage":"fr-FR"},false]}},"yasr_visitor_votes":{"stars_attributes":{"read_only":false,"span_bottom":false},"number_of_votes":0,"sum_votes":0},"_links":{"self":[{"href":"https:\/\/zenkit.com\/fr\/wp-json\/wp\/v2\/pages\/61464","targetHints":{"allow":["GET"]}}],"collection":[{"href":"https:\/\/zenkit.com\/fr\/wp-json\/wp\/v2\/pages"}],"about":[{"href":"https:\/\/zenkit.com\/fr\/wp-json\/wp\/v2\/types\/page"}],"author":[{"embeddable":true,"href":"https:\/\/zenkit.com\/fr\/wp-json\/wp\/v2\/users\/28"}],"replies":[{"embeddable":true,"href":"https:\/\/zenkit.com\/fr\/wp-json\/wp\/v2\/comments?post=61464"}],"version-history":[{"count":1,"href":"https:\/\/zenkit.com\/fr\/wp-json\/wp\/v2\/pages\/61464\/revisions"}],"predecessor-version":[{"id":119383,"href":"https:\/\/zenkit.com\/fr\/wp-json\/wp\/v2\/pages\/61464\/revisions\/119383"}],"wp:attachment":[{"href":"https:\/\/zenkit.com\/fr\/wp-json\/wp\/v2\/media?parent=61464"}],"curies":[{"name":"wp","href":"https:\/\/api.w.org\/{rel}","templated":true}]}}