{"id":62010,"date":"2019-12-10T14:30:03","date_gmt":"2019-12-10T13:30:03","guid":{"rendered":"https:\/\/zenkit.com\/base\/integrations\/clicdata\/"},"modified":"2025-11-04T06:53:11","modified_gmt":"2025-11-04T05:53:11","slug":"clicdata","status":"publish","type":"page","link":"https:\/\/zenkit.com\/fr\/integrations\/clicdata\/","title":{"rendered":"ClicData"},"content":{"rendered":"\n<div style=\"height:45px;--tablet-height:45px;--mobile-height:16px\" class=\"wp-block-lookeen-blocks-responsive-spacer\"><\/div>\n\n\n\n<div class=\"wp-block-group has-global-padding is-layout-constrained wp-block-group-is-layout-constrained\">\n<div class=\"wp-block-columns is-layout-flex wp-container-core-columns-is-layout-467d341d wp-block-columns-is-layout-flex\" id=\"main__integrations\" style=\"margin-top:0px;margin-bottom:0px\">\n<div class=\"wp-block-column side__bar__integrations is-layout-flow wp-block-column-is-layout-flow\" style=\"flex-basis:23%\">\n<h2 class=\"wp-block-heading has-da-blue-color-new has-text-color has-link-color wp-elements-05ad83efcd9892ba7321f7580e30ccf9\" style=\"margin-top:0px;margin-bottom:0px;font-size:16px;line-height:1.5\">Int\u00e9grations de tableaux de bord et de rapports<\/h2>\n\n\n<nav class=\"is-vertical integrations__menu wp-block-navigation is-layout-flex wp-container-core-navigation-is-layout-5f9f5280 wp-block-navigation-is-layout-flex\" aria-label=\"fr-integrations-dashboards-reports\"><ul class=\"wp-block-navigation__container  is-vertical integrations__menu wp-block-navigation\"><li class=\" wp-block-navigation-item wp-block-navigation-link\"><a class=\"wp-block-navigation-item__content\"  href=\"https:\/\/zenkit.com\/fr\/integrations\/clicdata\/\"><span class=\"wp-block-navigation-item__label\">ClicData<\/span><\/a><\/li><li class=\" wp-block-navigation-item wp-block-navigation-link\"><a class=\"wp-block-navigation-item__content\"  href=\"https:\/\/zenkit.com\/fr\/integrations\/status-hero\/\"><span class=\"wp-block-navigation-item__label\">Status Hero<\/span><\/a><\/li><\/ul><\/nav><\/div>\n\n\n\n<div class=\"wp-block-column content__integrations is-layout-flow wp-block-column-is-layout-flow\" style=\"flex-basis:77%\">\n<div class=\"wp-block-group has-global-padding is-layout-constrained wp-block-group-is-layout-constrained\">\n<div class=\"wp-block-group title is-layout-flex wp-container-core-group-is-layout-ed4b00df wp-block-group-is-layout-flex\">\n<figure class=\"wp-block-image size-full is-resized\"><img loading=\"lazy\" decoding=\"async\" width=\"1024\" height=\"1024\" src=\"https:\/\/zenkit.com\/wp-content\/uploads\/2025\/07\/Clicdata_Logo-Icon.webp\" alt=\"\" class=\"wp-image-117819\" style=\"width:auto;height:46px\" srcset=\"https:\/\/zenkit.com\/wp-content\/uploads\/2025\/07\/Clicdata_Logo-Icon.webp 1024w, https:\/\/zenkit.com\/wp-content\/uploads\/2025\/07\/Clicdata_Logo-Icon-300x300.webp 300w, https:\/\/zenkit.com\/wp-content\/uploads\/2025\/07\/Clicdata_Logo-Icon-150x150.webp 150w, https:\/\/zenkit.com\/wp-content\/uploads\/2025\/07\/Clicdata_Logo-Icon-768x768.webp 768w\" sizes=\"auto, (max-width: 1024px) 100vw, 1024px\" \/><\/figure>\n\n\n\n<h1 class=\"wp-block-heading\">ClicData &amp; Zenkit<\/h1>\n<\/div>\n\n\n\n<div class=\"wp-block-group has-global-padding is-layout-constrained wp-block-group-is-layout-constrained\">\n<h3 class=\"wp-block-heading display-h2\">Connectez vos comptes Zenkit et ClicData<\/h3>\n\n\n\n<p>Si vous avez constitu\u00e9 votre base de donn\u00e9es en utilisant Zenkit et que vous cherchez une solution de compte-rendu pour visualiser ces donn\u00e9es, l\u2019int\u00e9gration entre Zenkit et ClicData pourrait correspondre \u00e0 ce que vous recherchez.<\/p>\n\n\n\n<p>Que vos donn\u00e9es stock\u00e9es dans Zenkit soient des chiffres de vente, des dates de facturation ou m\u00eame des d\u00e9tails g\u00e9ographiques, vous pouvez facilement concevoir un tableau de bord attrayant et personnalis\u00e9 pour les mettre en valeur. Cela peut vous aider \u00e0 apporter un nouvel aper\u00e7u sur vos donn\u00e9es et vous permettre de les analyser diff\u00e9remment.<\/p>\n\n\n\n<p>L\u2019avantage de cette int\u00e9gration, c\u2019est qu\u2019une fois la connexion \u00e9tablie pour envoyer vos donn\u00e9es Zenkit vers ClicData, celle-ci s\u2019ex\u00e9cutera automatiquement pour actualiser votre rapport avec les informations les plus r\u00e9centes!<\/p>\n<\/div>\n\n\n\n<div style=\"height:48px;--tablet-height:36px;--mobile-height:24px\" class=\"wp-block-lookeen-blocks-responsive-spacer\"><\/div>\n<\/div>\n\n\n\n<div class=\"wp-block-group has-global-padding is-layout-constrained wp-block-group-is-layout-constrained\">\n<figure class=\"wp-block-video\"><video controls src=\"https:\/\/zenkit.com\/wp-content\/uploads\/2019\/12\/Dashboard_reporting.mp4\"><\/video><\/figure>\n<\/div>\n\n\n\n<div style=\"height:48px;--tablet-height:36px;--mobile-height:24px\" class=\"wp-block-lookeen-blocks-responsive-spacer\"><\/div>\n\n\n\n<div class=\"wp-block-group has-global-padding is-layout-constrained wp-block-group-is-layout-constrained\">\n<h3 class=\"wp-block-heading display-h2\">\u00c0 propos de ClicData: Logiciel de tableau de bord et de compte-rendu<\/h3>\n\n\n\n<p><a href=\"https:\/\/www.clicdata.com\/\" target=\"_blank\" rel=\"noreferrer noopener\">ClicData<\/a>&nbsp;est une plateforme de gestion des donn\u00e9es et d\u2019intelligence commerciale bas\u00e9e sur le cloud. Elle dispose de tout ce dont vous avez besoin pour vos rapports d\u2019activit\u00e9, notamment:<\/p>\n\n\n\n<ul class=\"wp-block-list\">\n<li><strong>Connexion de donn\u00e9es:<\/strong> Connectez des donn\u00e9es provenant de plus de 250 sources de donn\u00e9es \u00e0 l\u2019aide de connecteurs ou via l\u2019API.<\/li>\n\n\n\n<li><strong>Gestion des donn\u00e9es:<\/strong> Centralisez vos donn\u00e9es dans un entrep\u00f4t de donn\u00e9es int\u00e9gr\u00e9 et convertissez-les gr\u00e2ce aux fonctions d\u2019extraction, de transformation et de chargement (ETL).<\/li>\n\n\n\n<li><strong>Automatisation:<\/strong> Configurez vos programmes de rafra\u00eechissement des donn\u00e9es et vos alertes une fois, puis vous n\u2019aurez plus \u00e0 vous en soucier.<\/li>\n\n\n\n<li><strong>Visualisation des donn\u00e9es:<\/strong> Cr\u00e9ez des tableaux de bord interactifs gr\u00e2ce \u00e0 la fonction glisser-d\u00e9poser du concepteur de tableaux de bord et \u00e0 plus de 70 widgets.<\/li>\n\n\n\n<li><strong>Collaboration:<\/strong> Partagez vos tableaux de bord en direct avec votre \u00e9quipe et vos clients gr\u00e2ce \u00e0 un simple lien ou dans des courriels automatis\u00e9s.<\/li>\n<\/ul>\n\n\n\n<p>Pour en savoir plus sur ce tableau de bord et ce logiciel de compte-rendu, inscrivez-vous pour un essai gratuit de ClicData ici:&nbsp;<a href=\"https:\/\/app.clicdata.com\/signup\" target=\"_blank\" rel=\"noreferrer noopener\">https:\/\/app.clicdata.com\/signup<\/a>.<\/p>\n<\/div>\n\n\n\n<div style=\"height:48px;--tablet-height:36px;--mobile-height:24px\" class=\"wp-block-lookeen-blocks-responsive-spacer\"><\/div>\n\n\n\n<div class=\"wp-block-group has-global-padding is-layout-constrained wp-block-group-is-layout-constrained\">\n<h3 class=\"wp-block-heading display-h2\">\u00c0 propos de Zenkit: Gestion de Projet en Ligne<\/h3>\n\n\n\n<p><a href=\"https:\/\/zenkit.com\/\">Zenkit<\/a>\u00a0est un outil convivial et collaboratif pour la gestion de projets, la cr\u00e9ation de bases de donn\u00e9es, et plus. Il vous permet de changer d\u2019affichage (tableau, liste de t\u00e2ches, Kanban, calendrier et carte mentale) en un clic. Vous pouvez partager votre travail en ligne avec des collections publi\u00e9es et int\u00e9gr\u00e9es, et construire des int\u00e9grations avec notre API document\u00e9e. Zenkit est suffisamment flexible pour s\u2019adapter \u00e0 n\u2019importe quel flux de travail et suffisamment puissant pour faire fonctionner votre entreprise. Cr\u00e9ez votre compte gratuitement:\u00a0<a href=\"https:\/\/app.zenkit.com\/register\">https:\/\/app.zenkit.com\/register<\/a>.<\/p>\n<\/div>\n\n\n\n<div style=\"height:48px;--tablet-height:36px;--mobile-height:24px\" class=\"wp-block-lookeen-blocks-responsive-spacer\"><\/div>\n\n\n\n<div class=\"wp-block-group has-global-padding is-layout-constrained wp-block-group-is-layout-constrained\">\n<h3 class=\"wp-block-heading display-h2\">Comment connecter ClicData et Zenkit ?<\/h3>\n\n\n\n<p>Cette int\u00e9gration ne comprend que deux \u00e9tapes!<\/p>\n\n\n\n<p><strong>1\u00e8re \u00e9tape<\/strong>: Envoyez automatiquement les donn\u00e9es d\u2019une collection Zenkit \u00e0 Google Sheets via Zapier.<\/p>\n\n\n\n<div class=\"wp-block-group has-global-padding is-layout-constrained wp-block-group-is-layout-constrained\">\n<iframe style=\"width: 100%; min-height: 500px; background: transparent; border: 1px solid #ccc;\" src=\"https:\/\/public.zenkit.com\/c\/7_m8erU4O\/invoices?v=34Mwc4itbW\" allowfullscreen=\"allowfullscreen\"><a href=\"https:\/\/public.zenkit.com\/c\/7_m8erU4O\/invoices?v=34Mwc4itbW\" target=\"_blank\">Your browser doesn&rsquo;t support iframes. Click here to open the content in a new tab.<\/a><\/iframe>\n<\/div>\n\n\n\n<div style=\"height:48px;--tablet-height:36px;--mobile-height:24px\" class=\"wp-block-lookeen-blocks-responsive-spacer\"><\/div>\n\n\n\n<div class=\"wp-block-group has-global-padding is-layout-constrained wp-block-group-is-layout-constrained\">\n<figure class=\"wp-block-image size-large\"><img loading=\"lazy\" decoding=\"async\" width=\"1024\" height=\"487\" src=\"https:\/\/zenkit.com\/wp-content\/uploads\/2025\/07\/Googlesheets-1024x487.webp\" alt=\"\" class=\"wp-image-117837\" srcset=\"https:\/\/zenkit.com\/wp-content\/uploads\/2025\/07\/Googlesheets-1024x487.webp 1024w, https:\/\/zenkit.com\/wp-content\/uploads\/2025\/07\/Googlesheets-300x143.webp 300w, https:\/\/zenkit.com\/wp-content\/uploads\/2025\/07\/Googlesheets-768x366.webp 768w, https:\/\/zenkit.com\/wp-content\/uploads\/2025\/07\/Googlesheets-1536x731.webp 1536w, https:\/\/zenkit.com\/wp-content\/uploads\/2025\/07\/Googlesheets.webp 1920w\" sizes=\"auto, (max-width: 1024px) 100vw, 1024px\" \/><\/figure>\n<\/div>\n\n\n\n<div style=\"height:48px;--tablet-height:36px;--mobile-height:24px\" class=\"wp-block-lookeen-blocks-responsive-spacer\"><\/div>\n\n\n\n<ul class=\"wp-block-list is-style-da-left-indent\">\n<li>Cr\u00e9ez un champ \u00e0 cocher dans votre collection Zenkit. Dans cette collection d\u2019exemples, nous l\u2019avons appel\u00e9e \u00ab&nbsp;Sync to Google Sheets&nbsp;\u00bb.<\/li>\n\n\n\n<li>Connectez-vous \u00e0 votre compte&nbsp;<a href=\"https:\/\/www.google.com\/sheets\/about\/\" target=\"_blank\" rel=\"noreferrer noopener\">Google Sheets<\/a>&nbsp;et cr\u00e9ez une feuille avec les m\u00eames colonnes que votre collection Zenkit.<\/li>\n\n\n\n<li><a href=\"https:\/\/zapier.com\/sign-up\/\" target=\"_blank\" rel=\"noreferrer noopener\">Cr\u00e9ez un compte<\/a>&nbsp;Zapier et&nbsp;<a href=\"https:\/\/zapier.com\/app\/editor\/\" target=\"_blank\" rel=\"noreferrer noopener\">cr\u00e9ez un Zapier Zap<\/a>. Veuillez suivre les instructions de la page de configuration (note : choisissez \u00ab&nbsp;Valeur de l\u2019\u00e9l\u00e9ment modifi\u00e9e&nbsp;\u00bb comme d\u00e9clencheur Zenkit, et choisissez \u00ab&nbsp;Mettre \u00e0 jour la ligne de la feuille de calcul&nbsp;\u00bb comme action Google Sheets).<\/li>\n\n\n\n<li>Apr\u00e8s avoir activ\u00e9 le Zap, pour chaque case \u00e0 cocher dans votre collection Zenkit, les d\u00e9tails de l\u2019article seront envoy\u00e9s pour mettre \u00e0 jour ou cr\u00e9er une nouvelle ligne dans Google Sheets.<\/li>\n<\/ul>\n\n\n\n<div style=\"height:48px;--tablet-height:36px;--mobile-height:24px\" class=\"wp-block-lookeen-blocks-responsive-spacer\"><\/div>\n\n\n\n<p><strong>2\u00e8me \u00e9tapes<\/strong>: Connectez Google Sheets avec ClicData.<\/p>\n\n\n\n<div class=\"wp-block-group has-global-padding is-layout-constrained wp-block-group-is-layout-constrained\">\n<iframe src=\"https:\/\/marketplace.clicdata.com\/v\/Zenkit\" width=\"100%\" style=\"height:500px;\"><\/iframe>\n<\/div>\n\n\n\n<div style=\"height:48px;--tablet-height:36px;--mobile-height:24px\" class=\"wp-block-lookeen-blocks-responsive-spacer\"><\/div>\n\n\n\n<ul class=\"wp-block-list is-style-da-left-indent\">\n<li><a href=\"https:\/\/app.clicdata.com\/signup\" target=\"_blank\" rel=\"noreferrer noopener\">Cr\u00e9ez un compte<\/a>&nbsp;ClicData.<\/li>\n\n\n\n<li>Ajoutez le document Google Sheets comme source de donn\u00e9es de ClicData et cr\u00e9ez votre tableau de bord personnalis\u00e9.<\/li>\n<\/ul>\n<\/div>\n\n\n\n<div style=\"height:48px;--tablet-height:36px;--mobile-height:24px\" class=\"wp-block-lookeen-blocks-responsive-spacer\"><\/div>\n\n\n\n<div class=\"wp-block-group has-global-padding is-layout-constrained wp-block-group-is-layout-constrained\">\n<h3 class=\"wp-block-heading display-h2\">Qui va b\u00e9n\u00e9ficier de cette int\u00e9gration ClicData et Zenkit ?<\/h3>\n\n\n\n<ul class=\"wp-block-list is-style-da-left-indent\">\n<li>Les chefs de projet qui souhaitent construire facilement des compte-rendu visualis\u00e9s et interactifs avec des donn\u00e9es stock\u00e9es dans Zenkit.<\/li>\n\n\n\n<li>Les analystes de donn\u00e9es qui souhaitent optimiser leurs tableaux de bord d\u2019entreprise afin de r\u00e9aliser une analyse pr\u00e9cise et approfondie.<\/li>\n<\/ul>\n<\/div>\n\n\n\n<div style=\"height:48px;--tablet-height:36px;--mobile-height:24px\" class=\"wp-block-lookeen-blocks-responsive-spacer\"><\/div>\n\n\n\n<div class=\"wp-block-group has-global-padding is-layout-constrained wp-block-group-is-layout-constrained\">\n<h3 class=\"wp-block-heading display-h2\">D\u00e9tails suppl\u00e9mentaires sur l\u2019int\u00e9gration<\/h3>\n\n\n\n<ul class=\"wp-block-list is-style-da-left-indent\">\n<li>Soutenu par Zapier : Veuillez contacter&nbsp;<a href=\"https:\/\/zapier.com\/help\/contact-us\/\" target=\"_blank\" rel=\"noreferrer noopener\">l\u2019assistance Zapier&nbsp;<\/a>si vous rencontrez des probl\u00e8mes.<\/li>\n\n\n\n<li>Pour plus d\u2019informations sur l\u2019utilisation de Zenkit avec Zapier, veuillez lire notre&nbsp;<a href=\"https:\/\/zenkit.com\/documentation#\/lists\/HJQBQ1Hw\/sections\/SJYE55zA\/entries\/BJGOKQtA?_k=hyyynn\" target=\"_blank\" rel=\"noreferrer noopener\">documentation&nbsp;<\/a>.<\/li>\n\n\n\n<li>Vous pouvez cliquer&nbsp;<a href=\"https:\/\/public.zenkit.com\/c\/7_m8erU4O\/invoices?v=34Mwc4itbW\">ici<\/a>&nbsp;pour voir un \u00e9chantillon de la collection Zenkit et&nbsp;<a href=\"https:\/\/marketplace.clicdata.com\/v\/Zenkit\">ici<\/a>&nbsp;pour un \u00e9chantillon du tableau ClicData.<\/li>\n<\/ul>\n<\/div>\n<\/div>\n<\/div>\n<\/div>\n\n\n\n<div style=\"height:110px;--tablet-height:60px;--mobile-height:48px\" class=\"wp-block-lookeen-blocks-responsive-spacer\"><\/div>\n\n\n\n<p><\/p>\n","protected":false},"excerpt":{"rendered":"<p>Int\u00e9grations de tableaux de bord et de rapports ClicData &amp; Zenkit Connectez vos comptes Zenkit et ClicData Si vous avez constitu\u00e9 votre base de donn\u00e9es en utilisant Zenkit et que vous cherchez une solution de compte-rendu pour visualiser ces donn\u00e9es, l\u2019int\u00e9gration entre Zenkit et ClicData pourrait correspondre \u00e0 ce que vous recherchez. Que vos donn\u00e9es [&hellip;]<\/p>\n","protected":false},"author":15,"featured_media":0,"parent":122713,"menu_order":39,"comment_status":"closed","ping_status":"closed","template":"","meta":{"yasr_overall_rating":0,"yasr_post_is_review":"","yasr_auto_insert_disabled":"","yasr_review_type":"","footnotes":""},"class_list":["post-62010","page","type-page","status-publish","hentry"],"yoast_head":"<!-- This site is optimized with the Yoast SEO plugin v27.4 - https:\/\/yoast.com\/product\/yoast-seo-wordpress\/ -->\n<title>ClicData | Zenkit<\/title>\n<meta name=\"description\" content=\"Zenkit&#039;s integration with ClicData allows you to easily visualize your Zenkit data in customized reports. Learn how this integration can grow with you.\" \/>\n<meta name=\"robots\" content=\"index, follow, max-snippet:-1, max-image-preview:large, max-video-preview:-1\" \/>\n<link rel=\"canonical\" href=\"https:\/\/zenkit.com\/fr\/integrations\/clicdata\/\" \/>\n<meta property=\"og:locale\" content=\"fr_FR\" \/>\n<meta property=\"og:type\" content=\"article\" \/>\n<meta property=\"og:title\" content=\"ClicData | Zenkit\" \/>\n<meta property=\"og:description\" content=\"Zenkit&#039;s integration with ClicData allows you to easily visualize your Zenkit data in customized reports. Learn how this integration can grow with you.\" \/>\n<meta property=\"og:url\" content=\"https:\/\/zenkit.com\/fr\/integrations\/clicdata\/\" \/>\n<meta property=\"og:site_name\" content=\"Zenkit\" \/>\n<meta property=\"article:publisher\" content=\"https:\/\/www.facebook.com\/ZenkitHQ\" \/>\n<meta property=\"article:modified_time\" content=\"2025-11-04T05:53:11+00:00\" \/>\n<meta property=\"og:image\" content=\"https:\/\/zenkit.com\/wp-content\/uploads\/2025\/07\/Clicdata_Logo-Icon.webp\" \/>\n\t<meta property=\"og:image:width\" content=\"1024\" \/>\n\t<meta property=\"og:image:height\" content=\"1024\" \/>\n\t<meta property=\"og:image:type\" content=\"image\/webp\" \/>\n<meta name=\"twitter:card\" content=\"summary_large_image\" \/>\n<meta name=\"twitter:site\" content=\"@ZenkitHQ\" \/>\n<meta name=\"twitter:label1\" content=\"Dur\u00e9e de lecture estim\u00e9e\" \/>\n\t<meta name=\"twitter:data1\" content=\"38 minutes\" \/>\n<script type=\"application\/ld+json\" class=\"yoast-schema-graph\">{\"@context\":\"https:\\\/\\\/schema.org\",\"@graph\":[{\"@type\":\"WebPage\",\"@id\":\"https:\\\/\\\/zenkit.com\\\/fr\\\/integrations\\\/clicdata\\\/\",\"url\":\"https:\\\/\\\/zenkit.com\\\/fr\\\/integrations\\\/clicdata\\\/\",\"name\":\"ClicData | Zenkit\",\"isPartOf\":{\"@id\":\"https:\\\/\\\/zenkit.com\\\/fr\\\/#website\"},\"primaryImageOfPage\":{\"@id\":\"https:\\\/\\\/zenkit.com\\\/fr\\\/integrations\\\/clicdata\\\/#primaryimage\"},\"image\":{\"@id\":\"https:\\\/\\\/zenkit.com\\\/fr\\\/integrations\\\/clicdata\\\/#primaryimage\"},\"thumbnailUrl\":\"https:\\\/\\\/zenkit.com\\\/wp-content\\\/uploads\\\/2025\\\/07\\\/Clicdata_Logo-Icon.webp\",\"datePublished\":\"2019-12-10T13:30:03+00:00\",\"dateModified\":\"2025-11-04T05:53:11+00:00\",\"description\":\"Zenkit's integration with ClicData allows you to easily visualize your Zenkit data in customized reports. Learn how this integration can grow with you.\",\"breadcrumb\":{\"@id\":\"https:\\\/\\\/zenkit.com\\\/fr\\\/integrations\\\/clicdata\\\/#breadcrumb\"},\"inLanguage\":\"fr-FR\",\"potentialAction\":[{\"@type\":\"ReadAction\",\"target\":[\"https:\\\/\\\/zenkit.com\\\/fr\\\/integrations\\\/clicdata\\\/\"]}]},{\"@type\":\"ImageObject\",\"inLanguage\":\"fr-FR\",\"@id\":\"https:\\\/\\\/zenkit.com\\\/fr\\\/integrations\\\/clicdata\\\/#primaryimage\",\"url\":\"https:\\\/\\\/zenkit.com\\\/wp-content\\\/uploads\\\/2025\\\/07\\\/Clicdata_Logo-Icon.webp\",\"contentUrl\":\"https:\\\/\\\/zenkit.com\\\/wp-content\\\/uploads\\\/2025\\\/07\\\/Clicdata_Logo-Icon.webp\"},{\"@type\":\"BreadcrumbList\",\"@id\":\"https:\\\/\\\/zenkit.com\\\/fr\\\/integrations\\\/clicdata\\\/#breadcrumb\",\"itemListElement\":[{\"@type\":\"ListItem\",\"position\":1,\"name\":\"Home\",\"item\":\"https:\\\/\\\/zenkit.com\\\/fr\\\/\"},{\"@type\":\"ListItem\",\"position\":2,\"name\":\"Integrations\",\"item\":\"https:\\\/\\\/zenkit.com\\\/fr\\\/integrations\\\/\"},{\"@type\":\"ListItem\",\"position\":3,\"name\":\"ClicData\"}]},{\"@type\":\"WebSite\",\"@id\":\"https:\\\/\\\/zenkit.com\\\/fr\\\/#website\",\"url\":\"https:\\\/\\\/zenkit.com\\\/fr\\\/\",\"name\":\"Zenkit\",\"description\":\"Zenkit Tagline\",\"potentialAction\":[{\"@type\":\"SearchAction\",\"target\":{\"@type\":\"EntryPoint\",\"urlTemplate\":\"https:\\\/\\\/zenkit.com\\\/fr\\\/?s={search_term_string}\"},\"query-input\":{\"@type\":\"PropertyValueSpecification\",\"valueRequired\":true,\"valueName\":\"search_term_string\"}}],\"inLanguage\":\"fr-FR\"},false]}<\/script>\n<!-- \/ Yoast SEO plugin. -->","yoast_head_json":{"title":"ClicData | Zenkit","description":"Zenkit's integration with ClicData allows you to easily visualize your Zenkit data in customized reports. Learn how this integration can grow with you.","robots":{"index":"index","follow":"follow","max-snippet":"max-snippet:-1","max-image-preview":"max-image-preview:large","max-video-preview":"max-video-preview:-1"},"canonical":"https:\/\/zenkit.com\/fr\/integrations\/clicdata\/","og_locale":"fr_FR","og_type":"article","og_title":"ClicData | Zenkit","og_description":"Zenkit's integration with ClicData allows you to easily visualize your Zenkit data in customized reports. Learn how this integration can grow with you.","og_url":"https:\/\/zenkit.com\/fr\/integrations\/clicdata\/","og_site_name":"Zenkit","article_publisher":"https:\/\/www.facebook.com\/ZenkitHQ","article_modified_time":"2025-11-04T05:53:11+00:00","og_image":[{"width":1024,"height":1024,"url":"https:\/\/zenkit.com\/wp-content\/uploads\/2025\/07\/Clicdata_Logo-Icon.webp","type":"image\/webp"}],"twitter_card":"summary_large_image","twitter_site":"@ZenkitHQ","twitter_misc":{"Dur\u00e9e de lecture estim\u00e9e":"38 minutes"},"schema":{"@context":"https:\/\/schema.org","@graph":[{"@type":"WebPage","@id":"https:\/\/zenkit.com\/fr\/integrations\/clicdata\/","url":"https:\/\/zenkit.com\/fr\/integrations\/clicdata\/","name":"ClicData | Zenkit","isPartOf":{"@id":"https:\/\/zenkit.com\/fr\/#website"},"primaryImageOfPage":{"@id":"https:\/\/zenkit.com\/fr\/integrations\/clicdata\/#primaryimage"},"image":{"@id":"https:\/\/zenkit.com\/fr\/integrations\/clicdata\/#primaryimage"},"thumbnailUrl":"https:\/\/zenkit.com\/wp-content\/uploads\/2025\/07\/Clicdata_Logo-Icon.webp","datePublished":"2019-12-10T13:30:03+00:00","dateModified":"2025-11-04T05:53:11+00:00","description":"Zenkit's integration with ClicData allows you to easily visualize your Zenkit data in customized reports. Learn how this integration can grow with you.","breadcrumb":{"@id":"https:\/\/zenkit.com\/fr\/integrations\/clicdata\/#breadcrumb"},"inLanguage":"fr-FR","potentialAction":[{"@type":"ReadAction","target":["https:\/\/zenkit.com\/fr\/integrations\/clicdata\/"]}]},{"@type":"ImageObject","inLanguage":"fr-FR","@id":"https:\/\/zenkit.com\/fr\/integrations\/clicdata\/#primaryimage","url":"https:\/\/zenkit.com\/wp-content\/uploads\/2025\/07\/Clicdata_Logo-Icon.webp","contentUrl":"https:\/\/zenkit.com\/wp-content\/uploads\/2025\/07\/Clicdata_Logo-Icon.webp"},{"@type":"BreadcrumbList","@id":"https:\/\/zenkit.com\/fr\/integrations\/clicdata\/#breadcrumb","itemListElement":[{"@type":"ListItem","position":1,"name":"Home","item":"https:\/\/zenkit.com\/fr\/"},{"@type":"ListItem","position":2,"name":"Integrations","item":"https:\/\/zenkit.com\/fr\/integrations\/"},{"@type":"ListItem","position":3,"name":"ClicData"}]},{"@type":"WebSite","@id":"https:\/\/zenkit.com\/fr\/#website","url":"https:\/\/zenkit.com\/fr\/","name":"Zenkit","description":"Zenkit Tagline","potentialAction":[{"@type":"SearchAction","target":{"@type":"EntryPoint","urlTemplate":"https:\/\/zenkit.com\/fr\/?s={search_term_string}"},"query-input":{"@type":"PropertyValueSpecification","valueRequired":true,"valueName":"search_term_string"}}],"inLanguage":"fr-FR"},false]}},"yasr_visitor_votes":{"stars_attributes":{"read_only":false,"span_bottom":false},"number_of_votes":0,"sum_votes":0},"_links":{"self":[{"href":"https:\/\/zenkit.com\/fr\/wp-json\/wp\/v2\/pages\/62010","targetHints":{"allow":["GET"]}}],"collection":[{"href":"https:\/\/zenkit.com\/fr\/wp-json\/wp\/v2\/pages"}],"about":[{"href":"https:\/\/zenkit.com\/fr\/wp-json\/wp\/v2\/types\/page"}],"author":[{"embeddable":true,"href":"https:\/\/zenkit.com\/fr\/wp-json\/wp\/v2\/users\/15"}],"replies":[{"embeddable":true,"href":"https:\/\/zenkit.com\/fr\/wp-json\/wp\/v2\/comments?post=62010"}],"version-history":[{"count":6,"href":"https:\/\/zenkit.com\/fr\/wp-json\/wp\/v2\/pages\/62010\/revisions"}],"predecessor-version":[{"id":161890,"href":"https:\/\/zenkit.com\/fr\/wp-json\/wp\/v2\/pages\/62010\/revisions\/161890"}],"up":[{"embeddable":true,"href":"https:\/\/zenkit.com\/fr\/wp-json\/wp\/v2\/pages\/122713"}],"wp:attachment":[{"href":"https:\/\/zenkit.com\/fr\/wp-json\/wp\/v2\/media?parent=62010"}],"curies":[{"name":"wp","href":"https:\/\/api.w.org\/{rel}","templated":true}]}}