{"id":62298,"date":"2021-04-20T11:43:06","date_gmt":"2021-04-20T09:43:06","guid":{"rendered":"https:\/\/zenkit.com\/find-a-partner\/"},"modified":"2025-11-04T06:53:11","modified_gmt":"2025-11-04T05:53:11","slug":"trouver-un-partenaire","status":"publish","type":"page","link":"https:\/\/zenkit.com\/fr\/trouver-un-partenaire\/","title":{"rendered":"Trouvez un.e partenaire"},"content":{"rendered":"\n<div class=\"wp-block-group has-global-padding is-layout-constrained wp-container-core-group-is-layout-118822e0 wp-block-group-is-layout-constrained\">\n<div style=\"height:45px;--tablet-height:45px;--mobile-height:16px\" class=\"wp-block-lookeen-blocks-responsive-spacer\"><\/div>\n\n\n\n<h1 class=\"wp-block-heading has-text-align-center\" style=\"margin-top:0;margin-right:0;margin-bottom:8px;margin-left:0\">Trouvez une partenaire<\/h1>\n\n\n\n<p class=\"has-text-align-center is-style-subtext\" style=\"margin-top:0;margin-right:0;margin-bottom:0;margin-left:0\">Contactez un.e partenaire consultant.e Zenkit pr\u00e8s de chez vous pour optimiser votre flux de travail, b\u00e9n\u00e9ficier d\u2019un accompagnement par des experts et plus encore<\/p>\n\n\n\n<div style=\"height:48px;--tablet-height:36px;--mobile-height:24px\" class=\"wp-block-lookeen-blocks-responsive-spacer\"><\/div>\n<\/div>\n\n\n\n<div class=\"wp-block-group has-global-padding is-layout-constrained wp-block-group-is-layout-constrained\">\n<div class=\"wp-block-group has-global-padding is-layout-constrained wp-block-group-is-layout-constrained\">\n<iframe style=\"width: 100%; min-height: 500px; background: transparent; border: 0; margin-bottom: 0px;\" src=\"https:\/\/public.zenkit.com\/c\/47-FTrcmfI\/zenkit-partner-directory?v=8bk6-5S0l0k&amp;hide=views,workspaceLists\" allowfullscreen=\"allowfullscreen\" class=\"border-radius--20\"><a href=\"https:\/\/public.zenkit.com\/c\/47-FTrcmfI\/zenkit-partner-directory?v=8bk6-5S0l0k&amp;hide=views,workspaceLists\" target=\"_blank\">Your browser doesn&rsquo;t support iframes. Click here to open the content in a new tab.<\/a><\/iframe>\n<\/div>\n<\/div>\n\n\n\n<div style=\"height:110px;--tablet-height:60px;--mobile-height:48px\" class=\"wp-block-lookeen-blocks-responsive-spacer\"><\/div>\n\n\n\n<div class=\"wp-block-group has-global-padding is-layout-constrained wp-block-group-is-layout-constrained\">\n<div class=\"wp-block-columns is-layout-flex wp-container-core-columns-is-layout-2eb748b2 wp-block-columns-is-layout-flex\" style=\"margin-top:0px;margin-bottom:0px\">\n<div class=\"wp-block-column is-vertically-aligned-center is-layout-flow wp-block-column-is-layout-flow\">\n<figure class=\"wp-block-image size-full\"><img loading=\"lazy\" decoding=\"async\" width=\"1184\" height=\"600\" src=\"https:\/\/zenkit.com\/wp-content\/uploads\/2021\/05\/double-arrows-3.jpg\" alt=\"Details zu unseren Partnern finden Sie im seitlichen Panel\" class=\"wp-image-61888\" srcset=\"https:\/\/zenkit.com\/wp-content\/uploads\/2021\/05\/double-arrows-3.jpg 1184w, https:\/\/zenkit.com\/wp-content\/uploads\/2021\/05\/double-arrows-3-300x152.jpg 300w, https:\/\/zenkit.com\/wp-content\/uploads\/2021\/05\/double-arrows-3-1024x519.jpg 1024w, https:\/\/zenkit.com\/wp-content\/uploads\/2021\/05\/double-arrows-3-768x389.jpg 768w\" sizes=\"auto, (max-width: 1184px) 100vw, 1184px\" \/><\/figure>\n<\/div>\n\n\n\n<div class=\"wp-block-column is-vertically-aligned-center is-layout-flow wp-block-column-is-layout-flow\">\n<h2 class=\"wp-block-heading\">Afficher les d\u00e9tails du partenaire dans le panneau lat\u00e9ral<\/h2>\n\n\n\n<p>Cliquez sur la double fl\u00e8che \u00e0 c\u00f4t\u00e9 du nom de chaque partenaire pour agrandir l\u2019item et afficher les d\u00e9tails du partenaire dans un panneau lat\u00e9ral.<\/p>\n<\/div>\n<\/div>\n\n\n\n<div style=\"height:88px;--tablet-height:66px;--mobile-height:46px\" class=\"wp-block-lookeen-blocks-responsive-spacer\"><\/div>\n\n\n\n<div class=\"wp-block-columns is-style-da-column-order-reverse is-layout-flex wp-container-core-columns-is-layout-2eb748b2 wp-block-columns-is-layout-flex\" style=\"margin-top:0px;margin-bottom:0px\">\n<div class=\"wp-block-column is-vertically-aligned-center is-layout-flow wp-block-column-is-layout-flow\">\n<h2 class=\"wp-block-heading\">Filtrer<\/h2>\n\n\n\n<p>Cliquez sur l\u2019ic\u00f4ne de filtre \u00e0 c\u00f4t\u00e9 du titre de la collection &gt; cliquez sur \u201cAjouter une condition\u201d &gt; s\u00e9lectionnez un ou plusieurs champs pour filtrer l\u2019information dont vous avez besoin.<\/p>\n\n\n\n<p>Encore mieux, vous pouvez simplement cliquer sur le nom de n\u2019importe quelle colonne du tableau et s\u00e9lectionner les \u00e9tiquettes \u00e0 appliquer au filtre. Par exemple, si vous voulez trouver un partenaire qui offre des services en anglais, il vous suffit de cliquer sur le champ de la langue et de s\u00e9lectionner Anglais.<\/p>\n<\/div>\n\n\n\n<div class=\"wp-block-column is-vertically-aligned-center is-layout-flow wp-block-column-is-layout-flow\">\n<figure class=\"wp-block-image size-full\"><img loading=\"lazy\" decoding=\"async\" width=\"1184\" height=\"600\" src=\"https:\/\/zenkit.com\/wp-content\/uploads\/2021\/05\/filter-2.jpg\" alt=\"Einen Filter erstellen\" class=\"wp-image-61904\" srcset=\"https:\/\/zenkit.com\/wp-content\/uploads\/2021\/05\/filter-2.jpg 1184w, https:\/\/zenkit.com\/wp-content\/uploads\/2021\/05\/filter-2-300x152.jpg 300w, https:\/\/zenkit.com\/wp-content\/uploads\/2021\/05\/filter-2-1024x519.jpg 1024w, https:\/\/zenkit.com\/wp-content\/uploads\/2021\/05\/filter-2-768x389.jpg 768w\" sizes=\"auto, (max-width: 1184px) 100vw, 1184px\" \/><\/figure>\n<\/div>\n<\/div>\n<\/div>\n\n\n\n<div style=\"height:88px;--tablet-height:72px;--mobile-height:36px\" class=\"wp-block-lookeen-blocks-responsive-spacer\"><\/div>\n\n\n\n<div class=\"wp-block-group has-global-padding is-layout-constrained wp-container-core-group-is-layout-9235c805 wp-block-group-is-layout-constrained\">\n<h2 class=\"wp-block-heading has-text-align-center has-da-blue-color-new has-text-color has-link-color wp-elements-412ad36cc32af50efafdafcdf3adf6fd\" style=\"margin-top:0;margin-right:0;margin-bottom:0;margin-left:0\">Et voil\u00e0! C\u2019est aussi simple que \u00e7a.<\/h2>\n\n\n\n<p class=\"has-text-align-center is-style-default display-h2 has-da-grey-2-color has-text-color has-link-color wp-elements-b9ce6dfc98356682b8c5038260a0f779\" style=\"line-height:1.4\">Envoyez votre demande \u00e0 un.e partenaire qui vous pla\u00eet et prenez contact d\u00e8s aujourd\u2019hui!<\/p>\n<\/div>\n\n\n\n<div style=\"height:88px;--tablet-height:72px;--mobile-height:36px\" class=\"wp-block-lookeen-blocks-responsive-spacer\"><\/div>\n\n\n\n<div class=\"wp-block-group has-da-blue-light-background-color has-background has-global-padding is-layout-constrained wp-container-core-group-is-layout-9235c805 wp-block-group-is-layout-constrained\">\n<div style=\"height:80px;--tablet-height:64px;--mobile-height:35px\" class=\"wp-block-lookeen-blocks-responsive-spacer\"><\/div>\n\n\n\n<div class=\"wp-block-group has-global-padding is-layout-constrained wp-block-group-is-layout-constrained\">\n<h2 class=\"wp-block-heading has-text-align-center\">\u00cates vous un.e partenaire potentiel?<\/h2>\n\n\n\n<p class=\"has-text-align-center\">Vous \u00eates un.e expert.e Zenkit ? Votre entreprise offre une formation Zenkit ou une expertise sp\u00e9cialis\u00e9e qui pourrait profiter aux utilisateurs de Zenkit ?<\/p>\n\n\n\n<p class=\"has-text-align-center\">Contactez-nous pour savoir comment rejoindre notre r\u00e9seau!<\/p>\n<\/div>\n\n\n\n<div class=\"wp-block-group has-global-padding is-layout-constrained wp-block-group-is-layout-constrained\">\n<div style=\"height:48px;--tablet-height:36px;--mobile-height:24px\" class=\"wp-block-lookeen-blocks-responsive-spacer\"><\/div>\n<\/div>\n\n\n\n<div class=\"wp-block-buttons is-content-justification-center is-layout-flex wp-container-core-buttons-is-layout-f78c5dac wp-block-buttons-is-layout-flex\" style=\"margin-top:0px;margin-bottom:0px\">\n<div class=\"wp-block-button is-style-default\"><a class=\"wp-block-button__link wp-element-button\" href=\"https:\/\/zenkit.com\/fr\/contact\/\">Contactez-nous<\/a><\/div>\n<\/div>\n\n\n\n<div style=\"height:80px;--tablet-height:64px;--mobile-height:35px\" class=\"wp-block-lookeen-blocks-responsive-spacer\"><\/div>\n<\/div>\n","protected":false},"excerpt":{"rendered":"<p>Trouvez une partenaire Contactez un.e partenaire consultant.e Zenkit pr\u00e8s de chez vous pour optimiser votre flux de travail, b\u00e9n\u00e9ficier d\u2019un accompagnement par des experts et plus encore Your browser doesn&rsquo;t support iframes. Click here to open the content in a new tab. Afficher les d\u00e9tails du partenaire dans le panneau lat\u00e9ral Cliquez sur la double [&hellip;]<\/p>\n","protected":false},"author":28,"featured_media":0,"parent":0,"menu_order":23,"comment_status":"closed","ping_status":"closed","template":"","meta":{"yasr_overall_rating":0,"yasr_post_is_review":"","yasr_auto_insert_disabled":"","yasr_review_type":"","footnotes":""},"class_list":["post-62298","page","type-page","status-publish","hentry"],"yoast_head":"<!-- This site is optimized with the Yoast SEO plugin v27.3 - https:\/\/yoast.com\/product\/yoast-seo-wordpress\/ -->\n<title>Trouvez un.e partenaire | Zenkit<\/title>\n<meta name=\"description\" content=\"Our partner directory help you find a consulting partner near you to optimize workflows, receive expert coaching, and more.\" \/>\n<meta name=\"robots\" content=\"index, follow, max-snippet:-1, max-image-preview:large, max-video-preview:-1\" \/>\n<link rel=\"canonical\" href=\"https:\/\/zenkit.com\/fr\/trouver-un-partenaire\/\" \/>\n<meta property=\"og:locale\" content=\"fr_FR\" \/>\n<meta property=\"og:type\" content=\"article\" \/>\n<meta property=\"og:title\" content=\"Trouvez un.e partenaire | Zenkit\" \/>\n<meta property=\"og:description\" content=\"Our partner directory help you find a consulting partner near you to optimize workflows, receive expert coaching, and more.\" \/>\n<meta property=\"og:url\" content=\"https:\/\/zenkit.com\/fr\/trouver-un-partenaire\/\" \/>\n<meta property=\"og:site_name\" content=\"Zenkit\" \/>\n<meta property=\"article:publisher\" content=\"https:\/\/www.facebook.com\/ZenkitHQ\" \/>\n<meta property=\"article:modified_time\" content=\"2025-11-04T05:53:11+00:00\" \/>\n<meta property=\"og:image\" content=\"https:\/\/zenkit.com\/wp-content\/uploads\/2023\/10\/zenkit-suite-hello-1024x809.jpg\" \/>\n<meta name=\"twitter:card\" content=\"summary_large_image\" \/>\n<meta name=\"twitter:site\" content=\"@ZenkitHQ\" \/>\n<meta name=\"twitter:label1\" content=\"Dur\u00e9e de lecture estim\u00e9e\" \/>\n\t<meta name=\"twitter:data1\" content=\"14 minutes\" \/>\n<script type=\"application\/ld+json\" class=\"yoast-schema-graph\">{\"@context\":\"https:\\\/\\\/schema.org\",\"@graph\":[{\"@type\":\"WebPage\",\"@id\":\"https:\\\/\\\/zenkit.com\\\/fr\\\/trouver-un-partenaire\\\/\",\"url\":\"https:\\\/\\\/zenkit.com\\\/fr\\\/trouver-un-partenaire\\\/\",\"name\":\"Trouvez un.e partenaire | Zenkit\",\"isPartOf\":{\"@id\":\"https:\\\/\\\/zenkit.com\\\/fr\\\/#website\"},\"primaryImageOfPage\":{\"@id\":\"https:\\\/\\\/zenkit.com\\\/fr\\\/trouver-un-partenaire\\\/#primaryimage\"},\"image\":{\"@id\":\"https:\\\/\\\/zenkit.com\\\/fr\\\/trouver-un-partenaire\\\/#primaryimage\"},\"thumbnailUrl\":\"https:\\\/\\\/zenkit.com\\\/wp-content\\\/uploads\\\/2021\\\/05\\\/double-arrows-3.jpg\",\"datePublished\":\"2021-04-20T09:43:06+00:00\",\"dateModified\":\"2025-11-04T05:53:11+00:00\",\"description\":\"Our partner directory help you find a consulting partner near you to optimize workflows, receive expert coaching, and more.\",\"breadcrumb\":{\"@id\":\"https:\\\/\\\/zenkit.com\\\/fr\\\/trouver-un-partenaire\\\/#breadcrumb\"},\"inLanguage\":\"fr-FR\",\"potentialAction\":[{\"@type\":\"ReadAction\",\"target\":[\"https:\\\/\\\/zenkit.com\\\/fr\\\/trouver-un-partenaire\\\/\"]}]},{\"@type\":\"ImageObject\",\"inLanguage\":\"fr-FR\",\"@id\":\"https:\\\/\\\/zenkit.com\\\/fr\\\/trouver-un-partenaire\\\/#primaryimage\",\"url\":\"https:\\\/\\\/zenkit.com\\\/wp-content\\\/uploads\\\/2021\\\/05\\\/double-arrows-3.jpg\",\"contentUrl\":\"https:\\\/\\\/zenkit.com\\\/wp-content\\\/uploads\\\/2021\\\/05\\\/double-arrows-3.jpg\"},{\"@type\":\"BreadcrumbList\",\"@id\":\"https:\\\/\\\/zenkit.com\\\/fr\\\/trouver-un-partenaire\\\/#breadcrumb\",\"itemListElement\":[{\"@type\":\"ListItem\",\"position\":1,\"name\":\"Home\",\"item\":\"https:\\\/\\\/zenkit.com\\\/fr\\\/\"},{\"@type\":\"ListItem\",\"position\":2,\"name\":\"Trouvez un.e partenaire\"}]},{\"@type\":\"WebSite\",\"@id\":\"https:\\\/\\\/zenkit.com\\\/fr\\\/#website\",\"url\":\"https:\\\/\\\/zenkit.com\\\/fr\\\/\",\"name\":\"Zenkit\",\"description\":\"Zenkit Tagline\",\"potentialAction\":[{\"@type\":\"SearchAction\",\"target\":{\"@type\":\"EntryPoint\",\"urlTemplate\":\"https:\\\/\\\/zenkit.com\\\/fr\\\/?s={search_term_string}\"},\"query-input\":{\"@type\":\"PropertyValueSpecification\",\"valueRequired\":true,\"valueName\":\"search_term_string\"}}],\"inLanguage\":\"fr-FR\"},false]}<\/script>\n<!-- \/ Yoast SEO plugin. -->","yoast_head_json":{"title":"Trouvez un.e partenaire | Zenkit","description":"Our partner directory help you find a consulting partner near you to optimize workflows, receive expert coaching, and more.","robots":{"index":"index","follow":"follow","max-snippet":"max-snippet:-1","max-image-preview":"max-image-preview:large","max-video-preview":"max-video-preview:-1"},"canonical":"https:\/\/zenkit.com\/fr\/trouver-un-partenaire\/","og_locale":"fr_FR","og_type":"article","og_title":"Trouvez un.e partenaire | Zenkit","og_description":"Our partner directory help you find a consulting partner near you to optimize workflows, receive expert coaching, and more.","og_url":"https:\/\/zenkit.com\/fr\/trouver-un-partenaire\/","og_site_name":"Zenkit","article_publisher":"https:\/\/www.facebook.com\/ZenkitHQ","article_modified_time":"2025-11-04T05:53:11+00:00","og_image":[{"url":"https:\/\/zenkit.com\/wp-content\/uploads\/2023\/10\/zenkit-suite-hello-1024x809.jpg","type":"","width":"","height":""}],"twitter_card":"summary_large_image","twitter_site":"@ZenkitHQ","twitter_misc":{"Dur\u00e9e de lecture estim\u00e9e":"14 minutes"},"schema":{"@context":"https:\/\/schema.org","@graph":[{"@type":"WebPage","@id":"https:\/\/zenkit.com\/fr\/trouver-un-partenaire\/","url":"https:\/\/zenkit.com\/fr\/trouver-un-partenaire\/","name":"Trouvez un.e partenaire | Zenkit","isPartOf":{"@id":"https:\/\/zenkit.com\/fr\/#website"},"primaryImageOfPage":{"@id":"https:\/\/zenkit.com\/fr\/trouver-un-partenaire\/#primaryimage"},"image":{"@id":"https:\/\/zenkit.com\/fr\/trouver-un-partenaire\/#primaryimage"},"thumbnailUrl":"https:\/\/zenkit.com\/wp-content\/uploads\/2021\/05\/double-arrows-3.jpg","datePublished":"2021-04-20T09:43:06+00:00","dateModified":"2025-11-04T05:53:11+00:00","description":"Our partner directory help you find a consulting partner near you to optimize workflows, receive expert coaching, and more.","breadcrumb":{"@id":"https:\/\/zenkit.com\/fr\/trouver-un-partenaire\/#breadcrumb"},"inLanguage":"fr-FR","potentialAction":[{"@type":"ReadAction","target":["https:\/\/zenkit.com\/fr\/trouver-un-partenaire\/"]}]},{"@type":"ImageObject","inLanguage":"fr-FR","@id":"https:\/\/zenkit.com\/fr\/trouver-un-partenaire\/#primaryimage","url":"https:\/\/zenkit.com\/wp-content\/uploads\/2021\/05\/double-arrows-3.jpg","contentUrl":"https:\/\/zenkit.com\/wp-content\/uploads\/2021\/05\/double-arrows-3.jpg"},{"@type":"BreadcrumbList","@id":"https:\/\/zenkit.com\/fr\/trouver-un-partenaire\/#breadcrumb","itemListElement":[{"@type":"ListItem","position":1,"name":"Home","item":"https:\/\/zenkit.com\/fr\/"},{"@type":"ListItem","position":2,"name":"Trouvez un.e partenaire"}]},{"@type":"WebSite","@id":"https:\/\/zenkit.com\/fr\/#website","url":"https:\/\/zenkit.com\/fr\/","name":"Zenkit","description":"Zenkit Tagline","potentialAction":[{"@type":"SearchAction","target":{"@type":"EntryPoint","urlTemplate":"https:\/\/zenkit.com\/fr\/?s={search_term_string}"},"query-input":{"@type":"PropertyValueSpecification","valueRequired":true,"valueName":"search_term_string"}}],"inLanguage":"fr-FR"},false]}},"yasr_visitor_votes":{"stars_attributes":{"read_only":false,"span_bottom":false},"number_of_votes":0,"sum_votes":0},"_links":{"self":[{"href":"https:\/\/zenkit.com\/fr\/wp-json\/wp\/v2\/pages\/62298","targetHints":{"allow":["GET"]}}],"collection":[{"href":"https:\/\/zenkit.com\/fr\/wp-json\/wp\/v2\/pages"}],"about":[{"href":"https:\/\/zenkit.com\/fr\/wp-json\/wp\/v2\/types\/page"}],"author":[{"embeddable":true,"href":"https:\/\/zenkit.com\/fr\/wp-json\/wp\/v2\/users\/28"}],"replies":[{"embeddable":true,"href":"https:\/\/zenkit.com\/fr\/wp-json\/wp\/v2\/comments?post=62298"}],"version-history":[{"count":4,"href":"https:\/\/zenkit.com\/fr\/wp-json\/wp\/v2\/pages\/62298\/revisions"}],"predecessor-version":[{"id":168030,"href":"https:\/\/zenkit.com\/fr\/wp-json\/wp\/v2\/pages\/62298\/revisions\/168030"}],"wp:attachment":[{"href":"https:\/\/zenkit.com\/fr\/wp-json\/wp\/v2\/media?parent=62298"}],"curies":[{"name":"wp","href":"https:\/\/api.w.org\/{rel}","templated":true}]}}