{"id":62445,"date":"2019-03-20T09:14:44","date_gmt":"2019-03-20T08:14:44","guid":{"rendered":"https:\/\/zenkit.com\/security-practices\/"},"modified":"2025-11-04T06:53:11","modified_gmt":"2025-11-04T05:53:11","slug":"security-practices","status":"publish","type":"page","link":"https:\/\/zenkit.com\/fr\/security-practices\/","title":{"rendered":"Security Practices"},"content":{"rendered":"\n<div class=\"wp-block-group has-global-padding is-layout-constrained wp-block-group-is-layout-constrained\">\n<div class=\"wp-block-group width--950 has-global-padding is-layout-constrained wp-block-group-is-layout-constrained\">\n<div style=\"height:45px;--tablet-height:45px;--mobile-height:16px\" class=\"wp-block-lookeen-blocks-responsive-spacer\"><\/div>\n\n\n\n<div class=\"wp-block-group has-global-padding is-layout-constrained wp-block-group-is-layout-constrained\">\n<h1 class=\"wp-block-heading has-text-align-center\" style=\"margin-bottom:8px\">Zenkit Securit\u00e9<\/h1>\n<\/div>\n\n\n\n<div class=\"wp-block-group has-global-padding is-layout-constrained wp-block-group-is-layout-constrained\">\n<p class=\"has-text-align-center subheading\">Nous utilisons Zenkit tous les jours<\/p>\n<\/div>\n\n\n\n<div style=\"height:48px;--tablet-height:36px;--mobile-height:24px\" class=\"wp-block-lookeen-blocks-responsive-spacer\"><\/div>\n\n\n\n<div class=\"wp-block-group has-global-padding is-layout-constrained wp-container-core-group-is-layout-9235c805 wp-block-group-is-layout-constrained\">\n<p class=\"has-text-align-center\">pour \u00e9changer avec vous, notre client, et pour continuer \u00e0 d\u00e9velopper Zenkit. Nous prenons grand soin de prot\u00e9ger les donn\u00e9es confi\u00e9es \u00e0 Zenkit car si vos donn\u00e9es sont en danger, les n\u00f4tres le sont aussi. Prot\u00e9ger vos donn\u00e9es ainsi que les n\u00f4tres est donc notre priorit\u00e9 absolue.<\/p>\n<\/div>\n<\/div>\n\n\n\n<div style=\"height:48px;--tablet-height:36px;--mobile-height:24px\" class=\"wp-block-lookeen-blocks-responsive-spacer\"><\/div>\n<\/div>\n\n\n\n<div class=\"wp-block-group has-global-padding is-layout-constrained wp-block-group-is-layout-constrained\">\n<div class=\"wp-block-group affiliate__grid has-global-padding is-layout-constrained wp-block-group-is-layout-constrained\">\n<div class=\"wp-block-group affiliate__box has-global-padding is-layout-constrained wp-block-group-is-layout-constrained\" style=\"border-radius:20px\">\n<figure class=\"wp-block-image aligncenter size-full\"><img decoding=\"async\" src=\"https:\/\/zenkit.com\/wp-content\/uploads\/2025\/01\/Zenkit-Web-App.svg\" alt=\"\" class=\"wp-image-110270\"\/><\/figure>\n\n\n\n<div class=\"wp-block-group has-global-padding is-layout-constrained wp-block-group-is-layout-constrained\" style=\"margin-bottom:4px\">\n<h3 class=\"wp-block-heading has-text-align-center card__title\">Zenkit Web App Securit\u00e9<\/h3>\n<\/div>\n\n\n\n<p class=\"has-text-align-center has-da-grey-1-color has-text-color has-link-color wp-elements-a4d1eae588a844d44596b88b62a3dd7d\">Nous effectuons des sauvegardes automatiques quotidiennes de toutes les donn\u00e9es de Zenkit. Zenkit utilise les services web d\u2019Amazon bas\u00e9s \u00e0 Francfort en Allemagne. Dans le but de nous conformer au\u00a0<a href=\"https:\/\/en.wikipedia.org\/wiki\/General_Data_Protection_Regulation\">RGPD<\/a>\u00a0et au\u00a0<a href=\"https:\/\/en.wikipedia.org\/wiki\/Federal_Commissioner_for_Data_Protection_and_Freedom_of_Information\">BDSG<\/a>, (loi de protection des donn\u00e9es en Allemagne), nous avons sign\u00e9 un accord de traitement des donn\u00e9es (DPA) avec nos processeurs de donn\u00e9es tiers. Nous sommes enti\u00e8rement conformes \u00e0 ces r\u00e8glements. Pour en savoir plus \u00e0 propos de nos pratiques cliquez ici\u00a0<a href=\"https:\/\/zenkit.com\/fr\/gdpr\/\">https:\/\/zenkit.com\/gdpr<\/a>.<\/p>\n<\/div>\n\n\n\n<div class=\"wp-block-group affiliate__box has-global-padding is-layout-constrained wp-block-group-is-layout-constrained\" style=\"border-radius:20px\">\n<figure class=\"wp-block-image aligncenter size-full\"><img decoding=\"async\" src=\"https:\/\/zenkit.com\/wp-content\/uploads\/2025\/01\/Sicherheit-in-Zenkits-Datenzentren.svg\" alt=\"\" class=\"wp-image-110280\"\/><\/figure>\n\n\n\n<div class=\"wp-block-group has-global-padding is-layout-constrained wp-block-group-is-layout-constrained\" style=\"margin-bottom:4px\">\n<h3 class=\"wp-block-heading has-text-align-center card__title\">Securit\u00e9 des centres de donn\u00e9es<\/h3>\n<\/div>\n\n\n\n<p class=\"has-text-align-center has-da-grey-1-color has-text-color has-link-color wp-elements-0625850ce08b1f7e25361121ab908d66\">Amazon Web Services (RDS &amp; S3, partenaire contractuel AWS Luxembourg) emploie un programme de s\u00e9curit\u00e9 physique robuste avec plusieurs certifications, notamment une certification SSAE 16 et ISO27001. Amazon a int\u00e9gr\u00e9 des redondances et des serveurs surveill\u00e9s en permanence. Pour plus d\u2019informations concernant le processus de s\u00e9curit\u00e9 physique d\u2019Amazon, veuillez consulter le site&nbsp;<a href=\"http:\/\/aws.amazon.com\/security\/\">aws.amazon.com\/security<\/a>.<\/p>\n<\/div>\n<\/div>\n<\/div>\n\n\n\n<div class=\"wp-block-group has-global-padding is-layout-constrained wp-block-group-is-layout-constrained\">\n<div style=\"height:88px;--tablet-height:72px;--mobile-height:40px\" class=\"wp-block-lookeen-blocks-responsive-spacer\"><\/div>\n\n\n\n<h2 class=\"wp-block-heading has-text-align-center has-da-blue-color-new has-text-color has-link-color wp-elements-99184e821f09c78a73d358759f401a19\">Vos donn\u00e9es vous appartiennent<\/h2>\n\n\n\n<div class=\"wp-block-group has-global-padding is-layout-constrained wp-container-core-group-is-layout-64ec6e8c wp-block-group-is-layout-constrained\">\n<p class=\"has-text-align-center has-da-grey-2-color has-text-color has-link-color wp-elements-b36a0312cb191548f2a20cbcfcfc793d\">Nous savons que beaucoup d\u2019entreprises collectent les donn\u00e9es pour les vendre. Ce n\u2019est pas notre cas. Nous voulons que vous soyez productif. Si vous l\u2019\u00eates gr\u00e2ce \u00e0 nous, tant mieux ! Si vous voulez transf\u00e9rer toutes vos donn\u00e9es vers un autre service, nous serons tristes de vous voir partir mais cela est possible. Vous pouvez aussi supprimer la totalit\u00e9 de vos donn\u00e9es qui se trouvent sur nos serveurs, conform\u00e9ment au&nbsp;<a href=\"https:\/\/zenkit.com\/fr\/gdpr\/\">RGPD<\/a>.<\/p>\n<\/div>\n\n\n\n<div style=\"height:88px;--tablet-height:72px;--mobile-height:40px\" class=\"wp-block-lookeen-blocks-responsive-spacer\"><\/div>\n<\/div>\n\n\n\n<div class=\"wp-block-group has-global-padding is-layout-constrained wp-block-group-is-layout-constrained\">\n<div class=\"wp-block-group has-global-padding is-layout-constrained wp-block-group-is-layout-constrained\">\n<figure class=\"wp-block-table aligncenter table__data-security is-style-regular\"><table class=\"has-fixed-layout\"><tbody><tr><td>Serveurs situ\u00e9s en Allemagne<\/td><td><img decoding=\"async\" class=\"wp-image-110297\" style=\"width: NaNpx;\" src=\"https:\/\/zenkit.com\/wp-content\/uploads\/2025\/01\/check.svg\" alt=\"\"><\/td><\/tr><tr><td>Serveurs de sauvegarde en Allemagne<\/td><td><img decoding=\"async\" class=\"wp-image-110297\" style=\"width: NaNpx;\" src=\"https:\/\/zenkit.com\/wp-content\/uploads\/2025\/01\/check.svg\" alt=\"\"><\/td><\/tr><tr><td>Partenaire contractuel europ\u00e9en pour l&rsquo;h\u00e9bergement de donn\u00e9es<\/td><td><img decoding=\"async\" class=\"wp-image-110297\" style=\"width: NaNpx;\" src=\"https:\/\/zenkit.com\/wp-content\/uploads\/2025\/01\/check.svg\" alt=\"\"><\/td><\/tr><tr><td>SSL via HTTPS<\/td><td><img decoding=\"async\" class=\"wp-image-110297\" style=\"width: NaNpx;\" src=\"https:\/\/zenkit.com\/wp-content\/uploads\/2025\/01\/check.svg\" alt=\"\"><\/td><\/tr><tr><td>Mot de passe crypt\u00e9<\/td><td><img decoding=\"async\" class=\"wp-image-110297\" style=\"width: NaNpx;\" src=\"https:\/\/zenkit.com\/wp-content\/uploads\/2025\/01\/check.svg\" alt=\"\"><\/td><\/tr><tr><td>Chiffrage au repos<\/td><td><img decoding=\"async\" class=\"wp-image-110297\" style=\"width: NaNpx;\" src=\"https:\/\/zenkit.com\/wp-content\/uploads\/2025\/01\/check.svg\" alt=\"\"><\/td><\/tr><tr><td>Authentication native \u00e0 2 facteurs<\/td><td><img decoding=\"async\" class=\"wp-image-110297\" style=\"width: NaNpx;\" src=\"https:\/\/zenkit.com\/wp-content\/uploads\/2025\/01\/check.svg\" alt=\"\"><\/td><\/tr><tr><td>Prise en charge de Google 2FA<\/td><td><img decoding=\"async\" class=\"wp-image-110297\" style=\"width: NaNpx;\" src=\"https:\/\/zenkit.com\/wp-content\/uploads\/2025\/01\/check.svg\" alt=\"\"><\/td><\/tr><tr><td>Gestion des acc\u00e8s aux fichiers<\/td><td><img decoding=\"async\" class=\"wp-image-110297\" style=\"width: NaNpx;\" src=\"https:\/\/zenkit.com\/wp-content\/uploads\/2025\/01\/check.svg\" alt=\"\"><\/td><\/tr><tr><td>Sauvegardes r\u00e9guli\u00e8res sur un serveur s\u00e9par\u00e9<\/td><td><img decoding=\"async\" class=\"wp-image-110297\" style=\"width: NaNpx;\" src=\"https:\/\/zenkit.com\/wp-content\/uploads\/2025\/01\/check.svg\" alt=\"\"><\/td><\/tr><tr><td>SSO Signature unique<\/td><td><img decoding=\"async\" class=\"wp-image-110297\" style=\"width: NaNpx;\" src=\"https:\/\/zenkit.com\/wp-content\/uploads\/2025\/01\/check.svg\" alt=\"\"><\/td><\/tr><tr><td>Gestion des identit\u00e9s et des acc\u00e8s<\/td><td><img decoding=\"async\" class=\"wp-image-110297\" style=\"width: NaNpx;\" src=\"https:\/\/zenkit.com\/wp-content\/uploads\/2025\/01\/check.svg\" alt=\"\"><\/td><\/tr><tr><td>Intervalles de validation des mots de passe<\/td><td><img decoding=\"async\" class=\"wp-image-110297\" style=\"width: NaNpx;\" src=\"https:\/\/zenkit.com\/wp-content\/uploads\/2025\/01\/check.svg\" alt=\"\"><\/td><\/tr><tr><td>Syst\u00e8me de d\u00e9tection d\u2019intrusion<\/td><td>Pr\u00e9vu<\/td><\/tr><\/tbody><\/table><\/figure>\n<\/div>\n\n\n\n<div style=\"height:88px;--tablet-height:72px;--mobile-height:40px\" class=\"wp-block-lookeen-blocks-responsive-spacer\"><\/div>\n<\/div>\n\n\n\n<div class=\"wp-block-group has-da-blue-light-background-color has-background has-global-padding is-layout-constrained wp-block-group-is-layout-constrained\">\n<div style=\"height:80px;--tablet-height:36px;--mobile-height:26px\" class=\"wp-block-lookeen-blocks-responsive-spacer\"><\/div>\n\n\n\n<h2 class=\"wp-block-heading has-text-align-center\">Contactez nous<\/h2>\n\n\n\n<div class=\"wp-block-group has-global-padding is-layout-constrained wp-container-core-group-is-layout-2687bd63 wp-block-group-is-layout-constrained\">\n<p class=\"has-text-align-center has-da-grey-1-color has-text-color has-link-color wp-elements-71b277a715fb1aa008e2efae8679a3a7\">Si vous avez un probl\u00e8me de s\u00e9curit\u00e9, contactez nous \u00e0 l\u2019adresse suivante:&nbsp;<a href=\"mailto:security@zenkit.com\">security@zenkit.com<\/a><\/p>\n<\/div>\n\n\n\n<div style=\"height:80px;--tablet-height:36px;--mobile-height:26px\" class=\"wp-block-lookeen-blocks-responsive-spacer\"><\/div>\n<\/div>\n\n\n\n<p><\/p>\n","protected":false},"excerpt":{"rendered":"<p>Zenkit Securit\u00e9 Nous utilisons Zenkit tous les jours pour \u00e9changer avec vous, notre client, et pour continuer \u00e0 d\u00e9velopper Zenkit. Nous prenons grand soin de prot\u00e9ger les donn\u00e9es confi\u00e9es \u00e0 Zenkit car si vos donn\u00e9es sont en danger, les n\u00f4tres le sont aussi. Prot\u00e9ger vos donn\u00e9es ainsi que les n\u00f4tres est donc notre priorit\u00e9 absolue. [&hellip;]<\/p>\n","protected":false},"author":5,"featured_media":0,"parent":0,"menu_order":21,"comment_status":"closed","ping_status":"closed","template":"","meta":{"yasr_overall_rating":0,"yasr_post_is_review":"","yasr_auto_insert_disabled":"","yasr_review_type":"","footnotes":""},"class_list":["post-62445","page","type-page","status-publish","hentry"],"yoast_head":"<!-- This site is optimized with the Yoast SEO plugin v27.3 - https:\/\/yoast.com\/product\/yoast-seo-wordpress\/ -->\n<title>Security Practices | Zenkit<\/title>\n<meta name=\"description\" content=\"At Zenkit, protecting your privacy is paramount. We take great care to store your private information securely and to act in accordance with the GDPR and other data privacy regulations.\" \/>\n<meta name=\"robots\" content=\"index, follow, max-snippet:-1, max-image-preview:large, max-video-preview:-1\" \/>\n<link rel=\"canonical\" href=\"https:\/\/zenkit.com\/fr\/security-practices\/\" \/>\n<meta property=\"og:locale\" content=\"fr_FR\" \/>\n<meta property=\"og:type\" content=\"article\" \/>\n<meta property=\"og:title\" content=\"Security Practices | Zenkit\" \/>\n<meta property=\"og:description\" content=\"At Zenkit, protecting your privacy is paramount. We take great care to store your private information securely and to act in accordance with the GDPR and other data privacy regulations.\" \/>\n<meta property=\"og:url\" content=\"https:\/\/zenkit.com\/fr\/security-practices\/\" \/>\n<meta property=\"og:site_name\" content=\"Zenkit\" \/>\n<meta property=\"article:publisher\" content=\"https:\/\/www.facebook.com\/ZenkitHQ\" \/>\n<meta property=\"article:modified_time\" content=\"2025-11-04T05:53:11+00:00\" \/>\n<meta name=\"twitter:card\" content=\"summary_large_image\" \/>\n<meta name=\"twitter:site\" content=\"@ZenkitHQ\" \/>\n<meta name=\"twitter:label1\" content=\"Dur\u00e9e de lecture estim\u00e9e\" \/>\n\t<meta name=\"twitter:data1\" content=\"41 minutes\" \/>\n<script type=\"application\/ld+json\" class=\"yoast-schema-graph\">{\"@context\":\"https:\\\/\\\/schema.org\",\"@graph\":[{\"@type\":\"WebPage\",\"@id\":\"https:\\\/\\\/zenkit.com\\\/fr\\\/security-practices\\\/\",\"url\":\"https:\\\/\\\/zenkit.com\\\/fr\\\/security-practices\\\/\",\"name\":\"Security Practices | Zenkit\",\"isPartOf\":{\"@id\":\"https:\\\/\\\/zenkit.com\\\/fr\\\/#website\"},\"primaryImageOfPage\":{\"@id\":\"https:\\\/\\\/zenkit.com\\\/fr\\\/security-practices\\\/#primaryimage\"},\"image\":{\"@id\":\"https:\\\/\\\/zenkit.com\\\/fr\\\/security-practices\\\/#primaryimage\"},\"thumbnailUrl\":\"https:\\\/\\\/zenkit.com\\\/wp-content\\\/uploads\\\/2025\\\/01\\\/Zenkit-Web-App.svg\",\"datePublished\":\"2019-03-20T08:14:44+00:00\",\"dateModified\":\"2025-11-04T05:53:11+00:00\",\"description\":\"At Zenkit, protecting your privacy is paramount. We take great care to store your private information securely and to act in accordance with the GDPR and other data privacy regulations.\",\"breadcrumb\":{\"@id\":\"https:\\\/\\\/zenkit.com\\\/fr\\\/security-practices\\\/#breadcrumb\"},\"inLanguage\":\"fr-FR\",\"potentialAction\":[{\"@type\":\"ReadAction\",\"target\":[\"https:\\\/\\\/zenkit.com\\\/fr\\\/security-practices\\\/\"]}]},{\"@type\":\"ImageObject\",\"inLanguage\":\"fr-FR\",\"@id\":\"https:\\\/\\\/zenkit.com\\\/fr\\\/security-practices\\\/#primaryimage\",\"url\":\"https:\\\/\\\/zenkit.com\\\/wp-content\\\/uploads\\\/2025\\\/01\\\/Zenkit-Web-App.svg\",\"contentUrl\":\"https:\\\/\\\/zenkit.com\\\/wp-content\\\/uploads\\\/2025\\\/01\\\/Zenkit-Web-App.svg\"},{\"@type\":\"BreadcrumbList\",\"@id\":\"https:\\\/\\\/zenkit.com\\\/fr\\\/security-practices\\\/#breadcrumb\",\"itemListElement\":[{\"@type\":\"ListItem\",\"position\":1,\"name\":\"Home\",\"item\":\"https:\\\/\\\/zenkit.com\\\/fr\\\/\"},{\"@type\":\"ListItem\",\"position\":2,\"name\":\"Security Practices\"}]},{\"@type\":\"WebSite\",\"@id\":\"https:\\\/\\\/zenkit.com\\\/fr\\\/#website\",\"url\":\"https:\\\/\\\/zenkit.com\\\/fr\\\/\",\"name\":\"Zenkit\",\"description\":\"Zenkit Tagline\",\"potentialAction\":[{\"@type\":\"SearchAction\",\"target\":{\"@type\":\"EntryPoint\",\"urlTemplate\":\"https:\\\/\\\/zenkit.com\\\/fr\\\/?s={search_term_string}\"},\"query-input\":{\"@type\":\"PropertyValueSpecification\",\"valueRequired\":true,\"valueName\":\"search_term_string\"}}],\"inLanguage\":\"fr-FR\"},false]}<\/script>\n<!-- \/ Yoast SEO plugin. -->","yoast_head_json":{"title":"Security Practices | Zenkit","description":"At Zenkit, protecting your privacy is paramount. We take great care to store your private information securely and to act in accordance with the GDPR and other data privacy regulations.","robots":{"index":"index","follow":"follow","max-snippet":"max-snippet:-1","max-image-preview":"max-image-preview:large","max-video-preview":"max-video-preview:-1"},"canonical":"https:\/\/zenkit.com\/fr\/security-practices\/","og_locale":"fr_FR","og_type":"article","og_title":"Security Practices | Zenkit","og_description":"At Zenkit, protecting your privacy is paramount. We take great care to store your private information securely and to act in accordance with the GDPR and other data privacy regulations.","og_url":"https:\/\/zenkit.com\/fr\/security-practices\/","og_site_name":"Zenkit","article_publisher":"https:\/\/www.facebook.com\/ZenkitHQ","article_modified_time":"2025-11-04T05:53:11+00:00","twitter_card":"summary_large_image","twitter_site":"@ZenkitHQ","twitter_misc":{"Dur\u00e9e de lecture estim\u00e9e":"41 minutes"},"schema":{"@context":"https:\/\/schema.org","@graph":[{"@type":"WebPage","@id":"https:\/\/zenkit.com\/fr\/security-practices\/","url":"https:\/\/zenkit.com\/fr\/security-practices\/","name":"Security Practices | Zenkit","isPartOf":{"@id":"https:\/\/zenkit.com\/fr\/#website"},"primaryImageOfPage":{"@id":"https:\/\/zenkit.com\/fr\/security-practices\/#primaryimage"},"image":{"@id":"https:\/\/zenkit.com\/fr\/security-practices\/#primaryimage"},"thumbnailUrl":"https:\/\/zenkit.com\/wp-content\/uploads\/2025\/01\/Zenkit-Web-App.svg","datePublished":"2019-03-20T08:14:44+00:00","dateModified":"2025-11-04T05:53:11+00:00","description":"At Zenkit, protecting your privacy is paramount. We take great care to store your private information securely and to act in accordance with the GDPR and other data privacy regulations.","breadcrumb":{"@id":"https:\/\/zenkit.com\/fr\/security-practices\/#breadcrumb"},"inLanguage":"fr-FR","potentialAction":[{"@type":"ReadAction","target":["https:\/\/zenkit.com\/fr\/security-practices\/"]}]},{"@type":"ImageObject","inLanguage":"fr-FR","@id":"https:\/\/zenkit.com\/fr\/security-practices\/#primaryimage","url":"https:\/\/zenkit.com\/wp-content\/uploads\/2025\/01\/Zenkit-Web-App.svg","contentUrl":"https:\/\/zenkit.com\/wp-content\/uploads\/2025\/01\/Zenkit-Web-App.svg"},{"@type":"BreadcrumbList","@id":"https:\/\/zenkit.com\/fr\/security-practices\/#breadcrumb","itemListElement":[{"@type":"ListItem","position":1,"name":"Home","item":"https:\/\/zenkit.com\/fr\/"},{"@type":"ListItem","position":2,"name":"Security Practices"}]},{"@type":"WebSite","@id":"https:\/\/zenkit.com\/fr\/#website","url":"https:\/\/zenkit.com\/fr\/","name":"Zenkit","description":"Zenkit Tagline","potentialAction":[{"@type":"SearchAction","target":{"@type":"EntryPoint","urlTemplate":"https:\/\/zenkit.com\/fr\/?s={search_term_string}"},"query-input":{"@type":"PropertyValueSpecification","valueRequired":true,"valueName":"search_term_string"}}],"inLanguage":"fr-FR"},false]}},"yasr_visitor_votes":{"stars_attributes":{"read_only":false,"span_bottom":false},"number_of_votes":0,"sum_votes":0},"_links":{"self":[{"href":"https:\/\/zenkit.com\/fr\/wp-json\/wp\/v2\/pages\/62445","targetHints":{"allow":["GET"]}}],"collection":[{"href":"https:\/\/zenkit.com\/fr\/wp-json\/wp\/v2\/pages"}],"about":[{"href":"https:\/\/zenkit.com\/fr\/wp-json\/wp\/v2\/types\/page"}],"author":[{"embeddable":true,"href":"https:\/\/zenkit.com\/fr\/wp-json\/wp\/v2\/users\/5"}],"replies":[{"embeddable":true,"href":"https:\/\/zenkit.com\/fr\/wp-json\/wp\/v2\/comments?post=62445"}],"version-history":[{"count":2,"href":"https:\/\/zenkit.com\/fr\/wp-json\/wp\/v2\/pages\/62445\/revisions"}],"predecessor-version":[{"id":168038,"href":"https:\/\/zenkit.com\/fr\/wp-json\/wp\/v2\/pages\/62445\/revisions\/168038"}],"wp:attachment":[{"href":"https:\/\/zenkit.com\/fr\/wp-json\/wp\/v2\/media?parent=62445"}],"curies":[{"name":"wp","href":"https:\/\/api.w.org\/{rel}","templated":true}]}}