{"id":63334,"date":"2019-06-18T11:19:17","date_gmt":"2019-06-18T09:19:17","guid":{"rendered":"https:\/\/zenkit.com\/base\/integrations\/formkeep\/"},"modified":"2025-11-04T06:53:11","modified_gmt":"2025-11-04T05:53:11","slug":"formkeep","status":"publish","type":"page","link":"https:\/\/zenkit.com\/fr\/integrations\/formkeep\/","title":{"rendered":"FormKeep"},"content":{"rendered":"\n<div style=\"height:45px;--tablet-height:45px;--mobile-height:16px\" class=\"wp-block-lookeen-blocks-responsive-spacer\"><\/div>\n\n\n\n<div class=\"wp-block-group has-global-padding is-layout-constrained wp-block-group-is-layout-constrained\">\n<div class=\"wp-block-columns is-layout-flex wp-container-core-columns-is-layout-467d341d wp-block-columns-is-layout-flex\" id=\"main__integrations\" style=\"margin-top:0px;margin-bottom:0px\">\n<div class=\"wp-block-column side__bar__integrations is-layout-flow wp-block-column-is-layout-flow\" style=\"flex-basis:23%\">\n<h2 class=\"wp-block-heading has-da-blue-color-new has-text-color has-link-color wp-elements-e7a395a6e297bcf79d7797f9ce83c3f5\" style=\"margin-top:0px;margin-bottom:0px;font-size:16px;line-height:1.5\">Int\u00e9grations de formulaires et d&rsquo;enqu\u00eates<\/h2>\n\n\n<nav class=\"is-vertical integrations__menu wp-block-navigation is-layout-flex wp-container-core-navigation-is-layout-5f9f5280 wp-block-navigation-is-layout-flex\" aria-label=\"fr-integrations-form-survey\"><ul class=\"wp-block-navigation__container  is-vertical integrations__menu wp-block-navigation\"><li class=\" wp-block-navigation-item wp-block-navigation-link\"><a class=\"wp-block-navigation-item__content\"  href=\"https:\/\/zenkit.com\/fr\/integrations\/123formbuilder\/\"><span class=\"wp-block-navigation-item__label\">123FormBuilder<\/span><\/a><\/li><li class=\" wp-block-navigation-item wp-block-navigation-link\"><a class=\"wp-block-navigation-item__content\"  href=\"https:\/\/zenkit.com\/fr\/integrations\/formkeep\/\"><span class=\"wp-block-navigation-item__label\">FormKeep<\/span><\/a><\/li><li class=\" wp-block-navigation-item wp-block-navigation-link\"><a class=\"wp-block-navigation-item__content\"  href=\"https:\/\/zenkit.com\/fr\/integrations\/forms-on-fire\/\"><span class=\"wp-block-navigation-item__label\">Forms On Fire<\/span><\/a><\/li><li class=\" wp-block-navigation-item wp-block-navigation-link\"><a class=\"wp-block-navigation-item__content\"  href=\"https:\/\/zenkit.com\/fr\/integrations\/paperform\/\"><span class=\"wp-block-navigation-item__label\">Paperform<\/span><\/a><\/li><li class=\" wp-block-navigation-item wp-block-navigation-link\"><a class=\"wp-block-navigation-item__content\"  href=\"https:\/\/zenkit.com\/fr\/integrations\/powr-form-builder\/\"><span class=\"wp-block-navigation-item__label\">POWr Form Builder<\/span><\/a><\/li><li class=\" wp-block-navigation-item wp-block-navigation-link\"><a class=\"wp-block-navigation-item__content\"  href=\"https:\/\/zenkit.com\/fr\/integrations\/surveypal\/\"><span class=\"wp-block-navigation-item__label\">Surveypal<\/span><\/a><\/li><li class=\" wp-block-navigation-item wp-block-navigation-link\"><a class=\"wp-block-navigation-item__content\"  href=\"https:\/\/zenkit.com\/fr\/integrations\/surveysparrow\/\"><span class=\"wp-block-navigation-item__label\">SurveySparrow<\/span><\/a><\/li><li class=\" wp-block-navigation-item wp-block-navigation-link\"><a class=\"wp-block-navigation-item__content\"  href=\"https:\/\/zenkit.com\/fr\/integrations\/zonka-feedback\/\"><span class=\"wp-block-navigation-item__label\">Zonka Feedback<\/span><\/a><\/li><\/ul><\/nav><\/div>\n\n\n\n<div class=\"wp-block-column content__integrations is-layout-flow wp-block-column-is-layout-flow\" style=\"flex-basis:77%\">\n<div class=\"wp-block-group has-global-padding is-layout-constrained wp-block-group-is-layout-constrained\">\n<div class=\"wp-block-group title is-layout-flex wp-container-core-group-is-layout-ed4b00df wp-block-group-is-layout-flex\">\n<figure class=\"wp-block-image size-full is-resized\"><img loading=\"lazy\" decoding=\"async\" width=\"630\" height=\"630\" src=\"https:\/\/zenkit.com\/wp-content\/uploads\/2025\/07\/Formkeep.webp\" alt=\"\" class=\"wp-image-118029\" style=\"width:auto;height:46px\" srcset=\"https:\/\/zenkit.com\/wp-content\/uploads\/2025\/07\/Formkeep.webp 630w, https:\/\/zenkit.com\/wp-content\/uploads\/2025\/07\/Formkeep-300x300.webp 300w, https:\/\/zenkit.com\/wp-content\/uploads\/2025\/07\/Formkeep-150x150.webp 150w\" sizes=\"auto, (max-width: 630px) 100vw, 630px\" \/><\/figure>\n\n\n\n<h1 class=\"wp-block-heading\">FormKeep &amp; Zenkit<\/h1>\n<\/div>\n\n\n\n<div class=\"wp-block-group has-global-padding is-layout-constrained wp-block-group-is-layout-constrained\">\n<h3 class=\"wp-block-heading display-h2\">Connectez vos comptes Zenkit et FormKeep<\/h3>\n\n\n\n<p>Am\u00e9liorez votre flux de travail en envoyant automatiquement vos donn\u00e9es saisies de FormKeep \u00e0 Zenkit pour le CRM ou toute constitution de base de donn\u00e9es!<\/p>\n<\/div>\n\n\n\n<div style=\"height:48px;--tablet-height:36px;--mobile-height:24px\" class=\"wp-block-lookeen-blocks-responsive-spacer\"><\/div>\n<\/div>\n\n\n\n<div class=\"wp-block-group has-global-padding is-layout-constrained wp-block-group-is-layout-constrained\">\n<figure class=\"wp-block-video\"><video controls src=\"https:\/\/zenkit.com\/wp-content\/uploads\/2019\/08\/FormKeep.mp4\"><\/video><\/figure>\n<\/div>\n\n\n\n<div style=\"height:48px;--tablet-height:36px;--mobile-height:24px\" class=\"wp-block-lookeen-blocks-responsive-spacer\"><\/div>\n\n\n\n<div class=\"wp-block-group has-global-padding is-layout-constrained wp-block-group-is-layout-constrained\">\n<h3 class=\"wp-block-heading display-h2\">\u00c0 propos de FormKeep<\/h3>\n\n\n\n<p>FormKeep fournit un service de backend de premier ordre pour les formulaires. Il est parfait pour les entreprises qui recueillent des informations aupr\u00e8s des visiteurs du site mais qui ne veulent pas avoir \u00e0 se pr\u00e9occuper d\u2019une base de donn\u00e9es. Les formulaires de contact, les demandes d\u2019assistance, les abonnements \u00e0 des listes de diffusion et les formulaires de retour d\u2019information sont des cas d\u2019utilisation courante de FormKeep. Vous pouvez facilement cr\u00e9er et mettre en forme votre formulaire h\u00e9berg\u00e9 sur vos serveurs. Tout ce que vous avez \u00e0 faire est de changer l\u2019URL de l\u2019action du formulaire dans le html pour qu\u2019elle pointe vers FormKeep et il s\u2019occupera du reste!<\/p>\n\n\n\n<p>Les utilisateurs de Zenkit peuvent utiliser FormKeep pour connecter un formulaire de contact directement au service d\u2019assistance Zenkit. Vous pouvez consulter le <a href=\"https:\/\/zenkit.com\/fr\/cas-dutilisation\/\" target=\"_blank\" rel=\"noreferrer noopener\">mod\u00e8le <\/a>pour ce processus. Pour plus d\u2019informations, veuillez consulter le site <a href=\"https:\/\/formkeep.com\/guides\/case-marketing-professionals\" target=\"_blank\" rel=\"noreferrer noopener\">https:\/\/formkeep.com\/guides\/case-marketing-professionals<\/a>.<\/p>\n\n\n\n<p>Contact : <a href=\"https:\/\/formkeep.com\/\" target=\"_blank\" rel=\"noreferrer noopener\">Website<\/a> , <a href=\"mailto:support@formkeep.com\" target=\"_blank\" rel=\"noreferrer noopener\">Support<\/a> , <a href=\"https:\/\/www.linkedin.com\/company\/formkeep\/\" target=\"_blank\" rel=\"noreferrer noopener\">Linkedin<\/a> , <a href=\"https:\/\/blog.formkeep.com\/\" target=\"_blank\" rel=\"noreferrer noopener\">Blog<\/a> , <a href=\"https:\/\/twitter.com\/formkeep\" target=\"_blank\" rel=\"noreferrer noopener\">Twitter<\/a>,<\/p>\n<\/div>\n\n\n\n<div style=\"height:48px;--tablet-height:36px;--mobile-height:24px\" class=\"wp-block-lookeen-blocks-responsive-spacer\"><\/div>\n\n\n\n<div class=\"wp-block-group has-global-padding is-layout-constrained wp-block-group-is-layout-constrained\">\n<h3 class=\"wp-block-heading display-h2\">\u00c0 propos de Zenkit<\/h3>\n\n\n\n<p><a href=\"https:\/\/zenkit.com\/\">Zenkit<\/a> est un outil convivial et collaboratif pour la gestion de projets, la cr\u00e9ation de bases de donn\u00e9es, et plus. Il vous permet de changer d\u2019affichage (tableau, liste de t\u00e2ches, Kanban, calendrier et carte mentale) en un clic. Vous pouvez partager votre travail en ligne avec des collections publi\u00e9es et int\u00e9gr\u00e9es, et construire des int\u00e9grations avec notre API document\u00e9e. Zenkit est suffisamment flexible pour s\u2019adapter \u00e0 n\u2019importe quel flux de travail et suffisamment puissant pour faire fonctionner votre entreprise. Cr\u00e9ez votre compte gratuitement: <a href=\"https:\/\/app.zenkit.com\/register\">https:\/\/app.zenkit.com\/register<\/a>.<\/p>\n<\/div>\n\n\n\n<div style=\"height:48px;--tablet-height:36px;--mobile-height:24px\" class=\"wp-block-lookeen-blocks-responsive-spacer\"><\/div>\n\n\n\n<div class=\"wp-block-group has-global-padding is-layout-constrained wp-block-group-is-layout-constrained\">\n<h3 class=\"wp-block-heading display-h2\">Comment connecter FormKeep et Zenkit?<\/h3>\n\n\n\n<ol class=\"wp-block-list list__style__position-inside\">\n<li><a href=\"https:\/\/zapier.com\/sign-up\/\" target=\"_blank\" rel=\"noreferrer noopener\">Cr\u00e9ez un compte<\/a> Zapier pour avoir acc\u00e8s \u00e0 Zapier.<\/li>\n\n\n\n<li><a href=\"https:\/\/formkeep.com\/sign_up\" target=\"_blank\" rel=\"noreferrer noopener\">Cr\u00e9ez un compte<\/a> avec FormKeep.<\/li>\n\n\n\n<li>Connectez-vous \u00e0 Zapier et allez dans le <a href=\"https:\/\/zapier.com\/apps\/formkeep\/integrations\/zenkit\" target=\"_blank\" rel=\"noreferrer noopener\">Zenkit + FormKeep Zapbook <\/a>pour trouver des mod\u00e8les de Zap.<\/li>\n\n\n\n<li>Ou choisissez de cr\u00e9er votre propre int\u00e9gration Zenkit et FormKeep en les s\u00e9lectionnant lorsque vous cr\u00e9ez un zap.<\/li>\n<\/ol>\n\n\n\n<script type=\"text\/javascript\" src=\"https:\/\/zapier.com\/apps\/embed\/widget.js?guided_zaps=60364\"><\/script>\n<\/div>\n\n\n\n<div style=\"height:48px;--tablet-height:36px;--mobile-height:24px\" class=\"wp-block-lookeen-blocks-responsive-spacer\"><\/div>\n\n\n\n<div class=\"wp-block-group has-global-padding is-layout-constrained wp-block-group-is-layout-constrained\">\n<h3 class=\"wp-block-heading display-h2\">Support technique<\/h3>\n\n\n\n<p>Soutenu par Zapier : Veuillez <a href=\"https:\/\/zapier.com\/help\/contact-us\/\" target=\"_blank\" rel=\"noreferrer noopener\">contacter l\u2019assistance Zapier<\/a> si vous rencontrez des probl\u00e8mes. Pour plus d\u2019informations sur l\u2019utilisation de Zenkit avec Zapier, veuillez lire notre <a href=\"https:\/\/zenkit.com\/documentation#\/lists\/HJQBQ1Hw\/sections\/SJYE55zA\/entries\/BJGOKQtA?_k=hyyynn\" target=\"_blank\" rel=\"noreferrer noopener\">documentation<\/a>.<\/p>\n<\/div>\n<\/div>\n<\/div>\n<\/div>\n\n\n\n<div style=\"height:110px;--tablet-height:60px;--mobile-height:48px\" class=\"wp-block-lookeen-blocks-responsive-spacer\"><\/div>\n","protected":false},"excerpt":{"rendered":"<p>Int\u00e9grations de formulaires et d&rsquo;enqu\u00eates FormKeep &amp; Zenkit Connectez vos comptes Zenkit et FormKeep Am\u00e9liorez votre flux de travail en envoyant automatiquement vos donn\u00e9es saisies de FormKeep \u00e0 Zenkit pour le CRM ou toute constitution de base de donn\u00e9es! \u00c0 propos de FormKeep FormKeep fournit un service de backend de premier ordre pour les formulaires. [&hellip;]<\/p>\n","protected":false},"author":15,"featured_media":0,"parent":122713,"menu_order":37,"comment_status":"closed","ping_status":"closed","template":"","meta":{"yasr_overall_rating":0,"yasr_post_is_review":"","yasr_auto_insert_disabled":"","yasr_review_type":"","footnotes":""},"class_list":["post-63334","page","type-page","status-publish","hentry"],"yoast_head":"<!-- This site is optimized with the Yoast SEO plugin v27.3 - https:\/\/yoast.com\/product\/yoast-seo-wordpress\/ -->\n<title>FormKeep | Zenkit<\/title>\n<meta name=\"description\" content=\"Zenkit&#039;s integration with FormKeep allows you to sync captured data to Zenkit automatically. Learn how this integration can grow with you.\" \/>\n<meta name=\"robots\" content=\"index, follow, max-snippet:-1, max-image-preview:large, max-video-preview:-1\" \/>\n<link rel=\"canonical\" href=\"https:\/\/zenkit.com\/fr\/integrations\/formkeep\/\" \/>\n<meta property=\"og:locale\" content=\"fr_FR\" \/>\n<meta property=\"og:type\" content=\"article\" \/>\n<meta property=\"og:title\" content=\"FormKeep | Zenkit\" \/>\n<meta property=\"og:description\" content=\"Zenkit&#039;s integration with FormKeep allows you to sync captured data to Zenkit automatically. Learn how this integration can grow with you.\" \/>\n<meta property=\"og:url\" content=\"https:\/\/zenkit.com\/fr\/integrations\/formkeep\/\" \/>\n<meta property=\"og:site_name\" content=\"Zenkit\" \/>\n<meta property=\"article:publisher\" content=\"https:\/\/www.facebook.com\/ZenkitHQ\" \/>\n<meta property=\"article:modified_time\" content=\"2025-11-04T05:53:11+00:00\" \/>\n<meta property=\"og:image\" content=\"https:\/\/zenkit.com\/wp-content\/uploads\/2025\/07\/Formkeep.webp\" \/>\n\t<meta property=\"og:image:width\" content=\"630\" \/>\n\t<meta property=\"og:image:height\" content=\"630\" \/>\n\t<meta property=\"og:image:type\" content=\"image\/webp\" \/>\n<meta name=\"twitter:card\" content=\"summary_large_image\" \/>\n<meta name=\"twitter:site\" content=\"@ZenkitHQ\" \/>\n<meta name=\"twitter:label1\" content=\"Dur\u00e9e de lecture estim\u00e9e\" \/>\n\t<meta name=\"twitter:data1\" content=\"11 minutes\" \/>\n<script type=\"application\/ld+json\" class=\"yoast-schema-graph\">{\"@context\":\"https:\\\/\\\/schema.org\",\"@graph\":[{\"@type\":\"WebPage\",\"@id\":\"https:\\\/\\\/zenkit.com\\\/fr\\\/integrations\\\/formkeep\\\/\",\"url\":\"https:\\\/\\\/zenkit.com\\\/fr\\\/integrations\\\/formkeep\\\/\",\"name\":\"FormKeep | Zenkit\",\"isPartOf\":{\"@id\":\"https:\\\/\\\/zenkit.com\\\/fr\\\/#website\"},\"primaryImageOfPage\":{\"@id\":\"https:\\\/\\\/zenkit.com\\\/fr\\\/integrations\\\/formkeep\\\/#primaryimage\"},\"image\":{\"@id\":\"https:\\\/\\\/zenkit.com\\\/fr\\\/integrations\\\/formkeep\\\/#primaryimage\"},\"thumbnailUrl\":\"https:\\\/\\\/zenkit.com\\\/wp-content\\\/uploads\\\/2025\\\/07\\\/Formkeep.webp\",\"datePublished\":\"2019-06-18T09:19:17+00:00\",\"dateModified\":\"2025-11-04T05:53:11+00:00\",\"description\":\"Zenkit's integration with FormKeep allows you to sync captured data to Zenkit automatically. Learn how this integration can grow with you.\",\"breadcrumb\":{\"@id\":\"https:\\\/\\\/zenkit.com\\\/fr\\\/integrations\\\/formkeep\\\/#breadcrumb\"},\"inLanguage\":\"fr-FR\",\"potentialAction\":[{\"@type\":\"ReadAction\",\"target\":[\"https:\\\/\\\/zenkit.com\\\/fr\\\/integrations\\\/formkeep\\\/\"]}]},{\"@type\":\"ImageObject\",\"inLanguage\":\"fr-FR\",\"@id\":\"https:\\\/\\\/zenkit.com\\\/fr\\\/integrations\\\/formkeep\\\/#primaryimage\",\"url\":\"https:\\\/\\\/zenkit.com\\\/wp-content\\\/uploads\\\/2025\\\/07\\\/Formkeep.webp\",\"contentUrl\":\"https:\\\/\\\/zenkit.com\\\/wp-content\\\/uploads\\\/2025\\\/07\\\/Formkeep.webp\"},{\"@type\":\"BreadcrumbList\",\"@id\":\"https:\\\/\\\/zenkit.com\\\/fr\\\/integrations\\\/formkeep\\\/#breadcrumb\",\"itemListElement\":[{\"@type\":\"ListItem\",\"position\":1,\"name\":\"Home\",\"item\":\"https:\\\/\\\/zenkit.com\\\/fr\\\/\"},{\"@type\":\"ListItem\",\"position\":2,\"name\":\"Integrations\",\"item\":\"https:\\\/\\\/zenkit.com\\\/fr\\\/integrations\\\/\"},{\"@type\":\"ListItem\",\"position\":3,\"name\":\"FormKeep\"}]},{\"@type\":\"WebSite\",\"@id\":\"https:\\\/\\\/zenkit.com\\\/fr\\\/#website\",\"url\":\"https:\\\/\\\/zenkit.com\\\/fr\\\/\",\"name\":\"Zenkit\",\"description\":\"Zenkit Tagline\",\"potentialAction\":[{\"@type\":\"SearchAction\",\"target\":{\"@type\":\"EntryPoint\",\"urlTemplate\":\"https:\\\/\\\/zenkit.com\\\/fr\\\/?s={search_term_string}\"},\"query-input\":{\"@type\":\"PropertyValueSpecification\",\"valueRequired\":true,\"valueName\":\"search_term_string\"}}],\"inLanguage\":\"fr-FR\"},false]}<\/script>\n<!-- \/ Yoast SEO plugin. -->","yoast_head_json":{"title":"FormKeep | Zenkit","description":"Zenkit's integration with FormKeep allows you to sync captured data to Zenkit automatically. Learn how this integration can grow with you.","robots":{"index":"index","follow":"follow","max-snippet":"max-snippet:-1","max-image-preview":"max-image-preview:large","max-video-preview":"max-video-preview:-1"},"canonical":"https:\/\/zenkit.com\/fr\/integrations\/formkeep\/","og_locale":"fr_FR","og_type":"article","og_title":"FormKeep | Zenkit","og_description":"Zenkit's integration with FormKeep allows you to sync captured data to Zenkit automatically. Learn how this integration can grow with you.","og_url":"https:\/\/zenkit.com\/fr\/integrations\/formkeep\/","og_site_name":"Zenkit","article_publisher":"https:\/\/www.facebook.com\/ZenkitHQ","article_modified_time":"2025-11-04T05:53:11+00:00","og_image":[{"width":630,"height":630,"url":"https:\/\/zenkit.com\/wp-content\/uploads\/2025\/07\/Formkeep.webp","type":"image\/webp"}],"twitter_card":"summary_large_image","twitter_site":"@ZenkitHQ","twitter_misc":{"Dur\u00e9e de lecture estim\u00e9e":"11 minutes"},"schema":{"@context":"https:\/\/schema.org","@graph":[{"@type":"WebPage","@id":"https:\/\/zenkit.com\/fr\/integrations\/formkeep\/","url":"https:\/\/zenkit.com\/fr\/integrations\/formkeep\/","name":"FormKeep | Zenkit","isPartOf":{"@id":"https:\/\/zenkit.com\/fr\/#website"},"primaryImageOfPage":{"@id":"https:\/\/zenkit.com\/fr\/integrations\/formkeep\/#primaryimage"},"image":{"@id":"https:\/\/zenkit.com\/fr\/integrations\/formkeep\/#primaryimage"},"thumbnailUrl":"https:\/\/zenkit.com\/wp-content\/uploads\/2025\/07\/Formkeep.webp","datePublished":"2019-06-18T09:19:17+00:00","dateModified":"2025-11-04T05:53:11+00:00","description":"Zenkit's integration with FormKeep allows you to sync captured data to Zenkit automatically. Learn how this integration can grow with you.","breadcrumb":{"@id":"https:\/\/zenkit.com\/fr\/integrations\/formkeep\/#breadcrumb"},"inLanguage":"fr-FR","potentialAction":[{"@type":"ReadAction","target":["https:\/\/zenkit.com\/fr\/integrations\/formkeep\/"]}]},{"@type":"ImageObject","inLanguage":"fr-FR","@id":"https:\/\/zenkit.com\/fr\/integrations\/formkeep\/#primaryimage","url":"https:\/\/zenkit.com\/wp-content\/uploads\/2025\/07\/Formkeep.webp","contentUrl":"https:\/\/zenkit.com\/wp-content\/uploads\/2025\/07\/Formkeep.webp"},{"@type":"BreadcrumbList","@id":"https:\/\/zenkit.com\/fr\/integrations\/formkeep\/#breadcrumb","itemListElement":[{"@type":"ListItem","position":1,"name":"Home","item":"https:\/\/zenkit.com\/fr\/"},{"@type":"ListItem","position":2,"name":"Integrations","item":"https:\/\/zenkit.com\/fr\/integrations\/"},{"@type":"ListItem","position":3,"name":"FormKeep"}]},{"@type":"WebSite","@id":"https:\/\/zenkit.com\/fr\/#website","url":"https:\/\/zenkit.com\/fr\/","name":"Zenkit","description":"Zenkit Tagline","potentialAction":[{"@type":"SearchAction","target":{"@type":"EntryPoint","urlTemplate":"https:\/\/zenkit.com\/fr\/?s={search_term_string}"},"query-input":{"@type":"PropertyValueSpecification","valueRequired":true,"valueName":"search_term_string"}}],"inLanguage":"fr-FR"},false]}},"yasr_visitor_votes":{"stars_attributes":{"read_only":false,"span_bottom":false},"number_of_votes":0,"sum_votes":0},"_links":{"self":[{"href":"https:\/\/zenkit.com\/fr\/wp-json\/wp\/v2\/pages\/63334","targetHints":{"allow":["GET"]}}],"collection":[{"href":"https:\/\/zenkit.com\/fr\/wp-json\/wp\/v2\/pages"}],"about":[{"href":"https:\/\/zenkit.com\/fr\/wp-json\/wp\/v2\/types\/page"}],"author":[{"embeddable":true,"href":"https:\/\/zenkit.com\/fr\/wp-json\/wp\/v2\/users\/15"}],"replies":[{"embeddable":true,"href":"https:\/\/zenkit.com\/fr\/wp-json\/wp\/v2\/comments?post=63334"}],"version-history":[{"count":7,"href":"https:\/\/zenkit.com\/fr\/wp-json\/wp\/v2\/pages\/63334\/revisions"}],"predecessor-version":[{"id":161895,"href":"https:\/\/zenkit.com\/fr\/wp-json\/wp\/v2\/pages\/63334\/revisions\/161895"}],"up":[{"embeddable":true,"href":"https:\/\/zenkit.com\/fr\/wp-json\/wp\/v2\/pages\/122713"}],"wp:attachment":[{"href":"https:\/\/zenkit.com\/fr\/wp-json\/wp\/v2\/media?parent=63334"}],"curies":[{"name":"wp","href":"https:\/\/api.w.org\/{rel}","templated":true}]}}