{"id":64341,"date":"2019-07-16T14:11:07","date_gmt":"2019-07-16T12:11:07","guid":{"rendered":"https:\/\/zenkit.com\/base\/integrations\/frame-io\/"},"modified":"2025-11-04T06:53:11","modified_gmt":"2025-11-04T05:53:11","slug":"frame-io","status":"publish","type":"page","link":"https:\/\/zenkit.com\/fr\/integrations\/frame-io\/","title":{"rendered":"Frame.io"},"content":{"rendered":"\n<div style=\"height:45px;--tablet-height:45px;--mobile-height:16px\" class=\"wp-block-lookeen-blocks-responsive-spacer\"><\/div>\n\n\n\n<div class=\"wp-block-group has-global-padding is-layout-constrained wp-block-group-is-layout-constrained\">\n<div class=\"wp-block-columns is-layout-flex wp-container-core-columns-is-layout-467d341d wp-block-columns-is-layout-flex\" id=\"main__integrations\" style=\"margin-top:0px;margin-bottom:0px\">\n<div class=\"wp-block-column side__bar__integrations is-layout-flow wp-block-column-is-layout-flow\" style=\"flex-basis:23%\">\n<h2 class=\"wp-block-heading has-da-blue-color-new has-text-color has-link-color wp-elements-a3881a3711a344e175720e87a7a6a508\" style=\"margin-top:0px;margin-bottom:0px;font-size:16px;line-height:1.5\">Int\u00e9grations d&rsquo;\u00e9dition vid\u00e9o<\/h2>\n\n\n<nav class=\"is-vertical integrations__menu wp-block-navigation is-layout-flex wp-container-core-navigation-is-layout-5f9f5280 wp-block-navigation-is-layout-flex\" aria-label=\"fr-integrations-video-editing\"><ul class=\"wp-block-navigation__container  is-vertical integrations__menu wp-block-navigation\"><li class=\" wp-block-navigation-item wp-block-navigation-link\"><a class=\"wp-block-navigation-item__content\"  href=\"https:\/\/zenkit.com\/fr\/integrations\/frame-io\/\"><span class=\"wp-block-navigation-item__label\">Frame.io<\/span><\/a><\/li><\/ul><\/nav><\/div>\n\n\n\n<div class=\"wp-block-column content__integrations is-layout-flow wp-block-column-is-layout-flow\" style=\"flex-basis:77%\">\n<div class=\"wp-block-group has-global-padding is-layout-constrained wp-block-group-is-layout-constrained\">\n<div class=\"wp-block-group title is-layout-flex wp-container-core-group-is-layout-ed4b00df wp-block-group-is-layout-flex\">\n<figure class=\"wp-block-image size-full is-resized\"><img loading=\"lazy\" decoding=\"async\" width=\"475\" height=\"475\" src=\"https:\/\/zenkit.com\/wp-content\/uploads\/2025\/07\/Frame.io_.webp\" alt=\"Frame.io Logo\" class=\"wp-image-118015\" style=\"width:auto;height:46px\" srcset=\"https:\/\/zenkit.com\/wp-content\/uploads\/2025\/07\/Frame.io_.webp 475w, https:\/\/zenkit.com\/wp-content\/uploads\/2025\/07\/Frame.io_-300x300.webp 300w, https:\/\/zenkit.com\/wp-content\/uploads\/2025\/07\/Frame.io_-150x150.webp 150w\" sizes=\"auto, (max-width: 475px) 100vw, 475px\" \/><\/figure>\n\n\n\n<h1 class=\"wp-block-heading\">Frame.io &amp; Zenkit<\/h1>\n<\/div>\n\n\n\n<div class=\"wp-block-group has-global-padding is-layout-constrained wp-block-group-is-layout-constrained\">\n<h3 class=\"wp-block-heading display-h2\">Connectez vos comptes Zenkit et Frame.io<\/h3>\n\n\n\n<p>Connectez-vous avec Frame.io pour avoir un aper\u00e7u clair de l\u2019avancement de votre projet vid\u00e9o dans Zenkit et mettez tous les membres de l\u2019\u00e9quipe sur la m\u00eame longueur d\u2019onde!<\/p>\n<\/div>\n<\/div>\n\n\n\n<div style=\"height:48px;--tablet-height:36px;--mobile-height:24px\" class=\"wp-block-lookeen-blocks-responsive-spacer\"><\/div>\n\n\n\n<div class=\"wp-block-group has-global-padding is-layout-constrained wp-block-group-is-layout-constrained\">\n<h3 class=\"wp-block-heading display-h2\">\u00c0 propos de Frame.io<\/h3>\n\n\n\n<p><a href=\"https:\/\/frame.io\/\" target=\"_blank\" rel=\"noreferrer noopener\">Frame.io<\/a>&nbsp;est l\u2019un des moteurs du march\u00e9 pour les examens et collaborations vid\u00e9os bas\u00e9 sur le cloud. En tant que centre de connexion entre les outils essentiels que les cr\u00e9ateurs utilisent pour r\u00e9aliser des vid\u00e9os, il \u00e9limine les obstacles de temps et de distance, et permet aux collaborateurs de contribuer au contenu ou aux commentaires qui sont importants pour fournir un produit de qualit\u00e9 sup\u00e9rieure. Au c\u0153ur m\u00eame de Frame.io, vous pouvez travailler \u00e0 la vitesse de la cr\u00e9ativit\u00e9 de groupe. Pour plus d\u2019informations, veuillez consulter le site:&nbsp;<a href=\"https:\/\/frame.io\/\" target=\"_blank\" rel=\"noreferrer noopener\">https:\/\/frame.io\/<\/a>.<\/p>\n<\/div>\n\n\n\n<div style=\"height:48px;--tablet-height:36px;--mobile-height:24px\" class=\"wp-block-lookeen-blocks-responsive-spacer\"><\/div>\n\n\n\n<div class=\"wp-block-group has-global-padding is-layout-constrained wp-block-group-is-layout-constrained\">\n<h3 class=\"wp-block-heading display-h2\">\u00c0 propos de Zenkit<\/h3>\n\n\n\n<p><a href=\"https:\/\/zenkit.com\/\">Zenkit<\/a>&nbsp;est un outil convivial et collaboratif pour la gestion de projets, la cr\u00e9ation de bases de donn\u00e9es, et plus. Il vous permet de changer d\u2019affichage (tableau, liste de t\u00e2ches, Kanban, calendrier et carte mentale) en un clic. Vous pouvez partager votre travail en ligne avec des collections publi\u00e9es et int\u00e9gr\u00e9es, et construire des int\u00e9grations avec notre API document\u00e9e. Zenkit est suffisamment flexible pour s\u2019adapter \u00e0 n\u2019importe quel flux de travail et suffisamment puissant pour faire fonctionner votre entreprise. Cr\u00e9ez votre compte gratuitement:&nbsp;<a href=\"https:\/\/app.zenkit.com\/register\">https:\/\/app.zenkit.com\/register<\/a>.<\/p>\n<\/div>\n\n\n\n<div style=\"height:48px;--tablet-height:36px;--mobile-height:24px\" class=\"wp-block-lookeen-blocks-responsive-spacer\"><\/div>\n\n\n\n<div class=\"wp-block-group has-global-padding is-layout-constrained wp-block-group-is-layout-constrained\">\n<h3 class=\"wp-block-heading display-h2\">Connectez Frame.io et Zenkit<\/h3>\n\n\n\n<ol class=\"wp-block-list list__style__position-inside\">\n<li><a href=\"https:\/\/zapier.com\/sign-up\/\" target=\"_blank\" rel=\"noreferrer noopener\">Cr\u00e9ez un compte<\/a>&nbsp;Zapier pour avoir acc\u00e8s \u00e0 Zapier.<\/li>\n\n\n\n<li><a href=\"https:\/\/frame.io\/\" target=\"_blank\" rel=\"noreferrer noopener\">Cr\u00e9ez un compt<\/a>&nbsp;avec Frame.io.<\/li>\n\n\n\n<li>Connectez-vous \u00e0 Zapier et allez dans le&nbsp;<a href=\"https:\/\/zapier.com\/apps\/zenkit\/integrations\/frameio\" target=\"_blank\" rel=\"noreferrer noopener\">Zenkit + Frame.io Zapbook&nbsp;<\/a>pour trouver des mod\u00e8les de Zap.<\/li>\n\n\n\n<li>Ou choisissez de cr\u00e9er votre propre int\u00e9gration Zenkit et Frame.io en les s\u00e9lectionnant lorsque vous cr\u00e9ez un zap.<\/li>\n<\/ol>\n<\/div>\n\n\n\n<div style=\"height:48px;--tablet-height:36px;--mobile-height:24px\" class=\"wp-block-lookeen-blocks-responsive-spacer\"><\/div>\n\n\n\n<div class=\"wp-block-group has-global-padding is-layout-constrained wp-block-group-is-layout-constrained\">\n<script type=\"text\/javascript\" src=\"https:\/\/zapier.com\/apps\/embed\/widget.js?guided_zaps=58066\"><\/script>\n<\/div>\n\n\n\n<div style=\"height:48px;--tablet-height:36px;--mobile-height:24px\" class=\"wp-block-lookeen-blocks-responsive-spacer\"><\/div>\n\n\n\n<div class=\"wp-block-group has-global-padding is-layout-constrained wp-block-group-is-layout-constrained\">\n<h3 class=\"wp-block-heading display-h2\">Support technique<\/h3>\n\n\n\n<p>Soutenu par Zapier : Veuillez&nbsp;<a href=\"https:\/\/zapier.com\/help\/contact-us\/\" target=\"_blank\" rel=\"noreferrer noopener\">contacter l\u2019assistance Zapier<\/a>&nbsp;si vous rencontrez des probl\u00e8mes. Pour plus d\u2019informations sur l\u2019utilisation de Zenkit avec Zapier, veuillez lire notre&nbsp;<a href=\"https:\/\/zenkit.com\/documentation#\/lists\/HJQBQ1Hw\/sections\/SJYE55zA\/entries\/BJGOKQtA?_k=hyyynn\" target=\"_blank\" rel=\"noreferrer noopener\">documentation<\/a>.<\/p>\n<\/div>\n<\/div>\n<\/div>\n<\/div>\n\n\n\n<div style=\"height:110px;--tablet-height:60px;--mobile-height:48px\" class=\"wp-block-lookeen-blocks-responsive-spacer\"><\/div>\n","protected":false},"excerpt":{"rendered":"<p>Int\u00e9grations d&rsquo;\u00e9dition vid\u00e9o Frame.io &amp; Zenkit Connectez vos comptes Zenkit et Frame.io Connectez-vous avec Frame.io pour avoir un aper\u00e7u clair de l\u2019avancement de votre projet vid\u00e9o dans Zenkit et mettez tous les membres de l\u2019\u00e9quipe sur la m\u00eame longueur d\u2019onde! \u00c0 propos de Frame.io Frame.io&nbsp;est l\u2019un des moteurs du march\u00e9 pour les examens et collaborations [&hellip;]<\/p>\n","protected":false},"author":15,"featured_media":0,"parent":122713,"menu_order":42,"comment_status":"closed","ping_status":"closed","template":"","meta":{"yasr_overall_rating":0,"yasr_post_is_review":"","yasr_auto_insert_disabled":"","yasr_review_type":"","footnotes":""},"class_list":["post-64341","page","type-page","status-publish","hentry"],"yoast_head":"<!-- This site is optimized with the Yoast SEO plugin v27.4 - https:\/\/yoast.com\/product\/yoast-seo-wordpress\/ -->\n<title>Frame.io | Zenkit<\/title>\n<meta name=\"description\" content=\"Zenkit&#039;s integration with Frame.io allows you to track your video projects easily. Learn how this integration can grow with you.\" \/>\n<meta name=\"robots\" content=\"index, follow, max-snippet:-1, max-image-preview:large, max-video-preview:-1\" \/>\n<link rel=\"canonical\" href=\"https:\/\/zenkit.com\/fr\/integrations\/frame-io\/\" \/>\n<meta property=\"og:locale\" content=\"fr_FR\" \/>\n<meta property=\"og:type\" content=\"article\" \/>\n<meta property=\"og:title\" content=\"Frame.io | Zenkit\" \/>\n<meta property=\"og:description\" content=\"Zenkit&#039;s integration with Frame.io allows you to track your video projects easily. Learn how this integration can grow with you.\" \/>\n<meta property=\"og:url\" content=\"https:\/\/zenkit.com\/fr\/integrations\/frame-io\/\" \/>\n<meta property=\"og:site_name\" content=\"Zenkit\" \/>\n<meta property=\"article:publisher\" content=\"https:\/\/www.facebook.com\/ZenkitHQ\" \/>\n<meta property=\"article:modified_time\" content=\"2025-11-04T05:53:11+00:00\" \/>\n<meta property=\"og:image\" content=\"https:\/\/zenkit.com\/wp-content\/uploads\/2025\/07\/Frame.io_.webp\" \/>\n\t<meta property=\"og:image:width\" content=\"475\" \/>\n\t<meta property=\"og:image:height\" content=\"475\" \/>\n\t<meta property=\"og:image:type\" content=\"image\/webp\" \/>\n<meta name=\"twitter:card\" content=\"summary_large_image\" \/>\n<meta name=\"twitter:site\" content=\"@ZenkitHQ\" \/>\n<meta name=\"twitter:label1\" content=\"Dur\u00e9e de lecture estim\u00e9e\" \/>\n\t<meta name=\"twitter:data1\" content=\"10 minutes\" \/>\n<script type=\"application\/ld+json\" class=\"yoast-schema-graph\">{\"@context\":\"https:\\\/\\\/schema.org\",\"@graph\":[{\"@type\":\"WebPage\",\"@id\":\"https:\\\/\\\/zenkit.com\\\/fr\\\/integrations\\\/frame-io\\\/\",\"url\":\"https:\\\/\\\/zenkit.com\\\/fr\\\/integrations\\\/frame-io\\\/\",\"name\":\"Frame.io | Zenkit\",\"isPartOf\":{\"@id\":\"https:\\\/\\\/zenkit.com\\\/fr\\\/#website\"},\"primaryImageOfPage\":{\"@id\":\"https:\\\/\\\/zenkit.com\\\/fr\\\/integrations\\\/frame-io\\\/#primaryimage\"},\"image\":{\"@id\":\"https:\\\/\\\/zenkit.com\\\/fr\\\/integrations\\\/frame-io\\\/#primaryimage\"},\"thumbnailUrl\":\"https:\\\/\\\/zenkit.com\\\/wp-content\\\/uploads\\\/2025\\\/07\\\/Frame.io_.webp\",\"datePublished\":\"2019-07-16T12:11:07+00:00\",\"dateModified\":\"2025-11-04T05:53:11+00:00\",\"description\":\"Zenkit's integration with Frame.io allows you to track your video projects easily. Learn how this integration can grow with you.\",\"breadcrumb\":{\"@id\":\"https:\\\/\\\/zenkit.com\\\/fr\\\/integrations\\\/frame-io\\\/#breadcrumb\"},\"inLanguage\":\"fr-FR\",\"potentialAction\":[{\"@type\":\"ReadAction\",\"target\":[\"https:\\\/\\\/zenkit.com\\\/fr\\\/integrations\\\/frame-io\\\/\"]}]},{\"@type\":\"ImageObject\",\"inLanguage\":\"fr-FR\",\"@id\":\"https:\\\/\\\/zenkit.com\\\/fr\\\/integrations\\\/frame-io\\\/#primaryimage\",\"url\":\"https:\\\/\\\/zenkit.com\\\/wp-content\\\/uploads\\\/2025\\\/07\\\/Frame.io_.webp\",\"contentUrl\":\"https:\\\/\\\/zenkit.com\\\/wp-content\\\/uploads\\\/2025\\\/07\\\/Frame.io_.webp\"},{\"@type\":\"BreadcrumbList\",\"@id\":\"https:\\\/\\\/zenkit.com\\\/fr\\\/integrations\\\/frame-io\\\/#breadcrumb\",\"itemListElement\":[{\"@type\":\"ListItem\",\"position\":1,\"name\":\"Home\",\"item\":\"https:\\\/\\\/zenkit.com\\\/fr\\\/\"},{\"@type\":\"ListItem\",\"position\":2,\"name\":\"Integrations\",\"item\":\"https:\\\/\\\/zenkit.com\\\/fr\\\/integrations\\\/\"},{\"@type\":\"ListItem\",\"position\":3,\"name\":\"Frame.io\"}]},{\"@type\":\"WebSite\",\"@id\":\"https:\\\/\\\/zenkit.com\\\/fr\\\/#website\",\"url\":\"https:\\\/\\\/zenkit.com\\\/fr\\\/\",\"name\":\"Zenkit\",\"description\":\"Zenkit Tagline\",\"potentialAction\":[{\"@type\":\"SearchAction\",\"target\":{\"@type\":\"EntryPoint\",\"urlTemplate\":\"https:\\\/\\\/zenkit.com\\\/fr\\\/?s={search_term_string}\"},\"query-input\":{\"@type\":\"PropertyValueSpecification\",\"valueRequired\":true,\"valueName\":\"search_term_string\"}}],\"inLanguage\":\"fr-FR\"},false]}<\/script>\n<!-- \/ Yoast SEO plugin. -->","yoast_head_json":{"title":"Frame.io | Zenkit","description":"Zenkit's integration with Frame.io allows you to track your video projects easily. Learn how this integration can grow with you.","robots":{"index":"index","follow":"follow","max-snippet":"max-snippet:-1","max-image-preview":"max-image-preview:large","max-video-preview":"max-video-preview:-1"},"canonical":"https:\/\/zenkit.com\/fr\/integrations\/frame-io\/","og_locale":"fr_FR","og_type":"article","og_title":"Frame.io | Zenkit","og_description":"Zenkit's integration with Frame.io allows you to track your video projects easily. Learn how this integration can grow with you.","og_url":"https:\/\/zenkit.com\/fr\/integrations\/frame-io\/","og_site_name":"Zenkit","article_publisher":"https:\/\/www.facebook.com\/ZenkitHQ","article_modified_time":"2025-11-04T05:53:11+00:00","og_image":[{"width":475,"height":475,"url":"https:\/\/zenkit.com\/wp-content\/uploads\/2025\/07\/Frame.io_.webp","type":"image\/webp"}],"twitter_card":"summary_large_image","twitter_site":"@ZenkitHQ","twitter_misc":{"Dur\u00e9e de lecture estim\u00e9e":"10 minutes"},"schema":{"@context":"https:\/\/schema.org","@graph":[{"@type":"WebPage","@id":"https:\/\/zenkit.com\/fr\/integrations\/frame-io\/","url":"https:\/\/zenkit.com\/fr\/integrations\/frame-io\/","name":"Frame.io | Zenkit","isPartOf":{"@id":"https:\/\/zenkit.com\/fr\/#website"},"primaryImageOfPage":{"@id":"https:\/\/zenkit.com\/fr\/integrations\/frame-io\/#primaryimage"},"image":{"@id":"https:\/\/zenkit.com\/fr\/integrations\/frame-io\/#primaryimage"},"thumbnailUrl":"https:\/\/zenkit.com\/wp-content\/uploads\/2025\/07\/Frame.io_.webp","datePublished":"2019-07-16T12:11:07+00:00","dateModified":"2025-11-04T05:53:11+00:00","description":"Zenkit's integration with Frame.io allows you to track your video projects easily. Learn how this integration can grow with you.","breadcrumb":{"@id":"https:\/\/zenkit.com\/fr\/integrations\/frame-io\/#breadcrumb"},"inLanguage":"fr-FR","potentialAction":[{"@type":"ReadAction","target":["https:\/\/zenkit.com\/fr\/integrations\/frame-io\/"]}]},{"@type":"ImageObject","inLanguage":"fr-FR","@id":"https:\/\/zenkit.com\/fr\/integrations\/frame-io\/#primaryimage","url":"https:\/\/zenkit.com\/wp-content\/uploads\/2025\/07\/Frame.io_.webp","contentUrl":"https:\/\/zenkit.com\/wp-content\/uploads\/2025\/07\/Frame.io_.webp"},{"@type":"BreadcrumbList","@id":"https:\/\/zenkit.com\/fr\/integrations\/frame-io\/#breadcrumb","itemListElement":[{"@type":"ListItem","position":1,"name":"Home","item":"https:\/\/zenkit.com\/fr\/"},{"@type":"ListItem","position":2,"name":"Integrations","item":"https:\/\/zenkit.com\/fr\/integrations\/"},{"@type":"ListItem","position":3,"name":"Frame.io"}]},{"@type":"WebSite","@id":"https:\/\/zenkit.com\/fr\/#website","url":"https:\/\/zenkit.com\/fr\/","name":"Zenkit","description":"Zenkit Tagline","potentialAction":[{"@type":"SearchAction","target":{"@type":"EntryPoint","urlTemplate":"https:\/\/zenkit.com\/fr\/?s={search_term_string}"},"query-input":{"@type":"PropertyValueSpecification","valueRequired":true,"valueName":"search_term_string"}}],"inLanguage":"fr-FR"},false]}},"yasr_visitor_votes":{"stars_attributes":{"read_only":false,"span_bottom":false},"number_of_votes":0,"sum_votes":0},"_links":{"self":[{"href":"https:\/\/zenkit.com\/fr\/wp-json\/wp\/v2\/pages\/64341","targetHints":{"allow":["GET"]}}],"collection":[{"href":"https:\/\/zenkit.com\/fr\/wp-json\/wp\/v2\/pages"}],"about":[{"href":"https:\/\/zenkit.com\/fr\/wp-json\/wp\/v2\/types\/page"}],"author":[{"embeddable":true,"href":"https:\/\/zenkit.com\/fr\/wp-json\/wp\/v2\/users\/15"}],"replies":[{"embeddable":true,"href":"https:\/\/zenkit.com\/fr\/wp-json\/wp\/v2\/comments?post=64341"}],"version-history":[{"count":4,"href":"https:\/\/zenkit.com\/fr\/wp-json\/wp\/v2\/pages\/64341\/revisions"}],"predecessor-version":[{"id":161897,"href":"https:\/\/zenkit.com\/fr\/wp-json\/wp\/v2\/pages\/64341\/revisions\/161897"}],"up":[{"embeddable":true,"href":"https:\/\/zenkit.com\/fr\/wp-json\/wp\/v2\/pages\/122713"}],"wp:attachment":[{"href":"https:\/\/zenkit.com\/fr\/wp-json\/wp\/v2\/media?parent=64341"}],"curies":[{"name":"wp","href":"https:\/\/api.w.org\/{rel}","templated":true}]}}