{"id":64451,"date":"2020-04-21T13:34:48","date_gmt":"2020-04-21T11:34:48","guid":{"rendered":"https:\/\/zenkit.com\/base\/integrations\/microsoft-teams\/"},"modified":"2025-11-04T06:53:12","modified_gmt":"2025-11-04T05:53:12","slug":"microsoft-teams","status":"publish","type":"page","link":"https:\/\/zenkit.com\/fr\/integrations\/microsoft-teams\/","title":{"rendered":"Microsoft Teams"},"content":{"rendered":"\n<div style=\"height:45px;--tablet-height:45px;--mobile-height:16px\" class=\"wp-block-lookeen-blocks-responsive-spacer\"><\/div>\n\n\n\n<div class=\"wp-block-group has-global-padding is-layout-constrained wp-block-group-is-layout-constrained\">\n<div class=\"wp-block-columns is-layout-flex wp-container-core-columns-is-layout-467d341d wp-block-columns-is-layout-flex\" id=\"main__integrations\" style=\"margin-top:0px;margin-bottom:0px\">\n<div class=\"wp-block-column side__bar__integrations is-layout-flow wp-block-column-is-layout-flow\" style=\"flex-basis:23%\">\n<h2 class=\"wp-block-heading has-da-blue-color-new has-text-color has-link-color wp-elements-c64623f592b33334a01c2c57425fade7\" style=\"margin-top:0px;margin-bottom:0px;font-size:16px;line-height:1.5\">Communication Integrations<\/h2>\n\n\n<nav class=\"is-vertical integrations__menu wp-block-navigation is-layout-flex wp-container-core-navigation-is-layout-5f9f5280 wp-block-navigation-is-layout-flex\" aria-label=\"fr-integrations-communication\"><ul class=\"wp-block-navigation__container  is-vertical integrations__menu wp-block-navigation\"><li class=\" wp-block-navigation-item wp-block-navigation-link\"><a class=\"wp-block-navigation-item__content\"  href=\"https:\/\/zenkit.com\/fr\/integrations\/gmail\/\"><span class=\"wp-block-navigation-item__label\">Gmail<\/span><\/a><\/li><li class=\" wp-block-navigation-item wp-block-navigation-link\"><a class=\"wp-block-navigation-item__content\"  href=\"https:\/\/zenkit.com\/fr\/microsoft-teams\/\"><span class=\"wp-block-navigation-item__label\">Microsoft Teams<\/span><\/a><\/li><li class=\" wp-block-navigation-item wp-block-navigation-link\"><a class=\"wp-block-navigation-item__content\"  href=\"https:\/\/zenkit.com\/fr\/slack\/\"><span class=\"wp-block-navigation-item__label\">Slack<\/span><\/a><\/li><\/ul><\/nav><\/div>\n\n\n\n<div class=\"wp-block-column content__integrations is-layout-flow wp-block-column-is-layout-flow\" style=\"flex-basis:77%\">\n<div class=\"wp-block-group has-global-padding is-layout-constrained wp-block-group-is-layout-constrained\">\n<div class=\"wp-block-group title is-layout-flex wp-container-core-group-is-layout-ed4b00df wp-block-group-is-layout-flex\">\n<figure class=\"wp-block-image size-full is-resized\"><img loading=\"lazy\" decoding=\"async\" width=\"480\" height=\"480\" src=\"https:\/\/zenkit.com\/wp-content\/uploads\/2025\/07\/microsoft-teams.webp\" alt=\"\" class=\"wp-image-117753\" style=\"width:auto;height:46px\" srcset=\"https:\/\/zenkit.com\/wp-content\/uploads\/2025\/07\/microsoft-teams.webp 480w, https:\/\/zenkit.com\/wp-content\/uploads\/2025\/07\/microsoft-teams-300x300.webp 300w, https:\/\/zenkit.com\/wp-content\/uploads\/2025\/07\/microsoft-teams-150x150.webp 150w\" sizes=\"auto, (max-width: 480px) 100vw, 480px\" \/><\/figure>\n\n\n\n<h1 class=\"wp-block-heading\">Microsoft Teams &amp; Zenkit<\/h1>\n<\/div>\n\n\n\n<div class=\"wp-block-group has-global-padding is-layout-constrained wp-block-group-is-layout-constrained\">\n<h3 class=\"wp-block-heading display-h2\">Connectez vos comptes Zenkit et Microsoft Teams<\/h3>\n\n\n\n<p>S\u2019il est normal de nos jours d\u2019utiliser plusieurs outils \u00e0 la fois, il n\u2019est pas rare de se sentir d\u00e9pass\u00e9 ou de manquer d\u2019une vue d\u2019ensemble de tous vos outils.<\/p>\n\n\n\n<p>Disons que vous communiquez avec votre \u00e9quipe en utilisant&nbsp;<a href=\"https:\/\/zenkit.com\/blog\/microsoft-teams-vs-slack-the-value-of-group-chat-collaboration-for-your-small-business\/\">une application de chat d\u2019\u00e9quipe<\/a>&nbsp;telle que Microsoft Teams. Parall\u00e8lement, vous planifiez \u00e9galement vos projets et suivez vos objectifs de mani\u00e8re collaborative en utilisant notre outil de gestion de projet, Zenkit ! Il peut \u00eatre frustrant de devoir basculer d\u2019un outil \u00e0 l\u2019autre pour rester \u00e0 jour sur votre projet du moment.<\/p>\n\n\n\n<p>Gr\u00e2ce \u00e0 l\u2019int\u00e9gration de Microsoft Teams, vous pourrez recevoir des notifications Zenkit directement dans vos conversations, int\u00e9grer des collections Zenkit \u00e0 vos onglets, rechercher &amp; et partager des \u00e9l\u00e9ments Zenkit via le chat, et bien d\u2019autres fonctionnalit\u00e9s int\u00e9ressantes.<\/p>\n<\/div>\n\n\n\n<div style=\"height:48px;--tablet-height:36px;--mobile-height:24px\" class=\"wp-block-lookeen-blocks-responsive-spacer\"><\/div>\n<\/div>\n\n\n\n<div class=\"wp-block-group has-global-padding is-layout-constrained wp-block-group-is-layout-constrained\">\n<figure class=\"wp-block-image size-full\"><img loading=\"lazy\" decoding=\"async\" width=\"750\" height=\"503\" src=\"https:\/\/zenkit.com\/wp-content\/uploads\/2025\/07\/Synchronisation_MSTeamsundZenkit.webp\" alt=\"\" class=\"wp-image-117778\" srcset=\"https:\/\/zenkit.com\/wp-content\/uploads\/2025\/07\/Synchronisation_MSTeamsundZenkit.webp 750w, https:\/\/zenkit.com\/wp-content\/uploads\/2025\/07\/Synchronisation_MSTeamsundZenkit-300x201.webp 300w\" sizes=\"auto, (max-width: 750px) 100vw, 750px\" \/><\/figure>\n<\/div>\n\n\n\n<div style=\"height:48px;--tablet-height:36px;--mobile-height:24px\" class=\"wp-block-lookeen-blocks-responsive-spacer\"><\/div>\n\n\n\n<div class=\"wp-block-group has-global-padding is-layout-constrained wp-block-group-is-layout-constrained\">\n<h3 class=\"wp-block-heading display-h2\">\u00c0 propos de Microsoft Teams: Logiciel de Conversation de Groupe<\/h3>\n\n\n\n<p><a href=\"https:\/\/products.office.com\/en-us\/microsoft-teams\/group-chat-software\" target=\"_blank\" rel=\"noreferrer noopener\">Microsoft Teams<\/a>&nbsp;est un logiciel de conversation de groupe qui permet aux \u00e9quipes de discuter, de se rencontrer, de s\u2019appeler et de collaborer facilement, o\u00f9 que vous soyez. Il prend en charge des fonctionnalit\u00e9s telles que les messages de groupe ou individuels, les r\u00e9unions en ligne, le partage de fichiers, etc. Int\u00e9grez vos outils tiers pr\u00e9f\u00e9r\u00e9s pour mieux automatiser votre flux de travail en fonction des besoins de votre entreprise. Pour plus d\u2019informations, veuillez consulter le site:&nbsp;<a href=\"https:\/\/products.office.com\/en-us\/microsoft-teams\/group-chat-software\" target=\"_blank\" rel=\"noreferrer noopener\">https:\/\/products.office.com\/en-us\/microsoft-teams\/group-chat-software<\/a>.<\/p>\n<\/div>\n\n\n\n<div style=\"height:48px;--tablet-height:36px;--mobile-height:24px\" class=\"wp-block-lookeen-blocks-responsive-spacer\"><\/div>\n\n\n\n<div class=\"wp-block-group has-global-padding is-layout-constrained wp-block-group-is-layout-constrained\">\n<h3 class=\"wp-block-heading display-h2\">\u00c0 propos de Zenkit: Gestion de Projet en Ligne<\/h3>\n\n\n\n<p><a href=\"https:\/\/zenkit.com\/\">Zenkit<\/a>&nbsp;est un outil convivial et collaboratif pour la gestion de projets, la cr\u00e9ation de bases de donn\u00e9es, et plus. Il vous permet de changer d\u2019affichage (tableau, liste de t\u00e2ches, Kanban, calendrier et carte mentale) en un clic. Vous pouvez partager votre travail en ligne avec des collections publi\u00e9es et int\u00e9gr\u00e9es, et construire des int\u00e9grations avec notre API document\u00e9e. Zenkit est suffisamment flexible pour s\u2019adapter \u00e0 n\u2019importe quel flux de travail et suffisamment puissant pour faire fonctionner votre entreprise. Cr\u00e9ez votre compte gratuitement:&nbsp;<a href=\"https:\/\/app.zenkit.com\/register\">https:\/\/app.zenkit.com\/register<\/a>.<\/p>\n<\/div>\n\n\n\n<div style=\"height:48px;--tablet-height:36px;--mobile-height:24px\" class=\"wp-block-lookeen-blocks-responsive-spacer\"><\/div>\n\n\n\n<div class=\"wp-block-group has-global-padding is-layout-constrained wp-block-group-is-layout-constrained\">\n<h3 class=\"wp-block-heading display-h2\">Comment connecter Microsoft Teams et Zenkit?<\/h3>\n\n\n\n<p>Merci de lire notre&nbsp;<a href=\"https:\/\/zenkit.com\/documentation#\/lists\/HJQBQ1Hw\/sections\/SJYE55zA\/entries\/33SD-upFP?_k=xyo79f\" target=\"_blank\" rel=\"noreferrer noopener\">documentation<\/a>&nbsp;pour une instruction \u00e9tape par \u00e9tape.<\/p>\n<\/div>\n\n\n\n<div style=\"height:48px;--tablet-height:36px;--mobile-height:24px\" class=\"wp-block-lookeen-blocks-responsive-spacer\"><\/div>\n\n\n\n<div class=\"wp-block-group has-global-padding is-layout-constrained wp-block-group-is-layout-constrained\">\n<h3 class=\"wp-block-heading display-h2\">Qui va b\u00e9n\u00e9ficier de cette int\u00e9gration Microsoft Teams et Zenkit?<\/h3>\n\n\n\n<ul class=\"wp-block-list is-style-da-left-indent\">\n<li>Des chefs de projet qui communiquent et collaborent \u00e9troitement avec leurs \u00e9quipes.<\/li>\n\n\n\n<li>Les personnes qui cherchent \u00e0 am\u00e9liorer leur flux de travail gr\u00e2ce \u00e0 l\u2019automatisation.<\/li>\n<\/ul>\n<\/div>\n\n\n\n<div style=\"height:48px;--tablet-height:36px;--mobile-height:24px\" class=\"wp-block-lookeen-blocks-responsive-spacer\"><\/div>\n\n\n\n<div class=\"wp-block-group has-global-padding is-layout-constrained wp-block-group-is-layout-constrained\">\n<h3 class=\"wp-block-heading display-h2\">D\u00e9tails suppl\u00e9mentaires sur l\u2019int\u00e9gration<\/h3>\n\n\n\n<ul class=\"wp-block-list is-style-da-left-indent\">\n<li>Soutenu par Zapier : Veuillez envoyer un e-mail \u00e0&nbsp;<a href=\"mailto:service@zenkit.com\">service@zenkit.com<\/a>&nbsp;si vous rencontrez des probl\u00e8mes.<\/li>\n<\/ul>\n<\/div>\n<\/div>\n<\/div>\n<\/div>\n\n\n\n<div style=\"height:110px;--tablet-height:60px;--mobile-height:48px\" class=\"wp-block-lookeen-blocks-responsive-spacer\"><\/div>\n","protected":false},"excerpt":{"rendered":"<p>Communication Integrations Microsoft Teams &amp; Zenkit Connectez vos comptes Zenkit et Microsoft Teams S\u2019il est normal de nos jours d\u2019utiliser plusieurs outils \u00e0 la fois, il n\u2019est pas rare de se sentir d\u00e9pass\u00e9 ou de manquer d\u2019une vue d\u2019ensemble de tous vos outils. Disons que vous communiquez avec votre \u00e9quipe en utilisant&nbsp;une application de chat [&hellip;]<\/p>\n","protected":false},"author":15,"featured_media":0,"parent":122713,"menu_order":46,"comment_status":"closed","ping_status":"closed","template":"","meta":{"yasr_overall_rating":0,"yasr_post_is_review":"","yasr_auto_insert_disabled":"","yasr_review_type":"","footnotes":""},"class_list":["post-64451","page","type-page","status-publish","hentry"],"yoast_head":"<!-- This site is optimized with the Yoast SEO plugin v27.3 - https:\/\/yoast.com\/product\/yoast-seo-wordpress\/ -->\n<title>Microsoft Teams | Zenkit<\/title>\n<meta name=\"description\" content=\"Zenkit&#039;s integration with Microsoft Teams helps to strengthen your team collaboration and improve workflow efficiently. Learn how this integration can grow with you.\" \/>\n<meta name=\"robots\" content=\"index, follow, max-snippet:-1, max-image-preview:large, max-video-preview:-1\" \/>\n<link rel=\"canonical\" href=\"https:\/\/zenkit.com\/fr\/integrations\/microsoft-teams\/\" \/>\n<meta property=\"og:locale\" content=\"fr_FR\" \/>\n<meta property=\"og:type\" content=\"article\" \/>\n<meta property=\"og:title\" content=\"Microsoft Teams | Zenkit\" \/>\n<meta property=\"og:description\" content=\"Zenkit&#039;s integration with Microsoft Teams helps to strengthen your team collaboration and improve workflow efficiently. Learn how this integration can grow with you.\" \/>\n<meta property=\"og:url\" content=\"https:\/\/zenkit.com\/fr\/integrations\/microsoft-teams\/\" \/>\n<meta property=\"og:site_name\" content=\"Zenkit\" \/>\n<meta property=\"article:publisher\" content=\"https:\/\/www.facebook.com\/ZenkitHQ\" \/>\n<meta property=\"article:modified_time\" content=\"2025-11-04T05:53:12+00:00\" \/>\n<meta property=\"og:image\" content=\"https:\/\/zenkit.com\/wp-content\/uploads\/2025\/07\/microsoft-teams.webp\" \/>\n<meta name=\"twitter:card\" content=\"summary_large_image\" \/>\n<meta name=\"twitter:site\" content=\"@ZenkitHQ\" \/>\n<meta name=\"twitter:label1\" content=\"Dur\u00e9e de lecture estim\u00e9e\" \/>\n\t<meta name=\"twitter:data1\" content=\"2 minutes\" \/>\n<script type=\"application\/ld+json\" class=\"yoast-schema-graph\">{\"@context\":\"https:\\\/\\\/schema.org\",\"@graph\":[{\"@type\":\"WebPage\",\"@id\":\"https:\\\/\\\/zenkit.com\\\/fr\\\/integrations\\\/microsoft-teams\\\/\",\"url\":\"https:\\\/\\\/zenkit.com\\\/fr\\\/integrations\\\/microsoft-teams\\\/\",\"name\":\"Microsoft Teams | Zenkit\",\"isPartOf\":{\"@id\":\"https:\\\/\\\/zenkit.com\\\/fr\\\/#website\"},\"primaryImageOfPage\":{\"@id\":\"https:\\\/\\\/zenkit.com\\\/fr\\\/integrations\\\/microsoft-teams\\\/#primaryimage\"},\"image\":{\"@id\":\"https:\\\/\\\/zenkit.com\\\/fr\\\/integrations\\\/microsoft-teams\\\/#primaryimage\"},\"thumbnailUrl\":\"https:\\\/\\\/zenkit.com\\\/wp-content\\\/uploads\\\/2025\\\/07\\\/microsoft-teams.webp\",\"datePublished\":\"2020-04-21T11:34:48+00:00\",\"dateModified\":\"2025-11-04T05:53:12+00:00\",\"description\":\"Zenkit's integration with Microsoft Teams helps to strengthen your team collaboration and improve workflow efficiently. Learn how this integration can grow with you.\",\"breadcrumb\":{\"@id\":\"https:\\\/\\\/zenkit.com\\\/fr\\\/integrations\\\/microsoft-teams\\\/#breadcrumb\"},\"inLanguage\":\"fr-FR\",\"potentialAction\":[{\"@type\":\"ReadAction\",\"target\":[\"https:\\\/\\\/zenkit.com\\\/fr\\\/integrations\\\/microsoft-teams\\\/\"]}]},{\"@type\":\"ImageObject\",\"inLanguage\":\"fr-FR\",\"@id\":\"https:\\\/\\\/zenkit.com\\\/fr\\\/integrations\\\/microsoft-teams\\\/#primaryimage\",\"url\":\"https:\\\/\\\/zenkit.com\\\/wp-content\\\/uploads\\\/2025\\\/07\\\/microsoft-teams.webp\",\"contentUrl\":\"https:\\\/\\\/zenkit.com\\\/wp-content\\\/uploads\\\/2025\\\/07\\\/microsoft-teams.webp\"},{\"@type\":\"BreadcrumbList\",\"@id\":\"https:\\\/\\\/zenkit.com\\\/fr\\\/integrations\\\/microsoft-teams\\\/#breadcrumb\",\"itemListElement\":[{\"@type\":\"ListItem\",\"position\":1,\"name\":\"Home\",\"item\":\"https:\\\/\\\/zenkit.com\\\/fr\\\/\"},{\"@type\":\"ListItem\",\"position\":2,\"name\":\"Integrations\",\"item\":\"https:\\\/\\\/zenkit.com\\\/fr\\\/integrations\\\/\"},{\"@type\":\"ListItem\",\"position\":3,\"name\":\"Microsoft Teams\"}]},{\"@type\":\"WebSite\",\"@id\":\"https:\\\/\\\/zenkit.com\\\/fr\\\/#website\",\"url\":\"https:\\\/\\\/zenkit.com\\\/fr\\\/\",\"name\":\"Zenkit\",\"description\":\"Zenkit Tagline\",\"potentialAction\":[{\"@type\":\"SearchAction\",\"target\":{\"@type\":\"EntryPoint\",\"urlTemplate\":\"https:\\\/\\\/zenkit.com\\\/fr\\\/?s={search_term_string}\"},\"query-input\":{\"@type\":\"PropertyValueSpecification\",\"valueRequired\":true,\"valueName\":\"search_term_string\"}}],\"inLanguage\":\"fr-FR\"},false]}<\/script>\n<!-- \/ Yoast SEO plugin. -->","yoast_head_json":{"title":"Microsoft Teams | Zenkit","description":"Zenkit's integration with Microsoft Teams helps to strengthen your team collaboration and improve workflow efficiently. Learn how this integration can grow with you.","robots":{"index":"index","follow":"follow","max-snippet":"max-snippet:-1","max-image-preview":"max-image-preview:large","max-video-preview":"max-video-preview:-1"},"canonical":"https:\/\/zenkit.com\/fr\/integrations\/microsoft-teams\/","og_locale":"fr_FR","og_type":"article","og_title":"Microsoft Teams | Zenkit","og_description":"Zenkit's integration with Microsoft Teams helps to strengthen your team collaboration and improve workflow efficiently. Learn how this integration can grow with you.","og_url":"https:\/\/zenkit.com\/fr\/integrations\/microsoft-teams\/","og_site_name":"Zenkit","article_publisher":"https:\/\/www.facebook.com\/ZenkitHQ","article_modified_time":"2025-11-04T05:53:12+00:00","og_image":[{"url":"https:\/\/zenkit.com\/wp-content\/uploads\/2025\/07\/microsoft-teams.webp","type":"","width":"","height":""}],"twitter_card":"summary_large_image","twitter_site":"@ZenkitHQ","twitter_misc":{"Dur\u00e9e de lecture estim\u00e9e":"2 minutes"},"schema":{"@context":"https:\/\/schema.org","@graph":[{"@type":"WebPage","@id":"https:\/\/zenkit.com\/fr\/integrations\/microsoft-teams\/","url":"https:\/\/zenkit.com\/fr\/integrations\/microsoft-teams\/","name":"Microsoft Teams | Zenkit","isPartOf":{"@id":"https:\/\/zenkit.com\/fr\/#website"},"primaryImageOfPage":{"@id":"https:\/\/zenkit.com\/fr\/integrations\/microsoft-teams\/#primaryimage"},"image":{"@id":"https:\/\/zenkit.com\/fr\/integrations\/microsoft-teams\/#primaryimage"},"thumbnailUrl":"https:\/\/zenkit.com\/wp-content\/uploads\/2025\/07\/microsoft-teams.webp","datePublished":"2020-04-21T11:34:48+00:00","dateModified":"2025-11-04T05:53:12+00:00","description":"Zenkit's integration with Microsoft Teams helps to strengthen your team collaboration and improve workflow efficiently. Learn how this integration can grow with you.","breadcrumb":{"@id":"https:\/\/zenkit.com\/fr\/integrations\/microsoft-teams\/#breadcrumb"},"inLanguage":"fr-FR","potentialAction":[{"@type":"ReadAction","target":["https:\/\/zenkit.com\/fr\/integrations\/microsoft-teams\/"]}]},{"@type":"ImageObject","inLanguage":"fr-FR","@id":"https:\/\/zenkit.com\/fr\/integrations\/microsoft-teams\/#primaryimage","url":"https:\/\/zenkit.com\/wp-content\/uploads\/2025\/07\/microsoft-teams.webp","contentUrl":"https:\/\/zenkit.com\/wp-content\/uploads\/2025\/07\/microsoft-teams.webp"},{"@type":"BreadcrumbList","@id":"https:\/\/zenkit.com\/fr\/integrations\/microsoft-teams\/#breadcrumb","itemListElement":[{"@type":"ListItem","position":1,"name":"Home","item":"https:\/\/zenkit.com\/fr\/"},{"@type":"ListItem","position":2,"name":"Integrations","item":"https:\/\/zenkit.com\/fr\/integrations\/"},{"@type":"ListItem","position":3,"name":"Microsoft Teams"}]},{"@type":"WebSite","@id":"https:\/\/zenkit.com\/fr\/#website","url":"https:\/\/zenkit.com\/fr\/","name":"Zenkit","description":"Zenkit Tagline","potentialAction":[{"@type":"SearchAction","target":{"@type":"EntryPoint","urlTemplate":"https:\/\/zenkit.com\/fr\/?s={search_term_string}"},"query-input":{"@type":"PropertyValueSpecification","valueRequired":true,"valueName":"search_term_string"}}],"inLanguage":"fr-FR"},false]}},"yasr_visitor_votes":{"stars_attributes":{"read_only":false,"span_bottom":false},"number_of_votes":0,"sum_votes":0},"_links":{"self":[{"href":"https:\/\/zenkit.com\/fr\/wp-json\/wp\/v2\/pages\/64451","targetHints":{"allow":["GET"]}}],"collection":[{"href":"https:\/\/zenkit.com\/fr\/wp-json\/wp\/v2\/pages"}],"about":[{"href":"https:\/\/zenkit.com\/fr\/wp-json\/wp\/v2\/types\/page"}],"author":[{"embeddable":true,"href":"https:\/\/zenkit.com\/fr\/wp-json\/wp\/v2\/users\/15"}],"replies":[{"embeddable":true,"href":"https:\/\/zenkit.com\/fr\/wp-json\/wp\/v2\/comments?post=64451"}],"version-history":[{"count":3,"href":"https:\/\/zenkit.com\/fr\/wp-json\/wp\/v2\/pages\/64451\/revisions"}],"predecessor-version":[{"id":147231,"href":"https:\/\/zenkit.com\/fr\/wp-json\/wp\/v2\/pages\/64451\/revisions\/147231"}],"up":[{"embeddable":true,"href":"https:\/\/zenkit.com\/fr\/wp-json\/wp\/v2\/pages\/122713"}],"wp:attachment":[{"href":"https:\/\/zenkit.com\/fr\/wp-json\/wp\/v2\/media?parent=64451"}],"curies":[{"name":"wp","href":"https:\/\/api.w.org\/{rel}","templated":true}]}}