{"id":64582,"date":"2019-04-03T10:38:10","date_gmt":"2019-04-03T08:38:10","guid":{"rendered":"https:\/\/zenkit.com\/base\/integrations\/paperform\/"},"modified":"2025-11-04T06:53:12","modified_gmt":"2025-11-04T05:53:12","slug":"paperform","status":"publish","type":"page","link":"https:\/\/zenkit.com\/fr\/integrations\/paperform\/","title":{"rendered":"Paperform"},"content":{"rendered":"\n<div style=\"height:45px;--tablet-height:45px;--mobile-height:16px\" class=\"wp-block-lookeen-blocks-responsive-spacer\"><\/div>\n\n\n\n<div class=\"wp-block-group has-global-padding is-layout-constrained wp-block-group-is-layout-constrained\">\n<div class=\"wp-block-columns is-layout-flex wp-container-core-columns-is-layout-467d341d wp-block-columns-is-layout-flex\" id=\"main__integrations\" style=\"margin-top:0px;margin-bottom:0px\">\n<div class=\"wp-block-column side__bar__integrations is-layout-flow wp-block-column-is-layout-flow\" style=\"flex-basis:23%\">\n<h2 class=\"wp-block-heading has-da-blue-color-new has-text-color has-link-color wp-elements-e7a395a6e297bcf79d7797f9ce83c3f5\" style=\"margin-top:0px;margin-bottom:0px;font-size:16px;line-height:1.5\">Int\u00e9grations de formulaires et d&rsquo;enqu\u00eates<\/h2>\n\n\n<nav class=\"is-vertical integrations__menu wp-block-navigation is-layout-flex wp-container-core-navigation-is-layout-5f9f5280 wp-block-navigation-is-layout-flex\" aria-label=\"fr-integrations-form-survey\"><ul class=\"wp-block-navigation__container  is-vertical integrations__menu wp-block-navigation\"><li class=\" wp-block-navigation-item wp-block-navigation-link\"><a class=\"wp-block-navigation-item__content\"  href=\"https:\/\/zenkit.com\/fr\/integrations\/123formbuilder\/\"><span class=\"wp-block-navigation-item__label\">123FormBuilder<\/span><\/a><\/li><li class=\" wp-block-navigation-item wp-block-navigation-link\"><a class=\"wp-block-navigation-item__content\"  href=\"https:\/\/zenkit.com\/fr\/integrations\/formkeep\/\"><span class=\"wp-block-navigation-item__label\">FormKeep<\/span><\/a><\/li><li class=\" wp-block-navigation-item wp-block-navigation-link\"><a class=\"wp-block-navigation-item__content\"  href=\"https:\/\/zenkit.com\/fr\/integrations\/forms-on-fire\/\"><span class=\"wp-block-navigation-item__label\">Forms On Fire<\/span><\/a><\/li><li class=\" wp-block-navigation-item wp-block-navigation-link\"><a class=\"wp-block-navigation-item__content\"  href=\"https:\/\/zenkit.com\/fr\/integrations\/paperform\/\"><span class=\"wp-block-navigation-item__label\">Paperform<\/span><\/a><\/li><li class=\" wp-block-navigation-item wp-block-navigation-link\"><a class=\"wp-block-navigation-item__content\"  href=\"https:\/\/zenkit.com\/fr\/integrations\/powr-form-builder\/\"><span class=\"wp-block-navigation-item__label\">POWr Form Builder<\/span><\/a><\/li><li class=\" wp-block-navigation-item wp-block-navigation-link\"><a class=\"wp-block-navigation-item__content\"  href=\"https:\/\/zenkit.com\/fr\/integrations\/surveypal\/\"><span class=\"wp-block-navigation-item__label\">Surveypal<\/span><\/a><\/li><li class=\" wp-block-navigation-item wp-block-navigation-link\"><a class=\"wp-block-navigation-item__content\"  href=\"https:\/\/zenkit.com\/fr\/integrations\/surveysparrow\/\"><span class=\"wp-block-navigation-item__label\">SurveySparrow<\/span><\/a><\/li><li class=\" wp-block-navigation-item wp-block-navigation-link\"><a class=\"wp-block-navigation-item__content\"  href=\"https:\/\/zenkit.com\/fr\/integrations\/zonka-feedback\/\"><span class=\"wp-block-navigation-item__label\">Zonka Feedback<\/span><\/a><\/li><\/ul><\/nav><\/div>\n\n\n\n<div class=\"wp-block-column content__integrations is-layout-flow wp-block-column-is-layout-flow\" style=\"flex-basis:77%\">\n<div class=\"wp-block-group has-global-padding is-layout-constrained wp-block-group-is-layout-constrained\">\n<div class=\"wp-block-group title is-layout-flex wp-container-core-group-is-layout-ed4b00df wp-block-group-is-layout-flex\">\n<figure class=\"wp-block-image size-full is-resized\"><img loading=\"lazy\" decoding=\"async\" width=\"227\" height=\"378\" src=\"https:\/\/zenkit.com\/wp-content\/uploads\/2025\/07\/Paperform.webp\" alt=\"\" class=\"wp-image-118161\" style=\"width:auto;height:46px\" srcset=\"https:\/\/zenkit.com\/wp-content\/uploads\/2025\/07\/Paperform.webp 227w, https:\/\/zenkit.com\/wp-content\/uploads\/2025\/07\/Paperform-180x300.webp 180w\" sizes=\"auto, (max-width: 227px) 100vw, 227px\" \/><\/figure>\n\n\n\n<h1 class=\"wp-block-heading\">Paperform &amp; Zenkit<\/h1>\n<\/div>\n\n\n\n<div class=\"wp-block-group has-global-padding is-layout-constrained wp-block-group-is-layout-constrained\">\n<h3 class=\"wp-block-heading display-h2\">Connectez vos comptes Zenkit et Paperform<\/h3>\n\n\n\n<p>Vous cr\u00e9ez des formulaires en ligne avec Paperform et utilisez Zenkit pour constituer et g\u00e9rer votre base de donn\u00e9es ? \u00c7a peut \u00eatre vraiment \u00e9puisant de transf\u00e9rer manuellement des donn\u00e9es, mais avec cette int\u00e9gration Zapier, vous ne perdrez plus jamais de temps \u00e0 transf\u00e9rer des donn\u00e9es dans les deux sens!<\/p>\n<\/div>\n\n\n\n<div style=\"height:48px;--tablet-height:36px;--mobile-height:24px\" class=\"wp-block-lookeen-blocks-responsive-spacer\"><\/div>\n<\/div>\n\n\n\n<div class=\"wp-block-group has-global-padding is-layout-constrained wp-block-group-is-layout-constrained\">\n<figure class=\"wp-block-video\"><video controls src=\"https:\/\/zenkit.com\/wp-content\/uploads\/2019\/08\/Paperform_makea-formintwominutes.mp4\"><\/video><\/figure>\n<\/div>\n\n\n\n<div style=\"height:48px;--tablet-height:36px;--mobile-height:24px\" class=\"wp-block-lookeen-blocks-responsive-spacer\"><\/div>\n\n\n\n<div class=\"wp-block-group has-global-padding is-layout-constrained wp-block-group-is-layout-constrained\">\n<h3 class=\"wp-block-heading display-h2\">\u00c0 propos de Paperform: Concepteur et cr\u00e9ateur de formulaires en ligne<\/h3>\n\n\n\n<p><a href=\"https:\/\/paperform.co\/\" target=\"_blank\" rel=\"noreferrer noopener\">Paperform<\/a>&nbsp;est un g\u00e9n\u00e9rateur de formulaires en ligne qui vous permet de cr\u00e9er des formulaires, des pages de renvoi et des pages de paiement \u00e0 la fois efficaces et esth\u00e9tiques. Vous pouvez taper du texte stylis\u00e9, t\u00e9l\u00e9charger des images et int\u00e9grer des vid\u00e9os. Gr\u00e2ce \u00e0 la possibilit\u00e9 de personnalisation de votre formulaire avec des m\u00e9dias, des couleurs et des polices, chaque formulaire Paperform a un aspect unique.<\/p>\n\n\n\n<p>Paperform est livr\u00e9 avec plus de 1000 int\u00e9grations Zapier dans l\u2019application. Vous serez en mesure d\u2019automatiser vos processus commerciaux, y compris la facturation automatique et les transferts de donn\u00e9es vers des feuilles de calcul. Paperform prend \u00e9galement en charge les formats Square, Stripe, PayPal et Braintree, pour que vous puissiez accepter des paiements et des abonnements partout dans le monde et choisir parmi un large \u00e9ventail de devises. Pour en savoir plus, veuillez consulter le site:&nbsp;<a href=\"https:\/\/paperform.co\/\" target=\"_blank\" rel=\"noreferrer noopener\">https:\/\/paperform.co\/.<\/a><\/p>\n<\/div>\n\n\n\n<div style=\"height:48px;--tablet-height:36px;--mobile-height:24px\" class=\"wp-block-lookeen-blocks-responsive-spacer\"><\/div>\n\n\n\n<div class=\"wp-block-group has-global-padding is-layout-constrained wp-block-group-is-layout-constrained\">\n<h3 class=\"wp-block-heading display-h2\">\u00c0 propos de Zenkit: Gestion de Projet en Ligne<\/h3>\n\n\n\n<p><a href=\"https:\/\/zenkit.com\/\">Zenkit<\/a>&nbsp;est un outil convivial et collaboratif pour la gestion de projets, la cr\u00e9ation de bases de donn\u00e9es, et plus. Il vous permet de changer d\u2019affichage (tableau, liste de t\u00e2ches, Kanban, calendrier et carte mentale) en un clic. Vous pouvez partager votre travail en ligne avec des collections publi\u00e9es et int\u00e9gr\u00e9es, et construire des int\u00e9grations avec notre API document\u00e9e. Zenkit est suffisamment flexible pour s\u2019adapter \u00e0 n\u2019importe quel flux de travail et suffisamment puissant pour faire fonctionner votre entreprise. Cr\u00e9ez votre compte gratuitement:&nbsp;<a href=\"https:\/\/app.zenkit.com\/register\">https:\/\/app.zenkit.com\/register<\/a>.<\/p>\n<\/div>\n\n\n\n<div style=\"height:48px;--tablet-height:36px;--mobile-height:24px\" class=\"wp-block-lookeen-blocks-responsive-spacer\"><\/div>\n\n\n\n<div class=\"wp-block-group has-global-padding is-layout-constrained wp-block-group-is-layout-constrained\">\n<h3 class=\"wp-block-heading display-h2\">Comment connecter Paperform et Zenkit?<\/h3>\n\n\n\n<ol class=\"wp-block-list list__style__position-inside\">\n<li><a href=\"https:\/\/zapier.com\/sign-up\/\" target=\"_blank\" rel=\"noreferrer noopener\">Cr\u00e9ez un compte<\/a>&nbsp;Zapier pour avoir acc\u00e8s \u00e0 Zapier.<\/li>\n\n\n\n<li><a href=\"https:\/\/paperform.co\/register\" target=\"_blank\" rel=\"noreferrer noopener\">Cr\u00e9ez un compte<\/a>&nbsp;avec Paperform.<\/li>\n\n\n\n<li>Connectez-vous \u00e0 Zapier et allez dans le&nbsp;<a href=\"https:\/\/zapier.com\/apps\/paperform\/integrations\/zenkit\" target=\"_blank\" rel=\"noreferrer noopener\">Zenkit + Paperform Zapbook&nbsp;<\/a>pour trouver des mod\u00e8les de Zap.<\/li>\n\n\n\n<li>Ou choisissez de cr\u00e9er votre propre int\u00e9gration Zenkit et Paperform en les s\u00e9lectionnant lorsque vous cr\u00e9ez un zap.<\/li>\n<\/ol>\n<\/div>\n\n\n\n<div style=\"height:48px;--tablet-height:36px;--mobile-height:24px\" class=\"wp-block-lookeen-blocks-responsive-spacer\"><\/div>\n\n\n\n<div class=\"wp-block-group has-global-padding is-layout-constrained wp-block-group-is-layout-constrained\">\n<script type=\"text\/javascript\" src=\"https:\/\/zapier.com\/apps\/embed\/widget.js?guided_zaps=47793\"><\/script>\n<\/div>\n\n\n\n<div style=\"height:48px;--tablet-height:36px;--mobile-height:24px\" class=\"wp-block-lookeen-blocks-responsive-spacer\"><\/div>\n\n\n\n<div class=\"wp-block-group has-global-padding is-layout-constrained wp-block-group-is-layout-constrained\">\n<h3 class=\"wp-block-heading display-h2\">Qui va b\u00e9n\u00e9ficier de cette int\u00e9gration Paperform et Zenkit ?<\/h3>\n\n\n\n<ul class=\"wp-block-list is-style-da-left-indent\">\n<li>Les personnes qui souhaitent am\u00e9liorer leurs formulaires personnalisables Paperform.<\/li>\n\n\n\n<li>Les personnes qui souhaitent transf\u00e9rer efficacement les donn\u00e9es collect\u00e9es sur Paperform vers leur base de donn\u00e9es Zenkit.<\/li>\n<\/ul>\n<\/div>\n\n\n\n<div style=\"height:48px;--tablet-height:36px;--mobile-height:24px\" class=\"wp-block-lookeen-blocks-responsive-spacer\"><\/div>\n\n\n\n<div class=\"wp-block-group has-global-padding is-layout-constrained wp-block-group-is-layout-constrained\">\n<h3 class=\"wp-block-heading display-h2\">D\u00e9tails suppl\u00e9mentaires sur l\u2019int\u00e9gration<\/h3>\n\n\n\n<p>Soutenu par Zapier : Veuillez&nbsp;<a href=\"https:\/\/zapier.com\/help\/contact-us\/\" target=\"_blank\" rel=\"noreferrer noopener\">contacter l\u2019assistance Zapier<\/a>&nbsp;si vous rencontrez des probl\u00e8mes. Pour plus d\u2019informations sur l\u2019utilisation de Zenkit avec Zapier, veuillez lire notre&nbsp;<a href=\"https:\/\/zenkit.com\/documentation#\/lists\/HJQBQ1Hw\/sections\/SJYE55zA\/entries\/BJGOKQtA?_k=hyyynn\" target=\"_blank\" rel=\"noreferrer noopener\">documentation<\/a>.<\/p>\n<\/div>\n<\/div>\n<\/div>\n<\/div>\n\n\n\n<div style=\"height:110px;--tablet-height:60px;--mobile-height:48px\" class=\"wp-block-lookeen-blocks-responsive-spacer\"><\/div>\n","protected":false},"excerpt":{"rendered":"<p>Int\u00e9grations de formulaires et d&rsquo;enqu\u00eates Paperform &amp; Zenkit Connectez vos comptes Zenkit et Paperform Vous cr\u00e9ez des formulaires en ligne avec Paperform et utilisez Zenkit pour constituer et g\u00e9rer votre base de donn\u00e9es ? \u00c7a peut \u00eatre vraiment \u00e9puisant de transf\u00e9rer manuellement des donn\u00e9es, mais avec cette int\u00e9gration Zapier, vous ne perdrez plus jamais de [&hellip;]<\/p>\n","protected":false},"author":15,"featured_media":0,"parent":122713,"menu_order":48,"comment_status":"closed","ping_status":"closed","template":"","meta":{"yasr_overall_rating":0,"yasr_post_is_review":"","yasr_auto_insert_disabled":"","yasr_review_type":"","footnotes":""},"class_list":["post-64582","page","type-page","status-publish","hentry"],"yoast_head":"<!-- This site is optimized with the Yoast SEO plugin v27.4 - https:\/\/yoast.com\/product\/yoast-seo-wordpress\/ -->\n<title>Paperform | Zenkit<\/title>\n<meta name=\"description\" content=\"Zenkit&#039;s integration with Paperform allows you to sync collected data without the need for manual typing. Learn how this integration can grow with you.\" \/>\n<meta name=\"robots\" content=\"index, follow, max-snippet:-1, max-image-preview:large, max-video-preview:-1\" \/>\n<link rel=\"canonical\" href=\"https:\/\/zenkit.com\/fr\/integrations\/paperform\/\" \/>\n<meta property=\"og:locale\" content=\"fr_FR\" \/>\n<meta property=\"og:type\" content=\"article\" \/>\n<meta property=\"og:title\" content=\"Paperform | Zenkit\" \/>\n<meta property=\"og:description\" content=\"Zenkit&#039;s integration with Paperform allows you to sync collected data without the need for manual typing. Learn how this integration can grow with you.\" \/>\n<meta property=\"og:url\" content=\"https:\/\/zenkit.com\/fr\/integrations\/paperform\/\" \/>\n<meta property=\"og:site_name\" content=\"Zenkit\" \/>\n<meta property=\"article:publisher\" content=\"https:\/\/www.facebook.com\/ZenkitHQ\" \/>\n<meta property=\"article:modified_time\" content=\"2025-11-04T05:53:12+00:00\" \/>\n<meta property=\"og:image\" content=\"https:\/\/zenkit.com\/wp-content\/uploads\/2025\/07\/Paperform.webp\" \/>\n<meta name=\"twitter:card\" content=\"summary_large_image\" \/>\n<meta name=\"twitter:site\" content=\"@ZenkitHQ\" \/>\n<meta name=\"twitter:label1\" content=\"Dur\u00e9e de lecture estim\u00e9e\" \/>\n\t<meta name=\"twitter:data1\" content=\"2 minutes\" \/>\n<script type=\"application\/ld+json\" class=\"yoast-schema-graph\">{\"@context\":\"https:\\\/\\\/schema.org\",\"@graph\":[{\"@type\":\"WebPage\",\"@id\":\"https:\\\/\\\/zenkit.com\\\/fr\\\/integrations\\\/paperform\\\/\",\"url\":\"https:\\\/\\\/zenkit.com\\\/fr\\\/integrations\\\/paperform\\\/\",\"name\":\"Paperform | Zenkit\",\"isPartOf\":{\"@id\":\"https:\\\/\\\/zenkit.com\\\/fr\\\/#website\"},\"primaryImageOfPage\":{\"@id\":\"https:\\\/\\\/zenkit.com\\\/fr\\\/integrations\\\/paperform\\\/#primaryimage\"},\"image\":{\"@id\":\"https:\\\/\\\/zenkit.com\\\/fr\\\/integrations\\\/paperform\\\/#primaryimage\"},\"thumbnailUrl\":\"https:\\\/\\\/zenkit.com\\\/wp-content\\\/uploads\\\/2025\\\/07\\\/Paperform.webp\",\"datePublished\":\"2019-04-03T08:38:10+00:00\",\"dateModified\":\"2025-11-04T05:53:12+00:00\",\"description\":\"Zenkit's integration with Paperform allows you to sync collected data without the need for manual typing. Learn how this integration can grow with you.\",\"breadcrumb\":{\"@id\":\"https:\\\/\\\/zenkit.com\\\/fr\\\/integrations\\\/paperform\\\/#breadcrumb\"},\"inLanguage\":\"fr-FR\",\"potentialAction\":[{\"@type\":\"ReadAction\",\"target\":[\"https:\\\/\\\/zenkit.com\\\/fr\\\/integrations\\\/paperform\\\/\"]}]},{\"@type\":\"ImageObject\",\"inLanguage\":\"fr-FR\",\"@id\":\"https:\\\/\\\/zenkit.com\\\/fr\\\/integrations\\\/paperform\\\/#primaryimage\",\"url\":\"https:\\\/\\\/zenkit.com\\\/wp-content\\\/uploads\\\/2025\\\/07\\\/Paperform.webp\",\"contentUrl\":\"https:\\\/\\\/zenkit.com\\\/wp-content\\\/uploads\\\/2025\\\/07\\\/Paperform.webp\"},{\"@type\":\"BreadcrumbList\",\"@id\":\"https:\\\/\\\/zenkit.com\\\/fr\\\/integrations\\\/paperform\\\/#breadcrumb\",\"itemListElement\":[{\"@type\":\"ListItem\",\"position\":1,\"name\":\"Home\",\"item\":\"https:\\\/\\\/zenkit.com\\\/fr\\\/\"},{\"@type\":\"ListItem\",\"position\":2,\"name\":\"Integrations\",\"item\":\"https:\\\/\\\/zenkit.com\\\/fr\\\/integrations\\\/\"},{\"@type\":\"ListItem\",\"position\":3,\"name\":\"Paperform\"}]},{\"@type\":\"WebSite\",\"@id\":\"https:\\\/\\\/zenkit.com\\\/fr\\\/#website\",\"url\":\"https:\\\/\\\/zenkit.com\\\/fr\\\/\",\"name\":\"Zenkit\",\"description\":\"Zenkit Tagline\",\"potentialAction\":[{\"@type\":\"SearchAction\",\"target\":{\"@type\":\"EntryPoint\",\"urlTemplate\":\"https:\\\/\\\/zenkit.com\\\/fr\\\/?s={search_term_string}\"},\"query-input\":{\"@type\":\"PropertyValueSpecification\",\"valueRequired\":true,\"valueName\":\"search_term_string\"}}],\"inLanguage\":\"fr-FR\"},false]}<\/script>\n<!-- \/ Yoast SEO plugin. -->","yoast_head_json":{"title":"Paperform | Zenkit","description":"Zenkit's integration with Paperform allows you to sync collected data without the need for manual typing. Learn how this integration can grow with you.","robots":{"index":"index","follow":"follow","max-snippet":"max-snippet:-1","max-image-preview":"max-image-preview:large","max-video-preview":"max-video-preview:-1"},"canonical":"https:\/\/zenkit.com\/fr\/integrations\/paperform\/","og_locale":"fr_FR","og_type":"article","og_title":"Paperform | Zenkit","og_description":"Zenkit's integration with Paperform allows you to sync collected data without the need for manual typing. Learn how this integration can grow with you.","og_url":"https:\/\/zenkit.com\/fr\/integrations\/paperform\/","og_site_name":"Zenkit","article_publisher":"https:\/\/www.facebook.com\/ZenkitHQ","article_modified_time":"2025-11-04T05:53:12+00:00","og_image":[{"url":"https:\/\/zenkit.com\/wp-content\/uploads\/2025\/07\/Paperform.webp","type":"","width":"","height":""}],"twitter_card":"summary_large_image","twitter_site":"@ZenkitHQ","twitter_misc":{"Dur\u00e9e de lecture estim\u00e9e":"2 minutes"},"schema":{"@context":"https:\/\/schema.org","@graph":[{"@type":"WebPage","@id":"https:\/\/zenkit.com\/fr\/integrations\/paperform\/","url":"https:\/\/zenkit.com\/fr\/integrations\/paperform\/","name":"Paperform | Zenkit","isPartOf":{"@id":"https:\/\/zenkit.com\/fr\/#website"},"primaryImageOfPage":{"@id":"https:\/\/zenkit.com\/fr\/integrations\/paperform\/#primaryimage"},"image":{"@id":"https:\/\/zenkit.com\/fr\/integrations\/paperform\/#primaryimage"},"thumbnailUrl":"https:\/\/zenkit.com\/wp-content\/uploads\/2025\/07\/Paperform.webp","datePublished":"2019-04-03T08:38:10+00:00","dateModified":"2025-11-04T05:53:12+00:00","description":"Zenkit's integration with Paperform allows you to sync collected data without the need for manual typing. Learn how this integration can grow with you.","breadcrumb":{"@id":"https:\/\/zenkit.com\/fr\/integrations\/paperform\/#breadcrumb"},"inLanguage":"fr-FR","potentialAction":[{"@type":"ReadAction","target":["https:\/\/zenkit.com\/fr\/integrations\/paperform\/"]}]},{"@type":"ImageObject","inLanguage":"fr-FR","@id":"https:\/\/zenkit.com\/fr\/integrations\/paperform\/#primaryimage","url":"https:\/\/zenkit.com\/wp-content\/uploads\/2025\/07\/Paperform.webp","contentUrl":"https:\/\/zenkit.com\/wp-content\/uploads\/2025\/07\/Paperform.webp"},{"@type":"BreadcrumbList","@id":"https:\/\/zenkit.com\/fr\/integrations\/paperform\/#breadcrumb","itemListElement":[{"@type":"ListItem","position":1,"name":"Home","item":"https:\/\/zenkit.com\/fr\/"},{"@type":"ListItem","position":2,"name":"Integrations","item":"https:\/\/zenkit.com\/fr\/integrations\/"},{"@type":"ListItem","position":3,"name":"Paperform"}]},{"@type":"WebSite","@id":"https:\/\/zenkit.com\/fr\/#website","url":"https:\/\/zenkit.com\/fr\/","name":"Zenkit","description":"Zenkit Tagline","potentialAction":[{"@type":"SearchAction","target":{"@type":"EntryPoint","urlTemplate":"https:\/\/zenkit.com\/fr\/?s={search_term_string}"},"query-input":{"@type":"PropertyValueSpecification","valueRequired":true,"valueName":"search_term_string"}}],"inLanguage":"fr-FR"},false]}},"yasr_visitor_votes":{"stars_attributes":{"read_only":false,"span_bottom":false},"number_of_votes":0,"sum_votes":0},"_links":{"self":[{"href":"https:\/\/zenkit.com\/fr\/wp-json\/wp\/v2\/pages\/64582","targetHints":{"allow":["GET"]}}],"collection":[{"href":"https:\/\/zenkit.com\/fr\/wp-json\/wp\/v2\/pages"}],"about":[{"href":"https:\/\/zenkit.com\/fr\/wp-json\/wp\/v2\/types\/page"}],"author":[{"embeddable":true,"href":"https:\/\/zenkit.com\/fr\/wp-json\/wp\/v2\/users\/15"}],"replies":[{"embeddable":true,"href":"https:\/\/zenkit.com\/fr\/wp-json\/wp\/v2\/comments?post=64582"}],"version-history":[{"count":4,"href":"https:\/\/zenkit.com\/fr\/wp-json\/wp\/v2\/pages\/64582\/revisions"}],"predecessor-version":[{"id":147278,"href":"https:\/\/zenkit.com\/fr\/wp-json\/wp\/v2\/pages\/64582\/revisions\/147278"}],"up":[{"embeddable":true,"href":"https:\/\/zenkit.com\/fr\/wp-json\/wp\/v2\/pages\/122713"}],"wp:attachment":[{"href":"https:\/\/zenkit.com\/fr\/wp-json\/wp\/v2\/media?parent=64582"}],"curies":[{"name":"wp","href":"https:\/\/api.w.org\/{rel}","templated":true}]}}