{"id":64907,"date":"2019-04-03T10:07:24","date_gmt":"2019-04-03T08:07:24","guid":{"rendered":"https:\/\/zenkit.com\/base\/integrations\/simpletexting\/"},"modified":"2025-11-04T06:53:12","modified_gmt":"2025-11-04T05:53:12","slug":"simpletexting","status":"publish","type":"page","link":"https:\/\/zenkit.com\/fr\/integrations\/simpletexting\/","title":{"rendered":"SimpleTexting"},"content":{"rendered":"\n<div style=\"height:45px;--tablet-height:45px;--mobile-height:16px\" class=\"wp-block-lookeen-blocks-responsive-spacer\"><\/div>\n\n\n\n<div class=\"wp-block-group has-global-padding is-layout-constrained wp-block-group-is-layout-constrained\">\n<div class=\"wp-block-columns is-layout-flex wp-container-core-columns-is-layout-467d341d wp-block-columns-is-layout-flex\" id=\"main__integrations\" style=\"margin-top:0px;margin-bottom:0px\">\n<div class=\"wp-block-column side__bar__integrations is-layout-flow wp-block-column-is-layout-flow\" style=\"flex-basis:23%\">\n<h2 class=\"wp-block-heading has-da-blue-color-new has-text-color has-link-color wp-elements-176572c6871fe3e453488879e9dd4118\" style=\"margin-top:0px;margin-bottom:0px;font-size:16px;line-height:1.5\">Int\u00e9grations de l&rsquo;automatisation du marketing<\/h2>\n\n\n<nav class=\"is-vertical integrations__menu wp-block-navigation is-layout-flex wp-container-core-navigation-is-layout-5f9f5280 wp-block-navigation-is-layout-flex\" aria-label=\"fr-integrations-marketing-automation\"><ul class=\"wp-block-navigation__container  is-vertical integrations__menu wp-block-navigation\"><li class=\" wp-block-navigation-item wp-block-navigation-link\"><a class=\"wp-block-navigation-item__content\"  href=\"https:\/\/zenkit.com\/fr\/integrations\/activecampaign\/\"><span class=\"wp-block-navigation-item__label\">ActiveCampaign<\/span><\/a><\/li><li class=\" wp-block-navigation-item wp-block-navigation-link\"><a class=\"wp-block-navigation-item__content\"  href=\"https:\/\/zenkit.com\/fr\/integrations\/better-proposals\/\"><span class=\"wp-block-navigation-item__label\">Better Proposals<\/span><\/a><\/li><li class=\" wp-block-navigation-item wp-block-navigation-link\"><a class=\"wp-block-navigation-item__content\"  href=\"https:\/\/zenkit.com\/fr\/integrations\/leadboxer\/\"><span class=\"wp-block-navigation-item__label\">LeadBoxer<\/span><\/a><\/li><li class=\" wp-block-navigation-item wp-block-navigation-link\"><a class=\"wp-block-navigation-item__content\"  href=\"https:\/\/zenkit.com\/fr\/integrations\/mailjet\/\"><span class=\"wp-block-navigation-item__label\">Mailjet<\/span><\/a><\/li><li class=\" wp-block-navigation-item wp-block-navigation-link\"><a class=\"wp-block-navigation-item__content\"  href=\"https:\/\/zenkit.com\/fr\/integrations\/moosend\/\"><span class=\"wp-block-navigation-item__label\">Moosend<\/span><\/a><\/li><li class=\" wp-block-navigation-item wp-block-navigation-link\"><a class=\"wp-block-navigation-item__content\"  href=\"https:\/\/zenkit.com\/fr\/openai\/\"><span class=\"wp-block-navigation-item__label\">OpenAI<\/span><\/a><\/li><li class=\" wp-block-navigation-item wp-block-navigation-link\"><a class=\"wp-block-navigation-item__content\"  href=\"https:\/\/zenkit.com\/fr\/integrations\/parseur\/\"><span class=\"wp-block-navigation-item__label\">Parseur<\/span><\/a><\/li><li class=\" wp-block-navigation-item wp-block-navigation-link\"><a class=\"wp-block-navigation-item__content\"  href=\"https:\/\/zenkit.com\/fr\/reflexion-ai\/\"><span class=\"wp-block-navigation-item__label\">Reflexion.AI<\/span><\/a><\/li><li class=\" wp-block-navigation-item wp-block-navigation-link\"><a class=\"wp-block-navigation-item__content\"  href=\"https:\/\/zenkit.com\/fr\/integrations\/sakari-sms\/\"><span class=\"wp-block-navigation-item__label\">Sakari SMS<\/span><\/a><\/li><li class=\" wp-block-navigation-item wp-block-navigation-link\"><a class=\"wp-block-navigation-item__content\"  href=\"https:\/\/zenkit.com\/fr\/seamless-ai\/\"><span class=\"wp-block-navigation-item__label\">Seamless.AI<\/span><\/a><\/li><li class=\" wp-block-navigation-item wp-block-navigation-link\"><a class=\"wp-block-navigation-item__content\"  href=\"https:\/\/zenkit.com\/fr\/integrations\/sendinblue\/\"><span class=\"wp-block-navigation-item__label\">SendinBlue<\/span><\/a><\/li><li class=\" wp-block-navigation-item wp-block-navigation-link\"><a class=\"wp-block-navigation-item__content\"  href=\"https:\/\/zenkit.com\/fr\/sharpspring\/\"><span class=\"wp-block-navigation-item__label\">SharpSpring<\/span><\/a><\/li><li class=\" wp-block-navigation-item wp-block-navigation-link\"><a class=\"wp-block-navigation-item__content\"  href=\"https:\/\/zenkit.com\/fr\/integrations\/simpletexting\/\"><span class=\"wp-block-navigation-item__label\">SimpleTexting<\/span><\/a><\/li><li class=\" wp-block-navigation-item wp-block-navigation-link\"><a class=\"wp-block-navigation-item__content\"  href=\"https:\/\/zenkit.com\/fr\/integrations\/smsapi\/\"><span class=\"wp-block-navigation-item__label\">SMSAPI<\/span><\/a><\/li><li class=\" wp-block-navigation-item wp-block-navigation-link\"><a class=\"wp-block-navigation-item__content\"  href=\"https:\/\/zenkit.com\/fr\/integrations\/smsfactor\/\"><span class=\"wp-block-navigation-item__label\">SMSFactor<\/span><\/a><\/li><li class=\" wp-block-navigation-item wp-block-navigation-link\"><a class=\"wp-block-navigation-item__content\"  href=\"https:\/\/zenkit.com\/fr\/integrations\/storychief\/\"><span class=\"wp-block-navigation-item__label\">StoryChief<\/span><\/a><\/li><li class=\" wp-block-navigation-item wp-block-navigation-link\"><a class=\"wp-block-navigation-item__content\"  href=\"https:\/\/zenkit.com\/fr\/integrations\/thankster\/\"><span class=\"wp-block-navigation-item__label\">Thankster<\/span><\/a><\/li><li class=\" wp-block-navigation-item wp-block-navigation-link\"><a class=\"wp-block-navigation-item__content\"  href=\"https:\/\/zenkit.com\/fr\/integrations\/whatconverts\/\"><span class=\"wp-block-navigation-item__label\">WhatConverts<\/span><\/a><\/li><\/ul><\/nav><\/div>\n\n\n\n<div class=\"wp-block-column content__integrations is-layout-flow wp-block-column-is-layout-flow\" style=\"flex-basis:77%\">\n<div class=\"wp-block-group has-global-padding is-layout-constrained wp-block-group-is-layout-constrained\">\n<div class=\"wp-block-group title is-layout-flex wp-container-core-group-is-layout-ed4b00df wp-block-group-is-layout-flex\">\n<figure class=\"wp-block-image size-full is-resized\"><img loading=\"lazy\" decoding=\"async\" width=\"299\" height=\"322\" src=\"https:\/\/zenkit.com\/wp-content\/uploads\/2025\/07\/SimpleTexting-Icon-Transparent.webp\" alt=\"SimpleTexting Logo\" class=\"wp-image-118176\" style=\"width:auto;height:46px\" srcset=\"https:\/\/zenkit.com\/wp-content\/uploads\/2025\/07\/SimpleTexting-Icon-Transparent.webp 299w, https:\/\/zenkit.com\/wp-content\/uploads\/2025\/07\/SimpleTexting-Icon-Transparent-279x300.webp 279w\" sizes=\"auto, (max-width: 299px) 100vw, 299px\" \/><\/figure>\n\n\n\n<h1 class=\"wp-block-heading\">SimpleTexting et Zenkit<\/h1>\n<\/div>\n\n\n\n<div class=\"wp-block-group has-global-padding is-layout-constrained wp-block-group-is-layout-constrained\">\n<p>L\u2019int\u00e9gration de SimpleTexting avec Zenkit permet aux utilisateurs d\u2019atteindre un nouveau niveau de synergie entre la communication et la gestion de projet. Les contacts peuvent \u00eatre synchronis\u00e9s \u00e0 des fins de marketing par SMS ou de gestion de la relation client, et les SMS peuvent \u00eatre envoy\u00e9s automatiquement aux membres de l\u2019\u00e9quipe sous forme d\u2019alertes et de rappels. Cette int\u00e9gration permet une messagerie automatis\u00e9e, des mises \u00e0 jour en temps r\u00e9el et une meilleure coordination d\u2019\u00e9quipe, garantissant de ne manquer aucun message et de suivre chaque t\u00e2che.<\/p>\n\n\n\n<p>Que vous ayez pour objectif de g\u00e9rer une campagne marketing, de coordonner votre \u00e9quipe ou d\u2019informer vos clients, cette int\u00e9gration vous permet de travailler de mani\u00e8re coh\u00e9rente et efficace, renfor\u00e7ant ainsi vos r\u00e9sultats et apportant une plus grande satisfaction.<\/p>\n<\/div>\n<\/div>\n\n\n\n<div style=\"height:48px;--tablet-height:36px;--mobile-height:24px\" class=\"wp-block-lookeen-blocks-responsive-spacer\"><\/div>\n\n\n\n<div class=\"wp-block-group has-global-padding is-layout-constrained wp-block-group-is-layout-constrained\">\n<h3 class=\"wp-block-heading display-h2\">\u00c0 propos de SimpleTexting<\/h3>\n\n\n\n<p>SimpleTexting est l\u2019une des principales plateformes en ligne de marketing par SMS et d\u2019envoi de SMS professionnels. Ce logiciel permet aux organisations d\u2019envoyer des campagnes marketing, de partager des alertes importantes et d\u2019offrir un service client personnalis\u00e9 gr\u00e2ce aux messages SMS. Des milliers d\u2019organisations en Am\u00e9rique du Nord font confiance \u00e0 SimpleTexting pour atteindre leur public. Elles comptent parmi leurs clients des entreprises du Fortune 500, des petites entreprises, des organisations \u00e0 but non lucratif, des prestataires de soins de sant\u00e9, des \u00e9glises, des \u00e9coles et d\u2019autres encore. Tirant parti d\u2019une suite puissante de fonctionnalit\u00e9s (segments, r\u00e9pondeurs automatiques, collecte et analyse de donn\u00e9es), cette plateforme est con\u00e7ue pour aider les entreprises \u00e0 se lancer et se d\u00e9velopper dans l\u2019envoi de SMS.<\/p>\n<\/div>\n\n\n\n<div style=\"height:48px;--tablet-height:36px;--mobile-height:24px\" class=\"wp-block-lookeen-blocks-responsive-spacer\"><\/div>\n\n\n\n<div class=\"wp-block-group has-global-padding is-layout-constrained wp-block-group-is-layout-constrained\">\n<h3 class=\"wp-block-heading display-h2\">\u00c0 propos de Zenkit<\/h3>\n\n\n\n<p><a href=\"https:\/\/zenkit.com\/\">Zenkit<\/a>&nbsp;est un outil convivial et collaboratif pour la gestion de projets, la cr\u00e9ation de bases de donn\u00e9es, et plus. Il vous permet de changer d\u2019affichage (tableau, liste de t\u00e2ches, Kanban, calendrier et carte mentale) en un clic. Vous pouvez partager votre travail en ligne avec des collections publi\u00e9es et int\u00e9gr\u00e9es, et construire des int\u00e9grations avec notre API document\u00e9e. Zenkit est suffisamment flexible pour s\u2019adapter \u00e0 n\u2019importe quel flux de travail et suffisamment puissant pour faire fonctionner votre entreprise. Cr\u00e9ez votre compte gratuitement:&nbsp;<a href=\"https:\/\/app.zenkit.com\/register\">https:\/\/app.zenkit.com\/register<\/a>.<\/p>\n<\/div>\n\n\n\n<div style=\"height:48px;--tablet-height:36px;--mobile-height:24px\" class=\"wp-block-lookeen-blocks-responsive-spacer\"><\/div>\n\n\n\n<div class=\"wp-block-group has-global-padding is-layout-constrained wp-block-group-is-layout-constrained\">\n<h3 class=\"wp-block-heading display-h2\">Connecter SimpleTexting and Zenkit<\/h3>\n\n\n\n<ol class=\"wp-block-list list__style__position-inside\">\n<li><a href=\"https:\/\/zapier.com\/sign-up\/\" target=\"_blank\" rel=\"noreferrer noopener\">Cr\u00e9ez un compte<\/a>&nbsp;Zapier pour acc\u00e9der \u00e0 Zapier.<\/li>\n\n\n\n<li><a href=\"https:\/\/app2.simpletexting.com\/sign-up\" target=\"_blank\" rel=\"noreferrer noopener\">Cr\u00e9ez un compte<\/a>&nbsp;avec SimpleTexting<\/li>\n\n\n\n<li>Connectez-vous \u00e0 Zapier et rendez-vous sur&nbsp;<a href=\"https:\/\/zapier.com\/apps\/simpletexting\/integrations\/zenkit\" target=\"_blank\" rel=\"noreferrer noopener\">Zenkit + SimpleTexting Zapbook&nbsp;<\/a>pour trouver des mod\u00e8les Zap.<\/li>\n\n\n\n<li>Ou choisissez de cr\u00e9er votre propre int\u00e9gration Zenkit et SimpleTexting en les s\u00e9lectionnant lors de la cr\u00e9ation d\u2019un zap.<\/li>\n<\/ol>\n<\/div>\n\n\n\n<div style=\"height:48px;--tablet-height:36px;--mobile-height:24px\" class=\"wp-block-lookeen-blocks-responsive-spacer\"><\/div>\n\n\n\n<div class=\"wp-block-group has-global-padding is-layout-constrained wp-block-group-is-layout-constrained\">\n<h3 class=\"wp-block-heading display-h2\">Qui b\u00e9n\u00e9ficiera de cette int\u00e9gration SimpleTexting et Zenkit?<\/h3>\n\n\n\n<ul class=\"wp-block-list is-style-da-left-indent\">\n<li><strong>Les \u00e9quipes marketing qui souhaitent simplifier leur communication et leur gestion de projet<\/strong>: l\u2019int\u00e9gration de SimpleTexting avec Zenkit permet aux \u00e9quipes marketing d\u2019automatiser leurs campagnes SMS tout en suivant facilement leurs progr\u00e8s, garantissant ainsi que leur strat\u00e9gie marketing suive la m\u00eame ligne directrice avec une gestion efficace.<\/li>\n\n\n\n<li><strong>Les services clients qui cherchent \u00e0 am\u00e9liorer leur temps de r\u00e9ponse et la gestion de leurs t\u00e2ches<\/strong>: les \u00e9quipes des services clients peuvent b\u00e9n\u00e9ficier de cette int\u00e9gration en synchronisant automatiquement les alertes et mises \u00e0 jour par SMS avec leur syst\u00e8me de gestion des t\u00e2ches, leur permettant de r\u00e9pondre rapidement aux demandes des clients et de suivre plus efficacement la r\u00e9solution de ces demandes.<\/li>\n<\/ul>\n<\/div>\n\n\n\n<div style=\"height:48px;--tablet-height:36px;--mobile-height:24px\" class=\"wp-block-lookeen-blocks-responsive-spacer\"><\/div>\n\n\n\n<div class=\"wp-block-group has-global-padding is-layout-constrained wp-block-group-is-layout-constrained\">\n<h3 class=\"wp-block-heading display-h2\">D\u00e9tails suppl\u00e9mentaires sur l\u2019int\u00e9gration<\/h3>\n\n\n\n<ul class=\"wp-block-list is-style-da-left-indent\">\n<li>Soutenu par Zapier : Veuillez&nbsp;<a href=\"https:\/\/zapier.com\/help\/contact-us\/\" target=\"_blank\" rel=\"noreferrer noopener\">contacter l\u2019assistance Zapier<\/a>&nbsp;si vous rencontrez des probl\u00e8mes.<\/li>\n\n\n\n<li>Pour plus d\u2019informations sur l\u2019utilisation de Zenkit avec Zapier, veuillez lire notre&nbsp;<a href=\"https:\/\/zenkit.com\/documentation#\/lists\/HJQBQ1Hw\/sections\/SJYE55zA\/entries\/BJGOKQtA?_k=hyyynn\" target=\"_blank\" rel=\"noreferrer noopener\">documentation<\/a>.<\/li>\n<\/ul>\n<\/div>\n<\/div>\n<\/div>\n<\/div>\n\n\n\n<div style=\"height:110px;--tablet-height:60px;--mobile-height:48px\" class=\"wp-block-lookeen-blocks-responsive-spacer\"><\/div>\n","protected":false},"excerpt":{"rendered":"<p>Int\u00e9grations de l&rsquo;automatisation du marketing SimpleTexting et Zenkit L\u2019int\u00e9gration de SimpleTexting avec Zenkit permet aux utilisateurs d\u2019atteindre un nouveau niveau de synergie entre la communication et la gestion de projet. Les contacts peuvent \u00eatre synchronis\u00e9s \u00e0 des fins de marketing par SMS ou de gestion de la relation client, et les SMS peuvent \u00eatre envoy\u00e9s [&hellip;]<\/p>\n","protected":false},"author":15,"featured_media":0,"parent":122713,"menu_order":53,"comment_status":"closed","ping_status":"closed","template":"","meta":{"yasr_overall_rating":0,"yasr_post_is_review":"","yasr_auto_insert_disabled":"","yasr_review_type":"","footnotes":""},"class_list":["post-64907","page","type-page","status-publish","hentry"],"yoast_head":"<!-- This site is optimized with the Yoast SEO plugin v27.4 - https:\/\/yoast.com\/product\/yoast-seo-wordpress\/ -->\n<title>SimpleTexting | Zenkit<\/title>\n<meta name=\"description\" content=\"Zenkit&#039;s integration with SimpleTexting enables autosend of promotions or alerts automatically to your contacts. Learn how this integration can grow with you.\" \/>\n<meta name=\"robots\" content=\"index, follow, max-snippet:-1, max-image-preview:large, max-video-preview:-1\" \/>\n<link rel=\"canonical\" href=\"https:\/\/zenkit.com\/fr\/integrations\/simpletexting\/\" \/>\n<meta property=\"og:locale\" content=\"fr_FR\" \/>\n<meta property=\"og:type\" content=\"article\" \/>\n<meta property=\"og:title\" content=\"SimpleTexting | Zenkit\" \/>\n<meta property=\"og:description\" content=\"Zenkit&#039;s integration with SimpleTexting enables autosend of promotions or alerts automatically to your contacts. Learn how this integration can grow with you.\" \/>\n<meta property=\"og:url\" content=\"https:\/\/zenkit.com\/fr\/integrations\/simpletexting\/\" \/>\n<meta property=\"og:site_name\" content=\"Zenkit\" \/>\n<meta property=\"article:publisher\" content=\"https:\/\/www.facebook.com\/ZenkitHQ\" \/>\n<meta property=\"article:modified_time\" content=\"2025-11-04T05:53:12+00:00\" \/>\n<meta property=\"og:image\" content=\"https:\/\/zenkit.com\/wp-content\/uploads\/2025\/07\/SimpleTexting-Icon-Transparent.webp\" \/>\n\t<meta property=\"og:image:width\" content=\"299\" \/>\n\t<meta property=\"og:image:height\" content=\"322\" \/>\n\t<meta property=\"og:image:type\" content=\"image\/webp\" \/>\n<meta name=\"twitter:card\" content=\"summary_large_image\" \/>\n<meta name=\"twitter:site\" content=\"@ZenkitHQ\" \/>\n<meta name=\"twitter:label1\" content=\"Dur\u00e9e de lecture estim\u00e9e\" \/>\n\t<meta name=\"twitter:data1\" content=\"16 minutes\" \/>\n<script type=\"application\/ld+json\" class=\"yoast-schema-graph\">{\"@context\":\"https:\\\/\\\/schema.org\",\"@graph\":[{\"@type\":\"WebPage\",\"@id\":\"https:\\\/\\\/zenkit.com\\\/fr\\\/integrations\\\/simpletexting\\\/\",\"url\":\"https:\\\/\\\/zenkit.com\\\/fr\\\/integrations\\\/simpletexting\\\/\",\"name\":\"SimpleTexting | Zenkit\",\"isPartOf\":{\"@id\":\"https:\\\/\\\/zenkit.com\\\/fr\\\/#website\"},\"primaryImageOfPage\":{\"@id\":\"https:\\\/\\\/zenkit.com\\\/fr\\\/integrations\\\/simpletexting\\\/#primaryimage\"},\"image\":{\"@id\":\"https:\\\/\\\/zenkit.com\\\/fr\\\/integrations\\\/simpletexting\\\/#primaryimage\"},\"thumbnailUrl\":\"https:\\\/\\\/zenkit.com\\\/wp-content\\\/uploads\\\/2025\\\/07\\\/SimpleTexting-Icon-Transparent.webp\",\"datePublished\":\"2019-04-03T08:07:24+00:00\",\"dateModified\":\"2025-11-04T05:53:12+00:00\",\"description\":\"Zenkit's integration with SimpleTexting enables autosend of promotions or alerts automatically to your contacts. Learn how this integration can grow with you.\",\"breadcrumb\":{\"@id\":\"https:\\\/\\\/zenkit.com\\\/fr\\\/integrations\\\/simpletexting\\\/#breadcrumb\"},\"inLanguage\":\"fr-FR\",\"potentialAction\":[{\"@type\":\"ReadAction\",\"target\":[\"https:\\\/\\\/zenkit.com\\\/fr\\\/integrations\\\/simpletexting\\\/\"]}]},{\"@type\":\"ImageObject\",\"inLanguage\":\"fr-FR\",\"@id\":\"https:\\\/\\\/zenkit.com\\\/fr\\\/integrations\\\/simpletexting\\\/#primaryimage\",\"url\":\"https:\\\/\\\/zenkit.com\\\/wp-content\\\/uploads\\\/2025\\\/07\\\/SimpleTexting-Icon-Transparent.webp\",\"contentUrl\":\"https:\\\/\\\/zenkit.com\\\/wp-content\\\/uploads\\\/2025\\\/07\\\/SimpleTexting-Icon-Transparent.webp\"},{\"@type\":\"BreadcrumbList\",\"@id\":\"https:\\\/\\\/zenkit.com\\\/fr\\\/integrations\\\/simpletexting\\\/#breadcrumb\",\"itemListElement\":[{\"@type\":\"ListItem\",\"position\":1,\"name\":\"Home\",\"item\":\"https:\\\/\\\/zenkit.com\\\/fr\\\/\"},{\"@type\":\"ListItem\",\"position\":2,\"name\":\"Integrations\",\"item\":\"https:\\\/\\\/zenkit.com\\\/fr\\\/integrations\\\/\"},{\"@type\":\"ListItem\",\"position\":3,\"name\":\"SimpleTexting\"}]},{\"@type\":\"WebSite\",\"@id\":\"https:\\\/\\\/zenkit.com\\\/fr\\\/#website\",\"url\":\"https:\\\/\\\/zenkit.com\\\/fr\\\/\",\"name\":\"Zenkit\",\"description\":\"Zenkit Tagline\",\"potentialAction\":[{\"@type\":\"SearchAction\",\"target\":{\"@type\":\"EntryPoint\",\"urlTemplate\":\"https:\\\/\\\/zenkit.com\\\/fr\\\/?s={search_term_string}\"},\"query-input\":{\"@type\":\"PropertyValueSpecification\",\"valueRequired\":true,\"valueName\":\"search_term_string\"}}],\"inLanguage\":\"fr-FR\"},false]}<\/script>\n<!-- \/ Yoast SEO plugin. -->","yoast_head_json":{"title":"SimpleTexting | Zenkit","description":"Zenkit's integration with SimpleTexting enables autosend of promotions or alerts automatically to your contacts. Learn how this integration can grow with you.","robots":{"index":"index","follow":"follow","max-snippet":"max-snippet:-1","max-image-preview":"max-image-preview:large","max-video-preview":"max-video-preview:-1"},"canonical":"https:\/\/zenkit.com\/fr\/integrations\/simpletexting\/","og_locale":"fr_FR","og_type":"article","og_title":"SimpleTexting | Zenkit","og_description":"Zenkit's integration with SimpleTexting enables autosend of promotions or alerts automatically to your contacts. Learn how this integration can grow with you.","og_url":"https:\/\/zenkit.com\/fr\/integrations\/simpletexting\/","og_site_name":"Zenkit","article_publisher":"https:\/\/www.facebook.com\/ZenkitHQ","article_modified_time":"2025-11-04T05:53:12+00:00","og_image":[{"width":299,"height":322,"url":"https:\/\/zenkit.com\/wp-content\/uploads\/2025\/07\/SimpleTexting-Icon-Transparent.webp","type":"image\/webp"}],"twitter_card":"summary_large_image","twitter_site":"@ZenkitHQ","twitter_misc":{"Dur\u00e9e de lecture estim\u00e9e":"16 minutes"},"schema":{"@context":"https:\/\/schema.org","@graph":[{"@type":"WebPage","@id":"https:\/\/zenkit.com\/fr\/integrations\/simpletexting\/","url":"https:\/\/zenkit.com\/fr\/integrations\/simpletexting\/","name":"SimpleTexting | Zenkit","isPartOf":{"@id":"https:\/\/zenkit.com\/fr\/#website"},"primaryImageOfPage":{"@id":"https:\/\/zenkit.com\/fr\/integrations\/simpletexting\/#primaryimage"},"image":{"@id":"https:\/\/zenkit.com\/fr\/integrations\/simpletexting\/#primaryimage"},"thumbnailUrl":"https:\/\/zenkit.com\/wp-content\/uploads\/2025\/07\/SimpleTexting-Icon-Transparent.webp","datePublished":"2019-04-03T08:07:24+00:00","dateModified":"2025-11-04T05:53:12+00:00","description":"Zenkit's integration with SimpleTexting enables autosend of promotions or alerts automatically to your contacts. Learn how this integration can grow with you.","breadcrumb":{"@id":"https:\/\/zenkit.com\/fr\/integrations\/simpletexting\/#breadcrumb"},"inLanguage":"fr-FR","potentialAction":[{"@type":"ReadAction","target":["https:\/\/zenkit.com\/fr\/integrations\/simpletexting\/"]}]},{"@type":"ImageObject","inLanguage":"fr-FR","@id":"https:\/\/zenkit.com\/fr\/integrations\/simpletexting\/#primaryimage","url":"https:\/\/zenkit.com\/wp-content\/uploads\/2025\/07\/SimpleTexting-Icon-Transparent.webp","contentUrl":"https:\/\/zenkit.com\/wp-content\/uploads\/2025\/07\/SimpleTexting-Icon-Transparent.webp"},{"@type":"BreadcrumbList","@id":"https:\/\/zenkit.com\/fr\/integrations\/simpletexting\/#breadcrumb","itemListElement":[{"@type":"ListItem","position":1,"name":"Home","item":"https:\/\/zenkit.com\/fr\/"},{"@type":"ListItem","position":2,"name":"Integrations","item":"https:\/\/zenkit.com\/fr\/integrations\/"},{"@type":"ListItem","position":3,"name":"SimpleTexting"}]},{"@type":"WebSite","@id":"https:\/\/zenkit.com\/fr\/#website","url":"https:\/\/zenkit.com\/fr\/","name":"Zenkit","description":"Zenkit Tagline","potentialAction":[{"@type":"SearchAction","target":{"@type":"EntryPoint","urlTemplate":"https:\/\/zenkit.com\/fr\/?s={search_term_string}"},"query-input":{"@type":"PropertyValueSpecification","valueRequired":true,"valueName":"search_term_string"}}],"inLanguage":"fr-FR"},false]}},"yasr_visitor_votes":{"stars_attributes":{"read_only":false,"span_bottom":false},"number_of_votes":0,"sum_votes":0},"_links":{"self":[{"href":"https:\/\/zenkit.com\/fr\/wp-json\/wp\/v2\/pages\/64907","targetHints":{"allow":["GET"]}}],"collection":[{"href":"https:\/\/zenkit.com\/fr\/wp-json\/wp\/v2\/pages"}],"about":[{"href":"https:\/\/zenkit.com\/fr\/wp-json\/wp\/v2\/types\/page"}],"author":[{"embeddable":true,"href":"https:\/\/zenkit.com\/fr\/wp-json\/wp\/v2\/users\/15"}],"replies":[{"embeddable":true,"href":"https:\/\/zenkit.com\/fr\/wp-json\/wp\/v2\/comments?post=64907"}],"version-history":[{"count":4,"href":"https:\/\/zenkit.com\/fr\/wp-json\/wp\/v2\/pages\/64907\/revisions"}],"predecessor-version":[{"id":161912,"href":"https:\/\/zenkit.com\/fr\/wp-json\/wp\/v2\/pages\/64907\/revisions\/161912"}],"up":[{"embeddable":true,"href":"https:\/\/zenkit.com\/fr\/wp-json\/wp\/v2\/pages\/122713"}],"wp:attachment":[{"href":"https:\/\/zenkit.com\/fr\/wp-json\/wp\/v2\/media?parent=64907"}],"curies":[{"name":"wp","href":"https:\/\/api.w.org\/{rel}","templated":true}]}}