{"id":68133,"date":"2020-11-11T11:14:47","date_gmt":"2020-11-11T10:14:47","guid":{"rendered":"https:\/\/zenkit.com\/hypernotes\/solutions\/"},"modified":"2025-09-23T06:23:31","modified_gmt":"2025-09-23T04:23:31","slug":"solutions","status":"publish","type":"page","link":"https:\/\/zenkit.com\/fr\/hypernotes\/solutions\/","title":{"rendered":"Solutions"},"content":{"rendered":"\n<div class=\"wp-block-group has-global-padding is-layout-constrained wp-block-group-is-layout-constrained\">\n<div class=\"wp-block-group width--950 has-global-padding is-layout-constrained wp-block-group-is-layout-constrained\">\n<div style=\"height:45px;--tablet-height:45px;--mobile-height:16px\" class=\"wp-block-lookeen-blocks-responsive-spacer\"><\/div>\n\n\n\n<div class=\"wp-block-group has-global-padding is-layout-constrained wp-block-group-is-layout-constrained\">\n<h1 class=\"wp-block-heading has-text-align-center\" style=\"margin-bottom:8px\">Quand utiliser Hypernotes?<\/h1>\n<\/div>\n\n\n\n<div class=\"wp-block-group has-global-padding is-layout-constrained wp-block-group-is-layout-constrained\">\n<p class=\"has-text-align-center subheading\">Hypernotes peut \u00eatre utilis\u00e9 dans des sc\u00e9narios presque infinis&#8230;<\/p>\n<\/div>\n\n\n\n<div style=\"height:48px;--tablet-height:48px;--mobile-height:36px\" class=\"wp-block-lookeen-blocks-responsive-spacer\"><\/div>\n<\/div>\n<\/div>\n\n\n\n<div class=\"wp-block-group has-global-padding is-layout-constrained wp-block-group-is-layout-constrained\">\n<div class=\"wp-block-group application__grid has-global-padding is-layout-constrained wp-block-group-is-layout-constrained\">\n<div class=\"wp-block-group application__box has-global-padding is-layout-constrained wp-block-group-is-layout-constrained\" style=\"border-radius:20px\">\n<h3 class=\"wp-block-heading has-text-align-center card__title\" style=\"font-size:20px\">Wiki<\/h3>\n\n\n\n<p class=\"has-text-align-center has-da-grey-1-color has-text-color has-link-color wp-elements-e1b9022062ebcdbcd48f21241920c943\">Cr\u00e9ez votre propre wiki pour usage interne ou public.<\/p>\n<\/div>\n\n\n\n<div class=\"wp-block-group application__box has-global-padding is-layout-constrained wp-block-group-is-layout-constrained\" style=\"border-radius:20px\">\n<h3 class=\"wp-block-heading has-text-align-center card__title\" style=\"font-size:20px\">Gestion des connaissances<\/h3>\n\n\n\n<p class=\"has-text-align-center has-da-grey-1-color has-text-color has-link-color wp-elements-2cb517d58484f8d0272861072c0120c8\">Cr\u00e9ez et publiez votre propre base de connaissance.<\/p>\n<\/div>\n\n\n\n<div class=\"wp-block-group application__box has-global-padding is-layout-constrained wp-block-group-is-layout-constrained\" style=\"border-radius:20px\">\n<h3 class=\"wp-block-heading has-text-align-center card__title\" style=\"font-size:20px\">Cartes mentales<\/h3>\n\n\n\n<p class=\"has-text-align-center has-da-grey-1-color has-text-color has-link-color wp-elements-5af06250e26b1d7416a85d46b0d04f8c\">Cr\u00e9ation et \u00e9dition visuelle de vos pens\u00e9es, \u00e0 un tout autre niveau.<\/p>\n<\/div>\n\n\n\n<div class=\"wp-block-group application__box has-global-padding is-layout-constrained wp-block-group-is-layout-constrained\" style=\"border-radius:20px\">\n<h3 class=\"wp-block-heading has-text-align-center card__title\" style=\"font-size:20px\">Intranet<\/h3>\n\n\n\n<p class=\"has-text-align-center has-da-grey-1-color has-text-color has-link-color wp-elements-9fe2eb553a6b8d72aad4fcfcf3e0f47c\">Tout ce dont vous avez besoin pour communiquer au sein de votre entreprise, Hypernotes peut le documenter.<\/p>\n<\/div>\n\n\n\n<div class=\"wp-block-group application__box has-global-padding is-layout-constrained wp-block-group-is-layout-constrained\" style=\"border-radius:20px\">\n<h3 class=\"wp-block-heading has-text-align-center card__title\" style=\"font-size:20px\">Documentation<\/h3>\n\n\n\n<p class=\"has-text-align-center has-da-grey-1-color has-text-color has-link-color wp-elements-037d77d45764c54f0a78592acf3acd6c\">Utilisez Zenkit pour cr\u00e9er la documentation de vos produits, processus internes etc.<\/p>\n<\/div>\n\n\n\n<div class=\"wp-block-group application__box has-global-padding is-layout-constrained wp-block-group-is-layout-constrained\" style=\"border-radius:20px\">\n<h3 class=\"wp-block-heading has-text-align-center card__title\" style=\"font-size:20px\">Prise de notes personnelles<\/h3>\n\n\n\n<p class=\"has-text-align-center has-da-grey-1-color has-text-color has-link-color wp-elements-15c2a54893d04362f208ffc12c232882\">Tout ce que vous voulez archiver au cours de votre journ\u00e9e, Hypernotes peut parfaitement le stocker.<\/p>\n<\/div>\n\n\n\n<div class=\"wp-block-group application__box has-global-padding is-layout-constrained wp-block-group-is-layout-constrained\" style=\"border-radius:20px\">\n<h3 class=\"wp-block-heading has-text-align-center card__title\" style=\"font-size:20px\">Base de donn\u00e9es graphique<\/h3>\n\n\n\n<p class=\"has-text-align-center has-da-grey-1-color has-text-color has-link-color wp-elements-a0e4fcad7ec856f11dd93c63d1fe0201\">Construisez rapidement une base de donn\u00e9es graphique flexible pour suivre tout ce que vous voulez : stocker des informations, g\u00e9rer des inventaires, cr\u00e9er un wiki, et plus encore.<\/p>\n<\/div>\n\n\n\n<div class=\"wp-block-group application__box has-global-padding is-layout-constrained wp-block-group-is-layout-constrained\" style=\"border-radius:20px\">\n<h3 class=\"wp-block-heading has-text-align-center card__title\" style=\"font-size:20px\">Processus de recherches<\/h3>\n\n\n\n<p class=\"has-text-align-center has-da-grey-1-color has-text-color has-link-color wp-elements-26d108445e7734a7b8d3803bd904587a\">Construisez les bases de votre travail de recherche, collaborez avec d\u2019autres personnes<\/p>\n<\/div>\n\n\n\n<div class=\"wp-block-group application__box has-global-padding is-layout-constrained wp-block-group-is-layout-constrained\" style=\"border-radius:20px\">\n<h3 class=\"wp-block-heading has-text-align-center card__title\" style=\"font-size:20px\">Zettelkasten num\u00e9rique<\/h3>\n\n\n\n<p class=\"has-text-align-center has-da-grey-1-color has-text-color has-link-color wp-elements-c8fadd2f872441eb5d6be81ad64d4906\">Le chercheur Allemand Niklas Luhman a invent\u00e9 son propre \u00ab\u00a0internet\u00a0\u00bb appel\u00e9 Zettelkastem. Hypernotes peut \u00eatre utilis\u00e9 comme une forme num\u00e9rique de Zettelkasten.<\/p>\n<\/div>\n\n\n\n<div class=\"wp-block-group application__box has-global-padding is-layout-constrained wp-block-group-is-layout-constrained\" style=\"border-radius:20px\">\n<h3 class=\"wp-block-heading has-text-align-center card__title\" style=\"font-size:20px\">Principe premier<\/h3>\n\n\n\n<p class=\"has-text-align-center has-da-grey-1-color has-text-color has-link-color wp-elements-3e475b94602667738f0c92573605cea8\">Elon Musk est un c\u00e9l\u00e8bre fan de la m\u00e9thode \u00ab\u00a0principe premier\u201d. Avec Hypernotes vous pouvez structurer vos pens\u00e9es de mani\u00e8re hi\u00e9rarchique et connect\u00e9e. C\u2019est parfait pour repr\u00e9senter la m\u00e9thode de principe premier.<\/p>\n<\/div>\n\n\n\n<div class=\"wp-block-group application__box has-global-padding is-layout-constrained wp-block-group-is-layout-constrained\" style=\"border-radius:20px\">\n<h3 class=\"wp-block-heading has-text-align-center card__title\" style=\"font-size:20px\">Journal<\/h3>\n\n\n\n<p class=\"has-text-align-center has-da-grey-1-color has-text-color has-link-color wp-elements-a8f7b1cc0aad26db67583099a1a7a15f\">Structurez vos \u00e9crits hebdomadaires avec la fonction de journal int\u00e9gr\u00e9 \u00e0 Hypernotes.<\/p>\n<\/div>\n\n\n\n<div class=\"wp-block-group application__box has-global-padding is-layout-constrained wp-block-group-is-layout-constrained\" style=\"border-radius:20px\">\n<h3 class=\"wp-block-heading has-text-align-center card__title\" style=\"font-size:20px\">Livres<\/h3>\n\n\n\n<p class=\"has-text-align-center has-da-grey-1-color has-text-color has-link-color wp-elements-e71e66f2166bd7c6181aa61992f2424c\">Structurez, \u00e9crivez, collaborez sur vos projets de livres.<\/p>\n<\/div>\n\n\n\n<div class=\"wp-block-group application__box has-global-padding is-layout-constrained wp-block-group-is-layout-constrained\" style=\"border-radius:20px\">\n<h3 class=\"wp-block-heading has-text-align-center card__title\" style=\"font-size:20px\">Deuxi\u00e8me Cerveau<\/h3>\n\n\n\n<p class=\"has-text-align-center has-da-grey-1-color has-text-color has-link-color wp-elements-31d8f27d6a9c7581b3fecf61a5d63529\">Si vous aimez l&rsquo;id\u00e9e que vos notes doivent suivre les m\u00eames principes que votre cerveau, Hypernotes est fait pour vous : Non-lin\u00e9aire, hi\u00e9rarchique, bidirectionnel &#8211; et sur mobile (car on peut utiliser son cerveau partout, n&rsquo;est-ce pas ?).<\/p>\n<\/div>\n<\/div>\n<\/div>\n\n\n\n<div class=\"wp-block-group has-global-padding is-layout-constrained wp-block-group-is-layout-constrained\">\n<div class=\"wp-block-group width--950 has-global-padding is-layout-constrained wp-block-group-is-layout-constrained\">\n<div style=\"height:88px;--tablet-height:72px;--mobile-height:36px\" class=\"wp-block-lookeen-blocks-responsive-spacer\"><\/div>\n\n\n\n<div class=\"wp-block-group has-global-padding is-layout-constrained wp-block-group-is-layout-constrained\">\n<h2 class=\"wp-block-heading has-text-align-center display-h1\" style=\"margin-bottom:8px\">Qui peut b\u00e9n\u00e9ficier de Zenkit?<\/h2>\n<\/div>\n\n\n\n<div class=\"wp-block-group has-global-padding is-layout-constrained wp-block-group-is-layout-constrained\">\n<p class=\"has-text-align-center subheading\">Tout le monde, bien s\u00fbr \ud83d\ude09 Mais regardons d\u2019un peu plus pr\u00e8s&#8230;<\/p>\n<\/div>\n\n\n\n<div style=\"height:48px;--tablet-height:36px;--mobile-height:24px\" class=\"wp-block-lookeen-blocks-responsive-spacer\"><\/div>\n<\/div>\n\n\n\n<div class=\"wp-block-group application__grid has-global-padding is-layout-constrained wp-block-group-is-layout-constrained\">\n<div class=\"wp-block-group application__box has-global-padding is-layout-constrained wp-block-group-is-layout-constrained\" style=\"border-radius:20px\">\n<h3 class=\"wp-block-heading has-text-align-center card__title\" style=\"font-size:20px\">Les \u00e9quipes de recherches<\/h3>\n\n\n\n<p class=\"has-text-align-center has-da-grey-1-color has-text-color has-link-color wp-elements-7f691d3244b1c373ae4a51d2840583a4\">Hypernotes a des fonctions de collaboration uniques ce qui le rend parfait pour les \u00e9quipes de recherche.<\/p>\n<\/div>\n\n\n\n<div class=\"wp-block-group application__box has-global-padding is-layout-constrained wp-block-group-is-layout-constrained\" style=\"border-radius:20px\">\n<h3 class=\"wp-block-heading has-text-align-center card__title\" style=\"font-size:20px\">Chercheurs<\/h3>\n\n\n\n<p class=\"has-text-align-center has-da-grey-1-color has-text-color has-link-color wp-elements-eb6807983c46d90987d14c37272b5c18\">Si vous travaillez seul sur un projet de recherche, Hypernote peut \u00eatre le deuxi\u00e8me cerveau \u00e0 qui parler.<\/p>\n<\/div>\n\n\n\n<div class=\"wp-block-group application__box has-global-padding is-layout-constrained wp-block-group-is-layout-constrained\" style=\"border-radius:20px\">\n<h3 class=\"wp-block-heading has-text-align-center card__title\" style=\"font-size:20px\">Universit\u00e9s &amp; \u00c9tudiants<\/h3>\n\n\n\n<p class=\"has-text-align-center has-da-grey-1-color has-text-color has-link-color wp-elements-c91f9a337637ecd39362c569df86284b\">Organisez votre d\u00e9partement, planifiez vos cours magistraux, g\u00e9rez vos groupes de TD, \u00e9tudiez pour vos examens ou \u00e9crivez votre th\u00e8se en ligne.<\/p>\n<\/div>\n\n\n\n<div class=\"wp-block-group application__box has-global-padding is-layout-constrained wp-block-group-is-layout-constrained\" style=\"border-radius:20px\">\n<h3 class=\"wp-block-heading has-text-align-center card__title\" style=\"font-size:20px\">Gestionnaires de produits<\/h3>\n\n\n\n<p class=\"has-text-align-center has-da-grey-1-color has-text-color has-link-color wp-elements-a6e01d17c71d08326c82948fec8d88a2\">Documentez toutes les informations n\u00e9cessaires \u00e0 propos de votre produit.<\/p>\n<\/div>\n\n\n\n<div class=\"wp-block-group application__box has-global-padding is-layout-constrained wp-block-group-is-layout-constrained\" style=\"border-radius:20px\">\n<h3 class=\"wp-block-heading has-text-align-center card__title\" style=\"font-size:20px\">Startups &amp; Entrepreneurs<\/h3>\n\n\n\n<p class=\"has-text-align-center has-da-grey-1-color has-text-color has-link-color wp-elements-adf6e0bd094b9ee88740a1b9b30ffb4e\">Favorisez l\u2019innovation et la collaboration. D\u00e9veloppez votre business et votre \u00e9quipe avec Zenkit.<\/p>\n<\/div>\n\n\n\n<div class=\"wp-block-group application__box has-global-padding is-layout-constrained wp-block-group-is-layout-constrained\" style=\"border-radius:20px\">\n<h3 class=\"wp-block-heading has-text-align-center card__title\" style=\"font-size:20px\">Professeurs &amp; \u00c9coles<\/h3>\n\n\n\n<p class=\"has-text-align-center has-da-grey-1-color has-text-color has-link-color wp-elements-0d0791fbd29eefdda6414dec7e21cff2\">De l\u2019administration universitaires \u00e0 la planification des le\u00e7ons et les plans d\u2019\u00e9tude des \u00e9tudiants et \u00e9l\u00e8ves, vous pouvez tout r\u00e9aliser avec Hypernotes.<\/p>\n<\/div>\n\n\n\n<div class=\"wp-block-group application__box has-global-padding is-layout-constrained wp-block-group-is-layout-constrained\" style=\"border-radius:20px\">\n<h3 class=\"wp-block-heading has-text-align-center card__title\" style=\"font-size:20px\">\u00c9quipes de d\u00e9veloppement agile<\/h3>\n\n\n\n<p class=\"has-text-align-center has-da-grey-1-color has-text-color has-link-color wp-elements-32623438bc90bb6c90e5b280b03bcd41\">Parfait pour documenter les \u00e9pop\u00e9es, les \u00e9tapes importantes, les fonctionnalit\u00e9s et les bugs.<\/p>\n<\/div>\n<\/div>\n<\/div>\n\n\n\n<div style=\"height:110px;--tablet-height:60px;--mobile-height:48px\" class=\"wp-block-lookeen-blocks-responsive-spacer\"><\/div>\n","protected":false},"excerpt":{"rendered":"<p>Quand utiliser Hypernotes? Hypernotes peut \u00eatre utilis\u00e9 dans des sc\u00e9narios presque infinis&#8230; Wiki Cr\u00e9ez votre propre wiki pour usage interne ou public. Gestion des connaissances Cr\u00e9ez et publiez votre propre base de connaissance. Cartes mentales Cr\u00e9ation et \u00e9dition visuelle de vos pens\u00e9es, \u00e0 un tout autre niveau. Intranet Tout ce dont vous avez besoin pour [&hellip;]<\/p>\n","protected":false},"author":30,"featured_media":0,"parent":68122,"menu_order":1,"comment_status":"closed","ping_status":"closed","template":"wp-custom-template-fr-page-hypernotes","meta":{"yasr_overall_rating":0,"yasr_post_is_review":"","yasr_auto_insert_disabled":"","yasr_review_type":"","footnotes":""},"class_list":["post-68133","page","type-page","status-publish","hentry"],"yoast_head":"<!-- This site is optimized with the Yoast SEO plugin v27.3 - https:\/\/yoast.com\/product\/yoast-seo-wordpress\/ -->\n<title>Solutions | Zenkit<\/title>\n<meta name=\"robots\" content=\"index, follow, max-snippet:-1, max-image-preview:large, max-video-preview:-1\" \/>\n<link rel=\"canonical\" href=\"https:\/\/zenkit.com\/fr\/hypernotes\/solutions\/\" \/>\n<meta property=\"og:locale\" content=\"fr_FR\" \/>\n<meta property=\"og:type\" content=\"article\" \/>\n<meta property=\"og:title\" content=\"Solutions | Zenkit\" \/>\n<meta property=\"og:description\" content=\"Quand utiliser Hypernotes? Hypernotes peut \u00eatre utilis\u00e9 dans des sc\u00e9narios presque infinis&#8230; Wiki Cr\u00e9ez votre propre wiki pour usage interne ou public. Gestion des connaissances Cr\u00e9ez et publiez votre propre base de connaissance. Cartes mentales Cr\u00e9ation et \u00e9dition visuelle de vos pens\u00e9es, \u00e0 un tout autre niveau. Intranet Tout ce dont vous avez besoin pour [&hellip;]\" \/>\n<meta property=\"og:url\" content=\"https:\/\/zenkit.com\/fr\/hypernotes\/solutions\/\" \/>\n<meta property=\"og:site_name\" content=\"Zenkit\" \/>\n<meta property=\"article:publisher\" content=\"https:\/\/www.facebook.com\/ZenkitHQ\" \/>\n<meta property=\"article:modified_time\" content=\"2025-09-23T04:23:31+00:00\" \/>\n<meta name=\"twitter:card\" content=\"summary_large_image\" \/>\n<meta name=\"twitter:site\" content=\"@ZenkitHQ\" \/>\n<meta name=\"twitter:label1\" content=\"Dur\u00e9e de lecture estim\u00e9e\" \/>\n\t<meta name=\"twitter:data1\" content=\"2 minutes\" \/>\n<script type=\"application\/ld+json\" class=\"yoast-schema-graph\">{\"@context\":\"https:\\\/\\\/schema.org\",\"@graph\":[{\"@type\":\"WebPage\",\"@id\":\"https:\\\/\\\/zenkit.com\\\/fr\\\/hypernotes\\\/solutions\\\/\",\"url\":\"https:\\\/\\\/zenkit.com\\\/fr\\\/hypernotes\\\/solutions\\\/\",\"name\":\"Solutions | Zenkit\",\"isPartOf\":{\"@id\":\"https:\\\/\\\/zenkit.com\\\/fr\\\/#website\"},\"datePublished\":\"2020-11-11T10:14:47+00:00\",\"dateModified\":\"2025-09-23T04:23:31+00:00\",\"breadcrumb\":{\"@id\":\"https:\\\/\\\/zenkit.com\\\/fr\\\/hypernotes\\\/solutions\\\/#breadcrumb\"},\"inLanguage\":\"fr-FR\",\"potentialAction\":[{\"@type\":\"ReadAction\",\"target\":[\"https:\\\/\\\/zenkit.com\\\/fr\\\/hypernotes\\\/solutions\\\/\"]}]},{\"@type\":\"BreadcrumbList\",\"@id\":\"https:\\\/\\\/zenkit.com\\\/fr\\\/hypernotes\\\/solutions\\\/#breadcrumb\",\"itemListElement\":[{\"@type\":\"ListItem\",\"position\":1,\"name\":\"Home\",\"item\":\"https:\\\/\\\/zenkit.com\\\/fr\\\/\"},{\"@type\":\"ListItem\",\"position\":2,\"name\":\"Zenkit Hypernotes\",\"item\":\"https:\\\/\\\/zenkit.com\\\/fr\\\/hypernotes\\\/\"},{\"@type\":\"ListItem\",\"position\":3,\"name\":\"Solutions\"}]},{\"@type\":\"WebSite\",\"@id\":\"https:\\\/\\\/zenkit.com\\\/fr\\\/#website\",\"url\":\"https:\\\/\\\/zenkit.com\\\/fr\\\/\",\"name\":\"Zenkit\",\"description\":\"Zenkit Tagline\",\"potentialAction\":[{\"@type\":\"SearchAction\",\"target\":{\"@type\":\"EntryPoint\",\"urlTemplate\":\"https:\\\/\\\/zenkit.com\\\/fr\\\/?s={search_term_string}\"},\"query-input\":{\"@type\":\"PropertyValueSpecification\",\"valueRequired\":true,\"valueName\":\"search_term_string\"}}],\"inLanguage\":\"fr-FR\"},false]}<\/script>\n<!-- \/ Yoast SEO plugin. -->","yoast_head_json":{"title":"Solutions | Zenkit","robots":{"index":"index","follow":"follow","max-snippet":"max-snippet:-1","max-image-preview":"max-image-preview:large","max-video-preview":"max-video-preview:-1"},"canonical":"https:\/\/zenkit.com\/fr\/hypernotes\/solutions\/","og_locale":"fr_FR","og_type":"article","og_title":"Solutions | Zenkit","og_description":"Quand utiliser Hypernotes? Hypernotes peut \u00eatre utilis\u00e9 dans des sc\u00e9narios presque infinis&#8230; Wiki Cr\u00e9ez votre propre wiki pour usage interne ou public. Gestion des connaissances Cr\u00e9ez et publiez votre propre base de connaissance. Cartes mentales Cr\u00e9ation et \u00e9dition visuelle de vos pens\u00e9es, \u00e0 un tout autre niveau. Intranet Tout ce dont vous avez besoin pour [&hellip;]","og_url":"https:\/\/zenkit.com\/fr\/hypernotes\/solutions\/","og_site_name":"Zenkit","article_publisher":"https:\/\/www.facebook.com\/ZenkitHQ","article_modified_time":"2025-09-23T04:23:31+00:00","twitter_card":"summary_large_image","twitter_site":"@ZenkitHQ","twitter_misc":{"Dur\u00e9e de lecture estim\u00e9e":"2 minutes"},"schema":{"@context":"https:\/\/schema.org","@graph":[{"@type":"WebPage","@id":"https:\/\/zenkit.com\/fr\/hypernotes\/solutions\/","url":"https:\/\/zenkit.com\/fr\/hypernotes\/solutions\/","name":"Solutions | Zenkit","isPartOf":{"@id":"https:\/\/zenkit.com\/fr\/#website"},"datePublished":"2020-11-11T10:14:47+00:00","dateModified":"2025-09-23T04:23:31+00:00","breadcrumb":{"@id":"https:\/\/zenkit.com\/fr\/hypernotes\/solutions\/#breadcrumb"},"inLanguage":"fr-FR","potentialAction":[{"@type":"ReadAction","target":["https:\/\/zenkit.com\/fr\/hypernotes\/solutions\/"]}]},{"@type":"BreadcrumbList","@id":"https:\/\/zenkit.com\/fr\/hypernotes\/solutions\/#breadcrumb","itemListElement":[{"@type":"ListItem","position":1,"name":"Home","item":"https:\/\/zenkit.com\/fr\/"},{"@type":"ListItem","position":2,"name":"Zenkit Hypernotes","item":"https:\/\/zenkit.com\/fr\/hypernotes\/"},{"@type":"ListItem","position":3,"name":"Solutions"}]},{"@type":"WebSite","@id":"https:\/\/zenkit.com\/fr\/#website","url":"https:\/\/zenkit.com\/fr\/","name":"Zenkit","description":"Zenkit Tagline","potentialAction":[{"@type":"SearchAction","target":{"@type":"EntryPoint","urlTemplate":"https:\/\/zenkit.com\/fr\/?s={search_term_string}"},"query-input":{"@type":"PropertyValueSpecification","valueRequired":true,"valueName":"search_term_string"}}],"inLanguage":"fr-FR"},false]}},"yasr_visitor_votes":{"stars_attributes":{"read_only":false,"span_bottom":false},"number_of_votes":0,"sum_votes":0},"_links":{"self":[{"href":"https:\/\/zenkit.com\/fr\/wp-json\/wp\/v2\/pages\/68133","targetHints":{"allow":["GET"]}}],"collection":[{"href":"https:\/\/zenkit.com\/fr\/wp-json\/wp\/v2\/pages"}],"about":[{"href":"https:\/\/zenkit.com\/fr\/wp-json\/wp\/v2\/types\/page"}],"author":[{"embeddable":true,"href":"https:\/\/zenkit.com\/fr\/wp-json\/wp\/v2\/users\/30"}],"replies":[{"embeddable":true,"href":"https:\/\/zenkit.com\/fr\/wp-json\/wp\/v2\/comments?post=68133"}],"version-history":[{"count":3,"href":"https:\/\/zenkit.com\/fr\/wp-json\/wp\/v2\/pages\/68133\/revisions"}],"predecessor-version":[{"id":152818,"href":"https:\/\/zenkit.com\/fr\/wp-json\/wp\/v2\/pages\/68133\/revisions\/152818"}],"up":[{"embeddable":true,"href":"https:\/\/zenkit.com\/fr\/wp-json\/wp\/v2\/pages\/68122"}],"wp:attachment":[{"href":"https:\/\/zenkit.com\/fr\/wp-json\/wp\/v2\/media?parent=68133"}],"curies":[{"name":"wp","href":"https:\/\/api.w.org\/{rel}","templated":true}]}}