{"id":68411,"date":"2021-03-25T14:49:01","date_gmt":"2021-03-25T13:49:01","guid":{"rendered":"https:\/\/zenkit.com\/zoho-alternative\/"},"modified":"2025-11-04T06:53:13","modified_gmt":"2025-11-04T05:53:13","slug":"zoho-alternative","status":"publish","type":"page","link":"https:\/\/zenkit.com\/fr\/alternatives\/zoho-alternative\/","title":{"rendered":"Zoho Alternative"},"content":{"rendered":"\n<div class=\"wp-block-group has-global-padding is-layout-constrained wp-block-group-is-layout-constrained\">\n<div class=\"wp-block-group has-global-padding is-layout-constrained wp-container-core-group-is-layout-5bc7cfa1 wp-block-group-is-layout-constrained\">\n<div style=\"height:45px;--tablet-height:45px;--mobile-height:16px\" class=\"wp-block-lookeen-blocks-responsive-spacer\"><\/div>\n\n\n\n<h1 class=\"wp-block-heading has-text-align-center has-da-blue-color-new has-text-color has-link-color wp-elements-95c3d8c76cc16dac53623597fc589ea9\" style=\"margin-bottom:8px;font-size:24px;line-height:1.5\">Zenkit une alternative \u00e0 Zoho<\/h1>\n\n\n\n<h2 class=\"wp-block-heading has-text-align-center display-h1\">Zoho est une suite bureautique en ligne qui contient des applications telles que le traitement de texte, les feuilles de calcul et la gestion de projets.<\/h2>\n\n\n\n<div style=\"height:48px;--tablet-height:36px;--mobile-height:24px\" class=\"wp-block-lookeen-blocks-responsive-spacer\"><\/div>\n\n\n\n<p class=\"has-text-align-center\">Sa fonction premi\u00e8re en tant qu\u2019outil de CRM, est de permettre aux utilisateurs de g\u00e9rer les \u00e9changes entre entreprise et clients. Mais que faire si vous avez besoin de plus de simplicit\u00e9 dans la fa\u00e7on dont votre \u00e9quipe enregistre et g\u00e8re les \u00e9changes avec les clients?<\/p>\n\n\n\n<p class=\"has-text-align-center\">Avec Zenkit, nous avons d\u00e9velopp\u00e9 une solution de gestion en ligne qui soutient les \u00e9quipes dans la croissance et l\u2019\u00e9volution de leurs projets. Nous pensons qu\u2019avoir une structure \u00e0 la fois solide et simple peut vous aider \u00e0 vous focaliser sur l\u2019accomplissement des t\u00e2ches. C\u2019est pourquoi nous fournissons un soutien illimit\u00e9 dans votre flux de travail tout en vous donnant une structure que vous pouvez personnaliser \u00e0 votre guise. Si vous recherchez une alternative plus compl\u00e8te \u00e0&nbsp;Zoho, essayez Zenkit!<\/p>\n<\/div>\n<\/div>\n\n\n\n<div class=\"wp-block-group badges__section has-global-padding is-layout-constrained wp-block-group-is-layout-constrained\">\n<div style=\"height:88px;--tablet-height:60px;--mobile-height:45px\" class=\"wp-block-lookeen-blocks-responsive-spacer\"><\/div>\n\n\n\n<div class=\"wp-block-group has-global-padding is-layout-constrained wp-block-group-is-layout-constrained\">\n<div class=\"wp-block-zenkit-blocks-flexible-table comparison--table first__cell__inrow_header table-cell-mw-318px-desktop h-scroll-mobile\"><table><tbody>\n<tr class=\"wp-block-zenkit-blocks-flexible-table-row table-row\">\n<td class=\"wp-block-zenkit-blocks-flexible-table-cell table-cell\">\n<p><\/p>\n<\/td>\n\n\n\n<td class=\"wp-block-zenkit-blocks-flexible-table-cell table-cell\">\n<p class=\"has-text-align-center has-da-blue-color-new has-text-color has-link-color wp-elements-952385c675fa81a6bb28267d446e1180\" style=\"font-size:22px;font-style:normal;font-weight:700;line-height:1.36\">Zoho<\/p>\n<\/td>\n\n\n\n<td class=\"wp-block-zenkit-blocks-flexible-table-cell table-cell\">\n<p class=\"has-text-align-center has-da-blue-color-new has-text-color has-link-color wp-elements-6af59828f4d8ada9a190d70ae1051521\" style=\"font-size:22px;font-style:normal;font-weight:700;line-height:1.36\">Zenkit<\/p>\n<\/td>\n<\/tr>\n\n\n\n<tr class=\"wp-block-zenkit-blocks-flexible-table-row table-row\">\n<td class=\"wp-block-zenkit-blocks-flexible-table-cell table-cell\">\n<p>\u2705 Gestion de t\u00e2ches et projets<\/p>\n<\/td>\n\n\n\n<td class=\"wp-block-zenkit-blocks-flexible-table-cell table-cell\">\n<figure class=\"wp-block-image size-full is-resized\"><img decoding=\"async\" src=\"https:\/\/zenkit.com\/wp-content\/uploads\/2025\/06\/check.svg\" alt=\"\" class=\"wp-image-115965\" style=\"width:18px\"\/><\/figure>\n<\/td>\n\n\n\n<td class=\"wp-block-zenkit-blocks-flexible-table-cell table-cell\">\n<figure class=\"wp-block-image size-full is-resized\"><img decoding=\"async\" src=\"https:\/\/zenkit.com\/wp-content\/uploads\/2025\/06\/check.svg\" alt=\"\" class=\"wp-image-115965\" style=\"width:18px\"\/><\/figure>\n<\/td>\n<\/tr>\n\n\n\n<tr class=\"wp-block-zenkit-blocks-flexible-table-row table-row\">\n<td class=\"wp-block-zenkit-blocks-flexible-table-cell table-cell\">\n<p>\ud83d\udccb Kanban, affichage en liste, Gantt<\/p>\n<\/td>\n\n\n\n<td class=\"wp-block-zenkit-blocks-flexible-table-cell table-cell\">\n<figure class=\"wp-block-image size-full is-resized\"><img decoding=\"async\" src=\"https:\/\/zenkit.com\/wp-content\/uploads\/2025\/06\/check.svg\" alt=\"\" class=\"wp-image-115965\" style=\"width:18px\"\/><\/figure>\n<\/td>\n\n\n\n<td class=\"wp-block-zenkit-blocks-flexible-table-cell table-cell\">\n<figure class=\"wp-block-image size-full is-resized\"><img decoding=\"async\" src=\"https:\/\/zenkit.com\/wp-content\/uploads\/2025\/06\/check.svg\" alt=\"\" class=\"wp-image-115965\" style=\"width:18px\"\/><\/figure>\n<\/td>\n<\/tr>\n\n\n\n<tr class=\"wp-block-zenkit-blocks-flexible-table-row table-row\">\n<td class=\"wp-block-zenkit-blocks-flexible-table-cell table-cell\">\n<p>\ud83e\udd16 Int\u00e9gration de Zapier pour l&rsquo;automatisation<\/p>\n<\/td>\n\n\n\n<td class=\"wp-block-zenkit-blocks-flexible-table-cell table-cell\">\n<figure class=\"wp-block-image size-full is-resized\"><img decoding=\"async\" src=\"https:\/\/zenkit.com\/wp-content\/uploads\/2025\/06\/check.svg\" alt=\"\" class=\"wp-image-115965\" style=\"width:18px\"\/><\/figure>\n<\/td>\n\n\n\n<td class=\"wp-block-zenkit-blocks-flexible-table-cell table-cell\">\n<figure class=\"wp-block-image size-full is-resized\"><img decoding=\"async\" src=\"https:\/\/zenkit.com\/wp-content\/uploads\/2025\/06\/check.svg\" alt=\"\" class=\"wp-image-115965\" style=\"width:18px\"\/><\/figure>\n<\/td>\n<\/tr>\n\n\n\n<tr class=\"wp-block-zenkit-blocks-flexible-table-row table-row\">\n<td class=\"wp-block-zenkit-blocks-flexible-table-cell table-cell\">\n<p>\ud83d\udcd6 Wikis et documentation<\/p>\n<\/td>\n\n\n\n<td class=\"wp-block-zenkit-blocks-flexible-table-cell table-cell\">\n<figure class=\"wp-block-image size-full is-resized\"><img decoding=\"async\" src=\"https:\/\/zenkit.com\/wp-content\/uploads\/2025\/06\/check.svg\" alt=\"\" class=\"wp-image-115965\" style=\"width:18px\"\/><\/figure>\n<\/td>\n\n\n\n<td class=\"wp-block-zenkit-blocks-flexible-table-cell table-cell\">\n<figure class=\"wp-block-image size-full is-resized\"><img decoding=\"async\" src=\"https:\/\/zenkit.com\/wp-content\/uploads\/2025\/06\/check.svg\" alt=\"\" class=\"wp-image-115965\" style=\"width:18px\"\/><\/figure>\n<\/td>\n<\/tr>\n\n\n\n<tr class=\"wp-block-zenkit-blocks-flexible-table-row table-row\">\n<td class=\"wp-block-zenkit-blocks-flexible-table-cell table-cell\">\n<p>\ud83d\udcac Discussions de groupe et messages directs<\/p>\n<\/td>\n\n\n\n<td class=\"wp-block-zenkit-blocks-flexible-table-cell table-cell\">\n<figure class=\"wp-block-image size-full is-resized\"><img decoding=\"async\" src=\"https:\/\/zenkit.com\/wp-content\/uploads\/2025\/06\/check.svg\" alt=\"\" class=\"wp-image-115965\" style=\"width:18px\"\/><\/figure>\n<\/td>\n\n\n\n<td class=\"wp-block-zenkit-blocks-flexible-table-cell table-cell\">\n<figure class=\"wp-block-image size-full is-resized\"><img decoding=\"async\" src=\"https:\/\/zenkit.com\/wp-content\/uploads\/2025\/06\/check.svg\" alt=\"\" class=\"wp-image-115965\" style=\"width:18px\"\/><\/figure>\n<\/td>\n<\/tr>\n\n\n\n<tr class=\"wp-block-zenkit-blocks-flexible-table-row table-row\">\n<td class=\"wp-block-zenkit-blocks-flexible-table-cell table-cell\">\n<p>\ud83c\udf0d Disponible en plus de 10 langues<\/p>\n<\/td>\n\n\n\n<td class=\"wp-block-zenkit-blocks-flexible-table-cell table-cell\">\n<figure class=\"wp-block-image size-full is-resized\"><img decoding=\"async\" src=\"https:\/\/zenkit.com\/wp-content\/uploads\/2025\/06\/check.svg\" alt=\"\" class=\"wp-image-115965\" style=\"width:18px\"\/><\/figure>\n<\/td>\n\n\n\n<td class=\"wp-block-zenkit-blocks-flexible-table-cell table-cell\">\n<figure class=\"wp-block-image size-full is-resized\"><img decoding=\"async\" src=\"https:\/\/zenkit.com\/wp-content\/uploads\/2025\/06\/check.svg\" alt=\"\" class=\"wp-image-115965\" style=\"width:18px\"\/><\/figure>\n<\/td>\n<\/tr>\n\n\n\n<tr class=\"wp-block-zenkit-blocks-flexible-table-row table-row\">\n<td class=\"wp-block-zenkit-blocks-flexible-table-cell table-cell\">\n<p>\ud83d\udcde Consultation initiale gratuite en allemand<\/p>\n<\/td>\n\n\n\n<td class=\"wp-block-zenkit-blocks-flexible-table-cell table-cell\">\n<figure class=\"wp-block-image size-full is-resized\"><img decoding=\"async\" src=\"https:\/\/zenkit.com\/wp-content\/uploads\/2025\/06\/cross.svg\" alt=\"\" class=\"wp-image-115982\" style=\"width:18px\"\/><\/figure>\n<\/td>\n\n\n\n<td class=\"wp-block-zenkit-blocks-flexible-table-cell table-cell\">\n<figure class=\"wp-block-image size-full is-resized\"><img decoding=\"async\" src=\"https:\/\/zenkit.com\/wp-content\/uploads\/2025\/06\/check.svg\" alt=\"\" class=\"wp-image-115965\" style=\"width:18px\"\/><\/figure>\n<\/td>\n<\/tr>\n\n\n\n<tr class=\"wp-block-zenkit-blocks-flexible-table-row table-row\">\n<td class=\"wp-block-zenkit-blocks-flexible-table-cell table-cell\">\n<p>\ud83c\udde9\ud83c\uddea Emplacement du serveur en Allemagne uniquement<\/p>\n<\/td>\n\n\n\n<td class=\"wp-block-zenkit-blocks-flexible-table-cell table-cell\">\n<figure class=\"wp-block-image size-full is-resized\"><img decoding=\"async\" src=\"https:\/\/zenkit.com\/wp-content\/uploads\/2025\/06\/cross.svg\" alt=\"\" class=\"wp-image-115982\" style=\"width:18px\"\/><\/figure>\n<\/td>\n\n\n\n<td class=\"wp-block-zenkit-blocks-flexible-table-cell table-cell\">\n<figure class=\"wp-block-image size-full is-resized\"><img decoding=\"async\" src=\"https:\/\/zenkit.com\/wp-content\/uploads\/2025\/06\/check.svg\" alt=\"\" class=\"wp-image-115965\" style=\"width:18px\"\/><\/figure>\n<\/td>\n<\/tr>\n\n\n\n<tr class=\"wp-block-zenkit-blocks-flexible-table-row table-row\">\n<td class=\"wp-block-zenkit-blocks-flexible-table-cell table-cell\">\n<p>\ud83d\udd12 Priorit\u00e9 \u00e0 la protection des donn\u00e9es en Allemagne<\/p>\n<\/td>\n\n\n\n<td class=\"wp-block-zenkit-blocks-flexible-table-cell table-cell\">\n<figure class=\"wp-block-image size-full is-resized\"><img decoding=\"async\" src=\"https:\/\/zenkit.com\/wp-content\/uploads\/2025\/06\/cross.svg\" alt=\"\" class=\"wp-image-115982\" style=\"width:18px\"\/><\/figure>\n<\/td>\n\n\n\n<td class=\"wp-block-zenkit-blocks-flexible-table-cell table-cell\">\n<figure class=\"wp-block-image size-full is-resized\"><img decoding=\"async\" src=\"https:\/\/zenkit.com\/wp-content\/uploads\/2025\/06\/check.svg\" alt=\"\" class=\"wp-image-115965\" style=\"width:18px\"\/><\/figure>\n<\/td>\n<\/tr>\n\n\n\n<tr class=\"wp-block-zenkit-blocks-flexible-table-row table-row\">\n<td class=\"wp-block-zenkit-blocks-flexible-table-cell table-cell\">\n<p>\ud83d\udedf Service client\u00e8le EN\/DE par e-mail et chat<\/p>\n<\/td>\n\n\n\n<td class=\"wp-block-zenkit-blocks-flexible-table-cell table-cell\">\n<figure class=\"wp-block-image size-full is-resized\"><img decoding=\"async\" src=\"https:\/\/zenkit.com\/wp-content\/uploads\/2025\/06\/cross.svg\" alt=\"\" class=\"wp-image-115982\" style=\"width:18px\"\/><\/figure>\n<\/td>\n\n\n\n<td class=\"wp-block-zenkit-blocks-flexible-table-cell table-cell\">\n<figure class=\"wp-block-image size-full is-resized\"><img decoding=\"async\" src=\"https:\/\/zenkit.com\/wp-content\/uploads\/2025\/06\/check.svg\" alt=\"\" class=\"wp-image-115965\" style=\"width:18px\"\/><\/figure>\n<\/td>\n<\/tr>\n<\/tbody><\/table><\/div>\n<\/div>\n<\/div>\n\n\n\n<div class=\"wp-block-group has-global-padding is-layout-constrained wp-block-group-is-layout-constrained\">\n<div style=\"height:88px;--tablet-height:60px;--mobile-height:45px\" class=\"wp-block-lookeen-blocks-responsive-spacer\"><\/div>\n\n\n\n<div class=\"wp-block-zenkit-blocks-flexible-table comparison--table table-cell-mw-318px-desktop h-scroll-mobile\"><table><tbody>\n<tr class=\"wp-block-zenkit-blocks-flexible-table-row table-row\">\n<td class=\"wp-block-zenkit-blocks-flexible-table-cell table-cell\">\n<p class=\"has-text-align-center has-da-blue-color-new has-text-color has-link-color wp-elements-3db57be0a1aa85f3cbc06d8f1e5784de\" style=\"font-size:22px;font-style:normal;font-weight:700;line-height:1.36\">Avantages de Zoho<\/p>\n<\/td>\n\n\n\n<td class=\"wp-block-zenkit-blocks-flexible-table-cell table-cell\">\n<p class=\"has-text-align-center has-da-blue-color-new has-text-color has-link-color wp-elements-14da660e552b2d54840e6425f6088986\" style=\"font-size:22px;font-style:normal;font-weight:700;line-height:1.36\">Inconv\u00e9nients de Zoho<\/p>\n<\/td>\n\n\n\n<td class=\"wp-block-zenkit-blocks-flexible-table-cell table-cell\">\n<p class=\"has-text-align-center has-da-blue-color-new has-text-color has-link-color wp-elements-56b07a398df642fcd6cad5757e587d33\" style=\"font-size:22px;font-style:normal;font-weight:700;line-height:1.36\">Avantages de Zenkit<\/p>\n<\/td>\n<\/tr>\n\n\n\n<tr class=\"wp-block-zenkit-blocks-flexible-table-row table-row\">\n<td class=\"wp-block-zenkit-blocks-flexible-table-cell table-cell\">\n<p class=\"has-text-align-center\">Formules &amp; agr\u00e9gations<\/p>\n<\/td>\n\n\n\n<td class=\"wp-block-zenkit-blocks-flexible-table-cell table-cell\">\n<p class=\"has-text-align-center\">Phase d\u2019accueil complexe<\/p>\n<\/td>\n\n\n\n<td class=\"wp-block-zenkit-blocks-flexible-table-cell table-cell\">\n<p class=\"has-text-align-center\">Interface facile d\u2019utilisation<\/p>\n<\/td>\n<\/tr>\n\n\n\n<tr class=\"wp-block-zenkit-blocks-flexible-table-row table-row\">\n<td class=\"wp-block-zenkit-blocks-flexible-table-cell table-cell\">\n<p class=\"has-text-align-center\">Fonctions personnalisables<\/p>\n<\/td>\n\n\n\n<td class=\"wp-block-zenkit-blocks-flexible-table-cell table-cell\">\n<p class=\"has-text-align-center\">Ne peut d\u00e9finir qu\u2019une seule devise pour l\u2019ensemble du syst\u00e8me<\/p>\n<\/td>\n\n\n\n<td class=\"wp-block-zenkit-blocks-flexible-table-cell table-cell\">\n<p class=\"has-text-align-center\">Large gamme d\u2019int\u00e9grations<\/p>\n<\/td>\n<\/tr>\n\n\n\n<tr class=\"wp-block-zenkit-blocks-flexible-table-row table-row\">\n<td class=\"wp-block-zenkit-blocks-flexible-table-cell table-cell\">\n<p class=\"has-text-align-center\">Rapports et analyses de base<\/p>\n<\/td>\n\n\n\n<td class=\"wp-block-zenkit-blocks-flexible-table-cell table-cell\">\n<p class=\"has-text-align-center\">Pas d\u2019acc\u00e8s hors-ligne disponible pour la version navigateur<\/p>\n<\/td>\n\n\n\n<td class=\"wp-block-zenkit-blocks-flexible-table-cell table-cell\">\n<p class=\"has-text-align-center\">Acc\u00e8s hors-ligne complet sur toutes les plateformes et applications<\/p>\n<\/td>\n<\/tr>\n<\/tbody><\/table><\/div>\n\n\n\n<div style=\"height:88px;--tablet-height:60px;--mobile-height:45px\" class=\"wp-block-lookeen-blocks-responsive-spacer\"><\/div>\n<\/div>\n\n\n\n<div class=\"wp-block-group has-global-padding is-layout-constrained wp-container-core-group-is-layout-7cc94c3e wp-block-group-is-layout-constrained\">\n<figure class=\"wp-block-image aligncenter size-full is-resized\" style=\"margin-bottom:8px\"><img decoding=\"async\" src=\"https:\/\/zenkit.com\/wp-content\/uploads\/2025\/05\/info.svg\" alt=\"Haftungsausschluss\" class=\"wp-image-113476\" style=\"width:36px;height:auto\"\/><\/figure>\n\n\n\n<p class=\"has-text-align-center has-da-grey-1-color has-text-color has-link-color wp-elements-3b363b760189d20075360a66eb839311\" style=\"margin-top:0px;margin-bottom:0px;font-style:normal;font-weight:700\">Clause de non-responsabilit\u00e9:<\/p>\n\n\n\n<p class=\"has-text-align-center has-da-grey-1-color has-text-color has-link-color wp-elements-c9d6eb587dfd2e46ced9c95c3230bc7f\">Toutes les marques d\u00e9pos\u00e9es, les noms de soci\u00e9t\u00e9s et les noms de marques utilis\u00e9s sur ce site web sont la propri\u00e9t\u00e9 de leurs propri\u00e9taires respectifs. Zenkit n\u2019a aucune affiliation avec les autres produits mentionn\u00e9s sur cette page. Les donn\u00e9es sur les caract\u00e9ristiques sont tir\u00e9es directement des sites Web connexes et des documents marketing en date d\u2019avril 2019. Les informations et les fonctionnalit\u00e9s sont susceptibles d\u2019\u00eatre modifi\u00e9es. Pour signaler des corrections, veuillez&nbsp;<a href=\"https:\/\/zenkit.com\/fr\/contact-2\/\">nous contacter<\/a>.<\/p>\n<\/div>\n\n\n\n<div style=\"height:110px;--tablet-height:60px;--mobile-height:60px\" class=\"wp-block-lookeen-blocks-responsive-spacer\"><\/div>\n","protected":false},"excerpt":{"rendered":"<p>Zenkit une alternative \u00e0 Zoho Zoho est une suite bureautique en ligne qui contient des applications telles que le traitement de texte, les feuilles de calcul et la gestion de projets. Sa fonction premi\u00e8re en tant qu\u2019outil de CRM, est de permettre aux utilisateurs de g\u00e9rer les \u00e9changes entre entreprise et clients. Mais que faire [&hellip;]<\/p>\n","protected":false},"author":30,"featured_media":0,"parent":127853,"menu_order":5,"comment_status":"closed","ping_status":"closed","template":"","meta":{"yasr_overall_rating":0,"yasr_post_is_review":"","yasr_auto_insert_disabled":"","yasr_review_type":"","footnotes":""},"class_list":["post-68411","page","type-page","status-publish","hentry"],"yoast_head":"<!-- This site is optimized with the Yoast SEO plugin v27.4 - https:\/\/yoast.com\/product\/yoast-seo-wordpress\/ -->\n<title>Zoho Alternative | Zenkit<\/title>\n<meta name=\"robots\" content=\"index, follow, max-snippet:-1, max-image-preview:large, max-video-preview:-1\" \/>\n<link rel=\"canonical\" href=\"https:\/\/zenkit.com\/fr\/alternatives\/zoho-alternative\/\" \/>\n<meta property=\"og:locale\" content=\"fr_FR\" \/>\n<meta property=\"og:type\" content=\"article\" \/>\n<meta property=\"og:title\" content=\"Zoho Alternative | Zenkit\" \/>\n<meta property=\"og:description\" content=\"Zenkit une alternative \u00e0 Zoho Zoho est une suite bureautique en ligne qui contient des applications telles que le traitement de texte, les feuilles de calcul et la gestion de projets. Sa fonction premi\u00e8re en tant qu\u2019outil de CRM, est de permettre aux utilisateurs de g\u00e9rer les \u00e9changes entre entreprise et clients. Mais que faire [&hellip;]\" \/>\n<meta property=\"og:url\" content=\"https:\/\/zenkit.com\/fr\/alternatives\/zoho-alternative\/\" \/>\n<meta property=\"og:site_name\" content=\"Zenkit\" \/>\n<meta property=\"article:publisher\" content=\"https:\/\/www.facebook.com\/ZenkitHQ\" \/>\n<meta property=\"article:modified_time\" content=\"2025-11-04T05:53:13+00:00\" \/>\n<meta property=\"og:image\" content=\"https:\/\/zenkit.com\/wp-content\/uploads\/2025\/06\/check.svg\" \/>\n<meta name=\"twitter:card\" content=\"summary_large_image\" \/>\n<meta name=\"twitter:site\" content=\"@ZenkitHQ\" \/>\n<meta name=\"twitter:label1\" content=\"Dur\u00e9e de lecture estim\u00e9e\" \/>\n\t<meta name=\"twitter:data1\" content=\"2 minutes\" \/>\n<script type=\"application\/ld+json\" class=\"yoast-schema-graph\">{\"@context\":\"https:\\\/\\\/schema.org\",\"@graph\":[{\"@type\":\"WebPage\",\"@id\":\"https:\\\/\\\/zenkit.com\\\/fr\\\/alternatives\\\/zoho-alternative\\\/\",\"url\":\"https:\\\/\\\/zenkit.com\\\/fr\\\/alternatives\\\/zoho-alternative\\\/\",\"name\":\"Zoho Alternative | Zenkit\",\"isPartOf\":{\"@id\":\"https:\\\/\\\/zenkit.com\\\/fr\\\/#website\"},\"primaryImageOfPage\":{\"@id\":\"https:\\\/\\\/zenkit.com\\\/fr\\\/alternatives\\\/zoho-alternative\\\/#primaryimage\"},\"image\":{\"@id\":\"https:\\\/\\\/zenkit.com\\\/fr\\\/alternatives\\\/zoho-alternative\\\/#primaryimage\"},\"thumbnailUrl\":\"https:\\\/\\\/zenkit.com\\\/wp-content\\\/uploads\\\/2025\\\/06\\\/check.svg\",\"datePublished\":\"2021-03-25T13:49:01+00:00\",\"dateModified\":\"2025-11-04T05:53:13+00:00\",\"breadcrumb\":{\"@id\":\"https:\\\/\\\/zenkit.com\\\/fr\\\/alternatives\\\/zoho-alternative\\\/#breadcrumb\"},\"inLanguage\":\"fr-FR\",\"potentialAction\":[{\"@type\":\"ReadAction\",\"target\":[\"https:\\\/\\\/zenkit.com\\\/fr\\\/alternatives\\\/zoho-alternative\\\/\"]}]},{\"@type\":\"ImageObject\",\"inLanguage\":\"fr-FR\",\"@id\":\"https:\\\/\\\/zenkit.com\\\/fr\\\/alternatives\\\/zoho-alternative\\\/#primaryimage\",\"url\":\"https:\\\/\\\/zenkit.com\\\/wp-content\\\/uploads\\\/2025\\\/06\\\/check.svg\",\"contentUrl\":\"https:\\\/\\\/zenkit.com\\\/wp-content\\\/uploads\\\/2025\\\/06\\\/check.svg\"},{\"@type\":\"BreadcrumbList\",\"@id\":\"https:\\\/\\\/zenkit.com\\\/fr\\\/alternatives\\\/zoho-alternative\\\/#breadcrumb\",\"itemListElement\":[{\"@type\":\"ListItem\",\"position\":1,\"name\":\"Home\",\"item\":\"https:\\\/\\\/zenkit.com\\\/fr\\\/\"},{\"@type\":\"ListItem\",\"position\":2,\"name\":\"Alternatives\",\"item\":\"https:\\\/\\\/zenkit.com\\\/fr\\\/alternatives\\\/\"},{\"@type\":\"ListItem\",\"position\":3,\"name\":\"Zoho Alternative\"}]},{\"@type\":\"WebSite\",\"@id\":\"https:\\\/\\\/zenkit.com\\\/fr\\\/#website\",\"url\":\"https:\\\/\\\/zenkit.com\\\/fr\\\/\",\"name\":\"Zenkit\",\"description\":\"Zenkit Tagline\",\"potentialAction\":[{\"@type\":\"SearchAction\",\"target\":{\"@type\":\"EntryPoint\",\"urlTemplate\":\"https:\\\/\\\/zenkit.com\\\/fr\\\/?s={search_term_string}\"},\"query-input\":{\"@type\":\"PropertyValueSpecification\",\"valueRequired\":true,\"valueName\":\"search_term_string\"}}],\"inLanguage\":\"fr-FR\"},false]}<\/script>\n<!-- \/ Yoast SEO plugin. -->","yoast_head_json":{"title":"Zoho Alternative | Zenkit","robots":{"index":"index","follow":"follow","max-snippet":"max-snippet:-1","max-image-preview":"max-image-preview:large","max-video-preview":"max-video-preview:-1"},"canonical":"https:\/\/zenkit.com\/fr\/alternatives\/zoho-alternative\/","og_locale":"fr_FR","og_type":"article","og_title":"Zoho Alternative | Zenkit","og_description":"Zenkit une alternative \u00e0 Zoho Zoho est une suite bureautique en ligne qui contient des applications telles que le traitement de texte, les feuilles de calcul et la gestion de projets. Sa fonction premi\u00e8re en tant qu\u2019outil de CRM, est de permettre aux utilisateurs de g\u00e9rer les \u00e9changes entre entreprise et clients. Mais que faire [&hellip;]","og_url":"https:\/\/zenkit.com\/fr\/alternatives\/zoho-alternative\/","og_site_name":"Zenkit","article_publisher":"https:\/\/www.facebook.com\/ZenkitHQ","article_modified_time":"2025-11-04T05:53:13+00:00","og_image":[{"url":"https:\/\/zenkit.com\/wp-content\/uploads\/2025\/06\/check.svg","type":"","width":"","height":""}],"twitter_card":"summary_large_image","twitter_site":"@ZenkitHQ","twitter_misc":{"Dur\u00e9e de lecture estim\u00e9e":"2 minutes"},"schema":{"@context":"https:\/\/schema.org","@graph":[{"@type":"WebPage","@id":"https:\/\/zenkit.com\/fr\/alternatives\/zoho-alternative\/","url":"https:\/\/zenkit.com\/fr\/alternatives\/zoho-alternative\/","name":"Zoho Alternative | Zenkit","isPartOf":{"@id":"https:\/\/zenkit.com\/fr\/#website"},"primaryImageOfPage":{"@id":"https:\/\/zenkit.com\/fr\/alternatives\/zoho-alternative\/#primaryimage"},"image":{"@id":"https:\/\/zenkit.com\/fr\/alternatives\/zoho-alternative\/#primaryimage"},"thumbnailUrl":"https:\/\/zenkit.com\/wp-content\/uploads\/2025\/06\/check.svg","datePublished":"2021-03-25T13:49:01+00:00","dateModified":"2025-11-04T05:53:13+00:00","breadcrumb":{"@id":"https:\/\/zenkit.com\/fr\/alternatives\/zoho-alternative\/#breadcrumb"},"inLanguage":"fr-FR","potentialAction":[{"@type":"ReadAction","target":["https:\/\/zenkit.com\/fr\/alternatives\/zoho-alternative\/"]}]},{"@type":"ImageObject","inLanguage":"fr-FR","@id":"https:\/\/zenkit.com\/fr\/alternatives\/zoho-alternative\/#primaryimage","url":"https:\/\/zenkit.com\/wp-content\/uploads\/2025\/06\/check.svg","contentUrl":"https:\/\/zenkit.com\/wp-content\/uploads\/2025\/06\/check.svg"},{"@type":"BreadcrumbList","@id":"https:\/\/zenkit.com\/fr\/alternatives\/zoho-alternative\/#breadcrumb","itemListElement":[{"@type":"ListItem","position":1,"name":"Home","item":"https:\/\/zenkit.com\/fr\/"},{"@type":"ListItem","position":2,"name":"Alternatives","item":"https:\/\/zenkit.com\/fr\/alternatives\/"},{"@type":"ListItem","position":3,"name":"Zoho Alternative"}]},{"@type":"WebSite","@id":"https:\/\/zenkit.com\/fr\/#website","url":"https:\/\/zenkit.com\/fr\/","name":"Zenkit","description":"Zenkit Tagline","potentialAction":[{"@type":"SearchAction","target":{"@type":"EntryPoint","urlTemplate":"https:\/\/zenkit.com\/fr\/?s={search_term_string}"},"query-input":{"@type":"PropertyValueSpecification","valueRequired":true,"valueName":"search_term_string"}}],"inLanguage":"fr-FR"},false]}},"yasr_visitor_votes":{"stars_attributes":{"read_only":false,"span_bottom":false},"number_of_votes":0,"sum_votes":0},"_links":{"self":[{"href":"https:\/\/zenkit.com\/fr\/wp-json\/wp\/v2\/pages\/68411","targetHints":{"allow":["GET"]}}],"collection":[{"href":"https:\/\/zenkit.com\/fr\/wp-json\/wp\/v2\/pages"}],"about":[{"href":"https:\/\/zenkit.com\/fr\/wp-json\/wp\/v2\/types\/page"}],"author":[{"embeddable":true,"href":"https:\/\/zenkit.com\/fr\/wp-json\/wp\/v2\/users\/30"}],"replies":[{"embeddable":true,"href":"https:\/\/zenkit.com\/fr\/wp-json\/wp\/v2\/comments?post=68411"}],"version-history":[{"count":2,"href":"https:\/\/zenkit.com\/fr\/wp-json\/wp\/v2\/pages\/68411\/revisions"}],"predecessor-version":[{"id":127898,"href":"https:\/\/zenkit.com\/fr\/wp-json\/wp\/v2\/pages\/68411\/revisions\/127898"}],"up":[{"embeddable":true,"href":"https:\/\/zenkit.com\/fr\/wp-json\/wp\/v2\/pages\/127853"}],"wp:attachment":[{"href":"https:\/\/zenkit.com\/fr\/wp-json\/wp\/v2\/media?parent=68411"}],"curies":[{"name":"wp","href":"https:\/\/api.w.org\/{rel}","templated":true}]}}