{"id":72493,"date":"2019-12-17T15:12:53","date_gmt":"2019-12-17T14:12:53","guid":{"rendered":"https:\/\/zenkit.com\/suite\/solutions\/team-wiki\/"},"modified":"2025-11-03T08:13:15","modified_gmt":"2025-11-03T07:13:15","slug":"team-wiki","status":"publish","type":"page","link":"https:\/\/zenkit.com\/fr\/hypernotes\/solutions\/team-wiki\/","title":{"rendered":"Publish a Team Wiki"},"content":{"rendered":"\n<div class=\"wp-block-group has-global-padding is-layout-constrained wp-block-group-is-layout-constrained\">\n<div class=\"wp-block-group width--950 has-global-padding is-layout-constrained wp-block-group-is-layout-constrained\">\n<div class=\"wp-block-group has-global-padding is-layout-constrained wp-block-group-is-layout-constrained\">\n<div style=\"height:45px;--tablet-height:45px;--mobile-height:16px\" class=\"wp-block-lookeen-blocks-responsive-spacer\"><\/div>\n\n\n\n<h1 class=\"wp-block-heading has-text-align-center\" style=\"margin-bottom:8px\">Affichage Wiki<\/h1>\n<\/div>\n\n\n\n<div class=\"wp-block-group has-global-padding is-layout-constrained wp-block-group-is-layout-constrained\">\n<p class=\"has-text-align-center subheading\">Un wiki riche en fonctionnalit\u00e9s et collaboratif pour les \u00e9quipes et les entreprises<\/p>\n<\/div>\n\n\n\n<div style=\"height:48px;--tablet-height:36px;--mobile-height:24px\" class=\"wp-block-lookeen-blocks-responsive-spacer\"><\/div>\n\n\n\n<div class=\"wp-block-group has-global-padding is-layout-constrained wp-block-group-is-layout-constrained\">\n<p class=\"has-text-align-center\">L\u2019affichage wiki de Zenkit vous permet de cr\u00e9er et de publier rapidement et intuitivement de belles pages wiki riches en contenu. Utilisez Zenkit comme syst\u00e8me de gestion de contenu pour cr\u00e9er un wiki d\u2019\u00e9quipe interne, ou pour publier votre propre site wiki public.<\/p>\n<\/div>\n<\/div>\n\n\n\n<div style=\"height:88px;--tablet-height:72px;--mobile-height:40px\" class=\"wp-block-lookeen-blocks-responsive-spacer\"><\/div>\n<\/div>\n\n\n\n<div class=\"wp-block-group has-global-padding is-layout-constrained wp-block-group-is-layout-constrained\">\n<div class=\"wp-block-group three-column-grid has-global-padding is-layout-constrained wp-block-group-is-layout-constrained\">\n<div class=\"wp-block-group is-style-da-box-shadow has-global-padding is-layout-constrained wp-container-core-group-is-layout-81115059 wp-block-group-is-layout-constrained\" style=\"border-radius:20px;padding-top:25px;padding-right:25px;padding-bottom:25px;padding-left:25px\">\n<figure class=\"wp-block-image aligncenter size-full is-resized\"><img loading=\"lazy\" decoding=\"async\" width=\"150\" height=\"150\" src=\"https:\/\/zenkit.com\/wp-content\/uploads\/2019\/12\/everything-in-one-place-2.png\" alt=\"Alles in einem Tool\" class=\"wp-image-35095\" style=\"width:150px\"\/><\/figure>\n\n\n\n<h3 class=\"wp-block-heading has-text-align-center\">Tout au m\u00eame endroit<\/h3>\n\n\n\n<p class=\"has-text-align-center\">Cr\u00e9ez, \u00e9ditez, et publiez votre wiki \u00e0 partir des m\u00eames outils que vous utilisez pour g\u00e9rer tout le reste ! Organisez votre wiki, vos projets, vos processus, vos documents, votre \u00e9quipe, et bien plus avec une seule application.<\/p>\n<\/div>\n\n\n\n<div class=\"wp-block-group is-style-da-box-shadow has-global-padding is-layout-constrained wp-container-core-group-is-layout-81115059 wp-block-group-is-layout-constrained\" style=\"border-radius:20px;padding-top:25px;padding-right:25px;padding-bottom:25px;padding-left:25px\">\n<figure class=\"wp-block-image aligncenter size-full is-resized\"><img loading=\"lazy\" decoding=\"async\" width=\"150\" height=\"150\" src=\"https:\/\/zenkit.com\/wp-content\/uploads\/2019\/12\/create-beautiful-wikis-2.png\" alt=\"Erstellen Sie Wikis mit dem gewissen Etwas\" class=\"wp-image-35145\" style=\"width:150px\"\/><\/figure>\n\n\n\n<h3 class=\"wp-block-heading has-text-align-center\">Cr\u00e9ez de beaux wikis<\/h3>\n\n\n\n<p class=\"has-text-align-center\">Ajoutez des images, des \u00e9l\u00e9ments int\u00e9gr\u00e9s, des extraits de code, des projets, des items, et bien plus. Utilisez le HTML ou des d\u00e9marqueurs pour une publication rapide et pr\u00e9cise.<\/p>\n<\/div>\n\n\n\n<div class=\"wp-block-group is-style-da-box-shadow has-global-padding is-layout-constrained wp-container-core-group-is-layout-81115059 wp-block-group-is-layout-constrained\" style=\"border-radius:20px;padding-top:25px;padding-right:25px;padding-bottom:25px;padding-left:25px\">\n<figure class=\"wp-block-image aligncenter size-full is-resized\"><img loading=\"lazy\" decoding=\"async\" width=\"150\" height=\"150\" src=\"https:\/\/zenkit.com\/wp-content\/uploads\/2019\/12\/collaborate-with-your-team-2-1.png\" alt=\"Ein Wiki f\u00fcr Ihr Team\" class=\"wp-image-35155\" style=\"width:150px\"\/><\/figure>\n\n\n\n<h3 class=\"wp-block-heading has-text-align-center\">Collaborez avec votre \u00e9quipe<\/h3>\n\n\n\n<p class=\"has-text-align-center\">Invitez les membres de votre \u00e9quipe \u00e0 collaborer avec vous en temps r\u00e9el. D\u00e9finissez des droits d&rsquo;acc\u00e8s pour contr\u00f4ler exactement dans quelle mesure une personne peut modifier le contenu.<\/p>\n<\/div>\n\n\n\n<div class=\"wp-block-group is-style-da-box-shadow has-global-padding is-layout-constrained wp-container-core-group-is-layout-81115059 wp-block-group-is-layout-constrained\" style=\"border-radius:20px;padding-top:25px;padding-right:25px;padding-bottom:25px;padding-left:25px\">\n<figure class=\"wp-block-image aligncenter size-full is-resized\"><img loading=\"lazy\" decoding=\"async\" width=\"150\" height=\"150\" src=\"https:\/\/zenkit.com\/wp-content\/uploads\/2019\/12\/find-anything-in-moments-2.png\" alt=\"\u00dcbersichtlichkeit ist Trumpf\" class=\"wp-image-35105\" style=\"width:150px\"\/><\/figure>\n\n\n\n<h3 class=\"wp-block-heading has-text-align-center\">Trouvez ce que vous voulez en un instant<\/h3>\n\n\n\n<p class=\"has-text-align-center\">Utilisez les puissants filtres de Zenkit pour permettre aux lecteurs de trouver n\u2019importe quel article du wiki en un instant. Filtrer par \u00e9tiquette, sujet, date de publication, auteur et plus encore !<\/p>\n<\/div>\n\n\n\n<div class=\"wp-block-group is-style-da-box-shadow has-global-padding is-layout-constrained wp-container-core-group-is-layout-81115059 wp-block-group-is-layout-constrained\" style=\"border-radius:20px;padding-top:25px;padding-right:25px;padding-bottom:25px;padding-left:25px\">\n<figure class=\"wp-block-image aligncenter size-full is-resized\"><img loading=\"lazy\" decoding=\"async\" width=\"150\" height=\"150\" src=\"https:\/\/zenkit.com\/wp-content\/uploads\/2019\/12\/work-in-any-view-2.png\" alt=\"Flexibel dank verschiedener Zenkit Ansichten\" class=\"wp-image-35115\" style=\"width:150px\"\/><\/figure>\n\n\n\n<h3 class=\"wp-block-heading has-text-align-center\">Travaillez avec n\u2019importe quel affichage<\/h3>\n\n\n\n<p class=\"has-text-align-center\">Utilisez une carte mentale pour obtenir une vue d\u2019ensemble de votre wiki, changez facilement la structure du wiki, suivez la progression d\u2019un article gr\u00e2ce au Kanban, d\u00e9finissez des dates de publications dans le calendrier, et plus encore.<\/p>\n<\/div>\n\n\n\n<div class=\"wp-block-group is-style-da-box-shadow has-global-padding is-layout-constrained wp-container-core-group-is-layout-81115059 wp-block-group-is-layout-constrained\" style=\"border-radius:20px;padding-top:25px;padding-right:25px;padding-bottom:25px;padding-left:25px\">\n<figure class=\"wp-block-image aligncenter size-full is-resized\"><img loading=\"lazy\" decoding=\"async\" width=\"150\" height=\"150\" src=\"https:\/\/zenkit.com\/wp-content\/uploads\/2019\/12\/an-easy-to-use-diy-solution-2.png\" alt=\"Eine unkomplizierte DIY L\u00f6sung\" class=\"wp-image-35125\" style=\"width:150px\"\/><\/figure>\n\n\n\n<h3 class=\"wp-block-heading has-text-align-center\">Une solution facile \u00e0 utiliser, \u00e0 faire soi-m\u00eame<\/h3>\n\n\n\n<p class=\"has-text-align-center\">Pas besoin d&rsquo;expertise en codage ou de permissions sp\u00e9ciales. Utilisez une structure int\u00e9gr\u00e9e et modifiable bas\u00e9e sur les \u00e9tiquettes, la hi\u00e9rarchie et les champs membres existants.<\/p>\n<\/div>\n<\/div>\n<\/div>\n\n\n\n<div style=\"height:88px;--tablet-height:72px;--mobile-height:40px\" class=\"wp-block-lookeen-blocks-responsive-spacer\"><\/div>\n\n\n\n<div class=\"wp-block-group has-global-padding is-layout-constrained wp-block-group-is-layout-constrained\">\n<h2 class=\"wp-block-heading has-text-align-center\">Pourquoi cr\u00e9er un wiki interne ?<\/h2>\n\n\n\n<p class=\"has-text-align-center\">Les wikis internes (ou wikis d\u2019\u00e9quipe) peuvent \u00eatre un moyen extr\u00eamement utile pour collecter, collaborer, conserver et distribuer les connaissances de l\u2019entreprise. Partagez la documentation interne, qu\u2019il s\u2019agisse des politiques et processus de l\u2019entreprise, de projets, de produits, de listes de contr\u00f4le, etc. Que vous l\u2019utilisiez comme un tableau d\u2019affichage ou une base de connaissances g\u00e9n\u00e9rales, les wikis peuvent aider tout le monde, les nouveaux employ\u00e9s comme les anciens, \u00e0 mieux comprendre et \u00e0 s\u2019engager dans une organisation. Voici comment les wikis peuvent vous aider :<\/p>\n\n\n\n<div style=\"height:48px;--tablet-height:36px;--mobile-height:24px\" class=\"wp-block-lookeen-blocks-responsive-spacer\"><\/div>\n\n\n\n<div class=\"wp-block-group three-column-grid has-global-padding is-layout-constrained wp-block-group-is-layout-constrained\">\n<div class=\"wp-block-group is-style-da-box-shadow has-global-padding is-layout-constrained wp-container-core-group-is-layout-edcd9cee wp-block-group-is-layout-constrained\" style=\"border-radius:20px;padding-top:30px;padding-right:30px;padding-bottom:30px;padding-left:30px\">\n<h3 class=\"wp-block-heading has-text-align-center\">Int\u00e9grez les nouveaux membres de l\u2019\u00e9quipe<\/h3>\n<\/div>\n\n\n\n<div class=\"wp-block-group is-style-da-box-shadow has-global-padding is-layout-constrained wp-container-core-group-is-layout-edcd9cee wp-block-group-is-layout-constrained\" style=\"border-radius:20px;padding-top:30px;padding-right:30px;padding-bottom:30px;padding-left:30px\">\n<h3 class=\"wp-block-heading has-text-align-center\">Collectez et conservez les connaissances des employ\u00e9s de longue date<\/h3>\n<\/div>\n\n\n\n<div class=\"wp-block-group is-style-da-box-shadow has-global-padding is-layout-constrained wp-container-core-group-is-layout-edcd9cee wp-block-group-is-layout-constrained\" style=\"border-radius:20px;padding-top:30px;padding-right:30px;padding-bottom:30px;padding-left:30px\">\n<h3 class=\"wp-block-heading has-text-align-center\">Distribuez les politiques de l\u2019entreprise<\/h3>\n<\/div>\n\n\n\n<div class=\"wp-block-group is-style-da-box-shadow has-global-padding is-layout-constrained wp-container-core-group-is-layout-edcd9cee wp-block-group-is-layout-constrained\" style=\"border-radius:20px;padding-top:30px;padding-right:30px;padding-bottom:30px;padding-left:30px\">\n<h3 class=\"wp-block-heading has-text-align-center\">Am\u00e9liorez les communications internes<\/h3>\n<\/div>\n\n\n\n<div class=\"wp-block-group is-style-da-box-shadow has-global-padding is-layout-constrained wp-container-core-group-is-layout-edcd9cee wp-block-group-is-layout-constrained\" style=\"border-radius:20px;padding-top:30px;padding-right:30px;padding-bottom:30px;padding-left:30px\">\n<h3 class=\"wp-block-heading has-text-align-center\">Partagez les directives d\u2019une marques et les mat\u00e9riau de conception<\/h3>\n<\/div>\n\n\n\n<div class=\"wp-block-group is-style-da-box-shadow has-global-padding is-layout-constrained wp-container-core-group-is-layout-edcd9cee wp-block-group-is-layout-constrained\" style=\"border-radius:20px;padding-top:30px;padding-right:30px;padding-bottom:30px;padding-left:30px\">\n<h3 class=\"wp-block-heading has-text-align-center\">Publiez des guides pratiques et des documents de formation<\/h3>\n<\/div>\n\n\n\n<div class=\"wp-block-group is-style-da-box-shadow has-global-padding is-layout-constrained wp-container-core-group-is-layout-edcd9cee wp-block-group-is-layout-constrained\" style=\"border-radius:20px;padding-top:30px;padding-right:30px;padding-bottom:30px;padding-left:30px\">\n<h3 class=\"wp-block-heading has-text-align-center\">Cr\u00e9ez un tableau d\u2019affichage pour l\u2019entreprise<\/h3>\n<\/div>\n\n\n\n<div class=\"wp-block-group is-style-da-box-shadow has-global-padding is-layout-constrained wp-container-core-group-is-layout-edcd9cee wp-block-group-is-layout-constrained\" style=\"border-radius:20px;padding-top:30px;padding-right:30px;padding-bottom:30px;padding-left:30px\">\n<h3 class=\"wp-block-heading has-text-align-center\">Et plus encore !<\/h3>\n<\/div>\n<\/div>\n\n\n\n<div style=\"height:88px;--tablet-height:72px;--mobile-height:40px\" class=\"wp-block-lookeen-blocks-responsive-spacer\"><\/div>\n<\/div>\n\n\n\n<div class=\"wp-block-group has-da-blue-light-background-color has-background has-global-padding is-layout-constrained wp-container-core-group-is-layout-7cc94c3e wp-block-group-is-layout-constrained\">\n<div style=\"height:88px;--tablet-height:72px;--mobile-height:40px\" class=\"wp-block-lookeen-blocks-responsive-spacer\"><\/div>\n\n\n\n<div class=\"wp-block-group has-global-padding is-layout-constrained wp-block-group-is-layout-constrained\">\n<h2 class=\"wp-block-heading has-text-align-center\" style=\"margin-bottom:8px;font-style:normal;font-weight:700\">Commencez d\u00e8s maintenant !<\/h2>\n\n\n\n<p class=\"has-text-align-center has-da-grey-2-color has-text-color has-link-color wp-elements-45e7fdc3c0b4bb0e8d56d0669929dd71\">Cr\u00e9ez un compte Zenkit gratuit et commencez votre wiki d\u00e8s maintenant.<\/p>\n<\/div>\n\n\n\n<div style=\"height:48px;--tablet-height:36px;--mobile-height:24px\" class=\"wp-block-lookeen-blocks-responsive-spacer\"><\/div>\n\n\n\n<div class=\"wp-block-buttons is-content-justification-center is-layout-flex wp-container-core-buttons-is-layout-f78c5dac wp-block-buttons-is-layout-flex\" style=\"margin-top:0px;margin-bottom:0px\">\n<div class=\"wp-block-button\"><a class=\"wp-block-button__link wp-element-button\" href=\"https:\/\/app.zenkit.com\/register\/fr\">Cr\u00e9er mon Wiki<\/a><\/div>\n<\/div>\n\n\n\n<div style=\"height:88px;--tablet-height:72px;--mobile-height:40px\" class=\"wp-block-lookeen-blocks-responsive-spacer\"><\/div>\n<\/div>\n\n\n\n<div class=\"wp-block-group has-global-padding is-layout-constrained wp-container-core-group-is-layout-7cc94c3e wp-block-group-is-layout-constrained\">\n<div style=\"height:88px;--tablet-height:72px;--mobile-height:40px\" class=\"wp-block-lookeen-blocks-responsive-spacer\"><\/div>\n\n\n\n<div class=\"wp-block-group has-global-padding is-layout-constrained wp-block-group-is-layout-constrained\">\n<p class=\"has-text-align-center\">Quel que soit l\u2019usage que vous pr\u00e9voyez d\u2019en faire, Zenkit constitue le point de d\u00e9part id\u00e9al pour tout type de wiki.<\/p>\n\n\n\n<p class=\"has-text-align-center has-da-grey-2-color has-text-color has-link-color wp-elements-bb8ac55314748d7bf19d2d31aaab2d4b\"><a href=\"https:\/\/zenkit.com\/documentation#\/lists\/HJQBQ1Hw\/sections\/ByG-c9G0\/entries\/1z7lfd1Q1?_k=cfohg6\"><a href=\"https:\/\/zenkit.com\/documentation#\/lists\/HJQBQ1Hw\/sections\/ByG-c9G0\/entries\/1z7lfd1Q1?_k=cfohg6\">En savoir plus \u00e0 propos des affichages Wiki de Zenkit<\/a><\/a><\/p>\n<\/div>\n\n\n\n<div style=\"height:48px;--tablet-height:36px;--mobile-height:24px\" class=\"wp-block-lookeen-blocks-responsive-spacer\"><\/div>\n\n\n\n<div class=\"wp-block-group is-style-da-box-shadow has-global-padding is-layout-constrained wp-container-core-group-is-layout-2d0b482a wp-block-group-is-layout-constrained has-background\" style=\"border-radius:20px;padding-top:40px;padding-right:25px;padding-bottom:40px;padding-left:25px;background-image:url(&#039;https:\/\/zenkit.com\/wp-content\/uploads\/2025\/09\/bg-suite-left.svg&#039;);background-size:cover;\">\n<h2 class=\"wp-block-heading has-text-align-center\">Utilisez Zenkit sur votre lieu de travail<\/h2>\n\n\n\n<p class=\"has-text-align-center\">Utilisez Zenkit dans votre navigateur ou t\u00e9l\u00e9chargez nos applications de mobile ou de bureau.<\/p>\n\n\n\n<figure class=\"wp-block-image aligncenter size-full\"><img loading=\"lazy\" decoding=\"async\" width=\"636\" height=\"110\" src=\"https:\/\/zenkit.com\/wp-content\/uploads\/2021\/01\/app-downloads-1.png\" alt=\"\" class=\"wp-image-55591\" srcset=\"https:\/\/zenkit.com\/wp-content\/uploads\/2021\/01\/app-downloads-1.png 636w, https:\/\/zenkit.com\/wp-content\/uploads\/2021\/01\/app-downloads-1-300x52.png 300w\" sizes=\"auto, (max-width: 636px) 100vw, 636px\" \/><\/figure>\n\n\n\n<div style=\"height:48px;--tablet-height:36px;--mobile-height:24px\" class=\"wp-block-lookeen-blocks-responsive-spacer\"><\/div>\n\n\n\n<p class=\"has-text-align-center\"><a href=\"https:\/\/zenkit.com\/projects\/platforms\/\"><a href=\"https:\/\/zenkit.com\/fr\/projects\/plateformes\/\">Obtenez l\u2019application Zenkit<\/a><\/a><\/p>\n<\/div>\n<\/div>\n\n\n\n<div class=\"wp-block-group has-global-padding is-layout-constrained wp-container-core-group-is-layout-7cc94c3e wp-block-group-is-layout-constrained\">\n<div style=\"height:88px;--tablet-height:72px;--mobile-height:40px\" class=\"wp-block-lookeen-blocks-responsive-spacer\"><\/div>\n<\/div>\n\n\n\n<div style=\"height:110px;--tablet-height:60px;--mobile-height:48px\" class=\"wp-block-lookeen-blocks-responsive-spacer\"><\/div>\n","protected":false},"excerpt":{"rendered":"<p>Affichage Wiki Un wiki riche en fonctionnalit\u00e9s et collaboratif pour les \u00e9quipes et les entreprises L\u2019affichage wiki de Zenkit vous permet de cr\u00e9er et de publier rapidement et intuitivement de belles pages wiki riches en contenu. Utilisez Zenkit comme syst\u00e8me de gestion de contenu pour cr\u00e9er un wiki d\u2019\u00e9quipe interne, ou pour publier votre propre [&hellip;]<\/p>\n","protected":false},"author":30,"featured_media":0,"parent":68133,"menu_order":2,"comment_status":"closed","ping_status":"closed","template":"wp-custom-template-fr-page-hypernotes","meta":{"yasr_overall_rating":0,"yasr_post_is_review":"","yasr_auto_insert_disabled":"","yasr_review_type":"","footnotes":""},"class_list":["post-72493","page","type-page","status-publish","hentry"],"yoast_head":"<!-- This site is optimized with the Yoast SEO plugin v27.3 - https:\/\/yoast.com\/product\/yoast-seo-wordpress\/ -->\n<title>Publish a Team Wiki | Zenkit<\/title>\n<meta name=\"description\" content=\"Use Zenkit&#039;s wiki view to create a beautiful, flexible wiki in minutes. Quickly create and publish a team wiki, public page, and more!\" \/>\n<meta name=\"robots\" content=\"index, follow, max-snippet:-1, max-image-preview:large, max-video-preview:-1\" \/>\n<link rel=\"canonical\" href=\"https:\/\/zenkit.com\/fr\/hypernotes\/solutions\/team-wiki\/\" \/>\n<meta property=\"og:locale\" content=\"fr_FR\" \/>\n<meta property=\"og:type\" content=\"article\" \/>\n<meta property=\"og:title\" content=\"Publish a Team Wiki | Zenkit\" \/>\n<meta property=\"og:description\" content=\"Use Zenkit&#039;s wiki view to create a beautiful, flexible wiki in minutes. Quickly create and publish a team wiki, public page, and more!\" \/>\n<meta property=\"og:url\" content=\"https:\/\/zenkit.com\/fr\/hypernotes\/solutions\/team-wiki\/\" \/>\n<meta property=\"og:site_name\" content=\"Zenkit\" \/>\n<meta property=\"article:publisher\" content=\"https:\/\/www.facebook.com\/ZenkitHQ\" \/>\n<meta property=\"article:modified_time\" content=\"2025-11-03T07:13:15+00:00\" \/>\n<meta property=\"og:image\" content=\"https:\/\/zenkit.com\/wp-content\/uploads\/2019\/12\/everything-in-one-place-2.png\" \/>\n\t<meta property=\"og:image:width\" content=\"150\" \/>\n\t<meta property=\"og:image:height\" content=\"150\" \/>\n\t<meta property=\"og:image:type\" content=\"image\/png\" \/>\n<meta name=\"twitter:card\" content=\"summary_large_image\" \/>\n<meta name=\"twitter:site\" content=\"@ZenkitHQ\" \/>\n<script type=\"application\/ld+json\" class=\"yoast-schema-graph\">{\"@context\":\"https:\\\/\\\/schema.org\",\"@graph\":[{\"@type\":\"WebPage\",\"@id\":\"https:\\\/\\\/zenkit.com\\\/fr\\\/hypernotes\\\/solutions\\\/team-wiki\\\/\",\"url\":\"https:\\\/\\\/zenkit.com\\\/fr\\\/hypernotes\\\/solutions\\\/team-wiki\\\/\",\"name\":\"Publish a Team Wiki | Zenkit\",\"isPartOf\":{\"@id\":\"https:\\\/\\\/zenkit.com\\\/fr\\\/#website\"},\"primaryImageOfPage\":{\"@id\":\"https:\\\/\\\/zenkit.com\\\/fr\\\/hypernotes\\\/solutions\\\/team-wiki\\\/#primaryimage\"},\"image\":{\"@id\":\"https:\\\/\\\/zenkit.com\\\/fr\\\/hypernotes\\\/solutions\\\/team-wiki\\\/#primaryimage\"},\"thumbnailUrl\":\"https:\\\/\\\/zenkit.com\\\/wp-content\\\/uploads\\\/2019\\\/12\\\/everything-in-one-place-2.png\",\"datePublished\":\"2019-12-17T14:12:53+00:00\",\"dateModified\":\"2025-11-03T07:13:15+00:00\",\"description\":\"Use Zenkit's wiki view to create a beautiful, flexible wiki in minutes. Quickly create and publish a team wiki, public page, and more!\",\"breadcrumb\":{\"@id\":\"https:\\\/\\\/zenkit.com\\\/fr\\\/hypernotes\\\/solutions\\\/team-wiki\\\/#breadcrumb\"},\"inLanguage\":\"fr-FR\",\"potentialAction\":[{\"@type\":\"ReadAction\",\"target\":[\"https:\\\/\\\/zenkit.com\\\/fr\\\/hypernotes\\\/solutions\\\/team-wiki\\\/\"]}]},{\"@type\":\"ImageObject\",\"inLanguage\":\"fr-FR\",\"@id\":\"https:\\\/\\\/zenkit.com\\\/fr\\\/hypernotes\\\/solutions\\\/team-wiki\\\/#primaryimage\",\"url\":\"https:\\\/\\\/zenkit.com\\\/wp-content\\\/uploads\\\/2019\\\/12\\\/everything-in-one-place-2.png\",\"contentUrl\":\"https:\\\/\\\/zenkit.com\\\/wp-content\\\/uploads\\\/2019\\\/12\\\/everything-in-one-place-2.png\"},{\"@type\":\"BreadcrumbList\",\"@id\":\"https:\\\/\\\/zenkit.com\\\/fr\\\/hypernotes\\\/solutions\\\/team-wiki\\\/#breadcrumb\",\"itemListElement\":[{\"@type\":\"ListItem\",\"position\":1,\"name\":\"Home\",\"item\":\"https:\\\/\\\/zenkit.com\\\/fr\\\/\"},{\"@type\":\"ListItem\",\"position\":2,\"name\":\"Zenkit Hypernotes\",\"item\":\"https:\\\/\\\/zenkit.com\\\/fr\\\/hypernotes\\\/\"},{\"@type\":\"ListItem\",\"position\":3,\"name\":\"Solutions\",\"item\":\"https:\\\/\\\/zenkit.com\\\/fr\\\/hypernotes\\\/solutions\\\/\"},{\"@type\":\"ListItem\",\"position\":4,\"name\":\"Publish a Team Wiki\"}]},{\"@type\":\"WebSite\",\"@id\":\"https:\\\/\\\/zenkit.com\\\/fr\\\/#website\",\"url\":\"https:\\\/\\\/zenkit.com\\\/fr\\\/\",\"name\":\"Zenkit\",\"description\":\"Zenkit Tagline\",\"potentialAction\":[{\"@type\":\"SearchAction\",\"target\":{\"@type\":\"EntryPoint\",\"urlTemplate\":\"https:\\\/\\\/zenkit.com\\\/fr\\\/?s={search_term_string}\"},\"query-input\":{\"@type\":\"PropertyValueSpecification\",\"valueRequired\":true,\"valueName\":\"search_term_string\"}}],\"inLanguage\":\"fr-FR\"},false]}<\/script>\n<!-- \/ Yoast SEO plugin. -->","yoast_head_json":{"title":"Publish a Team Wiki | Zenkit","description":"Use Zenkit's wiki view to create a beautiful, flexible wiki in minutes. Quickly create and publish a team wiki, public page, and more!","robots":{"index":"index","follow":"follow","max-snippet":"max-snippet:-1","max-image-preview":"max-image-preview:large","max-video-preview":"max-video-preview:-1"},"canonical":"https:\/\/zenkit.com\/fr\/hypernotes\/solutions\/team-wiki\/","og_locale":"fr_FR","og_type":"article","og_title":"Publish a Team Wiki | Zenkit","og_description":"Use Zenkit's wiki view to create a beautiful, flexible wiki in minutes. Quickly create and publish a team wiki, public page, and more!","og_url":"https:\/\/zenkit.com\/fr\/hypernotes\/solutions\/team-wiki\/","og_site_name":"Zenkit","article_publisher":"https:\/\/www.facebook.com\/ZenkitHQ","article_modified_time":"2025-11-03T07:13:15+00:00","og_image":[{"width":150,"height":150,"url":"https:\/\/zenkit.com\/wp-content\/uploads\/2019\/12\/everything-in-one-place-2.png","type":"image\/png"}],"twitter_card":"summary_large_image","twitter_site":"@ZenkitHQ","schema":{"@context":"https:\/\/schema.org","@graph":[{"@type":"WebPage","@id":"https:\/\/zenkit.com\/fr\/hypernotes\/solutions\/team-wiki\/","url":"https:\/\/zenkit.com\/fr\/hypernotes\/solutions\/team-wiki\/","name":"Publish a Team Wiki | Zenkit","isPartOf":{"@id":"https:\/\/zenkit.com\/fr\/#website"},"primaryImageOfPage":{"@id":"https:\/\/zenkit.com\/fr\/hypernotes\/solutions\/team-wiki\/#primaryimage"},"image":{"@id":"https:\/\/zenkit.com\/fr\/hypernotes\/solutions\/team-wiki\/#primaryimage"},"thumbnailUrl":"https:\/\/zenkit.com\/wp-content\/uploads\/2019\/12\/everything-in-one-place-2.png","datePublished":"2019-12-17T14:12:53+00:00","dateModified":"2025-11-03T07:13:15+00:00","description":"Use Zenkit's wiki view to create a beautiful, flexible wiki in minutes. Quickly create and publish a team wiki, public page, and more!","breadcrumb":{"@id":"https:\/\/zenkit.com\/fr\/hypernotes\/solutions\/team-wiki\/#breadcrumb"},"inLanguage":"fr-FR","potentialAction":[{"@type":"ReadAction","target":["https:\/\/zenkit.com\/fr\/hypernotes\/solutions\/team-wiki\/"]}]},{"@type":"ImageObject","inLanguage":"fr-FR","@id":"https:\/\/zenkit.com\/fr\/hypernotes\/solutions\/team-wiki\/#primaryimage","url":"https:\/\/zenkit.com\/wp-content\/uploads\/2019\/12\/everything-in-one-place-2.png","contentUrl":"https:\/\/zenkit.com\/wp-content\/uploads\/2019\/12\/everything-in-one-place-2.png"},{"@type":"BreadcrumbList","@id":"https:\/\/zenkit.com\/fr\/hypernotes\/solutions\/team-wiki\/#breadcrumb","itemListElement":[{"@type":"ListItem","position":1,"name":"Home","item":"https:\/\/zenkit.com\/fr\/"},{"@type":"ListItem","position":2,"name":"Zenkit Hypernotes","item":"https:\/\/zenkit.com\/fr\/hypernotes\/"},{"@type":"ListItem","position":3,"name":"Solutions","item":"https:\/\/zenkit.com\/fr\/hypernotes\/solutions\/"},{"@type":"ListItem","position":4,"name":"Publish a Team Wiki"}]},{"@type":"WebSite","@id":"https:\/\/zenkit.com\/fr\/#website","url":"https:\/\/zenkit.com\/fr\/","name":"Zenkit","description":"Zenkit Tagline","potentialAction":[{"@type":"SearchAction","target":{"@type":"EntryPoint","urlTemplate":"https:\/\/zenkit.com\/fr\/?s={search_term_string}"},"query-input":{"@type":"PropertyValueSpecification","valueRequired":true,"valueName":"search_term_string"}}],"inLanguage":"fr-FR"},false]}},"yasr_visitor_votes":{"stars_attributes":{"read_only":false,"span_bottom":false},"number_of_votes":0,"sum_votes":0},"_links":{"self":[{"href":"https:\/\/zenkit.com\/fr\/wp-json\/wp\/v2\/pages\/72493","targetHints":{"allow":["GET"]}}],"collection":[{"href":"https:\/\/zenkit.com\/fr\/wp-json\/wp\/v2\/pages"}],"about":[{"href":"https:\/\/zenkit.com\/fr\/wp-json\/wp\/v2\/types\/page"}],"author":[{"embeddable":true,"href":"https:\/\/zenkit.com\/fr\/wp-json\/wp\/v2\/users\/30"}],"replies":[{"embeddable":true,"href":"https:\/\/zenkit.com\/fr\/wp-json\/wp\/v2\/comments?post=72493"}],"version-history":[{"count":1,"href":"https:\/\/zenkit.com\/fr\/wp-json\/wp\/v2\/pages\/72493\/revisions"}],"predecessor-version":[{"id":139627,"href":"https:\/\/zenkit.com\/fr\/wp-json\/wp\/v2\/pages\/72493\/revisions\/139627"}],"up":[{"embeddable":true,"href":"https:\/\/zenkit.com\/fr\/wp-json\/wp\/v2\/pages\/68133"}],"wp:attachment":[{"href":"https:\/\/zenkit.com\/fr\/wp-json\/wp\/v2\/media?parent=72493"}],"curies":[{"name":"wp","href":"https:\/\/api.w.org\/{rel}","templated":true}]}}